{"id":70167,"date":"2026-01-13T10:25:38","date_gmt":"2026-01-13T08:25:38","guid":{"rendered":"https:\/\/www.waterskis.lv\/product\/jobe-boston-2mm-shorty-wetsuit-kids-teal\/"},"modified":"2026-02-07T16:30:12","modified_gmt":"2026-02-07T14:30:12","slug":"jobe-boston-2mm-shorty-wetsuit-kids-teal","status":"publish","type":"product","link":"https:\/\/www.waterskis.lv\/en\/product\/jobe-boston-2mm-shorty-wetsuit-kids-teal\/","title":{"rendered":"Jobe Boston 2mm Shorty Wetsuit Kids Teal"},"content":{"rendered":"<h1 class=\"productTitle s-hide\">Jobe Boston 2mm Shorty Wetsuit Kids Teal<\/h1>\n<p class=\"productTitle s-hide\">Jobe Boston 2mm Shorty Wetsuit Kids Teal<\/p>\n<div class=\"paragraph mt10 col-12\"><span class=\"s-hide\">Product ID\u00a0303621008<\/span><\/div>\n<div><\/div>\n<div>\n<h2 class=\"title-3 fs25 mt20 mb20 boldTitleFont grey uppercase np\">Specifications<\/h2>\n<div class=\"col-12 paragraph\">The Jobe Boston 2mm Shorty Wetsuit Kids Teal packs some serious heat! Literally! This full stretch neoprene shorty is loaded with comfort enhancing tech to keep summer rolling all year long. With features like durable flatlock seams, and a back zipper for easy entry, you may never be this comfortable on the water again. The Boston 2MM comes in 4 awesome colors; Red, Blue, Hot Pink, and Teal.<\/div>\n<div><\/div>\n<div class=\"col-12 mt30 mb20\">\n<div class=\"col-12 \"><\/div>\n<\/div>\n<div class=\"col-12 paragraph mt20\">\n<ul class=\"autoColumn checkListSmall blackCheck\">\n<li>CE certified<\/li>\n<li><a href=\"https:\/\/www.jobesports.com\/en\/newsflash\/the-benefits-of-limestone-neoprene-2872\/\" target=\"_blank\" rel=\"noopener\">Made of 50% based limestone neoprene<\/a><\/li>\n<li>2 mm full stretch neoprene<\/li>\n<li>Back zipper for fast entry<\/li>\n<li>Durable flatlock seams<\/li>\n<li>Strengthening tape inside<\/li>\n<li>Unisex fit<\/li>\n<\/ul>\n<\/div>\n<p><span class=\"boldTitleFont uppercase blackColor fs30 mt10 col-12\">Kids Wetsuits<\/span><\/p>\n<div class=\"col-12 mb10\">\n<div class=\"col-6\">\n<div class=\"image\"><img decoding=\"async\" class=\"\" src=\"https:\/\/www.jobesports.com\/uploads\/base\/size_guide\/kids-wetsuits-1603283459.jpg\" alt=\"Size table\" width=\"452\" height=\"719\" \/><\/div>\n<\/div>\n<div class=\"col-6 col-padding-left\"><span class=\"boldTitleFont uppercase blackColor fs18 col-12\">How to measure<\/span>1. Place the tape under your arms. Measure the chest at the widest part.<br \/>\n2. Measure around the narrowest part of your waist.<br \/>\n3. Measure around the widest part of your hips.<br \/>\n4. Measure from head to toe.<\/div>\n<\/div>\n<\/div>\n<div><\/div>\n<div>\n<p><span class=\"boldTitleFont uppercase blackColor fs20\">Size table<\/span><\/p>\n<div class=\"switch\"><label class=\"switch-label switch-label-off\" tabindex=\"0\" for=\"view_cm\">CM<\/label><label class=\"switch-label switch-label-on\" tabindex=\"0\" for=\"view_inch\">Inch<\/label><\/div>\n<table class=\"size_guide\">\n<thead>\n<tr>\n<th>Size\u00a0<span class=\"sg_cm\">(CM)<\/span><\/th>\n<th>UK Size\u00a0<span class=\"sg_cm\">(CM)<\/span><\/th>\n<th>Chest\u00a0<span class=\"sg_cm\">(CM)<\/span><\/th>\n<th>Waist\u00a0<span class=\"sg_cm\">(CM)<\/span><\/th>\n<th>Hip\u00a0<span class=\"sg_cm\">(CM)<\/span><\/th>\n<th>Length in cm<\/th>\n<th>Length in inches<\/th>\n<\/tr>\n<\/thead>\n<tbody>\n<tr>\n<td><span class=\"sg_cm\">104<\/span><\/td>\n<td><span class=\"sg_cm\">4<\/span><\/td>\n<td><span class=\"sg_cm\">54-57<\/span><\/td>\n<td><span class=\"sg_cm\">48-52<\/span><\/td>\n<td><span class=\"sg_cm\">49-55<\/span><\/td>\n<td>\u2264 104<\/td>\n<td>40.9<\/td>\n<\/tr>\n<tr>\n<td><span class=\"sg_cm\">116<\/span><\/td>\n<td><span class=\"sg_cm\">6<\/span><\/td>\n<td><span class=\"sg_cm\">57-60<\/span><\/td>\n<td><span class=\"sg_cm\">52-56<\/span><\/td>\n<td><span class=\"sg_cm\">55-61<\/span><\/td>\n<td>\u2264 116<\/td>\n<td>45.7<\/td>\n<\/tr>\n<tr>\n<td><span class=\"sg_cm\">128<\/span><\/td>\n<td><span class=\"sg_cm\">8<\/span><\/td>\n<td><span class=\"sg_cm\">60-64<\/span><\/td>\n<td><span class=\"sg_cm\">56-59<\/span><\/td>\n<td><span class=\"sg_cm\">61-67<\/span><\/td>\n<td>\u2264 128<\/td>\n<td>50.4<\/td>\n<\/tr>\n<tr>\n<td><span class=\"sg_cm\">140<\/span><\/td>\n<td><span class=\"sg_cm\">10<\/span><\/td>\n<td><span class=\"sg_cm\">64-69<\/span><\/td>\n<td><span class=\"sg_cm\">59-64<\/span><\/td>\n<td><span class=\"sg_cm\">64-73<\/span><\/td>\n<td>\u2264 140<\/td>\n<td>55.1<\/td>\n<\/tr>\n<tr>\n<td><span class=\"sg_cm\">152<\/span><\/td>\n<td><span class=\"sg_cm\">12<\/span><\/td>\n<td><span class=\"sg_cm\">69-76<\/span><\/td>\n<td><span class=\"sg_cm\">64-69<\/span><\/td>\n<td><span class=\"sg_cm\">73-79<\/span><\/td>\n<td>\u2264 152<\/td>\n<td>59.8<\/td>\n<\/tr>\n<tr>\n<td><span class=\"sg_cm\">164<\/span><\/td>\n<td><span class=\"sg_cm\">14<\/span><\/td>\n<td><span class=\"sg_cm\">76-82<\/span><\/td>\n<td><span class=\"sg_cm\">69-74<\/span><\/td>\n<td><span class=\"sg_cm\">79-85<\/span><\/td>\n<td>\u2264 164<\/td>\n<td>64.6<\/td>\n<\/tr>\n<tr>\n<td><span class=\"sg_cm\">176<\/span><\/td>\n<td><span class=\"sg_cm\">16<\/span><\/td>\n<td><span class=\"sg_cm\">82-89<\/span><\/td>\n<td><span class=\"sg_cm\">74-78<\/span><\/td>\n<td><span class=\"sg_cm\">85-91<\/span><\/td>\n<td>\u2264 176<\/td>\n<td>69.3<\/td>\n<\/tr>\n<\/tbody>\n<\/table>\n<\/div>\n","protected":false},"excerpt":{"rendered":"<p>Jobe Boston 2mm Shorty Wetsuit Kids Teal Jobe Boston 2mm Shorty Wetsuit Kids Teal Product ID\u00a0303621008 Specifications The Jobe Boston 2mm Shorty Wetsuit Kids Teal packs some serious heat! Literally! This full stretch neoprene shorty is loaded with comfort enhancing tech to keep summer rolling all year long. With features like durable flatlock seams, and [&#8230;]<\/p>\n<p><a class=\"btn btn-secondary understrap-read-more-link\" href=\"https:\/\/www.waterskis.lv\/en\/product\/jobe-boston-2mm-shorty-wetsuit-kids-teal\/\">Read More&#8230;<\/a><\/p>\n","protected":false},"featured_media":70168,"comment_status":"closed","ping_status":"closed","template":"","meta":{"_acf_changed":false,"inline_featured_image":false},"product_brand":[1330],"product_cat":[736,737],"product_tag":[1713,1714,1660,3695,3551,1661,1672,3688,3694],"class_list":{"0":"post-70167","1":"product","2":"type-product","3":"status-publish","4":"has-post-thumbnail","6":"product_brand-jobe-watersports","7":"product_cat-apparel-wetsuits","8":"product_cat-neoprene-apparel","9":"product_tag-bernu-hidroterps","10":"product_tag-bernu-neoprena-hidroterps","11":"product_tag-jobe-neoprena-hidroterps","12":"product_tag-jobe-neoprene-wetsuit","13":"product_tag-jobe-watersports","14":"product_tag-neoprena-hidroterps","15":"product_tag-neoprene-wetsuit","16":"product_tag-3688","17":"product_tag----jobe","19":"first","20":"instock","21":"shipping-taxable","22":"purchasable","23":"product-type-simple"},"acf":[],"yoast_head":"<!-- This site is optimized with the Yoast SEO plugin v27.3 - https:\/\/yoast.com\/product\/yoast-seo-wordpress\/ -->\n<title>Jobe Boston 2mm Shorty Wetsuit Kids Teal - WATERSKIS.LV<\/title>\n<meta name=\"description\" content=\"Jobe Boston 2mm Shorty Wetsuit Kids Teal. This full stretch neoprene shorty is loaded with comfort enhancing tech to keep summer rolling all year long.\" \/>\n<meta name=\"robots\" content=\"index, follow, max-snippet:-1, max-image-preview:large, max-video-preview:-1\" \/>\n<link rel=\"canonical\" href=\"https:\/\/www.waterskis.lv\/en\/product\/jobe-boston-2mm-shorty-wetsuit-kids-teal\/\" \/>\n<meta property=\"og:locale\" content=\"en_US\" \/>\n<meta property=\"og:type\" content=\"article\" \/>\n<meta property=\"og:title\" content=\"Jobe Boston 2mm Shorty Wetsuit Kids Teal - WATERSKIS.LV\" \/>\n<meta property=\"og:description\" content=\"Jobe Boston 2mm Shorty Wetsuit Kids Teal. This full stretch neoprene shorty is loaded with comfort enhancing tech to keep summer rolling all year long.\" \/>\n<meta property=\"og:url\" content=\"https:\/\/www.waterskis.lv\/en\/product\/jobe-boston-2mm-shorty-wetsuit-kids-teal\/\" \/>\n<meta property=\"og:site_name\" content=\"WATERSKIS.LV\" \/>\n<meta property=\"article:publisher\" content=\"https:\/\/www.facebook.com\/jurmalawaterskiwakeboardpark\/\" \/>\n<meta property=\"article:modified_time\" content=\"2026-02-07T14:30:12+00:00\" \/>\n<meta property=\"og:image\" content=\"https:\/\/www.waterskis.lv\/wp-content\/uploads\/2026\/01\/BostonKids.jpg\" \/>\n\t<meta property=\"og:image:width\" content=\"1500\" \/>\n\t<meta property=\"og:image:height\" content=\"1500\" \/>\n\t<meta property=\"og:image:type\" content=\"image\/jpeg\" \/>\n<meta name=\"twitter:card\" content=\"summary_large_image\" \/>\n<meta name=\"twitter:label1\" content=\"Est. reading time\" \/>\n\t<meta name=\"twitter:data1\" content=\"2 minutes\" \/>\n<script type=\"application\/ld+json\" class=\"yoast-schema-graph\">{\"@context\":\"https:\\\/\\\/schema.org\",\"@graph\":[{\"@type\":\"WebPage\",\"@id\":\"https:\\\/\\\/www.waterskis.lv\\\/en\\\/product\\\/jobe-boston-2mm-shorty-wetsuit-kids-teal\\\/\",\"url\":\"https:\\\/\\\/www.waterskis.lv\\\/en\\\/product\\\/jobe-boston-2mm-shorty-wetsuit-kids-teal\\\/\",\"name\":\"Jobe Boston 2mm Shorty Wetsuit Kids Teal - WATERSKIS.LV\",\"isPartOf\":{\"@id\":\"https:\\\/\\\/www.waterskis.lv\\\/en\\\/#website\"},\"primaryImageOfPage\":{\"@id\":\"https:\\\/\\\/www.waterskis.lv\\\/en\\\/product\\\/jobe-boston-2mm-shorty-wetsuit-kids-teal\\\/#primaryimage\"},\"image\":{\"@id\":\"https:\\\/\\\/www.waterskis.lv\\\/en\\\/product\\\/jobe-boston-2mm-shorty-wetsuit-kids-teal\\\/#primaryimage\"},\"thumbnailUrl\":\"https:\\\/\\\/www.waterskis.lv\\\/wp-content\\\/uploads\\\/2026\\\/01\\\/BostonKids.jpg\",\"datePublished\":\"2026-01-13T08:25:38+00:00\",\"dateModified\":\"2026-02-07T14:30:12+00:00\",\"description\":\"Jobe Boston 2mm Shorty Wetsuit Kids Teal. This full stretch neoprene shorty is loaded with comfort enhancing tech to keep summer rolling all year long.\",\"breadcrumb\":{\"@id\":\"https:\\\/\\\/www.waterskis.lv\\\/en\\\/product\\\/jobe-boston-2mm-shorty-wetsuit-kids-teal\\\/#breadcrumb\"},\"inLanguage\":\"en-US\",\"potentialAction\":[{\"@type\":\"ReadAction\",\"target\":[\"https:\\\/\\\/www.waterskis.lv\\\/en\\\/product\\\/jobe-boston-2mm-shorty-wetsuit-kids-teal\\\/\"]}]},{\"@type\":\"ImageObject\",\"inLanguage\":\"en-US\",\"@id\":\"https:\\\/\\\/www.waterskis.lv\\\/en\\\/product\\\/jobe-boston-2mm-shorty-wetsuit-kids-teal\\\/#primaryimage\",\"url\":\"https:\\\/\\\/www.waterskis.lv\\\/wp-content\\\/uploads\\\/2026\\\/01\\\/BostonKids.jpg\",\"contentUrl\":\"https:\\\/\\\/www.waterskis.lv\\\/wp-content\\\/uploads\\\/2026\\\/01\\\/BostonKids.jpg\",\"width\":1500,\"height\":1500,\"caption\":\"Jobe Boston 2mm Shorty Wetsuit Kids Teal\"},{\"@type\":\"BreadcrumbList\",\"@id\":\"https:\\\/\\\/www.waterskis.lv\\\/en\\\/product\\\/jobe-boston-2mm-shorty-wetsuit-kids-teal\\\/#breadcrumb\",\"itemListElement\":[{\"@type\":\"ListItem\",\"position\":1,\"name\":\"Home\",\"item\":\"https:\\\/\\\/www.waterskis.lv\\\/en\\\/\"},{\"@type\":\"ListItem\",\"position\":2,\"name\":\"Shop\",\"item\":\"https:\\\/\\\/waterskis.lv\\\/en\\\/shop\\\/\"},{\"@type\":\"ListItem\",\"position\":3,\"name\":\"Jobe Boston 2mm Shorty Wetsuit Kids Teal\"}]},{\"@type\":\"WebSite\",\"@id\":\"https:\\\/\\\/www.waterskis.lv\\\/en\\\/#website\",\"url\":\"https:\\\/\\\/www.waterskis.lv\\\/en\\\/\",\"name\":\"WATERSKIS.LV\",\"description\":\"SUP d\u0113\u013ci, kajaki, kanoe, airu laivas, \u016bdenssl\u0113po\u0161ana, veikbords, SUP d\u0113\u013cu noma, kajaku nomaakt\u012bv\u0101s atp\u016btas centrs, laivu noma, sup noma, kajaku noma\",\"publisher\":{\"@id\":\"https:\\\/\\\/www.waterskis.lv\\\/en\\\/#organization\"},\"potentialAction\":[{\"@type\":\"SearchAction\",\"target\":{\"@type\":\"EntryPoint\",\"urlTemplate\":\"https:\\\/\\\/www.waterskis.lv\\\/en\\\/?s={search_term_string}\"},\"query-input\":{\"@type\":\"PropertyValueSpecification\",\"valueRequired\":true,\"valueName\":\"search_term_string\"}}],\"inLanguage\":\"en-US\"},{\"@type\":\"Organization\",\"@id\":\"https:\\\/\\\/www.waterskis.lv\\\/en\\\/#organization\",\"name\":\"WATERSKIS.LV\",\"url\":\"https:\\\/\\\/www.waterskis.lv\\\/en\\\/\",\"logo\":{\"@type\":\"ImageObject\",\"inLanguage\":\"en-US\",\"@id\":\"https:\\\/\\\/www.waterskis.lv\\\/en\\\/#\\\/schema\\\/logo\\\/image\\\/\",\"url\":\"https:\\\/\\\/www.waterskis.lv\\\/wp-content\\\/uploads\\\/2025\\\/01\\\/JUVP-logo.png\",\"contentUrl\":\"https:\\\/\\\/www.waterskis.lv\\\/wp-content\\\/uploads\\\/2025\\\/01\\\/JUVP-logo.png\",\"width\":421,\"height\":202,\"caption\":\"WATERSKIS.LV\"},\"image\":{\"@id\":\"https:\\\/\\\/www.waterskis.lv\\\/en\\\/#\\\/schema\\\/logo\\\/image\\\/\"},\"sameAs\":[\"https:\\\/\\\/www.facebook.com\\\/jurmalawaterskiwakeboardpark\\\/\"]}]}<\/script>\n<!-- \/ Yoast SEO plugin. -->","yoast_head_json":{"title":"Jobe Boston 2mm Shorty Wetsuit Kids Teal - WATERSKIS.LV","description":"Jobe Boston 2mm Shorty Wetsuit Kids Teal. This full stretch neoprene shorty is loaded with comfort enhancing tech to keep summer rolling all year long.","robots":{"index":"index","follow":"follow","max-snippet":"max-snippet:-1","max-image-preview":"max-image-preview:large","max-video-preview":"max-video-preview:-1"},"canonical":"https:\/\/www.waterskis.lv\/en\/product\/jobe-boston-2mm-shorty-wetsuit-kids-teal\/","og_locale":"en_US","og_type":"article","og_title":"Jobe Boston 2mm Shorty Wetsuit Kids Teal - WATERSKIS.LV","og_description":"Jobe Boston 2mm Shorty Wetsuit Kids Teal. This full stretch neoprene shorty is loaded with comfort enhancing tech to keep summer rolling all year long.","og_url":"https:\/\/www.waterskis.lv\/en\/product\/jobe-boston-2mm-shorty-wetsuit-kids-teal\/","og_site_name":"WATERSKIS.LV","article_publisher":"https:\/\/www.facebook.com\/jurmalawaterskiwakeboardpark\/","article_modified_time":"2026-02-07T14:30:12+00:00","og_image":[{"width":1500,"height":1500,"url":"https:\/\/www.waterskis.lv\/wp-content\/uploads\/2026\/01\/BostonKids.jpg","type":"image\/jpeg"}],"twitter_card":"summary_large_image","twitter_misc":{"Est. reading time":"2 minutes"},"schema":{"@context":"https:\/\/schema.org","@graph":[{"@type":"WebPage","@id":"https:\/\/www.waterskis.lv\/en\/product\/jobe-boston-2mm-shorty-wetsuit-kids-teal\/","url":"https:\/\/www.waterskis.lv\/en\/product\/jobe-boston-2mm-shorty-wetsuit-kids-teal\/","name":"Jobe Boston 2mm Shorty Wetsuit Kids Teal - WATERSKIS.LV","isPartOf":{"@id":"https:\/\/www.waterskis.lv\/en\/#website"},"primaryImageOfPage":{"@id":"https:\/\/www.waterskis.lv\/en\/product\/jobe-boston-2mm-shorty-wetsuit-kids-teal\/#primaryimage"},"image":{"@id":"https:\/\/www.waterskis.lv\/en\/product\/jobe-boston-2mm-shorty-wetsuit-kids-teal\/#primaryimage"},"thumbnailUrl":"https:\/\/www.waterskis.lv\/wp-content\/uploads\/2026\/01\/BostonKids.jpg","datePublished":"2026-01-13T08:25:38+00:00","dateModified":"2026-02-07T14:30:12+00:00","description":"Jobe Boston 2mm Shorty Wetsuit Kids Teal. This full stretch neoprene shorty is loaded with comfort enhancing tech to keep summer rolling all year long.","breadcrumb":{"@id":"https:\/\/www.waterskis.lv\/en\/product\/jobe-boston-2mm-shorty-wetsuit-kids-teal\/#breadcrumb"},"inLanguage":"en-US","potentialAction":[{"@type":"ReadAction","target":["https:\/\/www.waterskis.lv\/en\/product\/jobe-boston-2mm-shorty-wetsuit-kids-teal\/"]}]},{"@type":"ImageObject","inLanguage":"en-US","@id":"https:\/\/www.waterskis.lv\/en\/product\/jobe-boston-2mm-shorty-wetsuit-kids-teal\/#primaryimage","url":"https:\/\/www.waterskis.lv\/wp-content\/uploads\/2026\/01\/BostonKids.jpg","contentUrl":"https:\/\/www.waterskis.lv\/wp-content\/uploads\/2026\/01\/BostonKids.jpg","width":1500,"height":1500,"caption":"Jobe Boston 2mm Shorty Wetsuit Kids Teal"},{"@type":"BreadcrumbList","@id":"https:\/\/www.waterskis.lv\/en\/product\/jobe-boston-2mm-shorty-wetsuit-kids-teal\/#breadcrumb","itemListElement":[{"@type":"ListItem","position":1,"name":"Home","item":"https:\/\/www.waterskis.lv\/en\/"},{"@type":"ListItem","position":2,"name":"Shop","item":"https:\/\/waterskis.lv\/en\/shop\/"},{"@type":"ListItem","position":3,"name":"Jobe Boston 2mm Shorty Wetsuit Kids Teal"}]},{"@type":"WebSite","@id":"https:\/\/www.waterskis.lv\/en\/#website","url":"https:\/\/www.waterskis.lv\/en\/","name":"WATERSKIS.LV","description":"SUP d\u0113\u013ci, kajaki, kanoe, airu laivas, \u016bdenssl\u0113po\u0161ana, veikbords, SUP d\u0113\u013cu noma, kajaku nomaakt\u012bv\u0101s atp\u016btas centrs, laivu noma, sup noma, kajaku noma","publisher":{"@id":"https:\/\/www.waterskis.lv\/en\/#organization"},"potentialAction":[{"@type":"SearchAction","target":{"@type":"EntryPoint","urlTemplate":"https:\/\/www.waterskis.lv\/en\/?s={search_term_string}"},"query-input":{"@type":"PropertyValueSpecification","valueRequired":true,"valueName":"search_term_string"}}],"inLanguage":"en-US"},{"@type":"Organization","@id":"https:\/\/www.waterskis.lv\/en\/#organization","name":"WATERSKIS.LV","url":"https:\/\/www.waterskis.lv\/en\/","logo":{"@type":"ImageObject","inLanguage":"en-US","@id":"https:\/\/www.waterskis.lv\/en\/#\/schema\/logo\/image\/","url":"https:\/\/www.waterskis.lv\/wp-content\/uploads\/2025\/01\/JUVP-logo.png","contentUrl":"https:\/\/www.waterskis.lv\/wp-content\/uploads\/2025\/01\/JUVP-logo.png","width":421,"height":202,"caption":"WATERSKIS.LV"},"image":{"@id":"https:\/\/www.waterskis.lv\/en\/#\/schema\/logo\/image\/"},"sameAs":["https:\/\/www.facebook.com\/jurmalawaterskiwakeboardpark\/"]}]}},"_links":{"self":[{"href":"https:\/\/www.waterskis.lv\/en\/wp-json\/wp\/v2\/product\/70167","targetHints":{"allow":["GET"]}}],"collection":[{"href":"https:\/\/www.waterskis.lv\/en\/wp-json\/wp\/v2\/product"}],"about":[{"href":"https:\/\/www.waterskis.lv\/en\/wp-json\/wp\/v2\/types\/product"}],"replies":[{"embeddable":true,"href":"https:\/\/www.waterskis.lv\/en\/wp-json\/wp\/v2\/comments?post=70167"}],"wp:featuredmedia":[{"embeddable":true,"href":"https:\/\/www.waterskis.lv\/en\/wp-json\/wp\/v2\/media\/70168"}],"wp:attachment":[{"href":"https:\/\/www.waterskis.lv\/en\/wp-json\/wp\/v2\/media?parent=70167"}],"wp:term":[{"taxonomy":"product_brand","embeddable":true,"href":"https:\/\/www.waterskis.lv\/en\/wp-json\/wp\/v2\/product_brand?post=70167"},{"taxonomy":"product_cat","embeddable":true,"href":"https:\/\/www.waterskis.lv\/en\/wp-json\/wp\/v2\/product_cat?post=70167"},{"taxonomy":"product_tag","embeddable":true,"href":"https:\/\/www.waterskis.lv\/en\/wp-json\/wp\/v2\/product_tag?post=70167"}],"curies":[{"name":"wp","href":"https:\/\/api.w.org\/{rel}","templated":true}]}}