{"id":70214,"date":"2026-01-13T16:47:43","date_gmt":"2026-01-13T14:47:43","guid":{"rendered":"https:\/\/www.waterskis.lv\/product\/jobe-rental-fullsuit-5-3mm\/"},"modified":"2026-02-07T16:04:47","modified_gmt":"2026-02-07T14:04:47","slug":"jobe-rental-fullsuit-5-3mm","status":"publish","type":"product","link":"https:\/\/www.waterskis.lv\/en\/product\/jobe-rental-fullsuit-5-3mm\/","title":{"rendered":"Jobe Rental Fullsuit 5\/3MM"},"content":{"rendered":"<h1 class=\"productTitle s-hide\">Jobe Rental Fullsuit 5\/3MM<\/h1>\n<p class=\"productTitle s-hide\">Jobe Rental Fullsuit 5\/3MM<\/p>\n<div class=\"paragraph mt10 col-12\"><span class=\"s-hide\">Product ID\u00a0443019000<\/span><\/div>\n<div><\/div>\n<div class=\"paragraph mt10 col-12\">\n<h2 class=\"title-3 fs25 mt20 mb20 boldTitleFont grey uppercase np\">Specifications<\/h2>\n<div class=\"col-12 paragraph\">Go quality, not quantity per se. A Jobe wetsuit isn&#8217;t just a wetsuit. All Jobe commercial heavy duty suits are made of high-quality regular flexible neoprene. And more importantly, Jobe wetsuits are the only commercial wetsuits which come with taped-on strong pad neoprene on critical areas. This means they can be used over and over again, without you having to worry about cracks. All wetsuits provide warmth and protection for your clients and keep them happy, to make sure they will go for a drink after. Depending of preferences, decide whether you need a full-suit or a shorty\/spring suit. Full suits cover your entire arms and legs, a shorty or spring suit leaves legs exposed. But no matter which one you choose, they will all do their heavy duty optimally. Jobe&#8217;s heavy duty suit features adjusted ankle openings for easy entry. This unisex design full suit and comes with luxurious advance glued &amp; blind stitched seams to prevent water from entering. All critical areas are covered with strengthening tape. The coloured prints linked to each size, make them easy recognize!<\/div>\n<div class=\"col-12 mt30 mb20\">\n<div class=\"col-12 \"><\/div>\n<\/div>\n<div class=\"col-12 paragraph mt20\">\n<ul class=\"autoColumn checkListSmall blackCheck\">\n<li>Glued &amp; blind stitched seams: no water entry through seams<\/li>\n<li>Colored print for size indication<\/li>\n<li>5 mm neoprene on chest &amp; back, 3 mm on other panels<\/li>\n<li>Back zipper for fast entry<\/li>\n<li>Protective strong fabric at hips &amp; legs<\/li>\n<li>Regular stretch neoprene<\/li>\n<li>Slant ankle opening for easy entry<\/li>\n<li>Strengthening tape inside<\/li>\n<li>Unisex fit<\/li>\n<\/ul>\n<\/div>\n<p><span class=\"boldTitleFont uppercase blackColor fs30 mt10 col-12\">Heavy Duty Wetsuits (Adults)<\/span><\/p>\n<div class=\"col-12 mb10\">\n<div class=\"col-6\">\n<div class=\"image\"><img decoding=\"async\" src=\"https:\/\/www.jobesports.com\/uploads\/base\/size_guide\/mens-wetsuits-apparel-1556884678.jpg\" alt=\"Size table\" \/><\/div>\n<\/div>\n<div class=\"col-6 col-padding-left\"><span class=\"boldTitleFont uppercase blackColor fs18 col-12\">How to measure<\/span>1. Place the tape under your arms. Measure the chest at the widest part.<br \/>\n2. Measure around the narrowest part of your waist.<br \/>\n3. Measure around the widest part of your hips.<br \/>\n4. Measure from head to toe.<\/div>\n<\/div>\n<p><span class=\"boldTitleFont uppercase blackColor fs20\">Size table<\/span><\/p>\n<div class=\"switch\"><label class=\"switch-label switch-label-off\" tabindex=\"0\" for=\"view_cm\">CM<\/label><label class=\"switch-label switch-label-on\" tabindex=\"0\" for=\"view_inch\">Inch<\/label><\/div>\n<table class=\"size_guide\">\n<thead>\n<tr>\n<th>Size<\/th>\n<th>Chest\u00a0<span class=\"sg_cm\">(CM)<\/span><\/th>\n<th>Waist\u00a0<span class=\"sg_cm\">(CM)<\/span><\/th>\n<th>Hip\u00a0<span class=\"sg_cm\">(CM)<\/span><\/th>\n<th>Length\u00a0<span class=\"sg_cm\">(CM)<\/span><\/th>\n<th>Color<\/th>\n<\/tr>\n<\/thead>\n<tbody>\n<tr>\n<td>2XS<\/td>\n<td><span class=\"sg_cm\">86-90<\/span><\/td>\n<td><span class=\"sg_cm\">76-80<\/span><\/td>\n<td><span class=\"sg_cm\">86-90<\/span><\/td>\n<td><span class=\"sg_cm\">171-177<\/span><\/td>\n<td>Purple<\/td>\n<\/tr>\n<tr>\n<td>XS<\/td>\n<td><span class=\"sg_cm\">90-94<\/span><\/td>\n<td><span class=\"sg_cm\">80-84<\/span><\/td>\n<td><span class=\"sg_cm\">90-94<\/span><\/td>\n<td><span class=\"sg_cm\">173-179<\/span><\/td>\n<td>Green<\/td>\n<\/tr>\n<tr>\n<td>S<\/td>\n<td><span class=\"sg_cm\">94-98<\/span><\/td>\n<td><span class=\"sg_cm\">84-88<\/span><\/td>\n<td><span class=\"sg_cm\">94-98<\/span><\/td>\n<td><span class=\"sg_cm\">175-181<\/span><\/td>\n<td>Yellow<\/td>\n<\/tr>\n<tr>\n<td>M<\/td>\n<td><span class=\"sg_cm\">98-102<\/span><\/td>\n<td><span class=\"sg_cm\">88-92<\/span><\/td>\n<td><span class=\"sg_cm\">98-102<\/span><\/td>\n<td><span class=\"sg_cm\">179-185<\/span><\/td>\n<td>Red<\/td>\n<\/tr>\n<tr>\n<td>L<\/td>\n<td><span class=\"sg_cm\">102-106<\/span><\/td>\n<td><span class=\"sg_cm\">92-96<\/span><\/td>\n<td><span class=\"sg_cm\">102-106<\/span><\/td>\n<td><span class=\"sg_cm\">179-185<\/span><\/td>\n<td>Blue<\/td>\n<\/tr>\n<tr>\n<td>XL<\/td>\n<td><span class=\"sg_cm\">106-110<\/span><\/td>\n<td><span class=\"sg_cm\">96-100<\/span><\/td>\n<td><span class=\"sg_cm\">106-110<\/span><\/td>\n<td><span class=\"sg_cm\">181-187<\/span><\/td>\n<td>Gray<\/td>\n<\/tr>\n<tr>\n<td>2XL<\/td>\n<td><span class=\"sg_cm\">111-117<\/span><\/td>\n<td><span class=\"sg_cm\">101-107<\/span><\/td>\n<td><span class=\"sg_cm\">111-117<\/span><\/td>\n<td><span class=\"sg_cm\">183-189<\/span><\/td>\n<td>Black<\/td>\n<\/tr>\n<tr>\n<td>3XL<\/td>\n<td><span class=\"sg_cm\">117-123<\/span><\/td>\n<td><span class=\"sg_cm\">107-113<\/span><\/td>\n<td><span class=\"sg_cm\">117-123<\/span><\/td>\n<td><span class=\"sg_cm\">185-191<\/span><\/td>\n<td>Dark blue<\/td>\n<\/tr>\n<\/tbody>\n<\/table>\n<\/div>\n","protected":false},"excerpt":{"rendered":"<p>Jobe Rental Fullsuit 5\/3MM Jobe Rental Fullsuit 5\/3MM Product ID\u00a0443019000 Specifications Go quality, not quantity per se. A Jobe wetsuit isn&#8217;t just a wetsuit. All Jobe commercial heavy duty suits are made of high-quality regular flexible neoprene. And more importantly, Jobe wetsuits are the only commercial wetsuits which come with taped-on strong pad neoprene on [&#8230;]<\/p>\n<p><a class=\"btn btn-secondary understrap-read-more-link\" href=\"https:\/\/www.waterskis.lv\/en\/product\/jobe-rental-fullsuit-5-3mm\/\">Read More&#8230;<\/a><\/p>\n","protected":false},"featured_media":70215,"comment_status":"closed","ping_status":"closed","template":"","meta":{"_acf_changed":false,"inline_featured_image":false},"product_brand":[1330],"product_cat":[736,737],"product_tag":[1660,3695,3551,1661,1672,3688,3694],"class_list":{"0":"post-70214","1":"product","2":"type-product","3":"status-publish","4":"has-post-thumbnail","6":"product_brand-jobe-watersports","7":"product_cat-apparel-wetsuits","8":"product_cat-neoprene-apparel","9":"product_tag-jobe-neoprena-hidroterps","10":"product_tag-jobe-neoprene-wetsuit","11":"product_tag-jobe-watersports","12":"product_tag-neoprena-hidroterps","13":"product_tag-neoprene-wetsuit","14":"product_tag-3688","15":"product_tag----jobe","17":"first","18":"instock","19":"shipping-taxable","20":"purchasable","21":"product-type-simple"},"acf":[],"yoast_head":"<!-- This site is optimized with the Yoast SEO plugin v27.3 - https:\/\/yoast.com\/product\/yoast-seo-wordpress\/ -->\n<title>Jobe Rental Fullsuit 5\/3MM - WATERSKIS.LV<\/title>\n<meta name=\"description\" content=\"Jobe Rental Fullsuit 5\/3MM. wetsuit isn&#039;t just a wetsuit. All Jobe commercial heavy duty suits are made of high-quality regular flexible neoprene.\" \/>\n<meta name=\"robots\" content=\"index, follow, max-snippet:-1, max-image-preview:large, max-video-preview:-1\" \/>\n<link rel=\"canonical\" href=\"https:\/\/www.waterskis.lv\/en\/product\/jobe-rental-fullsuit-5-3mm\/\" \/>\n<meta property=\"og:locale\" content=\"en_US\" \/>\n<meta property=\"og:type\" content=\"article\" \/>\n<meta property=\"og:title\" content=\"Jobe Rental Fullsuit 5\/3MM - WATERSKIS.LV\" \/>\n<meta property=\"og:description\" content=\"Jobe Rental Fullsuit 5\/3MM. wetsuit isn&#039;t just a wetsuit. All Jobe commercial heavy duty suits are made of high-quality regular flexible neoprene.\" \/>\n<meta property=\"og:url\" content=\"https:\/\/www.waterskis.lv\/en\/product\/jobe-rental-fullsuit-5-3mm\/\" \/>\n<meta property=\"og:site_name\" content=\"WATERSKIS.LV\" \/>\n<meta property=\"article:publisher\" content=\"https:\/\/www.facebook.com\/jurmalawaterskiwakeboardpark\/\" \/>\n<meta property=\"article:modified_time\" content=\"2026-02-07T14:04:47+00:00\" \/>\n<meta property=\"og:image\" content=\"https:\/\/www.waterskis.lv\/wp-content\/uploads\/2026\/01\/Rental.jpg\" \/>\n\t<meta property=\"og:image:width\" content=\"1500\" \/>\n\t<meta property=\"og:image:height\" content=\"1500\" \/>\n\t<meta property=\"og:image:type\" content=\"image\/jpeg\" \/>\n<meta name=\"twitter:card\" content=\"summary_large_image\" \/>\n<meta name=\"twitter:label1\" content=\"Est. reading time\" \/>\n\t<meta name=\"twitter:data1\" content=\"3 minutes\" \/>\n<script type=\"application\/ld+json\" class=\"yoast-schema-graph\">{\"@context\":\"https:\\\/\\\/schema.org\",\"@graph\":[{\"@type\":\"WebPage\",\"@id\":\"https:\\\/\\\/www.waterskis.lv\\\/en\\\/product\\\/jobe-rental-fullsuit-5-3mm\\\/\",\"url\":\"https:\\\/\\\/www.waterskis.lv\\\/en\\\/product\\\/jobe-rental-fullsuit-5-3mm\\\/\",\"name\":\"Jobe Rental Fullsuit 5\\\/3MM - WATERSKIS.LV\",\"isPartOf\":{\"@id\":\"https:\\\/\\\/www.waterskis.lv\\\/en\\\/#website\"},\"primaryImageOfPage\":{\"@id\":\"https:\\\/\\\/www.waterskis.lv\\\/en\\\/product\\\/jobe-rental-fullsuit-5-3mm\\\/#primaryimage\"},\"image\":{\"@id\":\"https:\\\/\\\/www.waterskis.lv\\\/en\\\/product\\\/jobe-rental-fullsuit-5-3mm\\\/#primaryimage\"},\"thumbnailUrl\":\"https:\\\/\\\/www.waterskis.lv\\\/wp-content\\\/uploads\\\/2026\\\/01\\\/Rental.jpg\",\"datePublished\":\"2026-01-13T14:47:43+00:00\",\"dateModified\":\"2026-02-07T14:04:47+00:00\",\"description\":\"Jobe Rental Fullsuit 5\\\/3MM. wetsuit isn't just a wetsuit. All Jobe commercial heavy duty suits are made of high-quality regular flexible neoprene.\",\"breadcrumb\":{\"@id\":\"https:\\\/\\\/www.waterskis.lv\\\/en\\\/product\\\/jobe-rental-fullsuit-5-3mm\\\/#breadcrumb\"},\"inLanguage\":\"en-US\",\"potentialAction\":[{\"@type\":\"ReadAction\",\"target\":[\"https:\\\/\\\/www.waterskis.lv\\\/en\\\/product\\\/jobe-rental-fullsuit-5-3mm\\\/\"]}]},{\"@type\":\"ImageObject\",\"inLanguage\":\"en-US\",\"@id\":\"https:\\\/\\\/www.waterskis.lv\\\/en\\\/product\\\/jobe-rental-fullsuit-5-3mm\\\/#primaryimage\",\"url\":\"https:\\\/\\\/www.waterskis.lv\\\/wp-content\\\/uploads\\\/2026\\\/01\\\/Rental.jpg\",\"contentUrl\":\"https:\\\/\\\/www.waterskis.lv\\\/wp-content\\\/uploads\\\/2026\\\/01\\\/Rental.jpg\",\"width\":1500,\"height\":1500,\"caption\":\"Jobe Rental Fullsuit 5\\\/3MM\"},{\"@type\":\"BreadcrumbList\",\"@id\":\"https:\\\/\\\/www.waterskis.lv\\\/en\\\/product\\\/jobe-rental-fullsuit-5-3mm\\\/#breadcrumb\",\"itemListElement\":[{\"@type\":\"ListItem\",\"position\":1,\"name\":\"Home\",\"item\":\"https:\\\/\\\/www.waterskis.lv\\\/en\\\/\"},{\"@type\":\"ListItem\",\"position\":2,\"name\":\"Shop\",\"item\":\"https:\\\/\\\/waterskis.lv\\\/en\\\/shop\\\/\"},{\"@type\":\"ListItem\",\"position\":3,\"name\":\"Jobe Rental Fullsuit 5\\\/3MM\"}]},{\"@type\":\"WebSite\",\"@id\":\"https:\\\/\\\/www.waterskis.lv\\\/en\\\/#website\",\"url\":\"https:\\\/\\\/www.waterskis.lv\\\/en\\\/\",\"name\":\"WATERSKIS.LV\",\"description\":\"SUP d\u0113\u013ci, kajaki, kanoe, airu laivas, \u016bdenssl\u0113po\u0161ana, veikbords, SUP d\u0113\u013cu noma, kajaku nomaakt\u012bv\u0101s atp\u016btas centrs, laivu noma, sup noma, kajaku noma\",\"publisher\":{\"@id\":\"https:\\\/\\\/www.waterskis.lv\\\/en\\\/#organization\"},\"potentialAction\":[{\"@type\":\"SearchAction\",\"target\":{\"@type\":\"EntryPoint\",\"urlTemplate\":\"https:\\\/\\\/www.waterskis.lv\\\/en\\\/?s={search_term_string}\"},\"query-input\":{\"@type\":\"PropertyValueSpecification\",\"valueRequired\":true,\"valueName\":\"search_term_string\"}}],\"inLanguage\":\"en-US\"},{\"@type\":\"Organization\",\"@id\":\"https:\\\/\\\/www.waterskis.lv\\\/en\\\/#organization\",\"name\":\"WATERSKIS.LV\",\"url\":\"https:\\\/\\\/www.waterskis.lv\\\/en\\\/\",\"logo\":{\"@type\":\"ImageObject\",\"inLanguage\":\"en-US\",\"@id\":\"https:\\\/\\\/www.waterskis.lv\\\/en\\\/#\\\/schema\\\/logo\\\/image\\\/\",\"url\":\"https:\\\/\\\/www.waterskis.lv\\\/wp-content\\\/uploads\\\/2025\\\/01\\\/JUVP-logo.png\",\"contentUrl\":\"https:\\\/\\\/www.waterskis.lv\\\/wp-content\\\/uploads\\\/2025\\\/01\\\/JUVP-logo.png\",\"width\":421,\"height\":202,\"caption\":\"WATERSKIS.LV\"},\"image\":{\"@id\":\"https:\\\/\\\/www.waterskis.lv\\\/en\\\/#\\\/schema\\\/logo\\\/image\\\/\"},\"sameAs\":[\"https:\\\/\\\/www.facebook.com\\\/jurmalawaterskiwakeboardpark\\\/\"]}]}<\/script>\n<!-- \/ Yoast SEO plugin. -->","yoast_head_json":{"title":"Jobe Rental Fullsuit 5\/3MM - WATERSKIS.LV","description":"Jobe Rental Fullsuit 5\/3MM. wetsuit isn't just a wetsuit. All Jobe commercial heavy duty suits are made of high-quality regular flexible neoprene.","robots":{"index":"index","follow":"follow","max-snippet":"max-snippet:-1","max-image-preview":"max-image-preview:large","max-video-preview":"max-video-preview:-1"},"canonical":"https:\/\/www.waterskis.lv\/en\/product\/jobe-rental-fullsuit-5-3mm\/","og_locale":"en_US","og_type":"article","og_title":"Jobe Rental Fullsuit 5\/3MM - WATERSKIS.LV","og_description":"Jobe Rental Fullsuit 5\/3MM. wetsuit isn't just a wetsuit. All Jobe commercial heavy duty suits are made of high-quality regular flexible neoprene.","og_url":"https:\/\/www.waterskis.lv\/en\/product\/jobe-rental-fullsuit-5-3mm\/","og_site_name":"WATERSKIS.LV","article_publisher":"https:\/\/www.facebook.com\/jurmalawaterskiwakeboardpark\/","article_modified_time":"2026-02-07T14:04:47+00:00","og_image":[{"width":1500,"height":1500,"url":"https:\/\/www.waterskis.lv\/wp-content\/uploads\/2026\/01\/Rental.jpg","type":"image\/jpeg"}],"twitter_card":"summary_large_image","twitter_misc":{"Est. reading time":"3 minutes"},"schema":{"@context":"https:\/\/schema.org","@graph":[{"@type":"WebPage","@id":"https:\/\/www.waterskis.lv\/en\/product\/jobe-rental-fullsuit-5-3mm\/","url":"https:\/\/www.waterskis.lv\/en\/product\/jobe-rental-fullsuit-5-3mm\/","name":"Jobe Rental Fullsuit 5\/3MM - WATERSKIS.LV","isPartOf":{"@id":"https:\/\/www.waterskis.lv\/en\/#website"},"primaryImageOfPage":{"@id":"https:\/\/www.waterskis.lv\/en\/product\/jobe-rental-fullsuit-5-3mm\/#primaryimage"},"image":{"@id":"https:\/\/www.waterskis.lv\/en\/product\/jobe-rental-fullsuit-5-3mm\/#primaryimage"},"thumbnailUrl":"https:\/\/www.waterskis.lv\/wp-content\/uploads\/2026\/01\/Rental.jpg","datePublished":"2026-01-13T14:47:43+00:00","dateModified":"2026-02-07T14:04:47+00:00","description":"Jobe Rental Fullsuit 5\/3MM. wetsuit isn't just a wetsuit. All Jobe commercial heavy duty suits are made of high-quality regular flexible neoprene.","breadcrumb":{"@id":"https:\/\/www.waterskis.lv\/en\/product\/jobe-rental-fullsuit-5-3mm\/#breadcrumb"},"inLanguage":"en-US","potentialAction":[{"@type":"ReadAction","target":["https:\/\/www.waterskis.lv\/en\/product\/jobe-rental-fullsuit-5-3mm\/"]}]},{"@type":"ImageObject","inLanguage":"en-US","@id":"https:\/\/www.waterskis.lv\/en\/product\/jobe-rental-fullsuit-5-3mm\/#primaryimage","url":"https:\/\/www.waterskis.lv\/wp-content\/uploads\/2026\/01\/Rental.jpg","contentUrl":"https:\/\/www.waterskis.lv\/wp-content\/uploads\/2026\/01\/Rental.jpg","width":1500,"height":1500,"caption":"Jobe Rental Fullsuit 5\/3MM"},{"@type":"BreadcrumbList","@id":"https:\/\/www.waterskis.lv\/en\/product\/jobe-rental-fullsuit-5-3mm\/#breadcrumb","itemListElement":[{"@type":"ListItem","position":1,"name":"Home","item":"https:\/\/www.waterskis.lv\/en\/"},{"@type":"ListItem","position":2,"name":"Shop","item":"https:\/\/waterskis.lv\/en\/shop\/"},{"@type":"ListItem","position":3,"name":"Jobe Rental Fullsuit 5\/3MM"}]},{"@type":"WebSite","@id":"https:\/\/www.waterskis.lv\/en\/#website","url":"https:\/\/www.waterskis.lv\/en\/","name":"WATERSKIS.LV","description":"SUP d\u0113\u013ci, kajaki, kanoe, airu laivas, \u016bdenssl\u0113po\u0161ana, veikbords, SUP d\u0113\u013cu noma, kajaku nomaakt\u012bv\u0101s atp\u016btas centrs, laivu noma, sup noma, kajaku noma","publisher":{"@id":"https:\/\/www.waterskis.lv\/en\/#organization"},"potentialAction":[{"@type":"SearchAction","target":{"@type":"EntryPoint","urlTemplate":"https:\/\/www.waterskis.lv\/en\/?s={search_term_string}"},"query-input":{"@type":"PropertyValueSpecification","valueRequired":true,"valueName":"search_term_string"}}],"inLanguage":"en-US"},{"@type":"Organization","@id":"https:\/\/www.waterskis.lv\/en\/#organization","name":"WATERSKIS.LV","url":"https:\/\/www.waterskis.lv\/en\/","logo":{"@type":"ImageObject","inLanguage":"en-US","@id":"https:\/\/www.waterskis.lv\/en\/#\/schema\/logo\/image\/","url":"https:\/\/www.waterskis.lv\/wp-content\/uploads\/2025\/01\/JUVP-logo.png","contentUrl":"https:\/\/www.waterskis.lv\/wp-content\/uploads\/2025\/01\/JUVP-logo.png","width":421,"height":202,"caption":"WATERSKIS.LV"},"image":{"@id":"https:\/\/www.waterskis.lv\/en\/#\/schema\/logo\/image\/"},"sameAs":["https:\/\/www.facebook.com\/jurmalawaterskiwakeboardpark\/"]}]}},"_links":{"self":[{"href":"https:\/\/www.waterskis.lv\/en\/wp-json\/wp\/v2\/product\/70214","targetHints":{"allow":["GET"]}}],"collection":[{"href":"https:\/\/www.waterskis.lv\/en\/wp-json\/wp\/v2\/product"}],"about":[{"href":"https:\/\/www.waterskis.lv\/en\/wp-json\/wp\/v2\/types\/product"}],"replies":[{"embeddable":true,"href":"https:\/\/www.waterskis.lv\/en\/wp-json\/wp\/v2\/comments?post=70214"}],"wp:featuredmedia":[{"embeddable":true,"href":"https:\/\/www.waterskis.lv\/en\/wp-json\/wp\/v2\/media\/70215"}],"wp:attachment":[{"href":"https:\/\/www.waterskis.lv\/en\/wp-json\/wp\/v2\/media?parent=70214"}],"wp:term":[{"taxonomy":"product_brand","embeddable":true,"href":"https:\/\/www.waterskis.lv\/en\/wp-json\/wp\/v2\/product_brand?post=70214"},{"taxonomy":"product_cat","embeddable":true,"href":"https:\/\/www.waterskis.lv\/en\/wp-json\/wp\/v2\/product_cat?post=70214"},{"taxonomy":"product_tag","embeddable":true,"href":"https:\/\/www.waterskis.lv\/en\/wp-json\/wp\/v2\/product_tag?post=70214"}],"curies":[{"name":"wp","href":"https:\/\/api.w.org\/{rel}","templated":true}]}}