{"id":70249,"date":"2026-01-13T18:07:03","date_gmt":"2026-01-13T16:07:03","guid":{"rendered":"https:\/\/www.waterskis.lv\/product\/jobe-cable-bridle-stainless-steel-hooks-8ft-1p\/"},"modified":"2026-01-31T12:43:38","modified_gmt":"2026-01-31T10:43:38","slug":"jobe-cable-bridle-stainless-steel-hooks-8ft-1p","status":"publish","type":"product","link":"https:\/\/www.waterskis.lv\/en\/product\/jobe-cable-bridle-stainless-steel-hooks-8ft-1p\/","title":{"rendered":"Jobe Cable Bridle Stainless Steel Hooks 8ft 1P"},"content":{"rendered":"<h1 class=\"productTitle s-hide\">Jobe Cable Bridle Stainless Steel Hooks 8ft 1P<\/h1>\n<p class=\"productTitle s-hide\">Jobe Cable Bridle Stainless Steel Hooks 8ft 1P<\/p>\n<div class=\"paragraph mt10 col-12\">\n<p><span class=\"s-hide\">Product ID\u00a0210017030<\/span><\/p>\n<div class=\"col-12 relative mt10\">\n<h2 class=\"title-3 fs25 mt20 mb20 boldTitleFont grey uppercase np\">Specifications<\/h2>\n<div class=\"col-12 paragraph\">Jobe bridles are designed to make water sports easier behind outboard motor boats and they float to keep the rope away from your propeller. The bridle is 8ft long, made with extremely durable cable and two strong stainless steel hooks to connect the rope with your boat. It can carry 1 person and will make sure you can enjoy a careless day on the water.<\/div>\n<div><\/div>\n<div class=\"col-12 mt30 mb20\">\n<div class=\"col-12 \"><\/div>\n<\/div>\n<div class=\"col-12 paragraph mt20\">\n<ul class=\"autoColumn checkListSmall blackCheck\">\n<li>2 stainless steel carabiners to connect to your boat<\/li>\n<li>Equipped with a floating element for safety around the boat engine<\/li>\n<li>Length: 8ft | 2,4m<\/li>\n<li>Max break strength: 1200 Ibs | 544 kg<\/li>\n<li>Maximum pull 1 person<\/li>\n<\/ul>\n<\/div>\n<\/div>\n<\/div>\n","protected":false},"excerpt":{"rendered":"<p>Jobe bridles are designed to make water sports easier behind outboard motor boats and they float to keep the rope away from your propeller. [&#8230;]<\/p>\n<p><a class=\"btn btn-secondary understrap-read-more-link\" href=\"https:\/\/www.waterskis.lv\/en\/product\/jobe-cable-bridle-stainless-steel-hooks-8ft-1p\/\">Read More&#8230;<\/a><\/p>\n","protected":false},"featured_media":70250,"comment_status":"closed","ping_status":"closed","template":"","meta":{"_acf_changed":false,"inline_featured_image":false},"product_brand":[1330],"product_cat":[969,380],"product_tag":[1558,1550,3084],"class_list":{"0":"post-70249","1":"product","2":"type-product","3":"status-publish","4":"has-post-thumbnail","6":"product_brand-jobe-watersports","7":"product_cat-ropes-accessories","8":"product_cat-towables","9":"product_tag-jobe-virve","10":"product_tag-towable-rope","11":"product_tag-3084","13":"first","14":"instock","15":"shipping-taxable","16":"purchasable","17":"product-type-simple"},"acf":[],"yoast_head":"<!-- This site is optimized with the Yoast SEO plugin v27.5 - https:\/\/yoast.com\/product\/yoast-seo-wordpress\/ -->\n<title>Jobe Cable Bridle Stainless Steel Hooks 8ft 1P - WATERSKIS.LV<\/title>\n<meta name=\"description\" content=\"Jobe Cable Bridle Stainless Steel Hooks 8ft 1P made with extremely durable cable and two strong stainless steel hooks to connect the rope with your boat.\" \/>\n<meta name=\"robots\" content=\"index, follow, max-snippet:-1, max-image-preview:large, max-video-preview:-1\" \/>\n<link rel=\"canonical\" href=\"https:\/\/www.waterskis.lv\/en\/product\/jobe-cable-bridle-stainless-steel-hooks-8ft-1p\/\" \/>\n<meta property=\"og:locale\" content=\"en_US\" \/>\n<meta property=\"og:type\" content=\"article\" \/>\n<meta property=\"og:title\" content=\"Jobe Cable Bridle Stainless Steel Hooks 8ft 1P - WATERSKIS.LV\" \/>\n<meta property=\"og:description\" content=\"Jobe Cable Bridle Stainless Steel Hooks 8ft 1P made with extremely durable cable and two strong stainless steel hooks to connect the rope with your boat.\" \/>\n<meta property=\"og:url\" content=\"https:\/\/www.waterskis.lv\/en\/product\/jobe-cable-bridle-stainless-steel-hooks-8ft-1p\/\" \/>\n<meta property=\"og:site_name\" content=\"WATERSKIS.LV\" \/>\n<meta property=\"article:publisher\" content=\"https:\/\/www.facebook.com\/jurmalawaterskiwakeboardpark\/\" \/>\n<meta property=\"article:modified_time\" content=\"2026-01-31T10:43:38+00:00\" \/>\n<meta property=\"og:image\" content=\"https:\/\/www.waterskis.lv\/wp-content\/uploads\/2026\/01\/BridleStainlessCable.jpg\" \/>\n\t<meta property=\"og:image:width\" content=\"1500\" \/>\n\t<meta property=\"og:image:height\" content=\"1500\" \/>\n\t<meta property=\"og:image:type\" content=\"image\/jpeg\" \/>\n<meta name=\"twitter:card\" content=\"summary_large_image\" \/>\n<meta name=\"twitter:label1\" content=\"Est. reading time\" \/>\n\t<meta name=\"twitter:data1\" content=\"1 minute\" \/>\n<script type=\"application\/ld+json\" class=\"yoast-schema-graph\">{\"@context\":\"https:\\\/\\\/schema.org\",\"@graph\":[{\"@type\":\"WebPage\",\"@id\":\"https:\\\/\\\/www.waterskis.lv\\\/en\\\/product\\\/jobe-cable-bridle-stainless-steel-hooks-8ft-1p\\\/\",\"url\":\"https:\\\/\\\/www.waterskis.lv\\\/en\\\/product\\\/jobe-cable-bridle-stainless-steel-hooks-8ft-1p\\\/\",\"name\":\"Jobe Cable Bridle Stainless Steel Hooks 8ft 1P - WATERSKIS.LV\",\"isPartOf\":{\"@id\":\"https:\\\/\\\/www.waterskis.lv\\\/en\\\/#website\"},\"primaryImageOfPage\":{\"@id\":\"https:\\\/\\\/www.waterskis.lv\\\/en\\\/product\\\/jobe-cable-bridle-stainless-steel-hooks-8ft-1p\\\/#primaryimage\"},\"image\":{\"@id\":\"https:\\\/\\\/www.waterskis.lv\\\/en\\\/product\\\/jobe-cable-bridle-stainless-steel-hooks-8ft-1p\\\/#primaryimage\"},\"thumbnailUrl\":\"https:\\\/\\\/www.waterskis.lv\\\/wp-content\\\/uploads\\\/2026\\\/01\\\/BridleStainlessCable.jpg\",\"datePublished\":\"2026-01-13T16:07:03+00:00\",\"dateModified\":\"2026-01-31T10:43:38+00:00\",\"description\":\"Jobe Cable Bridle Stainless Steel Hooks 8ft 1P made with extremely durable cable and two strong stainless steel hooks to connect the rope with your boat.\",\"breadcrumb\":{\"@id\":\"https:\\\/\\\/www.waterskis.lv\\\/en\\\/product\\\/jobe-cable-bridle-stainless-steel-hooks-8ft-1p\\\/#breadcrumb\"},\"inLanguage\":\"en-US\",\"potentialAction\":[{\"@type\":\"ReadAction\",\"target\":[\"https:\\\/\\\/www.waterskis.lv\\\/en\\\/product\\\/jobe-cable-bridle-stainless-steel-hooks-8ft-1p\\\/\"]}]},{\"@type\":\"ImageObject\",\"inLanguage\":\"en-US\",\"@id\":\"https:\\\/\\\/www.waterskis.lv\\\/en\\\/product\\\/jobe-cable-bridle-stainless-steel-hooks-8ft-1p\\\/#primaryimage\",\"url\":\"https:\\\/\\\/www.waterskis.lv\\\/wp-content\\\/uploads\\\/2026\\\/01\\\/BridleStainlessCable.jpg\",\"contentUrl\":\"https:\\\/\\\/www.waterskis.lv\\\/wp-content\\\/uploads\\\/2026\\\/01\\\/BridleStainlessCable.jpg\",\"width\":1500,\"height\":1500,\"caption\":\"Jobe Cable Bridle Stainless Steel Hooks 8ft 1P\"},{\"@type\":\"BreadcrumbList\",\"@id\":\"https:\\\/\\\/www.waterskis.lv\\\/en\\\/product\\\/jobe-cable-bridle-stainless-steel-hooks-8ft-1p\\\/#breadcrumb\",\"itemListElement\":[{\"@type\":\"ListItem\",\"position\":1,\"name\":\"Home\",\"item\":\"https:\\\/\\\/www.waterskis.lv\\\/en\\\/\"},{\"@type\":\"ListItem\",\"position\":2,\"name\":\"Shop\",\"item\":\"https:\\\/\\\/waterskis.lv\\\/en\\\/shop\\\/\"},{\"@type\":\"ListItem\",\"position\":3,\"name\":\"Jobe Cable Bridle Stainless Steel Hooks 8ft 1P\"}]},{\"@type\":\"WebSite\",\"@id\":\"https:\\\/\\\/www.waterskis.lv\\\/en\\\/#website\",\"url\":\"https:\\\/\\\/www.waterskis.lv\\\/en\\\/\",\"name\":\"WATERSKIS.LV\",\"description\":\"SUP d\u0113\u013ci, kajaki, kanoe, airu laivas, \u016bdenssl\u0113po\u0161ana, veikbords, SUP d\u0113\u013cu noma, kajaku nomaakt\u012bv\u0101s atp\u016btas centrs, laivu noma, sup noma, kajaku noma\",\"publisher\":{\"@id\":\"https:\\\/\\\/www.waterskis.lv\\\/en\\\/#organization\"},\"potentialAction\":[{\"@type\":\"SearchAction\",\"target\":{\"@type\":\"EntryPoint\",\"urlTemplate\":\"https:\\\/\\\/www.waterskis.lv\\\/en\\\/?s={search_term_string}\"},\"query-input\":{\"@type\":\"PropertyValueSpecification\",\"valueRequired\":true,\"valueName\":\"search_term_string\"}}],\"inLanguage\":\"en-US\"},{\"@type\":\"Organization\",\"@id\":\"https:\\\/\\\/www.waterskis.lv\\\/en\\\/#organization\",\"name\":\"WATERSKIS.LV\",\"url\":\"https:\\\/\\\/www.waterskis.lv\\\/en\\\/\",\"logo\":{\"@type\":\"ImageObject\",\"inLanguage\":\"en-US\",\"@id\":\"https:\\\/\\\/www.waterskis.lv\\\/en\\\/#\\\/schema\\\/logo\\\/image\\\/\",\"url\":\"https:\\\/\\\/www.waterskis.lv\\\/wp-content\\\/uploads\\\/2025\\\/01\\\/JUVP-logo.png\",\"contentUrl\":\"https:\\\/\\\/www.waterskis.lv\\\/wp-content\\\/uploads\\\/2025\\\/01\\\/JUVP-logo.png\",\"width\":421,\"height\":202,\"caption\":\"WATERSKIS.LV\"},\"image\":{\"@id\":\"https:\\\/\\\/www.waterskis.lv\\\/en\\\/#\\\/schema\\\/logo\\\/image\\\/\"},\"sameAs\":[\"https:\\\/\\\/www.facebook.com\\\/jurmalawaterskiwakeboardpark\\\/\"]}]}<\/script>\n<!-- \/ Yoast SEO plugin. -->","yoast_head_json":{"title":"Jobe Cable Bridle Stainless Steel Hooks 8ft 1P - WATERSKIS.LV","description":"Jobe Cable Bridle Stainless Steel Hooks 8ft 1P made with extremely durable cable and two strong stainless steel hooks to connect the rope with your boat.","robots":{"index":"index","follow":"follow","max-snippet":"max-snippet:-1","max-image-preview":"max-image-preview:large","max-video-preview":"max-video-preview:-1"},"canonical":"https:\/\/www.waterskis.lv\/en\/product\/jobe-cable-bridle-stainless-steel-hooks-8ft-1p\/","og_locale":"en_US","og_type":"article","og_title":"Jobe Cable Bridle Stainless Steel Hooks 8ft 1P - WATERSKIS.LV","og_description":"Jobe Cable Bridle Stainless Steel Hooks 8ft 1P made with extremely durable cable and two strong stainless steel hooks to connect the rope with your boat.","og_url":"https:\/\/www.waterskis.lv\/en\/product\/jobe-cable-bridle-stainless-steel-hooks-8ft-1p\/","og_site_name":"WATERSKIS.LV","article_publisher":"https:\/\/www.facebook.com\/jurmalawaterskiwakeboardpark\/","article_modified_time":"2026-01-31T10:43:38+00:00","og_image":[{"width":1500,"height":1500,"url":"https:\/\/www.waterskis.lv\/wp-content\/uploads\/2026\/01\/BridleStainlessCable.jpg","type":"image\/jpeg"}],"twitter_card":"summary_large_image","twitter_misc":{"Est. reading time":"1 minute"},"schema":{"@context":"https:\/\/schema.org","@graph":[{"@type":"WebPage","@id":"https:\/\/www.waterskis.lv\/en\/product\/jobe-cable-bridle-stainless-steel-hooks-8ft-1p\/","url":"https:\/\/www.waterskis.lv\/en\/product\/jobe-cable-bridle-stainless-steel-hooks-8ft-1p\/","name":"Jobe Cable Bridle Stainless Steel Hooks 8ft 1P - WATERSKIS.LV","isPartOf":{"@id":"https:\/\/www.waterskis.lv\/en\/#website"},"primaryImageOfPage":{"@id":"https:\/\/www.waterskis.lv\/en\/product\/jobe-cable-bridle-stainless-steel-hooks-8ft-1p\/#primaryimage"},"image":{"@id":"https:\/\/www.waterskis.lv\/en\/product\/jobe-cable-bridle-stainless-steel-hooks-8ft-1p\/#primaryimage"},"thumbnailUrl":"https:\/\/www.waterskis.lv\/wp-content\/uploads\/2026\/01\/BridleStainlessCable.jpg","datePublished":"2026-01-13T16:07:03+00:00","dateModified":"2026-01-31T10:43:38+00:00","description":"Jobe Cable Bridle Stainless Steel Hooks 8ft 1P made with extremely durable cable and two strong stainless steel hooks to connect the rope with your boat.","breadcrumb":{"@id":"https:\/\/www.waterskis.lv\/en\/product\/jobe-cable-bridle-stainless-steel-hooks-8ft-1p\/#breadcrumb"},"inLanguage":"en-US","potentialAction":[{"@type":"ReadAction","target":["https:\/\/www.waterskis.lv\/en\/product\/jobe-cable-bridle-stainless-steel-hooks-8ft-1p\/"]}]},{"@type":"ImageObject","inLanguage":"en-US","@id":"https:\/\/www.waterskis.lv\/en\/product\/jobe-cable-bridle-stainless-steel-hooks-8ft-1p\/#primaryimage","url":"https:\/\/www.waterskis.lv\/wp-content\/uploads\/2026\/01\/BridleStainlessCable.jpg","contentUrl":"https:\/\/www.waterskis.lv\/wp-content\/uploads\/2026\/01\/BridleStainlessCable.jpg","width":1500,"height":1500,"caption":"Jobe Cable Bridle Stainless Steel Hooks 8ft 1P"},{"@type":"BreadcrumbList","@id":"https:\/\/www.waterskis.lv\/en\/product\/jobe-cable-bridle-stainless-steel-hooks-8ft-1p\/#breadcrumb","itemListElement":[{"@type":"ListItem","position":1,"name":"Home","item":"https:\/\/www.waterskis.lv\/en\/"},{"@type":"ListItem","position":2,"name":"Shop","item":"https:\/\/waterskis.lv\/en\/shop\/"},{"@type":"ListItem","position":3,"name":"Jobe Cable Bridle Stainless Steel Hooks 8ft 1P"}]},{"@type":"WebSite","@id":"https:\/\/www.waterskis.lv\/en\/#website","url":"https:\/\/www.waterskis.lv\/en\/","name":"WATERSKIS.LV","description":"SUP d\u0113\u013ci, kajaki, kanoe, airu laivas, \u016bdenssl\u0113po\u0161ana, veikbords, SUP d\u0113\u013cu noma, kajaku nomaakt\u012bv\u0101s atp\u016btas centrs, laivu noma, sup noma, kajaku noma","publisher":{"@id":"https:\/\/www.waterskis.lv\/en\/#organization"},"potentialAction":[{"@type":"SearchAction","target":{"@type":"EntryPoint","urlTemplate":"https:\/\/www.waterskis.lv\/en\/?s={search_term_string}"},"query-input":{"@type":"PropertyValueSpecification","valueRequired":true,"valueName":"search_term_string"}}],"inLanguage":"en-US"},{"@type":"Organization","@id":"https:\/\/www.waterskis.lv\/en\/#organization","name":"WATERSKIS.LV","url":"https:\/\/www.waterskis.lv\/en\/","logo":{"@type":"ImageObject","inLanguage":"en-US","@id":"https:\/\/www.waterskis.lv\/en\/#\/schema\/logo\/image\/","url":"https:\/\/www.waterskis.lv\/wp-content\/uploads\/2025\/01\/JUVP-logo.png","contentUrl":"https:\/\/www.waterskis.lv\/wp-content\/uploads\/2025\/01\/JUVP-logo.png","width":421,"height":202,"caption":"WATERSKIS.LV"},"image":{"@id":"https:\/\/www.waterskis.lv\/en\/#\/schema\/logo\/image\/"},"sameAs":["https:\/\/www.facebook.com\/jurmalawaterskiwakeboardpark\/"]}]}},"_links":{"self":[{"href":"https:\/\/www.waterskis.lv\/en\/wp-json\/wp\/v2\/product\/70249","targetHints":{"allow":["GET"]}}],"collection":[{"href":"https:\/\/www.waterskis.lv\/en\/wp-json\/wp\/v2\/product"}],"about":[{"href":"https:\/\/www.waterskis.lv\/en\/wp-json\/wp\/v2\/types\/product"}],"replies":[{"embeddable":true,"href":"https:\/\/www.waterskis.lv\/en\/wp-json\/wp\/v2\/comments?post=70249"}],"wp:featuredmedia":[{"embeddable":true,"href":"https:\/\/www.waterskis.lv\/en\/wp-json\/wp\/v2\/media\/70250"}],"wp:attachment":[{"href":"https:\/\/www.waterskis.lv\/en\/wp-json\/wp\/v2\/media?parent=70249"}],"wp:term":[{"taxonomy":"product_brand","embeddable":true,"href":"https:\/\/www.waterskis.lv\/en\/wp-json\/wp\/v2\/product_brand?post=70249"},{"taxonomy":"product_cat","embeddable":true,"href":"https:\/\/www.waterskis.lv\/en\/wp-json\/wp\/v2\/product_cat?post=70249"},{"taxonomy":"product_tag","embeddable":true,"href":"https:\/\/www.waterskis.lv\/en\/wp-json\/wp\/v2\/product_tag?post=70249"}],"curies":[{"name":"wp","href":"https:\/\/api.w.org\/{rel}","templated":true}]}}