{"id":70274,"date":"2026-01-13T18:46:29","date_gmt":"2026-01-13T16:46:29","guid":{"rendered":"https:\/\/www.waterskis.lv\/product\/jobe-h2o-shoes-3mm-gbs-adult\/"},"modified":"2026-02-07T15:07:22","modified_gmt":"2026-02-07T13:07:22","slug":"jobe-h2o-shoes-3mm-gbs-adult","status":"publish","type":"product","link":"https:\/\/www.waterskis.lv\/en\/product\/jobe-h2o-shoes-3mm-gbs-adult\/","title":{"rendered":"Jobe H2O Shoes 3mm GBS Adult"},"content":{"rendered":"<h1 class=\"productTitle s-hide\">Jobe H2O Shoes 3mm GBS Adult<\/h1>\n<p class=\"productTitle s-hide\">Jobe H2O Shoes 3mm GBS Adult<\/p>\n<div class=\"paragraph mt10 col-12\"><span class=\"s-hide\">Product ID\u00a0534622001<\/span><\/div>\n<div><\/div>\n<div>\n<h2 class=\"title-3 fs25 mt20 mb20 boldTitleFont grey uppercase np\">Specifications<\/h2>\n<div class=\"col-12 paragraph\">\n<p>Freedom is the sense of carelessness while wading through shallow water. Jobe&#8217;s H20 shoes for adults are a true best-seller. With 3 mm neoprene and a thin profiled outsole offering control, warmth, protection and grip in &amp; on the water, these water shoes are true must haves for every water sports lover. Complete your gear with our soft and comfy shoes and keep your feet happy, warm and protected.<\/p>\n<p>Glued &amp; blind stitched seams: no water entry through seams<\/p>\n<\/div>\n<div class=\"col-12 paragraph mt20\">\n<ul class=\"autoColumn checkListSmall blackCheck\">\n<li>3mm neoprene with GBS<\/li>\n<li>Adjustable ankle strap<\/li>\n<li>Elastic Ankle Rope<\/li>\n<li>Pre-Shaped<\/li>\n<li>Thin Profiled Outsole for Optimal Control<\/li>\n<\/ul>\n<\/div>\n<p><strong><span class=\"boldTitleFont uppercase blackColor fs30 mt10 col-12\">H20 Shoes Adult<\/span><\/strong><\/p>\n<div class=\"col-12 mb10\">\n<div class=\"col-12\"><strong><span class=\"boldTitleFont uppercase blackColor fs18 col-12\">How to measure<\/span><\/strong><\/div>\n<\/div>\n<p><span class=\"boldTitleFont uppercase blackColor fs20\">Size table<\/span><\/p>\n<div class=\"switch\"><label class=\"switch-label switch-label-off\" tabindex=\"0\" for=\"view_cm\">CM<\/label><label class=\"switch-label switch-label-on\" tabindex=\"0\" for=\"view_inch\">Inch<\/label><\/div>\n<table class=\"size_guide\">\n<thead>\n<tr>\n<th>EU Size<\/th>\n<th>US Size<\/th>\n<th>UK Size<\/th>\n<th>Inside length\u00a0<span class=\"sg_cm\">(CM)<\/span><\/th>\n<\/tr>\n<\/thead>\n<tbody>\n<tr>\n<td>35<\/td>\n<td>3<\/td>\n<td>2.5<\/td>\n<td><span class=\"sg_cm\">21,8<\/span><\/td>\n<\/tr>\n<tr>\n<td>36<\/td>\n<td>4<\/td>\n<td>3.5<\/td>\n<td><span class=\"sg_cm\">22,6<\/span><\/td>\n<\/tr>\n<tr>\n<td>37<\/td>\n<td>5<\/td>\n<td>4.5<\/td>\n<td><span class=\"sg_cm\">23,5<\/span><\/td>\n<\/tr>\n<tr>\n<td>38-39<\/td>\n<td>6<\/td>\n<td>5.5<\/td>\n<td><span class=\"sg_cm\">24,7<\/span><\/td>\n<\/tr>\n<tr>\n<td>40-41<\/td>\n<td>7<\/td>\n<td>6.5<\/td>\n<td><span class=\"sg_cm\">25,2<\/span><\/td>\n<\/tr>\n<tr>\n<td>42<\/td>\n<td>8<\/td>\n<td>7.5<\/td>\n<td><span class=\"sg_cm\">25,8<\/span><\/td>\n<\/tr>\n<tr>\n<td>43<\/td>\n<td>9<\/td>\n<td>8.5<\/td>\n<td><span class=\"sg_cm\">26,7<\/span><\/td>\n<\/tr>\n<tr>\n<td>44<\/td>\n<td>10<\/td>\n<td>9.5<\/td>\n<td><span class=\"sg_cm\">27,5<\/span><\/td>\n<\/tr>\n<tr>\n<td>45<\/td>\n<td>11<\/td>\n<td>10.5<\/td>\n<td><span class=\"sg_cm\">28,2<\/span><\/td>\n<\/tr>\n<tr>\n<td>46-47<\/td>\n<td>12<\/td>\n<td>11.5<\/td>\n<td><span class=\"sg_cm\">29<\/span><\/td>\n<\/tr>\n<\/tbody>\n<\/table>\n<\/div>\n","protected":false},"excerpt":{"rendered":"<p>Jobe&#8217;s H20 shoes for adults are a true best-seller [&#8230;]<\/p>\n<p><a class=\"btn btn-secondary understrap-read-more-link\" href=\"https:\/\/www.waterskis.lv\/en\/product\/jobe-h2o-shoes-3mm-gbs-adult\/\">Read More&#8230;<\/a><\/p>\n","protected":false},"featured_media":70275,"comment_status":"closed","ping_status":"closed","template":"","meta":{"_acf_changed":false,"inline_featured_image":false},"product_brand":[1330],"product_cat":[736,737],"product_tag":[1750,3551,1751,3676,3677],"class_list":{"0":"post-70274","1":"product","2":"type-product","3":"status-publish","4":"has-post-thumbnail","6":"product_brand-jobe-watersports","7":"product_cat-apparel-wetsuits","8":"product_cat-neoprene-apparel","9":"product_tag-jobe-neoprena-apavi","10":"product_tag-jobe-watersports","11":"product_tag-neoprena-apavi","12":"product_tag-neoprene-shoes","13":"product_tag-3677","15":"first","16":"instock","17":"shipping-taxable","18":"purchasable","19":"product-type-simple"},"acf":[],"yoast_head":"<!-- This site is optimized with the Yoast SEO plugin v27.4 - https:\/\/yoast.com\/product\/yoast-seo-wordpress\/ -->\n<title>Jobe H2O Shoes 3mm GBS Adult - WATERSKIS.LV<\/title>\n<meta name=\"description\" content=\"Jobe H2O Shoes 3mm GBS Adult With 3 mm neoprene and a thin profiled outsole offering control, warmth, protection and grip in &amp; on the water\" \/>\n<meta name=\"robots\" content=\"index, follow, max-snippet:-1, max-image-preview:large, max-video-preview:-1\" \/>\n<link rel=\"canonical\" href=\"https:\/\/www.waterskis.lv\/en\/product\/jobe-h2o-shoes-3mm-gbs-adult\/\" \/>\n<meta property=\"og:locale\" content=\"en_US\" \/>\n<meta property=\"og:type\" content=\"article\" \/>\n<meta property=\"og:title\" content=\"Jobe H2O Shoes 3mm GBS Adult - WATERSKIS.LV\" \/>\n<meta property=\"og:description\" content=\"Jobe H2O Shoes 3mm GBS Adult With 3 mm neoprene and a thin profiled outsole offering control, warmth, protection and grip in &amp; on the water\" \/>\n<meta property=\"og:url\" content=\"https:\/\/www.waterskis.lv\/en\/product\/jobe-h2o-shoes-3mm-gbs-adult\/\" \/>\n<meta property=\"og:site_name\" content=\"WATERSKIS.LV\" \/>\n<meta property=\"article:publisher\" content=\"https:\/\/www.facebook.com\/jurmalawaterskiwakeboardpark\/\" \/>\n<meta property=\"article:modified_time\" content=\"2026-02-07T13:07:22+00:00\" \/>\n<meta property=\"og:image\" content=\"https:\/\/www.waterskis.lv\/wp-content\/uploads\/2026\/01\/H2O.jpg\" \/>\n\t<meta property=\"og:image:width\" content=\"1500\" \/>\n\t<meta property=\"og:image:height\" content=\"1500\" \/>\n\t<meta property=\"og:image:type\" content=\"image\/jpeg\" \/>\n<meta name=\"twitter:card\" content=\"summary_large_image\" \/>\n<meta name=\"twitter:label1\" content=\"Est. reading time\" \/>\n\t<meta name=\"twitter:data1\" content=\"2 minutes\" \/>\n<script type=\"application\/ld+json\" class=\"yoast-schema-graph\">{\"@context\":\"https:\\\/\\\/schema.org\",\"@graph\":[{\"@type\":\"WebPage\",\"@id\":\"https:\\\/\\\/www.waterskis.lv\\\/en\\\/product\\\/jobe-h2o-shoes-3mm-gbs-adult\\\/\",\"url\":\"https:\\\/\\\/www.waterskis.lv\\\/en\\\/product\\\/jobe-h2o-shoes-3mm-gbs-adult\\\/\",\"name\":\"Jobe H2O Shoes 3mm GBS Adult - WATERSKIS.LV\",\"isPartOf\":{\"@id\":\"https:\\\/\\\/www.waterskis.lv\\\/en\\\/#website\"},\"primaryImageOfPage\":{\"@id\":\"https:\\\/\\\/www.waterskis.lv\\\/en\\\/product\\\/jobe-h2o-shoes-3mm-gbs-adult\\\/#primaryimage\"},\"image\":{\"@id\":\"https:\\\/\\\/www.waterskis.lv\\\/en\\\/product\\\/jobe-h2o-shoes-3mm-gbs-adult\\\/#primaryimage\"},\"thumbnailUrl\":\"https:\\\/\\\/www.waterskis.lv\\\/wp-content\\\/uploads\\\/2026\\\/01\\\/H2O.jpg\",\"datePublished\":\"2026-01-13T16:46:29+00:00\",\"dateModified\":\"2026-02-07T13:07:22+00:00\",\"description\":\"Jobe H2O Shoes 3mm GBS Adult With 3 mm neoprene and a thin profiled outsole offering control, warmth, protection and grip in & on the water\",\"breadcrumb\":{\"@id\":\"https:\\\/\\\/www.waterskis.lv\\\/en\\\/product\\\/jobe-h2o-shoes-3mm-gbs-adult\\\/#breadcrumb\"},\"inLanguage\":\"en-US\",\"potentialAction\":[{\"@type\":\"ReadAction\",\"target\":[\"https:\\\/\\\/www.waterskis.lv\\\/en\\\/product\\\/jobe-h2o-shoes-3mm-gbs-adult\\\/\"]}]},{\"@type\":\"ImageObject\",\"inLanguage\":\"en-US\",\"@id\":\"https:\\\/\\\/www.waterskis.lv\\\/en\\\/product\\\/jobe-h2o-shoes-3mm-gbs-adult\\\/#primaryimage\",\"url\":\"https:\\\/\\\/www.waterskis.lv\\\/wp-content\\\/uploads\\\/2026\\\/01\\\/H2O.jpg\",\"contentUrl\":\"https:\\\/\\\/www.waterskis.lv\\\/wp-content\\\/uploads\\\/2026\\\/01\\\/H2O.jpg\",\"width\":1500,\"height\":1500,\"caption\":\"Jobe H2O Shoes 3mm GBS Adult\"},{\"@type\":\"BreadcrumbList\",\"@id\":\"https:\\\/\\\/www.waterskis.lv\\\/en\\\/product\\\/jobe-h2o-shoes-3mm-gbs-adult\\\/#breadcrumb\",\"itemListElement\":[{\"@type\":\"ListItem\",\"position\":1,\"name\":\"Home\",\"item\":\"https:\\\/\\\/www.waterskis.lv\\\/en\\\/\"},{\"@type\":\"ListItem\",\"position\":2,\"name\":\"Shop\",\"item\":\"https:\\\/\\\/waterskis.lv\\\/en\\\/shop\\\/\"},{\"@type\":\"ListItem\",\"position\":3,\"name\":\"Jobe H2O Shoes 3mm GBS Adult\"}]},{\"@type\":\"WebSite\",\"@id\":\"https:\\\/\\\/www.waterskis.lv\\\/en\\\/#website\",\"url\":\"https:\\\/\\\/www.waterskis.lv\\\/en\\\/\",\"name\":\"WATERSKIS.LV\",\"description\":\"SUP d\u0113\u013ci, kajaki, kanoe, airu laivas, \u016bdenssl\u0113po\u0161ana, veikbords, SUP d\u0113\u013cu noma, kajaku nomaakt\u012bv\u0101s atp\u016btas centrs, laivu noma, sup noma, kajaku noma\",\"publisher\":{\"@id\":\"https:\\\/\\\/www.waterskis.lv\\\/en\\\/#organization\"},\"potentialAction\":[{\"@type\":\"SearchAction\",\"target\":{\"@type\":\"EntryPoint\",\"urlTemplate\":\"https:\\\/\\\/www.waterskis.lv\\\/en\\\/?s={search_term_string}\"},\"query-input\":{\"@type\":\"PropertyValueSpecification\",\"valueRequired\":true,\"valueName\":\"search_term_string\"}}],\"inLanguage\":\"en-US\"},{\"@type\":\"Organization\",\"@id\":\"https:\\\/\\\/www.waterskis.lv\\\/en\\\/#organization\",\"name\":\"WATERSKIS.LV\",\"url\":\"https:\\\/\\\/www.waterskis.lv\\\/en\\\/\",\"logo\":{\"@type\":\"ImageObject\",\"inLanguage\":\"en-US\",\"@id\":\"https:\\\/\\\/www.waterskis.lv\\\/en\\\/#\\\/schema\\\/logo\\\/image\\\/\",\"url\":\"https:\\\/\\\/www.waterskis.lv\\\/wp-content\\\/uploads\\\/2025\\\/01\\\/JUVP-logo.png\",\"contentUrl\":\"https:\\\/\\\/www.waterskis.lv\\\/wp-content\\\/uploads\\\/2025\\\/01\\\/JUVP-logo.png\",\"width\":421,\"height\":202,\"caption\":\"WATERSKIS.LV\"},\"image\":{\"@id\":\"https:\\\/\\\/www.waterskis.lv\\\/en\\\/#\\\/schema\\\/logo\\\/image\\\/\"},\"sameAs\":[\"https:\\\/\\\/www.facebook.com\\\/jurmalawaterskiwakeboardpark\\\/\"]}]}<\/script>\n<!-- \/ Yoast SEO plugin. -->","yoast_head_json":{"title":"Jobe H2O Shoes 3mm GBS Adult - WATERSKIS.LV","description":"Jobe H2O Shoes 3mm GBS Adult With 3 mm neoprene and a thin profiled outsole offering control, warmth, protection and grip in & on the water","robots":{"index":"index","follow":"follow","max-snippet":"max-snippet:-1","max-image-preview":"max-image-preview:large","max-video-preview":"max-video-preview:-1"},"canonical":"https:\/\/www.waterskis.lv\/en\/product\/jobe-h2o-shoes-3mm-gbs-adult\/","og_locale":"en_US","og_type":"article","og_title":"Jobe H2O Shoes 3mm GBS Adult - WATERSKIS.LV","og_description":"Jobe H2O Shoes 3mm GBS Adult With 3 mm neoprene and a thin profiled outsole offering control, warmth, protection and grip in & on the water","og_url":"https:\/\/www.waterskis.lv\/en\/product\/jobe-h2o-shoes-3mm-gbs-adult\/","og_site_name":"WATERSKIS.LV","article_publisher":"https:\/\/www.facebook.com\/jurmalawaterskiwakeboardpark\/","article_modified_time":"2026-02-07T13:07:22+00:00","og_image":[{"width":1500,"height":1500,"url":"https:\/\/www.waterskis.lv\/wp-content\/uploads\/2026\/01\/H2O.jpg","type":"image\/jpeg"}],"twitter_card":"summary_large_image","twitter_misc":{"Est. reading time":"2 minutes"},"schema":{"@context":"https:\/\/schema.org","@graph":[{"@type":"WebPage","@id":"https:\/\/www.waterskis.lv\/en\/product\/jobe-h2o-shoes-3mm-gbs-adult\/","url":"https:\/\/www.waterskis.lv\/en\/product\/jobe-h2o-shoes-3mm-gbs-adult\/","name":"Jobe H2O Shoes 3mm GBS Adult - WATERSKIS.LV","isPartOf":{"@id":"https:\/\/www.waterskis.lv\/en\/#website"},"primaryImageOfPage":{"@id":"https:\/\/www.waterskis.lv\/en\/product\/jobe-h2o-shoes-3mm-gbs-adult\/#primaryimage"},"image":{"@id":"https:\/\/www.waterskis.lv\/en\/product\/jobe-h2o-shoes-3mm-gbs-adult\/#primaryimage"},"thumbnailUrl":"https:\/\/www.waterskis.lv\/wp-content\/uploads\/2026\/01\/H2O.jpg","datePublished":"2026-01-13T16:46:29+00:00","dateModified":"2026-02-07T13:07:22+00:00","description":"Jobe H2O Shoes 3mm GBS Adult With 3 mm neoprene and a thin profiled outsole offering control, warmth, protection and grip in & on the water","breadcrumb":{"@id":"https:\/\/www.waterskis.lv\/en\/product\/jobe-h2o-shoes-3mm-gbs-adult\/#breadcrumb"},"inLanguage":"en-US","potentialAction":[{"@type":"ReadAction","target":["https:\/\/www.waterskis.lv\/en\/product\/jobe-h2o-shoes-3mm-gbs-adult\/"]}]},{"@type":"ImageObject","inLanguage":"en-US","@id":"https:\/\/www.waterskis.lv\/en\/product\/jobe-h2o-shoes-3mm-gbs-adult\/#primaryimage","url":"https:\/\/www.waterskis.lv\/wp-content\/uploads\/2026\/01\/H2O.jpg","contentUrl":"https:\/\/www.waterskis.lv\/wp-content\/uploads\/2026\/01\/H2O.jpg","width":1500,"height":1500,"caption":"Jobe H2O Shoes 3mm GBS Adult"},{"@type":"BreadcrumbList","@id":"https:\/\/www.waterskis.lv\/en\/product\/jobe-h2o-shoes-3mm-gbs-adult\/#breadcrumb","itemListElement":[{"@type":"ListItem","position":1,"name":"Home","item":"https:\/\/www.waterskis.lv\/en\/"},{"@type":"ListItem","position":2,"name":"Shop","item":"https:\/\/waterskis.lv\/en\/shop\/"},{"@type":"ListItem","position":3,"name":"Jobe H2O Shoes 3mm GBS Adult"}]},{"@type":"WebSite","@id":"https:\/\/www.waterskis.lv\/en\/#website","url":"https:\/\/www.waterskis.lv\/en\/","name":"WATERSKIS.LV","description":"SUP d\u0113\u013ci, kajaki, kanoe, airu laivas, \u016bdenssl\u0113po\u0161ana, veikbords, SUP d\u0113\u013cu noma, kajaku nomaakt\u012bv\u0101s atp\u016btas centrs, laivu noma, sup noma, kajaku noma","publisher":{"@id":"https:\/\/www.waterskis.lv\/en\/#organization"},"potentialAction":[{"@type":"SearchAction","target":{"@type":"EntryPoint","urlTemplate":"https:\/\/www.waterskis.lv\/en\/?s={search_term_string}"},"query-input":{"@type":"PropertyValueSpecification","valueRequired":true,"valueName":"search_term_string"}}],"inLanguage":"en-US"},{"@type":"Organization","@id":"https:\/\/www.waterskis.lv\/en\/#organization","name":"WATERSKIS.LV","url":"https:\/\/www.waterskis.lv\/en\/","logo":{"@type":"ImageObject","inLanguage":"en-US","@id":"https:\/\/www.waterskis.lv\/en\/#\/schema\/logo\/image\/","url":"https:\/\/www.waterskis.lv\/wp-content\/uploads\/2025\/01\/JUVP-logo.png","contentUrl":"https:\/\/www.waterskis.lv\/wp-content\/uploads\/2025\/01\/JUVP-logo.png","width":421,"height":202,"caption":"WATERSKIS.LV"},"image":{"@id":"https:\/\/www.waterskis.lv\/en\/#\/schema\/logo\/image\/"},"sameAs":["https:\/\/www.facebook.com\/jurmalawaterskiwakeboardpark\/"]}]}},"_links":{"self":[{"href":"https:\/\/www.waterskis.lv\/en\/wp-json\/wp\/v2\/product\/70274","targetHints":{"allow":["GET"]}}],"collection":[{"href":"https:\/\/www.waterskis.lv\/en\/wp-json\/wp\/v2\/product"}],"about":[{"href":"https:\/\/www.waterskis.lv\/en\/wp-json\/wp\/v2\/types\/product"}],"replies":[{"embeddable":true,"href":"https:\/\/www.waterskis.lv\/en\/wp-json\/wp\/v2\/comments?post=70274"}],"wp:featuredmedia":[{"embeddable":true,"href":"https:\/\/www.waterskis.lv\/en\/wp-json\/wp\/v2\/media\/70275"}],"wp:attachment":[{"href":"https:\/\/www.waterskis.lv\/en\/wp-json\/wp\/v2\/media?parent=70274"}],"wp:term":[{"taxonomy":"product_brand","embeddable":true,"href":"https:\/\/www.waterskis.lv\/en\/wp-json\/wp\/v2\/product_brand?post=70274"},{"taxonomy":"product_cat","embeddable":true,"href":"https:\/\/www.waterskis.lv\/en\/wp-json\/wp\/v2\/product_cat?post=70274"},{"taxonomy":"product_tag","embeddable":true,"href":"https:\/\/www.waterskis.lv\/en\/wp-json\/wp\/v2\/product_tag?post=70274"}],"curies":[{"name":"wp","href":"https:\/\/api.w.org\/{rel}","templated":true}]}}