{"id":70291,"date":"2026-01-13T19:51:33","date_gmt":"2026-01-13T17:51:33","guid":{"rendered":"https:\/\/www.waterskis.lv\/product\/jobe-discover-sneaker-high-black\/"},"modified":"2026-02-07T14:44:01","modified_gmt":"2026-02-07T12:44:01","slug":"jobe-discover-sneaker-high-black","status":"publish","type":"product","link":"https:\/\/www.waterskis.lv\/en\/product\/jobe-discover-sneaker-high-black\/","title":{"rendered":"Jobe Discover Sneaker High Black"},"content":{"rendered":"<h1 class=\"productTitle s-hide\">Jobe Discover Sneaker High Black<\/h1>\n<p class=\"productTitle s-hide\">Jobe Discover Sneaker High Black<\/p>\n<div class=\"paragraph mt10 col-12\"><span class=\"s-hide\">Product ID\u00a0594623001<\/span><\/div>\n<div><\/div>\n<div>\n<h2 class=\"title-3 fs25 mt20 mb20 boldTitleFont grey uppercase np\">Specifications<\/h2>\n<div class=\"col-12 paragraph\">The Jobe Discover Watersports Sneaker High Black can handle it all while making you look good! We&#8217;ve re-designed this shoe to handle anything, from a long SUP tour to jumping into the water. This sneaker has been designed and tested with an exclusive sole for optimal water drainage and plenty of grip. This sneaker has a unique quick dry upper but also comes with a comfortable Velcro strap and lace system for a secure fit. This keeps your feet in lace even when you want to go all out! A sneaker which looks good both on land and on water and meant to be taken anywhere.<\/div>\n<div class=\"col-12 mt30 mb20\">\n<div class=\"col-12 \"><\/div>\n<\/div>\n<div class=\"col-12 paragraph mt20\">\n<ul class=\"autoColumn checkListSmall blackCheck\">\n<li>Ankle strap for extra support<\/li>\n<li>Drain tech outsole: unique water drainage system and extreme breathability<\/li>\n<li>Elastic laces for easy slip-on and ergonomic fit<\/li>\n<li>Flat outsole design for extra board contact and response with extreme, non skid mark, grip pattern<\/li>\n<li>Laminated perforated foam insole for extra comfort and extreme breathability<\/li>\n<li>Lightweight quick drying upper fabric<\/li>\n<li>Neoprene liner for keeping your feet warm when wet<\/li>\n<li>Upper stitched to outsole for extra durability<\/li>\n<\/ul>\n<\/div>\n<p><strong><span class=\"boldTitleFont uppercase blackColor fs30 mt10 col-12\">Discover watersports sneakers<\/span><\/strong><\/p>\n<div class=\"col-12 mb10\">\n<div class=\"col-12\"><strong><span class=\"boldTitleFont uppercase blackColor fs18 col-12\">How to measure<\/span><\/strong><\/div>\n<div>\n<p><span class=\"boldTitleFont uppercase blackColor fs20\">Size table<\/span><\/p>\n<div class=\"switch\"><label class=\"switch-label switch-label-off\" tabindex=\"0\" for=\"view_cm\">CM<\/label><label class=\"switch-label switch-label-on\" tabindex=\"0\" for=\"view_inch\">Inch<\/label><\/div>\n<table class=\"size_guide\">\n<thead>\n<tr>\n<th>EU Size<\/th>\n<th>US Size<\/th>\n<th>UK Size<\/th>\n<th>Inside length\u00a0<span class=\"sg_cm\">(CM)<\/span><\/th>\n<\/tr>\n<\/thead>\n<tbody>\n<tr>\n<td>36<\/td>\n<td>5<\/td>\n<td>4.5<\/td>\n<td><span class=\"sg_cm\">23.46<\/span><\/td>\n<\/tr>\n<tr>\n<td>37<\/td>\n<td>6<\/td>\n<td>5.5<\/td>\n<td><span class=\"sg_cm\">24.13<\/span><\/td>\n<\/tr>\n<tr>\n<td>38<\/td>\n<td>7<\/td>\n<td>6.5<\/td>\n<td><span class=\"sg_cm\">24.8<\/span><\/td>\n<\/tr>\n<tr>\n<td>39<\/td>\n<td>7.5<\/td>\n<td>7<\/td>\n<td><span class=\"sg_cm\">25.46<\/span><\/td>\n<\/tr>\n<tr>\n<td>40<\/td>\n<td>8<\/td>\n<td>7.5<\/td>\n<td><span class=\"sg_cm\">26.13<\/span><\/td>\n<\/tr>\n<tr>\n<td>41<\/td>\n<td>8.5<\/td>\n<td>8<\/td>\n<td><span class=\"sg_cm\">26.8<\/span><\/td>\n<\/tr>\n<tr>\n<td>42<\/td>\n<td>9<\/td>\n<td>8.5<\/td>\n<td><span class=\"sg_cm\">27.46<\/span><\/td>\n<\/tr>\n<tr>\n<td>43<\/td>\n<td>9.5<\/td>\n<td>9<\/td>\n<td><span class=\"sg_cm\">28.13<\/span><\/td>\n<\/tr>\n<tr>\n<td>44<\/td>\n<td>10<\/td>\n<td>9.5<\/td>\n<td><span class=\"sg_cm\">28.88<\/span><\/td>\n<\/tr>\n<tr>\n<td>45<\/td>\n<td>11<\/td>\n<td>10<\/td>\n<td><span class=\"sg_cm\">29,46<\/span><\/td>\n<\/tr>\n<\/tbody>\n<\/table>\n<\/div>\n<div><\/div>\n<\/div>\n<\/div>\n","protected":false},"excerpt":{"rendered":"<p>Jobe Discover Sneaker High Black Jobe Discover Sneaker High Black Product ID\u00a0594623001 Specifications The Jobe Discover Watersports Sneaker High Black can handle it all while making you look good! We&#8217;ve re-designed this shoe to handle anything, from a long SUP tour to jumping into the water. This sneaker has been designed and tested with an [&#8230;]<\/p>\n<p><a class=\"btn btn-secondary understrap-read-more-link\" href=\"https:\/\/www.waterskis.lv\/en\/product\/jobe-discover-sneaker-high-black\/\">Read More&#8230;<\/a><\/p>\n","protected":false},"featured_media":70292,"comment_status":"closed","ping_status":"closed","template":"","meta":{"_acf_changed":false,"inline_featured_image":false},"product_brand":[1330],"product_cat":[1089,736],"product_tag":[1764,3661,1774,3662,3663,3664],"class_list":{"0":"post-70291","1":"product","2":"type-product","3":"status-publish","4":"has-post-thumbnail","6":"product_brand-jobe-watersports","7":"product_cat-apparel","8":"product_cat-apparel-wetsuits","9":"product_tag-jobe-apavi","10":"product_tag-jobe-shoes","11":"product_tag-udens-apavi","12":"product_tag-water-shoes","13":"product_tag--jobe","14":"product_tag-3664","16":"first","17":"instock","18":"shipping-taxable","19":"purchasable","20":"product-type-simple"},"acf":[],"yoast_head":"<!-- This site is optimized with the Yoast SEO plugin v27.5 - https:\/\/yoast.com\/product\/yoast-seo-wordpress\/ -->\n<title>Jobe Discover Sneaker High Black - WATERSKIS.LV<\/title>\n<meta name=\"description\" content=\"Jobe Discover Sneaker High Black We&#039;ve re-designed this shoe to handle anything, from a long SUP tour to jumping into the water.\" \/>\n<meta name=\"robots\" content=\"index, follow, max-snippet:-1, max-image-preview:large, max-video-preview:-1\" \/>\n<link rel=\"canonical\" href=\"https:\/\/www.waterskis.lv\/en\/product\/jobe-discover-sneaker-high-black\/\" \/>\n<meta property=\"og:locale\" content=\"en_US\" \/>\n<meta property=\"og:type\" content=\"article\" \/>\n<meta property=\"og:title\" content=\"Jobe Discover Sneaker High Black - WATERSKIS.LV\" \/>\n<meta property=\"og:description\" content=\"Jobe Discover Sneaker High Black We&#039;ve re-designed this shoe to handle anything, from a long SUP tour to jumping into the water.\" \/>\n<meta property=\"og:url\" content=\"https:\/\/www.waterskis.lv\/en\/product\/jobe-discover-sneaker-high-black\/\" \/>\n<meta property=\"og:site_name\" content=\"WATERSKIS.LV\" \/>\n<meta property=\"article:publisher\" content=\"https:\/\/www.facebook.com\/jurmalawaterskiwakeboardpark\/\" \/>\n<meta property=\"article:modified_time\" content=\"2026-02-07T12:44:01+00:00\" \/>\n<meta property=\"og:image\" content=\"https:\/\/www.waterskis.lv\/wp-content\/uploads\/2026\/01\/DiscoverHigh.jpg\" \/>\n\t<meta property=\"og:image:width\" content=\"1500\" \/>\n\t<meta property=\"og:image:height\" content=\"1500\" \/>\n\t<meta property=\"og:image:type\" content=\"image\/jpeg\" \/>\n<meta name=\"twitter:card\" content=\"summary_large_image\" \/>\n<meta name=\"twitter:label1\" content=\"Est. reading time\" \/>\n\t<meta name=\"twitter:data1\" content=\"2 minutes\" \/>\n<script type=\"application\/ld+json\" class=\"yoast-schema-graph\">{\"@context\":\"https:\\\/\\\/schema.org\",\"@graph\":[{\"@type\":\"WebPage\",\"@id\":\"https:\\\/\\\/www.waterskis.lv\\\/en\\\/product\\\/jobe-discover-sneaker-high-black\\\/\",\"url\":\"https:\\\/\\\/www.waterskis.lv\\\/en\\\/product\\\/jobe-discover-sneaker-high-black\\\/\",\"name\":\"Jobe Discover Sneaker High Black - WATERSKIS.LV\",\"isPartOf\":{\"@id\":\"https:\\\/\\\/www.waterskis.lv\\\/en\\\/#website\"},\"primaryImageOfPage\":{\"@id\":\"https:\\\/\\\/www.waterskis.lv\\\/en\\\/product\\\/jobe-discover-sneaker-high-black\\\/#primaryimage\"},\"image\":{\"@id\":\"https:\\\/\\\/www.waterskis.lv\\\/en\\\/product\\\/jobe-discover-sneaker-high-black\\\/#primaryimage\"},\"thumbnailUrl\":\"https:\\\/\\\/www.waterskis.lv\\\/wp-content\\\/uploads\\\/2026\\\/01\\\/DiscoverHigh.jpg\",\"datePublished\":\"2026-01-13T17:51:33+00:00\",\"dateModified\":\"2026-02-07T12:44:01+00:00\",\"description\":\"Jobe Discover Sneaker High Black We've re-designed this shoe to handle anything, from a long SUP tour to jumping into the water.\",\"breadcrumb\":{\"@id\":\"https:\\\/\\\/www.waterskis.lv\\\/en\\\/product\\\/jobe-discover-sneaker-high-black\\\/#breadcrumb\"},\"inLanguage\":\"en-US\",\"potentialAction\":[{\"@type\":\"ReadAction\",\"target\":[\"https:\\\/\\\/www.waterskis.lv\\\/en\\\/product\\\/jobe-discover-sneaker-high-black\\\/\"]}]},{\"@type\":\"ImageObject\",\"inLanguage\":\"en-US\",\"@id\":\"https:\\\/\\\/www.waterskis.lv\\\/en\\\/product\\\/jobe-discover-sneaker-high-black\\\/#primaryimage\",\"url\":\"https:\\\/\\\/www.waterskis.lv\\\/wp-content\\\/uploads\\\/2026\\\/01\\\/DiscoverHigh.jpg\",\"contentUrl\":\"https:\\\/\\\/www.waterskis.lv\\\/wp-content\\\/uploads\\\/2026\\\/01\\\/DiscoverHigh.jpg\",\"width\":1500,\"height\":1500,\"caption\":\"Jobe Discover Sneaker High Black\"},{\"@type\":\"BreadcrumbList\",\"@id\":\"https:\\\/\\\/www.waterskis.lv\\\/en\\\/product\\\/jobe-discover-sneaker-high-black\\\/#breadcrumb\",\"itemListElement\":[{\"@type\":\"ListItem\",\"position\":1,\"name\":\"Home\",\"item\":\"https:\\\/\\\/www.waterskis.lv\\\/en\\\/\"},{\"@type\":\"ListItem\",\"position\":2,\"name\":\"Shop\",\"item\":\"https:\\\/\\\/waterskis.lv\\\/en\\\/shop\\\/\"},{\"@type\":\"ListItem\",\"position\":3,\"name\":\"Jobe Discover Sneaker High Black\"}]},{\"@type\":\"WebSite\",\"@id\":\"https:\\\/\\\/www.waterskis.lv\\\/en\\\/#website\",\"url\":\"https:\\\/\\\/www.waterskis.lv\\\/en\\\/\",\"name\":\"WATERSKIS.LV\",\"description\":\"SUP d\u0113\u013ci, kajaki, kanoe, airu laivas, \u016bdenssl\u0113po\u0161ana, veikbords, SUP d\u0113\u013cu noma, kajaku nomaakt\u012bv\u0101s atp\u016btas centrs, laivu noma, sup noma, kajaku noma\",\"publisher\":{\"@id\":\"https:\\\/\\\/www.waterskis.lv\\\/en\\\/#organization\"},\"potentialAction\":[{\"@type\":\"SearchAction\",\"target\":{\"@type\":\"EntryPoint\",\"urlTemplate\":\"https:\\\/\\\/www.waterskis.lv\\\/en\\\/?s={search_term_string}\"},\"query-input\":{\"@type\":\"PropertyValueSpecification\",\"valueRequired\":true,\"valueName\":\"search_term_string\"}}],\"inLanguage\":\"en-US\"},{\"@type\":\"Organization\",\"@id\":\"https:\\\/\\\/www.waterskis.lv\\\/en\\\/#organization\",\"name\":\"WATERSKIS.LV\",\"url\":\"https:\\\/\\\/www.waterskis.lv\\\/en\\\/\",\"logo\":{\"@type\":\"ImageObject\",\"inLanguage\":\"en-US\",\"@id\":\"https:\\\/\\\/www.waterskis.lv\\\/en\\\/#\\\/schema\\\/logo\\\/image\\\/\",\"url\":\"https:\\\/\\\/www.waterskis.lv\\\/wp-content\\\/uploads\\\/2025\\\/01\\\/JUVP-logo.png\",\"contentUrl\":\"https:\\\/\\\/www.waterskis.lv\\\/wp-content\\\/uploads\\\/2025\\\/01\\\/JUVP-logo.png\",\"width\":421,\"height\":202,\"caption\":\"WATERSKIS.LV\"},\"image\":{\"@id\":\"https:\\\/\\\/www.waterskis.lv\\\/en\\\/#\\\/schema\\\/logo\\\/image\\\/\"},\"sameAs\":[\"https:\\\/\\\/www.facebook.com\\\/jurmalawaterskiwakeboardpark\\\/\"]}]}<\/script>\n<!-- \/ Yoast SEO plugin. -->","yoast_head_json":{"title":"Jobe Discover Sneaker High Black - WATERSKIS.LV","description":"Jobe Discover Sneaker High Black We've re-designed this shoe to handle anything, from a long SUP tour to jumping into the water.","robots":{"index":"index","follow":"follow","max-snippet":"max-snippet:-1","max-image-preview":"max-image-preview:large","max-video-preview":"max-video-preview:-1"},"canonical":"https:\/\/www.waterskis.lv\/en\/product\/jobe-discover-sneaker-high-black\/","og_locale":"en_US","og_type":"article","og_title":"Jobe Discover Sneaker High Black - WATERSKIS.LV","og_description":"Jobe Discover Sneaker High Black We've re-designed this shoe to handle anything, from a long SUP tour to jumping into the water.","og_url":"https:\/\/www.waterskis.lv\/en\/product\/jobe-discover-sneaker-high-black\/","og_site_name":"WATERSKIS.LV","article_publisher":"https:\/\/www.facebook.com\/jurmalawaterskiwakeboardpark\/","article_modified_time":"2026-02-07T12:44:01+00:00","og_image":[{"width":1500,"height":1500,"url":"https:\/\/www.waterskis.lv\/wp-content\/uploads\/2026\/01\/DiscoverHigh.jpg","type":"image\/jpeg"}],"twitter_card":"summary_large_image","twitter_misc":{"Est. reading time":"2 minutes"},"schema":{"@context":"https:\/\/schema.org","@graph":[{"@type":"WebPage","@id":"https:\/\/www.waterskis.lv\/en\/product\/jobe-discover-sneaker-high-black\/","url":"https:\/\/www.waterskis.lv\/en\/product\/jobe-discover-sneaker-high-black\/","name":"Jobe Discover Sneaker High Black - WATERSKIS.LV","isPartOf":{"@id":"https:\/\/www.waterskis.lv\/en\/#website"},"primaryImageOfPage":{"@id":"https:\/\/www.waterskis.lv\/en\/product\/jobe-discover-sneaker-high-black\/#primaryimage"},"image":{"@id":"https:\/\/www.waterskis.lv\/en\/product\/jobe-discover-sneaker-high-black\/#primaryimage"},"thumbnailUrl":"https:\/\/www.waterskis.lv\/wp-content\/uploads\/2026\/01\/DiscoverHigh.jpg","datePublished":"2026-01-13T17:51:33+00:00","dateModified":"2026-02-07T12:44:01+00:00","description":"Jobe Discover Sneaker High Black We've re-designed this shoe to handle anything, from a long SUP tour to jumping into the water.","breadcrumb":{"@id":"https:\/\/www.waterskis.lv\/en\/product\/jobe-discover-sneaker-high-black\/#breadcrumb"},"inLanguage":"en-US","potentialAction":[{"@type":"ReadAction","target":["https:\/\/www.waterskis.lv\/en\/product\/jobe-discover-sneaker-high-black\/"]}]},{"@type":"ImageObject","inLanguage":"en-US","@id":"https:\/\/www.waterskis.lv\/en\/product\/jobe-discover-sneaker-high-black\/#primaryimage","url":"https:\/\/www.waterskis.lv\/wp-content\/uploads\/2026\/01\/DiscoverHigh.jpg","contentUrl":"https:\/\/www.waterskis.lv\/wp-content\/uploads\/2026\/01\/DiscoverHigh.jpg","width":1500,"height":1500,"caption":"Jobe Discover Sneaker High Black"},{"@type":"BreadcrumbList","@id":"https:\/\/www.waterskis.lv\/en\/product\/jobe-discover-sneaker-high-black\/#breadcrumb","itemListElement":[{"@type":"ListItem","position":1,"name":"Home","item":"https:\/\/www.waterskis.lv\/en\/"},{"@type":"ListItem","position":2,"name":"Shop","item":"https:\/\/waterskis.lv\/en\/shop\/"},{"@type":"ListItem","position":3,"name":"Jobe Discover Sneaker High Black"}]},{"@type":"WebSite","@id":"https:\/\/www.waterskis.lv\/en\/#website","url":"https:\/\/www.waterskis.lv\/en\/","name":"WATERSKIS.LV","description":"SUP d\u0113\u013ci, kajaki, kanoe, airu laivas, \u016bdenssl\u0113po\u0161ana, veikbords, SUP d\u0113\u013cu noma, kajaku nomaakt\u012bv\u0101s atp\u016btas centrs, laivu noma, sup noma, kajaku noma","publisher":{"@id":"https:\/\/www.waterskis.lv\/en\/#organization"},"potentialAction":[{"@type":"SearchAction","target":{"@type":"EntryPoint","urlTemplate":"https:\/\/www.waterskis.lv\/en\/?s={search_term_string}"},"query-input":{"@type":"PropertyValueSpecification","valueRequired":true,"valueName":"search_term_string"}}],"inLanguage":"en-US"},{"@type":"Organization","@id":"https:\/\/www.waterskis.lv\/en\/#organization","name":"WATERSKIS.LV","url":"https:\/\/www.waterskis.lv\/en\/","logo":{"@type":"ImageObject","inLanguage":"en-US","@id":"https:\/\/www.waterskis.lv\/en\/#\/schema\/logo\/image\/","url":"https:\/\/www.waterskis.lv\/wp-content\/uploads\/2025\/01\/JUVP-logo.png","contentUrl":"https:\/\/www.waterskis.lv\/wp-content\/uploads\/2025\/01\/JUVP-logo.png","width":421,"height":202,"caption":"WATERSKIS.LV"},"image":{"@id":"https:\/\/www.waterskis.lv\/en\/#\/schema\/logo\/image\/"},"sameAs":["https:\/\/www.facebook.com\/jurmalawaterskiwakeboardpark\/"]}]}},"_links":{"self":[{"href":"https:\/\/www.waterskis.lv\/en\/wp-json\/wp\/v2\/product\/70291","targetHints":{"allow":["GET"]}}],"collection":[{"href":"https:\/\/www.waterskis.lv\/en\/wp-json\/wp\/v2\/product"}],"about":[{"href":"https:\/\/www.waterskis.lv\/en\/wp-json\/wp\/v2\/types\/product"}],"replies":[{"embeddable":true,"href":"https:\/\/www.waterskis.lv\/en\/wp-json\/wp\/v2\/comments?post=70291"}],"wp:featuredmedia":[{"embeddable":true,"href":"https:\/\/www.waterskis.lv\/en\/wp-json\/wp\/v2\/media\/70292"}],"wp:attachment":[{"href":"https:\/\/www.waterskis.lv\/en\/wp-json\/wp\/v2\/media?parent=70291"}],"wp:term":[{"taxonomy":"product_brand","embeddable":true,"href":"https:\/\/www.waterskis.lv\/en\/wp-json\/wp\/v2\/product_brand?post=70291"},{"taxonomy":"product_cat","embeddable":true,"href":"https:\/\/www.waterskis.lv\/en\/wp-json\/wp\/v2\/product_cat?post=70291"},{"taxonomy":"product_tag","embeddable":true,"href":"https:\/\/www.waterskis.lv\/en\/wp-json\/wp\/v2\/product_tag?post=70291"}],"curies":[{"name":"wp","href":"https:\/\/api.w.org\/{rel}","templated":true}]}}