{"id":70363,"date":"2026-01-15T06:40:40","date_gmt":"2026-01-15T04:40:40","guid":{"rendered":"https:\/\/www.waterskis.lv\/product\/turboswing-turboswing-ski-tow-bar-max\/"},"modified":"2026-01-15T06:45:38","modified_gmt":"2026-01-15T04:45:38","slug":"turboswing-turboswing-ski-tow-bar-max","status":"publish","type":"product","link":"https:\/\/www.waterskis.lv\/en\/product\/turboswing-turboswing-ski-tow-bar-max\/","title":{"rendered":"Turboswing TurboSwing\u00ae Ski Tow Bar MAX"},"content":{"rendered":"<h1 class=\"page-title\"><span class=\"base\" data-ui-id=\"page-title-wrapper\">Turboswing TurboSwing\u00ae Ski Tow Bar MAX<\/span><\/h1>\n<p class=\"page-title\"><span class=\"base\" data-ui-id=\"page-title-wrapper\">Turboswing TurboSwing\u00ae Ski Tow Bar MAX<\/span><\/p>\n<table id=\"product-attribute-specs-table\" class=\"data table additional-attributes\">\n<caption class=\"table-caption\">More Information<\/caption>\n<tbody>\n<tr>\n<th class=\"col label\" scope=\"row\">SKU<\/th>\n<td class=\"col data\" data-th=\"SKU\">TSMAX<\/td>\n<\/tr>\n<tr>\n<th class=\"col label\" scope=\"row\">Brand<\/th>\n<td class=\"col data\" data-th=\"Brand\">Turboswing<\/td>\n<\/tr>\n<\/tbody>\n<\/table>\n<p>The TurboSwing Max was designed with strength, stability, and longevity in mind. As the required size to accommodate modern motors has increased, materials for the TurboSwing max have been fortified to maintain deflection and resilience. Designed to accommodate modern, high-horsepower motors, this is our largest and most universal TurboSwing ever.<\/p>\n<p><strong>Compatible with Large High-horsepower Motors<\/strong><br \/>\nAs motors continue to get larger, we modified the TurboSwing design to accommodate these high-horsepower motors (like the Mercury AMS, other V8 Verados, and the Supercharged Inline 6 Mercury 400.) Our new TurboSwing Max is set at a fixed 5-degree angle for optimal performance and is designed to mimic the steering axis of the outboard at its lowest position, putting the bar in the best possible position for clearance to the motor body without adding width between the brackets.<\/p>\n<p><em>Note<\/em><\/p>\n<p><em>If your transom has a stepped out feature (ladder, power pole, kicker motor, transom extensions, etc.) that extends around the sides of the engine you will need to ensure there is enough clearance for the TurboSwing MAX to be installed. The width from the outer edge of the outboard engine bracket to the inner edge of the stepped out feature on the transom must be at least 12in wide. The step out portion of the transom must be no more than 12in deep. If the transom step out exceeds this depth, you will run the risk of the TurboSwing MAX touching the transom.<\/em><\/p>\n<p id=\"K8P24GV\"><strong>Fast and Easy Installation<\/strong><br \/>\nUnlike other TurboSwing models which require the use of your existing motor bracket, the TurboSwing Max is designed to mount directly to your boat\u2019s transom. This allows you to safely pull riders and tubes from the strongest point of your boat.<\/p>\n<p>The TurboSwing Max is constructed from 1-\u00bc&#8221; duplex stainless steel and utilizes a one-piece mounting bracket that requires a hole to be drilled on either side of your motor. While you increase the fun factor on your boat<\/p>\n<p><strong>Features<\/strong><\/p>\n<ul>\n<li>Corrosion resistant 316 stainless steel tow bar elevates the tow rope to keep it clear of the wake and prop wash<\/li>\n<li>Pulley system affords smooth, consistent pulls<\/li>\n<li>Improves vessel stability, maneuverability, fuel economy and towing power<\/li>\n<li>Easy Installation &#8211; attaches directly to boat&#8217;s transom<\/li>\n<li>Tow ropes clip quickly and easily to TurboSwing pulley system<\/li>\n<li>Can accommodate multiple riders<\/li>\n<li>Protects engine from impact<\/li>\n<li>Tow bar can be quickly removed<\/li>\n<\/ul>\n","protected":false},"excerpt":{"rendered":"<ul data-pm-slice=\"3 3 []\">\n<li>Corrosion resistant 316 stainless steel tow bar elevates the tow rope to keep it clear of the wake and prop wash<\/li>\n<li>Pulley system affords smooth, consistent pulls<\/li>\n<li>Improves vessel stability, maneuverability, fuel economy and towing power<\/li>\n<li>Easy Installation &#8211; attaches directly to boat&#8217;s transom<\/li>\n<li>Tow ropes clip quickly and easily to TurboSwing pulley system<\/li>\n<li>Can accommodate multiple riders<\/li>\n<li>Protects engine from impact<\/li>\n<li>Tow bar can be quickly removed<\/li>\n<\/ul>\n<p> [&#8230;]<\/p>\n<p><a class=\"btn btn-secondary understrap-read-more-link\" href=\"https:\/\/www.waterskis.lv\/en\/product\/turboswing-turboswing-ski-tow-bar-max\/\">Read More&#8230;<\/a><\/p>\n","protected":false},"featured_media":70367,"comment_status":"closed","ping_status":"closed","template":"","meta":{"_acf_changed":false,"inline_featured_image":false},"product_brand":[1824],"product_cat":[1171,1177],"product_tag":[1831,1826],"class_list":{"0":"post-70363","1":"product","2":"type-product","3":"status-publish","4":"has-post-thumbnail","6":"product_brand-turboswing","7":"product_cat-boat-parts","8":"product_cat-turboswing-tow-bar","9":"product_tag-sakabes-stienis-turboswing","10":"product_tag-turboswing","12":"first","13":"instock","14":"shipping-taxable","15":"purchasable","16":"product-type-simple"},"acf":[],"yoast_head":"<!-- This site is optimized with the Yoast SEO plugin v27.5 - https:\/\/yoast.com\/product\/yoast-seo-wordpress\/ -->\n<title>Turboswing TurboSwing\u00ae Ski Tow Bar MAX - WATERSKIS.LV<\/title>\n<meta name=\"description\" content=\"Turboswing TurboSwing\u00ae Ski Tow Bar MAX. Designed to accommodate modern, high-horsepower motors, this is our largest and most universal TurboSwing ever.\" \/>\n<meta name=\"robots\" content=\"index, follow, max-snippet:-1, max-image-preview:large, max-video-preview:-1\" \/>\n<link rel=\"canonical\" href=\"https:\/\/www.waterskis.lv\/en\/product\/turboswing-turboswing-ski-tow-bar-max\/\" \/>\n<meta property=\"og:locale\" content=\"en_US\" \/>\n<meta property=\"og:type\" content=\"article\" \/>\n<meta property=\"og:title\" content=\"Turboswing TurboSwing\u00ae Ski Tow Bar MAX - WATERSKIS.LV\" \/>\n<meta property=\"og:description\" content=\"Turboswing TurboSwing\u00ae Ski Tow Bar MAX. Designed to accommodate modern, high-horsepower motors, this is our largest and most universal TurboSwing ever.\" \/>\n<meta property=\"og:url\" content=\"https:\/\/www.waterskis.lv\/en\/product\/turboswing-turboswing-ski-tow-bar-max\/\" \/>\n<meta property=\"og:site_name\" content=\"WATERSKIS.LV\" \/>\n<meta property=\"article:publisher\" content=\"https:\/\/www.facebook.com\/jurmalawaterskiwakeboardpark\/\" \/>\n<meta property=\"article:modified_time\" content=\"2026-01-15T04:45:38+00:00\" \/>\n<meta property=\"og:image\" content=\"https:\/\/www.waterskis.lv\/wp-content\/uploads\/2026\/01\/turboswingmax_1500_x_1500_px_4_.jpg\" \/>\n\t<meta property=\"og:image:width\" content=\"1200\" \/>\n\t<meta property=\"og:image:height\" content=\"1200\" \/>\n\t<meta property=\"og:image:type\" content=\"image\/jpeg\" \/>\n<meta name=\"twitter:card\" content=\"summary_large_image\" \/>\n<meta name=\"twitter:label1\" content=\"Est. reading time\" \/>\n\t<meta name=\"twitter:data1\" content=\"3 minutes\" \/>\n<script type=\"application\/ld+json\" class=\"yoast-schema-graph\">{\"@context\":\"https:\\\/\\\/schema.org\",\"@graph\":[{\"@type\":\"WebPage\",\"@id\":\"https:\\\/\\\/www.waterskis.lv\\\/en\\\/product\\\/turboswing-turboswing-ski-tow-bar-max\\\/\",\"url\":\"https:\\\/\\\/www.waterskis.lv\\\/en\\\/product\\\/turboswing-turboswing-ski-tow-bar-max\\\/\",\"name\":\"Turboswing TurboSwing\u00ae Ski Tow Bar MAX - WATERSKIS.LV\",\"isPartOf\":{\"@id\":\"https:\\\/\\\/www.waterskis.lv\\\/en\\\/#website\"},\"primaryImageOfPage\":{\"@id\":\"https:\\\/\\\/www.waterskis.lv\\\/en\\\/product\\\/turboswing-turboswing-ski-tow-bar-max\\\/#primaryimage\"},\"image\":{\"@id\":\"https:\\\/\\\/www.waterskis.lv\\\/en\\\/product\\\/turboswing-turboswing-ski-tow-bar-max\\\/#primaryimage\"},\"thumbnailUrl\":\"https:\\\/\\\/www.waterskis.lv\\\/wp-content\\\/uploads\\\/2026\\\/01\\\/turboswingmax_1500_x_1500_px_4_.jpg\",\"datePublished\":\"2026-01-15T04:40:40+00:00\",\"dateModified\":\"2026-01-15T04:45:38+00:00\",\"description\":\"Turboswing TurboSwing\u00ae Ski Tow Bar MAX. Designed to accommodate modern, high-horsepower motors, this is our largest and most universal TurboSwing ever.\",\"breadcrumb\":{\"@id\":\"https:\\\/\\\/www.waterskis.lv\\\/en\\\/product\\\/turboswing-turboswing-ski-tow-bar-max\\\/#breadcrumb\"},\"inLanguage\":\"en-US\",\"potentialAction\":[{\"@type\":\"ReadAction\",\"target\":[\"https:\\\/\\\/www.waterskis.lv\\\/en\\\/product\\\/turboswing-turboswing-ski-tow-bar-max\\\/\"]}]},{\"@type\":\"ImageObject\",\"inLanguage\":\"en-US\",\"@id\":\"https:\\\/\\\/www.waterskis.lv\\\/en\\\/product\\\/turboswing-turboswing-ski-tow-bar-max\\\/#primaryimage\",\"url\":\"https:\\\/\\\/www.waterskis.lv\\\/wp-content\\\/uploads\\\/2026\\\/01\\\/turboswingmax_1500_x_1500_px_4_.jpg\",\"contentUrl\":\"https:\\\/\\\/www.waterskis.lv\\\/wp-content\\\/uploads\\\/2026\\\/01\\\/turboswingmax_1500_x_1500_px_4_.jpg\",\"width\":1200,\"height\":1200,\"caption\":\"Turboswing TurboSwing\u00ae Ski Tow Bar MAX\"},{\"@type\":\"BreadcrumbList\",\"@id\":\"https:\\\/\\\/www.waterskis.lv\\\/en\\\/product\\\/turboswing-turboswing-ski-tow-bar-max\\\/#breadcrumb\",\"itemListElement\":[{\"@type\":\"ListItem\",\"position\":1,\"name\":\"Home\",\"item\":\"https:\\\/\\\/www.waterskis.lv\\\/en\\\/\"},{\"@type\":\"ListItem\",\"position\":2,\"name\":\"Shop\",\"item\":\"https:\\\/\\\/waterskis.lv\\\/en\\\/shop\\\/\"},{\"@type\":\"ListItem\",\"position\":3,\"name\":\"Turboswing TurboSwing\u00ae Ski Tow Bar MAX\"}]},{\"@type\":\"WebSite\",\"@id\":\"https:\\\/\\\/www.waterskis.lv\\\/en\\\/#website\",\"url\":\"https:\\\/\\\/www.waterskis.lv\\\/en\\\/\",\"name\":\"WATERSKIS.LV\",\"description\":\"SUP d\u0113\u013ci, kajaki, kanoe, airu laivas, \u016bdenssl\u0113po\u0161ana, veikbords, SUP d\u0113\u013cu noma, kajaku nomaakt\u012bv\u0101s atp\u016btas centrs, laivu noma, sup noma, kajaku noma\",\"publisher\":{\"@id\":\"https:\\\/\\\/www.waterskis.lv\\\/en\\\/#organization\"},\"potentialAction\":[{\"@type\":\"SearchAction\",\"target\":{\"@type\":\"EntryPoint\",\"urlTemplate\":\"https:\\\/\\\/www.waterskis.lv\\\/en\\\/?s={search_term_string}\"},\"query-input\":{\"@type\":\"PropertyValueSpecification\",\"valueRequired\":true,\"valueName\":\"search_term_string\"}}],\"inLanguage\":\"en-US\"},{\"@type\":\"Organization\",\"@id\":\"https:\\\/\\\/www.waterskis.lv\\\/en\\\/#organization\",\"name\":\"WATERSKIS.LV\",\"url\":\"https:\\\/\\\/www.waterskis.lv\\\/en\\\/\",\"logo\":{\"@type\":\"ImageObject\",\"inLanguage\":\"en-US\",\"@id\":\"https:\\\/\\\/www.waterskis.lv\\\/en\\\/#\\\/schema\\\/logo\\\/image\\\/\",\"url\":\"https:\\\/\\\/www.waterskis.lv\\\/wp-content\\\/uploads\\\/2025\\\/01\\\/JUVP-logo.png\",\"contentUrl\":\"https:\\\/\\\/www.waterskis.lv\\\/wp-content\\\/uploads\\\/2025\\\/01\\\/JUVP-logo.png\",\"width\":421,\"height\":202,\"caption\":\"WATERSKIS.LV\"},\"image\":{\"@id\":\"https:\\\/\\\/www.waterskis.lv\\\/en\\\/#\\\/schema\\\/logo\\\/image\\\/\"},\"sameAs\":[\"https:\\\/\\\/www.facebook.com\\\/jurmalawaterskiwakeboardpark\\\/\"]}]}<\/script>\n<!-- \/ Yoast SEO plugin. -->","yoast_head_json":{"title":"Turboswing TurboSwing\u00ae Ski Tow Bar MAX - WATERSKIS.LV","description":"Turboswing TurboSwing\u00ae Ski Tow Bar MAX. Designed to accommodate modern, high-horsepower motors, this is our largest and most universal TurboSwing ever.","robots":{"index":"index","follow":"follow","max-snippet":"max-snippet:-1","max-image-preview":"max-image-preview:large","max-video-preview":"max-video-preview:-1"},"canonical":"https:\/\/www.waterskis.lv\/en\/product\/turboswing-turboswing-ski-tow-bar-max\/","og_locale":"en_US","og_type":"article","og_title":"Turboswing TurboSwing\u00ae Ski Tow Bar MAX - WATERSKIS.LV","og_description":"Turboswing TurboSwing\u00ae Ski Tow Bar MAX. Designed to accommodate modern, high-horsepower motors, this is our largest and most universal TurboSwing ever.","og_url":"https:\/\/www.waterskis.lv\/en\/product\/turboswing-turboswing-ski-tow-bar-max\/","og_site_name":"WATERSKIS.LV","article_publisher":"https:\/\/www.facebook.com\/jurmalawaterskiwakeboardpark\/","article_modified_time":"2026-01-15T04:45:38+00:00","og_image":[{"width":1200,"height":1200,"url":"https:\/\/www.waterskis.lv\/wp-content\/uploads\/2026\/01\/turboswingmax_1500_x_1500_px_4_.jpg","type":"image\/jpeg"}],"twitter_card":"summary_large_image","twitter_misc":{"Est. reading time":"3 minutes"},"schema":{"@context":"https:\/\/schema.org","@graph":[{"@type":"WebPage","@id":"https:\/\/www.waterskis.lv\/en\/product\/turboswing-turboswing-ski-tow-bar-max\/","url":"https:\/\/www.waterskis.lv\/en\/product\/turboswing-turboswing-ski-tow-bar-max\/","name":"Turboswing TurboSwing\u00ae Ski Tow Bar MAX - WATERSKIS.LV","isPartOf":{"@id":"https:\/\/www.waterskis.lv\/en\/#website"},"primaryImageOfPage":{"@id":"https:\/\/www.waterskis.lv\/en\/product\/turboswing-turboswing-ski-tow-bar-max\/#primaryimage"},"image":{"@id":"https:\/\/www.waterskis.lv\/en\/product\/turboswing-turboswing-ski-tow-bar-max\/#primaryimage"},"thumbnailUrl":"https:\/\/www.waterskis.lv\/wp-content\/uploads\/2026\/01\/turboswingmax_1500_x_1500_px_4_.jpg","datePublished":"2026-01-15T04:40:40+00:00","dateModified":"2026-01-15T04:45:38+00:00","description":"Turboswing TurboSwing\u00ae Ski Tow Bar MAX. Designed to accommodate modern, high-horsepower motors, this is our largest and most universal TurboSwing ever.","breadcrumb":{"@id":"https:\/\/www.waterskis.lv\/en\/product\/turboswing-turboswing-ski-tow-bar-max\/#breadcrumb"},"inLanguage":"en-US","potentialAction":[{"@type":"ReadAction","target":["https:\/\/www.waterskis.lv\/en\/product\/turboswing-turboswing-ski-tow-bar-max\/"]}]},{"@type":"ImageObject","inLanguage":"en-US","@id":"https:\/\/www.waterskis.lv\/en\/product\/turboswing-turboswing-ski-tow-bar-max\/#primaryimage","url":"https:\/\/www.waterskis.lv\/wp-content\/uploads\/2026\/01\/turboswingmax_1500_x_1500_px_4_.jpg","contentUrl":"https:\/\/www.waterskis.lv\/wp-content\/uploads\/2026\/01\/turboswingmax_1500_x_1500_px_4_.jpg","width":1200,"height":1200,"caption":"Turboswing TurboSwing\u00ae Ski Tow Bar MAX"},{"@type":"BreadcrumbList","@id":"https:\/\/www.waterskis.lv\/en\/product\/turboswing-turboswing-ski-tow-bar-max\/#breadcrumb","itemListElement":[{"@type":"ListItem","position":1,"name":"Home","item":"https:\/\/www.waterskis.lv\/en\/"},{"@type":"ListItem","position":2,"name":"Shop","item":"https:\/\/waterskis.lv\/en\/shop\/"},{"@type":"ListItem","position":3,"name":"Turboswing TurboSwing\u00ae Ski Tow Bar MAX"}]},{"@type":"WebSite","@id":"https:\/\/www.waterskis.lv\/en\/#website","url":"https:\/\/www.waterskis.lv\/en\/","name":"WATERSKIS.LV","description":"SUP d\u0113\u013ci, kajaki, kanoe, airu laivas, \u016bdenssl\u0113po\u0161ana, veikbords, SUP d\u0113\u013cu noma, kajaku nomaakt\u012bv\u0101s atp\u016btas centrs, laivu noma, sup noma, kajaku noma","publisher":{"@id":"https:\/\/www.waterskis.lv\/en\/#organization"},"potentialAction":[{"@type":"SearchAction","target":{"@type":"EntryPoint","urlTemplate":"https:\/\/www.waterskis.lv\/en\/?s={search_term_string}"},"query-input":{"@type":"PropertyValueSpecification","valueRequired":true,"valueName":"search_term_string"}}],"inLanguage":"en-US"},{"@type":"Organization","@id":"https:\/\/www.waterskis.lv\/en\/#organization","name":"WATERSKIS.LV","url":"https:\/\/www.waterskis.lv\/en\/","logo":{"@type":"ImageObject","inLanguage":"en-US","@id":"https:\/\/www.waterskis.lv\/en\/#\/schema\/logo\/image\/","url":"https:\/\/www.waterskis.lv\/wp-content\/uploads\/2025\/01\/JUVP-logo.png","contentUrl":"https:\/\/www.waterskis.lv\/wp-content\/uploads\/2025\/01\/JUVP-logo.png","width":421,"height":202,"caption":"WATERSKIS.LV"},"image":{"@id":"https:\/\/www.waterskis.lv\/en\/#\/schema\/logo\/image\/"},"sameAs":["https:\/\/www.facebook.com\/jurmalawaterskiwakeboardpark\/"]}]}},"_links":{"self":[{"href":"https:\/\/www.waterskis.lv\/en\/wp-json\/wp\/v2\/product\/70363","targetHints":{"allow":["GET"]}}],"collection":[{"href":"https:\/\/www.waterskis.lv\/en\/wp-json\/wp\/v2\/product"}],"about":[{"href":"https:\/\/www.waterskis.lv\/en\/wp-json\/wp\/v2\/types\/product"}],"replies":[{"embeddable":true,"href":"https:\/\/www.waterskis.lv\/en\/wp-json\/wp\/v2\/comments?post=70363"}],"wp:featuredmedia":[{"embeddable":true,"href":"https:\/\/www.waterskis.lv\/en\/wp-json\/wp\/v2\/media\/70367"}],"wp:attachment":[{"href":"https:\/\/www.waterskis.lv\/en\/wp-json\/wp\/v2\/media?parent=70363"}],"wp:term":[{"taxonomy":"product_brand","embeddable":true,"href":"https:\/\/www.waterskis.lv\/en\/wp-json\/wp\/v2\/product_brand?post=70363"},{"taxonomy":"product_cat","embeddable":true,"href":"https:\/\/www.waterskis.lv\/en\/wp-json\/wp\/v2\/product_cat?post=70363"},{"taxonomy":"product_tag","embeddable":true,"href":"https:\/\/www.waterskis.lv\/en\/wp-json\/wp\/v2\/product_tag?post=70363"}],"curies":[{"name":"wp","href":"https:\/\/api.w.org\/{rel}","templated":true}]}}