{"id":70380,"date":"2026-01-15T07:06:43","date_gmt":"2026-01-15T05:06:43","guid":{"rendered":"https:\/\/www.waterskis.lv\/product\/monster-tower-mte-wakeboard-tower-polished\/"},"modified":"2026-01-15T07:19:08","modified_gmt":"2026-01-15T05:19:08","slug":"monster-tower-mte-wakeboard-tower-polished","status":"publish","type":"product","link":"https:\/\/www.waterskis.lv\/en\/product\/monster-tower-mte-wakeboard-tower-polished\/","title":{"rendered":"Monster Tower MTE Wakeboard Tower &#8211; Polished"},"content":{"rendered":"<h1 class=\"page-title\"><span class=\"base\" data-ui-id=\"page-title-wrapper\">Monster Tower MTE Wakeboard Tower &#8211; Polished<\/span><\/h1>\n<p class=\"page-title\"><span class=\"base\" data-ui-id=\"page-title-wrapper\">Monster Tower MTE Wakeboard Tower &#8211; Polished<\/span><\/p>\n<table id=\"product-attribute-specs-table\" class=\"data table additional-attributes\">\n<caption class=\"table-caption\">More Information<\/caption>\n<tbody>\n<tr>\n<th class=\"col label\" scope=\"row\">SKU<\/th>\n<td class=\"col data\" data-th=\"SKU\">MT-SOT301<\/td>\n<\/tr>\n<tr>\n<th class=\"col label\" scope=\"row\">EAN<\/th>\n<td class=\"col data\" data-th=\"EAN\">7426790009970<\/td>\n<\/tr>\n<tr>\n<th class=\"col label\" scope=\"row\">Brand<\/th>\n<td class=\"col data\" data-th=\"Brand\">Monster Tower<\/td>\n<\/tr>\n<tr>\n<th class=\"col label\" scope=\"row\">Color<\/th>\n<td class=\"col data\" data-th=\"Color\">Polished<\/td>\n<\/tr>\n<\/tbody>\n<\/table>\n<p>For a great wakeboard tower that makes towing wakeboarders behind your boat effortless, choose the MTE Wakeboard Tower. Built with heavy-duty aluminum and patented features, this tower delivers excellent performance at an unbeatable price.<\/p>\n<p>The MTE fits any boat and any budget. As our entry-level tower, it offers simple styling and a low price, leaving you more money for accessories\u2014while still providing a tower that transforms your boat and enhances your time on the water. Despite its affordable price, the MTE carries the same Monster-quality construction found in our other universal towers.<\/p>\n<p>The MTE wakeboard tower features a single-bar header made from robust 2-1\/2&#8243; (6,35 cm) diameter aerospace-grade aluminum. Upgrade your boat with an affordable, easy-to-install wakeboard tower that you\u2019re guaranteed to love!<\/p>\n<p id=\"V9DJE40\"><strong>Features:<\/strong><\/p>\n<ul>\n<li>Universal fit for all boats with beam width 60&#8243;\u2013102&#8243; (152\u2013259 cm)<\/li>\n<li>Strong and stable 2-1\/2&#8243; (6,35 cm) diameter 6061\/63 bright-dipped aluminum<\/li>\n<li>Available in a polished finish<\/li>\n<li>Quick Release front mounts for folding and storage \u2013 no tools needed<\/li>\n<li>Includes Monster Paws for mounting on curved surfaces<\/li>\n<li>Zero torsion mounts prevent stress caused by fixed mounts<\/li>\n<li>Swivel Tow Point for versatile towing<\/li>\n<li>Incredibly strong and completely silent<\/li>\n<\/ul>\n","protected":false},"excerpt":{"rendered":"<ul>\n<li>Universal fit for all boats with beam width 60&#8243;\u2013102&#8243; (152\u2013259 cm)<\/li>\n<li>Strong and stable 2-1\/2&#8243; (6,35 cm) diameter 6061\/63 bright-dipped aluminum<\/li>\n<li>Available in a polished finish<\/li>\n<li>Quick Release front mounts for folding and storage \u2013 no tools needed<\/li>\n<li>Includes Monster Paws for mounting on curved surfaces<\/li>\n<\/ul>\n<p> [&#8230;]<\/p>\n<p><a class=\"btn btn-secondary understrap-read-more-link\" href=\"https:\/\/www.waterskis.lv\/en\/product\/monster-tower-mte-wakeboard-tower-polished\/\">Read More&#8230;<\/a><\/p>\n","protected":false},"featured_media":70381,"comment_status":"closed","ping_status":"closed","template":"","meta":{"_acf_changed":false,"inline_featured_image":false},"product_brand":[1804],"product_cat":[1171,1174],"product_tag":[1835,1836,1837,1841],"class_list":{"0":"post-70380","1":"product","2":"type-product","3":"status-publish","4":"has-post-thumbnail","6":"product_brand-monster-tower","7":"product_cat-boat-parts","8":"product_cat-wakeboard-towers","9":"product_tag-monster-tower","10":"product_tag-veikborda-tornis","11":"product_tag-veikborda-tornis-monster-tower","12":"product_tag-wakeboard-tower","14":"first","15":"instock","16":"shipping-taxable","17":"purchasable","18":"product-type-simple"},"acf":[],"yoast_head":"<!-- This site is optimized with the Yoast SEO plugin v27.5 - https:\/\/yoast.com\/product\/yoast-seo-wordpress\/ -->\n<title>Monster Tower MTE Wakeboard Tower - Polished - WATERSKIS.LV<\/title>\n<meta name=\"description\" content=\"Monster Tower MTE Wakeboard Tower - Polished. For a great wakeboard tower that makes towing wakeboarders behind your boat effortless, choose the MTE Tower\" \/>\n<meta name=\"robots\" content=\"index, follow, max-snippet:-1, max-image-preview:large, max-video-preview:-1\" \/>\n<link rel=\"canonical\" href=\"https:\/\/www.waterskis.lv\/en\/product\/monster-tower-mte-wakeboard-tower-polished\/\" \/>\n<meta property=\"og:locale\" content=\"en_US\" \/>\n<meta property=\"og:type\" content=\"article\" \/>\n<meta property=\"og:title\" content=\"Monster Tower MTE Wakeboard Tower - Polished - WATERSKIS.LV\" \/>\n<meta property=\"og:description\" content=\"Monster Tower MTE Wakeboard Tower - Polished. For a great wakeboard tower that makes towing wakeboarders behind your boat effortless, choose the MTE Tower\" \/>\n<meta property=\"og:url\" content=\"https:\/\/www.waterskis.lv\/en\/product\/monster-tower-mte-wakeboard-tower-polished\/\" \/>\n<meta property=\"og:site_name\" content=\"WATERSKIS.LV\" \/>\n<meta property=\"article:publisher\" content=\"https:\/\/www.facebook.com\/jurmalawaterskiwakeboardpark\/\" \/>\n<meta property=\"article:modified_time\" content=\"2026-01-15T05:19:08+00:00\" \/>\n<meta property=\"og:image\" content=\"https:\/\/www.waterskis.lv\/wp-content\/uploads\/2026\/01\/MTE.jpg\" \/>\n\t<meta property=\"og:image:width\" content=\"1200\" \/>\n\t<meta property=\"og:image:height\" content=\"1200\" \/>\n\t<meta property=\"og:image:type\" content=\"image\/jpeg\" \/>\n<meta name=\"twitter:card\" content=\"summary_large_image\" \/>\n<meta name=\"twitter:label1\" content=\"Est. reading time\" \/>\n\t<meta name=\"twitter:data1\" content=\"2 minutes\" \/>\n<script type=\"application\/ld+json\" class=\"yoast-schema-graph\">{\"@context\":\"https:\\\/\\\/schema.org\",\"@graph\":[{\"@type\":\"WebPage\",\"@id\":\"https:\\\/\\\/www.waterskis.lv\\\/en\\\/product\\\/monster-tower-mte-wakeboard-tower-polished\\\/\",\"url\":\"https:\\\/\\\/www.waterskis.lv\\\/en\\\/product\\\/monster-tower-mte-wakeboard-tower-polished\\\/\",\"name\":\"Monster Tower MTE Wakeboard Tower - Polished - WATERSKIS.LV\",\"isPartOf\":{\"@id\":\"https:\\\/\\\/www.waterskis.lv\\\/en\\\/#website\"},\"primaryImageOfPage\":{\"@id\":\"https:\\\/\\\/www.waterskis.lv\\\/en\\\/product\\\/monster-tower-mte-wakeboard-tower-polished\\\/#primaryimage\"},\"image\":{\"@id\":\"https:\\\/\\\/www.waterskis.lv\\\/en\\\/product\\\/monster-tower-mte-wakeboard-tower-polished\\\/#primaryimage\"},\"thumbnailUrl\":\"https:\\\/\\\/www.waterskis.lv\\\/wp-content\\\/uploads\\\/2026\\\/01\\\/MTE.jpg\",\"datePublished\":\"2026-01-15T05:06:43+00:00\",\"dateModified\":\"2026-01-15T05:19:08+00:00\",\"description\":\"Monster Tower MTE Wakeboard Tower - Polished. For a great wakeboard tower that makes towing wakeboarders behind your boat effortless, choose the MTE Tower\",\"breadcrumb\":{\"@id\":\"https:\\\/\\\/www.waterskis.lv\\\/en\\\/product\\\/monster-tower-mte-wakeboard-tower-polished\\\/#breadcrumb\"},\"inLanguage\":\"en-US\",\"potentialAction\":[{\"@type\":\"ReadAction\",\"target\":[\"https:\\\/\\\/www.waterskis.lv\\\/en\\\/product\\\/monster-tower-mte-wakeboard-tower-polished\\\/\"]}]},{\"@type\":\"ImageObject\",\"inLanguage\":\"en-US\",\"@id\":\"https:\\\/\\\/www.waterskis.lv\\\/en\\\/product\\\/monster-tower-mte-wakeboard-tower-polished\\\/#primaryimage\",\"url\":\"https:\\\/\\\/www.waterskis.lv\\\/wp-content\\\/uploads\\\/2026\\\/01\\\/MTE.jpg\",\"contentUrl\":\"https:\\\/\\\/www.waterskis.lv\\\/wp-content\\\/uploads\\\/2026\\\/01\\\/MTE.jpg\",\"width\":1200,\"height\":1200,\"caption\":\"Monster Tower MTE Wakeboard Tower - Polished\"},{\"@type\":\"BreadcrumbList\",\"@id\":\"https:\\\/\\\/www.waterskis.lv\\\/en\\\/product\\\/monster-tower-mte-wakeboard-tower-polished\\\/#breadcrumb\",\"itemListElement\":[{\"@type\":\"ListItem\",\"position\":1,\"name\":\"Home\",\"item\":\"https:\\\/\\\/www.waterskis.lv\\\/en\\\/\"},{\"@type\":\"ListItem\",\"position\":2,\"name\":\"Shop\",\"item\":\"https:\\\/\\\/waterskis.lv\\\/en\\\/shop\\\/\"},{\"@type\":\"ListItem\",\"position\":3,\"name\":\"Monster Tower MTE Wakeboard Tower &#8211; Polished\"}]},{\"@type\":\"WebSite\",\"@id\":\"https:\\\/\\\/www.waterskis.lv\\\/en\\\/#website\",\"url\":\"https:\\\/\\\/www.waterskis.lv\\\/en\\\/\",\"name\":\"WATERSKIS.LV\",\"description\":\"SUP d\u0113\u013ci, kajaki, kanoe, airu laivas, \u016bdenssl\u0113po\u0161ana, veikbords, SUP d\u0113\u013cu noma, kajaku nomaakt\u012bv\u0101s atp\u016btas centrs, laivu noma, sup noma, kajaku noma\",\"publisher\":{\"@id\":\"https:\\\/\\\/www.waterskis.lv\\\/en\\\/#organization\"},\"potentialAction\":[{\"@type\":\"SearchAction\",\"target\":{\"@type\":\"EntryPoint\",\"urlTemplate\":\"https:\\\/\\\/www.waterskis.lv\\\/en\\\/?s={search_term_string}\"},\"query-input\":{\"@type\":\"PropertyValueSpecification\",\"valueRequired\":true,\"valueName\":\"search_term_string\"}}],\"inLanguage\":\"en-US\"},{\"@type\":\"Organization\",\"@id\":\"https:\\\/\\\/www.waterskis.lv\\\/en\\\/#organization\",\"name\":\"WATERSKIS.LV\",\"url\":\"https:\\\/\\\/www.waterskis.lv\\\/en\\\/\",\"logo\":{\"@type\":\"ImageObject\",\"inLanguage\":\"en-US\",\"@id\":\"https:\\\/\\\/www.waterskis.lv\\\/en\\\/#\\\/schema\\\/logo\\\/image\\\/\",\"url\":\"https:\\\/\\\/www.waterskis.lv\\\/wp-content\\\/uploads\\\/2025\\\/01\\\/JUVP-logo.png\",\"contentUrl\":\"https:\\\/\\\/www.waterskis.lv\\\/wp-content\\\/uploads\\\/2025\\\/01\\\/JUVP-logo.png\",\"width\":421,\"height\":202,\"caption\":\"WATERSKIS.LV\"},\"image\":{\"@id\":\"https:\\\/\\\/www.waterskis.lv\\\/en\\\/#\\\/schema\\\/logo\\\/image\\\/\"},\"sameAs\":[\"https:\\\/\\\/www.facebook.com\\\/jurmalawaterskiwakeboardpark\\\/\"]}]}<\/script>\n<!-- \/ Yoast SEO plugin. -->","yoast_head_json":{"title":"Monster Tower MTE Wakeboard Tower - Polished - WATERSKIS.LV","description":"Monster Tower MTE Wakeboard Tower - Polished. For a great wakeboard tower that makes towing wakeboarders behind your boat effortless, choose the MTE Tower","robots":{"index":"index","follow":"follow","max-snippet":"max-snippet:-1","max-image-preview":"max-image-preview:large","max-video-preview":"max-video-preview:-1"},"canonical":"https:\/\/www.waterskis.lv\/en\/product\/monster-tower-mte-wakeboard-tower-polished\/","og_locale":"en_US","og_type":"article","og_title":"Monster Tower MTE Wakeboard Tower - Polished - WATERSKIS.LV","og_description":"Monster Tower MTE Wakeboard Tower - Polished. For a great wakeboard tower that makes towing wakeboarders behind your boat effortless, choose the MTE Tower","og_url":"https:\/\/www.waterskis.lv\/en\/product\/monster-tower-mte-wakeboard-tower-polished\/","og_site_name":"WATERSKIS.LV","article_publisher":"https:\/\/www.facebook.com\/jurmalawaterskiwakeboardpark\/","article_modified_time":"2026-01-15T05:19:08+00:00","og_image":[{"width":1200,"height":1200,"url":"https:\/\/www.waterskis.lv\/wp-content\/uploads\/2026\/01\/MTE.jpg","type":"image\/jpeg"}],"twitter_card":"summary_large_image","twitter_misc":{"Est. reading time":"2 minutes"},"schema":{"@context":"https:\/\/schema.org","@graph":[{"@type":"WebPage","@id":"https:\/\/www.waterskis.lv\/en\/product\/monster-tower-mte-wakeboard-tower-polished\/","url":"https:\/\/www.waterskis.lv\/en\/product\/monster-tower-mte-wakeboard-tower-polished\/","name":"Monster Tower MTE Wakeboard Tower - Polished - WATERSKIS.LV","isPartOf":{"@id":"https:\/\/www.waterskis.lv\/en\/#website"},"primaryImageOfPage":{"@id":"https:\/\/www.waterskis.lv\/en\/product\/monster-tower-mte-wakeboard-tower-polished\/#primaryimage"},"image":{"@id":"https:\/\/www.waterskis.lv\/en\/product\/monster-tower-mte-wakeboard-tower-polished\/#primaryimage"},"thumbnailUrl":"https:\/\/www.waterskis.lv\/wp-content\/uploads\/2026\/01\/MTE.jpg","datePublished":"2026-01-15T05:06:43+00:00","dateModified":"2026-01-15T05:19:08+00:00","description":"Monster Tower MTE Wakeboard Tower - Polished. For a great wakeboard tower that makes towing wakeboarders behind your boat effortless, choose the MTE Tower","breadcrumb":{"@id":"https:\/\/www.waterskis.lv\/en\/product\/monster-tower-mte-wakeboard-tower-polished\/#breadcrumb"},"inLanguage":"en-US","potentialAction":[{"@type":"ReadAction","target":["https:\/\/www.waterskis.lv\/en\/product\/monster-tower-mte-wakeboard-tower-polished\/"]}]},{"@type":"ImageObject","inLanguage":"en-US","@id":"https:\/\/www.waterskis.lv\/en\/product\/monster-tower-mte-wakeboard-tower-polished\/#primaryimage","url":"https:\/\/www.waterskis.lv\/wp-content\/uploads\/2026\/01\/MTE.jpg","contentUrl":"https:\/\/www.waterskis.lv\/wp-content\/uploads\/2026\/01\/MTE.jpg","width":1200,"height":1200,"caption":"Monster Tower MTE Wakeboard Tower - Polished"},{"@type":"BreadcrumbList","@id":"https:\/\/www.waterskis.lv\/en\/product\/monster-tower-mte-wakeboard-tower-polished\/#breadcrumb","itemListElement":[{"@type":"ListItem","position":1,"name":"Home","item":"https:\/\/www.waterskis.lv\/en\/"},{"@type":"ListItem","position":2,"name":"Shop","item":"https:\/\/waterskis.lv\/en\/shop\/"},{"@type":"ListItem","position":3,"name":"Monster Tower MTE Wakeboard Tower &#8211; Polished"}]},{"@type":"WebSite","@id":"https:\/\/www.waterskis.lv\/en\/#website","url":"https:\/\/www.waterskis.lv\/en\/","name":"WATERSKIS.LV","description":"SUP d\u0113\u013ci, kajaki, kanoe, airu laivas, \u016bdenssl\u0113po\u0161ana, veikbords, SUP d\u0113\u013cu noma, kajaku nomaakt\u012bv\u0101s atp\u016btas centrs, laivu noma, sup noma, kajaku noma","publisher":{"@id":"https:\/\/www.waterskis.lv\/en\/#organization"},"potentialAction":[{"@type":"SearchAction","target":{"@type":"EntryPoint","urlTemplate":"https:\/\/www.waterskis.lv\/en\/?s={search_term_string}"},"query-input":{"@type":"PropertyValueSpecification","valueRequired":true,"valueName":"search_term_string"}}],"inLanguage":"en-US"},{"@type":"Organization","@id":"https:\/\/www.waterskis.lv\/en\/#organization","name":"WATERSKIS.LV","url":"https:\/\/www.waterskis.lv\/en\/","logo":{"@type":"ImageObject","inLanguage":"en-US","@id":"https:\/\/www.waterskis.lv\/en\/#\/schema\/logo\/image\/","url":"https:\/\/www.waterskis.lv\/wp-content\/uploads\/2025\/01\/JUVP-logo.png","contentUrl":"https:\/\/www.waterskis.lv\/wp-content\/uploads\/2025\/01\/JUVP-logo.png","width":421,"height":202,"caption":"WATERSKIS.LV"},"image":{"@id":"https:\/\/www.waterskis.lv\/en\/#\/schema\/logo\/image\/"},"sameAs":["https:\/\/www.facebook.com\/jurmalawaterskiwakeboardpark\/"]}]}},"_links":{"self":[{"href":"https:\/\/www.waterskis.lv\/en\/wp-json\/wp\/v2\/product\/70380","targetHints":{"allow":["GET"]}}],"collection":[{"href":"https:\/\/www.waterskis.lv\/en\/wp-json\/wp\/v2\/product"}],"about":[{"href":"https:\/\/www.waterskis.lv\/en\/wp-json\/wp\/v2\/types\/product"}],"replies":[{"embeddable":true,"href":"https:\/\/www.waterskis.lv\/en\/wp-json\/wp\/v2\/comments?post=70380"}],"wp:featuredmedia":[{"embeddable":true,"href":"https:\/\/www.waterskis.lv\/en\/wp-json\/wp\/v2\/media\/70381"}],"wp:attachment":[{"href":"https:\/\/www.waterskis.lv\/en\/wp-json\/wp\/v2\/media?parent=70380"}],"wp:term":[{"taxonomy":"product_brand","embeddable":true,"href":"https:\/\/www.waterskis.lv\/en\/wp-json\/wp\/v2\/product_brand?post=70380"},{"taxonomy":"product_cat","embeddable":true,"href":"https:\/\/www.waterskis.lv\/en\/wp-json\/wp\/v2\/product_cat?post=70380"},{"taxonomy":"product_tag","embeddable":true,"href":"https:\/\/www.waterskis.lv\/en\/wp-json\/wp\/v2\/product_tag?post=70380"}],"curies":[{"name":"wp","href":"https:\/\/api.w.org\/{rel}","templated":true}]}}