{"id":70456,"date":"2026-01-15T09:22:11","date_gmt":"2026-01-15T07:22:11","guid":{"rendered":"https:\/\/www.waterskis.lv\/product\/roswell-cam-rt-wakeboard-tower-brushed-wide-228-264cm\/"},"modified":"2026-01-15T09:27:32","modified_gmt":"2026-01-15T07:27:32","slug":"roswell-cam-rt-wakeboard-tower-brushed-wide-228-264cm","status":"publish","type":"product","link":"https:\/\/www.waterskis.lv\/en\/product\/roswell-cam-rt-wakeboard-tower-brushed-wide-228-264cm\/","title":{"rendered":"Roswell Cam RT Wakeboard Tower &#8211; Brushed \/ Wide 228-264cm"},"content":{"rendered":"<h1 class=\"page-title\"><span class=\"base\" data-ui-id=\"page-title-wrapper\">Roswell Cam RT Wakeboard Tower &#8211; Brushed \/ Wide 228-264cm<\/span><\/h1>\n<p class=\"page-title\"><span class=\"base\" data-ui-id=\"page-title-wrapper\">Roswell Cam RT Wakeboard Tower &#8211; Brushed \/ Wide 228-264cm<\/span><\/p>\n<table id=\"product-attribute-specs-table\" class=\"data table additional-attributes\">\n<tbody>\n<tr>\n<th class=\"col label\" scope=\"row\">SKU<\/th>\n<td class=\"col data\" data-th=\"SKU\">7910-3130<\/td>\n<\/tr>\n<tr>\n<th class=\"col label\" scope=\"row\">EAN<\/th>\n<td class=\"col data\" data-th=\"EAN\">7426790001752<\/td>\n<\/tr>\n<tr>\n<th class=\"col label\" scope=\"row\">Brand<\/th>\n<td class=\"col data\" data-th=\"Brand\">Roswell<\/td>\n<\/tr>\n<tr>\n<th class=\"col label\" scope=\"row\">Color<\/th>\n<td class=\"col data\" data-th=\"Color\">Brushed<\/td>\n<\/tr>\n<\/tbody>\n<\/table>\n<p>The CAM RT\u2019s modular design enables the tower to be broken down into smaller components for shipping. Roswell\u2019s patented cam latch system makes folding the CAM RT quick and easy with the simple twist of a handle. The tower is ideal as a top mount but with our low-profile universal mounting system, can easily adapt to be side mounted and will accommodate tower widths ranging from 78\u201d\u201392\u201d (198\u2013234 cm) with the narrow center section and tower widths from 90\u201d\u2013104\u201d (229\u2013264 cm) with the wide center section. The CAM RT also includes pull strings for ease of wiring when adding lights and tower speakers. Compatible with all Roswell accessories, the CAM RT Tower comes standard with sturdy weld-on inserts for a pair of Classic Unison Tower Speakers and your favorite swivel\/fixed racks.<\/p>\n<p>Dimensions<br \/>\nNarrow and wide dimensions are given with towers in top mount orientation. When rotating the tower mount in for side mounting, the orientation of the mount will make the width dimension 1\u20133 inches (2,5\u20137,6 cm) less than these given measurements.<\/p>\n<p id=\"ADBUA8Y\"><strong>Features<\/strong><\/p>\n<ul>\n<li>Modular forward folding universal tower<\/li>\n<li>Adjustable Telescoping center section with mounting tab for Roswell Anchor Light<\/li>\n<li>Simplified low-profile mounting system<\/li>\n<li>Mounting options for (1) pair fixed speakers<\/li>\n<li>Additional accessories can be added by using Roswell\u2019s Universal Clamp<\/li>\n<li>Mounting options for swivel board racks and fixed racks<\/li>\n<li>Designed to work with Sun Top Bimini<\/li>\n<li>Patented cam latch &amp; weight-assist system<\/li>\n<li>Pull strings for routing audio\/12V wiring<\/li>\n<li>Saltwater friendly (Brushed Anodized)<\/li>\n<\/ul>\n<p><strong>Specifications<\/strong><\/p>\n<ul>\n<li>MOUNTING HARDWARE: 316 stainless steel<\/li>\n<li>TOWER TUBING SIZES: 1.9 inches (4,83 cm)<\/li>\n<li>CENTER SECTION TUBING SIZE: 2.375 inches (6,03 cm)<\/li>\n<li>NARROW TOWER WIDTH: 78\u201392 inches (198\u2013234 cm)<\/li>\n<li>WIDE TOWER WIDTH: 90\u2013104 inches (229\u2013264 cm)<\/li>\n<li>TOWER MATERIALS: T5 6061 aluminum, SCHED 40<\/li>\n<\/ul>\n","protected":false},"excerpt":{"rendered":"<p id=\"ADBUA8Y\"><strong>Features<\/strong><\/p>\n<ul>\n<li>Modular forward folding universal tower<\/li>\n<li>Adjustable Telescoping center section with mounting tab for Roswell Anchor Light<\/li>\n<li>Simplified low-profile mounting system<\/li>\n<li>Mounting options for (1) pair fixed speakers<\/li>\n<li>Additional accessories can be added by using Roswell\u2019s Universal Clamp<\/li>\n<\/ul>\n<p> [&#8230;]<\/p>\n<p><a class=\"btn btn-secondary understrap-read-more-link\" href=\"https:\/\/www.waterskis.lv\/en\/product\/roswell-cam-rt-wakeboard-tower-brushed-wide-228-264cm\/\">Read More&#8230;<\/a><\/p>\n","protected":false},"featured_media":70447,"comment_status":"closed","ping_status":"closed","template":"","meta":{"_acf_changed":false,"inline_featured_image":false},"product_brand":[1848],"product_cat":[1171,1174],"product_tag":[1851,1852,1836,1841],"class_list":{"0":"post-70456","1":"product","2":"type-product","3":"status-publish","4":"has-post-thumbnail","6":"product_brand-roswell-marine","7":"product_cat-boat-parts","8":"product_cat-wakeboard-towers","9":"product_tag-roswell","10":"product_tag-roswell-veikborda-tornis","11":"product_tag-veikborda-tornis","12":"product_tag-wakeboard-tower","14":"first","15":"instock","16":"shipping-taxable","17":"purchasable","18":"product-type-simple"},"acf":[],"yoast_head":"<!-- This site is optimized with the Yoast SEO plugin v27.5 - https:\/\/yoast.com\/product\/yoast-seo-wordpress\/ -->\n<title>Roswell Cam RT Wakeboard Tower - Brushed \/ Wide 228-264cm - WATERSKIS.LV<\/title>\n<meta name=\"description\" content=\"Roswell Cam RT Wakeboard Tower - Brushed \/ Wide 228-264cm CAM RT\u2019s modular design enables the tower to be broken down into smaller components for shipping\" \/>\n<meta name=\"robots\" content=\"index, follow, max-snippet:-1, max-image-preview:large, max-video-preview:-1\" \/>\n<link rel=\"canonical\" href=\"https:\/\/www.waterskis.lv\/en\/product\/roswell-cam-rt-wakeboard-tower-brushed-wide-228-264cm\/\" \/>\n<meta property=\"og:locale\" content=\"en_US\" \/>\n<meta property=\"og:type\" content=\"article\" \/>\n<meta property=\"og:title\" content=\"Roswell Cam RT Wakeboard Tower - Brushed \/ Wide 228-264cm - WATERSKIS.LV\" \/>\n<meta property=\"og:description\" content=\"Roswell Cam RT Wakeboard Tower - Brushed \/ Wide 228-264cm CAM RT\u2019s modular design enables the tower to be broken down into smaller components for shipping\" \/>\n<meta property=\"og:url\" content=\"https:\/\/www.waterskis.lv\/en\/product\/roswell-cam-rt-wakeboard-tower-brushed-wide-228-264cm\/\" \/>\n<meta property=\"og:site_name\" content=\"WATERSKIS.LV\" \/>\n<meta property=\"article:publisher\" content=\"https:\/\/www.facebook.com\/jurmalawaterskiwakeboardpark\/\" \/>\n<meta property=\"article:modified_time\" content=\"2026-01-15T07:27:32+00:00\" \/>\n<meta property=\"og:image\" content=\"https:\/\/www.waterskis.lv\/wp-content\/uploads\/2026\/01\/2016_Roswell_camrt_brushed3_1.jpg\" \/>\n\t<meta property=\"og:image:width\" content=\"1000\" \/>\n\t<meta property=\"og:image:height\" content=\"1000\" \/>\n\t<meta property=\"og:image:type\" content=\"image\/jpeg\" \/>\n<meta name=\"twitter:card\" content=\"summary_large_image\" \/>\n<meta name=\"twitter:label1\" content=\"Est. reading time\" \/>\n\t<meta name=\"twitter:data1\" content=\"2 minutes\" \/>\n<script type=\"application\/ld+json\" class=\"yoast-schema-graph\">{\"@context\":\"https:\\\/\\\/schema.org\",\"@graph\":[{\"@type\":\"WebPage\",\"@id\":\"https:\\\/\\\/www.waterskis.lv\\\/en\\\/product\\\/roswell-cam-rt-wakeboard-tower-brushed-wide-228-264cm\\\/\",\"url\":\"https:\\\/\\\/www.waterskis.lv\\\/en\\\/product\\\/roswell-cam-rt-wakeboard-tower-brushed-wide-228-264cm\\\/\",\"name\":\"Roswell Cam RT Wakeboard Tower - Brushed \\\/ Wide 228-264cm - WATERSKIS.LV\",\"isPartOf\":{\"@id\":\"https:\\\/\\\/www.waterskis.lv\\\/en\\\/#website\"},\"primaryImageOfPage\":{\"@id\":\"https:\\\/\\\/www.waterskis.lv\\\/en\\\/product\\\/roswell-cam-rt-wakeboard-tower-brushed-wide-228-264cm\\\/#primaryimage\"},\"image\":{\"@id\":\"https:\\\/\\\/www.waterskis.lv\\\/en\\\/product\\\/roswell-cam-rt-wakeboard-tower-brushed-wide-228-264cm\\\/#primaryimage\"},\"thumbnailUrl\":\"https:\\\/\\\/www.waterskis.lv\\\/wp-content\\\/uploads\\\/2026\\\/01\\\/2016_Roswell_camrt_brushed3_1.jpg\",\"datePublished\":\"2026-01-15T07:22:11+00:00\",\"dateModified\":\"2026-01-15T07:27:32+00:00\",\"description\":\"Roswell Cam RT Wakeboard Tower - Brushed \\\/ Wide 228-264cm CAM RT\u2019s modular design enables the tower to be broken down into smaller components for shipping\",\"breadcrumb\":{\"@id\":\"https:\\\/\\\/www.waterskis.lv\\\/en\\\/product\\\/roswell-cam-rt-wakeboard-tower-brushed-wide-228-264cm\\\/#breadcrumb\"},\"inLanguage\":\"en-US\",\"potentialAction\":[{\"@type\":\"ReadAction\",\"target\":[\"https:\\\/\\\/www.waterskis.lv\\\/en\\\/product\\\/roswell-cam-rt-wakeboard-tower-brushed-wide-228-264cm\\\/\"]}]},{\"@type\":\"ImageObject\",\"inLanguage\":\"en-US\",\"@id\":\"https:\\\/\\\/www.waterskis.lv\\\/en\\\/product\\\/roswell-cam-rt-wakeboard-tower-brushed-wide-228-264cm\\\/#primaryimage\",\"url\":\"https:\\\/\\\/www.waterskis.lv\\\/wp-content\\\/uploads\\\/2026\\\/01\\\/2016_Roswell_camrt_brushed3_1.jpg\",\"contentUrl\":\"https:\\\/\\\/www.waterskis.lv\\\/wp-content\\\/uploads\\\/2026\\\/01\\\/2016_Roswell_camrt_brushed3_1.jpg\",\"width\":1000,\"height\":1000,\"caption\":\"Roswell Cam RT Wakeboard Tower - Brushed \\\/ Narrow 198-233cm\"},{\"@type\":\"BreadcrumbList\",\"@id\":\"https:\\\/\\\/www.waterskis.lv\\\/en\\\/product\\\/roswell-cam-rt-wakeboard-tower-brushed-wide-228-264cm\\\/#breadcrumb\",\"itemListElement\":[{\"@type\":\"ListItem\",\"position\":1,\"name\":\"Home\",\"item\":\"https:\\\/\\\/www.waterskis.lv\\\/en\\\/\"},{\"@type\":\"ListItem\",\"position\":2,\"name\":\"Shop\",\"item\":\"https:\\\/\\\/waterskis.lv\\\/en\\\/shop\\\/\"},{\"@type\":\"ListItem\",\"position\":3,\"name\":\"Roswell Cam RT Wakeboard Tower &#8211; Brushed \\\/ Wide 228-264cm\"}]},{\"@type\":\"WebSite\",\"@id\":\"https:\\\/\\\/www.waterskis.lv\\\/en\\\/#website\",\"url\":\"https:\\\/\\\/www.waterskis.lv\\\/en\\\/\",\"name\":\"WATERSKIS.LV\",\"description\":\"SUP d\u0113\u013ci, kajaki, kanoe, airu laivas, \u016bdenssl\u0113po\u0161ana, veikbords, SUP d\u0113\u013cu noma, kajaku nomaakt\u012bv\u0101s atp\u016btas centrs, laivu noma, sup noma, kajaku noma\",\"publisher\":{\"@id\":\"https:\\\/\\\/www.waterskis.lv\\\/en\\\/#organization\"},\"potentialAction\":[{\"@type\":\"SearchAction\",\"target\":{\"@type\":\"EntryPoint\",\"urlTemplate\":\"https:\\\/\\\/www.waterskis.lv\\\/en\\\/?s={search_term_string}\"},\"query-input\":{\"@type\":\"PropertyValueSpecification\",\"valueRequired\":true,\"valueName\":\"search_term_string\"}}],\"inLanguage\":\"en-US\"},{\"@type\":\"Organization\",\"@id\":\"https:\\\/\\\/www.waterskis.lv\\\/en\\\/#organization\",\"name\":\"WATERSKIS.LV\",\"url\":\"https:\\\/\\\/www.waterskis.lv\\\/en\\\/\",\"logo\":{\"@type\":\"ImageObject\",\"inLanguage\":\"en-US\",\"@id\":\"https:\\\/\\\/www.waterskis.lv\\\/en\\\/#\\\/schema\\\/logo\\\/image\\\/\",\"url\":\"https:\\\/\\\/www.waterskis.lv\\\/wp-content\\\/uploads\\\/2025\\\/01\\\/JUVP-logo.png\",\"contentUrl\":\"https:\\\/\\\/www.waterskis.lv\\\/wp-content\\\/uploads\\\/2025\\\/01\\\/JUVP-logo.png\",\"width\":421,\"height\":202,\"caption\":\"WATERSKIS.LV\"},\"image\":{\"@id\":\"https:\\\/\\\/www.waterskis.lv\\\/en\\\/#\\\/schema\\\/logo\\\/image\\\/\"},\"sameAs\":[\"https:\\\/\\\/www.facebook.com\\\/jurmalawaterskiwakeboardpark\\\/\"]}]}<\/script>\n<!-- \/ Yoast SEO plugin. -->","yoast_head_json":{"title":"Roswell Cam RT Wakeboard Tower - Brushed \/ Wide 228-264cm - WATERSKIS.LV","description":"Roswell Cam RT Wakeboard Tower - Brushed \/ Wide 228-264cm CAM RT\u2019s modular design enables the tower to be broken down into smaller components for shipping","robots":{"index":"index","follow":"follow","max-snippet":"max-snippet:-1","max-image-preview":"max-image-preview:large","max-video-preview":"max-video-preview:-1"},"canonical":"https:\/\/www.waterskis.lv\/en\/product\/roswell-cam-rt-wakeboard-tower-brushed-wide-228-264cm\/","og_locale":"en_US","og_type":"article","og_title":"Roswell Cam RT Wakeboard Tower - Brushed \/ Wide 228-264cm - WATERSKIS.LV","og_description":"Roswell Cam RT Wakeboard Tower - Brushed \/ Wide 228-264cm CAM RT\u2019s modular design enables the tower to be broken down into smaller components for shipping","og_url":"https:\/\/www.waterskis.lv\/en\/product\/roswell-cam-rt-wakeboard-tower-brushed-wide-228-264cm\/","og_site_name":"WATERSKIS.LV","article_publisher":"https:\/\/www.facebook.com\/jurmalawaterskiwakeboardpark\/","article_modified_time":"2026-01-15T07:27:32+00:00","og_image":[{"width":1000,"height":1000,"url":"https:\/\/www.waterskis.lv\/wp-content\/uploads\/2026\/01\/2016_Roswell_camrt_brushed3_1.jpg","type":"image\/jpeg"}],"twitter_card":"summary_large_image","twitter_misc":{"Est. reading time":"2 minutes"},"schema":{"@context":"https:\/\/schema.org","@graph":[{"@type":"WebPage","@id":"https:\/\/www.waterskis.lv\/en\/product\/roswell-cam-rt-wakeboard-tower-brushed-wide-228-264cm\/","url":"https:\/\/www.waterskis.lv\/en\/product\/roswell-cam-rt-wakeboard-tower-brushed-wide-228-264cm\/","name":"Roswell Cam RT Wakeboard Tower - Brushed \/ Wide 228-264cm - WATERSKIS.LV","isPartOf":{"@id":"https:\/\/www.waterskis.lv\/en\/#website"},"primaryImageOfPage":{"@id":"https:\/\/www.waterskis.lv\/en\/product\/roswell-cam-rt-wakeboard-tower-brushed-wide-228-264cm\/#primaryimage"},"image":{"@id":"https:\/\/www.waterskis.lv\/en\/product\/roswell-cam-rt-wakeboard-tower-brushed-wide-228-264cm\/#primaryimage"},"thumbnailUrl":"https:\/\/www.waterskis.lv\/wp-content\/uploads\/2026\/01\/2016_Roswell_camrt_brushed3_1.jpg","datePublished":"2026-01-15T07:22:11+00:00","dateModified":"2026-01-15T07:27:32+00:00","description":"Roswell Cam RT Wakeboard Tower - Brushed \/ Wide 228-264cm CAM RT\u2019s modular design enables the tower to be broken down into smaller components for shipping","breadcrumb":{"@id":"https:\/\/www.waterskis.lv\/en\/product\/roswell-cam-rt-wakeboard-tower-brushed-wide-228-264cm\/#breadcrumb"},"inLanguage":"en-US","potentialAction":[{"@type":"ReadAction","target":["https:\/\/www.waterskis.lv\/en\/product\/roswell-cam-rt-wakeboard-tower-brushed-wide-228-264cm\/"]}]},{"@type":"ImageObject","inLanguage":"en-US","@id":"https:\/\/www.waterskis.lv\/en\/product\/roswell-cam-rt-wakeboard-tower-brushed-wide-228-264cm\/#primaryimage","url":"https:\/\/www.waterskis.lv\/wp-content\/uploads\/2026\/01\/2016_Roswell_camrt_brushed3_1.jpg","contentUrl":"https:\/\/www.waterskis.lv\/wp-content\/uploads\/2026\/01\/2016_Roswell_camrt_brushed3_1.jpg","width":1000,"height":1000,"caption":"Roswell Cam RT Wakeboard Tower - Brushed \/ Narrow 198-233cm"},{"@type":"BreadcrumbList","@id":"https:\/\/www.waterskis.lv\/en\/product\/roswell-cam-rt-wakeboard-tower-brushed-wide-228-264cm\/#breadcrumb","itemListElement":[{"@type":"ListItem","position":1,"name":"Home","item":"https:\/\/www.waterskis.lv\/en\/"},{"@type":"ListItem","position":2,"name":"Shop","item":"https:\/\/waterskis.lv\/en\/shop\/"},{"@type":"ListItem","position":3,"name":"Roswell Cam RT Wakeboard Tower &#8211; Brushed \/ Wide 228-264cm"}]},{"@type":"WebSite","@id":"https:\/\/www.waterskis.lv\/en\/#website","url":"https:\/\/www.waterskis.lv\/en\/","name":"WATERSKIS.LV","description":"SUP d\u0113\u013ci, kajaki, kanoe, airu laivas, \u016bdenssl\u0113po\u0161ana, veikbords, SUP d\u0113\u013cu noma, kajaku nomaakt\u012bv\u0101s atp\u016btas centrs, laivu noma, sup noma, kajaku noma","publisher":{"@id":"https:\/\/www.waterskis.lv\/en\/#organization"},"potentialAction":[{"@type":"SearchAction","target":{"@type":"EntryPoint","urlTemplate":"https:\/\/www.waterskis.lv\/en\/?s={search_term_string}"},"query-input":{"@type":"PropertyValueSpecification","valueRequired":true,"valueName":"search_term_string"}}],"inLanguage":"en-US"},{"@type":"Organization","@id":"https:\/\/www.waterskis.lv\/en\/#organization","name":"WATERSKIS.LV","url":"https:\/\/www.waterskis.lv\/en\/","logo":{"@type":"ImageObject","inLanguage":"en-US","@id":"https:\/\/www.waterskis.lv\/en\/#\/schema\/logo\/image\/","url":"https:\/\/www.waterskis.lv\/wp-content\/uploads\/2025\/01\/JUVP-logo.png","contentUrl":"https:\/\/www.waterskis.lv\/wp-content\/uploads\/2025\/01\/JUVP-logo.png","width":421,"height":202,"caption":"WATERSKIS.LV"},"image":{"@id":"https:\/\/www.waterskis.lv\/en\/#\/schema\/logo\/image\/"},"sameAs":["https:\/\/www.facebook.com\/jurmalawaterskiwakeboardpark\/"]}]}},"_links":{"self":[{"href":"https:\/\/www.waterskis.lv\/en\/wp-json\/wp\/v2\/product\/70456","targetHints":{"allow":["GET"]}}],"collection":[{"href":"https:\/\/www.waterskis.lv\/en\/wp-json\/wp\/v2\/product"}],"about":[{"href":"https:\/\/www.waterskis.lv\/en\/wp-json\/wp\/v2\/types\/product"}],"replies":[{"embeddable":true,"href":"https:\/\/www.waterskis.lv\/en\/wp-json\/wp\/v2\/comments?post=70456"}],"wp:featuredmedia":[{"embeddable":true,"href":"https:\/\/www.waterskis.lv\/en\/wp-json\/wp\/v2\/media\/70447"}],"wp:attachment":[{"href":"https:\/\/www.waterskis.lv\/en\/wp-json\/wp\/v2\/media?parent=70456"}],"wp:term":[{"taxonomy":"product_brand","embeddable":true,"href":"https:\/\/www.waterskis.lv\/en\/wp-json\/wp\/v2\/product_brand?post=70456"},{"taxonomy":"product_cat","embeddable":true,"href":"https:\/\/www.waterskis.lv\/en\/wp-json\/wp\/v2\/product_cat?post=70456"},{"taxonomy":"product_tag","embeddable":true,"href":"https:\/\/www.waterskis.lv\/en\/wp-json\/wp\/v2\/product_tag?post=70456"}],"curies":[{"name":"wp","href":"https:\/\/api.w.org\/{rel}","templated":true}]}}