{"id":71975,"date":"2022-03-16T09:42:16","date_gmt":"2022-03-16T06:42:16","guid":{"rendered":"https:\/\/www.waterskis.lv\/product\/lietotas-bernu-udensslepes-obrien-wake-star\/"},"modified":"2026-01-28T14:02:07","modified_gmt":"2026-01-28T12:02:07","slug":"lietotas-bernu-udensslepes-obrien-wake-star","status":"publish","type":"product","link":"https:\/\/www.waterskis.lv\/en\/product\/lietotas-bernu-udensslepes-obrien-wake-star\/","title":{"rendered":"Lietotas b\u0113rnu \u016bdenssl\u0113pes Obrien Wake Star"},"content":{"rendered":"<h1>Lietotas b\u0113rnu \u016bdenssl\u0113pes Obrien Wake Star<\/h1>\n<p>Lietotas b\u0113rnu \u016bdenssl\u0113pes Obrien Wake Star<\/p>\n<p><span class=\"jCAhz ChMk0b\"><span class=\"ryNqvb\">T\u0101pat k\u0101 All-Star Trainers, ar\u012b Wake Star Trainers patie\u0161\u0101m ir m\u0101c\u012bbu sist\u0113ma, ta\u010du komplekt\u0101 par izdev\u012bg\u0101ku cenu.<\/span><\/span> <span class=\"jCAhz ChMk0b\"><span class=\"ryNqvb\">Izgatavots no videi draudz\u012bga bambusa.<\/span><\/span> <span class=\"jCAhz ChMk0b\"><span class=\"ryNqvb\">Kad ir pien\u0101cis laiks iem\u0101c\u012bt b\u0113rniem sl\u0113pot, Wake Star Trainers ir lielisks treni\u0146u l\u012bdzeklis.<\/span><\/span> <span class=\"jCAhz ChMk0b\"><span class=\"ryNqvb\">\u0160\u012bm 46\u00a0collu sl\u0113p\u0113m ir stabilizators\/treni\u0146a stienis, kas ne\u013cauj sl\u0113p\u0113m veikt \u201c\u0161\u0137el\u0161anos\u201d un notur t\u0101s vien\u0101 l\u012bmen\u012b.<\/span><\/span> <span class=\"jCAhz ChMk0b\"><span class=\"ryNqvb\">Tiem ir ar\u012b divas virves k\u0101 da\u013ca no iepakojuma;<\/span><\/span> <span class=\"jCAhz ChMk0b\"><span class=\"ryNqvb\">\u012bsa treni\u0146u virve ar rokturi, kas savienojas ar stabilizatora\/treni\u0146a stieni sl\u0113pju priek\u0161pus\u0113, pie kuras sl\u0113pot\u0101js turas, un gar\u0101ka virve ar rokturi, kas j\u0101tur pieredz\u0113ju\u0161am nov\u0113rot\u0101jam laiv\u0101.<\/span><\/span> <span class=\"jCAhz ChMk0b\"><span class=\"ryNqvb\">Izmantojot \u0161o sist\u0113mu, nov\u0113rot\u0101js var atbr\u012bvot sl\u0113pot\u0101ju, ja tas nokr\u012bt, t\u0101d\u0113j\u0101di mazinot spiedienu uz b\u0113rnu.<\/span><\/span> <span class=\"jCAhz ChMk0b\"><span class=\"ryNqvb\">\u0160\u012b sist\u0113ma \u013cauj neticami viegli tos pacelt un sl\u0113pot.<\/span><\/span> <span class=\"jCAhz ChMk0b\"><span class=\"ryNqvb\">Atbalsta svara diapazonu l\u012bdz 85 m\u0101rci\u0146\u0101m ar b\u0113rna izm\u0113ra regul\u0113jamiem stiprin\u0101jumiem.<\/span><\/span> <span class=\"jCAhz ChMk0b\"><span class=\"ryNqvb\">Wake Stars ir sist\u0113ma par izdev\u012bgu cenu, lai j\u016bsu b\u0113rni non\u0101ktu br\u012bni\u0161\u0137\u012bgaj\u0101 \u016bdenssl\u0113po\u0161anas pasaul\u0113.<\/span><\/span><\/p>\n<dl class=\"odd\">\n<dt>Garums<\/dt>\n<dd>117cm (46&#8243;)<\/dd>\n<\/dl>\n<dl>\n<dt>Brauc\u0113ja svara ierobe\u017eojums<\/dt>\n<dd>l\u012bdz 39kg<\/dd>\n<\/dl>\n","protected":false},"excerpt":{"rendered":"<p>Lietotas b\u0113rnu \u016bdenssl\u0113pes Obrien Wake Star [&#8230;]<\/p>\n<p><a class=\"btn btn-secondary understrap-read-more-link\" href=\"https:\/\/www.waterskis.lv\/en\/product\/lietotas-bernu-udensslepes-obrien-wake-star\/\">Read More&#8230;<\/a><\/p>\n","protected":false},"featured_media":71976,"comment_status":"closed","ping_status":"closed","template":"","meta":{"_acf_changed":false,"inline_featured_image":false},"product_brand":[],"product_cat":[562,367,561],"product_tag":[2373,2374,2982,2983],"class_list":{"0":"post-71975","1":"product","2":"type-product","3":"status-publish","4":"has-post-thumbnail","6":"product_cat-kids-water-skis","7":"product_cat-used-water-sports-items","8":"product_cat-waterskis","9":"product_tag-bernu-udensslepes","10":"product_tag-lietotas-udensslepes","11":"product_tag-used-waterskis","12":"product_tag-2983","14":"first","15":"instock","16":"shipping-taxable","17":"purchasable","18":"product-type-simple"},"acf":[],"yoast_head":"<!-- This site is optimized with the Yoast SEO plugin v27.4 - https:\/\/yoast.com\/product\/yoast-seo-wordpress\/ -->\n<title>Lietotas b\u0113rnu \u016bdenssl\u0113pes Obrien Wake Star - WATERSKIS.LV<\/title>\n<meta name=\"description\" content=\"Lietotas b\u0113rnu \u016bdenssl\u0113pes Obrien Wake Star ir m\u0101c\u012bbu sist\u0113m komplekt\u0101 par izdev\u012bg\u0101ku cenu. Izgatavots no videi draudz\u012bga bambusa.\" \/>\n<meta name=\"robots\" content=\"index, follow, max-snippet:-1, max-image-preview:large, max-video-preview:-1\" \/>\n<link rel=\"canonical\" href=\"https:\/\/www.waterskis.lv\/en\/product\/lietotas-bernu-udensslepes-obrien-wake-star\/\" \/>\n<meta property=\"og:locale\" content=\"en_US\" \/>\n<meta property=\"og:type\" content=\"article\" \/>\n<meta property=\"og:title\" content=\"Lietotas b\u0113rnu \u016bdenssl\u0113pes Obrien Wake Star - WATERSKIS.LV\" \/>\n<meta property=\"og:description\" content=\"Lietotas b\u0113rnu \u016bdenssl\u0113pes Obrien Wake Star ir m\u0101c\u012bbu sist\u0113m komplekt\u0101 par izdev\u012bg\u0101ku cenu. Izgatavots no videi draudz\u012bga bambusa.\" \/>\n<meta property=\"og:url\" content=\"https:\/\/www.waterskis.lv\/en\/product\/lietotas-bernu-udensslepes-obrien-wake-star\/\" \/>\n<meta property=\"og:site_name\" content=\"WATERSKIS.LV\" \/>\n<meta property=\"article:publisher\" content=\"https:\/\/www.facebook.com\/jurmalawaterskiwakeboardpark\/\" \/>\n<meta property=\"article:modified_time\" content=\"2026-01-28T12:02:07+00:00\" \/>\n<meta property=\"og:image\" content=\"https:\/\/www.waterskis.lv\/wp-content\/uploads\/2022\/03\/ObrienWakeStar.jpg\" \/>\n\t<meta property=\"og:image:width\" content=\"2048\" \/>\n\t<meta property=\"og:image:height\" content=\"1152\" \/>\n\t<meta property=\"og:image:type\" content=\"image\/jpeg\" \/>\n<meta name=\"twitter:card\" content=\"summary_large_image\" \/>\n<meta name=\"twitter:label1\" content=\"Est. reading time\" \/>\n\t<meta name=\"twitter:data1\" content=\"2 minutes\" \/>\n<script type=\"application\/ld+json\" class=\"yoast-schema-graph\">{\"@context\":\"https:\\\/\\\/schema.org\",\"@graph\":[{\"@type\":\"WebPage\",\"@id\":\"https:\\\/\\\/www.waterskis.lv\\\/en\\\/product\\\/lietotas-bernu-udensslepes-obrien-wake-star\\\/\",\"url\":\"https:\\\/\\\/www.waterskis.lv\\\/en\\\/product\\\/lietotas-bernu-udensslepes-obrien-wake-star\\\/\",\"name\":\"Lietotas b\u0113rnu \u016bdenssl\u0113pes Obrien Wake Star - WATERSKIS.LV\",\"isPartOf\":{\"@id\":\"https:\\\/\\\/www.waterskis.lv\\\/en\\\/#website\"},\"primaryImageOfPage\":{\"@id\":\"https:\\\/\\\/www.waterskis.lv\\\/en\\\/product\\\/lietotas-bernu-udensslepes-obrien-wake-star\\\/#primaryimage\"},\"image\":{\"@id\":\"https:\\\/\\\/www.waterskis.lv\\\/en\\\/product\\\/lietotas-bernu-udensslepes-obrien-wake-star\\\/#primaryimage\"},\"thumbnailUrl\":\"https:\\\/\\\/www.waterskis.lv\\\/wp-content\\\/uploads\\\/2022\\\/03\\\/ObrienWakeStar.jpg\",\"datePublished\":\"2022-03-16T06:42:16+00:00\",\"dateModified\":\"2026-01-28T12:02:07+00:00\",\"description\":\"Lietotas b\u0113rnu \u016bdenssl\u0113pes Obrien Wake Star ir m\u0101c\u012bbu sist\u0113m komplekt\u0101 par izdev\u012bg\u0101ku cenu. Izgatavots no videi draudz\u012bga bambusa.\",\"breadcrumb\":{\"@id\":\"https:\\\/\\\/www.waterskis.lv\\\/en\\\/product\\\/lietotas-bernu-udensslepes-obrien-wake-star\\\/#breadcrumb\"},\"inLanguage\":\"en-US\",\"potentialAction\":[{\"@type\":\"ReadAction\",\"target\":[\"https:\\\/\\\/www.waterskis.lv\\\/en\\\/product\\\/lietotas-bernu-udensslepes-obrien-wake-star\\\/\"]}]},{\"@type\":\"ImageObject\",\"inLanguage\":\"en-US\",\"@id\":\"https:\\\/\\\/www.waterskis.lv\\\/en\\\/product\\\/lietotas-bernu-udensslepes-obrien-wake-star\\\/#primaryimage\",\"url\":\"https:\\\/\\\/www.waterskis.lv\\\/wp-content\\\/uploads\\\/2022\\\/03\\\/ObrienWakeStar.jpg\",\"contentUrl\":\"https:\\\/\\\/www.waterskis.lv\\\/wp-content\\\/uploads\\\/2022\\\/03\\\/ObrienWakeStar.jpg\",\"width\":2048,\"height\":1152,\"caption\":\"B\u0113rnu \u016bdenssl\u0113pes Obrien Wake Star\"},{\"@type\":\"BreadcrumbList\",\"@id\":\"https:\\\/\\\/www.waterskis.lv\\\/en\\\/product\\\/lietotas-bernu-udensslepes-obrien-wake-star\\\/#breadcrumb\",\"itemListElement\":[{\"@type\":\"ListItem\",\"position\":1,\"name\":\"Home\",\"item\":\"https:\\\/\\\/www.waterskis.lv\\\/en\\\/\"},{\"@type\":\"ListItem\",\"position\":2,\"name\":\"Shop\",\"item\":\"https:\\\/\\\/waterskis.lv\\\/en\\\/shop\\\/\"},{\"@type\":\"ListItem\",\"position\":3,\"name\":\"Lietotas b\u0113rnu \u016bdenssl\u0113pes Obrien Wake Star\"}]},{\"@type\":\"WebSite\",\"@id\":\"https:\\\/\\\/www.waterskis.lv\\\/en\\\/#website\",\"url\":\"https:\\\/\\\/www.waterskis.lv\\\/en\\\/\",\"name\":\"WATERSKIS.LV\",\"description\":\"SUP d\u0113\u013ci, kajaki, kanoe, airu laivas, \u016bdenssl\u0113po\u0161ana, veikbords, SUP d\u0113\u013cu noma, kajaku nomaakt\u012bv\u0101s atp\u016btas centrs, laivu noma, sup noma, kajaku noma\",\"publisher\":{\"@id\":\"https:\\\/\\\/www.waterskis.lv\\\/en\\\/#organization\"},\"potentialAction\":[{\"@type\":\"SearchAction\",\"target\":{\"@type\":\"EntryPoint\",\"urlTemplate\":\"https:\\\/\\\/www.waterskis.lv\\\/en\\\/?s={search_term_string}\"},\"query-input\":{\"@type\":\"PropertyValueSpecification\",\"valueRequired\":true,\"valueName\":\"search_term_string\"}}],\"inLanguage\":\"en-US\"},{\"@type\":\"Organization\",\"@id\":\"https:\\\/\\\/www.waterskis.lv\\\/en\\\/#organization\",\"name\":\"WATERSKIS.LV\",\"url\":\"https:\\\/\\\/www.waterskis.lv\\\/en\\\/\",\"logo\":{\"@type\":\"ImageObject\",\"inLanguage\":\"en-US\",\"@id\":\"https:\\\/\\\/www.waterskis.lv\\\/en\\\/#\\\/schema\\\/logo\\\/image\\\/\",\"url\":\"https:\\\/\\\/www.waterskis.lv\\\/wp-content\\\/uploads\\\/2025\\\/01\\\/JUVP-logo.png\",\"contentUrl\":\"https:\\\/\\\/www.waterskis.lv\\\/wp-content\\\/uploads\\\/2025\\\/01\\\/JUVP-logo.png\",\"width\":421,\"height\":202,\"caption\":\"WATERSKIS.LV\"},\"image\":{\"@id\":\"https:\\\/\\\/www.waterskis.lv\\\/en\\\/#\\\/schema\\\/logo\\\/image\\\/\"},\"sameAs\":[\"https:\\\/\\\/www.facebook.com\\\/jurmalawaterskiwakeboardpark\\\/\"]}]}<\/script>\n<!-- \/ Yoast SEO plugin. -->","yoast_head_json":{"title":"Lietotas b\u0113rnu \u016bdenssl\u0113pes Obrien Wake Star - WATERSKIS.LV","description":"Lietotas b\u0113rnu \u016bdenssl\u0113pes Obrien Wake Star ir m\u0101c\u012bbu sist\u0113m komplekt\u0101 par izdev\u012bg\u0101ku cenu. Izgatavots no videi draudz\u012bga bambusa.","robots":{"index":"index","follow":"follow","max-snippet":"max-snippet:-1","max-image-preview":"max-image-preview:large","max-video-preview":"max-video-preview:-1"},"canonical":"https:\/\/www.waterskis.lv\/en\/product\/lietotas-bernu-udensslepes-obrien-wake-star\/","og_locale":"en_US","og_type":"article","og_title":"Lietotas b\u0113rnu \u016bdenssl\u0113pes Obrien Wake Star - WATERSKIS.LV","og_description":"Lietotas b\u0113rnu \u016bdenssl\u0113pes Obrien Wake Star ir m\u0101c\u012bbu sist\u0113m komplekt\u0101 par izdev\u012bg\u0101ku cenu. Izgatavots no videi draudz\u012bga bambusa.","og_url":"https:\/\/www.waterskis.lv\/en\/product\/lietotas-bernu-udensslepes-obrien-wake-star\/","og_site_name":"WATERSKIS.LV","article_publisher":"https:\/\/www.facebook.com\/jurmalawaterskiwakeboardpark\/","article_modified_time":"2026-01-28T12:02:07+00:00","og_image":[{"width":2048,"height":1152,"url":"https:\/\/www.waterskis.lv\/wp-content\/uploads\/2022\/03\/ObrienWakeStar.jpg","type":"image\/jpeg"}],"twitter_card":"summary_large_image","twitter_misc":{"Est. reading time":"2 minutes"},"schema":{"@context":"https:\/\/schema.org","@graph":[{"@type":"WebPage","@id":"https:\/\/www.waterskis.lv\/en\/product\/lietotas-bernu-udensslepes-obrien-wake-star\/","url":"https:\/\/www.waterskis.lv\/en\/product\/lietotas-bernu-udensslepes-obrien-wake-star\/","name":"Lietotas b\u0113rnu \u016bdenssl\u0113pes Obrien Wake Star - WATERSKIS.LV","isPartOf":{"@id":"https:\/\/www.waterskis.lv\/en\/#website"},"primaryImageOfPage":{"@id":"https:\/\/www.waterskis.lv\/en\/product\/lietotas-bernu-udensslepes-obrien-wake-star\/#primaryimage"},"image":{"@id":"https:\/\/www.waterskis.lv\/en\/product\/lietotas-bernu-udensslepes-obrien-wake-star\/#primaryimage"},"thumbnailUrl":"https:\/\/www.waterskis.lv\/wp-content\/uploads\/2022\/03\/ObrienWakeStar.jpg","datePublished":"2022-03-16T06:42:16+00:00","dateModified":"2026-01-28T12:02:07+00:00","description":"Lietotas b\u0113rnu \u016bdenssl\u0113pes Obrien Wake Star ir m\u0101c\u012bbu sist\u0113m komplekt\u0101 par izdev\u012bg\u0101ku cenu. Izgatavots no videi draudz\u012bga bambusa.","breadcrumb":{"@id":"https:\/\/www.waterskis.lv\/en\/product\/lietotas-bernu-udensslepes-obrien-wake-star\/#breadcrumb"},"inLanguage":"en-US","potentialAction":[{"@type":"ReadAction","target":["https:\/\/www.waterskis.lv\/en\/product\/lietotas-bernu-udensslepes-obrien-wake-star\/"]}]},{"@type":"ImageObject","inLanguage":"en-US","@id":"https:\/\/www.waterskis.lv\/en\/product\/lietotas-bernu-udensslepes-obrien-wake-star\/#primaryimage","url":"https:\/\/www.waterskis.lv\/wp-content\/uploads\/2022\/03\/ObrienWakeStar.jpg","contentUrl":"https:\/\/www.waterskis.lv\/wp-content\/uploads\/2022\/03\/ObrienWakeStar.jpg","width":2048,"height":1152,"caption":"B\u0113rnu \u016bdenssl\u0113pes Obrien Wake Star"},{"@type":"BreadcrumbList","@id":"https:\/\/www.waterskis.lv\/en\/product\/lietotas-bernu-udensslepes-obrien-wake-star\/#breadcrumb","itemListElement":[{"@type":"ListItem","position":1,"name":"Home","item":"https:\/\/www.waterskis.lv\/en\/"},{"@type":"ListItem","position":2,"name":"Shop","item":"https:\/\/waterskis.lv\/en\/shop\/"},{"@type":"ListItem","position":3,"name":"Lietotas b\u0113rnu \u016bdenssl\u0113pes Obrien Wake Star"}]},{"@type":"WebSite","@id":"https:\/\/www.waterskis.lv\/en\/#website","url":"https:\/\/www.waterskis.lv\/en\/","name":"WATERSKIS.LV","description":"SUP d\u0113\u013ci, kajaki, kanoe, airu laivas, \u016bdenssl\u0113po\u0161ana, veikbords, SUP d\u0113\u013cu noma, kajaku nomaakt\u012bv\u0101s atp\u016btas centrs, laivu noma, sup noma, kajaku noma","publisher":{"@id":"https:\/\/www.waterskis.lv\/en\/#organization"},"potentialAction":[{"@type":"SearchAction","target":{"@type":"EntryPoint","urlTemplate":"https:\/\/www.waterskis.lv\/en\/?s={search_term_string}"},"query-input":{"@type":"PropertyValueSpecification","valueRequired":true,"valueName":"search_term_string"}}],"inLanguage":"en-US"},{"@type":"Organization","@id":"https:\/\/www.waterskis.lv\/en\/#organization","name":"WATERSKIS.LV","url":"https:\/\/www.waterskis.lv\/en\/","logo":{"@type":"ImageObject","inLanguage":"en-US","@id":"https:\/\/www.waterskis.lv\/en\/#\/schema\/logo\/image\/","url":"https:\/\/www.waterskis.lv\/wp-content\/uploads\/2025\/01\/JUVP-logo.png","contentUrl":"https:\/\/www.waterskis.lv\/wp-content\/uploads\/2025\/01\/JUVP-logo.png","width":421,"height":202,"caption":"WATERSKIS.LV"},"image":{"@id":"https:\/\/www.waterskis.lv\/en\/#\/schema\/logo\/image\/"},"sameAs":["https:\/\/www.facebook.com\/jurmalawaterskiwakeboardpark\/"]}]}},"_links":{"self":[{"href":"https:\/\/www.waterskis.lv\/en\/wp-json\/wp\/v2\/product\/71975","targetHints":{"allow":["GET"]}}],"collection":[{"href":"https:\/\/www.waterskis.lv\/en\/wp-json\/wp\/v2\/product"}],"about":[{"href":"https:\/\/www.waterskis.lv\/en\/wp-json\/wp\/v2\/types\/product"}],"replies":[{"embeddable":true,"href":"https:\/\/www.waterskis.lv\/en\/wp-json\/wp\/v2\/comments?post=71975"}],"wp:featuredmedia":[{"embeddable":true,"href":"https:\/\/www.waterskis.lv\/en\/wp-json\/wp\/v2\/media\/71976"}],"wp:attachment":[{"href":"https:\/\/www.waterskis.lv\/en\/wp-json\/wp\/v2\/media?parent=71975"}],"wp:term":[{"taxonomy":"product_brand","embeddable":true,"href":"https:\/\/www.waterskis.lv\/en\/wp-json\/wp\/v2\/product_brand?post=71975"},{"taxonomy":"product_cat","embeddable":true,"href":"https:\/\/www.waterskis.lv\/en\/wp-json\/wp\/v2\/product_cat?post=71975"},{"taxonomy":"product_tag","embeddable":true,"href":"https:\/\/www.waterskis.lv\/en\/wp-json\/wp\/v2\/product_tag?post=71975"}],"curies":[{"name":"wp","href":"https:\/\/api.w.org\/{rel}","templated":true}]}}