{"id":72563,"date":"2026-03-02T11:42:21","date_gmt":"2026-03-02T09:42:21","guid":{"rendered":"https:\/\/www.waterskis.lv\/product\/sup-piederumu-komplekts-aztron\/"},"modified":"2026-03-02T11:52:11","modified_gmt":"2026-03-02T09:52:11","slug":"aztron-sup-accessory-set","status":"publish","type":"product","link":"https:\/\/www.waterskis.lv\/en\/product\/aztron-sup-accessory-set\/","title":{"rendered":"AZTRON SUP accessory set"},"content":{"rendered":"<h1>SUP piederumu komplekts AZTROAZTRON SUP accessory set<\/h1>\n<p>AZTRON SUP accessory set<\/p>\n<h3 id=\"more-info\" class=\"page-product-heading active\">More info<\/h3>\n<div class=\"block_content1 rte active\">\n<p>AZTRON accessory set. The set includes<\/p>\n<ul>\n<li>Paddle (3-piece)<\/li>\n<li>Backpack<\/li>\n<li>Leash<\/li>\n<li>Pump<\/li>\n<\/ul>\n<\/div>\n","protected":false},"excerpt":{"rendered":"<p><img decoding=\"async\" src=\"https:\/\/kayakshop.lt\/31609-tm_thickbox_default\/accessory-set-aztron.jpg\" \/> [&#8230;]<\/p>\n<p><a class=\"btn btn-secondary understrap-read-more-link\" href=\"https:\/\/www.waterskis.lv\/en\/product\/aztron-sup-accessory-set\/\">Read More&#8230;<\/a><\/p>\n","protected":false},"featured_media":72987,"comment_status":"closed","ping_status":"closed","template":"","meta":{"_acf_changed":false,"inline_featured_image":false},"product_brand":[],"product_cat":[502,388],"product_tag":[3894,3921,3895,1393,3896,1399,3922,1380,1388,3899,3923,3924,3925,3926],"class_list":{"0":"post-72563","1":"product","2":"type-product","3":"status-publish","4":"has-post-thumbnail","6":"product_cat-stand-up-paddle-boards","7":"product_cat-sup-boards-accessories-en","8":"product_tag-aztron","9":"product_tag-aztron-sup","10":"product_tag-sup-accessories","11":"product_tag-sup-airis","12":"product_tag-sup-leash","13":"product_tag-sup-paddle","14":"product_tag-sup-piederumi","15":"product_tag-sup-pump","16":"product_tag-sup-pumpis","17":"product_tag-sup-saite","18":"product_tag---sup","21":"product_tag----sup","23":"first","24":"instock","25":"shipping-taxable","26":"purchasable","27":"product-type-simple"},"acf":[],"yoast_head":"<!-- This site is optimized with the Yoast SEO plugin v27.3 - https:\/\/yoast.com\/product\/yoast-seo-wordpress\/ -->\n<title>AZTRON SUP accessory set - WATERSKIS.LV<\/title>\n<meta name=\"description\" content=\"AZTRON SUP accessory set. More infoAZTRON accessory set. The set includes: Paddle (3-piece), Backpack, Leash, Pump\" \/>\n<meta name=\"robots\" content=\"index, follow, max-snippet:-1, max-image-preview:large, max-video-preview:-1\" \/>\n<link rel=\"canonical\" href=\"https:\/\/www.waterskis.lv\/en\/product\/aztron-sup-accessory-set\/\" \/>\n<meta property=\"og:locale\" content=\"en_US\" \/>\n<meta property=\"og:type\" content=\"article\" \/>\n<meta property=\"og:title\" content=\"AZTRON SUP accessory set - WATERSKIS.LV\" \/>\n<meta property=\"og:description\" content=\"AZTRON SUP accessory set. More infoAZTRON accessory set. The set includes: Paddle (3-piece), Backpack, Leash, Pump\" \/>\n<meta property=\"og:url\" content=\"https:\/\/www.waterskis.lv\/en\/product\/aztron-sup-accessory-set\/\" \/>\n<meta property=\"og:site_name\" content=\"WATERSKIS.LV\" \/>\n<meta property=\"article:publisher\" content=\"https:\/\/www.facebook.com\/jurmalawaterskiwakeboardpark\/\" \/>\n<meta property=\"article:modified_time\" content=\"2026-03-02T09:52:11+00:00\" \/>\n<meta property=\"og:image\" content=\"https:\/\/www.waterskis.lv\/wp-content\/uploads\/2026\/03\/aksesuaru-komplektas-aztron.png\" \/>\n\t<meta property=\"og:image:width\" content=\"1000\" \/>\n\t<meta property=\"og:image:height\" content=\"1000\" \/>\n\t<meta property=\"og:image:type\" content=\"image\/png\" \/>\n<meta name=\"twitter:card\" content=\"summary_large_image\" \/>\n<meta name=\"twitter:label1\" content=\"Est. reading time\" \/>\n\t<meta name=\"twitter:data1\" content=\"1 minute\" \/>\n<script type=\"application\/ld+json\" class=\"yoast-schema-graph\">{\"@context\":\"https:\\\/\\\/schema.org\",\"@graph\":[{\"@type\":\"WebPage\",\"@id\":\"https:\\\/\\\/www.waterskis.lv\\\/en\\\/product\\\/aztron-sup-accessory-set\\\/\",\"url\":\"https:\\\/\\\/www.waterskis.lv\\\/en\\\/product\\\/aztron-sup-accessory-set\\\/\",\"name\":\"AZTRON SUP accessory set - WATERSKIS.LV\",\"isPartOf\":{\"@id\":\"https:\\\/\\\/www.waterskis.lv\\\/en\\\/#website\"},\"primaryImageOfPage\":{\"@id\":\"https:\\\/\\\/www.waterskis.lv\\\/en\\\/product\\\/aztron-sup-accessory-set\\\/#primaryimage\"},\"image\":{\"@id\":\"https:\\\/\\\/www.waterskis.lv\\\/en\\\/product\\\/aztron-sup-accessory-set\\\/#primaryimage\"},\"thumbnailUrl\":\"https:\\\/\\\/www.waterskis.lv\\\/wp-content\\\/uploads\\\/2026\\\/03\\\/aksesuaru-komplektas-aztron.png\",\"datePublished\":\"2026-03-02T09:42:21+00:00\",\"dateModified\":\"2026-03-02T09:52:11+00:00\",\"description\":\"AZTRON SUP accessory set. More infoAZTRON accessory set. The set includes: Paddle (3-piece), Backpack, Leash, Pump\",\"breadcrumb\":{\"@id\":\"https:\\\/\\\/www.waterskis.lv\\\/en\\\/product\\\/aztron-sup-accessory-set\\\/#breadcrumb\"},\"inLanguage\":\"en-US\",\"potentialAction\":[{\"@type\":\"ReadAction\",\"target\":[\"https:\\\/\\\/www.waterskis.lv\\\/en\\\/product\\\/aztron-sup-accessory-set\\\/\"]}]},{\"@type\":\"ImageObject\",\"inLanguage\":\"en-US\",\"@id\":\"https:\\\/\\\/www.waterskis.lv\\\/en\\\/product\\\/aztron-sup-accessory-set\\\/#primaryimage\",\"url\":\"https:\\\/\\\/www.waterskis.lv\\\/wp-content\\\/uploads\\\/2026\\\/03\\\/aksesuaru-komplektas-aztron.png\",\"contentUrl\":\"https:\\\/\\\/www.waterskis.lv\\\/wp-content\\\/uploads\\\/2026\\\/03\\\/aksesuaru-komplektas-aztron.png\",\"width\":1000,\"height\":1000,\"caption\":\"SUP piederumu komplekts AZTRON\"},{\"@type\":\"BreadcrumbList\",\"@id\":\"https:\\\/\\\/www.waterskis.lv\\\/en\\\/product\\\/aztron-sup-accessory-set\\\/#breadcrumb\",\"itemListElement\":[{\"@type\":\"ListItem\",\"position\":1,\"name\":\"Home\",\"item\":\"https:\\\/\\\/www.waterskis.lv\\\/en\\\/\"},{\"@type\":\"ListItem\",\"position\":2,\"name\":\"Shop\",\"item\":\"https:\\\/\\\/waterskis.lv\\\/en\\\/shop\\\/\"},{\"@type\":\"ListItem\",\"position\":3,\"name\":\"AZTRON SUP accessory set\"}]},{\"@type\":\"WebSite\",\"@id\":\"https:\\\/\\\/www.waterskis.lv\\\/en\\\/#website\",\"url\":\"https:\\\/\\\/www.waterskis.lv\\\/en\\\/\",\"name\":\"WATERSKIS.LV\",\"description\":\"SUP d\u0113\u013ci, kajaki, kanoe, airu laivas, \u016bdenssl\u0113po\u0161ana, veikbords, SUP d\u0113\u013cu noma, kajaku nomaakt\u012bv\u0101s atp\u016btas centrs, laivu noma, sup noma, kajaku noma\",\"publisher\":{\"@id\":\"https:\\\/\\\/www.waterskis.lv\\\/en\\\/#organization\"},\"potentialAction\":[{\"@type\":\"SearchAction\",\"target\":{\"@type\":\"EntryPoint\",\"urlTemplate\":\"https:\\\/\\\/www.waterskis.lv\\\/en\\\/?s={search_term_string}\"},\"query-input\":{\"@type\":\"PropertyValueSpecification\",\"valueRequired\":true,\"valueName\":\"search_term_string\"}}],\"inLanguage\":\"en-US\"},{\"@type\":\"Organization\",\"@id\":\"https:\\\/\\\/www.waterskis.lv\\\/en\\\/#organization\",\"name\":\"WATERSKIS.LV\",\"url\":\"https:\\\/\\\/www.waterskis.lv\\\/en\\\/\",\"logo\":{\"@type\":\"ImageObject\",\"inLanguage\":\"en-US\",\"@id\":\"https:\\\/\\\/www.waterskis.lv\\\/en\\\/#\\\/schema\\\/logo\\\/image\\\/\",\"url\":\"https:\\\/\\\/www.waterskis.lv\\\/wp-content\\\/uploads\\\/2025\\\/01\\\/JUVP-logo.png\",\"contentUrl\":\"https:\\\/\\\/www.waterskis.lv\\\/wp-content\\\/uploads\\\/2025\\\/01\\\/JUVP-logo.png\",\"width\":421,\"height\":202,\"caption\":\"WATERSKIS.LV\"},\"image\":{\"@id\":\"https:\\\/\\\/www.waterskis.lv\\\/en\\\/#\\\/schema\\\/logo\\\/image\\\/\"},\"sameAs\":[\"https:\\\/\\\/www.facebook.com\\\/jurmalawaterskiwakeboardpark\\\/\"]}]}<\/script>\n<!-- \/ Yoast SEO plugin. -->","yoast_head_json":{"title":"AZTRON SUP accessory set - WATERSKIS.LV","description":"AZTRON SUP accessory set. More infoAZTRON accessory set. The set includes: Paddle (3-piece), Backpack, Leash, Pump","robots":{"index":"index","follow":"follow","max-snippet":"max-snippet:-1","max-image-preview":"max-image-preview:large","max-video-preview":"max-video-preview:-1"},"canonical":"https:\/\/www.waterskis.lv\/en\/product\/aztron-sup-accessory-set\/","og_locale":"en_US","og_type":"article","og_title":"AZTRON SUP accessory set - WATERSKIS.LV","og_description":"AZTRON SUP accessory set. More infoAZTRON accessory set. The set includes: Paddle (3-piece), Backpack, Leash, Pump","og_url":"https:\/\/www.waterskis.lv\/en\/product\/aztron-sup-accessory-set\/","og_site_name":"WATERSKIS.LV","article_publisher":"https:\/\/www.facebook.com\/jurmalawaterskiwakeboardpark\/","article_modified_time":"2026-03-02T09:52:11+00:00","og_image":[{"width":1000,"height":1000,"url":"https:\/\/www.waterskis.lv\/wp-content\/uploads\/2026\/03\/aksesuaru-komplektas-aztron.png","type":"image\/png"}],"twitter_card":"summary_large_image","twitter_misc":{"Est. reading time":"1 minute"},"schema":{"@context":"https:\/\/schema.org","@graph":[{"@type":"WebPage","@id":"https:\/\/www.waterskis.lv\/en\/product\/aztron-sup-accessory-set\/","url":"https:\/\/www.waterskis.lv\/en\/product\/aztron-sup-accessory-set\/","name":"AZTRON SUP accessory set - WATERSKIS.LV","isPartOf":{"@id":"https:\/\/www.waterskis.lv\/en\/#website"},"primaryImageOfPage":{"@id":"https:\/\/www.waterskis.lv\/en\/product\/aztron-sup-accessory-set\/#primaryimage"},"image":{"@id":"https:\/\/www.waterskis.lv\/en\/product\/aztron-sup-accessory-set\/#primaryimage"},"thumbnailUrl":"https:\/\/www.waterskis.lv\/wp-content\/uploads\/2026\/03\/aksesuaru-komplektas-aztron.png","datePublished":"2026-03-02T09:42:21+00:00","dateModified":"2026-03-02T09:52:11+00:00","description":"AZTRON SUP accessory set. More infoAZTRON accessory set. The set includes: Paddle (3-piece), Backpack, Leash, Pump","breadcrumb":{"@id":"https:\/\/www.waterskis.lv\/en\/product\/aztron-sup-accessory-set\/#breadcrumb"},"inLanguage":"en-US","potentialAction":[{"@type":"ReadAction","target":["https:\/\/www.waterskis.lv\/en\/product\/aztron-sup-accessory-set\/"]}]},{"@type":"ImageObject","inLanguage":"en-US","@id":"https:\/\/www.waterskis.lv\/en\/product\/aztron-sup-accessory-set\/#primaryimage","url":"https:\/\/www.waterskis.lv\/wp-content\/uploads\/2026\/03\/aksesuaru-komplektas-aztron.png","contentUrl":"https:\/\/www.waterskis.lv\/wp-content\/uploads\/2026\/03\/aksesuaru-komplektas-aztron.png","width":1000,"height":1000,"caption":"SUP piederumu komplekts AZTRON"},{"@type":"BreadcrumbList","@id":"https:\/\/www.waterskis.lv\/en\/product\/aztron-sup-accessory-set\/#breadcrumb","itemListElement":[{"@type":"ListItem","position":1,"name":"Home","item":"https:\/\/www.waterskis.lv\/en\/"},{"@type":"ListItem","position":2,"name":"Shop","item":"https:\/\/waterskis.lv\/en\/shop\/"},{"@type":"ListItem","position":3,"name":"AZTRON SUP accessory set"}]},{"@type":"WebSite","@id":"https:\/\/www.waterskis.lv\/en\/#website","url":"https:\/\/www.waterskis.lv\/en\/","name":"WATERSKIS.LV","description":"SUP d\u0113\u013ci, kajaki, kanoe, airu laivas, \u016bdenssl\u0113po\u0161ana, veikbords, SUP d\u0113\u013cu noma, kajaku nomaakt\u012bv\u0101s atp\u016btas centrs, laivu noma, sup noma, kajaku noma","publisher":{"@id":"https:\/\/www.waterskis.lv\/en\/#organization"},"potentialAction":[{"@type":"SearchAction","target":{"@type":"EntryPoint","urlTemplate":"https:\/\/www.waterskis.lv\/en\/?s={search_term_string}"},"query-input":{"@type":"PropertyValueSpecification","valueRequired":true,"valueName":"search_term_string"}}],"inLanguage":"en-US"},{"@type":"Organization","@id":"https:\/\/www.waterskis.lv\/en\/#organization","name":"WATERSKIS.LV","url":"https:\/\/www.waterskis.lv\/en\/","logo":{"@type":"ImageObject","inLanguage":"en-US","@id":"https:\/\/www.waterskis.lv\/en\/#\/schema\/logo\/image\/","url":"https:\/\/www.waterskis.lv\/wp-content\/uploads\/2025\/01\/JUVP-logo.png","contentUrl":"https:\/\/www.waterskis.lv\/wp-content\/uploads\/2025\/01\/JUVP-logo.png","width":421,"height":202,"caption":"WATERSKIS.LV"},"image":{"@id":"https:\/\/www.waterskis.lv\/en\/#\/schema\/logo\/image\/"},"sameAs":["https:\/\/www.facebook.com\/jurmalawaterskiwakeboardpark\/"]}]}},"_links":{"self":[{"href":"https:\/\/www.waterskis.lv\/en\/wp-json\/wp\/v2\/product\/72563","targetHints":{"allow":["GET"]}}],"collection":[{"href":"https:\/\/www.waterskis.lv\/en\/wp-json\/wp\/v2\/product"}],"about":[{"href":"https:\/\/www.waterskis.lv\/en\/wp-json\/wp\/v2\/types\/product"}],"replies":[{"embeddable":true,"href":"https:\/\/www.waterskis.lv\/en\/wp-json\/wp\/v2\/comments?post=72563"}],"wp:featuredmedia":[{"embeddable":true,"href":"https:\/\/www.waterskis.lv\/en\/wp-json\/wp\/v2\/media\/72987"}],"wp:attachment":[{"href":"https:\/\/www.waterskis.lv\/en\/wp-json\/wp\/v2\/media?parent=72563"}],"wp:term":[{"taxonomy":"product_brand","embeddable":true,"href":"https:\/\/www.waterskis.lv\/en\/wp-json\/wp\/v2\/product_brand?post=72563"},{"taxonomy":"product_cat","embeddable":true,"href":"https:\/\/www.waterskis.lv\/en\/wp-json\/wp\/v2\/product_cat?post=72563"},{"taxonomy":"product_tag","embeddable":true,"href":"https:\/\/www.waterskis.lv\/en\/wp-json\/wp\/v2\/product_tag?post=72563"}],"curies":[{"name":"wp","href":"https:\/\/api.w.org\/{rel}","templated":true}]}}