{"id":72587,"date":"2026-03-02T19:13:47","date_gmt":"2026-03-02T17:13:47","guid":{"rendered":"https:\/\/www.waterskis.lv\/product\/veikborda-delis-2026-connelly-pure-wakeboard\/"},"modified":"2026-03-02T19:18:18","modified_gmt":"2026-03-02T17:18:18","slug":"2026-connelly-pure-wakeboard","status":"publish","type":"product","link":"https:\/\/www.waterskis.lv\/en\/product\/2026-connelly-pure-wakeboard\/","title":{"rendered":"2026 Connelly Pure Wakeboard"},"content":{"rendered":"<h1>2026 Connelly Pure Wakeboard<\/h1>\n<p>2026 Connelly Pure Wakeboard<\/p>\n<p>130<\/p>\n<p>134<\/p>\n<p>141<\/p>\n<table id=\"product-attribute-specs-table\" class=\"data table additional-attributes\">\n<tbody>\n<tr>\n<th class=\"col label\" scope=\"row\">SKU<\/th>\n<td class=\"col data\" data-th=\"SKU\">H26624255<\/td>\n<\/tr>\n<tr>\n<th class=\"col label\" scope=\"row\">EAN<\/th>\n<td class=\"col data\" data-th=\"EAN\">748610421555<\/td>\n<\/tr>\n<tr>\n<th class=\"col label\" scope=\"row\">Brand<\/th>\n<td class=\"col data\" data-th=\"Brand\">Connelly<\/td>\n<\/tr>\n<tr>\n<th class=\"col label\" scope=\"row\">Color<\/th>\n<td class=\"col data\" data-th=\"Color\">Red<\/td>\n<\/tr>\n<\/tbody>\n<\/table>\n<p>&nbsp;<\/p>\n<p><img decoding=\"async\" class=\"\" src=\"https:\/\/www.buywake.eu\/media\/catalog\/product\/cache\/85926cf993e2da71c6d80495a1f783a4\/2\/0\/2026-connelly-pure-thumb.jpg\" width=\"413\" height=\"413\" \/><\/p>\n<p>&nbsp;<\/p>\n<p>&nbsp;<\/p>\n<p>&nbsp;<\/p>\n","protected":false},"excerpt":{"rendered":"<p>&nbsp;<\/p>\n<p><img decoding=\"async\" class=\"\" src=\"https:\/\/www.buywake.eu\/media\/catalog\/product\/cache\/85926cf993e2da71c6d80495a1f783a4\/2\/0\/2026-connelly-pure-thumb.jpg\" width=\"405\" height=\"405\" \/><\/p>\n<p>&nbsp; [&#8230;]<\/p>\n<p><a class=\"btn btn-secondary understrap-read-more-link\" href=\"https:\/\/www.waterskis.lv\/en\/product\/2026-connelly-pure-wakeboard\/\">Read More&#8230;<\/a><\/p>\n","protected":false},"featured_media":0,"comment_status":"closed","ping_status":"closed","template":"","meta":{"_acf_changed":false,"inline_featured_image":false},"product_brand":[1280],"product_cat":[956,565],"product_tag":[3969,3970,3971,3972,3973,1457,3974,3975],"class_list":{"0":"post-72587","1":"product","2":"type-product","3":"status-publish","5":"product_brand-connelly-water-sports","6":"product_cat-boat-boards","7":"product_cat-wakeboards","8":"product_tag-connelly-veikborda-delis","9":"product_tag-connelly-water-sports","10":"product_tag-veikborda-ar-atlaidi","11":"product_tag-veikborda-cena","12":"product_tag-veikbordu-izpardosana","13":"product_tag-wakeboard","14":"product_tag-3974","15":"product_tag-3975","17":"first","18":"instock","19":"shipping-taxable","20":"purchasable","21":"product-type-simple"},"acf":[],"yoast_head":"<!-- This site is optimized with the Yoast SEO plugin v27.3 - https:\/\/yoast.com\/product\/yoast-seo-wordpress\/ -->\n<title>2026 Connelly Pure Wakeboard - WATERSKIS.LV<\/title>\n<meta name=\"description\" content=\"2026 Connelly Pure Wakeboard 130, 134, 141\" \/>\n<meta name=\"robots\" content=\"index, follow, max-snippet:-1, max-image-preview:large, max-video-preview:-1\" \/>\n<link rel=\"canonical\" href=\"https:\/\/www.waterskis.lv\/en\/product\/2026-connelly-pure-wakeboard\/\" \/>\n<meta property=\"og:locale\" content=\"en_US\" \/>\n<meta property=\"og:type\" content=\"article\" \/>\n<meta property=\"og:title\" content=\"2026 Connelly Pure Wakeboard - WATERSKIS.LV\" \/>\n<meta property=\"og:description\" content=\"2026 Connelly Pure Wakeboard 130, 134, 141\" \/>\n<meta property=\"og:url\" content=\"https:\/\/www.waterskis.lv\/en\/product\/2026-connelly-pure-wakeboard\/\" \/>\n<meta property=\"og:site_name\" content=\"WATERSKIS.LV\" \/>\n<meta property=\"article:publisher\" content=\"https:\/\/www.facebook.com\/jurmalawaterskiwakeboardpark\/\" \/>\n<meta property=\"article:modified_time\" content=\"2026-03-02T17:18:18+00:00\" \/>\n<meta property=\"og:image\" content=\"https:\/\/www.buywake.eu\/media\/catalog\/product\/cache\/85926cf993e2da71c6d80495a1f783a4\/2\/0\/2026-connelly-pure-thumb.jpg\" \/>\n<meta name=\"twitter:card\" content=\"summary_large_image\" \/>\n<meta name=\"twitter:label1\" content=\"Est. reading time\" \/>\n\t<meta name=\"twitter:data1\" content=\"1 minute\" \/>\n<script type=\"application\/ld+json\" class=\"yoast-schema-graph\">{\"@context\":\"https:\\\/\\\/schema.org\",\"@graph\":[{\"@type\":\"WebPage\",\"@id\":\"https:\\\/\\\/www.waterskis.lv\\\/en\\\/product\\\/2026-connelly-pure-wakeboard\\\/\",\"url\":\"https:\\\/\\\/www.waterskis.lv\\\/en\\\/product\\\/2026-connelly-pure-wakeboard\\\/\",\"name\":\"2026 Connelly Pure Wakeboard - WATERSKIS.LV\",\"isPartOf\":{\"@id\":\"https:\\\/\\\/www.waterskis.lv\\\/en\\\/#website\"},\"primaryImageOfPage\":{\"@id\":\"https:\\\/\\\/www.waterskis.lv\\\/en\\\/product\\\/2026-connelly-pure-wakeboard\\\/#primaryimage\"},\"image\":{\"@id\":\"https:\\\/\\\/www.waterskis.lv\\\/en\\\/product\\\/2026-connelly-pure-wakeboard\\\/#primaryimage\"},\"thumbnailUrl\":\"https:\\\/\\\/www.buywake.eu\\\/media\\\/catalog\\\/product\\\/cache\\\/85926cf993e2da71c6d80495a1f783a4\\\/2\\\/0\\\/2026-connelly-pure-thumb.jpg\",\"datePublished\":\"2026-03-02T17:13:47+00:00\",\"dateModified\":\"2026-03-02T17:18:18+00:00\",\"description\":\"2026 Connelly Pure Wakeboard 130, 134, 141\",\"breadcrumb\":{\"@id\":\"https:\\\/\\\/www.waterskis.lv\\\/en\\\/product\\\/2026-connelly-pure-wakeboard\\\/#breadcrumb\"},\"inLanguage\":\"en-US\",\"potentialAction\":[{\"@type\":\"ReadAction\",\"target\":[\"https:\\\/\\\/www.waterskis.lv\\\/en\\\/product\\\/2026-connelly-pure-wakeboard\\\/\"]}]},{\"@type\":\"ImageObject\",\"inLanguage\":\"en-US\",\"@id\":\"https:\\\/\\\/www.waterskis.lv\\\/en\\\/product\\\/2026-connelly-pure-wakeboard\\\/#primaryimage\",\"url\":\"https:\\\/\\\/www.buywake.eu\\\/media\\\/catalog\\\/product\\\/cache\\\/85926cf993e2da71c6d80495a1f783a4\\\/2\\\/0\\\/2026-connelly-pure-thumb.jpg\",\"contentUrl\":\"https:\\\/\\\/www.buywake.eu\\\/media\\\/catalog\\\/product\\\/cache\\\/85926cf993e2da71c6d80495a1f783a4\\\/2\\\/0\\\/2026-connelly-pure-thumb.jpg\"},{\"@type\":\"BreadcrumbList\",\"@id\":\"https:\\\/\\\/www.waterskis.lv\\\/en\\\/product\\\/2026-connelly-pure-wakeboard\\\/#breadcrumb\",\"itemListElement\":[{\"@type\":\"ListItem\",\"position\":1,\"name\":\"Home\",\"item\":\"https:\\\/\\\/www.waterskis.lv\\\/en\\\/\"},{\"@type\":\"ListItem\",\"position\":2,\"name\":\"Shop\",\"item\":\"https:\\\/\\\/waterskis.lv\\\/en\\\/shop\\\/\"},{\"@type\":\"ListItem\",\"position\":3,\"name\":\"2026 Connelly Pure Wakeboard\"}]},{\"@type\":\"WebSite\",\"@id\":\"https:\\\/\\\/www.waterskis.lv\\\/en\\\/#website\",\"url\":\"https:\\\/\\\/www.waterskis.lv\\\/en\\\/\",\"name\":\"WATERSKIS.LV\",\"description\":\"SUP d\u0113\u013ci, kajaki, kanoe, airu laivas, \u016bdenssl\u0113po\u0161ana, veikbords, SUP d\u0113\u013cu noma, kajaku nomaakt\u012bv\u0101s atp\u016btas centrs, laivu noma, sup noma, kajaku noma\",\"publisher\":{\"@id\":\"https:\\\/\\\/www.waterskis.lv\\\/en\\\/#organization\"},\"potentialAction\":[{\"@type\":\"SearchAction\",\"target\":{\"@type\":\"EntryPoint\",\"urlTemplate\":\"https:\\\/\\\/www.waterskis.lv\\\/en\\\/?s={search_term_string}\"},\"query-input\":{\"@type\":\"PropertyValueSpecification\",\"valueRequired\":true,\"valueName\":\"search_term_string\"}}],\"inLanguage\":\"en-US\"},{\"@type\":\"Organization\",\"@id\":\"https:\\\/\\\/www.waterskis.lv\\\/en\\\/#organization\",\"name\":\"WATERSKIS.LV\",\"url\":\"https:\\\/\\\/www.waterskis.lv\\\/en\\\/\",\"logo\":{\"@type\":\"ImageObject\",\"inLanguage\":\"en-US\",\"@id\":\"https:\\\/\\\/www.waterskis.lv\\\/en\\\/#\\\/schema\\\/logo\\\/image\\\/\",\"url\":\"https:\\\/\\\/www.waterskis.lv\\\/wp-content\\\/uploads\\\/2025\\\/01\\\/JUVP-logo.png\",\"contentUrl\":\"https:\\\/\\\/www.waterskis.lv\\\/wp-content\\\/uploads\\\/2025\\\/01\\\/JUVP-logo.png\",\"width\":421,\"height\":202,\"caption\":\"WATERSKIS.LV\"},\"image\":{\"@id\":\"https:\\\/\\\/www.waterskis.lv\\\/en\\\/#\\\/schema\\\/logo\\\/image\\\/\"},\"sameAs\":[\"https:\\\/\\\/www.facebook.com\\\/jurmalawaterskiwakeboardpark\\\/\"]}]}<\/script>\n<!-- \/ Yoast SEO plugin. -->","yoast_head_json":{"title":"2026 Connelly Pure Wakeboard - WATERSKIS.LV","description":"2026 Connelly Pure Wakeboard 130, 134, 141","robots":{"index":"index","follow":"follow","max-snippet":"max-snippet:-1","max-image-preview":"max-image-preview:large","max-video-preview":"max-video-preview:-1"},"canonical":"https:\/\/www.waterskis.lv\/en\/product\/2026-connelly-pure-wakeboard\/","og_locale":"en_US","og_type":"article","og_title":"2026 Connelly Pure Wakeboard - WATERSKIS.LV","og_description":"2026 Connelly Pure Wakeboard 130, 134, 141","og_url":"https:\/\/www.waterskis.lv\/en\/product\/2026-connelly-pure-wakeboard\/","og_site_name":"WATERSKIS.LV","article_publisher":"https:\/\/www.facebook.com\/jurmalawaterskiwakeboardpark\/","article_modified_time":"2026-03-02T17:18:18+00:00","og_image":[{"url":"https:\/\/www.buywake.eu\/media\/catalog\/product\/cache\/85926cf993e2da71c6d80495a1f783a4\/2\/0\/2026-connelly-pure-thumb.jpg","type":"","width":"","height":""}],"twitter_card":"summary_large_image","twitter_misc":{"Est. reading time":"1 minute"},"schema":{"@context":"https:\/\/schema.org","@graph":[{"@type":"WebPage","@id":"https:\/\/www.waterskis.lv\/en\/product\/2026-connelly-pure-wakeboard\/","url":"https:\/\/www.waterskis.lv\/en\/product\/2026-connelly-pure-wakeboard\/","name":"2026 Connelly Pure Wakeboard - WATERSKIS.LV","isPartOf":{"@id":"https:\/\/www.waterskis.lv\/en\/#website"},"primaryImageOfPage":{"@id":"https:\/\/www.waterskis.lv\/en\/product\/2026-connelly-pure-wakeboard\/#primaryimage"},"image":{"@id":"https:\/\/www.waterskis.lv\/en\/product\/2026-connelly-pure-wakeboard\/#primaryimage"},"thumbnailUrl":"https:\/\/www.buywake.eu\/media\/catalog\/product\/cache\/85926cf993e2da71c6d80495a1f783a4\/2\/0\/2026-connelly-pure-thumb.jpg","datePublished":"2026-03-02T17:13:47+00:00","dateModified":"2026-03-02T17:18:18+00:00","description":"2026 Connelly Pure Wakeboard 130, 134, 141","breadcrumb":{"@id":"https:\/\/www.waterskis.lv\/en\/product\/2026-connelly-pure-wakeboard\/#breadcrumb"},"inLanguage":"en-US","potentialAction":[{"@type":"ReadAction","target":["https:\/\/www.waterskis.lv\/en\/product\/2026-connelly-pure-wakeboard\/"]}]},{"@type":"ImageObject","inLanguage":"en-US","@id":"https:\/\/www.waterskis.lv\/en\/product\/2026-connelly-pure-wakeboard\/#primaryimage","url":"https:\/\/www.buywake.eu\/media\/catalog\/product\/cache\/85926cf993e2da71c6d80495a1f783a4\/2\/0\/2026-connelly-pure-thumb.jpg","contentUrl":"https:\/\/www.buywake.eu\/media\/catalog\/product\/cache\/85926cf993e2da71c6d80495a1f783a4\/2\/0\/2026-connelly-pure-thumb.jpg"},{"@type":"BreadcrumbList","@id":"https:\/\/www.waterskis.lv\/en\/product\/2026-connelly-pure-wakeboard\/#breadcrumb","itemListElement":[{"@type":"ListItem","position":1,"name":"Home","item":"https:\/\/www.waterskis.lv\/en\/"},{"@type":"ListItem","position":2,"name":"Shop","item":"https:\/\/waterskis.lv\/en\/shop\/"},{"@type":"ListItem","position":3,"name":"2026 Connelly Pure Wakeboard"}]},{"@type":"WebSite","@id":"https:\/\/www.waterskis.lv\/en\/#website","url":"https:\/\/www.waterskis.lv\/en\/","name":"WATERSKIS.LV","description":"SUP d\u0113\u013ci, kajaki, kanoe, airu laivas, \u016bdenssl\u0113po\u0161ana, veikbords, SUP d\u0113\u013cu noma, kajaku nomaakt\u012bv\u0101s atp\u016btas centrs, laivu noma, sup noma, kajaku noma","publisher":{"@id":"https:\/\/www.waterskis.lv\/en\/#organization"},"potentialAction":[{"@type":"SearchAction","target":{"@type":"EntryPoint","urlTemplate":"https:\/\/www.waterskis.lv\/en\/?s={search_term_string}"},"query-input":{"@type":"PropertyValueSpecification","valueRequired":true,"valueName":"search_term_string"}}],"inLanguage":"en-US"},{"@type":"Organization","@id":"https:\/\/www.waterskis.lv\/en\/#organization","name":"WATERSKIS.LV","url":"https:\/\/www.waterskis.lv\/en\/","logo":{"@type":"ImageObject","inLanguage":"en-US","@id":"https:\/\/www.waterskis.lv\/en\/#\/schema\/logo\/image\/","url":"https:\/\/www.waterskis.lv\/wp-content\/uploads\/2025\/01\/JUVP-logo.png","contentUrl":"https:\/\/www.waterskis.lv\/wp-content\/uploads\/2025\/01\/JUVP-logo.png","width":421,"height":202,"caption":"WATERSKIS.LV"},"image":{"@id":"https:\/\/www.waterskis.lv\/en\/#\/schema\/logo\/image\/"},"sameAs":["https:\/\/www.facebook.com\/jurmalawaterskiwakeboardpark\/"]}]}},"_links":{"self":[{"href":"https:\/\/www.waterskis.lv\/en\/wp-json\/wp\/v2\/product\/72587","targetHints":{"allow":["GET"]}}],"collection":[{"href":"https:\/\/www.waterskis.lv\/en\/wp-json\/wp\/v2\/product"}],"about":[{"href":"https:\/\/www.waterskis.lv\/en\/wp-json\/wp\/v2\/types\/product"}],"replies":[{"embeddable":true,"href":"https:\/\/www.waterskis.lv\/en\/wp-json\/wp\/v2\/comments?post=72587"}],"wp:attachment":[{"href":"https:\/\/www.waterskis.lv\/en\/wp-json\/wp\/v2\/media?parent=72587"}],"wp:term":[{"taxonomy":"product_brand","embeddable":true,"href":"https:\/\/www.waterskis.lv\/en\/wp-json\/wp\/v2\/product_brand?post=72587"},{"taxonomy":"product_cat","embeddable":true,"href":"https:\/\/www.waterskis.lv\/en\/wp-json\/wp\/v2\/product_cat?post=72587"},{"taxonomy":"product_tag","embeddable":true,"href":"https:\/\/www.waterskis.lv\/en\/wp-json\/wp\/v2\/product_tag?post=72587"}],"curies":[{"name":"wp","href":"https:\/\/api.w.org\/{rel}","templated":true}]}}