{"id":72845,"date":"2026-03-27T08:25:41","date_gmt":"2026-03-27T06:25:41","guid":{"rendered":"https:\/\/www.waterskis.lv\/product\/piepusams-puslis-scout-towable-2p\/"},"modified":"2026-03-27T08:31:03","modified_gmt":"2026-03-27T06:31:03","slug":"scout-towable-2p-2","status":"publish","type":"product","link":"https:\/\/www.waterskis.lv\/en\/product\/scout-towable-2p-2\/","title":{"rendered":"Scout Towable 2P"},"content":{"rendered":"<h1>Scout Towable 2P<\/h1>\n<p>Scout Towable 2P<\/p>\n<p><span class=\"s-hide\">Product ID\u00a0230226002<\/span><\/p>\n<div class=\"col-12 relative mt10\">\n<div>\n<div class=\"col-12 paragraph\">The Jobe Scout Towable is back \u2014 and bolder than ever with its new playful purple colorway. Designed for two riders, the Scout combines comfort, control, and pure excitement in one compact design. Its aerodynamic shape and supportive deck let you glide smoothly over the water, while the soft neoprene handles give you a secure, comfortable grip. Built with a tough 420 denier nylon cover and double-stitched seams, this towable can take on wave after wave. Eye-catching, durable, and made for fun \u2014 the new Scout 2P turns every ride into an adventure.<\/div>\n<\/div>\n<div>\n<div><\/div>\n<div class=\"col-12 mt30 mb20\">\n<div class=\"col-12 \"><\/div>\n<\/div>\n<div class=\"col-12 paragraph mt20\">\n<ul class=\"autoColumn checkListSmall blackCheck\">\n<li>0,6 mm | 24 gauge PVC<\/li>\n<li>3 years warranty<\/li>\n<li>Deck height: 27cm | 10,6&#8243;<\/li>\n<li>Dimensions when inflated: 120 x 167 x 50cm | 47,3&#8243; x 65,7&#8243; x 19,7&#8243;<\/li>\n<li>4 Handles with neoprene knuckle guards<\/li>\n<li>Air chambers<\/li>\n<li>Double stitched nylon<\/li>\n<li>Max 2 Persons<\/li>\n<li>One way Boston valve<\/li>\n<li>Quick connector for easy towing<\/li>\n<li>420 Denier nylon Cover<\/li>\n<\/ul>\n<\/div>\n<\/div>\n<\/div>\n","protected":false},"excerpt":{"rendered":"<p>Scout Towable 2P Scout Towable 2P Product ID\u00a0230226002 The Jobe Scout Towable is back \u2014 and bolder than ever with its new playful purple colorway. Designed for two riders, the Scout combines comfort, control, and pure excitement in one compact design. Its aerodynamic shape and supportive deck let you glide smoothly over the water, while [&#8230;]<\/p>\n<p><a class=\"btn btn-secondary understrap-read-more-link\" href=\"https:\/\/www.waterskis.lv\/en\/product\/scout-towable-2p-2\/\">Read More&#8230;<\/a><\/p>\n","protected":false},"featured_media":72846,"comment_status":"closed","ping_status":"closed","template":"","meta":{"_acf_changed":false,"inline_featured_image":false},"product_brand":[],"product_cat":[965,380],"product_tag":[3074,1333,1501,1415,1518,3075],"class_list":{"0":"post-72845","1":"product","2":"type-product","3":"status-publish","4":"has-post-thumbnail","6":"product_cat-2-rider-tubes","7":"product_cat-towables","8":"product_tag-inflatable-towable-tube","9":"product_tag-jobe","10":"product_tag-jobe-piepusamie-pusli","11":"product_tag-piepusams-puslis","12":"product_tag-piepusams-velkams-puslis","13":"product_tag-3075","15":"first","16":"instock","17":"shipping-taxable","18":"purchasable","19":"product-type-simple"},"acf":[],"yoast_head":"<!-- This site is optimized with the Yoast SEO plugin v27.5 - https:\/\/yoast.com\/product\/yoast-seo-wordpress\/ -->\n<title>Scout Towable 2P - WATERSKIS.LV<\/title>\n<meta name=\"description\" content=\"The Jobe Scout Towable 2P is back \u2014 and bolder than ever with its new playful purple colorway. Designed for two riders combines comfort, control, excitement\" \/>\n<meta name=\"robots\" content=\"index, follow, max-snippet:-1, max-image-preview:large, max-video-preview:-1\" \/>\n<link rel=\"canonical\" href=\"https:\/\/www.waterskis.lv\/en\/product\/scout-towable-2p-2\/\" \/>\n<meta property=\"og:locale\" content=\"en_US\" \/>\n<meta property=\"og:type\" content=\"article\" \/>\n<meta property=\"og:title\" content=\"Scout Towable 2P - WATERSKIS.LV\" \/>\n<meta property=\"og:description\" content=\"The Jobe Scout Towable 2P is back \u2014 and bolder than ever with its new playful purple colorway. Designed for two riders combines comfort, control, excitement\" \/>\n<meta property=\"og:url\" content=\"https:\/\/www.waterskis.lv\/en\/product\/scout-towable-2p-2\/\" \/>\n<meta property=\"og:site_name\" content=\"WATERSKIS.LV\" \/>\n<meta property=\"article:publisher\" content=\"https:\/\/www.facebook.com\/jurmalawaterskiwakeboardpark\/\" \/>\n<meta property=\"article:modified_time\" content=\"2026-03-27T06:31:03+00:00\" \/>\n<meta property=\"og:image\" content=\"https:\/\/www.waterskis.lv\/wp-content\/uploads\/2026\/03\/230226002-Scout2-1.jpg\" \/>\n\t<meta property=\"og:image:width\" content=\"1500\" \/>\n\t<meta property=\"og:image:height\" content=\"1500\" \/>\n\t<meta property=\"og:image:type\" content=\"image\/jpeg\" \/>\n<meta name=\"twitter:card\" content=\"summary_large_image\" \/>\n<meta name=\"twitter:label1\" content=\"Est. reading time\" \/>\n\t<meta name=\"twitter:data1\" content=\"2 minutes\" \/>\n<script type=\"application\/ld+json\" class=\"yoast-schema-graph\">{\"@context\":\"https:\\\/\\\/schema.org\",\"@graph\":[{\"@type\":\"WebPage\",\"@id\":\"https:\\\/\\\/www.waterskis.lv\\\/en\\\/product\\\/scout-towable-2p-2\\\/\",\"url\":\"https:\\\/\\\/www.waterskis.lv\\\/en\\\/product\\\/scout-towable-2p-2\\\/\",\"name\":\"Scout Towable 2P - WATERSKIS.LV\",\"isPartOf\":{\"@id\":\"https:\\\/\\\/www.waterskis.lv\\\/en\\\/#website\"},\"primaryImageOfPage\":{\"@id\":\"https:\\\/\\\/www.waterskis.lv\\\/en\\\/product\\\/scout-towable-2p-2\\\/#primaryimage\"},\"image\":{\"@id\":\"https:\\\/\\\/www.waterskis.lv\\\/en\\\/product\\\/scout-towable-2p-2\\\/#primaryimage\"},\"thumbnailUrl\":\"https:\\\/\\\/www.waterskis.lv\\\/wp-content\\\/uploads\\\/2026\\\/03\\\/230226002-Scout2-1.jpg\",\"datePublished\":\"2026-03-27T06:25:41+00:00\",\"dateModified\":\"2026-03-27T06:31:03+00:00\",\"description\":\"The Jobe Scout Towable 2P is back \u2014 and bolder than ever with its new playful purple colorway. Designed for two riders combines comfort, control, excitement\",\"breadcrumb\":{\"@id\":\"https:\\\/\\\/www.waterskis.lv\\\/en\\\/product\\\/scout-towable-2p-2\\\/#breadcrumb\"},\"inLanguage\":\"en-US\",\"potentialAction\":[{\"@type\":\"ReadAction\",\"target\":[\"https:\\\/\\\/www.waterskis.lv\\\/en\\\/product\\\/scout-towable-2p-2\\\/\"]}]},{\"@type\":\"ImageObject\",\"inLanguage\":\"en-US\",\"@id\":\"https:\\\/\\\/www.waterskis.lv\\\/en\\\/product\\\/scout-towable-2p-2\\\/#primaryimage\",\"url\":\"https:\\\/\\\/www.waterskis.lv\\\/wp-content\\\/uploads\\\/2026\\\/03\\\/230226002-Scout2-1.jpg\",\"contentUrl\":\"https:\\\/\\\/www.waterskis.lv\\\/wp-content\\\/uploads\\\/2026\\\/03\\\/230226002-Scout2-1.jpg\",\"width\":1500,\"height\":1500,\"caption\":\"Piep\u016b\u0161ams p\u016bslis Scout Towable 2P\"},{\"@type\":\"BreadcrumbList\",\"@id\":\"https:\\\/\\\/www.waterskis.lv\\\/en\\\/product\\\/scout-towable-2p-2\\\/#breadcrumb\",\"itemListElement\":[{\"@type\":\"ListItem\",\"position\":1,\"name\":\"Home\",\"item\":\"https:\\\/\\\/www.waterskis.lv\\\/en\\\/\"},{\"@type\":\"ListItem\",\"position\":2,\"name\":\"Shop\",\"item\":\"https:\\\/\\\/waterskis.lv\\\/en\\\/shop\\\/\"},{\"@type\":\"ListItem\",\"position\":3,\"name\":\"Scout Towable 2P\"}]},{\"@type\":\"WebSite\",\"@id\":\"https:\\\/\\\/www.waterskis.lv\\\/en\\\/#website\",\"url\":\"https:\\\/\\\/www.waterskis.lv\\\/en\\\/\",\"name\":\"WATERSKIS.LV\",\"description\":\"SUP d\u0113\u013ci, kajaki, kanoe, airu laivas, \u016bdenssl\u0113po\u0161ana, veikbords, SUP d\u0113\u013cu noma, kajaku nomaakt\u012bv\u0101s atp\u016btas centrs, laivu noma, sup noma, kajaku noma\",\"publisher\":{\"@id\":\"https:\\\/\\\/www.waterskis.lv\\\/en\\\/#organization\"},\"potentialAction\":[{\"@type\":\"SearchAction\",\"target\":{\"@type\":\"EntryPoint\",\"urlTemplate\":\"https:\\\/\\\/www.waterskis.lv\\\/en\\\/?s={search_term_string}\"},\"query-input\":{\"@type\":\"PropertyValueSpecification\",\"valueRequired\":true,\"valueName\":\"search_term_string\"}}],\"inLanguage\":\"en-US\"},{\"@type\":\"Organization\",\"@id\":\"https:\\\/\\\/www.waterskis.lv\\\/en\\\/#organization\",\"name\":\"WATERSKIS.LV\",\"url\":\"https:\\\/\\\/www.waterskis.lv\\\/en\\\/\",\"logo\":{\"@type\":\"ImageObject\",\"inLanguage\":\"en-US\",\"@id\":\"https:\\\/\\\/www.waterskis.lv\\\/en\\\/#\\\/schema\\\/logo\\\/image\\\/\",\"url\":\"https:\\\/\\\/www.waterskis.lv\\\/wp-content\\\/uploads\\\/2025\\\/01\\\/JUVP-logo.png\",\"contentUrl\":\"https:\\\/\\\/www.waterskis.lv\\\/wp-content\\\/uploads\\\/2025\\\/01\\\/JUVP-logo.png\",\"width\":421,\"height\":202,\"caption\":\"WATERSKIS.LV\"},\"image\":{\"@id\":\"https:\\\/\\\/www.waterskis.lv\\\/en\\\/#\\\/schema\\\/logo\\\/image\\\/\"},\"sameAs\":[\"https:\\\/\\\/www.facebook.com\\\/jurmalawaterskiwakeboardpark\\\/\"]}]}<\/script>\n<!-- \/ Yoast SEO plugin. -->","yoast_head_json":{"title":"Scout Towable 2P - WATERSKIS.LV","description":"The Jobe Scout Towable 2P is back \u2014 and bolder than ever with its new playful purple colorway. Designed for two riders combines comfort, control, excitement","robots":{"index":"index","follow":"follow","max-snippet":"max-snippet:-1","max-image-preview":"max-image-preview:large","max-video-preview":"max-video-preview:-1"},"canonical":"https:\/\/www.waterskis.lv\/en\/product\/scout-towable-2p-2\/","og_locale":"en_US","og_type":"article","og_title":"Scout Towable 2P - WATERSKIS.LV","og_description":"The Jobe Scout Towable 2P is back \u2014 and bolder than ever with its new playful purple colorway. Designed for two riders combines comfort, control, excitement","og_url":"https:\/\/www.waterskis.lv\/en\/product\/scout-towable-2p-2\/","og_site_name":"WATERSKIS.LV","article_publisher":"https:\/\/www.facebook.com\/jurmalawaterskiwakeboardpark\/","article_modified_time":"2026-03-27T06:31:03+00:00","og_image":[{"width":1500,"height":1500,"url":"https:\/\/www.waterskis.lv\/wp-content\/uploads\/2026\/03\/230226002-Scout2-1.jpg","type":"image\/jpeg"}],"twitter_card":"summary_large_image","twitter_misc":{"Est. reading time":"2 minutes"},"schema":{"@context":"https:\/\/schema.org","@graph":[{"@type":"WebPage","@id":"https:\/\/www.waterskis.lv\/en\/product\/scout-towable-2p-2\/","url":"https:\/\/www.waterskis.lv\/en\/product\/scout-towable-2p-2\/","name":"Scout Towable 2P - WATERSKIS.LV","isPartOf":{"@id":"https:\/\/www.waterskis.lv\/en\/#website"},"primaryImageOfPage":{"@id":"https:\/\/www.waterskis.lv\/en\/product\/scout-towable-2p-2\/#primaryimage"},"image":{"@id":"https:\/\/www.waterskis.lv\/en\/product\/scout-towable-2p-2\/#primaryimage"},"thumbnailUrl":"https:\/\/www.waterskis.lv\/wp-content\/uploads\/2026\/03\/230226002-Scout2-1.jpg","datePublished":"2026-03-27T06:25:41+00:00","dateModified":"2026-03-27T06:31:03+00:00","description":"The Jobe Scout Towable 2P is back \u2014 and bolder than ever with its new playful purple colorway. Designed for two riders combines comfort, control, excitement","breadcrumb":{"@id":"https:\/\/www.waterskis.lv\/en\/product\/scout-towable-2p-2\/#breadcrumb"},"inLanguage":"en-US","potentialAction":[{"@type":"ReadAction","target":["https:\/\/www.waterskis.lv\/en\/product\/scout-towable-2p-2\/"]}]},{"@type":"ImageObject","inLanguage":"en-US","@id":"https:\/\/www.waterskis.lv\/en\/product\/scout-towable-2p-2\/#primaryimage","url":"https:\/\/www.waterskis.lv\/wp-content\/uploads\/2026\/03\/230226002-Scout2-1.jpg","contentUrl":"https:\/\/www.waterskis.lv\/wp-content\/uploads\/2026\/03\/230226002-Scout2-1.jpg","width":1500,"height":1500,"caption":"Piep\u016b\u0161ams p\u016bslis Scout Towable 2P"},{"@type":"BreadcrumbList","@id":"https:\/\/www.waterskis.lv\/en\/product\/scout-towable-2p-2\/#breadcrumb","itemListElement":[{"@type":"ListItem","position":1,"name":"Home","item":"https:\/\/www.waterskis.lv\/en\/"},{"@type":"ListItem","position":2,"name":"Shop","item":"https:\/\/waterskis.lv\/en\/shop\/"},{"@type":"ListItem","position":3,"name":"Scout Towable 2P"}]},{"@type":"WebSite","@id":"https:\/\/www.waterskis.lv\/en\/#website","url":"https:\/\/www.waterskis.lv\/en\/","name":"WATERSKIS.LV","description":"SUP d\u0113\u013ci, kajaki, kanoe, airu laivas, \u016bdenssl\u0113po\u0161ana, veikbords, SUP d\u0113\u013cu noma, kajaku nomaakt\u012bv\u0101s atp\u016btas centrs, laivu noma, sup noma, kajaku noma","publisher":{"@id":"https:\/\/www.waterskis.lv\/en\/#organization"},"potentialAction":[{"@type":"SearchAction","target":{"@type":"EntryPoint","urlTemplate":"https:\/\/www.waterskis.lv\/en\/?s={search_term_string}"},"query-input":{"@type":"PropertyValueSpecification","valueRequired":true,"valueName":"search_term_string"}}],"inLanguage":"en-US"},{"@type":"Organization","@id":"https:\/\/www.waterskis.lv\/en\/#organization","name":"WATERSKIS.LV","url":"https:\/\/www.waterskis.lv\/en\/","logo":{"@type":"ImageObject","inLanguage":"en-US","@id":"https:\/\/www.waterskis.lv\/en\/#\/schema\/logo\/image\/","url":"https:\/\/www.waterskis.lv\/wp-content\/uploads\/2025\/01\/JUVP-logo.png","contentUrl":"https:\/\/www.waterskis.lv\/wp-content\/uploads\/2025\/01\/JUVP-logo.png","width":421,"height":202,"caption":"WATERSKIS.LV"},"image":{"@id":"https:\/\/www.waterskis.lv\/en\/#\/schema\/logo\/image\/"},"sameAs":["https:\/\/www.facebook.com\/jurmalawaterskiwakeboardpark\/"]}]}},"_links":{"self":[{"href":"https:\/\/www.waterskis.lv\/en\/wp-json\/wp\/v2\/product\/72845","targetHints":{"allow":["GET"]}}],"collection":[{"href":"https:\/\/www.waterskis.lv\/en\/wp-json\/wp\/v2\/product"}],"about":[{"href":"https:\/\/www.waterskis.lv\/en\/wp-json\/wp\/v2\/types\/product"}],"replies":[{"embeddable":true,"href":"https:\/\/www.waterskis.lv\/en\/wp-json\/wp\/v2\/comments?post=72845"}],"wp:featuredmedia":[{"embeddable":true,"href":"https:\/\/www.waterskis.lv\/en\/wp-json\/wp\/v2\/media\/72846"}],"wp:attachment":[{"href":"https:\/\/www.waterskis.lv\/en\/wp-json\/wp\/v2\/media?parent=72845"}],"wp:term":[{"taxonomy":"product_brand","embeddable":true,"href":"https:\/\/www.waterskis.lv\/en\/wp-json\/wp\/v2\/product_brand?post=72845"},{"taxonomy":"product_cat","embeddable":true,"href":"https:\/\/www.waterskis.lv\/en\/wp-json\/wp\/v2\/product_cat?post=72845"},{"taxonomy":"product_tag","embeddable":true,"href":"https:\/\/www.waterskis.lv\/en\/wp-json\/wp\/v2\/product_tag?post=72845"}],"curies":[{"name":"wp","href":"https:\/\/api.w.org\/{rel}","templated":true}]}}