{"id":5168,"date":"2014-12-26T17:46:15","date_gmt":"2014-12-26T14:46:15","guid":{"rendered":"http:\/\/www.waterskis.lv\/kontakti\/"},"modified":"2025-01-19T14:34:01","modified_gmt":"2025-01-19T11:34:01","slug":"%d0%ba%d0%be%d0%bd%d1%82%d0%b0%d0%ba%d1%82%d1%8b","status":"publish","type":"page","link":"https:\/\/www.waterskis.lv\/ru\/%d0%ba%d0%be%d0%bd%d1%82%d0%b0%d0%ba%d1%82%d1%8b\/","title":{"rendered":"\u041a\u043e\u043d\u0442\u0430\u043a\u0442\u044b"},"content":{"rendered":"\n<div class=\"wp-block-columns has-2-columns is-layout-flex wp-container-core-columns-is-layout-9d6595d7 wp-block-columns-is-layout-flex\">\n<div class=\"wp-block-column is-layout-flow wp-block-column-is-layout-flow\">\n<h2 class=\"wp-block-heading\">\u0410\u0434\u0440\u0435\u0441<\/h2>\n\n\n\n<p><a href=\"https:\/\/www.google.com\/maps?ll=56.978843,23.888429&amp;z=15&amp;t=m&amp;hl=en-US&amp;gl=US&amp;mapclient=apiv3&amp;cid=13078197012607617229\" target=\"_blank\" rel=\"noreferrer noopener\">\u201cSmilgas\u201d, Priedaine, Jurmala, LV-2010, Latvia<\/a><br \/><\/p>\n\n\n\n<div class=\"wp-block-button is-style-squared\"><a class=\"wp-block-button__link has-background has-very-dark-gray-background-color\" href=\"https:\/\/www.google.com\/maps?ll=56.978843,23.888429&amp;z=15&amp;t=m&amp;hl=en-US&amp;gl=US&amp;mapclient=apiv3&amp;cid=13078197012607617229\" target=\"_blank\" rel=\"noopener noreferrer\">\u041e\u0422\u041a\u0420\u042b\u0422\u042c GOOGLE MAPS<\/a><\/div>\n\n\n\n<p><strong>\u041a\u043e\u043d\u0442\u0430\u043a\u0442\u044b<\/strong><\/p>\n\n\n\n<p>Mob.: <a href=\"tel:37129404905\">+371 2806<\/a><a href=\"tel:+37128067676\">7676<\/a><br \/>E-mail: <a href=\"mailto:info@waterskis.lv\">info@waterskis.lv<\/a><\/p>\n\n\n\n<p><strong>\u041d\u0430 \u043c\u0430\u0448\u0438\u043d\u0435<\/strong><\/p>\n\n\n\n<p>\u041e\u0442 \u0446\u0435\u043d\u0442\u0440\u0430 \u0420\u0438\u0433\u0438 \u0432 \u0441\u0442\u043e\u0440\u043e\u043d\u0443 \u042e\u0440\u043c\u0430\u043b\u044b \u043f\u043e \u0448\u043e\u0441\u0441\u0435 K. \u0423\u043b\u043c\u0430\u043d\u044f \u0433\u0430\u0442\u0432\u0435 \/ A10. \u041f\u0435\u0440\u0435\u0434 \u043c\u043e\u0441\u0442\u043e\u043c \u0432 \u042e\u0440\u043c\u0430\u043b\u0443 \u043f\u043e\u0432\u043e\u0440\u043e\u0442 \u043d\u0430 \u043f\u0440\u0430\u0432\u043e \u043d\u0430 \u041f\u0440\u0438\u0435\u0434\u0430\u0439\u043d\u0435. \u041f\u043e \u0443\u043b\u0438\u0446\u0435 \u0411\u0430\u0431\u0438\u0442\u0435\u0441 1 \u043a\u043c \u0434\u043e \u0436\u0435\u043b\u0435\u0437\u043d\u043e\u0439 \u0434\u043e\u0440\u043e\u0433\u0438. \u041f\u043e\u0441\u043b\u0435 \u0436\u0435\u043b\u0435\u0437\u043d\u043e\u0439 \u0434\u043e\u0440\u043e\u0433\u0438 \u0440\u0435\u0437\u043a\u0438\u0439 \u043f\u043e\u0432\u043e\u0440\u043e\u0442 \u043d\u0430 \u043b\u0435\u0432\u043e. \u041f\u043e \u0433\u0440\u0443\u043d\u0442\u043e\u0432\u043a\u0435 500 \u043c \u0434\u043e \u0436\u0435\u043b\u0435\u0437\u043d\u043e\u0434\u043e\u0440\u043e\u0436\u043d\u043e\u0433\u043e \u043c\u043e\u0441\u0442\u0430. \u041f\u0435\u0440\u0435\u0434 \u043c\u043e\u0441\u0442\u043e\u043c \u043d\u0430 \u043f\u0440\u0430\u0432\u043e \u0438 \u043f\u043e \u0430\u0441\u0432\u0430\u043b\u044c\u0442\u0443 \u0434\u043e \u043f\u0430\u0440\u043a\u0430.<\/p>\n\n\n\n<p><strong>\u041e\u0431\u0449\u0435\u0441\u0442\u0432\u0435\u043d\u043d\u044b\u0439 \u0442\u0440\u0430\u043d\u0441\u043f\u043e\u0440\u0442<\/strong><\/p>\n\n\n\n<p>\u041d\u0430 \u043f\u043e\u0435\u0437\u0434\u0435 \u0434\u043e \u0436\/\u0434 \u0441\u0442\u0430\u043d\u0446\u0438\u0438 \u041f\u0440\u0438\u0435\u0434\u0430\u0439\u043d\u0435. \u041f\u0435\u0448\u043a\u043e\u043c 12 \u043c\u0438\u043d. \u0434\u043e \u043f\u0430\u0440\u043a\u0430.<br \/><a href=\"https:\/\/www.pv.lv\/lv\/vilcienu-kustibas-saraksti\/\" target=\"_blank\" rel=\"noreferrer noopener\">Skat\u012bt vilcienu sarakstus<\/a><\/p>\n<\/div>\n\n\n\n<div class=\"wp-block-column is-layout-flow wp-block-column-is-layout-flow\">\n<h2 class=\"wp-block-heading\">\u041f\u0438\u0448\u0438\u0442\u0435<\/h2>\n\n\n\n<div class=\"wpcf7 no-js\" id=\"wpcf7-f9709-o1\" lang=\"lv-LV\" dir=\"ltr\" data-wpcf7-id=\"9709\">\n<div class=\"screen-reader-response\"><p role=\"status\" aria-live=\"polite\" aria-atomic=\"true\"><\/p> <ul><\/ul><\/div>\n<form action=\"\/ru\/wp-json\/wp\/v2\/pages\/5168#wpcf7-f9709-o1\" method=\"post\" class=\"wpcf7-form init\" aria-label=\"\u041a\u043e\u043d\u0442\u0430\u043a\u0442\u043d\u0430\u044f \u0444\u043e\u0440\u043c\u0430\" novalidate=\"novalidate\" data-status=\"init\">\n<fieldset class=\"hidden-fields-container\"><input type=\"hidden\" name=\"_wpcf7\" value=\"9709\" \/><input type=\"hidden\" name=\"_wpcf7_version\" value=\"6.1.5\" \/><input type=\"hidden\" name=\"_wpcf7_locale\" value=\"lv_LV\" \/><input type=\"hidden\" name=\"_wpcf7_unit_tag\" value=\"wpcf7-f9709-o1\" \/><input type=\"hidden\" name=\"_wpcf7_container_post\" value=\"0\" \/><input type=\"hidden\" name=\"_wpcf7_posted_data_hash\" value=\"\" \/><input type=\"hidden\" name=\"_wpcf7_recaptcha_response\" value=\"\" \/>\n<\/fieldset>\n<p><span class=\"wpcf7-form-control-wrap\" data-name=\"your-name\"><input size=\"40\" maxlength=\"400\" class=\"wpcf7-form-control wpcf7-text wpcf7-validates-as-required\" aria-required=\"true\" aria-invalid=\"false\" placeholder=\"\u0418\u043c\u044f\" value=\"\" type=\"text\" name=\"your-name\" \/><\/span>\n<\/p>\n<p><span class=\"wpcf7-form-control-wrap\" data-name=\"your-email\"><input size=\"40\" maxlength=\"400\" class=\"wpcf7-form-control wpcf7-email wpcf7-validates-as-required wpcf7-text wpcf7-validates-as-email\" aria-required=\"true\" aria-invalid=\"false\" placeholder=\"\u042d\u043b. \u043f\u043e\u0447\u0442\u0430\" value=\"\" type=\"email\" name=\"your-email\" \/><\/span>\n<\/p>\n<p><span class=\"wpcf7-form-control-wrap\" data-name=\"tel\"><input size=\"40\" maxlength=\"400\" class=\"wpcf7-form-control wpcf7-tel wpcf7-validates-as-required wpcf7-text wpcf7-validates-as-tel\" aria-required=\"true\" aria-invalid=\"false\" placeholder=\"\u0422\u0435\u043b\u0435\u0444\u043e\u043d\" value=\"\" type=\"tel\" name=\"tel\" \/><\/span>\n<\/p>\n<p><span class=\"wpcf7-form-control-wrap\" data-name=\"your-message\"><textarea cols=\"40\" rows=\"10\" maxlength=\"2000\" class=\"wpcf7-form-control wpcf7-textarea\" aria-invalid=\"false\" placeholder=\"Message\" name=\"your-message\"><\/textarea><\/span><br \/>\n<span class=\"wpcf7-form-control-wrap\" data-name=\"acceptance-153\"><span class=\"wpcf7-form-control wpcf7-acceptance\"><span class=\"wpcf7-list-item\"><label><input type=\"checkbox\" name=\"acceptance-153\" value=\"1\" aria-invalid=\"false\" \/><span class=\"wpcf7-list-item-label\">\u041e\u0442\u043f\u0440\u0430\u0432\u043b\u044f\u044f \u044d\u0442\u0443 \u0437\u0430\u044f\u0432\u043a\u0443, \u044f \u043e\u0437\u043d\u0430\u043a\u043e\u043c\u0438\u043b\u0441\u044f \u0441 <a href=\"\/lietosanas-noteikumi\" target=\"_blank\">\u0423\u0441\u043b\u043e\u0432\u0438\u044f\u043c\u0438 \u0438\u0441\u043f\u043e\u043b\u044c\u0437\u043e\u0432\u0430\u043d\u0438\u044f<\/a> \u0438 <a href=\"\/ieksejas-kartibas-noteikumi\" target=\"_blank\">\u0412\u043d\u0443\u0442\u0440\u0435\u043d\u043d\u0438\u043c\u0438 \u043f\u0440\u0430\u0432\u0438\u043b\u0430\u043c\u0438<\/a>. \u0411\u0440\u043e\u043d\u044c \u0434\u0435\u0439\u0441\u0442\u0432\u0438\u0442\u0435\u043b\u044c\u043d\u0430 \u0442\u043e\u043b\u044c\u043a\u043e \u043f\u043e\u0441\u043b\u0435 \u043f\u043e\u043b\u0443\u0447\u0435\u043d\u0438\u044f  \u043f\u043e\u0434\u0442\u0432\u0435\u0440\u0436\u0434\u0435\u043d\u0438\u044f  \u043f\u043e \u044d\u043b\u0435\u043a\u0442\u0440\u043e\u043d\u043d\u043e\u0439 \u043f\u043e\u0447\u0442\u0435.<\/span><\/label><\/span><\/span><\/span>\n<\/p>\n<p><input class=\"wpcf7-form-control wpcf7-submit has-spinner\" type=\"submit\" value=\"\u041e\u0422\u041f\u0420\u0410\u0412\u0418\u0422\u042c\" \/>\n<\/p><div class=\"wpcf7-response-output\" aria-hidden=\"true\"><\/div>\n<\/form>\n<\/div>\n\n<\/div>\n<\/div>\n","protected":false},"excerpt":{"rendered":"<p>\u0410\u0434\u0440\u0435\u0441 \u201cSmilgas\u201d, Priedaine, Jurmala, LV-2010, Latvia \u041e\u0422\u041a\u0420\u042b\u0422\u042c GOOGLE MAPS \u041a\u043e\u043d\u0442\u0430\u043a\u0442\u044b Mob.: +371 28067676E-mail: info@waterskis.lv \u041d\u0430 \u043c\u0430\u0448\u0438\u043d\u0435 \u041e\u0442 \u0446\u0435\u043d\u0442\u0440\u0430 \u0420\u0438\u0433\u0438 \u0432 \u0441\u0442\u043e\u0440\u043e\u043d\u0443 \u042e\u0440\u043c\u0430\u043b\u044b \u043f\u043e \u0448\u043e\u0441\u0441\u0435 K. \u0423\u043b\u043c\u0430\u043d\u044f \u0433\u0430\u0442\u0432\u0435 \/ A10. \u041f\u0435\u0440\u0435\u0434 \u043c\u043e\u0441\u0442\u043e\u043c \u0432 \u042e\u0440\u043c\u0430\u043b\u0443 \u043f\u043e\u0432\u043e\u0440\u043e\u0442 \u043d\u0430 \u043f\u0440\u0430\u0432\u043e \u043d\u0430 \u041f\u0440\u0438\u0435\u0434\u0430\u0439\u043d\u0435. \u041f\u043e \u0443\u043b\u0438\u0446\u0435 \u0411\u0430\u0431\u0438\u0442\u0435\u0441 1 \u043a\u043c \u0434\u043e \u0436\u0435\u043b\u0435\u0437\u043d\u043e\u0439 \u0434\u043e\u0440\u043e\u0433\u0438. \u041f\u043e\u0441\u043b\u0435 \u0436\u0435\u043b\u0435\u0437\u043d\u043e\u0439 \u0434\u043e\u0440\u043e\u0433\u0438 \u0440\u0435\u0437\u043a\u0438\u0439 \u043f\u043e\u0432\u043e\u0440\u043e\u0442 \u043d\u0430 \u043b\u0435\u0432\u043e. \u041f\u043e \u0433\u0440\u0443\u043d\u0442\u043e\u0432\u043a\u0435 [&#8230;]<\/p>\n<p><a class=\"btn btn-secondary understrap-read-more-link\" href=\"https:\/\/www.waterskis.lv\/ru\/%d0%ba%d0%be%d0%bd%d1%82%d0%b0%d0%ba%d1%82%d1%8b\/\">\u0427\u0438\u0442\u0430\u0442\u044c \u0434\u0430\u043b\u044c\u0448\u0435\u2026<\/a><\/p>\n","protected":false},"author":6,"featured_media":31537,"parent":0,"menu_order":5,"comment_status":"closed","ping_status":"closed","template":"page-templates\/contacts-main.php","meta":{"_acf_changed":false,"inline_featured_image":false,"footnotes":""},"class_list":["post-5168","page","type-page","status-publish","has-post-thumbnail","hentry"],"acf":[],"yoast_head":"<!-- This site is optimized with the Yoast SEO plugin v27.5 - https:\/\/yoast.com\/product\/yoast-seo-wordpress\/ -->\n<title>\u041a\u043e\u043d\u0442\u0430\u043a\u0442\u044b - WATERSKIS.LV<\/title>\n<meta name=\"description\" content=\"\u041a\u043e\u043d\u0442\u0430\u043a\u0442\u044b. \u041a\u043e\u043d\u0442\u0430\u043a\u0442\u044b \u042e\u0440\u043c\u0430\u043b\u044c\u0441\u043a\u043e\u0433\u043e \u043f\u0430\u0440\u043a\u0430 \u0432\u043e\u0434\u043d\u044b\u0445 \u043b\u044b\u0436 \u0438 \u0432\u0435\u0439\u043a\u0431\u043e\u0440\u0434\u0438\u043d\u0433\u0430. \u0412\u0441\u0435\u0433\u043e 10 \u043c\u0438\u043d. \u0435\u0437\u0434\u044b \u043e\u0442 \u0430\u044d\u0440\u043e\u043f\u043e\u0440\u0442\u0430 \u0420\u0438\u0433\u0438; 20 \u043c\u0438\u043d. \u043e\u0442 \u0446\u0435\u043d\u0442\u0440\u0430 \u0420\u0438\u0433\u0438\" \/>\n<meta name=\"robots\" content=\"index, follow, max-snippet:-1, max-image-preview:large, max-video-preview:-1\" \/>\n<link rel=\"canonical\" href=\"https:\/\/www.waterskis.lv\/ru\/%d0%ba%d0%be%d0%bd%d1%82%d0%b0%d0%ba%d1%82%d1%8b\/\" \/>\n<meta property=\"og:locale\" content=\"ru_RU\" \/>\n<meta property=\"og:type\" content=\"article\" \/>\n<meta property=\"og:title\" content=\"\u041a\u043e\u043d\u0442\u0430\u043a\u0442\u044b - WATERSKIS.LV\" \/>\n<meta property=\"og:description\" content=\"\u041a\u043e\u043d\u0442\u0430\u043a\u0442\u044b. \u041a\u043e\u043d\u0442\u0430\u043a\u0442\u044b \u042e\u0440\u043c\u0430\u043b\u044c\u0441\u043a\u043e\u0433\u043e \u043f\u0430\u0440\u043a\u0430 \u0432\u043e\u0434\u043d\u044b\u0445 \u043b\u044b\u0436 \u0438 \u0432\u0435\u0439\u043a\u0431\u043e\u0440\u0434\u0438\u043d\u0433\u0430. \u0412\u0441\u0435\u0433\u043e 10 \u043c\u0438\u043d. \u0435\u0437\u0434\u044b \u043e\u0442 \u0430\u044d\u0440\u043e\u043f\u043e\u0440\u0442\u0430 \u0420\u0438\u0433\u0438; 20 \u043c\u0438\u043d. \u043e\u0442 \u0446\u0435\u043d\u0442\u0440\u0430 \u0420\u0438\u0433\u0438\" \/>\n<meta property=\"og:url\" content=\"https:\/\/www.waterskis.lv\/ru\/%d0%ba%d0%be%d0%bd%d1%82%d0%b0%d0%ba%d1%82%d1%8b\/\" \/>\n<meta property=\"og:site_name\" content=\"WATERSKIS.LV\" \/>\n<meta property=\"article:publisher\" content=\"https:\/\/www.facebook.com\/jurmalawaterskiwakeboardpark\/\" \/>\n<meta property=\"article:modified_time\" content=\"2025-01-19T11:34:01+00:00\" \/>\n<meta property=\"og:image\" content=\"https:\/\/www.waterskis.lv\/wp-content\/uploads\/2017\/03\/sky_wake_jurmala_logo_final_28032016.png\" \/>\n\t<meta property=\"og:image:width\" content=\"1080\" \/>\n\t<meta property=\"og:image:height\" content=\"1080\" \/>\n\t<meta property=\"og:image:type\" content=\"image\/png\" \/>\n<meta name=\"twitter:card\" content=\"summary_large_image\" \/>\n<meta name=\"twitter:label1\" content=\"\u041f\u0440\u0438\u043c\u0435\u0440\u043d\u043e\u0435 \u0432\u0440\u0435\u043c\u044f \u0434\u043b\u044f \u0447\u0442\u0435\u043d\u0438\u044f\" \/>\n\t<meta name=\"twitter:data1\" content=\"1 \u043c\u0438\u043d\u0443\u0442\u0430\" \/>\n<script type=\"application\/ld+json\" class=\"yoast-schema-graph\">{\"@context\":\"https:\\\/\\\/schema.org\",\"@graph\":[{\"@type\":\"WebPage\",\"@id\":\"https:\\\/\\\/www.waterskis.lv\\\/ru\\\/%d0%ba%d0%be%d0%bd%d1%82%d0%b0%d0%ba%d1%82%d1%8b\\\/\",\"url\":\"https:\\\/\\\/www.waterskis.lv\\\/ru\\\/%d0%ba%d0%be%d0%bd%d1%82%d0%b0%d0%ba%d1%82%d1%8b\\\/\",\"name\":\"\u041a\u043e\u043d\u0442\u0430\u043a\u0442\u044b - WATERSKIS.LV\",\"isPartOf\":{\"@id\":\"https:\\\/\\\/www.waterskis.lv\\\/ru\\\/#website\"},\"primaryImageOfPage\":{\"@id\":\"https:\\\/\\\/www.waterskis.lv\\\/ru\\\/%d0%ba%d0%be%d0%bd%d1%82%d0%b0%d0%ba%d1%82%d1%8b\\\/#primaryimage\"},\"image\":{\"@id\":\"https:\\\/\\\/www.waterskis.lv\\\/ru\\\/%d0%ba%d0%be%d0%bd%d1%82%d0%b0%d0%ba%d1%82%d1%8b\\\/#primaryimage\"},\"thumbnailUrl\":\"https:\\\/\\\/www.waterskis.lv\\\/wp-content\\\/uploads\\\/2017\\\/03\\\/sky_wake_jurmala_logo_final_28032016.png\",\"datePublished\":\"2014-12-26T14:46:15+00:00\",\"dateModified\":\"2025-01-19T11:34:01+00:00\",\"description\":\"\u041a\u043e\u043d\u0442\u0430\u043a\u0442\u044b. \u041a\u043e\u043d\u0442\u0430\u043a\u0442\u044b \u042e\u0440\u043c\u0430\u043b\u044c\u0441\u043a\u043e\u0433\u043e \u043f\u0430\u0440\u043a\u0430 \u0432\u043e\u0434\u043d\u044b\u0445 \u043b\u044b\u0436 \u0438 \u0432\u0435\u0439\u043a\u0431\u043e\u0440\u0434\u0438\u043d\u0433\u0430. \u0412\u0441\u0435\u0433\u043e 10 \u043c\u0438\u043d. \u0435\u0437\u0434\u044b \u043e\u0442 \u0430\u044d\u0440\u043e\u043f\u043e\u0440\u0442\u0430 \u0420\u0438\u0433\u0438; 20 \u043c\u0438\u043d. \u043e\u0442 \u0446\u0435\u043d\u0442\u0440\u0430 \u0420\u0438\u0433\u0438\",\"breadcrumb\":{\"@id\":\"https:\\\/\\\/www.waterskis.lv\\\/ru\\\/%d0%ba%d0%be%d0%bd%d1%82%d0%b0%d0%ba%d1%82%d1%8b\\\/#breadcrumb\"},\"inLanguage\":\"ru-RU\",\"potentialAction\":[{\"@type\":\"ReadAction\",\"target\":[\"https:\\\/\\\/www.waterskis.lv\\\/ru\\\/%d0%ba%d0%be%d0%bd%d1%82%d0%b0%d0%ba%d1%82%d1%8b\\\/\"]}]},{\"@type\":\"ImageObject\",\"inLanguage\":\"ru-RU\",\"@id\":\"https:\\\/\\\/www.waterskis.lv\\\/ru\\\/%d0%ba%d0%be%d0%bd%d1%82%d0%b0%d0%ba%d1%82%d1%8b\\\/#primaryimage\",\"url\":\"https:\\\/\\\/www.waterskis.lv\\\/wp-content\\\/uploads\\\/2017\\\/03\\\/sky_wake_jurmala_logo_final_28032016.png\",\"contentUrl\":\"https:\\\/\\\/www.waterskis.lv\\\/wp-content\\\/uploads\\\/2017\\\/03\\\/sky_wake_jurmala_logo_final_28032016.png\",\"width\":1080,\"height\":1080,\"caption\":\"\u041f\u0430\u0440\u043a \u0432\u043e\u0434\u043d\u044b\u0445 \u043b\u044b\u0436 \u0438 \u0432\u0435\u0439\u043a\u0431\u043e\u0440\u0434\u0438\u043d\u0433\u0430 \u0432 \u042e\u0440\u043c\u0430\u043b\u0435\"},{\"@type\":\"BreadcrumbList\",\"@id\":\"https:\\\/\\\/www.waterskis.lv\\\/ru\\\/%d0%ba%d0%be%d0%bd%d1%82%d0%b0%d0%ba%d1%82%d1%8b\\\/#breadcrumb\",\"itemListElement\":[{\"@type\":\"ListItem\",\"position\":1,\"name\":\"Home\",\"item\":\"https:\\\/\\\/www.waterskis.lv\\\/ru\\\/\"},{\"@type\":\"ListItem\",\"position\":2,\"name\":\"\u041a\u043e\u043d\u0442\u0430\u043a\u0442\u044b\"}]},{\"@type\":\"WebSite\",\"@id\":\"https:\\\/\\\/www.waterskis.lv\\\/ru\\\/#website\",\"url\":\"https:\\\/\\\/www.waterskis.lv\\\/ru\\\/\",\"name\":\"WATERSKIS.LV\",\"description\":\"SUP d\u0113\u013ci, kajaki, kanoe, airu laivas, \u016bdenssl\u0113po\u0161ana, veikbords, SUP d\u0113\u013cu noma, kajaku nomaakt\u012bv\u0101s atp\u016btas centrs, laivu noma, sup noma, kajaku noma\",\"publisher\":{\"@id\":\"https:\\\/\\\/www.waterskis.lv\\\/ru\\\/#organization\"},\"potentialAction\":[{\"@type\":\"SearchAction\",\"target\":{\"@type\":\"EntryPoint\",\"urlTemplate\":\"https:\\\/\\\/www.waterskis.lv\\\/ru\\\/?s={search_term_string}\"},\"query-input\":{\"@type\":\"PropertyValueSpecification\",\"valueRequired\":true,\"valueName\":\"search_term_string\"}}],\"inLanguage\":\"ru-RU\"},{\"@type\":\"Organization\",\"@id\":\"https:\\\/\\\/www.waterskis.lv\\\/ru\\\/#organization\",\"name\":\"WATERSKIS.LV\",\"url\":\"https:\\\/\\\/www.waterskis.lv\\\/ru\\\/\",\"logo\":{\"@type\":\"ImageObject\",\"inLanguage\":\"ru-RU\",\"@id\":\"https:\\\/\\\/www.waterskis.lv\\\/ru\\\/#\\\/schema\\\/logo\\\/image\\\/\",\"url\":\"https:\\\/\\\/www.waterskis.lv\\\/wp-content\\\/uploads\\\/2025\\\/01\\\/JUVP-logo.png\",\"contentUrl\":\"https:\\\/\\\/www.waterskis.lv\\\/wp-content\\\/uploads\\\/2025\\\/01\\\/JUVP-logo.png\",\"width\":421,\"height\":202,\"caption\":\"WATERSKIS.LV\"},\"image\":{\"@id\":\"https:\\\/\\\/www.waterskis.lv\\\/ru\\\/#\\\/schema\\\/logo\\\/image\\\/\"},\"sameAs\":[\"https:\\\/\\\/www.facebook.com\\\/jurmalawaterskiwakeboardpark\\\/\"]}]}<\/script>\n<!-- \/ Yoast SEO plugin. -->","yoast_head_json":{"title":"\u041a\u043e\u043d\u0442\u0430\u043a\u0442\u044b - WATERSKIS.LV","description":"\u041a\u043e\u043d\u0442\u0430\u043a\u0442\u044b. \u041a\u043e\u043d\u0442\u0430\u043a\u0442\u044b \u042e\u0440\u043c\u0430\u043b\u044c\u0441\u043a\u043e\u0433\u043e \u043f\u0430\u0440\u043a\u0430 \u0432\u043e\u0434\u043d\u044b\u0445 \u043b\u044b\u0436 \u0438 \u0432\u0435\u0439\u043a\u0431\u043e\u0440\u0434\u0438\u043d\u0433\u0430. \u0412\u0441\u0435\u0433\u043e 10 \u043c\u0438\u043d. \u0435\u0437\u0434\u044b \u043e\u0442 \u0430\u044d\u0440\u043e\u043f\u043e\u0440\u0442\u0430 \u0420\u0438\u0433\u0438; 20 \u043c\u0438\u043d. \u043e\u0442 \u0446\u0435\u043d\u0442\u0440\u0430 \u0420\u0438\u0433\u0438","robots":{"index":"index","follow":"follow","max-snippet":"max-snippet:-1","max-image-preview":"max-image-preview:large","max-video-preview":"max-video-preview:-1"},"canonical":"https:\/\/www.waterskis.lv\/ru\/%d0%ba%d0%be%d0%bd%d1%82%d0%b0%d0%ba%d1%82%d1%8b\/","og_locale":"ru_RU","og_type":"article","og_title":"\u041a\u043e\u043d\u0442\u0430\u043a\u0442\u044b - WATERSKIS.LV","og_description":"\u041a\u043e\u043d\u0442\u0430\u043a\u0442\u044b. \u041a\u043e\u043d\u0442\u0430\u043a\u0442\u044b \u042e\u0440\u043c\u0430\u043b\u044c\u0441\u043a\u043e\u0433\u043e \u043f\u0430\u0440\u043a\u0430 \u0432\u043e\u0434\u043d\u044b\u0445 \u043b\u044b\u0436 \u0438 \u0432\u0435\u0439\u043a\u0431\u043e\u0440\u0434\u0438\u043d\u0433\u0430. \u0412\u0441\u0435\u0433\u043e 10 \u043c\u0438\u043d. \u0435\u0437\u0434\u044b \u043e\u0442 \u0430\u044d\u0440\u043e\u043f\u043e\u0440\u0442\u0430 \u0420\u0438\u0433\u0438; 20 \u043c\u0438\u043d. \u043e\u0442 \u0446\u0435\u043d\u0442\u0440\u0430 \u0420\u0438\u0433\u0438","og_url":"https:\/\/www.waterskis.lv\/ru\/%d0%ba%d0%be%d0%bd%d1%82%d0%b0%d0%ba%d1%82%d1%8b\/","og_site_name":"WATERSKIS.LV","article_publisher":"https:\/\/www.facebook.com\/jurmalawaterskiwakeboardpark\/","article_modified_time":"2025-01-19T11:34:01+00:00","og_image":[{"width":1080,"height":1080,"url":"https:\/\/www.waterskis.lv\/wp-content\/uploads\/2017\/03\/sky_wake_jurmala_logo_final_28032016.png","type":"image\/png"}],"twitter_card":"summary_large_image","twitter_misc":{"\u041f\u0440\u0438\u043c\u0435\u0440\u043d\u043e\u0435 \u0432\u0440\u0435\u043c\u044f \u0434\u043b\u044f \u0447\u0442\u0435\u043d\u0438\u044f":"1 \u043c\u0438\u043d\u0443\u0442\u0430"},"schema":{"@context":"https:\/\/schema.org","@graph":[{"@type":"WebPage","@id":"https:\/\/www.waterskis.lv\/ru\/%d0%ba%d0%be%d0%bd%d1%82%d0%b0%d0%ba%d1%82%d1%8b\/","url":"https:\/\/www.waterskis.lv\/ru\/%d0%ba%d0%be%d0%bd%d1%82%d0%b0%d0%ba%d1%82%d1%8b\/","name":"\u041a\u043e\u043d\u0442\u0430\u043a\u0442\u044b - WATERSKIS.LV","isPartOf":{"@id":"https:\/\/www.waterskis.lv\/ru\/#website"},"primaryImageOfPage":{"@id":"https:\/\/www.waterskis.lv\/ru\/%d0%ba%d0%be%d0%bd%d1%82%d0%b0%d0%ba%d1%82%d1%8b\/#primaryimage"},"image":{"@id":"https:\/\/www.waterskis.lv\/ru\/%d0%ba%d0%be%d0%bd%d1%82%d0%b0%d0%ba%d1%82%d1%8b\/#primaryimage"},"thumbnailUrl":"https:\/\/www.waterskis.lv\/wp-content\/uploads\/2017\/03\/sky_wake_jurmala_logo_final_28032016.png","datePublished":"2014-12-26T14:46:15+00:00","dateModified":"2025-01-19T11:34:01+00:00","description":"\u041a\u043e\u043d\u0442\u0430\u043a\u0442\u044b. \u041a\u043e\u043d\u0442\u0430\u043a\u0442\u044b \u042e\u0440\u043c\u0430\u043b\u044c\u0441\u043a\u043e\u0433\u043e \u043f\u0430\u0440\u043a\u0430 \u0432\u043e\u0434\u043d\u044b\u0445 \u043b\u044b\u0436 \u0438 \u0432\u0435\u0439\u043a\u0431\u043e\u0440\u0434\u0438\u043d\u0433\u0430. \u0412\u0441\u0435\u0433\u043e 10 \u043c\u0438\u043d. \u0435\u0437\u0434\u044b \u043e\u0442 \u0430\u044d\u0440\u043e\u043f\u043e\u0440\u0442\u0430 \u0420\u0438\u0433\u0438; 20 \u043c\u0438\u043d. \u043e\u0442 \u0446\u0435\u043d\u0442\u0440\u0430 \u0420\u0438\u0433\u0438","breadcrumb":{"@id":"https:\/\/www.waterskis.lv\/ru\/%d0%ba%d0%be%d0%bd%d1%82%d0%b0%d0%ba%d1%82%d1%8b\/#breadcrumb"},"inLanguage":"ru-RU","potentialAction":[{"@type":"ReadAction","target":["https:\/\/www.waterskis.lv\/ru\/%d0%ba%d0%be%d0%bd%d1%82%d0%b0%d0%ba%d1%82%d1%8b\/"]}]},{"@type":"ImageObject","inLanguage":"ru-RU","@id":"https:\/\/www.waterskis.lv\/ru\/%d0%ba%d0%be%d0%bd%d1%82%d0%b0%d0%ba%d1%82%d1%8b\/#primaryimage","url":"https:\/\/www.waterskis.lv\/wp-content\/uploads\/2017\/03\/sky_wake_jurmala_logo_final_28032016.png","contentUrl":"https:\/\/www.waterskis.lv\/wp-content\/uploads\/2017\/03\/sky_wake_jurmala_logo_final_28032016.png","width":1080,"height":1080,"caption":"\u041f\u0430\u0440\u043a \u0432\u043e\u0434\u043d\u044b\u0445 \u043b\u044b\u0436 \u0438 \u0432\u0435\u0439\u043a\u0431\u043e\u0440\u0434\u0438\u043d\u0433\u0430 \u0432 \u042e\u0440\u043c\u0430\u043b\u0435"},{"@type":"BreadcrumbList","@id":"https:\/\/www.waterskis.lv\/ru\/%d0%ba%d0%be%d0%bd%d1%82%d0%b0%d0%ba%d1%82%d1%8b\/#breadcrumb","itemListElement":[{"@type":"ListItem","position":1,"name":"Home","item":"https:\/\/www.waterskis.lv\/ru\/"},{"@type":"ListItem","position":2,"name":"\u041a\u043e\u043d\u0442\u0430\u043a\u0442\u044b"}]},{"@type":"WebSite","@id":"https:\/\/www.waterskis.lv\/ru\/#website","url":"https:\/\/www.waterskis.lv\/ru\/","name":"WATERSKIS.LV","description":"SUP d\u0113\u013ci, kajaki, kanoe, airu laivas, \u016bdenssl\u0113po\u0161ana, veikbords, SUP d\u0113\u013cu noma, kajaku nomaakt\u012bv\u0101s atp\u016btas centrs, laivu noma, sup noma, kajaku noma","publisher":{"@id":"https:\/\/www.waterskis.lv\/ru\/#organization"},"potentialAction":[{"@type":"SearchAction","target":{"@type":"EntryPoint","urlTemplate":"https:\/\/www.waterskis.lv\/ru\/?s={search_term_string}"},"query-input":{"@type":"PropertyValueSpecification","valueRequired":true,"valueName":"search_term_string"}}],"inLanguage":"ru-RU"},{"@type":"Organization","@id":"https:\/\/www.waterskis.lv\/ru\/#organization","name":"WATERSKIS.LV","url":"https:\/\/www.waterskis.lv\/ru\/","logo":{"@type":"ImageObject","inLanguage":"ru-RU","@id":"https:\/\/www.waterskis.lv\/ru\/#\/schema\/logo\/image\/","url":"https:\/\/www.waterskis.lv\/wp-content\/uploads\/2025\/01\/JUVP-logo.png","contentUrl":"https:\/\/www.waterskis.lv\/wp-content\/uploads\/2025\/01\/JUVP-logo.png","width":421,"height":202,"caption":"WATERSKIS.LV"},"image":{"@id":"https:\/\/www.waterskis.lv\/ru\/#\/schema\/logo\/image\/"},"sameAs":["https:\/\/www.facebook.com\/jurmalawaterskiwakeboardpark\/"]}]}},"_links":{"self":[{"href":"https:\/\/www.waterskis.lv\/ru\/wp-json\/wp\/v2\/pages\/5168","targetHints":{"allow":["GET"]}}],"collection":[{"href":"https:\/\/www.waterskis.lv\/ru\/wp-json\/wp\/v2\/pages"}],"about":[{"href":"https:\/\/www.waterskis.lv\/ru\/wp-json\/wp\/v2\/types\/page"}],"author":[{"embeddable":true,"href":"https:\/\/www.waterskis.lv\/ru\/wp-json\/wp\/v2\/users\/6"}],"replies":[{"embeddable":true,"href":"https:\/\/www.waterskis.lv\/ru\/wp-json\/wp\/v2\/comments?post=5168"}],"version-history":[{"count":0,"href":"https:\/\/www.waterskis.lv\/ru\/wp-json\/wp\/v2\/pages\/5168\/revisions"}],"wp:featuredmedia":[{"embeddable":true,"href":"https:\/\/www.waterskis.lv\/ru\/wp-json\/wp\/v2\/media\/31537"}],"wp:attachment":[{"href":"https:\/\/www.waterskis.lv\/ru\/wp-json\/wp\/v2\/media?parent=5168"}],"curies":[{"name":"wp","href":"https:\/\/api.w.org\/{rel}","templated":true}]}}