{"id":5178,"date":"2014-12-26T17:34:59","date_gmt":"2014-12-26T14:34:59","guid":{"rendered":"http:\/\/www.waterskis.lv\/udenssleposana\/"},"modified":"2026-05-07T09:45:50","modified_gmt":"2026-05-07T07:45:50","slug":"%d0%b2%d0%be%d0%b4%d0%bd%d1%8b%d0%b5-%d0%bb%d1%8b%d0%b6%d0%b8","status":"publish","type":"page","link":"https:\/\/www.waterskis.lv\/ru\/%d0%b2%d0%be%d0%b4%d0%bd%d1%8b%d0%b5-%d0%bb%d1%8b%d0%b6%d0%b8\/","title":{"rendered":"\u0412\u043e\u0434\u043d\u044b\u0435 \u043b\u044b\u0436\u0438"},"content":{"rendered":"\n<h5 class=\"wp-block-heading\">\u0412\u043e\u0434\u043d\u044b\u0435 \u043b\u044b\u0436\u0438 \u0434\u043b\u044f \u0432\u043e\u0434\u043d\u043e\u043b\u044b\u0436\u043d\u0438\u043a\u043e\u0432 \u0432\u0441\u0435\u0445 \u0443\u0440\u043e\u0432\u043d\u0435\u0439. \u042e\u0440\u043c\u0430\u043b\u044c\u0441\u043a\u0438\u0439 \u043f\u0430\u0440\u043a \u0432\u043e\u0434\u043d\u044b\u0445 \u043b\u044b\u0436 \u0438 \u0432\u0435\u0439\u043a\u0431\u043e\u0440\u0434\u0438\u043d\u0433\u0430 \u0432 \u041f\u0440\u0438\u0435\u0434\u0430\u0439\u043d\u0435 \u0441 1973 \u0433\u043e\u0434\u0430.<\/h5>\n\n\n\n<div class=\"wp-block-columns has-2-columns is-layout-flex wp-container-core-columns-is-layout-9d6595d7 wp-block-columns-is-layout-flex\">\n<div class=\"wp-block-column is-layout-flow wp-block-column-is-layout-flow\">\n<h2 class=\"wp-block-heading\">\u0420\u0435\u0437\u0435\u0440\u0432\u0430\u0446\u0438\u044f:<\/h2>\n\n\n\n<p>Mob.: <a href=\"tel:+37128067676\">+371 28067676<\/a><br \/>E-mail: <a href=\"mailto:info@waterskis.lv\">info@waterskis.lv<\/a><\/p>\n\n\n\n<h2 class=\"wp-block-heading\"><\/h2>\n<\/div>\n<\/div>\n\n\n\n<h2 class=\"wp-block-heading\">\u0426\u0435\u043d\u044b EUR <\/h2>\n\n\n\n<figure class=\"wp-block-table\"><table><tbody><tr><td><strong>\u041d\u0430\u0437\u0432\u0430\u043d\u0438\u0435<\/strong><\/td><td>10\u043c\u0438\u043d<\/td><td>30 \u043c\u0438\u043d<\/td><td>60 \u043c\u0438\u043d<\/td><\/tr><tr><td>\u0412\u043e\u0434\u043d\u044b\u0435 \u043b\u044b\u0436\u044b \u0437\u0430 \u043c\u043e\u0442\u043e\u0440\u043d\u043e\u0439 \u043b\u043e\u0434\u043a\u043e\u0439 \u0431\u0435\u0437 \u043e\u0431\u0443\u0447\u0435\u043d\u0438\u044f<\/td><td>30<\/td><td>80<\/td><td>160<\/td><\/tr><tr><td>\u041f\u043e\u0435\u0437\u0434\u043a\u0430 \u043d\u0430 2-\u0445 \u043c\u0435\u0441\u0442\u043d\u043e\u043c \u043d\u0430\u0434\u0443\u0432\u043d\u043e\u043c \u043a\u0440\u0443\u0433\u0435<\/td><td>30<\/td><td>80<\/td><td>160<\/td><\/tr><tr><td>\u041f\u043e\u0435\u0437\u0434\u043a\u0430 \u043d\u0430 3-\u0445 \u043c\u0435\u0441\u0442\u043d\u043e\u043c \u043d\u0430\u0434\u0443\u0432\u043d\u043e\u043c \u043a\u0440\u0443\u0433\u0435<\/td><td>40<\/td><td>80<\/td><td>160<\/td><\/tr><tr><td>\u0417\u043a\u0441\u043a\u0443\u0440\u0441\u0438\u0438 \u043d\u0430 \u043c\u043e\u0442\u043e\u0440\u043d\u043e\u0439 \u043b\u043e\u0434\u043a\u0435 4 \u0447\u0435\u043b.<\/td><td>&#8212;<\/td><td>70<\/td><td>120<\/td><\/tr><\/tbody><\/table><\/figure>\n\n\n\n<figure class=\"wp-block-table\"><table><tbody><tr><td><strong>\u041d\u0430\u0437\u0432\u0430\u043d\u0438\u0435<\/strong><\/td><td>\u0432\u0440\u0435\u043c\u044f<\/td><td>\u0426\u0435\u043d\u0430 EUR<\/td><\/tr><tr><td>\u0421\u043b\u0430\u043b\u043e\u043c 1 \u0441\u0435\u0442 (6 \u043f\u0440\u043e\u0445\u043e\u0434\u043e\u0432) Malibu Response<\/td><td>\u043c\u0430\u0445 15 \u043c\u0438\u043d<\/td><td>50<\/td><\/tr><\/tbody><\/table><\/figure>\n\n\n\n<figure class=\"wp-block-table\"><table><tbody><tr><td> <strong>\u041d\u0430\u0437\u0432\u0430\u043d\u0438\u0435<\/strong> <\/td><td>20 \u043c\u0438\u043d. \/ EUR<\/td><\/tr><tr><td>O\u0431\u0443\u0447\u0435\u043d\u0438\u0435 \u0432\u043e\u0434\u043d\u044b\u043c \u043b\u044b\u0436\u0430\u043c: \u043e\u0431\u0443\u0447\u0435\u043d\u0438\u0435, \u0438\u043d\u0441\u0442\u0440\u0443\u043a\u0442\u0430\u0436, \u043f\u043e\u0435\u0437\u0434\u043a\u0430, \u0438\u043d\u0432\u0435\u043d\u0442\u0430\u0440\u044c<\/td><td>50<\/td><\/tr><\/tbody><\/table><\/figure>\n\n\n\n<figure class=\"wp-block-gallery has-nested-images columns-default is-cropped wp-block-gallery-1 is-layout-flex wp-block-gallery-is-layout-flex\"><\/figure>\n\n\n\n<p><\/p>\n\n\n\n<figure class=\"wp-block-gallery has-nested-images columns-default is-cropped wp-block-gallery-2 is-layout-flex wp-block-gallery-is-layout-flex\">\n<figure class=\"wp-block-image size-large\"><img decoding=\"async\" width=\"3264\" height=\"2448\" data-id=\"9191\" src=\"https:\/\/www.waterskis.lv\/wp-content\/uploads\/2014\/03\/IMG_5694.jpg\" alt=\"\u016adenssl\u0113po\u0161ana J\u016brmal\u0101\" class=\"wp-image-9191\" srcset=\"https:\/\/www.waterskis.lv\/wp-content\/uploads\/2014\/03\/IMG_5694.jpg 3264w, https:\/\/www.waterskis.lv\/wp-content\/uploads\/2014\/03\/IMG_5694-300x225.jpg 300w, https:\/\/www.waterskis.lv\/wp-content\/uploads\/2014\/03\/IMG_5694-768x576.jpg 768w, https:\/\/www.waterskis.lv\/wp-content\/uploads\/2014\/03\/IMG_5694-700x525.jpg 700w, https:\/\/www.waterskis.lv\/wp-content\/uploads\/2014\/03\/IMG_5694-600x450.jpg 600w\" sizes=\"(max-width: 3264px) 100vw, 3264px\" \/><figcaption class=\"wp-element-caption\">\u016adenssl\u0113po\u0161ana J\u016brmal\u0101<\/figcaption><\/figure>\n\n\n\n<figure class=\"wp-block-image size-large\"><img decoding=\"async\" width=\"1024\" height=\"683\" data-id=\"9010\" src=\"https:\/\/www.waterskis.lv\/wp-content\/uploads\/2018\/07\/ASM_7306.jpg\" alt=\"\u016adenssl\u0113po\u0161ana aiz ekonomisk\u0101s laivas abonometnts 10x\" class=\"wp-image-9010\" srcset=\"https:\/\/www.waterskis.lv\/wp-content\/uploads\/2018\/07\/ASM_7306.jpg 1024w, https:\/\/www.waterskis.lv\/wp-content\/uploads\/2018\/07\/ASM_7306-300x200.jpg 300w, https:\/\/www.waterskis.lv\/wp-content\/uploads\/2018\/07\/ASM_7306-768x512.jpg 768w, https:\/\/www.waterskis.lv\/wp-content\/uploads\/2018\/07\/ASM_7306-700x467.jpg 700w, https:\/\/www.waterskis.lv\/wp-content\/uploads\/2018\/07\/ASM_7306-600x400.jpg 600w\" sizes=\"(max-width: 1024px) 100vw, 1024px\" \/><figcaption class=\"wp-element-caption\">\u016adenssl\u0113po\u0161ana <\/figcaption><\/figure>\n\n\n\n<figure class=\"wp-block-image size-large\"><img decoding=\"async\" width=\"525\" height=\"700\" data-id=\"1154\" src=\"https:\/\/www.waterskis.lv\/wp-content\/uploads\/2014\/07\/adrija-e1405328965560.jpg\" alt=\"\" class=\"wp-image-1154\"\/><figcaption class=\"wp-element-caption\">Waterski competitions at Jurmla waterski &amp; wakeboard park<\/figcaption><\/figure>\n\n\n\n<figure class=\"wp-block-image size-large\"><img decoding=\"async\" width=\"2048\" height=\"1536\" data-id=\"9034\" src=\"https:\/\/www.waterskis.lv\/wp-content\/uploads\/2019\/02\/APMACIBA_.jpg\" alt=\"D\u0101vanu karte \u016adenssl\u0113po\u0161anas apm\u0101c\u012bba 20 min.\" class=\"wp-image-9034\" srcset=\"https:\/\/www.waterskis.lv\/wp-content\/uploads\/2019\/02\/APMACIBA_.jpg 2048w, https:\/\/www.waterskis.lv\/wp-content\/uploads\/2019\/02\/APMACIBA_-300x225.jpg 300w, https:\/\/www.waterskis.lv\/wp-content\/uploads\/2019\/02\/APMACIBA_-768x576.jpg 768w, https:\/\/www.waterskis.lv\/wp-content\/uploads\/2019\/02\/APMACIBA_-700x525.jpg 700w, https:\/\/www.waterskis.lv\/wp-content\/uploads\/2019\/02\/APMACIBA_-600x450.jpg 600w\" sizes=\"(max-width: 2048px) 100vw, 2048px\" \/><figcaption class=\"wp-element-caption\"> \u016adenssl\u0113po\u0161anas apm\u0101c\u012bba <\/figcaption><\/figure>\n\n\n\n<figure class=\"wp-block-image size-large\"><img decoding=\"async\" width=\"1200\" height=\"600\" data-id=\"810\" src=\"https:\/\/www.waterskis.lv\/wp-content\/uploads\/2014\/06\/apmaciba.jpg\" alt=\"\" class=\"wp-image-810\" srcset=\"https:\/\/www.waterskis.lv\/wp-content\/uploads\/2014\/06\/apmaciba.jpg 1200w, https:\/\/www.waterskis.lv\/wp-content\/uploads\/2014\/06\/apmaciba-600x300.jpg 600w, https:\/\/www.waterskis.lv\/wp-content\/uploads\/2014\/06\/apmaciba-300x150.jpg 300w, https:\/\/www.waterskis.lv\/wp-content\/uploads\/2014\/06\/apmaciba-1024x512.jpg 1024w\" sizes=\"(max-width: 1200px) 100vw, 1200px\" \/><figcaption class=\"wp-element-caption\">Korporat\u012bvie pas\u0101kumi<\/figcaption><\/figure>\n\n\n\n<figure class=\"wp-block-image size-large\"><img decoding=\"async\" data-id=\"4187\" src=\"https:\/\/www.waterskis.lv\/wp-content\/uploads\/2014\/06\/udenssleposana-berni.jpg\" alt=\"\" class=\"wp-image-4187\"\/><figcaption class=\"wp-element-caption\">Children practice at Jurmala waterski &amp; wakeboard park<\/figcaption><\/figure>\n<\/figure>\n\n\n\n<p><\/p>\n","protected":false},"excerpt":{"rendered":"<p>\u0412\u043e\u0434\u043d\u044b\u0435 \u043b\u044b\u0436\u0438 \u0434\u043b\u044f \u0432\u043e\u0434\u043d\u043e\u043b\u044b\u0436\u043d\u0438\u043a\u043e\u0432 \u0432\u0441\u0435\u0445 \u0443\u0440\u043e\u0432\u043d\u0435\u0439. \u042e\u0440\u043c\u0430\u043b\u044c\u0441\u043a\u0438\u0439 \u043f\u0430\u0440\u043a \u0432\u043e\u0434\u043d\u044b\u0445 \u043b\u044b\u0436 \u0438 \u0432\u0435\u0439\u043a\u0431\u043e\u0440\u0434\u0438\u043d\u0433\u0430 \u0432 \u041f\u0440\u0438\u0435\u0434\u0430\u0439\u043d\u0435 \u0441 1973 \u0433\u043e\u0434\u0430. \u0420\u0435\u0437\u0435\u0440\u0432\u0430\u0446\u0438\u044f: Mob.: +371 28067676E-mail: info@waterskis.lv \u0426\u0435\u043d\u044b EUR \u041d\u0430\u0437\u0432\u0430\u043d\u0438\u0435 10\u043c\u0438\u043d 30 \u043c\u0438\u043d 60 \u043c\u0438\u043d \u0412\u043e\u0434\u043d\u044b\u0435 \u043b\u044b\u0436\u044b \u0437\u0430 \u043c\u043e\u0442\u043e\u0440\u043d\u043e\u0439 \u043b\u043e\u0434\u043a\u043e\u0439 \u0431\u0435\u0437 \u043e\u0431\u0443\u0447\u0435\u043d\u0438\u044f 30 80 160 \u041f\u043e\u0435\u0437\u0434\u043a\u0430 \u043d\u0430 2-\u0445 \u043c\u0435\u0441\u0442\u043d\u043e\u043c \u043d\u0430\u0434\u0443\u0432\u043d\u043e\u043c \u043a\u0440\u0443\u0433\u0435 30 80 160 \u041f\u043e\u0435\u0437\u0434\u043a\u0430 \u043d\u0430 3-\u0445 \u043c\u0435\u0441\u0442\u043d\u043e\u043c \u043d\u0430\u0434\u0443\u0432\u043d\u043e\u043c \u043a\u0440\u0443\u0433\u0435 [&#8230;]<\/p>\n<p><a class=\"btn btn-secondary understrap-read-more-link\" href=\"https:\/\/www.waterskis.lv\/ru\/%d0%b2%d0%be%d0%b4%d0%bd%d1%8b%d0%b5-%d0%bb%d1%8b%d0%b6%d0%b8\/\">\u0427\u0438\u0442\u0430\u0442\u044c \u0434\u0430\u043b\u044c\u0448\u0435\u2026<\/a><\/p>\n","protected":false},"author":6,"featured_media":8794,"parent":0,"menu_order":0,"comment_status":"closed","ping_status":"closed","template":"","meta":{"_acf_changed":false,"inline_featured_image":false,"footnotes":""},"class_list":["post-5178","page","type-page","status-publish","has-post-thumbnail","hentry"],"acf":[],"yoast_head":"<!-- This site is optimized with the Yoast SEO plugin v27.6 - https:\/\/yoast.com\/product\/yoast-seo-wordpress\/ -->\n<title>\u0412\u043e\u0434\u043d\u044b\u0435 \u043b\u044b\u0436\u0438 - WATERSKIS.LV<\/title>\n<meta name=\"description\" content=\"\u0412\u043e\u0434\u043d\u044b\u0435 \u043b\u044b\u0436\u0438 \u0438 \u0432\u0435\u0439\u043a\u0431\u043e\u0440\u0434\u0438\u043d\u0433 \u0437\u0430 \u043a\u0430\u0442\u0435\u0440\u043e\u043c \u0438 \u043c\u043e\u0442\u043e\u0440\u043d\u043e\u0439 \u043b\u043e\u0434\u043a\u0435. O\u0431\u0443\u0447\u0435\u043d\u0438\u0435 \u0432\u043e\u0434\u043d\u044b\u043c \u043b\u044b\u0436\u0430\u043c. \u041f\u043e\u0434\u0433\u043e\u0442\u043e\u0432\u043a\u0430 \u0441\u043f\u043e\u0440\u0442\u0441\u043c\u0435\u043d\u043e\u0432. \u041f\u043e\u0435\u0437\u0434\u043a\u0430 \u043d\u0430 \u043d\u0430\u0434\u0443\u0432\u043d\u043e\u043c \u043a\u0440\u0443\u0433\u0435\" \/>\n<meta name=\"robots\" content=\"index, follow, max-snippet:-1, max-image-preview:large, max-video-preview:-1\" \/>\n<link rel=\"canonical\" href=\"https:\/\/www.waterskis.lv\/ru\/%d0%b2%d0%be%d0%b4%d0%bd%d1%8b%d0%b5-%d0%bb%d1%8b%d0%b6%d0%b8\/\" \/>\n<meta property=\"og:locale\" content=\"ru_RU\" \/>\n<meta property=\"og:type\" content=\"article\" \/>\n<meta property=\"og:title\" content=\"\u0412\u043e\u0434\u043d\u044b\u0435 \u043b\u044b\u0436\u0438 - WATERSKIS.LV\" \/>\n<meta property=\"og:description\" content=\"\u0412\u043e\u0434\u043d\u044b\u0435 \u043b\u044b\u0436\u0438 \u0438 \u0432\u0435\u0439\u043a\u0431\u043e\u0440\u0434\u0438\u043d\u0433 \u0437\u0430 \u043a\u0430\u0442\u0435\u0440\u043e\u043c \u0438 \u043c\u043e\u0442\u043e\u0440\u043d\u043e\u0439 \u043b\u043e\u0434\u043a\u0435. O\u0431\u0443\u0447\u0435\u043d\u0438\u0435 \u0432\u043e\u0434\u043d\u044b\u043c \u043b\u044b\u0436\u0430\u043c. \u041f\u043e\u0434\u0433\u043e\u0442\u043e\u0432\u043a\u0430 \u0441\u043f\u043e\u0440\u0442\u0441\u043c\u0435\u043d\u043e\u0432. \u041f\u043e\u0435\u0437\u0434\u043a\u0430 \u043d\u0430 \u043d\u0430\u0434\u0443\u0432\u043d\u043e\u043c \u043a\u0440\u0443\u0433\u0435\" \/>\n<meta property=\"og:url\" content=\"https:\/\/www.waterskis.lv\/ru\/%d0%b2%d0%be%d0%b4%d0%bd%d1%8b%d0%b5-%d0%bb%d1%8b%d0%b6%d0%b8\/\" \/>\n<meta property=\"og:site_name\" content=\"WATERSKIS.LV\" \/>\n<meta property=\"article:publisher\" content=\"https:\/\/www.facebook.com\/jurmalawaterskiwakeboardpark\/\" \/>\n<meta property=\"article:modified_time\" content=\"2026-05-07T07:45:50+00:00\" \/>\n<meta property=\"og:image\" content=\"https:\/\/www.waterskis.lv\/wp-content\/uploads\/2019\/02\/UDENSSLEPOSANA-1.jpg\" \/>\n\t<meta property=\"og:image:width\" content=\"1440\" \/>\n\t<meta property=\"og:image:height\" content=\"436\" \/>\n\t<meta property=\"og:image:type\" content=\"image\/jpeg\" \/>\n<meta name=\"twitter:card\" content=\"summary_large_image\" \/>\n<meta name=\"twitter:label1\" content=\"\u041f\u0440\u0438\u043c\u0435\u0440\u043d\u043e\u0435 \u0432\u0440\u0435\u043c\u044f \u0434\u043b\u044f \u0447\u0442\u0435\u043d\u0438\u044f\" \/>\n\t<meta name=\"twitter:data1\" content=\"3 \u043c\u0438\u043d\u0443\u0442\u044b\" \/>\n<script type=\"application\/ld+json\" class=\"yoast-schema-graph\">{\"@context\":\"https:\\\/\\\/schema.org\",\"@graph\":[{\"@type\":\"WebPage\",\"@id\":\"https:\\\/\\\/www.waterskis.lv\\\/ru\\\/%d0%b2%d0%be%d0%b4%d0%bd%d1%8b%d0%b5-%d0%bb%d1%8b%d0%b6%d0%b8\\\/\",\"url\":\"https:\\\/\\\/www.waterskis.lv\\\/ru\\\/%d0%b2%d0%be%d0%b4%d0%bd%d1%8b%d0%b5-%d0%bb%d1%8b%d0%b6%d0%b8\\\/\",\"name\":\"\u0412\u043e\u0434\u043d\u044b\u0435 \u043b\u044b\u0436\u0438 - WATERSKIS.LV\",\"isPartOf\":{\"@id\":\"https:\\\/\\\/www.waterskis.lv\\\/ru\\\/#website\"},\"primaryImageOfPage\":{\"@id\":\"https:\\\/\\\/www.waterskis.lv\\\/ru\\\/%d0%b2%d0%be%d0%b4%d0%bd%d1%8b%d0%b5-%d0%bb%d1%8b%d0%b6%d0%b8\\\/#primaryimage\"},\"image\":{\"@id\":\"https:\\\/\\\/www.waterskis.lv\\\/ru\\\/%d0%b2%d0%be%d0%b4%d0%bd%d1%8b%d0%b5-%d0%bb%d1%8b%d0%b6%d0%b8\\\/#primaryimage\"},\"thumbnailUrl\":\"https:\\\/\\\/www.waterskis.lv\\\/wp-content\\\/uploads\\\/2019\\\/02\\\/UDENSSLEPOSANA-1.jpg\",\"datePublished\":\"2014-12-26T14:34:59+00:00\",\"dateModified\":\"2026-05-07T07:45:50+00:00\",\"description\":\"\u0412\u043e\u0434\u043d\u044b\u0435 \u043b\u044b\u0436\u0438 \u0438 \u0432\u0435\u0439\u043a\u0431\u043e\u0440\u0434\u0438\u043d\u0433 \u0437\u0430 \u043a\u0430\u0442\u0435\u0440\u043e\u043c \u0438 \u043c\u043e\u0442\u043e\u0440\u043d\u043e\u0439 \u043b\u043e\u0434\u043a\u0435. O\u0431\u0443\u0447\u0435\u043d\u0438\u0435 \u0432\u043e\u0434\u043d\u044b\u043c \u043b\u044b\u0436\u0430\u043c. \u041f\u043e\u0434\u0433\u043e\u0442\u043e\u0432\u043a\u0430 \u0441\u043f\u043e\u0440\u0442\u0441\u043c\u0435\u043d\u043e\u0432. \u041f\u043e\u0435\u0437\u0434\u043a\u0430 \u043d\u0430 \u043d\u0430\u0434\u0443\u0432\u043d\u043e\u043c \u043a\u0440\u0443\u0433\u0435\",\"breadcrumb\":{\"@id\":\"https:\\\/\\\/www.waterskis.lv\\\/ru\\\/%d0%b2%d0%be%d0%b4%d0%bd%d1%8b%d0%b5-%d0%bb%d1%8b%d0%b6%d0%b8\\\/#breadcrumb\"},\"inLanguage\":\"ru-RU\",\"potentialAction\":[{\"@type\":\"ReadAction\",\"target\":[\"https:\\\/\\\/www.waterskis.lv\\\/ru\\\/%d0%b2%d0%be%d0%b4%d0%bd%d1%8b%d0%b5-%d0%bb%d1%8b%d0%b6%d0%b8\\\/\"]}]},{\"@type\":\"ImageObject\",\"inLanguage\":\"ru-RU\",\"@id\":\"https:\\\/\\\/www.waterskis.lv\\\/ru\\\/%d0%b2%d0%be%d0%b4%d0%bd%d1%8b%d0%b5-%d0%bb%d1%8b%d0%b6%d0%b8\\\/#primaryimage\",\"url\":\"https:\\\/\\\/www.waterskis.lv\\\/wp-content\\\/uploads\\\/2019\\\/02\\\/UDENSSLEPOSANA-1.jpg\",\"contentUrl\":\"https:\\\/\\\/www.waterskis.lv\\\/wp-content\\\/uploads\\\/2019\\\/02\\\/UDENSSLEPOSANA-1.jpg\",\"width\":1440,\"height\":436,\"caption\":\"\u0412\u043e\u0434\u043d\u044b\u0435 \u043b\u044b\u0436\u044b \u0432 \u042e\u0440\u043c\u0430\u043b\u0435\"},{\"@type\":\"BreadcrumbList\",\"@id\":\"https:\\\/\\\/www.waterskis.lv\\\/ru\\\/%d0%b2%d0%be%d0%b4%d0%bd%d1%8b%d0%b5-%d0%bb%d1%8b%d0%b6%d0%b8\\\/#breadcrumb\",\"itemListElement\":[{\"@type\":\"ListItem\",\"position\":1,\"name\":\"Home\",\"item\":\"https:\\\/\\\/www.waterskis.lv\\\/ru\\\/\"},{\"@type\":\"ListItem\",\"position\":2,\"name\":\"\u0412\u043e\u0434\u043d\u044b\u0435 \u043b\u044b\u0436\u0438\"}]},{\"@type\":\"WebSite\",\"@id\":\"https:\\\/\\\/www.waterskis.lv\\\/ru\\\/#website\",\"url\":\"https:\\\/\\\/www.waterskis.lv\\\/ru\\\/\",\"name\":\"WATERSKIS.LV\",\"description\":\"SUP d\u0113\u013ci, kajaki, kanoe, airu laivas, \u016bdenssl\u0113po\u0161ana, veikbords, SUP d\u0113\u013cu noma, kajaku nomaakt\u012bv\u0101s atp\u016btas centrs, laivu noma, sup noma, kajaku noma\",\"publisher\":{\"@id\":\"https:\\\/\\\/www.waterskis.lv\\\/ru\\\/#organization\"},\"potentialAction\":[{\"@type\":\"SearchAction\",\"target\":{\"@type\":\"EntryPoint\",\"urlTemplate\":\"https:\\\/\\\/www.waterskis.lv\\\/ru\\\/?s={search_term_string}\"},\"query-input\":{\"@type\":\"PropertyValueSpecification\",\"valueRequired\":true,\"valueName\":\"search_term_string\"}}],\"inLanguage\":\"ru-RU\"},{\"@type\":\"Organization\",\"@id\":\"https:\\\/\\\/www.waterskis.lv\\\/ru\\\/#organization\",\"name\":\"WATERSKIS.LV\",\"url\":\"https:\\\/\\\/www.waterskis.lv\\\/ru\\\/\",\"logo\":{\"@type\":\"ImageObject\",\"inLanguage\":\"ru-RU\",\"@id\":\"https:\\\/\\\/www.waterskis.lv\\\/ru\\\/#\\\/schema\\\/logo\\\/image\\\/\",\"url\":\"https:\\\/\\\/www.waterskis.lv\\\/wp-content\\\/uploads\\\/2025\\\/01\\\/JUVP-logo.png\",\"contentUrl\":\"https:\\\/\\\/www.waterskis.lv\\\/wp-content\\\/uploads\\\/2025\\\/01\\\/JUVP-logo.png\",\"width\":421,\"height\":202,\"caption\":\"WATERSKIS.LV\"},\"image\":{\"@id\":\"https:\\\/\\\/www.waterskis.lv\\\/ru\\\/#\\\/schema\\\/logo\\\/image\\\/\"},\"sameAs\":[\"https:\\\/\\\/www.facebook.com\\\/jurmalawaterskiwakeboardpark\\\/\"]}]}<\/script>\n<!-- \/ Yoast SEO plugin. -->","yoast_head_json":{"title":"\u0412\u043e\u0434\u043d\u044b\u0435 \u043b\u044b\u0436\u0438 - WATERSKIS.LV","description":"\u0412\u043e\u0434\u043d\u044b\u0435 \u043b\u044b\u0436\u0438 \u0438 \u0432\u0435\u0439\u043a\u0431\u043e\u0440\u0434\u0438\u043d\u0433 \u0437\u0430 \u043a\u0430\u0442\u0435\u0440\u043e\u043c \u0438 \u043c\u043e\u0442\u043e\u0440\u043d\u043e\u0439 \u043b\u043e\u0434\u043a\u0435. O\u0431\u0443\u0447\u0435\u043d\u0438\u0435 \u0432\u043e\u0434\u043d\u044b\u043c \u043b\u044b\u0436\u0430\u043c. \u041f\u043e\u0434\u0433\u043e\u0442\u043e\u0432\u043a\u0430 \u0441\u043f\u043e\u0440\u0442\u0441\u043c\u0435\u043d\u043e\u0432. \u041f\u043e\u0435\u0437\u0434\u043a\u0430 \u043d\u0430 \u043d\u0430\u0434\u0443\u0432\u043d\u043e\u043c \u043a\u0440\u0443\u0433\u0435","robots":{"index":"index","follow":"follow","max-snippet":"max-snippet:-1","max-image-preview":"max-image-preview:large","max-video-preview":"max-video-preview:-1"},"canonical":"https:\/\/www.waterskis.lv\/ru\/%d0%b2%d0%be%d0%b4%d0%bd%d1%8b%d0%b5-%d0%bb%d1%8b%d0%b6%d0%b8\/","og_locale":"ru_RU","og_type":"article","og_title":"\u0412\u043e\u0434\u043d\u044b\u0435 \u043b\u044b\u0436\u0438 - WATERSKIS.LV","og_description":"\u0412\u043e\u0434\u043d\u044b\u0435 \u043b\u044b\u0436\u0438 \u0438 \u0432\u0435\u0439\u043a\u0431\u043e\u0440\u0434\u0438\u043d\u0433 \u0437\u0430 \u043a\u0430\u0442\u0435\u0440\u043e\u043c \u0438 \u043c\u043e\u0442\u043e\u0440\u043d\u043e\u0439 \u043b\u043e\u0434\u043a\u0435. O\u0431\u0443\u0447\u0435\u043d\u0438\u0435 \u0432\u043e\u0434\u043d\u044b\u043c \u043b\u044b\u0436\u0430\u043c. \u041f\u043e\u0434\u0433\u043e\u0442\u043e\u0432\u043a\u0430 \u0441\u043f\u043e\u0440\u0442\u0441\u043c\u0435\u043d\u043e\u0432. \u041f\u043e\u0435\u0437\u0434\u043a\u0430 \u043d\u0430 \u043d\u0430\u0434\u0443\u0432\u043d\u043e\u043c \u043a\u0440\u0443\u0433\u0435","og_url":"https:\/\/www.waterskis.lv\/ru\/%d0%b2%d0%be%d0%b4%d0%bd%d1%8b%d0%b5-%d0%bb%d1%8b%d0%b6%d0%b8\/","og_site_name":"WATERSKIS.LV","article_publisher":"https:\/\/www.facebook.com\/jurmalawaterskiwakeboardpark\/","article_modified_time":"2026-05-07T07:45:50+00:00","og_image":[{"width":1440,"height":436,"url":"https:\/\/www.waterskis.lv\/wp-content\/uploads\/2019\/02\/UDENSSLEPOSANA-1.jpg","type":"image\/jpeg"}],"twitter_card":"summary_large_image","twitter_misc":{"\u041f\u0440\u0438\u043c\u0435\u0440\u043d\u043e\u0435 \u0432\u0440\u0435\u043c\u044f \u0434\u043b\u044f \u0447\u0442\u0435\u043d\u0438\u044f":"3 \u043c\u0438\u043d\u0443\u0442\u044b"},"schema":{"@context":"https:\/\/schema.org","@graph":[{"@type":"WebPage","@id":"https:\/\/www.waterskis.lv\/ru\/%d0%b2%d0%be%d0%b4%d0%bd%d1%8b%d0%b5-%d0%bb%d1%8b%d0%b6%d0%b8\/","url":"https:\/\/www.waterskis.lv\/ru\/%d0%b2%d0%be%d0%b4%d0%bd%d1%8b%d0%b5-%d0%bb%d1%8b%d0%b6%d0%b8\/","name":"\u0412\u043e\u0434\u043d\u044b\u0435 \u043b\u044b\u0436\u0438 - WATERSKIS.LV","isPartOf":{"@id":"https:\/\/www.waterskis.lv\/ru\/#website"},"primaryImageOfPage":{"@id":"https:\/\/www.waterskis.lv\/ru\/%d0%b2%d0%be%d0%b4%d0%bd%d1%8b%d0%b5-%d0%bb%d1%8b%d0%b6%d0%b8\/#primaryimage"},"image":{"@id":"https:\/\/www.waterskis.lv\/ru\/%d0%b2%d0%be%d0%b4%d0%bd%d1%8b%d0%b5-%d0%bb%d1%8b%d0%b6%d0%b8\/#primaryimage"},"thumbnailUrl":"https:\/\/www.waterskis.lv\/wp-content\/uploads\/2019\/02\/UDENSSLEPOSANA-1.jpg","datePublished":"2014-12-26T14:34:59+00:00","dateModified":"2026-05-07T07:45:50+00:00","description":"\u0412\u043e\u0434\u043d\u044b\u0435 \u043b\u044b\u0436\u0438 \u0438 \u0432\u0435\u0439\u043a\u0431\u043e\u0440\u0434\u0438\u043d\u0433 \u0437\u0430 \u043a\u0430\u0442\u0435\u0440\u043e\u043c \u0438 \u043c\u043e\u0442\u043e\u0440\u043d\u043e\u0439 \u043b\u043e\u0434\u043a\u0435. O\u0431\u0443\u0447\u0435\u043d\u0438\u0435 \u0432\u043e\u0434\u043d\u044b\u043c \u043b\u044b\u0436\u0430\u043c. \u041f\u043e\u0434\u0433\u043e\u0442\u043e\u0432\u043a\u0430 \u0441\u043f\u043e\u0440\u0442\u0441\u043c\u0435\u043d\u043e\u0432. \u041f\u043e\u0435\u0437\u0434\u043a\u0430 \u043d\u0430 \u043d\u0430\u0434\u0443\u0432\u043d\u043e\u043c \u043a\u0440\u0443\u0433\u0435","breadcrumb":{"@id":"https:\/\/www.waterskis.lv\/ru\/%d0%b2%d0%be%d0%b4%d0%bd%d1%8b%d0%b5-%d0%bb%d1%8b%d0%b6%d0%b8\/#breadcrumb"},"inLanguage":"ru-RU","potentialAction":[{"@type":"ReadAction","target":["https:\/\/www.waterskis.lv\/ru\/%d0%b2%d0%be%d0%b4%d0%bd%d1%8b%d0%b5-%d0%bb%d1%8b%d0%b6%d0%b8\/"]}]},{"@type":"ImageObject","inLanguage":"ru-RU","@id":"https:\/\/www.waterskis.lv\/ru\/%d0%b2%d0%be%d0%b4%d0%bd%d1%8b%d0%b5-%d0%bb%d1%8b%d0%b6%d0%b8\/#primaryimage","url":"https:\/\/www.waterskis.lv\/wp-content\/uploads\/2019\/02\/UDENSSLEPOSANA-1.jpg","contentUrl":"https:\/\/www.waterskis.lv\/wp-content\/uploads\/2019\/02\/UDENSSLEPOSANA-1.jpg","width":1440,"height":436,"caption":"\u0412\u043e\u0434\u043d\u044b\u0435 \u043b\u044b\u0436\u044b \u0432 \u042e\u0440\u043c\u0430\u043b\u0435"},{"@type":"BreadcrumbList","@id":"https:\/\/www.waterskis.lv\/ru\/%d0%b2%d0%be%d0%b4%d0%bd%d1%8b%d0%b5-%d0%bb%d1%8b%d0%b6%d0%b8\/#breadcrumb","itemListElement":[{"@type":"ListItem","position":1,"name":"Home","item":"https:\/\/www.waterskis.lv\/ru\/"},{"@type":"ListItem","position":2,"name":"\u0412\u043e\u0434\u043d\u044b\u0435 \u043b\u044b\u0436\u0438"}]},{"@type":"WebSite","@id":"https:\/\/www.waterskis.lv\/ru\/#website","url":"https:\/\/www.waterskis.lv\/ru\/","name":"WATERSKIS.LV","description":"SUP d\u0113\u013ci, kajaki, kanoe, airu laivas, \u016bdenssl\u0113po\u0161ana, veikbords, SUP d\u0113\u013cu noma, kajaku nomaakt\u012bv\u0101s atp\u016btas centrs, laivu noma, sup noma, kajaku noma","publisher":{"@id":"https:\/\/www.waterskis.lv\/ru\/#organization"},"potentialAction":[{"@type":"SearchAction","target":{"@type":"EntryPoint","urlTemplate":"https:\/\/www.waterskis.lv\/ru\/?s={search_term_string}"},"query-input":{"@type":"PropertyValueSpecification","valueRequired":true,"valueName":"search_term_string"}}],"inLanguage":"ru-RU"},{"@type":"Organization","@id":"https:\/\/www.waterskis.lv\/ru\/#organization","name":"WATERSKIS.LV","url":"https:\/\/www.waterskis.lv\/ru\/","logo":{"@type":"ImageObject","inLanguage":"ru-RU","@id":"https:\/\/www.waterskis.lv\/ru\/#\/schema\/logo\/image\/","url":"https:\/\/www.waterskis.lv\/wp-content\/uploads\/2025\/01\/JUVP-logo.png","contentUrl":"https:\/\/www.waterskis.lv\/wp-content\/uploads\/2025\/01\/JUVP-logo.png","width":421,"height":202,"caption":"WATERSKIS.LV"},"image":{"@id":"https:\/\/www.waterskis.lv\/ru\/#\/schema\/logo\/image\/"},"sameAs":["https:\/\/www.facebook.com\/jurmalawaterskiwakeboardpark\/"]}]}},"_links":{"self":[{"href":"https:\/\/www.waterskis.lv\/ru\/wp-json\/wp\/v2\/pages\/5178","targetHints":{"allow":["GET"]}}],"collection":[{"href":"https:\/\/www.waterskis.lv\/ru\/wp-json\/wp\/v2\/pages"}],"about":[{"href":"https:\/\/www.waterskis.lv\/ru\/wp-json\/wp\/v2\/types\/page"}],"author":[{"embeddable":true,"href":"https:\/\/www.waterskis.lv\/ru\/wp-json\/wp\/v2\/users\/6"}],"replies":[{"embeddable":true,"href":"https:\/\/www.waterskis.lv\/ru\/wp-json\/wp\/v2\/comments?post=5178"}],"version-history":[{"count":5,"href":"https:\/\/www.waterskis.lv\/ru\/wp-json\/wp\/v2\/pages\/5178\/revisions"}],"predecessor-version":[{"id":73191,"href":"https:\/\/www.waterskis.lv\/ru\/wp-json\/wp\/v2\/pages\/5178\/revisions\/73191"}],"wp:featuredmedia":[{"embeddable":true,"href":"https:\/\/www.waterskis.lv\/ru\/wp-json\/wp\/v2\/media\/8794"}],"wp:attachment":[{"href":"https:\/\/www.waterskis.lv\/ru\/wp-json\/wp\/v2\/media?parent=5178"}],"curies":[{"name":"wp","href":"https:\/\/api.w.org\/{rel}","templated":true}]}}