{"id":58784,"date":"2024-03-19T09:26:57","date_gmt":"2024-03-19T06:26:57","guid":{"rendered":"https:\/\/www.waterskis.lv\/zimoli\/"},"modified":"2024-11-28T10:33:45","modified_gmt":"2024-11-28T07:33:45","slug":"%d0%b1%d1%80%d0%b5%d0%bd%d0%b4%d1%8b","status":"publish","type":"page","link":"https:\/\/www.waterskis.lv\/ru\/%d0%b1%d1%80%d0%b5%d0%bd%d0%b4%d1%8b\/","title":{"rendered":"\u0411\u0440\u0435\u043d\u0434\u044b"},"content":{"rendered":"\n<p>\u0411\u0440\u0435\u043d\u0434\u044b. \u0411\u0440\u0435\u043d\u0434\u044b, \u043f\u0440\u0435\u0434\u0441\u0442\u0430\u0432\u043b\u0435\u043d\u043d\u044b\u0435 Waterskis.lv. AQUA MARINA, AMBER SPORT, AZTRON, BAREFOOT INT, BASE SPORTS, BASTA BOATLIFTS, BRUNOTTI, CONNELLY, CWB, DOUBLE UP, FOLLOW, HO SPORTS, HYPERLITE, LIQUID FORCE, MONSTER TOWER, MYSTIC, POLIFORM, PROLINE, RADAR. RONIX, ROSWELL, SLINGSHOT, SPINERA, TURBOSWING, UNITE WAKE, ZUP DOMORE, WILD SUP<\/p>\n","protected":false},"excerpt":{"rendered":"<p>\u0411\u0440\u0435\u043d\u0434\u044b. \u0411\u0440\u0435\u043d\u0434\u044b, \u043f\u0440\u0435\u0434\u0441\u0442\u0430\u0432\u043b\u0435\u043d\u043d\u044b\u0435 Waterskis.lv. AQUA MARINA, AMBER SPORT, AZTRON, BAREFOOT INT, BASE SPORTS, BASTA BOATLIFTS, BRUNOTTI, CONNELLY, CWB, DOUBLE UP, FOLLOW, HO SPORTS, HYPERLITE, LIQUID FORCE, MONSTER TOWER, MYSTIC, POLIFORM, PROLINE, RADAR. RONIX, ROSWELL, SLINGSHOT, SPINERA, TURBOSWING, UNITE WAKE, ZUP DOMORE, WILD SUP [&#8230;]<\/p>\n<p><a class=\"btn btn-secondary understrap-read-more-link\" href=\"https:\/\/www.waterskis.lv\/ru\/%d0%b1%d1%80%d0%b5%d0%bd%d0%b4%d1%8b\/\">\u0427\u0438\u0442\u0430\u0442\u044c \u0434\u0430\u043b\u044c\u0448\u0435\u2026<\/a><\/p>\n","protected":false},"author":4,"featured_media":31539,"parent":0,"menu_order":0,"comment_status":"closed","ping_status":"closed","template":"","meta":{"_acf_changed":false,"inline_featured_image":false,"footnotes":""},"class_list":["post-58784","page","type-page","status-publish","has-post-thumbnail","hentry"],"acf":[],"yoast_head":"<!-- This site is optimized with the Yoast SEO plugin v27.5 - https:\/\/yoast.com\/product\/yoast-seo-wordpress\/ -->\n<title>\u0411\u0440\u0435\u043d\u0434\u044b - WATERSKIS.LV<\/title>\n<meta name=\"description\" content=\"\u0411\u0440\u0435\u043d\u0434\u044b \u043f\u0440\u0435\u0434\u0441\u0442\u0430\u0432\u043b\u0435\u043d\u043d\u044b\u0435 Waterskis.lv. AQUA MARINA, BAREFOOT INT, BASE SPORTS, BASTA BOATLIFTS, BRUNOTTI, CONNELLY, CWB, DOUBLE UP, FOLLOW\" \/>\n<meta name=\"robots\" content=\"index, follow, max-snippet:-1, max-image-preview:large, max-video-preview:-1\" \/>\n<link rel=\"canonical\" href=\"https:\/\/www.waterskis.lv\/ru\/%d0%b1%d1%80%d0%b5%d0%bd%d0%b4%d1%8b\/\" \/>\n<meta property=\"og:locale\" content=\"ru_RU\" \/>\n<meta property=\"og:type\" content=\"article\" \/>\n<meta property=\"og:title\" content=\"Z\u012bmoli. Waterskis.lv p\u0101rst\u0101v\u0113tie brendi\" \/>\n<meta property=\"og:description\" content=\"Z\u012bmoli. Waterskis.lv p\u0101rst\u0101v\u0113tie brendi. AQUA MARINA, BAREFOOT INT, BASE SPORTS, BASTA BOATLIFTS, BRUNOTTI, CONNELLY, CWB, DOUBLE UP, FOLLOW, HO SPORTS, HYPERLITE, LIQUID FORCE, MONSTER TOWER, MYSTIC, POLIFORM, PROLINE, RADAR. RONIX, ROSWELL, SLINGSHOT, SPINERA, TURBOSWING, UNITE WAKE, ZUP DOMORE\" \/>\n<meta property=\"og:url\" content=\"https:\/\/www.waterskis.lv\/ru\/%d0%b1%d1%80%d0%b5%d0%bd%d0%b4%d1%8b\/\" \/>\n<meta property=\"og:site_name\" content=\"WATERSKIS.LV\" \/>\n<meta property=\"article:publisher\" content=\"https:\/\/www.facebook.com\/jurmalawaterskiwakeboardpark\/\" \/>\n<meta property=\"article:modified_time\" content=\"2024-11-28T07:33:45+00:00\" \/>\n<meta property=\"og:image\" content=\"https:\/\/www.waterskis.lv\/wp-content\/uploads\/2017\/03\/cropped-logo-mazais-300x300.jpg\" \/>\n<meta name=\"twitter:card\" content=\"summary_large_image\" \/>\n<meta name=\"twitter:label1\" content=\"\u041f\u0440\u0438\u043c\u0435\u0440\u043d\u043e\u0435 \u0432\u0440\u0435\u043c\u044f \u0434\u043b\u044f \u0447\u0442\u0435\u043d\u0438\u044f\" \/>\n\t<meta name=\"twitter:data1\" content=\"1 \u043c\u0438\u043d\u0443\u0442\u0430\" \/>\n<script type=\"application\/ld+json\" class=\"yoast-schema-graph\">{\"@context\":\"https:\\\/\\\/schema.org\",\"@graph\":[{\"@type\":\"WebPage\",\"@id\":\"https:\\\/\\\/www.waterskis.lv\\\/ru\\\/%d0%b1%d1%80%d0%b5%d0%bd%d0%b4%d1%8b\\\/\",\"url\":\"https:\\\/\\\/www.waterskis.lv\\\/ru\\\/%d0%b1%d1%80%d0%b5%d0%bd%d0%b4%d1%8b\\\/\",\"name\":\"\u0411\u0440\u0435\u043d\u0434\u044b - WATERSKIS.LV\",\"isPartOf\":{\"@id\":\"https:\\\/\\\/www.waterskis.lv\\\/ru\\\/#website\"},\"primaryImageOfPage\":{\"@id\":\"https:\\\/\\\/www.waterskis.lv\\\/ru\\\/%d0%b1%d1%80%d0%b5%d0%bd%d0%b4%d1%8b\\\/#primaryimage\"},\"image\":{\"@id\":\"https:\\\/\\\/www.waterskis.lv\\\/ru\\\/%d0%b1%d1%80%d0%b5%d0%bd%d0%b4%d1%8b\\\/#primaryimage\"},\"thumbnailUrl\":\"https:\\\/\\\/www.waterskis.lv\\\/wp-content\\\/uploads\\\/2017\\\/03\\\/logo-mazais.jpg\",\"datePublished\":\"2024-03-19T06:26:57+00:00\",\"dateModified\":\"2024-11-28T07:33:45+00:00\",\"description\":\"\u0411\u0440\u0435\u043d\u0434\u044b \u043f\u0440\u0435\u0434\u0441\u0442\u0430\u0432\u043b\u0435\u043d\u043d\u044b\u0435 Waterskis.lv. AQUA MARINA, BAREFOOT INT, BASE SPORTS, BASTA BOATLIFTS, BRUNOTTI, CONNELLY, CWB, DOUBLE UP, FOLLOW\",\"breadcrumb\":{\"@id\":\"https:\\\/\\\/www.waterskis.lv\\\/ru\\\/%d0%b1%d1%80%d0%b5%d0%bd%d0%b4%d1%8b\\\/#breadcrumb\"},\"inLanguage\":\"ru-RU\",\"potentialAction\":[{\"@type\":\"ReadAction\",\"target\":[\"https:\\\/\\\/www.waterskis.lv\\\/ru\\\/%d0%b1%d1%80%d0%b5%d0%bd%d0%b4%d1%8b\\\/\"]}]},{\"@type\":\"ImageObject\",\"inLanguage\":\"ru-RU\",\"@id\":\"https:\\\/\\\/www.waterskis.lv\\\/ru\\\/%d0%b1%d1%80%d0%b5%d0%bd%d0%b4%d1%8b\\\/#primaryimage\",\"url\":\"https:\\\/\\\/www.waterskis.lv\\\/wp-content\\\/uploads\\\/2017\\\/03\\\/logo-mazais.jpg\",\"contentUrl\":\"https:\\\/\\\/www.waterskis.lv\\\/wp-content\\\/uploads\\\/2017\\\/03\\\/logo-mazais.jpg\",\"width\":200,\"height\":200,\"caption\":\"Waterskis.lv LOGO\"},{\"@type\":\"BreadcrumbList\",\"@id\":\"https:\\\/\\\/www.waterskis.lv\\\/ru\\\/%d0%b1%d1%80%d0%b5%d0%bd%d0%b4%d1%8b\\\/#breadcrumb\",\"itemListElement\":[{\"@type\":\"ListItem\",\"position\":1,\"name\":\"Home\",\"item\":\"https:\\\/\\\/www.waterskis.lv\\\/ru\\\/\"},{\"@type\":\"ListItem\",\"position\":2,\"name\":\"\u0411\u0440\u0435\u043d\u0434\u044b\"}]},{\"@type\":\"WebSite\",\"@id\":\"https:\\\/\\\/www.waterskis.lv\\\/ru\\\/#website\",\"url\":\"https:\\\/\\\/www.waterskis.lv\\\/ru\\\/\",\"name\":\"WATERSKIS.LV\",\"description\":\"SUP d\u0113\u013ci, kajaki, kanoe, airu laivas, \u016bdenssl\u0113po\u0161ana, veikbords, SUP d\u0113\u013cu noma, kajaku nomaakt\u012bv\u0101s atp\u016btas centrs, laivu noma, sup noma, kajaku noma\",\"publisher\":{\"@id\":\"https:\\\/\\\/www.waterskis.lv\\\/ru\\\/#organization\"},\"potentialAction\":[{\"@type\":\"SearchAction\",\"target\":{\"@type\":\"EntryPoint\",\"urlTemplate\":\"https:\\\/\\\/www.waterskis.lv\\\/ru\\\/?s={search_term_string}\"},\"query-input\":{\"@type\":\"PropertyValueSpecification\",\"valueRequired\":true,\"valueName\":\"search_term_string\"}}],\"inLanguage\":\"ru-RU\"},{\"@type\":\"Organization\",\"@id\":\"https:\\\/\\\/www.waterskis.lv\\\/ru\\\/#organization\",\"name\":\"WATERSKIS.LV\",\"url\":\"https:\\\/\\\/www.waterskis.lv\\\/ru\\\/\",\"logo\":{\"@type\":\"ImageObject\",\"inLanguage\":\"ru-RU\",\"@id\":\"https:\\\/\\\/www.waterskis.lv\\\/ru\\\/#\\\/schema\\\/logo\\\/image\\\/\",\"url\":\"https:\\\/\\\/www.waterskis.lv\\\/wp-content\\\/uploads\\\/2025\\\/01\\\/JUVP-logo.png\",\"contentUrl\":\"https:\\\/\\\/www.waterskis.lv\\\/wp-content\\\/uploads\\\/2025\\\/01\\\/JUVP-logo.png\",\"width\":421,\"height\":202,\"caption\":\"WATERSKIS.LV\"},\"image\":{\"@id\":\"https:\\\/\\\/www.waterskis.lv\\\/ru\\\/#\\\/schema\\\/logo\\\/image\\\/\"},\"sameAs\":[\"https:\\\/\\\/www.facebook.com\\\/jurmalawaterskiwakeboardpark\\\/\"]}]}<\/script>\n<!-- \/ Yoast SEO plugin. -->","yoast_head_json":{"title":"\u0411\u0440\u0435\u043d\u0434\u044b - WATERSKIS.LV","description":"\u0411\u0440\u0435\u043d\u0434\u044b \u043f\u0440\u0435\u0434\u0441\u0442\u0430\u0432\u043b\u0435\u043d\u043d\u044b\u0435 Waterskis.lv. AQUA MARINA, BAREFOOT INT, BASE SPORTS, BASTA BOATLIFTS, BRUNOTTI, CONNELLY, CWB, DOUBLE UP, FOLLOW","robots":{"index":"index","follow":"follow","max-snippet":"max-snippet:-1","max-image-preview":"max-image-preview:large","max-video-preview":"max-video-preview:-1"},"canonical":"https:\/\/www.waterskis.lv\/ru\/%d0%b1%d1%80%d0%b5%d0%bd%d0%b4%d1%8b\/","og_locale":"ru_RU","og_type":"article","og_title":"Z\u012bmoli. Waterskis.lv p\u0101rst\u0101v\u0113tie brendi","og_description":"Z\u012bmoli. Waterskis.lv p\u0101rst\u0101v\u0113tie brendi. AQUA MARINA, BAREFOOT INT, BASE SPORTS, BASTA BOATLIFTS, BRUNOTTI, CONNELLY, CWB, DOUBLE UP, FOLLOW, HO SPORTS, HYPERLITE, LIQUID FORCE, MONSTER TOWER, MYSTIC, POLIFORM, PROLINE, RADAR. RONIX, ROSWELL, SLINGSHOT, SPINERA, TURBOSWING, UNITE WAKE, ZUP DOMORE","og_url":"https:\/\/www.waterskis.lv\/ru\/%d0%b1%d1%80%d0%b5%d0%bd%d0%b4%d1%8b\/","og_site_name":"WATERSKIS.LV","article_publisher":"https:\/\/www.facebook.com\/jurmalawaterskiwakeboardpark\/","article_modified_time":"2024-11-28T07:33:45+00:00","og_image":[{"url":"https:\/\/www.waterskis.lv\/wp-content\/uploads\/2017\/03\/cropped-logo-mazais-300x300.jpg","type":"","width":"","height":""}],"twitter_card":"summary_large_image","twitter_misc":{"\u041f\u0440\u0438\u043c\u0435\u0440\u043d\u043e\u0435 \u0432\u0440\u0435\u043c\u044f \u0434\u043b\u044f \u0447\u0442\u0435\u043d\u0438\u044f":"1 \u043c\u0438\u043d\u0443\u0442\u0430"},"schema":{"@context":"https:\/\/schema.org","@graph":[{"@type":"WebPage","@id":"https:\/\/www.waterskis.lv\/ru\/%d0%b1%d1%80%d0%b5%d0%bd%d0%b4%d1%8b\/","url":"https:\/\/www.waterskis.lv\/ru\/%d0%b1%d1%80%d0%b5%d0%bd%d0%b4%d1%8b\/","name":"\u0411\u0440\u0435\u043d\u0434\u044b - WATERSKIS.LV","isPartOf":{"@id":"https:\/\/www.waterskis.lv\/ru\/#website"},"primaryImageOfPage":{"@id":"https:\/\/www.waterskis.lv\/ru\/%d0%b1%d1%80%d0%b5%d0%bd%d0%b4%d1%8b\/#primaryimage"},"image":{"@id":"https:\/\/www.waterskis.lv\/ru\/%d0%b1%d1%80%d0%b5%d0%bd%d0%b4%d1%8b\/#primaryimage"},"thumbnailUrl":"https:\/\/www.waterskis.lv\/wp-content\/uploads\/2017\/03\/logo-mazais.jpg","datePublished":"2024-03-19T06:26:57+00:00","dateModified":"2024-11-28T07:33:45+00:00","description":"\u0411\u0440\u0435\u043d\u0434\u044b \u043f\u0440\u0435\u0434\u0441\u0442\u0430\u0432\u043b\u0435\u043d\u043d\u044b\u0435 Waterskis.lv. AQUA MARINA, BAREFOOT INT, BASE SPORTS, BASTA BOATLIFTS, BRUNOTTI, CONNELLY, CWB, DOUBLE UP, FOLLOW","breadcrumb":{"@id":"https:\/\/www.waterskis.lv\/ru\/%d0%b1%d1%80%d0%b5%d0%bd%d0%b4%d1%8b\/#breadcrumb"},"inLanguage":"ru-RU","potentialAction":[{"@type":"ReadAction","target":["https:\/\/www.waterskis.lv\/ru\/%d0%b1%d1%80%d0%b5%d0%bd%d0%b4%d1%8b\/"]}]},{"@type":"ImageObject","inLanguage":"ru-RU","@id":"https:\/\/www.waterskis.lv\/ru\/%d0%b1%d1%80%d0%b5%d0%bd%d0%b4%d1%8b\/#primaryimage","url":"https:\/\/www.waterskis.lv\/wp-content\/uploads\/2017\/03\/logo-mazais.jpg","contentUrl":"https:\/\/www.waterskis.lv\/wp-content\/uploads\/2017\/03\/logo-mazais.jpg","width":200,"height":200,"caption":"Waterskis.lv LOGO"},{"@type":"BreadcrumbList","@id":"https:\/\/www.waterskis.lv\/ru\/%d0%b1%d1%80%d0%b5%d0%bd%d0%b4%d1%8b\/#breadcrumb","itemListElement":[{"@type":"ListItem","position":1,"name":"Home","item":"https:\/\/www.waterskis.lv\/ru\/"},{"@type":"ListItem","position":2,"name":"\u0411\u0440\u0435\u043d\u0434\u044b"}]},{"@type":"WebSite","@id":"https:\/\/www.waterskis.lv\/ru\/#website","url":"https:\/\/www.waterskis.lv\/ru\/","name":"WATERSKIS.LV","description":"SUP d\u0113\u013ci, kajaki, kanoe, airu laivas, \u016bdenssl\u0113po\u0161ana, veikbords, SUP d\u0113\u013cu noma, kajaku nomaakt\u012bv\u0101s atp\u016btas centrs, laivu noma, sup noma, kajaku noma","publisher":{"@id":"https:\/\/www.waterskis.lv\/ru\/#organization"},"potentialAction":[{"@type":"SearchAction","target":{"@type":"EntryPoint","urlTemplate":"https:\/\/www.waterskis.lv\/ru\/?s={search_term_string}"},"query-input":{"@type":"PropertyValueSpecification","valueRequired":true,"valueName":"search_term_string"}}],"inLanguage":"ru-RU"},{"@type":"Organization","@id":"https:\/\/www.waterskis.lv\/ru\/#organization","name":"WATERSKIS.LV","url":"https:\/\/www.waterskis.lv\/ru\/","logo":{"@type":"ImageObject","inLanguage":"ru-RU","@id":"https:\/\/www.waterskis.lv\/ru\/#\/schema\/logo\/image\/","url":"https:\/\/www.waterskis.lv\/wp-content\/uploads\/2025\/01\/JUVP-logo.png","contentUrl":"https:\/\/www.waterskis.lv\/wp-content\/uploads\/2025\/01\/JUVP-logo.png","width":421,"height":202,"caption":"WATERSKIS.LV"},"image":{"@id":"https:\/\/www.waterskis.lv\/ru\/#\/schema\/logo\/image\/"},"sameAs":["https:\/\/www.facebook.com\/jurmalawaterskiwakeboardpark\/"]}]}},"_links":{"self":[{"href":"https:\/\/www.waterskis.lv\/ru\/wp-json\/wp\/v2\/pages\/58784","targetHints":{"allow":["GET"]}}],"collection":[{"href":"https:\/\/www.waterskis.lv\/ru\/wp-json\/wp\/v2\/pages"}],"about":[{"href":"https:\/\/www.waterskis.lv\/ru\/wp-json\/wp\/v2\/types\/page"}],"author":[{"embeddable":true,"href":"https:\/\/www.waterskis.lv\/ru\/wp-json\/wp\/v2\/users\/4"}],"replies":[{"embeddable":true,"href":"https:\/\/www.waterskis.lv\/ru\/wp-json\/wp\/v2\/comments?post=58784"}],"version-history":[{"count":0,"href":"https:\/\/www.waterskis.lv\/ru\/wp-json\/wp\/v2\/pages\/58784\/revisions"}],"wp:featuredmedia":[{"embeddable":true,"href":"https:\/\/www.waterskis.lv\/ru\/wp-json\/wp\/v2\/media\/31539"}],"wp:attachment":[{"href":"https:\/\/www.waterskis.lv\/ru\/wp-json\/wp\/v2\/media?parent=58784"}],"curies":[{"name":"wp","href":"https:\/\/api.w.org\/{rel}","templated":true}]}}