{"id":60271,"date":"2025-01-19T17:55:23","date_gmt":"2025-01-19T14:55:23","guid":{"rendered":"https:\/\/www.waterskis.lv\/vasaras-nometnes\/"},"modified":"2026-01-18T12:54:15","modified_gmt":"2026-01-18T10:54:15","slug":"%d0%bb%d0%b5%d1%82%d0%bd%d0%b8%d0%b5-%d0%bb%d0%b0%d0%b3%d0%b5%d1%80%d1%8f","status":"publish","type":"page","link":"https:\/\/www.waterskis.lv\/ru\/%d0%bb%d0%b5%d1%82%d0%bd%d0%b8%d0%b5-%d0%bb%d0%b0%d0%b3%d0%b5%d1%80%d1%8f\/","title":{"rendered":"\u041b\u0435\u0442\u043d\u0438\u0435 \u043b\u0430\u0433\u0435\u0440\u044f"},"content":{"rendered":"\n<p>\u041b\u0435\u0442\u043d\u0438\u0435 \u043b\u0430\u0433\u0435\u0440\u044f \u0432 \u042e\u0440\u043c\u0430\u043b\u0435. \u041b\u0430\u0433\u0435\u0440\u044f \u043f\u043e \u0432\u043e\u0434\u043d\u044b\u043c \u043b\u044b\u0436\u0430\u043c \u0438 \u0432\u0435\u0439\u043a\u0431\u043e\u0440\u0434\u0438\u043d\u0433\u0443.<\/p>\n\n\n\n<p>\u0422\u0432\u043e\u0440\u0447\u0435\u0441\u043a\u0438\u0435, \u043e\u0431\u0440\u0430\u0437\u043e\u0432\u0430\u0442\u0435\u043b\u044c\u043d\u044b\u0435, \u0441\u043f\u043e\u0440\u0442\u0438\u0432\u043d\u044b\u0435, \u043c\u0435\u0436\u0434\u0443\u043d\u0430\u0440\u043e\u0434\u043d\u044b\u0435 \u043b\u0430\u0433\u0435\u0440\u044f \u0434\u043b\u044f \u0434\u0435\u0442\u0435\u0439 \u0438 \u043f\u043e\u0434\u0440\u043e\u0441\u0442\u043a\u043e\u0432 \u0432 \u042e\u0440\u043c\u0430\u043b\u0435.<\/p>\n\n\n\n<p>\u041f\u0440\u043e\u0433\u0440\u0430\u043c\u043c\u0430:<\/p>\n\n\n\n<p>\u0432\u043e\u0434\u043d\u044b\u0435 \u043b\u044b\u0436\u0438, \u0432\u0435\u0439\u043a\u0431\u043e\u0440\u0434\u0438\u043d\u0433, \u0432\u0435\u0439\u043a\u0441\u0435\u0440\u0444\u0438\u043d\u0433, \u043aneeboarding,<br \/>SUP-\u0434\u043e\u0441\u043a\u0438, \u043a\u0430\u044f\u043a\u0438, \u043b\u043e\u0434\u043a\u0438 \u043d\u0430 \u0432\u0435\u0441\u043b\u0430\u0445, \u0432\u043e\u0434\u043d\u044b\u0435 \u0432\u0435\u043b\u043e\u0441\u0438\u043f\u0435\u0434\u044b,<br \/>\u043a\u0430\u0442\u0430\u043d\u0438\u0435 \u043d\u0430 \u043d\u0430\u0434\u0443\u0432\u043d\u043e\u043c \u0430\u0442\u0442\u0440\u0430\u043a\u0446\u0438\u043e\u043d\u0435 \u0437\u0430 \u043c\u043e\u0442\u043e\u0440\u043d\u043e\u0439 \u043b\u043e\u0434\u043a\u043e\u0439,<br \/>\u0441\u043f\u043e\u0440\u0442\u0438\u0432\u043d\u044b\u0435 \u0438\u0433\u0440\u044b,<br \/>\u0433\u0438\u043c\u043d\u0430\u0441\u0442\u0438\u043a\u0430, \u0439\u043e\u0433\u0430, SUP-\u0439\u043e\u0433\u0430, \u0431\u043e\u043a\u0441,<br \/>\u043d\u0430\u0441\u0442\u043e\u043b\u044c\u043d\u044b\u0439 \u0442\u0435\u043d\u043d\u0438\u0441, \u043d\u0430\u0441\u0442\u043e\u043b\u044c\u043d\u044b\u0439 \u0444\u0443\u0442\u0431\u043e\u043b, \u043d\u043e\u0432\u0443\u0441,<br \/>\u043d\u0430\u0441\u0442\u043e\u043b\u044c\u043d\u044b\u0435 \u0438\u0433\u0440\u044b,<br \/>\u043e\u0431\u0440\u0430\u0437\u043e\u0432\u0430\u0442\u0435\u043b\u044c\u043d\u044b\u0435 \u0437\u0430\u043d\u044f\u0442\u0438\u044f,<br \/>\u0441\u0430\u0443\u043d\u0430,<br \/>\u043a\u0430\u0440\u0430\u043e\u043a\u0435.<br \/>\u0425\u043e\u0440\u043e\u0448\u043e \u043e\u0431\u043e\u0440\u0443\u0434\u043e\u0432\u0430\u043d\u043d\u044b\u0435 \u043a\u0440\u044b\u0442\u044b\u0435 \u043f\u043e\u043c\u0435\u0449\u0435\u043d\u0438\u044f \u0437\u0430\u0449\u0438\u0442\u044f\u0442 \u043e\u0442 \u043d\u0435\u043f\u043e\u0433\u043e\u0434\u044b.<\/p>\n\n\n\n<p>\u0421\u043f\u0440\u0430\u0432\u043a\u0438 +371 28067676, info@waterskis.lv<\/p>\n\n\n\n<p>www.waterskis.lv<\/p>\n\n\n\n<figure class=\"wp-block-image size-full\"><img decoding=\"async\" src=\"https:\/\/www.waterskis.lv\/wp-content\/uploads\/2025\/02\/DIENAS-NOMETNES-3.png\" alt=\"\" class=\"wp-image-64152\"\/><\/figure>\n","protected":false},"excerpt":{"rendered":"<p>\u041b\u0435\u0442\u043d\u0438\u0435 \u043b\u0430\u0433\u0435\u0440\u044f \u0432 \u042e\u0440\u043c\u0430\u043b\u0435. \u041b\u0430\u0433\u0435\u0440\u044f \u043f\u043e \u0432\u043e\u0434\u043d\u044b\u043c \u043b\u044b\u0436\u0430\u043c \u0438 \u0432\u0435\u0439\u043a\u0431\u043e\u0440\u0434\u0438\u043d\u0433\u0443. \u0422\u0432\u043e\u0440\u0447\u0435\u0441\u043a\u0438\u0435, \u043e\u0431\u0440\u0430\u0437\u043e\u0432\u0430\u0442\u0435\u043b\u044c\u043d\u044b\u0435, \u0441\u043f\u043e\u0440\u0442\u0438\u0432\u043d\u044b\u0435, \u043c\u0435\u0436\u0434\u0443\u043d\u0430\u0440\u043e\u0434\u043d\u044b\u0435 \u043b\u0430\u0433\u0435\u0440\u044f \u0434\u043b\u044f \u0434\u0435\u0442\u0435\u0439 \u0438 \u043f\u043e\u0434\u0440\u043e\u0441\u0442\u043a\u043e\u0432 \u0432 \u042e\u0440\u043c\u0430\u043b\u0435. \u041f\u0440\u043e\u0433\u0440\u0430\u043c\u043c\u0430: \u0432\u043e\u0434\u043d\u044b\u0435 \u043b\u044b\u0436\u0438, \u0432\u0435\u0439\u043a\u0431\u043e\u0440\u0434\u0438\u043d\u0433, \u0432\u0435\u0439\u043a\u0441\u0435\u0440\u0444\u0438\u043d\u0433, \u043aneeboarding,SUP-\u0434\u043e\u0441\u043a\u0438, \u043a\u0430\u044f\u043a\u0438, \u043b\u043e\u0434\u043a\u0438 \u043d\u0430 \u0432\u0435\u0441\u043b\u0430\u0445, \u0432\u043e\u0434\u043d\u044b\u0435 \u0432\u0435\u043b\u043e\u0441\u0438\u043f\u0435\u0434\u044b,\u043a\u0430\u0442\u0430\u043d\u0438\u0435 \u043d\u0430 \u043d\u0430\u0434\u0443\u0432\u043d\u043e\u043c \u0430\u0442\u0442\u0440\u0430\u043a\u0446\u0438\u043e\u043d\u0435 \u0437\u0430 \u043c\u043e\u0442\u043e\u0440\u043d\u043e\u0439 \u043b\u043e\u0434\u043a\u043e\u0439,\u0441\u043f\u043e\u0440\u0442\u0438\u0432\u043d\u044b\u0435 \u0438\u0433\u0440\u044b,\u0433\u0438\u043c\u043d\u0430\u0441\u0442\u0438\u043a\u0430, \u0439\u043e\u0433\u0430, SUP-\u0439\u043e\u0433\u0430, \u0431\u043e\u043a\u0441,\u043d\u0430\u0441\u0442\u043e\u043b\u044c\u043d\u044b\u0439 \u0442\u0435\u043d\u043d\u0438\u0441, \u043d\u0430\u0441\u0442\u043e\u043b\u044c\u043d\u044b\u0439 \u0444\u0443\u0442\u0431\u043e\u043b, \u043d\u043e\u0432\u0443\u0441,\u043d\u0430\u0441\u0442\u043e\u043b\u044c\u043d\u044b\u0435 \u0438\u0433\u0440\u044b,\u043e\u0431\u0440\u0430\u0437\u043e\u0432\u0430\u0442\u0435\u043b\u044c\u043d\u044b\u0435 \u0437\u0430\u043d\u044f\u0442\u0438\u044f,\u0441\u0430\u0443\u043d\u0430,\u043a\u0430\u0440\u0430\u043e\u043a\u0435.\u0425\u043e\u0440\u043e\u0448\u043e \u043e\u0431\u043e\u0440\u0443\u0434\u043e\u0432\u0430\u043d\u043d\u044b\u0435 \u043a\u0440\u044b\u0442\u044b\u0435 \u043f\u043e\u043c\u0435\u0449\u0435\u043d\u0438\u044f \u0437\u0430\u0449\u0438\u0442\u044f\u0442 \u043e\u0442 \u043d\u0435\u043f\u043e\u0433\u043e\u0434\u044b. [&#8230;]<\/p>\n<p><a class=\"btn btn-secondary understrap-read-more-link\" href=\"https:\/\/www.waterskis.lv\/ru\/%d0%bb%d0%b5%d1%82%d0%bd%d0%b8%d0%b5-%d0%bb%d0%b0%d0%b3%d0%b5%d1%80%d1%8f\/\">\u0427\u0438\u0442\u0430\u0442\u044c \u0434\u0430\u043b\u044c\u0448\u0435\u2026<\/a><\/p>\n","protected":false},"author":4,"featured_media":70492,"parent":0,"menu_order":0,"comment_status":"closed","ping_status":"closed","template":"","meta":{"_acf_changed":false,"inline_featured_image":false,"footnotes":""},"class_list":["post-60271","page","type-page","status-publish","has-post-thumbnail","hentry"],"acf":[],"yoast_head":"<!-- This site is optimized with the Yoast SEO plugin v27.5 - https:\/\/yoast.com\/product\/yoast-seo-wordpress\/ -->\n<title>\u041b\u0435\u0442\u043d\u0438\u0435 \u043b\u0430\u0433\u0435\u0440\u044f - WATERSKIS.LV<\/title>\n<meta name=\"description\" content=\"\u041b\u0435\u0442\u043d\u0438\u0435 \u043b\u0430\u0433\u0435\u0440\u044f. \u041b\u0430\u0433\u0435\u0440\u044f \u043f\u043e \u0432\u043e\u0434\u043d\u043e\u043b\u044b\u0436\u043d\u043e\u043c\u0443 \u0441\u043f\u043e\u0440\u0442\u0443 \u0438 \u0432\u0435\u0439\u043a\u0431\u043e\u0440\u0434\u0438\u043d\u0433\u0443. \u0422\u0432\u043e\u0440\u0447\u0435\u0441\u043a\u0438\u0435, \u043e\u0431\u0449\u0435\u043e\u0431\u0440\u0430\u0437\u043e\u0432\u0430\u0442\u0435\u043b\u044c\u043d\u044b\u0435, \u0441\u043f\u043e\u0440\u0442\u0438\u0432\u043d\u044b\u0435, \u043c\u0435\u0436\u0434\u0443\u043d\u0430\u0440\u043e\u0434\u043d\u044b\u0435 \u043b\u0430\u0433\u0435\u0440\u044f \u0434\u043b\u044f \u0434\u0435\u0442\u0435\u0439\" \/>\n<meta name=\"robots\" content=\"index, follow, max-snippet:-1, max-image-preview:large, max-video-preview:-1\" \/>\n<link rel=\"canonical\" href=\"https:\/\/www.waterskis.lv\/ru\/%d0%bb%d0%b5%d1%82%d0%bd%d0%b8%d0%b5-%d0%bb%d0%b0%d0%b3%d0%b5%d1%80%d1%8f\/\" \/>\n<meta property=\"og:locale\" content=\"ru_RU\" \/>\n<meta property=\"og:type\" content=\"article\" \/>\n<meta property=\"og:title\" content=\"Vasaras nometnes\" \/>\n<meta property=\"og:description\" content=\"Vasaras nometnes. \u016adenssl\u0113po\u0161anas un veikborda nometnes. Rado\u0161as, visp\u0101rizgl\u012btojo\u0161as, sportiskas, starptautiskas nometnes b\u0113rniem J\u016brmal\u0101.\" \/>\n<meta property=\"og:url\" content=\"https:\/\/www.waterskis.lv\/ru\/%d0%bb%d0%b5%d1%82%d0%bd%d0%b8%d0%b5-%d0%bb%d0%b0%d0%b3%d0%b5%d1%80%d1%8f\/\" \/>\n<meta property=\"og:site_name\" content=\"WATERSKIS.LV\" \/>\n<meta property=\"article:publisher\" content=\"https:\/\/www.facebook.com\/jurmalawaterskiwakeboardpark\/\" \/>\n<meta property=\"article:modified_time\" content=\"2026-01-18T10:54:15+00:00\" \/>\n<meta property=\"og:image\" content=\"https:\/\/www.waterskis.lv\/wp-content\/uploads\/2022\/01\/Prodigy_Action_Image_1800x1800-700x525.jpg\" \/>\n<meta name=\"twitter:card\" content=\"summary_large_image\" \/>\n<meta name=\"twitter:label1\" content=\"\u041f\u0440\u0438\u043c\u0435\u0440\u043d\u043e\u0435 \u0432\u0440\u0435\u043c\u044f \u0434\u043b\u044f \u0447\u0442\u0435\u043d\u0438\u044f\" \/>\n\t<meta name=\"twitter:data1\" content=\"1 \u043c\u0438\u043d\u0443\u0442\u0430\" \/>\n<script type=\"application\/ld+json\" class=\"yoast-schema-graph\">{\"@context\":\"https:\\\/\\\/schema.org\",\"@graph\":[{\"@type\":\"WebPage\",\"@id\":\"https:\\\/\\\/www.waterskis.lv\\\/ru\\\/%d0%bb%d0%b5%d1%82%d0%bd%d0%b8%d0%b5-%d0%bb%d0%b0%d0%b3%d0%b5%d1%80%d1%8f\\\/\",\"url\":\"https:\\\/\\\/www.waterskis.lv\\\/ru\\\/%d0%bb%d0%b5%d1%82%d0%bd%d0%b8%d0%b5-%d0%bb%d0%b0%d0%b3%d0%b5%d1%80%d1%8f\\\/\",\"name\":\"\u041b\u0435\u0442\u043d\u0438\u0435 \u043b\u0430\u0433\u0435\u0440\u044f - WATERSKIS.LV\",\"isPartOf\":{\"@id\":\"https:\\\/\\\/www.waterskis.lv\\\/ru\\\/#website\"},\"primaryImageOfPage\":{\"@id\":\"https:\\\/\\\/www.waterskis.lv\\\/ru\\\/%d0%bb%d0%b5%d1%82%d0%bd%d0%b8%d0%b5-%d0%bb%d0%b0%d0%b3%d0%b5%d1%80%d1%8f\\\/#primaryimage\"},\"image\":{\"@id\":\"https:\\\/\\\/www.waterskis.lv\\\/ru\\\/%d0%bb%d0%b5%d1%82%d0%bd%d0%b8%d0%b5-%d0%bb%d0%b0%d0%b3%d0%b5%d1%80%d1%8f\\\/#primaryimage\"},\"thumbnailUrl\":\"https:\\\/\\\/www.waterskis.lv\\\/wp-content\\\/uploads\\\/2025\\\/01\\\/Nometnes-berniem-1.png\",\"datePublished\":\"2025-01-19T14:55:23+00:00\",\"dateModified\":\"2026-01-18T10:54:15+00:00\",\"description\":\"\u041b\u0435\u0442\u043d\u0438\u0435 \u043b\u0430\u0433\u0435\u0440\u044f. \u041b\u0430\u0433\u0435\u0440\u044f \u043f\u043e \u0432\u043e\u0434\u043d\u043e\u043b\u044b\u0436\u043d\u043e\u043c\u0443 \u0441\u043f\u043e\u0440\u0442\u0443 \u0438 \u0432\u0435\u0439\u043a\u0431\u043e\u0440\u0434\u0438\u043d\u0433\u0443. \u0422\u0432\u043e\u0440\u0447\u0435\u0441\u043a\u0438\u0435, \u043e\u0431\u0449\u0435\u043e\u0431\u0440\u0430\u0437\u043e\u0432\u0430\u0442\u0435\u043b\u044c\u043d\u044b\u0435, \u0441\u043f\u043e\u0440\u0442\u0438\u0432\u043d\u044b\u0435, \u043c\u0435\u0436\u0434\u0443\u043d\u0430\u0440\u043e\u0434\u043d\u044b\u0435 \u043b\u0430\u0433\u0435\u0440\u044f \u0434\u043b\u044f \u0434\u0435\u0442\u0435\u0439\",\"breadcrumb\":{\"@id\":\"https:\\\/\\\/www.waterskis.lv\\\/ru\\\/%d0%bb%d0%b5%d1%82%d0%bd%d0%b8%d0%b5-%d0%bb%d0%b0%d0%b3%d0%b5%d1%80%d1%8f\\\/#breadcrumb\"},\"inLanguage\":\"ru-RU\",\"potentialAction\":[{\"@type\":\"ReadAction\",\"target\":[\"https:\\\/\\\/www.waterskis.lv\\\/ru\\\/%d0%bb%d0%b5%d1%82%d0%bd%d0%b8%d0%b5-%d0%bb%d0%b0%d0%b3%d0%b5%d1%80%d1%8f\\\/\"]}]},{\"@type\":\"ImageObject\",\"inLanguage\":\"ru-RU\",\"@id\":\"https:\\\/\\\/www.waterskis.lv\\\/ru\\\/%d0%bb%d0%b5%d1%82%d0%bd%d0%b8%d0%b5-%d0%bb%d0%b0%d0%b3%d0%b5%d1%80%d1%8f\\\/#primaryimage\",\"url\":\"https:\\\/\\\/www.waterskis.lv\\\/wp-content\\\/uploads\\\/2025\\\/01\\\/Nometnes-berniem-1.png\",\"contentUrl\":\"https:\\\/\\\/www.waterskis.lv\\\/wp-content\\\/uploads\\\/2025\\\/01\\\/Nometnes-berniem-1.png\",\"width\":300,\"height\":300,\"caption\":\"Vasaras nometnes b\u0113rniem\"},{\"@type\":\"BreadcrumbList\",\"@id\":\"https:\\\/\\\/www.waterskis.lv\\\/ru\\\/%d0%bb%d0%b5%d1%82%d0%bd%d0%b8%d0%b5-%d0%bb%d0%b0%d0%b3%d0%b5%d1%80%d1%8f\\\/#breadcrumb\",\"itemListElement\":[{\"@type\":\"ListItem\",\"position\":1,\"name\":\"Home\",\"item\":\"https:\\\/\\\/www.waterskis.lv\\\/ru\\\/\"},{\"@type\":\"ListItem\",\"position\":2,\"name\":\"\u041b\u0435\u0442\u043d\u0438\u0435 \u043b\u0430\u0433\u0435\u0440\u044f\"}]},{\"@type\":\"WebSite\",\"@id\":\"https:\\\/\\\/www.waterskis.lv\\\/ru\\\/#website\",\"url\":\"https:\\\/\\\/www.waterskis.lv\\\/ru\\\/\",\"name\":\"WATERSKIS.LV\",\"description\":\"SUP d\u0113\u013ci, kajaki, kanoe, airu laivas, \u016bdenssl\u0113po\u0161ana, veikbords, SUP d\u0113\u013cu noma, kajaku nomaakt\u012bv\u0101s atp\u016btas centrs, laivu noma, sup noma, kajaku noma\",\"publisher\":{\"@id\":\"https:\\\/\\\/www.waterskis.lv\\\/ru\\\/#organization\"},\"potentialAction\":[{\"@type\":\"SearchAction\",\"target\":{\"@type\":\"EntryPoint\",\"urlTemplate\":\"https:\\\/\\\/www.waterskis.lv\\\/ru\\\/?s={search_term_string}\"},\"query-input\":{\"@type\":\"PropertyValueSpecification\",\"valueRequired\":true,\"valueName\":\"search_term_string\"}}],\"inLanguage\":\"ru-RU\"},{\"@type\":\"Organization\",\"@id\":\"https:\\\/\\\/www.waterskis.lv\\\/ru\\\/#organization\",\"name\":\"WATERSKIS.LV\",\"url\":\"https:\\\/\\\/www.waterskis.lv\\\/ru\\\/\",\"logo\":{\"@type\":\"ImageObject\",\"inLanguage\":\"ru-RU\",\"@id\":\"https:\\\/\\\/www.waterskis.lv\\\/ru\\\/#\\\/schema\\\/logo\\\/image\\\/\",\"url\":\"https:\\\/\\\/www.waterskis.lv\\\/wp-content\\\/uploads\\\/2025\\\/01\\\/JUVP-logo.png\",\"contentUrl\":\"https:\\\/\\\/www.waterskis.lv\\\/wp-content\\\/uploads\\\/2025\\\/01\\\/JUVP-logo.png\",\"width\":421,\"height\":202,\"caption\":\"WATERSKIS.LV\"},\"image\":{\"@id\":\"https:\\\/\\\/www.waterskis.lv\\\/ru\\\/#\\\/schema\\\/logo\\\/image\\\/\"},\"sameAs\":[\"https:\\\/\\\/www.facebook.com\\\/jurmalawaterskiwakeboardpark\\\/\"]}]}<\/script>\n<!-- \/ Yoast SEO plugin. -->","yoast_head_json":{"title":"\u041b\u0435\u0442\u043d\u0438\u0435 \u043b\u0430\u0433\u0435\u0440\u044f - WATERSKIS.LV","description":"\u041b\u0435\u0442\u043d\u0438\u0435 \u043b\u0430\u0433\u0435\u0440\u044f. \u041b\u0430\u0433\u0435\u0440\u044f \u043f\u043e \u0432\u043e\u0434\u043d\u043e\u043b\u044b\u0436\u043d\u043e\u043c\u0443 \u0441\u043f\u043e\u0440\u0442\u0443 \u0438 \u0432\u0435\u0439\u043a\u0431\u043e\u0440\u0434\u0438\u043d\u0433\u0443. \u0422\u0432\u043e\u0440\u0447\u0435\u0441\u043a\u0438\u0435, \u043e\u0431\u0449\u0435\u043e\u0431\u0440\u0430\u0437\u043e\u0432\u0430\u0442\u0435\u043b\u044c\u043d\u044b\u0435, \u0441\u043f\u043e\u0440\u0442\u0438\u0432\u043d\u044b\u0435, \u043c\u0435\u0436\u0434\u0443\u043d\u0430\u0440\u043e\u0434\u043d\u044b\u0435 \u043b\u0430\u0433\u0435\u0440\u044f \u0434\u043b\u044f \u0434\u0435\u0442\u0435\u0439","robots":{"index":"index","follow":"follow","max-snippet":"max-snippet:-1","max-image-preview":"max-image-preview:large","max-video-preview":"max-video-preview:-1"},"canonical":"https:\/\/www.waterskis.lv\/ru\/%d0%bb%d0%b5%d1%82%d0%bd%d0%b8%d0%b5-%d0%bb%d0%b0%d0%b3%d0%b5%d1%80%d1%8f\/","og_locale":"ru_RU","og_type":"article","og_title":"Vasaras nometnes","og_description":"Vasaras nometnes. \u016adenssl\u0113po\u0161anas un veikborda nometnes. Rado\u0161as, visp\u0101rizgl\u012btojo\u0161as, sportiskas, starptautiskas nometnes b\u0113rniem J\u016brmal\u0101.","og_url":"https:\/\/www.waterskis.lv\/ru\/%d0%bb%d0%b5%d1%82%d0%bd%d0%b8%d0%b5-%d0%bb%d0%b0%d0%b3%d0%b5%d1%80%d1%8f\/","og_site_name":"WATERSKIS.LV","article_publisher":"https:\/\/www.facebook.com\/jurmalawaterskiwakeboardpark\/","article_modified_time":"2026-01-18T10:54:15+00:00","og_image":[{"url":"https:\/\/www.waterskis.lv\/wp-content\/uploads\/2022\/01\/Prodigy_Action_Image_1800x1800-700x525.jpg","type":"","width":"","height":""}],"twitter_card":"summary_large_image","twitter_misc":{"\u041f\u0440\u0438\u043c\u0435\u0440\u043d\u043e\u0435 \u0432\u0440\u0435\u043c\u044f \u0434\u043b\u044f \u0447\u0442\u0435\u043d\u0438\u044f":"1 \u043c\u0438\u043d\u0443\u0442\u0430"},"schema":{"@context":"https:\/\/schema.org","@graph":[{"@type":"WebPage","@id":"https:\/\/www.waterskis.lv\/ru\/%d0%bb%d0%b5%d1%82%d0%bd%d0%b8%d0%b5-%d0%bb%d0%b0%d0%b3%d0%b5%d1%80%d1%8f\/","url":"https:\/\/www.waterskis.lv\/ru\/%d0%bb%d0%b5%d1%82%d0%bd%d0%b8%d0%b5-%d0%bb%d0%b0%d0%b3%d0%b5%d1%80%d1%8f\/","name":"\u041b\u0435\u0442\u043d\u0438\u0435 \u043b\u0430\u0433\u0435\u0440\u044f - WATERSKIS.LV","isPartOf":{"@id":"https:\/\/www.waterskis.lv\/ru\/#website"},"primaryImageOfPage":{"@id":"https:\/\/www.waterskis.lv\/ru\/%d0%bb%d0%b5%d1%82%d0%bd%d0%b8%d0%b5-%d0%bb%d0%b0%d0%b3%d0%b5%d1%80%d1%8f\/#primaryimage"},"image":{"@id":"https:\/\/www.waterskis.lv\/ru\/%d0%bb%d0%b5%d1%82%d0%bd%d0%b8%d0%b5-%d0%bb%d0%b0%d0%b3%d0%b5%d1%80%d1%8f\/#primaryimage"},"thumbnailUrl":"https:\/\/www.waterskis.lv\/wp-content\/uploads\/2025\/01\/Nometnes-berniem-1.png","datePublished":"2025-01-19T14:55:23+00:00","dateModified":"2026-01-18T10:54:15+00:00","description":"\u041b\u0435\u0442\u043d\u0438\u0435 \u043b\u0430\u0433\u0435\u0440\u044f. \u041b\u0430\u0433\u0435\u0440\u044f \u043f\u043e \u0432\u043e\u0434\u043d\u043e\u043b\u044b\u0436\u043d\u043e\u043c\u0443 \u0441\u043f\u043e\u0440\u0442\u0443 \u0438 \u0432\u0435\u0439\u043a\u0431\u043e\u0440\u0434\u0438\u043d\u0433\u0443. \u0422\u0432\u043e\u0440\u0447\u0435\u0441\u043a\u0438\u0435, \u043e\u0431\u0449\u0435\u043e\u0431\u0440\u0430\u0437\u043e\u0432\u0430\u0442\u0435\u043b\u044c\u043d\u044b\u0435, \u0441\u043f\u043e\u0440\u0442\u0438\u0432\u043d\u044b\u0435, \u043c\u0435\u0436\u0434\u0443\u043d\u0430\u0440\u043e\u0434\u043d\u044b\u0435 \u043b\u0430\u0433\u0435\u0440\u044f \u0434\u043b\u044f \u0434\u0435\u0442\u0435\u0439","breadcrumb":{"@id":"https:\/\/www.waterskis.lv\/ru\/%d0%bb%d0%b5%d1%82%d0%bd%d0%b8%d0%b5-%d0%bb%d0%b0%d0%b3%d0%b5%d1%80%d1%8f\/#breadcrumb"},"inLanguage":"ru-RU","potentialAction":[{"@type":"ReadAction","target":["https:\/\/www.waterskis.lv\/ru\/%d0%bb%d0%b5%d1%82%d0%bd%d0%b8%d0%b5-%d0%bb%d0%b0%d0%b3%d0%b5%d1%80%d1%8f\/"]}]},{"@type":"ImageObject","inLanguage":"ru-RU","@id":"https:\/\/www.waterskis.lv\/ru\/%d0%bb%d0%b5%d1%82%d0%bd%d0%b8%d0%b5-%d0%bb%d0%b0%d0%b3%d0%b5%d1%80%d1%8f\/#primaryimage","url":"https:\/\/www.waterskis.lv\/wp-content\/uploads\/2025\/01\/Nometnes-berniem-1.png","contentUrl":"https:\/\/www.waterskis.lv\/wp-content\/uploads\/2025\/01\/Nometnes-berniem-1.png","width":300,"height":300,"caption":"Vasaras nometnes b\u0113rniem"},{"@type":"BreadcrumbList","@id":"https:\/\/www.waterskis.lv\/ru\/%d0%bb%d0%b5%d1%82%d0%bd%d0%b8%d0%b5-%d0%bb%d0%b0%d0%b3%d0%b5%d1%80%d1%8f\/#breadcrumb","itemListElement":[{"@type":"ListItem","position":1,"name":"Home","item":"https:\/\/www.waterskis.lv\/ru\/"},{"@type":"ListItem","position":2,"name":"\u041b\u0435\u0442\u043d\u0438\u0435 \u043b\u0430\u0433\u0435\u0440\u044f"}]},{"@type":"WebSite","@id":"https:\/\/www.waterskis.lv\/ru\/#website","url":"https:\/\/www.waterskis.lv\/ru\/","name":"WATERSKIS.LV","description":"SUP d\u0113\u013ci, kajaki, kanoe, airu laivas, \u016bdenssl\u0113po\u0161ana, veikbords, SUP d\u0113\u013cu noma, kajaku nomaakt\u012bv\u0101s atp\u016btas centrs, laivu noma, sup noma, kajaku noma","publisher":{"@id":"https:\/\/www.waterskis.lv\/ru\/#organization"},"potentialAction":[{"@type":"SearchAction","target":{"@type":"EntryPoint","urlTemplate":"https:\/\/www.waterskis.lv\/ru\/?s={search_term_string}"},"query-input":{"@type":"PropertyValueSpecification","valueRequired":true,"valueName":"search_term_string"}}],"inLanguage":"ru-RU"},{"@type":"Organization","@id":"https:\/\/www.waterskis.lv\/ru\/#organization","name":"WATERSKIS.LV","url":"https:\/\/www.waterskis.lv\/ru\/","logo":{"@type":"ImageObject","inLanguage":"ru-RU","@id":"https:\/\/www.waterskis.lv\/ru\/#\/schema\/logo\/image\/","url":"https:\/\/www.waterskis.lv\/wp-content\/uploads\/2025\/01\/JUVP-logo.png","contentUrl":"https:\/\/www.waterskis.lv\/wp-content\/uploads\/2025\/01\/JUVP-logo.png","width":421,"height":202,"caption":"WATERSKIS.LV"},"image":{"@id":"https:\/\/www.waterskis.lv\/ru\/#\/schema\/logo\/image\/"},"sameAs":["https:\/\/www.facebook.com\/jurmalawaterskiwakeboardpark\/"]}]}},"_links":{"self":[{"href":"https:\/\/www.waterskis.lv\/ru\/wp-json\/wp\/v2\/pages\/60271","targetHints":{"allow":["GET"]}}],"collection":[{"href":"https:\/\/www.waterskis.lv\/ru\/wp-json\/wp\/v2\/pages"}],"about":[{"href":"https:\/\/www.waterskis.lv\/ru\/wp-json\/wp\/v2\/types\/page"}],"author":[{"embeddable":true,"href":"https:\/\/www.waterskis.lv\/ru\/wp-json\/wp\/v2\/users\/4"}],"replies":[{"embeddable":true,"href":"https:\/\/www.waterskis.lv\/ru\/wp-json\/wp\/v2\/comments?post=60271"}],"version-history":[{"count":1,"href":"https:\/\/www.waterskis.lv\/ru\/wp-json\/wp\/v2\/pages\/60271\/revisions"}],"predecessor-version":[{"id":71029,"href":"https:\/\/www.waterskis.lv\/ru\/wp-json\/wp\/v2\/pages\/60271\/revisions\/71029"}],"wp:featuredmedia":[{"embeddable":true,"href":"https:\/\/www.waterskis.lv\/ru\/wp-json\/wp\/v2\/media\/70492"}],"wp:attachment":[{"href":"https:\/\/www.waterskis.lv\/ru\/wp-json\/wp\/v2\/media?parent=60271"}],"curies":[{"name":"wp","href":"https:\/\/api.w.org\/{rel}","templated":true}]}}