{"id":64312,"date":"2025-02-03T18:53:35","date_gmt":"2025-02-03T16:53:35","guid":{"rendered":"https:\/\/www.waterskis.lv\/sup-joga\/"},"modified":"2026-01-23T12:24:30","modified_gmt":"2026-01-23T10:24:30","slug":"sup-%d0%b9%d0%be%d0%b3%d0%b0","status":"publish","type":"page","link":"https:\/\/www.waterskis.lv\/ru\/sup-%d0%b9%d0%be%d0%b3%d0%b0\/","title":{"rendered":"SUP \u0439\u043e\u0433\u0430"},"content":{"rendered":"\n<p>SUP \u0439\u043e\u0433\u0430. \u0417\u0430\u043d\u044f\u0442\u0438\u044f \u043f\u0440\u043e\u0432\u043e\u0434\u044f\u0442\u0441\u044f \u043d\u0430 \u0432\u043e\u0434\u0435 \u043d\u0430 SUP-\u0434\u043e\u0441\u043a\u0435 \u043f\u043e\u0434 \u0440\u0443\u043a\u043e\u0432\u043e\u0434\u0441\u0442\u0432\u043e\u043c \u043e\u043f\u044b\u0442\u043d\u043e\u0433\u043e \u0438\u043d\u0441\u0442\u0440\u0443\u043a\u0442\u043e\u0440\u0430. \u0412 \u0441\u043b\u0443\u0447\u0430\u0435 \u043f\u043b\u043e\u0445\u043e\u0439 \u043f\u043e\u0433\u043e\u0434\u044b \u0437\u0430\u043d\u044f\u0442\u0438\u044f \u043f\u0440\u043e\u0432\u043e\u0434\u044f\u0442\u0441\u044f \u0432 \u043f\u043e\u043c\u0435\u0449\u0435\u043d\u0438\u0438.<\/p>\n\n\n\n<p><strong>\u0420\u0435\u0437\u0435\u0440\u0432\u0430\u0446\u0438\u044f:<\/strong><\/p>\n\n\n\n<p>\u0422\u0435\u043b\u0435\u0444\u043e\u043d: +371 28067676, info@waterskis.lv<\/p>\n\n\n\n<p>www.waterskis.lv<\/p>\n\n\n\n<figure class=\"wp-block-image size-large\"><img decoding=\"async\" width=\"700\" height=\"700\" src=\"https:\/\/www.waterskis.lv\/wp-content\/uploads\/2025\/02\/yoga_dock_23130_8-1-700x700.webp\" alt=\"\" class=\"wp-image-64307\" srcset=\"https:\/\/www.waterskis.lv\/wp-content\/uploads\/2025\/02\/yoga_dock_23130_8-1-700x700.webp 700w, https:\/\/www.waterskis.lv\/wp-content\/uploads\/2025\/02\/yoga_dock_23130_8-1-300x300.webp 300w, https:\/\/www.waterskis.lv\/wp-content\/uploads\/2025\/02\/yoga_dock_23130_8-1-150x150.webp 150w, https:\/\/www.waterskis.lv\/wp-content\/uploads\/2025\/02\/yoga_dock_23130_8-1-768x768.webp 768w, https:\/\/www.waterskis.lv\/wp-content\/uploads\/2025\/02\/yoga_dock_23130_8-1-1536x1536.webp 1536w, https:\/\/www.waterskis.lv\/wp-content\/uploads\/2025\/02\/yoga_dock_23130_8-1-600x600.webp 600w, https:\/\/www.waterskis.lv\/wp-content\/uploads\/2025\/02\/yoga_dock_23130_8-1-100x100.webp 100w, https:\/\/www.waterskis.lv\/wp-content\/uploads\/2025\/02\/yoga_dock_23130_8-1.webp 2000w\" sizes=\"(max-width: 700px) 100vw, 700px\" \/><\/figure>\n\n\n\n<figure class=\"wp-block-gallery has-nested-images columns-default is-cropped wp-block-gallery-1 is-layout-flex wp-block-gallery-is-layout-flex\">\n<figure class=\"wp-block-image size-large\"><img decoding=\"async\" width=\"600\" height=\"453\" data-id=\"71972\" src=\"https:\/\/www.waterskis.lv\/wp-content\/uploads\/2026\/01\/image-143.png\" alt=\"\" class=\"wp-image-71972\" srcset=\"https:\/\/www.waterskis.lv\/wp-content\/uploads\/2026\/01\/image-143.png 600w, https:\/\/www.waterskis.lv\/wp-content\/uploads\/2026\/01\/image-143-300x227.png 300w\" sizes=\"(max-width: 600px) 100vw, 600px\" \/><\/figure>\n\n\n\n<figure class=\"wp-block-image size-large\"><img decoding=\"async\" width=\"300\" height=\"300\" data-id=\"71973\" src=\"https:\/\/www.waterskis.lv\/wp-content\/uploads\/2026\/01\/image-144.png\" alt=\"\" class=\"wp-image-71973\" srcset=\"https:\/\/www.waterskis.lv\/wp-content\/uploads\/2026\/01\/image-144.png 300w, https:\/\/www.waterskis.lv\/wp-content\/uploads\/2026\/01\/image-144-150x150.png 150w, https:\/\/www.waterskis.lv\/wp-content\/uploads\/2026\/01\/image-144-100x100.png 100w\" sizes=\"(max-width: 300px) 100vw, 300px\" \/><\/figure>\n<\/figure>\n","protected":false},"excerpt":{"rendered":"<p>SUP \u0439\u043e\u0433\u0430. \u0417\u0430\u043d\u044f\u0442\u0438\u044f \u043f\u0440\u043e\u0432\u043e\u0434\u044f\u0442\u0441\u044f \u043d\u0430 \u0432\u043e\u0434\u0435 \u043d\u0430 SUP-\u0434\u043e\u0441\u043a\u0435 \u043f\u043e\u0434 \u0440\u0443\u043a\u043e\u0432\u043e\u0434\u0441\u0442\u0432\u043e\u043c \u043e\u043f\u044b\u0442\u043d\u043e\u0433\u043e \u0438\u043d\u0441\u0442\u0440\u0443\u043a\u0442\u043e\u0440\u0430. \u0412 \u0441\u043b\u0443\u0447\u0430\u0435 \u043f\u043b\u043e\u0445\u043e\u0439 \u043f\u043e\u0433\u043e\u0434\u044b \u0437\u0430\u043d\u044f\u0442\u0438\u044f \u043f\u0440\u043e\u0432\u043e\u0434\u044f\u0442\u0441\u044f \u0432 \u043f\u043e\u043c\u0435\u0449\u0435\u043d\u0438\u0438. \u0420\u0435\u0437\u0435\u0440\u0432\u0430\u0446\u0438\u044f: \u0422\u0435\u043b\u0435\u0444\u043e\u043d: +371 28067676, info@waterskis.lv www.waterskis.lv [&#8230;]<\/p>\n<p><a class=\"btn btn-secondary understrap-read-more-link\" href=\"https:\/\/www.waterskis.lv\/ru\/sup-%d0%b9%d0%be%d0%b3%d0%b0\/\">\u0427\u0438\u0442\u0430\u0442\u044c \u0434\u0430\u043b\u044c\u0448\u0435\u2026<\/a><\/p>\n","protected":false},"author":4,"featured_media":62904,"parent":0,"menu_order":0,"comment_status":"closed","ping_status":"closed","template":"","meta":{"_acf_changed":false,"inline_featured_image":false,"footnotes":""},"class_list":["post-64312","page","type-page","status-publish","has-post-thumbnail","hentry"],"acf":[],"yoast_head":"<!-- This site is optimized with the Yoast SEO plugin v27.5 - https:\/\/yoast.com\/product\/yoast-seo-wordpress\/ -->\n<title>SUP \u0439\u043e\u0433\u0430 - WATERSKIS.LV<\/title>\n<meta name=\"description\" content=\"SUP \u0439\u043e\u0433\u0430. \u0417\u0430\u043d\u044f\u0442\u0438\u044f \u043f\u0440\u043e\u0432\u043e\u0434\u044f\u0442\u0441\u044f \u043d\u0430 \u0432\u043e\u0434\u0435 \u043d\u0430 SUP-\u0434\u043e\u0441\u043a\u0435 \u043f\u043e\u0434 \u0440\u0443\u043a\u043e\u0432\u043e\u0434\u0441\u0442\u0432\u043e\u043c \u043e\u043f\u044b\u0442\u043d\u043e\u0433\u043e \u0438\u043d\u0441\u0442\u0440\u0443\u043a\u0442\u043e\u0440\u0430. \u0412 \u0441\u043b\u0443\u0447\u0430\u0435 \u043f\u043b\u043e\u0445\u043e\u0439 \u043f\u043e\u0433\u043e\u0434\u044b \u0437\u0430\u043d\u044f\u0442\u0438\u044f \u043f\u0440\u043e\u0432\u043e\u0434\u044f\u0442\u0441\u044f \u0432 \u043f\u043e\u043c\u0435\u0449\u0435\u043d\u0438\u0438\" \/>\n<meta name=\"robots\" content=\"index, follow, max-snippet:-1, max-image-preview:large, max-video-preview:-1\" \/>\n<link rel=\"canonical\" href=\"https:\/\/www.waterskis.lv\/ru\/sup-%d0%b9%d0%be%d0%b3%d0%b0\/\" \/>\n<meta property=\"og:locale\" content=\"ru_RU\" \/>\n<meta property=\"og:type\" content=\"article\" \/>\n<meta property=\"og:title\" content=\"SUP Joga J\u016brmal\u0101\" \/>\n<meta property=\"og:description\" content=\"J\u016brmalas \u016bdenssl\u0113po\u0161anas un veikborda parks SUP joga\" \/>\n<meta property=\"og:url\" content=\"https:\/\/www.waterskis.lv\/ru\/sup-%d0%b9%d0%be%d0%b3%d0%b0\/\" \/>\n<meta property=\"og:site_name\" content=\"WATERSKIS.LV\" \/>\n<meta property=\"article:publisher\" content=\"https:\/\/www.facebook.com\/jurmalawaterskiwakeboardpark\/\" \/>\n<meta property=\"article:modified_time\" content=\"2026-01-23T10:24:30+00:00\" \/>\n<meta property=\"og:image\" content=\"https:\/\/www.waterskis.lv\/wp-content\/uploads\/2025\/02\/joga-700x529.jpg\" \/>\n<meta name=\"twitter:card\" content=\"summary_large_image\" \/>\n<meta name=\"twitter:label1\" content=\"\u041f\u0440\u0438\u043c\u0435\u0440\u043d\u043e\u0435 \u0432\u0440\u0435\u043c\u044f \u0434\u043b\u044f \u0447\u0442\u0435\u043d\u0438\u044f\" \/>\n\t<meta name=\"twitter:data1\" content=\"1 \u043c\u0438\u043d\u0443\u0442\u0430\" \/>\n<script type=\"application\/ld+json\" class=\"yoast-schema-graph\">{\"@context\":\"https:\\\/\\\/schema.org\",\"@graph\":[{\"@type\":\"WebPage\",\"@id\":\"https:\\\/\\\/www.waterskis.lv\\\/ru\\\/sup-%d0%b9%d0%be%d0%b3%d0%b0\\\/\",\"url\":\"https:\\\/\\\/www.waterskis.lv\\\/ru\\\/sup-%d0%b9%d0%be%d0%b3%d0%b0\\\/\",\"name\":\"SUP \u0439\u043e\u0433\u0430 - WATERSKIS.LV\",\"isPartOf\":{\"@id\":\"https:\\\/\\\/www.waterskis.lv\\\/ru\\\/#website\"},\"primaryImageOfPage\":{\"@id\":\"https:\\\/\\\/www.waterskis.lv\\\/ru\\\/sup-%d0%b9%d0%be%d0%b3%d0%b0\\\/#primaryimage\"},\"image\":{\"@id\":\"https:\\\/\\\/www.waterskis.lv\\\/ru\\\/sup-%d0%b9%d0%be%d0%b3%d0%b0\\\/#primaryimage\"},\"thumbnailUrl\":\"https:\\\/\\\/www.waterskis.lv\\\/wp-content\\\/uploads\\\/2025\\\/02\\\/yoga_dock_23130_3.webp\",\"datePublished\":\"2025-02-03T16:53:35+00:00\",\"dateModified\":\"2026-01-23T10:24:30+00:00\",\"description\":\"SUP \u0439\u043e\u0433\u0430. \u0417\u0430\u043d\u044f\u0442\u0438\u044f \u043f\u0440\u043e\u0432\u043e\u0434\u044f\u0442\u0441\u044f \u043d\u0430 \u0432\u043e\u0434\u0435 \u043d\u0430 SUP-\u0434\u043e\u0441\u043a\u0435 \u043f\u043e\u0434 \u0440\u0443\u043a\u043e\u0432\u043e\u0434\u0441\u0442\u0432\u043e\u043c \u043e\u043f\u044b\u0442\u043d\u043e\u0433\u043e \u0438\u043d\u0441\u0442\u0440\u0443\u043a\u0442\u043e\u0440\u0430. \u0412 \u0441\u043b\u0443\u0447\u0430\u0435 \u043f\u043b\u043e\u0445\u043e\u0439 \u043f\u043e\u0433\u043e\u0434\u044b \u0437\u0430\u043d\u044f\u0442\u0438\u044f \u043f\u0440\u043e\u0432\u043e\u0434\u044f\u0442\u0441\u044f \u0432 \u043f\u043e\u043c\u0435\u0449\u0435\u043d\u0438\u0438\",\"breadcrumb\":{\"@id\":\"https:\\\/\\\/www.waterskis.lv\\\/ru\\\/sup-%d0%b9%d0%be%d0%b3%d0%b0\\\/#breadcrumb\"},\"inLanguage\":\"ru-RU\",\"potentialAction\":[{\"@type\":\"ReadAction\",\"target\":[\"https:\\\/\\\/www.waterskis.lv\\\/ru\\\/sup-%d0%b9%d0%be%d0%b3%d0%b0\\\/\"]}]},{\"@type\":\"ImageObject\",\"inLanguage\":\"ru-RU\",\"@id\":\"https:\\\/\\\/www.waterskis.lv\\\/ru\\\/sup-%d0%b9%d0%be%d0%b3%d0%b0\\\/#primaryimage\",\"url\":\"https:\\\/\\\/www.waterskis.lv\\\/wp-content\\\/uploads\\\/2025\\\/02\\\/yoga_dock_23130_3.webp\",\"contentUrl\":\"https:\\\/\\\/www.waterskis.lv\\\/wp-content\\\/uploads\\\/2025\\\/02\\\/yoga_dock_23130_3.webp\",\"width\":800,\"height\":534},{\"@type\":\"BreadcrumbList\",\"@id\":\"https:\\\/\\\/www.waterskis.lv\\\/ru\\\/sup-%d0%b9%d0%be%d0%b3%d0%b0\\\/#breadcrumb\",\"itemListElement\":[{\"@type\":\"ListItem\",\"position\":1,\"name\":\"Home\",\"item\":\"https:\\\/\\\/www.waterskis.lv\\\/ru\\\/\"},{\"@type\":\"ListItem\",\"position\":2,\"name\":\"SUP \u0439\u043e\u0433\u0430\"}]},{\"@type\":\"WebSite\",\"@id\":\"https:\\\/\\\/www.waterskis.lv\\\/ru\\\/#website\",\"url\":\"https:\\\/\\\/www.waterskis.lv\\\/ru\\\/\",\"name\":\"WATERSKIS.LV\",\"description\":\"SUP d\u0113\u013ci, kajaki, kanoe, airu laivas, \u016bdenssl\u0113po\u0161ana, veikbords, SUP d\u0113\u013cu noma, kajaku nomaakt\u012bv\u0101s atp\u016btas centrs, laivu noma, sup noma, kajaku noma\",\"publisher\":{\"@id\":\"https:\\\/\\\/www.waterskis.lv\\\/ru\\\/#organization\"},\"potentialAction\":[{\"@type\":\"SearchAction\",\"target\":{\"@type\":\"EntryPoint\",\"urlTemplate\":\"https:\\\/\\\/www.waterskis.lv\\\/ru\\\/?s={search_term_string}\"},\"query-input\":{\"@type\":\"PropertyValueSpecification\",\"valueRequired\":true,\"valueName\":\"search_term_string\"}}],\"inLanguage\":\"ru-RU\"},{\"@type\":\"Organization\",\"@id\":\"https:\\\/\\\/www.waterskis.lv\\\/ru\\\/#organization\",\"name\":\"WATERSKIS.LV\",\"url\":\"https:\\\/\\\/www.waterskis.lv\\\/ru\\\/\",\"logo\":{\"@type\":\"ImageObject\",\"inLanguage\":\"ru-RU\",\"@id\":\"https:\\\/\\\/www.waterskis.lv\\\/ru\\\/#\\\/schema\\\/logo\\\/image\\\/\",\"url\":\"https:\\\/\\\/www.waterskis.lv\\\/wp-content\\\/uploads\\\/2025\\\/01\\\/JUVP-logo.png\",\"contentUrl\":\"https:\\\/\\\/www.waterskis.lv\\\/wp-content\\\/uploads\\\/2025\\\/01\\\/JUVP-logo.png\",\"width\":421,\"height\":202,\"caption\":\"WATERSKIS.LV\"},\"image\":{\"@id\":\"https:\\\/\\\/www.waterskis.lv\\\/ru\\\/#\\\/schema\\\/logo\\\/image\\\/\"},\"sameAs\":[\"https:\\\/\\\/www.facebook.com\\\/jurmalawaterskiwakeboardpark\\\/\"]}]}<\/script>\n<!-- \/ Yoast SEO plugin. -->","yoast_head_json":{"title":"SUP \u0439\u043e\u0433\u0430 - WATERSKIS.LV","description":"SUP \u0439\u043e\u0433\u0430. \u0417\u0430\u043d\u044f\u0442\u0438\u044f \u043f\u0440\u043e\u0432\u043e\u0434\u044f\u0442\u0441\u044f \u043d\u0430 \u0432\u043e\u0434\u0435 \u043d\u0430 SUP-\u0434\u043e\u0441\u043a\u0435 \u043f\u043e\u0434 \u0440\u0443\u043a\u043e\u0432\u043e\u0434\u0441\u0442\u0432\u043e\u043c \u043e\u043f\u044b\u0442\u043d\u043e\u0433\u043e \u0438\u043d\u0441\u0442\u0440\u0443\u043a\u0442\u043e\u0440\u0430. \u0412 \u0441\u043b\u0443\u0447\u0430\u0435 \u043f\u043b\u043e\u0445\u043e\u0439 \u043f\u043e\u0433\u043e\u0434\u044b \u0437\u0430\u043d\u044f\u0442\u0438\u044f \u043f\u0440\u043e\u0432\u043e\u0434\u044f\u0442\u0441\u044f \u0432 \u043f\u043e\u043c\u0435\u0449\u0435\u043d\u0438\u0438","robots":{"index":"index","follow":"follow","max-snippet":"max-snippet:-1","max-image-preview":"max-image-preview:large","max-video-preview":"max-video-preview:-1"},"canonical":"https:\/\/www.waterskis.lv\/ru\/sup-%d0%b9%d0%be%d0%b3%d0%b0\/","og_locale":"ru_RU","og_type":"article","og_title":"SUP Joga J\u016brmal\u0101","og_description":"J\u016brmalas \u016bdenssl\u0113po\u0161anas un veikborda parks SUP joga","og_url":"https:\/\/www.waterskis.lv\/ru\/sup-%d0%b9%d0%be%d0%b3%d0%b0\/","og_site_name":"WATERSKIS.LV","article_publisher":"https:\/\/www.facebook.com\/jurmalawaterskiwakeboardpark\/","article_modified_time":"2026-01-23T10:24:30+00:00","og_image":[{"url":"https:\/\/www.waterskis.lv\/wp-content\/uploads\/2025\/02\/joga-700x529.jpg","type":"","width":"","height":""}],"twitter_card":"summary_large_image","twitter_misc":{"\u041f\u0440\u0438\u043c\u0435\u0440\u043d\u043e\u0435 \u0432\u0440\u0435\u043c\u044f \u0434\u043b\u044f \u0447\u0442\u0435\u043d\u0438\u044f":"1 \u043c\u0438\u043d\u0443\u0442\u0430"},"schema":{"@context":"https:\/\/schema.org","@graph":[{"@type":"WebPage","@id":"https:\/\/www.waterskis.lv\/ru\/sup-%d0%b9%d0%be%d0%b3%d0%b0\/","url":"https:\/\/www.waterskis.lv\/ru\/sup-%d0%b9%d0%be%d0%b3%d0%b0\/","name":"SUP \u0439\u043e\u0433\u0430 - WATERSKIS.LV","isPartOf":{"@id":"https:\/\/www.waterskis.lv\/ru\/#website"},"primaryImageOfPage":{"@id":"https:\/\/www.waterskis.lv\/ru\/sup-%d0%b9%d0%be%d0%b3%d0%b0\/#primaryimage"},"image":{"@id":"https:\/\/www.waterskis.lv\/ru\/sup-%d0%b9%d0%be%d0%b3%d0%b0\/#primaryimage"},"thumbnailUrl":"https:\/\/www.waterskis.lv\/wp-content\/uploads\/2025\/02\/yoga_dock_23130_3.webp","datePublished":"2025-02-03T16:53:35+00:00","dateModified":"2026-01-23T10:24:30+00:00","description":"SUP \u0439\u043e\u0433\u0430. \u0417\u0430\u043d\u044f\u0442\u0438\u044f \u043f\u0440\u043e\u0432\u043e\u0434\u044f\u0442\u0441\u044f \u043d\u0430 \u0432\u043e\u0434\u0435 \u043d\u0430 SUP-\u0434\u043e\u0441\u043a\u0435 \u043f\u043e\u0434 \u0440\u0443\u043a\u043e\u0432\u043e\u0434\u0441\u0442\u0432\u043e\u043c \u043e\u043f\u044b\u0442\u043d\u043e\u0433\u043e \u0438\u043d\u0441\u0442\u0440\u0443\u043a\u0442\u043e\u0440\u0430. \u0412 \u0441\u043b\u0443\u0447\u0430\u0435 \u043f\u043b\u043e\u0445\u043e\u0439 \u043f\u043e\u0433\u043e\u0434\u044b \u0437\u0430\u043d\u044f\u0442\u0438\u044f \u043f\u0440\u043e\u0432\u043e\u0434\u044f\u0442\u0441\u044f \u0432 \u043f\u043e\u043c\u0435\u0449\u0435\u043d\u0438\u0438","breadcrumb":{"@id":"https:\/\/www.waterskis.lv\/ru\/sup-%d0%b9%d0%be%d0%b3%d0%b0\/#breadcrumb"},"inLanguage":"ru-RU","potentialAction":[{"@type":"ReadAction","target":["https:\/\/www.waterskis.lv\/ru\/sup-%d0%b9%d0%be%d0%b3%d0%b0\/"]}]},{"@type":"ImageObject","inLanguage":"ru-RU","@id":"https:\/\/www.waterskis.lv\/ru\/sup-%d0%b9%d0%be%d0%b3%d0%b0\/#primaryimage","url":"https:\/\/www.waterskis.lv\/wp-content\/uploads\/2025\/02\/yoga_dock_23130_3.webp","contentUrl":"https:\/\/www.waterskis.lv\/wp-content\/uploads\/2025\/02\/yoga_dock_23130_3.webp","width":800,"height":534},{"@type":"BreadcrumbList","@id":"https:\/\/www.waterskis.lv\/ru\/sup-%d0%b9%d0%be%d0%b3%d0%b0\/#breadcrumb","itemListElement":[{"@type":"ListItem","position":1,"name":"Home","item":"https:\/\/www.waterskis.lv\/ru\/"},{"@type":"ListItem","position":2,"name":"SUP \u0439\u043e\u0433\u0430"}]},{"@type":"WebSite","@id":"https:\/\/www.waterskis.lv\/ru\/#website","url":"https:\/\/www.waterskis.lv\/ru\/","name":"WATERSKIS.LV","description":"SUP d\u0113\u013ci, kajaki, kanoe, airu laivas, \u016bdenssl\u0113po\u0161ana, veikbords, SUP d\u0113\u013cu noma, kajaku nomaakt\u012bv\u0101s atp\u016btas centrs, laivu noma, sup noma, kajaku noma","publisher":{"@id":"https:\/\/www.waterskis.lv\/ru\/#organization"},"potentialAction":[{"@type":"SearchAction","target":{"@type":"EntryPoint","urlTemplate":"https:\/\/www.waterskis.lv\/ru\/?s={search_term_string}"},"query-input":{"@type":"PropertyValueSpecification","valueRequired":true,"valueName":"search_term_string"}}],"inLanguage":"ru-RU"},{"@type":"Organization","@id":"https:\/\/www.waterskis.lv\/ru\/#organization","name":"WATERSKIS.LV","url":"https:\/\/www.waterskis.lv\/ru\/","logo":{"@type":"ImageObject","inLanguage":"ru-RU","@id":"https:\/\/www.waterskis.lv\/ru\/#\/schema\/logo\/image\/","url":"https:\/\/www.waterskis.lv\/wp-content\/uploads\/2025\/01\/JUVP-logo.png","contentUrl":"https:\/\/www.waterskis.lv\/wp-content\/uploads\/2025\/01\/JUVP-logo.png","width":421,"height":202,"caption":"WATERSKIS.LV"},"image":{"@id":"https:\/\/www.waterskis.lv\/ru\/#\/schema\/logo\/image\/"},"sameAs":["https:\/\/www.facebook.com\/jurmalawaterskiwakeboardpark\/"]}]}},"_links":{"self":[{"href":"https:\/\/www.waterskis.lv\/ru\/wp-json\/wp\/v2\/pages\/64312","targetHints":{"allow":["GET"]}}],"collection":[{"href":"https:\/\/www.waterskis.lv\/ru\/wp-json\/wp\/v2\/pages"}],"about":[{"href":"https:\/\/www.waterskis.lv\/ru\/wp-json\/wp\/v2\/types\/page"}],"author":[{"embeddable":true,"href":"https:\/\/www.waterskis.lv\/ru\/wp-json\/wp\/v2\/users\/4"}],"replies":[{"embeddable":true,"href":"https:\/\/www.waterskis.lv\/ru\/wp-json\/wp\/v2\/comments?post=64312"}],"version-history":[{"count":5,"href":"https:\/\/www.waterskis.lv\/ru\/wp-json\/wp\/v2\/pages\/64312\/revisions"}],"predecessor-version":[{"id":71974,"href":"https:\/\/www.waterskis.lv\/ru\/wp-json\/wp\/v2\/pages\/64312\/revisions\/71974"}],"wp:featuredmedia":[{"embeddable":true,"href":"https:\/\/www.waterskis.lv\/ru\/wp-json\/wp\/v2\/media\/62904"}],"wp:attachment":[{"href":"https:\/\/www.waterskis.lv\/ru\/wp-json\/wp\/v2\/media?parent=64312"}],"curies":[{"name":"wp","href":"https:\/\/api.w.org\/{rel}","templated":true}]}}