{"id":70827,"date":"2025-01-26T12:59:47","date_gmt":"2025-01-26T09:59:47","guid":{"rendered":"https:\/\/www.waterskis.lv\/udenssporta-inventara-noma\/"},"modified":"2026-01-18T18:05:00","modified_gmt":"2026-01-18T16:05:00","slug":"%d0%bf%d1%80%d0%be%d0%ba%d0%b0%d1%82-%d0%be%d0%b1%d0%be%d1%80%d1%83%d0%b4%d0%be%d0%b2%d0%b0%d0%bd%d0%b8%d1%8f-%d0%b4%d0%bb%d1%8f-%d0%b2%d0%be%d0%b4%d0%bd%d1%8b%d1%85-%d0%b2%d0%b8%d0%b4%d0%be%d0%b2","status":"publish","type":"page","link":"https:\/\/www.waterskis.lv\/ru\/%d0%bf%d1%80%d0%be%d0%ba%d0%b0%d1%82-%d0%be%d0%b1%d0%be%d1%80%d1%83%d0%b4%d0%be%d0%b2%d0%b0%d0%bd%d0%b8%d1%8f-%d0%b4%d0%bb%d1%8f-%d0%b2%d0%be%d0%b4%d0%bd%d1%8b%d1%85-%d0%b2%d0%b8%d0%b4%d0%be%d0%b2\/","title":{"rendered":"\u041f\u0440\u043e\u043a\u0430\u0442 \u043e\u0431\u043e\u0440\u0443\u0434\u043e\u0432\u0430\u043d\u0438\u044f \u0434\u043b\u044f \u0432\u043e\u0434\u043d\u044b\u0445 \u0432\u0438\u0434\u043e\u0432 \u0441\u043f\u043e\u0440\u0442\u0430"},"content":{"rendered":"\n<p>\u041f\u0440\u043e\u043a\u0430\u0442 \u043e\u0431\u043e\u0440\u0443\u0434\u043e\u0432\u0430\u043d\u0438\u044f \u0434\u043b\u044f \u0432\u043e\u0434\u043d\u044b\u0445 \u0432\u0438\u0434\u043e\u0432 \u0441\u043f\u043e\u0440\u0442\u0430. \u0410\u0440\u0435\u043d\u0434\u0443\u0439\u0442\u0435 \u0432\u043e\u0434\u043d\u044b\u0435 \u043b\u044b\u0436\u0438, \u0432\u0435\u0439\u043a\u0431\u043e\u0440\u0434\u044b, \u0432\u0435\u0439\u043a\u0441\u0435\u0440\u0444\u044b, SUP-\u0434\u043e\u0441\u043a\u0438, \u0433\u0438\u0434\u0440\u043e\u043a\u043e\u0441\u0442\u044e\u043c\u044b, \u0441\u043f\u0430\u0441\u0430\u0442\u0435\u043b\u044c\u043d\u044b\u0435 \u0436\u0438\u043b\u0435\u0442\u044b, \u043d\u0430\u0434\u0443\u0432\u043d\u044b\u0435 \u0430\u0442\u0442\u0440\u0430\u043a\u0446\u0438\u043e\u043d\u044b \u0438 \u0434\u0440.<\/p>\n\n\n\n<p><strong>\u0420\u0435\u0437\u0435\u0440\u0432\u0430\u0446\u0438\u044f:<\/strong><\/p>\n\n\n\n<p>Tel. +371 28067676, info@waterskis.lv<\/p>\n\n\n\n<p>www.waterskis.lv<\/p>\n\n\n\n<p><\/p>\n\n\n\n<figure class=\"wp-block-table\"><table class=\"has-fixed-layout\"><tbody><tr><td><strong>\u0418\u043d\u0432\u0435\u043d\u0442\u0430\u0440\u044c<\/strong><\/td><td><strong>\u0426\u0435\u043d\u0430 EUR \/\u0434\u0435\u043d\u044c*<\/strong><\/td><td><strong>\u0414\u0435\u043f\u043e\u0437\u0438\u0442 EUR<\/strong><\/td><\/tr><tr><td>\u0414\u0435\u0442\u0441\u043a\u0430\u044f \u0432\u043e\u0434\u043d\u0430\u044f\u0445 \u043b\u044b\u0436\u0430 \u0442\u0440\u0435\u043d\u0430\u0436\u043e\u0440 &#8212; \u043f\u043b\u0430\u0442\u0444\u043e\u0440\u043c\u0430<\/td><td>20<\/td><td>50<\/td><\/tr><tr><td>\u0412\u043e\u0434\u043d\u044b\u0435 \u043b\u044b\u0445\u0438<\/td><td>30<\/td><td>50<\/td><\/tr><tr><td>\u0412\u0435\u0439\u043a\u0431\u043e\u0440\u0434<\/td><td>30<\/td><td>50<\/td><\/tr><tr><td>\u0412\u0435\u0439\u043a\u0441\u0435\u0440\u0444<\/td><td>30<\/td><td>50<\/td><\/tr><tr><td>Kneeboard<\/td><td>30<\/td><td>50<\/td><\/tr><tr><td>SUP \u0431\u043e\u0440\u0434<\/td><td>30<\/td><td>50<\/td><\/tr><tr><td>\u041d\u0430\u0434\u0443\u0432\u043d\u043e\u0439 \u0430\u0442\u0442\u0440\u0430\u043a\u0446\u0438\u043e\u043d<\/td><td>30<\/td><td>50<\/td><\/tr><tr><td>\u0413\u0438\u0434\u0440\u043e\u043a\u043e\u0441\u0442\u044e\u043c \u0434\u043b\u0438\u043d\u043d\u044b\u0439<\/td><td>15<\/td><td>15<\/td><\/tr><tr><td>\u0413\u0438\u0434\u0440\u043e\u043a\u043e\u0441\u0442\u044e\u043c \u043a\u043e\u0440\u043e\u0442\u043a\u0438\u0439<\/td><td>10<\/td><td>15<\/td><\/tr><tr><td>\u0428\u043b\u0435\u043c<\/td><td>10<\/td><td>15<\/td><\/tr><tr><td>\u0421\u043f\u0430\u0441\u0430\u0442\u0435\u043b\u044c\u043d\u044b\u0439 \u0436\u0438\u043b\u0435\u0442<\/td><td>5<\/td><td>15<\/td><\/tr><\/tbody><\/table><\/figure>\n\n\n\n<ul class=\"wp-block-list\">\n<li>\u0414\u0435\u043d\u044c &#8212; \u0441 9:00 \u0434\u043e 09:00 \u0441\u043b\u0435\u0434\u0443\u044e\u0449\u0435\u0433\u043e \u0434\u043d\u044f<\/li>\n<\/ul>\n\n\n\n<p><strong>\u0423\u0441\u043b\u043e\u0432\u0438\u044f \u0430\u0440\u0435\u043d\u0434\u044b.<\/strong><\/p>\n\n\n\n<figure class=\"wp-block-image size-full\"><img decoding=\"async\" width=\"600\" height=\"397\" src=\"https:\/\/www.waterskis.lv\/wp-content\/uploads\/2026\/01\/image-9.png\" alt=\"\" class=\"wp-image-70841\" srcset=\"https:\/\/www.waterskis.lv\/wp-content\/uploads\/2026\/01\/image-9.png 600w, https:\/\/www.waterskis.lv\/wp-content\/uploads\/2026\/01\/image-9-300x199.png 300w\" sizes=\"(max-width: 600px) 100vw, 600px\" \/><\/figure>\n","protected":false},"excerpt":{"rendered":"<p>\u041f\u0440\u043e\u043a\u0430\u0442 \u043e\u0431\u043e\u0440\u0443\u0434\u043e\u0432\u0430\u043d\u0438\u044f \u0434\u043b\u044f \u0432\u043e\u0434\u043d\u044b\u0445 \u0432\u0438\u0434\u043e\u0432 \u0441\u043f\u043e\u0440\u0442\u0430. \u0410\u0440\u0435\u043d\u0434\u0443\u0439\u0442\u0435 \u0432\u043e\u0434\u043d\u044b\u0435 \u043b\u044b\u0436\u0438, \u0432\u0435\u0439\u043a\u0431\u043e\u0440\u0434\u044b, \u0432\u0435\u0439\u043a\u0441\u0435\u0440\u0444\u044b, SUP-\u0434\u043e\u0441\u043a\u0438, \u0433\u0438\u0434\u0440\u043e\u043a\u043e\u0441\u0442\u044e\u043c\u044b, \u0441\u043f\u0430\u0441\u0430\u0442\u0435\u043b\u044c\u043d\u044b\u0435 \u0436\u0438\u043b\u0435\u0442\u044b, \u043d\u0430\u0434\u0443\u0432\u043d\u044b\u0435 \u0430\u0442\u0442\u0440\u0430\u043a\u0446\u0438\u043e\u043d\u044b \u0438 \u0434\u0440. \u0420\u0435\u0437\u0435\u0440\u0432\u0430\u0446\u0438\u044f: Tel. +371 28067676, info@waterskis.lv www.waterskis.lv \u0418\u043d\u0432\u0435\u043d\u0442\u0430\u0440\u044c \u0426\u0435\u043d\u0430 EUR \/\u0434\u0435\u043d\u044c* \u0414\u0435\u043f\u043e\u0437\u0438\u0442 EUR \u0414\u0435\u0442\u0441\u043a\u0430\u044f \u0432\u043e\u0434\u043d\u0430\u044f\u0445 \u043b\u044b\u0436\u0430 \u0442\u0440\u0435\u043d\u0430\u0436\u043e\u0440 &#8212; \u043f\u043b\u0430\u0442\u0444\u043e\u0440\u043c\u0430 20 50 \u0412\u043e\u0434\u043d\u044b\u0435 \u043b\u044b\u0445\u0438 30 50 \u0412\u0435\u0439\u043a\u0431\u043e\u0440\u0434 30 50 \u0412\u0435\u0439\u043a\u0441\u0435\u0440\u0444 30 50 Kneeboard 30 50 SUP \u0431\u043e\u0440\u0434 30 [&#8230;]<\/p>\n<p><a class=\"btn btn-secondary understrap-read-more-link\" href=\"https:\/\/www.waterskis.lv\/ru\/%d0%bf%d1%80%d0%be%d0%ba%d0%b0%d1%82-%d0%be%d0%b1%d0%be%d1%80%d1%83%d0%b4%d0%be%d0%b2%d0%b0%d0%bd%d0%b8%d1%8f-%d0%b4%d0%bb%d1%8f-%d0%b2%d0%be%d0%b4%d0%bd%d1%8b%d1%85-%d0%b2%d0%b8%d0%b4%d0%be%d0%b2\/\">\u0427\u0438\u0442\u0430\u0442\u044c \u0434\u0430\u043b\u044c\u0448\u0435\u2026<\/a><\/p>\n","protected":false},"author":4,"featured_media":0,"parent":0,"menu_order":0,"comment_status":"closed","ping_status":"closed","template":"","meta":{"_acf_changed":false,"inline_featured_image":false,"footnotes":""},"class_list":["post-70827","page","type-page","status-publish","hentry"],"acf":[],"yoast_head":"<!-- This site is optimized with the Yoast SEO plugin v27.5 - https:\/\/yoast.com\/product\/yoast-seo-wordpress\/ -->\n<title>\u041f\u0440\u043e\u043a\u0430\u0442 \u043e\u0431\u043e\u0440\u0443\u0434\u043e\u0432\u0430\u043d\u0438\u044f \u0434\u043b\u044f \u0432\u043e\u0434\u043d\u044b\u0445 \u0432\u0438\u0434\u043e\u0432 \u0441\u043f\u043e\u0440\u0442\u0430 - WATERSKIS.LV<\/title>\n<meta name=\"description\" content=\"\u041f\u0440\u043e\u043a\u0430\u0442 \u043e\u0431\u043e\u0440\u0443\u0434\u043e\u0432\u0430\u043d\u0438\u044f \u0434\u043b\u044f \u0432\u043e\u0434\u043d\u044b\u0445 \u0432\u0438\u0434\u043e\u0432 \u0441\u043f\u043e\u0440\u0442\u0430. \u0410\u0440\u0435\u043d\u0434\u0443\u0439\u0442\u0435 \u0432\u043e\u0434\u043d\u044b\u0435 \u043b\u044b\u0436\u0438, \u0432\u0435\u0439\u043a\u0431\u043e\u0440\u0434\u044b, \u0441\u0435\u0440\u0444\u044b, SUP-\u0434\u043e\u0441\u043a\u0438, \u0433\u0438\u0434\u0440\u043e\u043a\u043e\u0441\u0442\u044e\u043c\u044b, \u0436\u0438\u043b\u0435\u0442\u044b, \u043d\u0430\u0434\u0443\u0432\u043d\u044b\u0435 \u0430\u0442\u0442\u0440\u0430\u043a\u0446\u0438\u043e\u043d\u044b\" \/>\n<meta name=\"robots\" content=\"index, follow, max-snippet:-1, max-image-preview:large, max-video-preview:-1\" \/>\n<link rel=\"canonical\" href=\"https:\/\/www.waterskis.lv\/ru\/%d0%bf%d1%80%d0%be%d0%ba%d0%b0%d1%82-%d0%be%d0%b1%d0%be%d1%80%d1%83%d0%b4%d0%be%d0%b2%d0%b0%d0%bd%d0%b8%d1%8f-%d0%b4%d0%bb%d1%8f-%d0%b2%d0%be%d0%b4%d0%bd%d1%8b%d1%85-%d0%b2%d0%b8%d0%b4%d0%be%d0%b2\/\" \/>\n<meta property=\"og:locale\" content=\"ru_RU\" \/>\n<meta property=\"og:type\" content=\"article\" \/>\n<meta property=\"og:title\" content=\"Invent\u0101ra noma\" \/>\n<meta property=\"og:description\" content=\"Esat iepl\u0101noju\u0161i akt\u012bvi atp\u016bsties, bet nav invent\u0101ra? Nep\u0101rdz\u012bvojiet! Pie mums var iznom\u0101t \u016bdenssl\u0113pes, veikborda d\u0113\u013cus, sup d\u0113\u013cus, gl\u0101b\u0161anas vestes, piep\u016b\u0161amos p\u016b\u0161\u013cus, veiks\u0113rfus, hidrot\u0113rpus un doties neaizmirstam\u0101s br\u012bvdien\u0101s.\" \/>\n<meta property=\"og:url\" content=\"https:\/\/www.waterskis.lv\/ru\/%d0%bf%d1%80%d0%be%d0%ba%d0%b0%d1%82-%d0%be%d0%b1%d0%be%d1%80%d1%83%d0%b4%d0%be%d0%b2%d0%b0%d0%bd%d0%b8%d1%8f-%d0%b4%d0%bb%d1%8f-%d0%b2%d0%be%d0%b4%d0%bd%d1%8b%d1%85-%d0%b2%d0%b8%d0%b4%d0%be%d0%b2\/\" \/>\n<meta property=\"og:site_name\" content=\"WATERSKIS.LV\" \/>\n<meta property=\"article:publisher\" content=\"https:\/\/www.facebook.com\/jurmalawaterskiwakeboardpark\/\" \/>\n<meta property=\"article:modified_time\" content=\"2026-01-18T16:05:00+00:00\" \/>\n<meta property=\"og:image\" content=\"https:\/\/www.waterskis.lv\/wp-content\/uploads\/2025\/01\/udensslepju-veikborda-noma-1.png\" \/>\n\t<meta property=\"og:image:width\" content=\"600\" \/>\n\t<meta property=\"og:image:height\" content=\"397\" \/>\n\t<meta property=\"og:image:type\" content=\"image\/png\" \/>\n<meta name=\"twitter:card\" content=\"summary_large_image\" \/>\n<meta name=\"twitter:label1\" content=\"\u041f\u0440\u0438\u043c\u0435\u0440\u043d\u043e\u0435 \u0432\u0440\u0435\u043c\u044f \u0434\u043b\u044f \u0447\u0442\u0435\u043d\u0438\u044f\" \/>\n\t<meta name=\"twitter:data1\" content=\"1 \u043c\u0438\u043d\u0443\u0442\u0430\" \/>\n<script type=\"application\/ld+json\" class=\"yoast-schema-graph\">{\"@context\":\"https:\\\/\\\/schema.org\",\"@graph\":[{\"@type\":\"WebPage\",\"@id\":\"https:\\\/\\\/www.waterskis.lv\\\/ru\\\/%d0%bf%d1%80%d0%be%d0%ba%d0%b0%d1%82-%d0%be%d0%b1%d0%be%d1%80%d1%83%d0%b4%d0%be%d0%b2%d0%b0%d0%bd%d0%b8%d1%8f-%d0%b4%d0%bb%d1%8f-%d0%b2%d0%be%d0%b4%d0%bd%d1%8b%d1%85-%d0%b2%d0%b8%d0%b4%d0%be%d0%b2\\\/\",\"url\":\"https:\\\/\\\/www.waterskis.lv\\\/ru\\\/%d0%bf%d1%80%d0%be%d0%ba%d0%b0%d1%82-%d0%be%d0%b1%d0%be%d1%80%d1%83%d0%b4%d0%be%d0%b2%d0%b0%d0%bd%d0%b8%d1%8f-%d0%b4%d0%bb%d1%8f-%d0%b2%d0%be%d0%b4%d0%bd%d1%8b%d1%85-%d0%b2%d0%b8%d0%b4%d0%be%d0%b2\\\/\",\"name\":\"\u041f\u0440\u043e\u043a\u0430\u0442 \u043e\u0431\u043e\u0440\u0443\u0434\u043e\u0432\u0430\u043d\u0438\u044f \u0434\u043b\u044f \u0432\u043e\u0434\u043d\u044b\u0445 \u0432\u0438\u0434\u043e\u0432 \u0441\u043f\u043e\u0440\u0442\u0430 - WATERSKIS.LV\",\"isPartOf\":{\"@id\":\"https:\\\/\\\/www.waterskis.lv\\\/ru\\\/#website\"},\"primaryImageOfPage\":{\"@id\":\"https:\\\/\\\/www.waterskis.lv\\\/ru\\\/%d0%bf%d1%80%d0%be%d0%ba%d0%b0%d1%82-%d0%be%d0%b1%d0%be%d1%80%d1%83%d0%b4%d0%be%d0%b2%d0%b0%d0%bd%d0%b8%d1%8f-%d0%b4%d0%bb%d1%8f-%d0%b2%d0%be%d0%b4%d0%bd%d1%8b%d1%85-%d0%b2%d0%b8%d0%b4%d0%be%d0%b2\\\/#primaryimage\"},\"image\":{\"@id\":\"https:\\\/\\\/www.waterskis.lv\\\/ru\\\/%d0%bf%d1%80%d0%be%d0%ba%d0%b0%d1%82-%d0%be%d0%b1%d0%be%d1%80%d1%83%d0%b4%d0%be%d0%b2%d0%b0%d0%bd%d0%b8%d1%8f-%d0%b4%d0%bb%d1%8f-%d0%b2%d0%be%d0%b4%d0%bd%d1%8b%d1%85-%d0%b2%d0%b8%d0%b4%d0%be%d0%b2\\\/#primaryimage\"},\"thumbnailUrl\":\"https:\\\/\\\/www.waterskis.lv\\\/wp-content\\\/uploads\\\/2026\\\/01\\\/image-9.png\",\"datePublished\":\"2025-01-26T09:59:47+00:00\",\"dateModified\":\"2026-01-18T16:05:00+00:00\",\"description\":\"\u041f\u0440\u043e\u043a\u0430\u0442 \u043e\u0431\u043e\u0440\u0443\u0434\u043e\u0432\u0430\u043d\u0438\u044f \u0434\u043b\u044f \u0432\u043e\u0434\u043d\u044b\u0445 \u0432\u0438\u0434\u043e\u0432 \u0441\u043f\u043e\u0440\u0442\u0430. \u0410\u0440\u0435\u043d\u0434\u0443\u0439\u0442\u0435 \u0432\u043e\u0434\u043d\u044b\u0435 \u043b\u044b\u0436\u0438, \u0432\u0435\u0439\u043a\u0431\u043e\u0440\u0434\u044b, \u0441\u0435\u0440\u0444\u044b, SUP-\u0434\u043e\u0441\u043a\u0438, \u0433\u0438\u0434\u0440\u043e\u043a\u043e\u0441\u0442\u044e\u043c\u044b, \u0436\u0438\u043b\u0435\u0442\u044b, \u043d\u0430\u0434\u0443\u0432\u043d\u044b\u0435 \u0430\u0442\u0442\u0440\u0430\u043a\u0446\u0438\u043e\u043d\u044b\",\"breadcrumb\":{\"@id\":\"https:\\\/\\\/www.waterskis.lv\\\/ru\\\/%d0%bf%d1%80%d0%be%d0%ba%d0%b0%d1%82-%d0%be%d0%b1%d0%be%d1%80%d1%83%d0%b4%d0%be%d0%b2%d0%b0%d0%bd%d0%b8%d1%8f-%d0%b4%d0%bb%d1%8f-%d0%b2%d0%be%d0%b4%d0%bd%d1%8b%d1%85-%d0%b2%d0%b8%d0%b4%d0%be%d0%b2\\\/#breadcrumb\"},\"inLanguage\":\"ru-RU\",\"potentialAction\":[{\"@type\":\"ReadAction\",\"target\":[\"https:\\\/\\\/www.waterskis.lv\\\/ru\\\/%d0%bf%d1%80%d0%be%d0%ba%d0%b0%d1%82-%d0%be%d0%b1%d0%be%d1%80%d1%83%d0%b4%d0%be%d0%b2%d0%b0%d0%bd%d0%b8%d1%8f-%d0%b4%d0%bb%d1%8f-%d0%b2%d0%be%d0%b4%d0%bd%d1%8b%d1%85-%d0%b2%d0%b8%d0%b4%d0%be%d0%b2\\\/\"]}]},{\"@type\":\"ImageObject\",\"inLanguage\":\"ru-RU\",\"@id\":\"https:\\\/\\\/www.waterskis.lv\\\/ru\\\/%d0%bf%d1%80%d0%be%d0%ba%d0%b0%d1%82-%d0%be%d0%b1%d0%be%d1%80%d1%83%d0%b4%d0%be%d0%b2%d0%b0%d0%bd%d0%b8%d1%8f-%d0%b4%d0%bb%d1%8f-%d0%b2%d0%be%d0%b4%d0%bd%d1%8b%d1%85-%d0%b2%d0%b8%d0%b4%d0%be%d0%b2\\\/#primaryimage\",\"url\":\"https:\\\/\\\/www.waterskis.lv\\\/wp-content\\\/uploads\\\/2026\\\/01\\\/image-9.png\",\"contentUrl\":\"https:\\\/\\\/www.waterskis.lv\\\/wp-content\\\/uploads\\\/2026\\\/01\\\/image-9.png\"},{\"@type\":\"BreadcrumbList\",\"@id\":\"https:\\\/\\\/www.waterskis.lv\\\/ru\\\/%d0%bf%d1%80%d0%be%d0%ba%d0%b0%d1%82-%d0%be%d0%b1%d0%be%d1%80%d1%83%d0%b4%d0%be%d0%b2%d0%b0%d0%bd%d0%b8%d1%8f-%d0%b4%d0%bb%d1%8f-%d0%b2%d0%be%d0%b4%d0%bd%d1%8b%d1%85-%d0%b2%d0%b8%d0%b4%d0%be%d0%b2\\\/#breadcrumb\",\"itemListElement\":[{\"@type\":\"ListItem\",\"position\":1,\"name\":\"Home\",\"item\":\"https:\\\/\\\/www.waterskis.lv\\\/ru\\\/\"},{\"@type\":\"ListItem\",\"position\":2,\"name\":\"\u041f\u0440\u043e\u043a\u0430\u0442 \u043e\u0431\u043e\u0440\u0443\u0434\u043e\u0432\u0430\u043d\u0438\u044f \u0434\u043b\u044f \u0432\u043e\u0434\u043d\u044b\u0445 \u0432\u0438\u0434\u043e\u0432 \u0441\u043f\u043e\u0440\u0442\u0430\"}]},{\"@type\":\"WebSite\",\"@id\":\"https:\\\/\\\/www.waterskis.lv\\\/ru\\\/#website\",\"url\":\"https:\\\/\\\/www.waterskis.lv\\\/ru\\\/\",\"name\":\"WATERSKIS.LV\",\"description\":\"SUP d\u0113\u013ci, kajaki, kanoe, airu laivas, \u016bdenssl\u0113po\u0161ana, veikbords, SUP d\u0113\u013cu noma, kajaku nomaakt\u012bv\u0101s atp\u016btas centrs, laivu noma, sup noma, kajaku noma\",\"publisher\":{\"@id\":\"https:\\\/\\\/www.waterskis.lv\\\/ru\\\/#organization\"},\"potentialAction\":[{\"@type\":\"SearchAction\",\"target\":{\"@type\":\"EntryPoint\",\"urlTemplate\":\"https:\\\/\\\/www.waterskis.lv\\\/ru\\\/?s={search_term_string}\"},\"query-input\":{\"@type\":\"PropertyValueSpecification\",\"valueRequired\":true,\"valueName\":\"search_term_string\"}}],\"inLanguage\":\"ru-RU\"},{\"@type\":\"Organization\",\"@id\":\"https:\\\/\\\/www.waterskis.lv\\\/ru\\\/#organization\",\"name\":\"WATERSKIS.LV\",\"url\":\"https:\\\/\\\/www.waterskis.lv\\\/ru\\\/\",\"logo\":{\"@type\":\"ImageObject\",\"inLanguage\":\"ru-RU\",\"@id\":\"https:\\\/\\\/www.waterskis.lv\\\/ru\\\/#\\\/schema\\\/logo\\\/image\\\/\",\"url\":\"https:\\\/\\\/www.waterskis.lv\\\/wp-content\\\/uploads\\\/2025\\\/01\\\/JUVP-logo.png\",\"contentUrl\":\"https:\\\/\\\/www.waterskis.lv\\\/wp-content\\\/uploads\\\/2025\\\/01\\\/JUVP-logo.png\",\"width\":421,\"height\":202,\"caption\":\"WATERSKIS.LV\"},\"image\":{\"@id\":\"https:\\\/\\\/www.waterskis.lv\\\/ru\\\/#\\\/schema\\\/logo\\\/image\\\/\"},\"sameAs\":[\"https:\\\/\\\/www.facebook.com\\\/jurmalawaterskiwakeboardpark\\\/\"]}]}<\/script>\n<!-- \/ Yoast SEO plugin. -->","yoast_head_json":{"title":"\u041f\u0440\u043e\u043a\u0430\u0442 \u043e\u0431\u043e\u0440\u0443\u0434\u043e\u0432\u0430\u043d\u0438\u044f \u0434\u043b\u044f \u0432\u043e\u0434\u043d\u044b\u0445 \u0432\u0438\u0434\u043e\u0432 \u0441\u043f\u043e\u0440\u0442\u0430 - WATERSKIS.LV","description":"\u041f\u0440\u043e\u043a\u0430\u0442 \u043e\u0431\u043e\u0440\u0443\u0434\u043e\u0432\u0430\u043d\u0438\u044f \u0434\u043b\u044f \u0432\u043e\u0434\u043d\u044b\u0445 \u0432\u0438\u0434\u043e\u0432 \u0441\u043f\u043e\u0440\u0442\u0430. \u0410\u0440\u0435\u043d\u0434\u0443\u0439\u0442\u0435 \u0432\u043e\u0434\u043d\u044b\u0435 \u043b\u044b\u0436\u0438, \u0432\u0435\u0439\u043a\u0431\u043e\u0440\u0434\u044b, \u0441\u0435\u0440\u0444\u044b, SUP-\u0434\u043e\u0441\u043a\u0438, \u0433\u0438\u0434\u0440\u043e\u043a\u043e\u0441\u0442\u044e\u043c\u044b, \u0436\u0438\u043b\u0435\u0442\u044b, \u043d\u0430\u0434\u0443\u0432\u043d\u044b\u0435 \u0430\u0442\u0442\u0440\u0430\u043a\u0446\u0438\u043e\u043d\u044b","robots":{"index":"index","follow":"follow","max-snippet":"max-snippet:-1","max-image-preview":"max-image-preview:large","max-video-preview":"max-video-preview:-1"},"canonical":"https:\/\/www.waterskis.lv\/ru\/%d0%bf%d1%80%d0%be%d0%ba%d0%b0%d1%82-%d0%be%d0%b1%d0%be%d1%80%d1%83%d0%b4%d0%be%d0%b2%d0%b0%d0%bd%d0%b8%d1%8f-%d0%b4%d0%bb%d1%8f-%d0%b2%d0%be%d0%b4%d0%bd%d1%8b%d1%85-%d0%b2%d0%b8%d0%b4%d0%be%d0%b2\/","og_locale":"ru_RU","og_type":"article","og_title":"Invent\u0101ra noma","og_description":"Esat iepl\u0101noju\u0161i akt\u012bvi atp\u016bsties, bet nav invent\u0101ra? Nep\u0101rdz\u012bvojiet! Pie mums var iznom\u0101t \u016bdenssl\u0113pes, veikborda d\u0113\u013cus, sup d\u0113\u013cus, gl\u0101b\u0161anas vestes, piep\u016b\u0161amos p\u016b\u0161\u013cus, veiks\u0113rfus, hidrot\u0113rpus un doties neaizmirstam\u0101s br\u012bvdien\u0101s.","og_url":"https:\/\/www.waterskis.lv\/ru\/%d0%bf%d1%80%d0%be%d0%ba%d0%b0%d1%82-%d0%be%d0%b1%d0%be%d1%80%d1%83%d0%b4%d0%be%d0%b2%d0%b0%d0%bd%d0%b8%d1%8f-%d0%b4%d0%bb%d1%8f-%d0%b2%d0%be%d0%b4%d0%bd%d1%8b%d1%85-%d0%b2%d0%b8%d0%b4%d0%be%d0%b2\/","og_site_name":"WATERSKIS.LV","article_publisher":"https:\/\/www.facebook.com\/jurmalawaterskiwakeboardpark\/","article_modified_time":"2026-01-18T16:05:00+00:00","og_image":[{"width":600,"height":397,"url":"https:\/\/www.waterskis.lv\/wp-content\/uploads\/2025\/01\/udensslepju-veikborda-noma-1.png","type":"image\/png"}],"twitter_card":"summary_large_image","twitter_misc":{"\u041f\u0440\u0438\u043c\u0435\u0440\u043d\u043e\u0435 \u0432\u0440\u0435\u043c\u044f \u0434\u043b\u044f \u0447\u0442\u0435\u043d\u0438\u044f":"1 \u043c\u0438\u043d\u0443\u0442\u0430"},"schema":{"@context":"https:\/\/schema.org","@graph":[{"@type":"WebPage","@id":"https:\/\/www.waterskis.lv\/ru\/%d0%bf%d1%80%d0%be%d0%ba%d0%b0%d1%82-%d0%be%d0%b1%d0%be%d1%80%d1%83%d0%b4%d0%be%d0%b2%d0%b0%d0%bd%d0%b8%d1%8f-%d0%b4%d0%bb%d1%8f-%d0%b2%d0%be%d0%b4%d0%bd%d1%8b%d1%85-%d0%b2%d0%b8%d0%b4%d0%be%d0%b2\/","url":"https:\/\/www.waterskis.lv\/ru\/%d0%bf%d1%80%d0%be%d0%ba%d0%b0%d1%82-%d0%be%d0%b1%d0%be%d1%80%d1%83%d0%b4%d0%be%d0%b2%d0%b0%d0%bd%d0%b8%d1%8f-%d0%b4%d0%bb%d1%8f-%d0%b2%d0%be%d0%b4%d0%bd%d1%8b%d1%85-%d0%b2%d0%b8%d0%b4%d0%be%d0%b2\/","name":"\u041f\u0440\u043e\u043a\u0430\u0442 \u043e\u0431\u043e\u0440\u0443\u0434\u043e\u0432\u0430\u043d\u0438\u044f \u0434\u043b\u044f \u0432\u043e\u0434\u043d\u044b\u0445 \u0432\u0438\u0434\u043e\u0432 \u0441\u043f\u043e\u0440\u0442\u0430 - WATERSKIS.LV","isPartOf":{"@id":"https:\/\/www.waterskis.lv\/ru\/#website"},"primaryImageOfPage":{"@id":"https:\/\/www.waterskis.lv\/ru\/%d0%bf%d1%80%d0%be%d0%ba%d0%b0%d1%82-%d0%be%d0%b1%d0%be%d1%80%d1%83%d0%b4%d0%be%d0%b2%d0%b0%d0%bd%d0%b8%d1%8f-%d0%b4%d0%bb%d1%8f-%d0%b2%d0%be%d0%b4%d0%bd%d1%8b%d1%85-%d0%b2%d0%b8%d0%b4%d0%be%d0%b2\/#primaryimage"},"image":{"@id":"https:\/\/www.waterskis.lv\/ru\/%d0%bf%d1%80%d0%be%d0%ba%d0%b0%d1%82-%d0%be%d0%b1%d0%be%d1%80%d1%83%d0%b4%d0%be%d0%b2%d0%b0%d0%bd%d0%b8%d1%8f-%d0%b4%d0%bb%d1%8f-%d0%b2%d0%be%d0%b4%d0%bd%d1%8b%d1%85-%d0%b2%d0%b8%d0%b4%d0%be%d0%b2\/#primaryimage"},"thumbnailUrl":"https:\/\/www.waterskis.lv\/wp-content\/uploads\/2026\/01\/image-9.png","datePublished":"2025-01-26T09:59:47+00:00","dateModified":"2026-01-18T16:05:00+00:00","description":"\u041f\u0440\u043e\u043a\u0430\u0442 \u043e\u0431\u043e\u0440\u0443\u0434\u043e\u0432\u0430\u043d\u0438\u044f \u0434\u043b\u044f \u0432\u043e\u0434\u043d\u044b\u0445 \u0432\u0438\u0434\u043e\u0432 \u0441\u043f\u043e\u0440\u0442\u0430. \u0410\u0440\u0435\u043d\u0434\u0443\u0439\u0442\u0435 \u0432\u043e\u0434\u043d\u044b\u0435 \u043b\u044b\u0436\u0438, \u0432\u0435\u0439\u043a\u0431\u043e\u0440\u0434\u044b, \u0441\u0435\u0440\u0444\u044b, SUP-\u0434\u043e\u0441\u043a\u0438, \u0433\u0438\u0434\u0440\u043e\u043a\u043e\u0441\u0442\u044e\u043c\u044b, \u0436\u0438\u043b\u0435\u0442\u044b, \u043d\u0430\u0434\u0443\u0432\u043d\u044b\u0435 \u0430\u0442\u0442\u0440\u0430\u043a\u0446\u0438\u043e\u043d\u044b","breadcrumb":{"@id":"https:\/\/www.waterskis.lv\/ru\/%d0%bf%d1%80%d0%be%d0%ba%d0%b0%d1%82-%d0%be%d0%b1%d0%be%d1%80%d1%83%d0%b4%d0%be%d0%b2%d0%b0%d0%bd%d0%b8%d1%8f-%d0%b4%d0%bb%d1%8f-%d0%b2%d0%be%d0%b4%d0%bd%d1%8b%d1%85-%d0%b2%d0%b8%d0%b4%d0%be%d0%b2\/#breadcrumb"},"inLanguage":"ru-RU","potentialAction":[{"@type":"ReadAction","target":["https:\/\/www.waterskis.lv\/ru\/%d0%bf%d1%80%d0%be%d0%ba%d0%b0%d1%82-%d0%be%d0%b1%d0%be%d1%80%d1%83%d0%b4%d0%be%d0%b2%d0%b0%d0%bd%d0%b8%d1%8f-%d0%b4%d0%bb%d1%8f-%d0%b2%d0%be%d0%b4%d0%bd%d1%8b%d1%85-%d0%b2%d0%b8%d0%b4%d0%be%d0%b2\/"]}]},{"@type":"ImageObject","inLanguage":"ru-RU","@id":"https:\/\/www.waterskis.lv\/ru\/%d0%bf%d1%80%d0%be%d0%ba%d0%b0%d1%82-%d0%be%d0%b1%d0%be%d1%80%d1%83%d0%b4%d0%be%d0%b2%d0%b0%d0%bd%d0%b8%d1%8f-%d0%b4%d0%bb%d1%8f-%d0%b2%d0%be%d0%b4%d0%bd%d1%8b%d1%85-%d0%b2%d0%b8%d0%b4%d0%be%d0%b2\/#primaryimage","url":"https:\/\/www.waterskis.lv\/wp-content\/uploads\/2026\/01\/image-9.png","contentUrl":"https:\/\/www.waterskis.lv\/wp-content\/uploads\/2026\/01\/image-9.png"},{"@type":"BreadcrumbList","@id":"https:\/\/www.waterskis.lv\/ru\/%d0%bf%d1%80%d0%be%d0%ba%d0%b0%d1%82-%d0%be%d0%b1%d0%be%d1%80%d1%83%d0%b4%d0%be%d0%b2%d0%b0%d0%bd%d0%b8%d1%8f-%d0%b4%d0%bb%d1%8f-%d0%b2%d0%be%d0%b4%d0%bd%d1%8b%d1%85-%d0%b2%d0%b8%d0%b4%d0%be%d0%b2\/#breadcrumb","itemListElement":[{"@type":"ListItem","position":1,"name":"Home","item":"https:\/\/www.waterskis.lv\/ru\/"},{"@type":"ListItem","position":2,"name":"\u041f\u0440\u043e\u043a\u0430\u0442 \u043e\u0431\u043e\u0440\u0443\u0434\u043e\u0432\u0430\u043d\u0438\u044f \u0434\u043b\u044f \u0432\u043e\u0434\u043d\u044b\u0445 \u0432\u0438\u0434\u043e\u0432 \u0441\u043f\u043e\u0440\u0442\u0430"}]},{"@type":"WebSite","@id":"https:\/\/www.waterskis.lv\/ru\/#website","url":"https:\/\/www.waterskis.lv\/ru\/","name":"WATERSKIS.LV","description":"SUP d\u0113\u013ci, kajaki, kanoe, airu laivas, \u016bdenssl\u0113po\u0161ana, veikbords, SUP d\u0113\u013cu noma, kajaku nomaakt\u012bv\u0101s atp\u016btas centrs, laivu noma, sup noma, kajaku noma","publisher":{"@id":"https:\/\/www.waterskis.lv\/ru\/#organization"},"potentialAction":[{"@type":"SearchAction","target":{"@type":"EntryPoint","urlTemplate":"https:\/\/www.waterskis.lv\/ru\/?s={search_term_string}"},"query-input":{"@type":"PropertyValueSpecification","valueRequired":true,"valueName":"search_term_string"}}],"inLanguage":"ru-RU"},{"@type":"Organization","@id":"https:\/\/www.waterskis.lv\/ru\/#organization","name":"WATERSKIS.LV","url":"https:\/\/www.waterskis.lv\/ru\/","logo":{"@type":"ImageObject","inLanguage":"ru-RU","@id":"https:\/\/www.waterskis.lv\/ru\/#\/schema\/logo\/image\/","url":"https:\/\/www.waterskis.lv\/wp-content\/uploads\/2025\/01\/JUVP-logo.png","contentUrl":"https:\/\/www.waterskis.lv\/wp-content\/uploads\/2025\/01\/JUVP-logo.png","width":421,"height":202,"caption":"WATERSKIS.LV"},"image":{"@id":"https:\/\/www.waterskis.lv\/ru\/#\/schema\/logo\/image\/"},"sameAs":["https:\/\/www.facebook.com\/jurmalawaterskiwakeboardpark\/"]}]}},"_links":{"self":[{"href":"https:\/\/www.waterskis.lv\/ru\/wp-json\/wp\/v2\/pages\/70827","targetHints":{"allow":["GET"]}}],"collection":[{"href":"https:\/\/www.waterskis.lv\/ru\/wp-json\/wp\/v2\/pages"}],"about":[{"href":"https:\/\/www.waterskis.lv\/ru\/wp-json\/wp\/v2\/types\/page"}],"author":[{"embeddable":true,"href":"https:\/\/www.waterskis.lv\/ru\/wp-json\/wp\/v2\/users\/4"}],"replies":[{"embeddable":true,"href":"https:\/\/www.waterskis.lv\/ru\/wp-json\/wp\/v2\/comments?post=70827"}],"version-history":[{"count":3,"href":"https:\/\/www.waterskis.lv\/ru\/wp-json\/wp\/v2\/pages\/70827\/revisions"}],"predecessor-version":[{"id":71172,"href":"https:\/\/www.waterskis.lv\/ru\/wp-json\/wp\/v2\/pages\/70827\/revisions\/71172"}],"wp:attachment":[{"href":"https:\/\/www.waterskis.lv\/ru\/wp-json\/wp\/v2\/media?parent=70827"}],"curies":[{"name":"wp","href":"https:\/\/api.w.org\/{rel}","templated":true}]}}