{"id":9428,"date":"2019-02-15T21:32:31","date_gmt":"2019-02-15T18:32:31","guid":{"rendered":"https:\/\/waterskis.truu.lv\/piegade\/"},"modified":"2022-12-08T15:53:41","modified_gmt":"2022-12-08T12:53:41","slug":"%d0%b4%d0%be%d1%81%d1%82%d0%b0%d0%b2%d0%ba%d0%b0","status":"publish","type":"page","link":"https:\/\/www.waterskis.lv\/ru\/%d0%b4%d0%be%d1%81%d1%82%d0%b0%d0%b2%d0%ba%d0%b0\/","title":{"rendered":"\u0414\u043e\u0441\u0442\u0430\u0432\u043a\u0430"},"content":{"rendered":"\n<p><strong>J\u016brmalas \u016bdenssl\u0113po\u0161anas un veikborda park\u0101 \u2013&nbsp;bez maksas.<\/strong><\/p>\n\n\n\n<p><strong>DPD, OMNIVA kurjerpasts &#8212;&nbsp;saska\u0146\u0101 ar cenr\u0101di. Maksa par pieg\u0101di tiks iek\u013cauta r\u0113\u0137in\u0101.<br \/> <\/strong><br \/> * Sa\u0146em pas\u016bt\u012bto preci laic\u012bgi! J\u016brmalas \u016bdenssl\u0113po\u0161anas un veikborda park\u0101 neapmaks\u0101tas preces tiek uzglab\u0101tas 3 darba dienas. L\u016bdzu, inform\u0113 m\u016bs, ja v\u0113lies sa\u0146emt preci ilg\u0101k\u0101 termi\u0146\u0101.<\/p>\n\n\n\n<p>* Gad\u012bjumos, ja pieg\u0101di nodro\u0161in\u0101s DPD kurjerpasts, pieg\u0101des r\u012bt\u0101 klients sa\u0146ems SMS no DPD vai OMNIVA kurjerpasta ar PIN kodu, kas b\u016bs j\u0101ievada kurjera termin\u0101l\u012b. L\u016bdzu, saglab\u0101 sa\u0146emto SMS! <\/p>\n\n\n\n<p>*&nbsp;Lai sa\u0146emtu pas\u016bt\u012bjumu J\u016brmalas \u016bdenssl\u0113po\u0161anas un veikborda park\u0101, pa\u0146em l\u012bdzi personu apliecino\u0161u dokumentu (pase, ID karte, autovad\u012bt\u0101ja apliec\u012bba).<\/p>\n\n\n\n<p>* Pieg\u0101de notiek 1-5 darba dienu laik\u0101 no naudas sa\u0146em\u0161anas br\u012b\u017ea SIA \u201c2GR\u201d kont\u0101.<\/p>\n","protected":false},"excerpt":{"rendered":"<p>J\u016brmalas \u016bdenssl\u0113po\u0161anas un veikborda park\u0101 \u2013&nbsp;bez maksas. DPD, OMNIVA kurjerpasts &#8212;&nbsp;saska\u0146\u0101 ar cenr\u0101di. Maksa par pieg\u0101di tiks iek\u013cauta r\u0113\u0137in\u0101. * Sa\u0146em pas\u016bt\u012bto preci laic\u012bgi! J\u016brmalas \u016bdenssl\u0113po\u0161anas un veikborda park\u0101 neapmaks\u0101tas preces tiek uzglab\u0101tas 3 darba dienas. L\u016bdzu, inform\u0113 m\u016bs, ja v\u0113lies sa\u0146emt preci ilg\u0101k\u0101 termi\u0146\u0101. * Gad\u012bjumos, ja pieg\u0101di nodro\u0161in\u0101s DPD kurjerpasts, pieg\u0101des r\u012bt\u0101 klients [&#8230;]<\/p>\n<p><a class=\"btn btn-secondary understrap-read-more-link\" href=\"https:\/\/www.waterskis.lv\/ru\/%d0%b4%d0%be%d1%81%d1%82%d0%b0%d0%b2%d0%ba%d0%b0\/\">\u0427\u0438\u0442\u0430\u0442\u044c \u0434\u0430\u043b\u044c\u0448\u0435\u2026<\/a><\/p>\n","protected":false},"author":5,"featured_media":31537,"parent":0,"menu_order":0,"comment_status":"closed","ping_status":"closed","template":"","meta":{"_acf_changed":false,"inline_featured_image":false,"footnotes":""},"class_list":["post-9428","page","type-page","status-publish","has-post-thumbnail","hentry"],"acf":[],"yoast_head":"<!-- This site is optimized with the Yoast SEO plugin v27.4 - https:\/\/yoast.com\/product\/yoast-seo-wordpress\/ -->\n<title>\u0414\u043e\u0441\u0442\u0430\u0432\u043a\u0430 - WATERSKIS.LV<\/title>\n<meta name=\"description\" content=\"\u0414\u043e\u0441\u0442\u0430\u0432\u043a\u0430. \u0412 \u042e\u0440\u043c\u0430\u043b\u044c\u0441\u043a\u043e\u043c \u043f\u0430\u0440\u043a\u0435 \u0432\u043e\u0434\u043d\u044b\u0445 \u043b\u044b\u0436 \u0438 \u0432\u0435\u0439\u043a\u0431\u043e\u0440\u0434\u0438\u043d\u0433\u0430 - \u0431\u0435\u0441\u043f\u043b\u0430\u0442\u043d\u043e. \u041a\u0443\u0440\u044c\u0435\u0440 DPD, OMNIVA - \u0441\u043e\u0433\u043b\u0430\u0441\u043d\u043e \u043f\u0440\u0435\u0439\u0441\u043a\u0443\u0440\u0430\u043d\u0442\u0443\" \/>\n<meta name=\"robots\" content=\"index, follow, max-snippet:-1, max-image-preview:large, max-video-preview:-1\" \/>\n<link rel=\"canonical\" href=\"https:\/\/www.waterskis.lv\/ru\/%d0%b4%d0%be%d1%81%d1%82%d0%b0%d0%b2%d0%ba%d0%b0\/\" \/>\n<meta property=\"og:locale\" content=\"ru_RU\" \/>\n<meta property=\"og:type\" content=\"article\" \/>\n<meta property=\"og:title\" content=\"\u0414\u043e\u0441\u0442\u0430\u0432\u043a\u0430 - WATERSKIS.LV\" \/>\n<meta property=\"og:description\" content=\"\u0414\u043e\u0441\u0442\u0430\u0432\u043a\u0430. \u0412 \u042e\u0440\u043c\u0430\u043b\u044c\u0441\u043a\u043e\u043c \u043f\u0430\u0440\u043a\u0435 \u0432\u043e\u0434\u043d\u044b\u0445 \u043b\u044b\u0436 \u0438 \u0432\u0435\u0439\u043a\u0431\u043e\u0440\u0434\u0438\u043d\u0433\u0430 - \u0431\u0435\u0441\u043f\u043b\u0430\u0442\u043d\u043e. \u041a\u0443\u0440\u044c\u0435\u0440 DPD, OMNIVA - \u0441\u043e\u0433\u043b\u0430\u0441\u043d\u043e \u043f\u0440\u0435\u0439\u0441\u043a\u0443\u0440\u0430\u043d\u0442\u0443\" \/>\n<meta property=\"og:url\" content=\"https:\/\/www.waterskis.lv\/ru\/%d0%b4%d0%be%d1%81%d1%82%d0%b0%d0%b2%d0%ba%d0%b0\/\" \/>\n<meta property=\"og:site_name\" content=\"WATERSKIS.LV\" \/>\n<meta property=\"article:publisher\" content=\"https:\/\/www.facebook.com\/jurmalawaterskiwakeboardpark\/\" \/>\n<meta property=\"article:modified_time\" content=\"2022-12-08T12:53:41+00:00\" \/>\n<meta property=\"og:image\" content=\"https:\/\/www.waterskis.lv\/wp-content\/uploads\/2017\/03\/sky_wake_jurmala_logo_final_28032016.png\" \/>\n\t<meta property=\"og:image:width\" content=\"1080\" \/>\n\t<meta property=\"og:image:height\" content=\"1080\" \/>\n\t<meta property=\"og:image:type\" content=\"image\/png\" \/>\n<meta name=\"twitter:card\" content=\"summary_large_image\" \/>\n<meta name=\"twitter:label1\" content=\"\u041f\u0440\u0438\u043c\u0435\u0440\u043d\u043e\u0435 \u0432\u0440\u0435\u043c\u044f \u0434\u043b\u044f \u0447\u0442\u0435\u043d\u0438\u044f\" \/>\n\t<meta name=\"twitter:data1\" content=\"1 \u043c\u0438\u043d\u0443\u0442\u0430\" \/>\n<script type=\"application\/ld+json\" class=\"yoast-schema-graph\">{\"@context\":\"https:\\\/\\\/schema.org\",\"@graph\":[{\"@type\":\"WebPage\",\"@id\":\"https:\\\/\\\/www.waterskis.lv\\\/ru\\\/%d0%b4%d0%be%d1%81%d1%82%d0%b0%d0%b2%d0%ba%d0%b0\\\/\",\"url\":\"https:\\\/\\\/www.waterskis.lv\\\/ru\\\/%d0%b4%d0%be%d1%81%d1%82%d0%b0%d0%b2%d0%ba%d0%b0\\\/\",\"name\":\"\u0414\u043e\u0441\u0442\u0430\u0432\u043a\u0430 - WATERSKIS.LV\",\"isPartOf\":{\"@id\":\"https:\\\/\\\/www.waterskis.lv\\\/ru\\\/#website\"},\"primaryImageOfPage\":{\"@id\":\"https:\\\/\\\/www.waterskis.lv\\\/ru\\\/%d0%b4%d0%be%d1%81%d1%82%d0%b0%d0%b2%d0%ba%d0%b0\\\/#primaryimage\"},\"image\":{\"@id\":\"https:\\\/\\\/www.waterskis.lv\\\/ru\\\/%d0%b4%d0%be%d1%81%d1%82%d0%b0%d0%b2%d0%ba%d0%b0\\\/#primaryimage\"},\"thumbnailUrl\":\"https:\\\/\\\/www.waterskis.lv\\\/wp-content\\\/uploads\\\/2017\\\/03\\\/sky_wake_jurmala_logo_final_28032016.png\",\"datePublished\":\"2019-02-15T18:32:31+00:00\",\"dateModified\":\"2022-12-08T12:53:41+00:00\",\"description\":\"\u0414\u043e\u0441\u0442\u0430\u0432\u043a\u0430. \u0412 \u042e\u0440\u043c\u0430\u043b\u044c\u0441\u043a\u043e\u043c \u043f\u0430\u0440\u043a\u0435 \u0432\u043e\u0434\u043d\u044b\u0445 \u043b\u044b\u0436 \u0438 \u0432\u0435\u0439\u043a\u0431\u043e\u0440\u0434\u0438\u043d\u0433\u0430 - \u0431\u0435\u0441\u043f\u043b\u0430\u0442\u043d\u043e. \u041a\u0443\u0440\u044c\u0435\u0440 DPD, OMNIVA - \u0441\u043e\u0433\u043b\u0430\u0441\u043d\u043e \u043f\u0440\u0435\u0439\u0441\u043a\u0443\u0440\u0430\u043d\u0442\u0443\",\"breadcrumb\":{\"@id\":\"https:\\\/\\\/www.waterskis.lv\\\/ru\\\/%d0%b4%d0%be%d1%81%d1%82%d0%b0%d0%b2%d0%ba%d0%b0\\\/#breadcrumb\"},\"inLanguage\":\"ru-RU\",\"potentialAction\":[{\"@type\":\"ReadAction\",\"target\":[\"https:\\\/\\\/www.waterskis.lv\\\/ru\\\/%d0%b4%d0%be%d1%81%d1%82%d0%b0%d0%b2%d0%ba%d0%b0\\\/\"]}]},{\"@type\":\"ImageObject\",\"inLanguage\":\"ru-RU\",\"@id\":\"https:\\\/\\\/www.waterskis.lv\\\/ru\\\/%d0%b4%d0%be%d1%81%d1%82%d0%b0%d0%b2%d0%ba%d0%b0\\\/#primaryimage\",\"url\":\"https:\\\/\\\/www.waterskis.lv\\\/wp-content\\\/uploads\\\/2017\\\/03\\\/sky_wake_jurmala_logo_final_28032016.png\",\"contentUrl\":\"https:\\\/\\\/www.waterskis.lv\\\/wp-content\\\/uploads\\\/2017\\\/03\\\/sky_wake_jurmala_logo_final_28032016.png\",\"width\":1080,\"height\":1080,\"caption\":\"\u041f\u0430\u0440\u043a \u0432\u043e\u0434\u043d\u044b\u0445 \u043b\u044b\u0436 \u0438 \u0432\u0435\u0439\u043a\u0431\u043e\u0440\u0434\u0438\u043d\u0433\u0430 \u0432 \u042e\u0440\u043c\u0430\u043b\u0435\"},{\"@type\":\"BreadcrumbList\",\"@id\":\"https:\\\/\\\/www.waterskis.lv\\\/ru\\\/%d0%b4%d0%be%d1%81%d1%82%d0%b0%d0%b2%d0%ba%d0%b0\\\/#breadcrumb\",\"itemListElement\":[{\"@type\":\"ListItem\",\"position\":1,\"name\":\"Home\",\"item\":\"https:\\\/\\\/www.waterskis.lv\\\/ru\\\/\"},{\"@type\":\"ListItem\",\"position\":2,\"name\":\"\u0414\u043e\u0441\u0442\u0430\u0432\u043a\u0430\"}]},{\"@type\":\"WebSite\",\"@id\":\"https:\\\/\\\/www.waterskis.lv\\\/ru\\\/#website\",\"url\":\"https:\\\/\\\/www.waterskis.lv\\\/ru\\\/\",\"name\":\"WATERSKIS.LV\",\"description\":\"SUP d\u0113\u013ci, kajaki, kanoe, airu laivas, \u016bdenssl\u0113po\u0161ana, veikbords, SUP d\u0113\u013cu noma, kajaku nomaakt\u012bv\u0101s atp\u016btas centrs, laivu noma, sup noma, kajaku noma\",\"publisher\":{\"@id\":\"https:\\\/\\\/www.waterskis.lv\\\/ru\\\/#organization\"},\"potentialAction\":[{\"@type\":\"SearchAction\",\"target\":{\"@type\":\"EntryPoint\",\"urlTemplate\":\"https:\\\/\\\/www.waterskis.lv\\\/ru\\\/?s={search_term_string}\"},\"query-input\":{\"@type\":\"PropertyValueSpecification\",\"valueRequired\":true,\"valueName\":\"search_term_string\"}}],\"inLanguage\":\"ru-RU\"},{\"@type\":\"Organization\",\"@id\":\"https:\\\/\\\/www.waterskis.lv\\\/ru\\\/#organization\",\"name\":\"WATERSKIS.LV\",\"url\":\"https:\\\/\\\/www.waterskis.lv\\\/ru\\\/\",\"logo\":{\"@type\":\"ImageObject\",\"inLanguage\":\"ru-RU\",\"@id\":\"https:\\\/\\\/www.waterskis.lv\\\/ru\\\/#\\\/schema\\\/logo\\\/image\\\/\",\"url\":\"https:\\\/\\\/www.waterskis.lv\\\/wp-content\\\/uploads\\\/2025\\\/01\\\/JUVP-logo.png\",\"contentUrl\":\"https:\\\/\\\/www.waterskis.lv\\\/wp-content\\\/uploads\\\/2025\\\/01\\\/JUVP-logo.png\",\"width\":421,\"height\":202,\"caption\":\"WATERSKIS.LV\"},\"image\":{\"@id\":\"https:\\\/\\\/www.waterskis.lv\\\/ru\\\/#\\\/schema\\\/logo\\\/image\\\/\"},\"sameAs\":[\"https:\\\/\\\/www.facebook.com\\\/jurmalawaterskiwakeboardpark\\\/\"]}]}<\/script>\n<!-- \/ Yoast SEO plugin. -->","yoast_head_json":{"title":"\u0414\u043e\u0441\u0442\u0430\u0432\u043a\u0430 - WATERSKIS.LV","description":"\u0414\u043e\u0441\u0442\u0430\u0432\u043a\u0430. \u0412 \u042e\u0440\u043c\u0430\u043b\u044c\u0441\u043a\u043e\u043c \u043f\u0430\u0440\u043a\u0435 \u0432\u043e\u0434\u043d\u044b\u0445 \u043b\u044b\u0436 \u0438 \u0432\u0435\u0439\u043a\u0431\u043e\u0440\u0434\u0438\u043d\u0433\u0430 - \u0431\u0435\u0441\u043f\u043b\u0430\u0442\u043d\u043e. \u041a\u0443\u0440\u044c\u0435\u0440 DPD, OMNIVA - \u0441\u043e\u0433\u043b\u0430\u0441\u043d\u043e \u043f\u0440\u0435\u0439\u0441\u043a\u0443\u0440\u0430\u043d\u0442\u0443","robots":{"index":"index","follow":"follow","max-snippet":"max-snippet:-1","max-image-preview":"max-image-preview:large","max-video-preview":"max-video-preview:-1"},"canonical":"https:\/\/www.waterskis.lv\/ru\/%d0%b4%d0%be%d1%81%d1%82%d0%b0%d0%b2%d0%ba%d0%b0\/","og_locale":"ru_RU","og_type":"article","og_title":"\u0414\u043e\u0441\u0442\u0430\u0432\u043a\u0430 - WATERSKIS.LV","og_description":"\u0414\u043e\u0441\u0442\u0430\u0432\u043a\u0430. \u0412 \u042e\u0440\u043c\u0430\u043b\u044c\u0441\u043a\u043e\u043c \u043f\u0430\u0440\u043a\u0435 \u0432\u043e\u0434\u043d\u044b\u0445 \u043b\u044b\u0436 \u0438 \u0432\u0435\u0439\u043a\u0431\u043e\u0440\u0434\u0438\u043d\u0433\u0430 - \u0431\u0435\u0441\u043f\u043b\u0430\u0442\u043d\u043e. \u041a\u0443\u0440\u044c\u0435\u0440 DPD, OMNIVA - \u0441\u043e\u0433\u043b\u0430\u0441\u043d\u043e \u043f\u0440\u0435\u0439\u0441\u043a\u0443\u0440\u0430\u043d\u0442\u0443","og_url":"https:\/\/www.waterskis.lv\/ru\/%d0%b4%d0%be%d1%81%d1%82%d0%b0%d0%b2%d0%ba%d0%b0\/","og_site_name":"WATERSKIS.LV","article_publisher":"https:\/\/www.facebook.com\/jurmalawaterskiwakeboardpark\/","article_modified_time":"2022-12-08T12:53:41+00:00","og_image":[{"width":1080,"height":1080,"url":"https:\/\/www.waterskis.lv\/wp-content\/uploads\/2017\/03\/sky_wake_jurmala_logo_final_28032016.png","type":"image\/png"}],"twitter_card":"summary_large_image","twitter_misc":{"\u041f\u0440\u0438\u043c\u0435\u0440\u043d\u043e\u0435 \u0432\u0440\u0435\u043c\u044f \u0434\u043b\u044f \u0447\u0442\u0435\u043d\u0438\u044f":"1 \u043c\u0438\u043d\u0443\u0442\u0430"},"schema":{"@context":"https:\/\/schema.org","@graph":[{"@type":"WebPage","@id":"https:\/\/www.waterskis.lv\/ru\/%d0%b4%d0%be%d1%81%d1%82%d0%b0%d0%b2%d0%ba%d0%b0\/","url":"https:\/\/www.waterskis.lv\/ru\/%d0%b4%d0%be%d1%81%d1%82%d0%b0%d0%b2%d0%ba%d0%b0\/","name":"\u0414\u043e\u0441\u0442\u0430\u0432\u043a\u0430 - WATERSKIS.LV","isPartOf":{"@id":"https:\/\/www.waterskis.lv\/ru\/#website"},"primaryImageOfPage":{"@id":"https:\/\/www.waterskis.lv\/ru\/%d0%b4%d0%be%d1%81%d1%82%d0%b0%d0%b2%d0%ba%d0%b0\/#primaryimage"},"image":{"@id":"https:\/\/www.waterskis.lv\/ru\/%d0%b4%d0%be%d1%81%d1%82%d0%b0%d0%b2%d0%ba%d0%b0\/#primaryimage"},"thumbnailUrl":"https:\/\/www.waterskis.lv\/wp-content\/uploads\/2017\/03\/sky_wake_jurmala_logo_final_28032016.png","datePublished":"2019-02-15T18:32:31+00:00","dateModified":"2022-12-08T12:53:41+00:00","description":"\u0414\u043e\u0441\u0442\u0430\u0432\u043a\u0430. \u0412 \u042e\u0440\u043c\u0430\u043b\u044c\u0441\u043a\u043e\u043c \u043f\u0430\u0440\u043a\u0435 \u0432\u043e\u0434\u043d\u044b\u0445 \u043b\u044b\u0436 \u0438 \u0432\u0435\u0439\u043a\u0431\u043e\u0440\u0434\u0438\u043d\u0433\u0430 - \u0431\u0435\u0441\u043f\u043b\u0430\u0442\u043d\u043e. \u041a\u0443\u0440\u044c\u0435\u0440 DPD, OMNIVA - \u0441\u043e\u0433\u043b\u0430\u0441\u043d\u043e \u043f\u0440\u0435\u0439\u0441\u043a\u0443\u0440\u0430\u043d\u0442\u0443","breadcrumb":{"@id":"https:\/\/www.waterskis.lv\/ru\/%d0%b4%d0%be%d1%81%d1%82%d0%b0%d0%b2%d0%ba%d0%b0\/#breadcrumb"},"inLanguage":"ru-RU","potentialAction":[{"@type":"ReadAction","target":["https:\/\/www.waterskis.lv\/ru\/%d0%b4%d0%be%d1%81%d1%82%d0%b0%d0%b2%d0%ba%d0%b0\/"]}]},{"@type":"ImageObject","inLanguage":"ru-RU","@id":"https:\/\/www.waterskis.lv\/ru\/%d0%b4%d0%be%d1%81%d1%82%d0%b0%d0%b2%d0%ba%d0%b0\/#primaryimage","url":"https:\/\/www.waterskis.lv\/wp-content\/uploads\/2017\/03\/sky_wake_jurmala_logo_final_28032016.png","contentUrl":"https:\/\/www.waterskis.lv\/wp-content\/uploads\/2017\/03\/sky_wake_jurmala_logo_final_28032016.png","width":1080,"height":1080,"caption":"\u041f\u0430\u0440\u043a \u0432\u043e\u0434\u043d\u044b\u0445 \u043b\u044b\u0436 \u0438 \u0432\u0435\u0439\u043a\u0431\u043e\u0440\u0434\u0438\u043d\u0433\u0430 \u0432 \u042e\u0440\u043c\u0430\u043b\u0435"},{"@type":"BreadcrumbList","@id":"https:\/\/www.waterskis.lv\/ru\/%d0%b4%d0%be%d1%81%d1%82%d0%b0%d0%b2%d0%ba%d0%b0\/#breadcrumb","itemListElement":[{"@type":"ListItem","position":1,"name":"Home","item":"https:\/\/www.waterskis.lv\/ru\/"},{"@type":"ListItem","position":2,"name":"\u0414\u043e\u0441\u0442\u0430\u0432\u043a\u0430"}]},{"@type":"WebSite","@id":"https:\/\/www.waterskis.lv\/ru\/#website","url":"https:\/\/www.waterskis.lv\/ru\/","name":"WATERSKIS.LV","description":"SUP d\u0113\u013ci, kajaki, kanoe, airu laivas, \u016bdenssl\u0113po\u0161ana, veikbords, SUP d\u0113\u013cu noma, kajaku nomaakt\u012bv\u0101s atp\u016btas centrs, laivu noma, sup noma, kajaku noma","publisher":{"@id":"https:\/\/www.waterskis.lv\/ru\/#organization"},"potentialAction":[{"@type":"SearchAction","target":{"@type":"EntryPoint","urlTemplate":"https:\/\/www.waterskis.lv\/ru\/?s={search_term_string}"},"query-input":{"@type":"PropertyValueSpecification","valueRequired":true,"valueName":"search_term_string"}}],"inLanguage":"ru-RU"},{"@type":"Organization","@id":"https:\/\/www.waterskis.lv\/ru\/#organization","name":"WATERSKIS.LV","url":"https:\/\/www.waterskis.lv\/ru\/","logo":{"@type":"ImageObject","inLanguage":"ru-RU","@id":"https:\/\/www.waterskis.lv\/ru\/#\/schema\/logo\/image\/","url":"https:\/\/www.waterskis.lv\/wp-content\/uploads\/2025\/01\/JUVP-logo.png","contentUrl":"https:\/\/www.waterskis.lv\/wp-content\/uploads\/2025\/01\/JUVP-logo.png","width":421,"height":202,"caption":"WATERSKIS.LV"},"image":{"@id":"https:\/\/www.waterskis.lv\/ru\/#\/schema\/logo\/image\/"},"sameAs":["https:\/\/www.facebook.com\/jurmalawaterskiwakeboardpark\/"]}]}},"_links":{"self":[{"href":"https:\/\/www.waterskis.lv\/ru\/wp-json\/wp\/v2\/pages\/9428","targetHints":{"allow":["GET"]}}],"collection":[{"href":"https:\/\/www.waterskis.lv\/ru\/wp-json\/wp\/v2\/pages"}],"about":[{"href":"https:\/\/www.waterskis.lv\/ru\/wp-json\/wp\/v2\/types\/page"}],"author":[{"embeddable":true,"href":"https:\/\/www.waterskis.lv\/ru\/wp-json\/wp\/v2\/users\/5"}],"replies":[{"embeddable":true,"href":"https:\/\/www.waterskis.lv\/ru\/wp-json\/wp\/v2\/comments?post=9428"}],"version-history":[{"count":0,"href":"https:\/\/www.waterskis.lv\/ru\/wp-json\/wp\/v2\/pages\/9428\/revisions"}],"wp:featuredmedia":[{"embeddable":true,"href":"https:\/\/www.waterskis.lv\/ru\/wp-json\/wp\/v2\/media\/31537"}],"wp:attachment":[{"href":"https:\/\/www.waterskis.lv\/ru\/wp-json\/wp\/v2\/media?parent=9428"}],"curies":[{"name":"wp","href":"https:\/\/api.w.org\/{rel}","templated":true}]}}