{"id":9432,"date":"2019-02-15T21:42:39","date_gmt":"2019-02-15T18:42:39","guid":{"rendered":"https:\/\/waterskis.truu.lv\/rekviziti\/"},"modified":"2026-01-02T15:41:25","modified_gmt":"2026-01-02T13:41:25","slug":"%d1%80%d0%b5%d0%ba%d0%b2%d0%b8%d0%b7%d0%b8%d1%82%d1%8b","status":"publish","type":"page","link":"https:\/\/www.waterskis.lv\/ru\/%d1%80%d0%b5%d0%ba%d0%b2%d0%b8%d0%b7%d0%b8%d1%82%d1%8b\/","title":{"rendered":"\u0420\u0435\u043a\u0432\u0438\u0437\u0438\u0442\u044b"},"content":{"rendered":"\n<p><strong>J\u016brmalas \u016bdenssl\u0113po\u0161anas un veikborda parks<\/strong><\/p>\n\n\n\n<p><strong>SIA &#171;2GR&#187;<\/strong><\/p>\n\n\n\n<p><strong>Parka un veikala adrese:<\/strong><\/p>\n\n\n\n<p>\u201cSmilgas\u201d, J\u016brmala, LV-2010<br \/> <strong>T\u0101lrunis:&nbsp;<\/strong><a href=\"tel:+37128067676\">+371 28067676<\/a><br \/> <strong>E-pasts:<\/strong>&nbsp;<a href=\"mailto:info@waterskis.lv\">info@waterskis.lv<\/a><\/p>\n\n\n\n<p><strong>Juridisk\u0101 adrese:<\/strong><br \/> Maz\u0101 J\u016brmalas iela 13, Pi\u0146\u0137i,\u00a0Bab\u012btes novads, LV-2107<\/p>\n\n\n\n<p><strong>Maks\u0101t\u0101js:<\/strong><br \/>\nPVN Nr. LV40103175184<\/p>\n\n\n\n<p>Luminor Bank AS Latvijas fili\u0101le<br \/>\n<strong>Konta nr:<\/strong><br \/>\nLV83RIKO0002013104019&nbsp;<\/p>\n\n\n\n<p><strong>Kods:<\/strong>&nbsp;RIKOLV2X<\/p>\n","protected":false},"excerpt":{"rendered":"<p>J\u016brmalas \u016bdenssl\u0113po\u0161anas un veikborda parks SIA &#171;2GR&#187; Parka un veikala adrese: \u201cSmilgas\u201d, J\u016brmala, LV-2010 T\u0101lrunis:&nbsp;+371 28067676 E-pasts:&nbsp;info@waterskis.lv Juridisk\u0101 adrese: Maz\u0101 J\u016brmalas iela 13, Pi\u0146\u0137i,\u00a0Bab\u012btes novads, LV-2107 Maks\u0101t\u0101js: PVN Nr. LV40103175184 Luminor Bank AS Latvijas fili\u0101le Konta nr: LV83RIKO0002013104019&nbsp; Kods:&nbsp;RIKOLV2X [&#8230;]<\/p>\n<p><a class=\"btn btn-secondary understrap-read-more-link\" href=\"https:\/\/www.waterskis.lv\/ru\/%d1%80%d0%b5%d0%ba%d0%b2%d0%b8%d0%b7%d0%b8%d1%82%d1%8b\/\">\u0427\u0438\u0442\u0430\u0442\u044c \u0434\u0430\u043b\u044c\u0448\u0435\u2026<\/a><\/p>\n","protected":false},"author":5,"featured_media":31537,"parent":0,"menu_order":0,"comment_status":"closed","ping_status":"closed","template":"page-templates\/contacts.php","meta":{"_acf_changed":false,"inline_featured_image":false,"footnotes":""},"class_list":["post-9432","page","type-page","status-publish","has-post-thumbnail","hentry"],"acf":[],"yoast_head":"<!-- This site is optimized with the Yoast SEO plugin v27.5 - https:\/\/yoast.com\/product\/yoast-seo-wordpress\/ -->\n<title>\u0420\u0435\u043a\u0432\u0438\u0437\u0438\u0442\u044b - WATERSKIS.LV<\/title>\n<meta name=\"description\" content=\"\u0420\u0435\u043a\u0432\u0438\u0437\u0438\u0442\u044b. \u042e\u0440\u043c\u0430\u043b\u044c\u0441\u043a\u0438\u0439 \u043f\u0430\u0440\u043a \u0432\u043e\u0434\u043d\u044b\u0445 \u043b\u044b\u0436 \u0438 \u0432\u0435\u0439\u043a\u0431\u043e\u0440\u0434\u0438\u043d\u0433\u0430\" \/>\n<meta name=\"robots\" content=\"index, follow, max-snippet:-1, max-image-preview:large, max-video-preview:-1\" \/>\n<link rel=\"canonical\" href=\"https:\/\/www.waterskis.lv\/ru\/%d1%80%d0%b5%d0%ba%d0%b2%d0%b8%d0%b7%d0%b8%d1%82%d1%8b\/\" \/>\n<meta property=\"og:locale\" content=\"ru_RU\" \/>\n<meta property=\"og:type\" content=\"article\" \/>\n<meta property=\"og:title\" content=\"\u0420\u0435\u043a\u0432\u0438\u0437\u0438\u0442\u044b - WATERSKIS.LV\" \/>\n<meta property=\"og:description\" content=\"\u0420\u0435\u043a\u0432\u0438\u0437\u0438\u0442\u044b. \u042e\u0440\u043c\u0430\u043b\u044c\u0441\u043a\u0438\u0439 \u043f\u0430\u0440\u043a \u0432\u043e\u0434\u043d\u044b\u0445 \u043b\u044b\u0436 \u0438 \u0432\u0435\u0439\u043a\u0431\u043e\u0440\u0434\u0438\u043d\u0433\u0430\" \/>\n<meta property=\"og:url\" content=\"https:\/\/www.waterskis.lv\/ru\/%d1%80%d0%b5%d0%ba%d0%b2%d0%b8%d0%b7%d0%b8%d1%82%d1%8b\/\" \/>\n<meta property=\"og:site_name\" content=\"WATERSKIS.LV\" \/>\n<meta property=\"article:publisher\" content=\"https:\/\/www.facebook.com\/jurmalawaterskiwakeboardpark\/\" \/>\n<meta property=\"article:modified_time\" content=\"2026-01-02T13:41:25+00:00\" \/>\n<meta property=\"og:image\" content=\"https:\/\/www.waterskis.lv\/wp-content\/uploads\/2017\/03\/sky_wake_jurmala_logo_final_28032016.png\" \/>\n\t<meta property=\"og:image:width\" content=\"1080\" \/>\n\t<meta property=\"og:image:height\" content=\"1080\" \/>\n\t<meta property=\"og:image:type\" content=\"image\/png\" \/>\n<meta name=\"twitter:card\" content=\"summary_large_image\" \/>\n<meta name=\"twitter:label1\" content=\"\u041f\u0440\u0438\u043c\u0435\u0440\u043d\u043e\u0435 \u0432\u0440\u0435\u043c\u044f \u0434\u043b\u044f \u0447\u0442\u0435\u043d\u0438\u044f\" \/>\n\t<meta name=\"twitter:data1\" content=\"1 \u043c\u0438\u043d\u0443\u0442\u0430\" \/>\n<script type=\"application\/ld+json\" class=\"yoast-schema-graph\">{\"@context\":\"https:\\\/\\\/schema.org\",\"@graph\":[{\"@type\":\"WebPage\",\"@id\":\"https:\\\/\\\/www.waterskis.lv\\\/ru\\\/%d1%80%d0%b5%d0%ba%d0%b2%d0%b8%d0%b7%d0%b8%d1%82%d1%8b\\\/\",\"url\":\"https:\\\/\\\/www.waterskis.lv\\\/ru\\\/%d1%80%d0%b5%d0%ba%d0%b2%d0%b8%d0%b7%d0%b8%d1%82%d1%8b\\\/\",\"name\":\"\u0420\u0435\u043a\u0432\u0438\u0437\u0438\u0442\u044b - WATERSKIS.LV\",\"isPartOf\":{\"@id\":\"https:\\\/\\\/www.waterskis.lv\\\/ru\\\/#website\"},\"primaryImageOfPage\":{\"@id\":\"https:\\\/\\\/www.waterskis.lv\\\/ru\\\/%d1%80%d0%b5%d0%ba%d0%b2%d0%b8%d0%b7%d0%b8%d1%82%d1%8b\\\/#primaryimage\"},\"image\":{\"@id\":\"https:\\\/\\\/www.waterskis.lv\\\/ru\\\/%d1%80%d0%b5%d0%ba%d0%b2%d0%b8%d0%b7%d0%b8%d1%82%d1%8b\\\/#primaryimage\"},\"thumbnailUrl\":\"https:\\\/\\\/www.waterskis.lv\\\/wp-content\\\/uploads\\\/2017\\\/03\\\/sky_wake_jurmala_logo_final_28032016.png\",\"datePublished\":\"2019-02-15T18:42:39+00:00\",\"dateModified\":\"2026-01-02T13:41:25+00:00\",\"description\":\"\u0420\u0435\u043a\u0432\u0438\u0437\u0438\u0442\u044b. \u042e\u0440\u043c\u0430\u043b\u044c\u0441\u043a\u0438\u0439 \u043f\u0430\u0440\u043a \u0432\u043e\u0434\u043d\u044b\u0445 \u043b\u044b\u0436 \u0438 \u0432\u0435\u0439\u043a\u0431\u043e\u0440\u0434\u0438\u043d\u0433\u0430\",\"breadcrumb\":{\"@id\":\"https:\\\/\\\/www.waterskis.lv\\\/ru\\\/%d1%80%d0%b5%d0%ba%d0%b2%d0%b8%d0%b7%d0%b8%d1%82%d1%8b\\\/#breadcrumb\"},\"inLanguage\":\"ru-RU\",\"potentialAction\":[{\"@type\":\"ReadAction\",\"target\":[\"https:\\\/\\\/www.waterskis.lv\\\/ru\\\/%d1%80%d0%b5%d0%ba%d0%b2%d0%b8%d0%b7%d0%b8%d1%82%d1%8b\\\/\"]}]},{\"@type\":\"ImageObject\",\"inLanguage\":\"ru-RU\",\"@id\":\"https:\\\/\\\/www.waterskis.lv\\\/ru\\\/%d1%80%d0%b5%d0%ba%d0%b2%d0%b8%d0%b7%d0%b8%d1%82%d1%8b\\\/#primaryimage\",\"url\":\"https:\\\/\\\/www.waterskis.lv\\\/wp-content\\\/uploads\\\/2017\\\/03\\\/sky_wake_jurmala_logo_final_28032016.png\",\"contentUrl\":\"https:\\\/\\\/www.waterskis.lv\\\/wp-content\\\/uploads\\\/2017\\\/03\\\/sky_wake_jurmala_logo_final_28032016.png\",\"width\":1080,\"height\":1080,\"caption\":\"\u041f\u0430\u0440\u043a \u0432\u043e\u0434\u043d\u044b\u0445 \u043b\u044b\u0436 \u0438 \u0432\u0435\u0439\u043a\u0431\u043e\u0440\u0434\u0438\u043d\u0433\u0430 \u0432 \u042e\u0440\u043c\u0430\u043b\u0435\"},{\"@type\":\"BreadcrumbList\",\"@id\":\"https:\\\/\\\/www.waterskis.lv\\\/ru\\\/%d1%80%d0%b5%d0%ba%d0%b2%d0%b8%d0%b7%d0%b8%d1%82%d1%8b\\\/#breadcrumb\",\"itemListElement\":[{\"@type\":\"ListItem\",\"position\":1,\"name\":\"Home\",\"item\":\"https:\\\/\\\/www.waterskis.lv\\\/ru\\\/\"},{\"@type\":\"ListItem\",\"position\":2,\"name\":\"\u0420\u0435\u043a\u0432\u0438\u0437\u0438\u0442\u044b\"}]},{\"@type\":\"WebSite\",\"@id\":\"https:\\\/\\\/www.waterskis.lv\\\/ru\\\/#website\",\"url\":\"https:\\\/\\\/www.waterskis.lv\\\/ru\\\/\",\"name\":\"WATERSKIS.LV\",\"description\":\"SUP d\u0113\u013ci, kajaki, kanoe, airu laivas, \u016bdenssl\u0113po\u0161ana, veikbords, SUP d\u0113\u013cu noma, kajaku nomaakt\u012bv\u0101s atp\u016btas centrs, laivu noma, sup noma, kajaku noma\",\"publisher\":{\"@id\":\"https:\\\/\\\/www.waterskis.lv\\\/ru\\\/#organization\"},\"potentialAction\":[{\"@type\":\"SearchAction\",\"target\":{\"@type\":\"EntryPoint\",\"urlTemplate\":\"https:\\\/\\\/www.waterskis.lv\\\/ru\\\/?s={search_term_string}\"},\"query-input\":{\"@type\":\"PropertyValueSpecification\",\"valueRequired\":true,\"valueName\":\"search_term_string\"}}],\"inLanguage\":\"ru-RU\"},{\"@type\":\"Organization\",\"@id\":\"https:\\\/\\\/www.waterskis.lv\\\/ru\\\/#organization\",\"name\":\"WATERSKIS.LV\",\"url\":\"https:\\\/\\\/www.waterskis.lv\\\/ru\\\/\",\"logo\":{\"@type\":\"ImageObject\",\"inLanguage\":\"ru-RU\",\"@id\":\"https:\\\/\\\/www.waterskis.lv\\\/ru\\\/#\\\/schema\\\/logo\\\/image\\\/\",\"url\":\"https:\\\/\\\/www.waterskis.lv\\\/wp-content\\\/uploads\\\/2025\\\/01\\\/JUVP-logo.png\",\"contentUrl\":\"https:\\\/\\\/www.waterskis.lv\\\/wp-content\\\/uploads\\\/2025\\\/01\\\/JUVP-logo.png\",\"width\":421,\"height\":202,\"caption\":\"WATERSKIS.LV\"},\"image\":{\"@id\":\"https:\\\/\\\/www.waterskis.lv\\\/ru\\\/#\\\/schema\\\/logo\\\/image\\\/\"},\"sameAs\":[\"https:\\\/\\\/www.facebook.com\\\/jurmalawaterskiwakeboardpark\\\/\"]}]}<\/script>\n<!-- \/ Yoast SEO plugin. -->","yoast_head_json":{"title":"\u0420\u0435\u043a\u0432\u0438\u0437\u0438\u0442\u044b - WATERSKIS.LV","description":"\u0420\u0435\u043a\u0432\u0438\u0437\u0438\u0442\u044b. \u042e\u0440\u043c\u0430\u043b\u044c\u0441\u043a\u0438\u0439 \u043f\u0430\u0440\u043a \u0432\u043e\u0434\u043d\u044b\u0445 \u043b\u044b\u0436 \u0438 \u0432\u0435\u0439\u043a\u0431\u043e\u0440\u0434\u0438\u043d\u0433\u0430","robots":{"index":"index","follow":"follow","max-snippet":"max-snippet:-1","max-image-preview":"max-image-preview:large","max-video-preview":"max-video-preview:-1"},"canonical":"https:\/\/www.waterskis.lv\/ru\/%d1%80%d0%b5%d0%ba%d0%b2%d0%b8%d0%b7%d0%b8%d1%82%d1%8b\/","og_locale":"ru_RU","og_type":"article","og_title":"\u0420\u0435\u043a\u0432\u0438\u0437\u0438\u0442\u044b - WATERSKIS.LV","og_description":"\u0420\u0435\u043a\u0432\u0438\u0437\u0438\u0442\u044b. \u042e\u0440\u043c\u0430\u043b\u044c\u0441\u043a\u0438\u0439 \u043f\u0430\u0440\u043a \u0432\u043e\u0434\u043d\u044b\u0445 \u043b\u044b\u0436 \u0438 \u0432\u0435\u0439\u043a\u0431\u043e\u0440\u0434\u0438\u043d\u0433\u0430","og_url":"https:\/\/www.waterskis.lv\/ru\/%d1%80%d0%b5%d0%ba%d0%b2%d0%b8%d0%b7%d0%b8%d1%82%d1%8b\/","og_site_name":"WATERSKIS.LV","article_publisher":"https:\/\/www.facebook.com\/jurmalawaterskiwakeboardpark\/","article_modified_time":"2026-01-02T13:41:25+00:00","og_image":[{"width":1080,"height":1080,"url":"https:\/\/www.waterskis.lv\/wp-content\/uploads\/2017\/03\/sky_wake_jurmala_logo_final_28032016.png","type":"image\/png"}],"twitter_card":"summary_large_image","twitter_misc":{"\u041f\u0440\u0438\u043c\u0435\u0440\u043d\u043e\u0435 \u0432\u0440\u0435\u043c\u044f \u0434\u043b\u044f \u0447\u0442\u0435\u043d\u0438\u044f":"1 \u043c\u0438\u043d\u0443\u0442\u0430"},"schema":{"@context":"https:\/\/schema.org","@graph":[{"@type":"WebPage","@id":"https:\/\/www.waterskis.lv\/ru\/%d1%80%d0%b5%d0%ba%d0%b2%d0%b8%d0%b7%d0%b8%d1%82%d1%8b\/","url":"https:\/\/www.waterskis.lv\/ru\/%d1%80%d0%b5%d0%ba%d0%b2%d0%b8%d0%b7%d0%b8%d1%82%d1%8b\/","name":"\u0420\u0435\u043a\u0432\u0438\u0437\u0438\u0442\u044b - WATERSKIS.LV","isPartOf":{"@id":"https:\/\/www.waterskis.lv\/ru\/#website"},"primaryImageOfPage":{"@id":"https:\/\/www.waterskis.lv\/ru\/%d1%80%d0%b5%d0%ba%d0%b2%d0%b8%d0%b7%d0%b8%d1%82%d1%8b\/#primaryimage"},"image":{"@id":"https:\/\/www.waterskis.lv\/ru\/%d1%80%d0%b5%d0%ba%d0%b2%d0%b8%d0%b7%d0%b8%d1%82%d1%8b\/#primaryimage"},"thumbnailUrl":"https:\/\/www.waterskis.lv\/wp-content\/uploads\/2017\/03\/sky_wake_jurmala_logo_final_28032016.png","datePublished":"2019-02-15T18:42:39+00:00","dateModified":"2026-01-02T13:41:25+00:00","description":"\u0420\u0435\u043a\u0432\u0438\u0437\u0438\u0442\u044b. \u042e\u0440\u043c\u0430\u043b\u044c\u0441\u043a\u0438\u0439 \u043f\u0430\u0440\u043a \u0432\u043e\u0434\u043d\u044b\u0445 \u043b\u044b\u0436 \u0438 \u0432\u0435\u0439\u043a\u0431\u043e\u0440\u0434\u0438\u043d\u0433\u0430","breadcrumb":{"@id":"https:\/\/www.waterskis.lv\/ru\/%d1%80%d0%b5%d0%ba%d0%b2%d0%b8%d0%b7%d0%b8%d1%82%d1%8b\/#breadcrumb"},"inLanguage":"ru-RU","potentialAction":[{"@type":"ReadAction","target":["https:\/\/www.waterskis.lv\/ru\/%d1%80%d0%b5%d0%ba%d0%b2%d0%b8%d0%b7%d0%b8%d1%82%d1%8b\/"]}]},{"@type":"ImageObject","inLanguage":"ru-RU","@id":"https:\/\/www.waterskis.lv\/ru\/%d1%80%d0%b5%d0%ba%d0%b2%d0%b8%d0%b7%d0%b8%d1%82%d1%8b\/#primaryimage","url":"https:\/\/www.waterskis.lv\/wp-content\/uploads\/2017\/03\/sky_wake_jurmala_logo_final_28032016.png","contentUrl":"https:\/\/www.waterskis.lv\/wp-content\/uploads\/2017\/03\/sky_wake_jurmala_logo_final_28032016.png","width":1080,"height":1080,"caption":"\u041f\u0430\u0440\u043a \u0432\u043e\u0434\u043d\u044b\u0445 \u043b\u044b\u0436 \u0438 \u0432\u0435\u0439\u043a\u0431\u043e\u0440\u0434\u0438\u043d\u0433\u0430 \u0432 \u042e\u0440\u043c\u0430\u043b\u0435"},{"@type":"BreadcrumbList","@id":"https:\/\/www.waterskis.lv\/ru\/%d1%80%d0%b5%d0%ba%d0%b2%d0%b8%d0%b7%d0%b8%d1%82%d1%8b\/#breadcrumb","itemListElement":[{"@type":"ListItem","position":1,"name":"Home","item":"https:\/\/www.waterskis.lv\/ru\/"},{"@type":"ListItem","position":2,"name":"\u0420\u0435\u043a\u0432\u0438\u0437\u0438\u0442\u044b"}]},{"@type":"WebSite","@id":"https:\/\/www.waterskis.lv\/ru\/#website","url":"https:\/\/www.waterskis.lv\/ru\/","name":"WATERSKIS.LV","description":"SUP d\u0113\u013ci, kajaki, kanoe, airu laivas, \u016bdenssl\u0113po\u0161ana, veikbords, SUP d\u0113\u013cu noma, kajaku nomaakt\u012bv\u0101s atp\u016btas centrs, laivu noma, sup noma, kajaku noma","publisher":{"@id":"https:\/\/www.waterskis.lv\/ru\/#organization"},"potentialAction":[{"@type":"SearchAction","target":{"@type":"EntryPoint","urlTemplate":"https:\/\/www.waterskis.lv\/ru\/?s={search_term_string}"},"query-input":{"@type":"PropertyValueSpecification","valueRequired":true,"valueName":"search_term_string"}}],"inLanguage":"ru-RU"},{"@type":"Organization","@id":"https:\/\/www.waterskis.lv\/ru\/#organization","name":"WATERSKIS.LV","url":"https:\/\/www.waterskis.lv\/ru\/","logo":{"@type":"ImageObject","inLanguage":"ru-RU","@id":"https:\/\/www.waterskis.lv\/ru\/#\/schema\/logo\/image\/","url":"https:\/\/www.waterskis.lv\/wp-content\/uploads\/2025\/01\/JUVP-logo.png","contentUrl":"https:\/\/www.waterskis.lv\/wp-content\/uploads\/2025\/01\/JUVP-logo.png","width":421,"height":202,"caption":"WATERSKIS.LV"},"image":{"@id":"https:\/\/www.waterskis.lv\/ru\/#\/schema\/logo\/image\/"},"sameAs":["https:\/\/www.facebook.com\/jurmalawaterskiwakeboardpark\/"]}]}},"_links":{"self":[{"href":"https:\/\/www.waterskis.lv\/ru\/wp-json\/wp\/v2\/pages\/9432","targetHints":{"allow":["GET"]}}],"collection":[{"href":"https:\/\/www.waterskis.lv\/ru\/wp-json\/wp\/v2\/pages"}],"about":[{"href":"https:\/\/www.waterskis.lv\/ru\/wp-json\/wp\/v2\/types\/page"}],"author":[{"embeddable":true,"href":"https:\/\/www.waterskis.lv\/ru\/wp-json\/wp\/v2\/users\/5"}],"replies":[{"embeddable":true,"href":"https:\/\/www.waterskis.lv\/ru\/wp-json\/wp\/v2\/comments?post=9432"}],"version-history":[{"count":1,"href":"https:\/\/www.waterskis.lv\/ru\/wp-json\/wp\/v2\/pages\/9432\/revisions"}],"predecessor-version":[{"id":68765,"href":"https:\/\/www.waterskis.lv\/ru\/wp-json\/wp\/v2\/pages\/9432\/revisions\/68765"}],"wp:featuredmedia":[{"embeddable":true,"href":"https:\/\/www.waterskis.lv\/ru\/wp-json\/wp\/v2\/media\/31537"}],"wp:attachment":[{"href":"https:\/\/www.waterskis.lv\/ru\/wp-json\/wp\/v2\/media?parent=9432"}],"curies":[{"name":"wp","href":"https:\/\/api.w.org\/{rel}","templated":true}]}}