{"id":15036,"date":"2018-12-22T15:07:57","date_gmt":"2018-12-22T12:07:57","guid":{"rendered":"https:\/\/www.waterskis.lv\/product\/sup-kilis-standart-fixed\/"},"modified":"2026-02-01T18:57:23","modified_gmt":"2026-02-01T16:57:23","slug":"%d0%bf%d0%bb%d0%b0%d0%b2%d0%bd%d0%b8%d0%ba-%d0%b4%d0%bb%d1%8f-%d0%b4%d0%be%d1%81%d0%ba%d0%b8-sup-standard-fixed","status":"publish","type":"product","link":"https:\/\/www.waterskis.lv\/ru\/product\/%d0%bf%d0%bb%d0%b0%d0%b2%d0%bd%d0%b8%d0%ba-%d0%b4%d0%bb%d1%8f-%d0%b4%d0%be%d1%81%d0%ba%d0%b8-sup-standard-fixed\/","title":{"rendered":"\u041f\u043b\u0430\u0432\u043d\u0438\u043a \u0434\u043b\u044f \u0434\u043e\u0441\u043a\u0438 SUP STANDARD FIXED"},"content":{"rendered":"<h1>\u041f\u043b\u0430\u0432\u043d\u0438\u043a \u0434\u043b\u044f \u0434\u043e\u0441\u043a\u0438 SUP STANDARD FIXED<\/h1>\n<p>\u041f\u043b\u0430\u0441\u0442\u0438\u043a\u043e\u0432\u044b\u0439 \u043f\u043b\u0430\u0432\u043d\u0438\u043a SUP \u043c\u043e\u0436\u043d\u043e \u043f\u0440\u0438\u043a\u043b\u0435\u0438\u0442\u044c \u043a\u043b\u0435\u0435\u043c \u0434\u043b\u044f \u041f\u0412\u0425.<\/p>\n<p>\u0412\u0441\u0435 \u0446\u0435\u043d\u044b \u0443\u043a\u0430\u0437\u0430\u043d\u044b \u0432 \u0435\u0432\u0440\u043e \u0441 \u041d\u0414\u0421<br \/>\n\u0418\u0437\u043e\u0431\u0440\u0430\u0436\u0435\u043d\u0438\u044f \u043f\u0440\u043e\u0434\u0443\u043a\u0442\u043e\u0432 \u043c\u043e\u0433\u0443\u0442 \u043d\u0435\u0437\u043d\u0430\u0447\u0438\u0442\u0435\u043b\u044c\u043d\u043e \u043e\u0442\u043b\u0438\u0447\u0430\u0442\u044c\u0441\u044f<\/p>\n","protected":false},"excerpt":{"rendered":"<p>Apraksts:<\/p>\n<p>Piel\u012bm\u0113jams plastmasas SUP \u0137\u012blis [&#8230;]<\/p>\n<p><a class=\"btn btn-secondary understrap-read-more-link\" href=\"https:\/\/www.waterskis.lv\/ru\/product\/%d0%bf%d0%bb%d0%b0%d0%b2%d0%bd%d0%b8%d0%ba-%d0%b4%d0%bb%d1%8f-%d0%b4%d0%be%d1%81%d0%ba%d0%b8-sup-standard-fixed\/\">\u0427\u0438\u0442\u0430\u0442\u044c \u0434\u0430\u043b\u044c\u0448\u0435\u2026<\/a><\/p>\n","protected":false},"featured_media":7278,"comment_status":"closed","ping_status":"closed","template":"","meta":{"_acf_changed":false,"inline_featured_image":false},"product_brand":[1319],"product_cat":[499,390],"product_tag":[2483,1379,3196,3197],"class_list":{"0":"post-15036","1":"product","2":"type-product","3":"status-publish","4":"has-post-thumbnail","6":"product_brand-amber","7":"product_cat-sup-","8":"product_cat---sup-","9":"product_tag-sup-dela-spura","10":"product_tag-sup-delu-piederumi","11":"product_tag-sup-fin","12":"product_tag---sup-","14":"first","15":"instock","16":"shipping-taxable","17":"purchasable","18":"product-type-simple"},"acf":[],"yoast_head":"<!-- This site is optimized with the Yoast SEO plugin v27.4 - https:\/\/yoast.com\/product\/yoast-seo-wordpress\/ -->\n<title>\u041f\u043b\u0430\u0432\u043d\u0438\u043a \u0434\u043b\u044f \u0434\u043e\u0441\u043a\u0438 SUP STANDARD FIXED - WATERSKIS.LV<\/title>\n<meta name=\"description\" content=\"\u041f\u043b\u0430\u0432\u043d\u0438\u043a \u0434\u043b\u044f \u0434\u043e\u0441\u043a\u0438 SUP STANDARD FIXED. \u041f\u043b\u0430\u0441\u0442\u0438\u043a\u043e\u0432\u044b\u0439 \u043f\u043b\u0430\u0432\u043d\u0438\u043a SUP \u043c\u043e\u0436\u043d\u043e \u043f\u0440\u0438\u043a\u043b\u0435\u0438\u0442\u044c \u043a\u043b\u0435\u0435\u043c \u0434\u043b\u044f \u041f\u0412\u0425.\u0412\u0441\u0435 \u0446\u0435\u043d\u044b \u0443\u043a\u0430\u0437\u0430\u043d\u044b \u0432 \u0435\u0432\u0440\u043e \u0441 \u041d\u0414\u0421\" \/>\n<meta name=\"robots\" content=\"index, follow, max-snippet:-1, max-image-preview:large, max-video-preview:-1\" \/>\n<link rel=\"canonical\" href=\"https:\/\/www.waterskis.lv\/ru\/product\/%d0%bf%d0%bb%d0%b0%d0%b2%d0%bd%d0%b8%d0%ba-%d0%b4%d0%bb%d1%8f-%d0%b4%d0%be%d1%81%d0%ba%d0%b8-sup-standard-fixed\/\" \/>\n<meta property=\"og:locale\" content=\"ru_RU\" \/>\n<meta property=\"og:type\" content=\"article\" \/>\n<meta property=\"og:title\" content=\"\u041f\u043b\u0430\u0432\u043d\u0438\u043a \u0434\u043b\u044f \u0434\u043e\u0441\u043a\u0438 SUP STANDARD FIXED - WATERSKIS.LV\" \/>\n<meta property=\"og:description\" content=\"\u041f\u043b\u0430\u0432\u043d\u0438\u043a \u0434\u043b\u044f \u0434\u043e\u0441\u043a\u0438 SUP STANDARD FIXED. \u041f\u043b\u0430\u0441\u0442\u0438\u043a\u043e\u0432\u044b\u0439 \u043f\u043b\u0430\u0432\u043d\u0438\u043a SUP \u043c\u043e\u0436\u043d\u043e \u043f\u0440\u0438\u043a\u043b\u0435\u0438\u0442\u044c \u043a\u043b\u0435\u0435\u043c \u0434\u043b\u044f \u041f\u0412\u0425.\u0412\u0441\u0435 \u0446\u0435\u043d\u044b \u0443\u043a\u0430\u0437\u0430\u043d\u044b \u0432 \u0435\u0432\u0440\u043e \u0441 \u041d\u0414\u0421\" \/>\n<meta property=\"og:url\" content=\"https:\/\/www.waterskis.lv\/ru\/product\/%d0%bf%d0%bb%d0%b0%d0%b2%d0%bd%d0%b8%d0%ba-%d0%b4%d0%bb%d1%8f-%d0%b4%d0%be%d1%81%d0%ba%d0%b8-sup-standard-fixed\/\" \/>\n<meta property=\"og:site_name\" content=\"WATERSKIS.LV\" \/>\n<meta property=\"article:publisher\" content=\"https:\/\/www.facebook.com\/jurmalawaterskiwakeboardpark\/\" \/>\n<meta property=\"article:modified_time\" content=\"2026-02-01T16:57:23+00:00\" \/>\n<meta property=\"og:image\" content=\"https:\/\/www.waterskis.lv\/wp-content\/uploads\/2018\/12\/Standart-fixed.php_.jpg\" \/>\n\t<meta property=\"og:image:width\" content=\"600\" \/>\n\t<meta property=\"og:image:height\" content=\"600\" \/>\n\t<meta property=\"og:image:type\" content=\"image\/jpeg\" \/>\n<meta name=\"twitter:card\" content=\"summary_large_image\" \/>\n<meta name=\"twitter:label1\" content=\"\u041f\u0440\u0438\u043c\u0435\u0440\u043d\u043e\u0435 \u0432\u0440\u0435\u043c\u044f \u0434\u043b\u044f \u0447\u0442\u0435\u043d\u0438\u044f\" \/>\n\t<meta name=\"twitter:data1\" content=\"1 \u043c\u0438\u043d\u0443\u0442\u0430\" \/>\n<script type=\"application\/ld+json\" class=\"yoast-schema-graph\">{\"@context\":\"https:\\\/\\\/schema.org\",\"@graph\":[{\"@type\":\"WebPage\",\"@id\":\"https:\\\/\\\/www.waterskis.lv\\\/ru\\\/product\\\/%d0%bf%d0%bb%d0%b0%d0%b2%d0%bd%d0%b8%d0%ba-%d0%b4%d0%bb%d1%8f-%d0%b4%d0%be%d1%81%d0%ba%d0%b8-sup-standard-fixed\\\/\",\"url\":\"https:\\\/\\\/www.waterskis.lv\\\/ru\\\/product\\\/%d0%bf%d0%bb%d0%b0%d0%b2%d0%bd%d0%b8%d0%ba-%d0%b4%d0%bb%d1%8f-%d0%b4%d0%be%d1%81%d0%ba%d0%b8-sup-standard-fixed\\\/\",\"name\":\"\u041f\u043b\u0430\u0432\u043d\u0438\u043a \u0434\u043b\u044f \u0434\u043e\u0441\u043a\u0438 SUP STANDARD FIXED - WATERSKIS.LV\",\"isPartOf\":{\"@id\":\"https:\\\/\\\/www.waterskis.lv\\\/ru\\\/#website\"},\"primaryImageOfPage\":{\"@id\":\"https:\\\/\\\/www.waterskis.lv\\\/ru\\\/product\\\/%d0%bf%d0%bb%d0%b0%d0%b2%d0%bd%d0%b8%d0%ba-%d0%b4%d0%bb%d1%8f-%d0%b4%d0%be%d1%81%d0%ba%d0%b8-sup-standard-fixed\\\/#primaryimage\"},\"image\":{\"@id\":\"https:\\\/\\\/www.waterskis.lv\\\/ru\\\/product\\\/%d0%bf%d0%bb%d0%b0%d0%b2%d0%bd%d0%b8%d0%ba-%d0%b4%d0%bb%d1%8f-%d0%b4%d0%be%d1%81%d0%ba%d0%b8-sup-standard-fixed\\\/#primaryimage\"},\"thumbnailUrl\":\"https:\\\/\\\/www.waterskis.lv\\\/wp-content\\\/uploads\\\/2018\\\/12\\\/Standart-fixed.php_.jpg\",\"datePublished\":\"2018-12-22T12:07:57+00:00\",\"dateModified\":\"2026-02-01T16:57:23+00:00\",\"description\":\"\u041f\u043b\u0430\u0432\u043d\u0438\u043a \u0434\u043b\u044f \u0434\u043e\u0441\u043a\u0438 SUP STANDARD FIXED. \u041f\u043b\u0430\u0441\u0442\u0438\u043a\u043e\u0432\u044b\u0439 \u043f\u043b\u0430\u0432\u043d\u0438\u043a SUP \u043c\u043e\u0436\u043d\u043e \u043f\u0440\u0438\u043a\u043b\u0435\u0438\u0442\u044c \u043a\u043b\u0435\u0435\u043c \u0434\u043b\u044f \u041f\u0412\u0425.\u0412\u0441\u0435 \u0446\u0435\u043d\u044b \u0443\u043a\u0430\u0437\u0430\u043d\u044b \u0432 \u0435\u0432\u0440\u043e \u0441 \u041d\u0414\u0421\",\"breadcrumb\":{\"@id\":\"https:\\\/\\\/www.waterskis.lv\\\/ru\\\/product\\\/%d0%bf%d0%bb%d0%b0%d0%b2%d0%bd%d0%b8%d0%ba-%d0%b4%d0%bb%d1%8f-%d0%b4%d0%be%d1%81%d0%ba%d0%b8-sup-standard-fixed\\\/#breadcrumb\"},\"inLanguage\":\"ru-RU\",\"potentialAction\":[{\"@type\":\"ReadAction\",\"target\":[\"https:\\\/\\\/www.waterskis.lv\\\/ru\\\/product\\\/%d0%bf%d0%bb%d0%b0%d0%b2%d0%bd%d0%b8%d0%ba-%d0%b4%d0%bb%d1%8f-%d0%b4%d0%be%d1%81%d0%ba%d0%b8-sup-standard-fixed\\\/\"]}]},{\"@type\":\"ImageObject\",\"inLanguage\":\"ru-RU\",\"@id\":\"https:\\\/\\\/www.waterskis.lv\\\/ru\\\/product\\\/%d0%bf%d0%bb%d0%b0%d0%b2%d0%bd%d0%b8%d0%ba-%d0%b4%d0%bb%d1%8f-%d0%b4%d0%be%d1%81%d0%ba%d0%b8-sup-standard-fixed\\\/#primaryimage\",\"url\":\"https:\\\/\\\/www.waterskis.lv\\\/wp-content\\\/uploads\\\/2018\\\/12\\\/Standart-fixed.php_.jpg\",\"contentUrl\":\"https:\\\/\\\/www.waterskis.lv\\\/wp-content\\\/uploads\\\/2018\\\/12\\\/Standart-fixed.php_.jpg\",\"width\":600,\"height\":600,\"caption\":\"SUP \u043f\u043b\u0430\u0432\u043d\u0438\u043a\"},{\"@type\":\"BreadcrumbList\",\"@id\":\"https:\\\/\\\/www.waterskis.lv\\\/ru\\\/product\\\/%d0%bf%d0%bb%d0%b0%d0%b2%d0%bd%d0%b8%d0%ba-%d0%b4%d0%bb%d1%8f-%d0%b4%d0%be%d1%81%d0%ba%d0%b8-sup-standard-fixed\\\/#breadcrumb\",\"itemListElement\":[{\"@type\":\"ListItem\",\"position\":1,\"name\":\"Home\",\"item\":\"https:\\\/\\\/www.waterskis.lv\\\/ru\\\/\"},{\"@type\":\"ListItem\",\"position\":2,\"name\":\"\u041c\u0430\u0433\u0430\u0437\u0438\u043d\",\"item\":\"https:\\\/\\\/www.waterskis.lv\\\/ru\\\/%d0%bc%d0%b0%d0%b3%d0%b0%d0%b7%d0%b8%d0%bd\\\/\"},{\"@type\":\"ListItem\",\"position\":3,\"name\":\"\u041f\u043b\u0430\u0432\u043d\u0438\u043a \u0434\u043b\u044f \u0434\u043e\u0441\u043a\u0438 SUP STANDARD FIXED\"}]},{\"@type\":\"WebSite\",\"@id\":\"https:\\\/\\\/www.waterskis.lv\\\/ru\\\/#website\",\"url\":\"https:\\\/\\\/www.waterskis.lv\\\/ru\\\/\",\"name\":\"WATERSKIS.LV\",\"description\":\"SUP d\u0113\u013ci, kajaki, kanoe, airu laivas, \u016bdenssl\u0113po\u0161ana, veikbords, SUP d\u0113\u013cu noma, kajaku nomaakt\u012bv\u0101s atp\u016btas centrs, laivu noma, sup noma, kajaku noma\",\"publisher\":{\"@id\":\"https:\\\/\\\/www.waterskis.lv\\\/ru\\\/#organization\"},\"potentialAction\":[{\"@type\":\"SearchAction\",\"target\":{\"@type\":\"EntryPoint\",\"urlTemplate\":\"https:\\\/\\\/www.waterskis.lv\\\/ru\\\/?s={search_term_string}\"},\"query-input\":{\"@type\":\"PropertyValueSpecification\",\"valueRequired\":true,\"valueName\":\"search_term_string\"}}],\"inLanguage\":\"ru-RU\"},{\"@type\":\"Organization\",\"@id\":\"https:\\\/\\\/www.waterskis.lv\\\/ru\\\/#organization\",\"name\":\"WATERSKIS.LV\",\"url\":\"https:\\\/\\\/www.waterskis.lv\\\/ru\\\/\",\"logo\":{\"@type\":\"ImageObject\",\"inLanguage\":\"ru-RU\",\"@id\":\"https:\\\/\\\/www.waterskis.lv\\\/ru\\\/#\\\/schema\\\/logo\\\/image\\\/\",\"url\":\"https:\\\/\\\/www.waterskis.lv\\\/wp-content\\\/uploads\\\/2025\\\/01\\\/JUVP-logo.png\",\"contentUrl\":\"https:\\\/\\\/www.waterskis.lv\\\/wp-content\\\/uploads\\\/2025\\\/01\\\/JUVP-logo.png\",\"width\":421,\"height\":202,\"caption\":\"WATERSKIS.LV\"},\"image\":{\"@id\":\"https:\\\/\\\/www.waterskis.lv\\\/ru\\\/#\\\/schema\\\/logo\\\/image\\\/\"},\"sameAs\":[\"https:\\\/\\\/www.facebook.com\\\/jurmalawaterskiwakeboardpark\\\/\"]}]}<\/script>\n<!-- \/ Yoast SEO plugin. -->","yoast_head_json":{"title":"\u041f\u043b\u0430\u0432\u043d\u0438\u043a \u0434\u043b\u044f \u0434\u043e\u0441\u043a\u0438 SUP STANDARD FIXED - WATERSKIS.LV","description":"\u041f\u043b\u0430\u0432\u043d\u0438\u043a \u0434\u043b\u044f \u0434\u043e\u0441\u043a\u0438 SUP STANDARD FIXED. \u041f\u043b\u0430\u0441\u0442\u0438\u043a\u043e\u0432\u044b\u0439 \u043f\u043b\u0430\u0432\u043d\u0438\u043a SUP \u043c\u043e\u0436\u043d\u043e \u043f\u0440\u0438\u043a\u043b\u0435\u0438\u0442\u044c \u043a\u043b\u0435\u0435\u043c \u0434\u043b\u044f \u041f\u0412\u0425.\u0412\u0441\u0435 \u0446\u0435\u043d\u044b \u0443\u043a\u0430\u0437\u0430\u043d\u044b \u0432 \u0435\u0432\u0440\u043e \u0441 \u041d\u0414\u0421","robots":{"index":"index","follow":"follow","max-snippet":"max-snippet:-1","max-image-preview":"max-image-preview:large","max-video-preview":"max-video-preview:-1"},"canonical":"https:\/\/www.waterskis.lv\/ru\/product\/%d0%bf%d0%bb%d0%b0%d0%b2%d0%bd%d0%b8%d0%ba-%d0%b4%d0%bb%d1%8f-%d0%b4%d0%be%d1%81%d0%ba%d0%b8-sup-standard-fixed\/","og_locale":"ru_RU","og_type":"article","og_title":"\u041f\u043b\u0430\u0432\u043d\u0438\u043a \u0434\u043b\u044f \u0434\u043e\u0441\u043a\u0438 SUP STANDARD FIXED - WATERSKIS.LV","og_description":"\u041f\u043b\u0430\u0432\u043d\u0438\u043a \u0434\u043b\u044f \u0434\u043e\u0441\u043a\u0438 SUP STANDARD FIXED. \u041f\u043b\u0430\u0441\u0442\u0438\u043a\u043e\u0432\u044b\u0439 \u043f\u043b\u0430\u0432\u043d\u0438\u043a SUP \u043c\u043e\u0436\u043d\u043e \u043f\u0440\u0438\u043a\u043b\u0435\u0438\u0442\u044c \u043a\u043b\u0435\u0435\u043c \u0434\u043b\u044f \u041f\u0412\u0425.\u0412\u0441\u0435 \u0446\u0435\u043d\u044b \u0443\u043a\u0430\u0437\u0430\u043d\u044b \u0432 \u0435\u0432\u0440\u043e \u0441 \u041d\u0414\u0421","og_url":"https:\/\/www.waterskis.lv\/ru\/product\/%d0%bf%d0%bb%d0%b0%d0%b2%d0%bd%d0%b8%d0%ba-%d0%b4%d0%bb%d1%8f-%d0%b4%d0%be%d1%81%d0%ba%d0%b8-sup-standard-fixed\/","og_site_name":"WATERSKIS.LV","article_publisher":"https:\/\/www.facebook.com\/jurmalawaterskiwakeboardpark\/","article_modified_time":"2026-02-01T16:57:23+00:00","og_image":[{"width":600,"height":600,"url":"https:\/\/www.waterskis.lv\/wp-content\/uploads\/2018\/12\/Standart-fixed.php_.jpg","type":"image\/jpeg"}],"twitter_card":"summary_large_image","twitter_misc":{"\u041f\u0440\u0438\u043c\u0435\u0440\u043d\u043e\u0435 \u0432\u0440\u0435\u043c\u044f \u0434\u043b\u044f \u0447\u0442\u0435\u043d\u0438\u044f":"1 \u043c\u0438\u043d\u0443\u0442\u0430"},"schema":{"@context":"https:\/\/schema.org","@graph":[{"@type":"WebPage","@id":"https:\/\/www.waterskis.lv\/ru\/product\/%d0%bf%d0%bb%d0%b0%d0%b2%d0%bd%d0%b8%d0%ba-%d0%b4%d0%bb%d1%8f-%d0%b4%d0%be%d1%81%d0%ba%d0%b8-sup-standard-fixed\/","url":"https:\/\/www.waterskis.lv\/ru\/product\/%d0%bf%d0%bb%d0%b0%d0%b2%d0%bd%d0%b8%d0%ba-%d0%b4%d0%bb%d1%8f-%d0%b4%d0%be%d1%81%d0%ba%d0%b8-sup-standard-fixed\/","name":"\u041f\u043b\u0430\u0432\u043d\u0438\u043a \u0434\u043b\u044f \u0434\u043e\u0441\u043a\u0438 SUP STANDARD FIXED - WATERSKIS.LV","isPartOf":{"@id":"https:\/\/www.waterskis.lv\/ru\/#website"},"primaryImageOfPage":{"@id":"https:\/\/www.waterskis.lv\/ru\/product\/%d0%bf%d0%bb%d0%b0%d0%b2%d0%bd%d0%b8%d0%ba-%d0%b4%d0%bb%d1%8f-%d0%b4%d0%be%d1%81%d0%ba%d0%b8-sup-standard-fixed\/#primaryimage"},"image":{"@id":"https:\/\/www.waterskis.lv\/ru\/product\/%d0%bf%d0%bb%d0%b0%d0%b2%d0%bd%d0%b8%d0%ba-%d0%b4%d0%bb%d1%8f-%d0%b4%d0%be%d1%81%d0%ba%d0%b8-sup-standard-fixed\/#primaryimage"},"thumbnailUrl":"https:\/\/www.waterskis.lv\/wp-content\/uploads\/2018\/12\/Standart-fixed.php_.jpg","datePublished":"2018-12-22T12:07:57+00:00","dateModified":"2026-02-01T16:57:23+00:00","description":"\u041f\u043b\u0430\u0432\u043d\u0438\u043a \u0434\u043b\u044f \u0434\u043e\u0441\u043a\u0438 SUP STANDARD FIXED. \u041f\u043b\u0430\u0441\u0442\u0438\u043a\u043e\u0432\u044b\u0439 \u043f\u043b\u0430\u0432\u043d\u0438\u043a SUP \u043c\u043e\u0436\u043d\u043e \u043f\u0440\u0438\u043a\u043b\u0435\u0438\u0442\u044c \u043a\u043b\u0435\u0435\u043c \u0434\u043b\u044f \u041f\u0412\u0425.\u0412\u0441\u0435 \u0446\u0435\u043d\u044b \u0443\u043a\u0430\u0437\u0430\u043d\u044b \u0432 \u0435\u0432\u0440\u043e \u0441 \u041d\u0414\u0421","breadcrumb":{"@id":"https:\/\/www.waterskis.lv\/ru\/product\/%d0%bf%d0%bb%d0%b0%d0%b2%d0%bd%d0%b8%d0%ba-%d0%b4%d0%bb%d1%8f-%d0%b4%d0%be%d1%81%d0%ba%d0%b8-sup-standard-fixed\/#breadcrumb"},"inLanguage":"ru-RU","potentialAction":[{"@type":"ReadAction","target":["https:\/\/www.waterskis.lv\/ru\/product\/%d0%bf%d0%bb%d0%b0%d0%b2%d0%bd%d0%b8%d0%ba-%d0%b4%d0%bb%d1%8f-%d0%b4%d0%be%d1%81%d0%ba%d0%b8-sup-standard-fixed\/"]}]},{"@type":"ImageObject","inLanguage":"ru-RU","@id":"https:\/\/www.waterskis.lv\/ru\/product\/%d0%bf%d0%bb%d0%b0%d0%b2%d0%bd%d0%b8%d0%ba-%d0%b4%d0%bb%d1%8f-%d0%b4%d0%be%d1%81%d0%ba%d0%b8-sup-standard-fixed\/#primaryimage","url":"https:\/\/www.waterskis.lv\/wp-content\/uploads\/2018\/12\/Standart-fixed.php_.jpg","contentUrl":"https:\/\/www.waterskis.lv\/wp-content\/uploads\/2018\/12\/Standart-fixed.php_.jpg","width":600,"height":600,"caption":"SUP \u043f\u043b\u0430\u0432\u043d\u0438\u043a"},{"@type":"BreadcrumbList","@id":"https:\/\/www.waterskis.lv\/ru\/product\/%d0%bf%d0%bb%d0%b0%d0%b2%d0%bd%d0%b8%d0%ba-%d0%b4%d0%bb%d1%8f-%d0%b4%d0%be%d1%81%d0%ba%d0%b8-sup-standard-fixed\/#breadcrumb","itemListElement":[{"@type":"ListItem","position":1,"name":"Home","item":"https:\/\/www.waterskis.lv\/ru\/"},{"@type":"ListItem","position":2,"name":"\u041c\u0430\u0433\u0430\u0437\u0438\u043d","item":"https:\/\/www.waterskis.lv\/ru\/%d0%bc%d0%b0%d0%b3%d0%b0%d0%b7%d0%b8%d0%bd\/"},{"@type":"ListItem","position":3,"name":"\u041f\u043b\u0430\u0432\u043d\u0438\u043a \u0434\u043b\u044f \u0434\u043e\u0441\u043a\u0438 SUP STANDARD FIXED"}]},{"@type":"WebSite","@id":"https:\/\/www.waterskis.lv\/ru\/#website","url":"https:\/\/www.waterskis.lv\/ru\/","name":"WATERSKIS.LV","description":"SUP d\u0113\u013ci, kajaki, kanoe, airu laivas, \u016bdenssl\u0113po\u0161ana, veikbords, SUP d\u0113\u013cu noma, kajaku nomaakt\u012bv\u0101s atp\u016btas centrs, laivu noma, sup noma, kajaku noma","publisher":{"@id":"https:\/\/www.waterskis.lv\/ru\/#organization"},"potentialAction":[{"@type":"SearchAction","target":{"@type":"EntryPoint","urlTemplate":"https:\/\/www.waterskis.lv\/ru\/?s={search_term_string}"},"query-input":{"@type":"PropertyValueSpecification","valueRequired":true,"valueName":"search_term_string"}}],"inLanguage":"ru-RU"},{"@type":"Organization","@id":"https:\/\/www.waterskis.lv\/ru\/#organization","name":"WATERSKIS.LV","url":"https:\/\/www.waterskis.lv\/ru\/","logo":{"@type":"ImageObject","inLanguage":"ru-RU","@id":"https:\/\/www.waterskis.lv\/ru\/#\/schema\/logo\/image\/","url":"https:\/\/www.waterskis.lv\/wp-content\/uploads\/2025\/01\/JUVP-logo.png","contentUrl":"https:\/\/www.waterskis.lv\/wp-content\/uploads\/2025\/01\/JUVP-logo.png","width":421,"height":202,"caption":"WATERSKIS.LV"},"image":{"@id":"https:\/\/www.waterskis.lv\/ru\/#\/schema\/logo\/image\/"},"sameAs":["https:\/\/www.facebook.com\/jurmalawaterskiwakeboardpark\/"]}]}},"_links":{"self":[{"href":"https:\/\/www.waterskis.lv\/ru\/wp-json\/wp\/v2\/product\/15036","targetHints":{"allow":["GET"]}}],"collection":[{"href":"https:\/\/www.waterskis.lv\/ru\/wp-json\/wp\/v2\/product"}],"about":[{"href":"https:\/\/www.waterskis.lv\/ru\/wp-json\/wp\/v2\/types\/product"}],"replies":[{"embeddable":true,"href":"https:\/\/www.waterskis.lv\/ru\/wp-json\/wp\/v2\/comments?post=15036"}],"wp:featuredmedia":[{"embeddable":true,"href":"https:\/\/www.waterskis.lv\/ru\/wp-json\/wp\/v2\/media\/7278"}],"wp:attachment":[{"href":"https:\/\/www.waterskis.lv\/ru\/wp-json\/wp\/v2\/media?parent=15036"}],"wp:term":[{"taxonomy":"product_brand","embeddable":true,"href":"https:\/\/www.waterskis.lv\/ru\/wp-json\/wp\/v2\/product_brand?post=15036"},{"taxonomy":"product_cat","embeddable":true,"href":"https:\/\/www.waterskis.lv\/ru\/wp-json\/wp\/v2\/product_cat?post=15036"},{"taxonomy":"product_tag","embeddable":true,"href":"https:\/\/www.waterskis.lv\/ru\/wp-json\/wp\/v2\/product_tag?post=15036"}],"curies":[{"name":"wp","href":"https:\/\/api.w.org\/{rel}","templated":true}]}}