{"id":16734,"date":"2020-01-26T20:21:54","date_gmt":"2020-01-26T17:21:54","guid":{"rendered":"https:\/\/www.waterskis.lv\/product\/makskernieku-laiva-big-fish-120\/"},"modified":"2022-06-02T14:09:50","modified_gmt":"2022-06-02T11:09:50","slug":"%d1%80%d1%8b%d0%b1%d0%b0%d1%86%d0%ba%d0%b8%d0%b9-%d0%ba%d0%b0%d1%8f%d0%ba-big-fish-120","status":"publish","type":"product","link":"https:\/\/www.waterskis.lv\/ru\/product\/%d1%80%d1%8b%d0%b1%d0%b0%d1%86%d0%ba%d0%b8%d0%b9-%d0%ba%d0%b0%d1%8f%d0%ba-big-fish-120\/","title":{"rendered":"\u0420\u044b\u0431\u0430\u0446\u043a\u0438\u0439 \u043a\u0430\u044f\u043a BIG FISH 120"},"content":{"rendered":"<p>\u0420\u044b\u0431\u0430\u0446\u043a\u0438\u0439 \u043a\u0430\u044f\u043a BIG FISH 120<\/p>\n<p>\u041f\u0440\u043e\u0447\u043d\u0430\u044f \u0438 \u0432\u043c\u0435\u0441\u0442\u0438\u0442\u0435\u043b\u044c\u043d\u0430\u044f \u0431\u0430\u0439\u0434\u0430\u0440\u043a\u0430 \u0434\u043b\u044f \u043d\u0430\u0441\u0442\u043e\u044f\u0449\u0435\u0433\u043e \u0440\u044b\u0431\u043e\u043b\u043e\u0432\u0430.<\/p>\n<p>\u0412\u0435\u0441: 46 \u043a\u0433<\/p>\n<p>\u0420\u0430\u0437\u043c\u0435\u0440\u044b: 366 x 89 x 31 \u0441\u043c<\/p>\n<p>\u0413\u0440\u0443\u0437\u043e\u043f\u043e\u0434\u044a\u0435\u043c\u043d\u043e\u0441\u0442\u044c: 181 \u043a\u0433<\/p>\n<p>\u0421\u043e\u0432\u0435\u0442\u044b: \u0441\u0438\u0434\u0435\u0442\u044c \u0441\u0432\u0435\u0440\u0445\u0443<\/p>\n<p>\u041c\u0430\u0442\u0435\u0440\u0438\u0430\u043b: HDPE (\u043f\u043e\u043b\u0438\u044d\u0442\u0438\u043b\u0435\u043d \u0432\u044b\u0441\u043e\u043a\u043e\u0439 \u043f\u043b\u043e\u0442\u043d\u043e\u0441\u0442\u0438) \u043f\u043e\u043b\u0438\u044d\u0442\u0438\u043b\u0435\u043d \u0432\u044b\u0441\u043e\u043a\u043e\u0439 \u043f\u043b\u043e\u0442\u043d\u043e\u0441\u0442\u0438<\/p>\n<p>\u041f\u0440\u043e\u0438\u0437\u0432\u043e\u0434\u0438\u0442\u0435\u043b\u044c: 3 \u0432\u043e\u0434\u044b<\/p>\n<p>\u041a\u043e\u043b\u0438\u0447\u0435\u0441\u0442\u0432\u043e \u043c\u0435\u0441\u0442: 1<\/p>\n<p>\u0426\u0432\u0435\u0442: \u0437\u0435\u043b\u0435\u043d\u044b\u0439 \u043a\u0430\u043c\u0443\u0444\u043b\u044f\u0436, \u0433\u043e\u0440\u043e\u0434\u0441\u043a\u043e\u0439 \u043a\u0430\u043c\u0443\u0444\u043b\u044f\u0436<\/p>\n<p>\u041e\u0431\u043e\u0440\u0443\u0434\u043e\u0432\u0430\u043d\u0438\u0435: \u043b\u043e\u0434\u043a\u0430, \u0441\u0438\u0434\u0435\u043d\u044c\u0435<\/p>\n<p>\u0420\u044b\u0431\u0430\u0446\u043a\u0438\u0439 \u043a\u0430\u044f\u043a BIG FISH 120<\/p>\n<p><iframe title=\"Big Fish 120: Overview\" width=\"640\" height=\"360\" src=\"https:\/\/www.youtube.com\/embed\/pAr2Va1aDA0?feature=oembed\" frameborder=\"0\" allow=\"accelerometer; autoplay; clipboard-write; encrypted-media; gyroscope; picture-in-picture; web-share\" referrerpolicy=\"strict-origin-when-cross-origin\" allowfullscreen><\/iframe><\/p>\n","protected":false},"excerpt":{"rendered":"<p>https:\/\/www.youtube.com\/watch?v=pAr2Va1aDA0 [&#8230;]<\/p>\n<p><a class=\"btn btn-secondary understrap-read-more-link\" href=\"https:\/\/www.waterskis.lv\/ru\/product\/%d1%80%d1%8b%d0%b1%d0%b0%d1%86%d0%ba%d0%b8%d0%b9-%d0%ba%d0%b0%d1%8f%d0%ba-big-fish-120\/\">\u0427\u0438\u0442\u0430\u0442\u044c \u0434\u0430\u043b\u044c\u0448\u0435\u2026<\/a><\/p>\n","protected":false},"featured_media":13506,"comment_status":"closed","ping_status":"closed","template":"","meta":{"_acf_changed":false,"inline_featured_image":false},"product_brand":[],"product_cat":[538,508,777,547],"product_tag":[],"class_list":{"0":"post-16734","1":"product","2":"type-product","3":"status-publish","4":"has-post-thumbnail","6":"product_cat--sit-on-top","7":"product_cat-508","8":"product_cat-777","9":"product_cat-547","11":"first","12":"instock","13":"shipping-taxable","14":"product-type-simple"},"acf":[],"yoast_head":"<!-- This site is optimized with the Yoast SEO plugin v27.3 - https:\/\/yoast.com\/product\/yoast-seo-wordpress\/ -->\n<title>\u0420\u044b\u0431\u0430\u0446\u043a\u0438\u0439 \u043a\u0430\u044f\u043a BIG FISH 120 - WATERSKIS.LV<\/title>\n<meta name=\"description\" content=\"\u0420\u044b\u0431\u0430\u0446\u043a\u0438\u0439 \u043a\u0430\u044f\u043a BIG FISH 120. Waterskis.lv - SUP \u0434\u043e\u0441\u043a\u0438, \u0421\u0410\u041f \u0431\u043e\u0440\u0434\u044b, \u0431\u0430\u0439\u0434\u0430\u0440\u043a\u0438, \u043b\u043e\u0434\u043a\u0438, \u0430\u043a\u0441\u0435\u0441\u0441\u0443\u0430\u0440\u044b. \u041f\u043e\u043a\u0443\u043f\u0430\u0439\u0442\u0435, \u0430\u0440\u0435\u043d\u0434\u0443\u0439\u0442\u0435\" \/>\n<meta name=\"robots\" content=\"index, follow, max-snippet:-1, max-image-preview:large, max-video-preview:-1\" \/>\n<link rel=\"canonical\" href=\"https:\/\/www.waterskis.lv\/ru\/product\/%d1%80%d1%8b%d0%b1%d0%b0%d1%86%d0%ba%d0%b8%d0%b9-%d0%ba%d0%b0%d1%8f%d0%ba-big-fish-120\/\" \/>\n<meta property=\"og:locale\" content=\"ru_RU\" \/>\n<meta property=\"og:type\" content=\"article\" \/>\n<meta property=\"og:title\" content=\"\u0420\u044b\u0431\u0430\u0446\u043a\u0438\u0439 \u043a\u0430\u044f\u043a BIG FISH 120 - WATERSKIS.LV\" \/>\n<meta property=\"og:description\" content=\"\u0420\u044b\u0431\u0430\u0446\u043a\u0438\u0439 \u043a\u0430\u044f\u043a BIG FISH 120. Waterskis.lv - SUP \u0434\u043e\u0441\u043a\u0438, \u0421\u0410\u041f \u0431\u043e\u0440\u0434\u044b, \u0431\u0430\u0439\u0434\u0430\u0440\u043a\u0438, \u043b\u043e\u0434\u043a\u0438, \u0430\u043a\u0441\u0435\u0441\u0441\u0443\u0430\u0440\u044b. \u041f\u043e\u043a\u0443\u043f\u0430\u0439\u0442\u0435, \u0430\u0440\u0435\u043d\u0434\u0443\u0439\u0442\u0435\" \/>\n<meta property=\"og:url\" content=\"https:\/\/www.waterskis.lv\/ru\/product\/%d1%80%d1%8b%d0%b1%d0%b0%d1%86%d0%ba%d0%b8%d0%b9-%d0%ba%d0%b0%d1%8f%d0%ba-big-fish-120\/\" \/>\n<meta property=\"og:site_name\" content=\"WATERSKIS.LV\" \/>\n<meta property=\"article:publisher\" content=\"https:\/\/www.facebook.com\/jurmalawaterskiwakeboardpark\/\" \/>\n<meta property=\"article:modified_time\" content=\"2022-06-02T11:09:50+00:00\" \/>\n<meta property=\"og:image\" content=\"https:\/\/www.waterskis.lv\/wp-content\/uploads\/2020\/01\/Fish.jpg\" \/>\n<meta name=\"twitter:card\" content=\"summary_large_image\" \/>\n<script type=\"application\/ld+json\" class=\"yoast-schema-graph\">{\"@context\":\"https:\\\/\\\/schema.org\",\"@graph\":[{\"@type\":\"WebPage\",\"@id\":\"https:\\\/\\\/www.waterskis.lv\\\/ru\\\/product\\\/%d1%80%d1%8b%d0%b1%d0%b0%d1%86%d0%ba%d0%b8%d0%b9-%d0%ba%d0%b0%d1%8f%d0%ba-big-fish-120\\\/\",\"url\":\"https:\\\/\\\/www.waterskis.lv\\\/ru\\\/product\\\/%d1%80%d1%8b%d0%b1%d0%b0%d1%86%d0%ba%d0%b8%d0%b9-%d0%ba%d0%b0%d1%8f%d0%ba-big-fish-120\\\/\",\"name\":\"\u0420\u044b\u0431\u0430\u0446\u043a\u0438\u0439 \u043a\u0430\u044f\u043a BIG FISH 120 - WATERSKIS.LV\",\"isPartOf\":{\"@id\":\"https:\\\/\\\/www.waterskis.lv\\\/ru\\\/#website\"},\"primaryImageOfPage\":{\"@id\":\"https:\\\/\\\/www.waterskis.lv\\\/ru\\\/product\\\/%d1%80%d1%8b%d0%b1%d0%b0%d1%86%d0%ba%d0%b8%d0%b9-%d0%ba%d0%b0%d1%8f%d0%ba-big-fish-120\\\/#primaryimage\"},\"image\":{\"@id\":\"https:\\\/\\\/www.waterskis.lv\\\/ru\\\/product\\\/%d1%80%d1%8b%d0%b1%d0%b0%d1%86%d0%ba%d0%b8%d0%b9-%d0%ba%d0%b0%d1%8f%d0%ba-big-fish-120\\\/#primaryimage\"},\"thumbnailUrl\":\"https:\\\/\\\/www.waterskis.lv\\\/wp-content\\\/uploads\\\/2020\\\/01\\\/big-fish120.jpg\",\"datePublished\":\"2020-01-26T17:21:54+00:00\",\"dateModified\":\"2022-06-02T11:09:50+00:00\",\"description\":\"\u0420\u044b\u0431\u0430\u0446\u043a\u0438\u0439 \u043a\u0430\u044f\u043a BIG FISH 120. Waterskis.lv - SUP \u0434\u043e\u0441\u043a\u0438, \u0421\u0410\u041f \u0431\u043e\u0440\u0434\u044b, \u0431\u0430\u0439\u0434\u0430\u0440\u043a\u0438, \u043b\u043e\u0434\u043a\u0438, \u0430\u043a\u0441\u0435\u0441\u0441\u0443\u0430\u0440\u044b. \u041f\u043e\u043a\u0443\u043f\u0430\u0439\u0442\u0435, \u0430\u0440\u0435\u043d\u0434\u0443\u0439\u0442\u0435\",\"breadcrumb\":{\"@id\":\"https:\\\/\\\/www.waterskis.lv\\\/ru\\\/product\\\/%d1%80%d1%8b%d0%b1%d0%b0%d1%86%d0%ba%d0%b8%d0%b9-%d0%ba%d0%b0%d1%8f%d0%ba-big-fish-120\\\/#breadcrumb\"},\"inLanguage\":\"ru-RU\",\"potentialAction\":[{\"@type\":\"ReadAction\",\"target\":[\"https:\\\/\\\/www.waterskis.lv\\\/ru\\\/product\\\/%d1%80%d1%8b%d0%b1%d0%b0%d1%86%d0%ba%d0%b8%d0%b9-%d0%ba%d0%b0%d1%8f%d0%ba-big-fish-120\\\/\"]}]},{\"@type\":\"ImageObject\",\"inLanguage\":\"ru-RU\",\"@id\":\"https:\\\/\\\/www.waterskis.lv\\\/ru\\\/product\\\/%d1%80%d1%8b%d0%b1%d0%b0%d1%86%d0%ba%d0%b8%d0%b9-%d0%ba%d0%b0%d1%8f%d0%ba-big-fish-120\\\/#primaryimage\",\"url\":\"https:\\\/\\\/www.waterskis.lv\\\/wp-content\\\/uploads\\\/2020\\\/01\\\/big-fish120.jpg\",\"contentUrl\":\"https:\\\/\\\/www.waterskis.lv\\\/wp-content\\\/uploads\\\/2020\\\/01\\\/big-fish120.jpg\",\"width\":1024,\"height\":632,\"caption\":\"\u0420\u044b\u0431\u0430\u0446\u043a\u0430\u044f \u043b\u043e\u0434\u043a\u0430 BIG FISH 120\"},{\"@type\":\"BreadcrumbList\",\"@id\":\"https:\\\/\\\/www.waterskis.lv\\\/ru\\\/product\\\/%d1%80%d1%8b%d0%b1%d0%b0%d1%86%d0%ba%d0%b8%d0%b9-%d0%ba%d0%b0%d1%8f%d0%ba-big-fish-120\\\/#breadcrumb\",\"itemListElement\":[{\"@type\":\"ListItem\",\"position\":1,\"name\":\"Home\",\"item\":\"https:\\\/\\\/www.waterskis.lv\\\/ru\\\/\"},{\"@type\":\"ListItem\",\"position\":2,\"name\":\"\u041c\u0430\u0433\u0430\u0437\u0438\u043d\",\"item\":\"https:\\\/\\\/www.waterskis.lv\\\/ru\\\/%d0%bc%d0%b0%d0%b3%d0%b0%d0%b7%d0%b8%d0%bd\\\/\"},{\"@type\":\"ListItem\",\"position\":3,\"name\":\"\u0420\u044b\u0431\u0430\u0446\u043a\u0438\u0439 \u043a\u0430\u044f\u043a BIG FISH 120\"}]},{\"@type\":\"WebSite\",\"@id\":\"https:\\\/\\\/www.waterskis.lv\\\/ru\\\/#website\",\"url\":\"https:\\\/\\\/www.waterskis.lv\\\/ru\\\/\",\"name\":\"WATERSKIS.LV\",\"description\":\"SUP d\u0113\u013ci, kajaki, kanoe, airu laivas, \u016bdenssl\u0113po\u0161ana, veikbords, SUP d\u0113\u013cu noma, kajaku nomaakt\u012bv\u0101s atp\u016btas centrs, laivu noma, sup noma, kajaku noma\",\"publisher\":{\"@id\":\"https:\\\/\\\/www.waterskis.lv\\\/ru\\\/#organization\"},\"potentialAction\":[{\"@type\":\"SearchAction\",\"target\":{\"@type\":\"EntryPoint\",\"urlTemplate\":\"https:\\\/\\\/www.waterskis.lv\\\/ru\\\/?s={search_term_string}\"},\"query-input\":{\"@type\":\"PropertyValueSpecification\",\"valueRequired\":true,\"valueName\":\"search_term_string\"}}],\"inLanguage\":\"ru-RU\"},{\"@type\":\"Organization\",\"@id\":\"https:\\\/\\\/www.waterskis.lv\\\/ru\\\/#organization\",\"name\":\"WATERSKIS.LV\",\"url\":\"https:\\\/\\\/www.waterskis.lv\\\/ru\\\/\",\"logo\":{\"@type\":\"ImageObject\",\"inLanguage\":\"ru-RU\",\"@id\":\"https:\\\/\\\/www.waterskis.lv\\\/ru\\\/#\\\/schema\\\/logo\\\/image\\\/\",\"url\":\"https:\\\/\\\/www.waterskis.lv\\\/wp-content\\\/uploads\\\/2025\\\/01\\\/JUVP-logo.png\",\"contentUrl\":\"https:\\\/\\\/www.waterskis.lv\\\/wp-content\\\/uploads\\\/2025\\\/01\\\/JUVP-logo.png\",\"width\":421,\"height\":202,\"caption\":\"WATERSKIS.LV\"},\"image\":{\"@id\":\"https:\\\/\\\/www.waterskis.lv\\\/ru\\\/#\\\/schema\\\/logo\\\/image\\\/\"},\"sameAs\":[\"https:\\\/\\\/www.facebook.com\\\/jurmalawaterskiwakeboardpark\\\/\"]}]}<\/script>\n<!-- \/ Yoast SEO plugin. -->","yoast_head_json":{"title":"\u0420\u044b\u0431\u0430\u0446\u043a\u0438\u0439 \u043a\u0430\u044f\u043a BIG FISH 120 - WATERSKIS.LV","description":"\u0420\u044b\u0431\u0430\u0446\u043a\u0438\u0439 \u043a\u0430\u044f\u043a BIG FISH 120. Waterskis.lv - SUP \u0434\u043e\u0441\u043a\u0438, \u0421\u0410\u041f \u0431\u043e\u0440\u0434\u044b, \u0431\u0430\u0439\u0434\u0430\u0440\u043a\u0438, \u043b\u043e\u0434\u043a\u0438, \u0430\u043a\u0441\u0435\u0441\u0441\u0443\u0430\u0440\u044b. \u041f\u043e\u043a\u0443\u043f\u0430\u0439\u0442\u0435, \u0430\u0440\u0435\u043d\u0434\u0443\u0439\u0442\u0435","robots":{"index":"index","follow":"follow","max-snippet":"max-snippet:-1","max-image-preview":"max-image-preview:large","max-video-preview":"max-video-preview:-1"},"canonical":"https:\/\/www.waterskis.lv\/ru\/product\/%d1%80%d1%8b%d0%b1%d0%b0%d1%86%d0%ba%d0%b8%d0%b9-%d0%ba%d0%b0%d1%8f%d0%ba-big-fish-120\/","og_locale":"ru_RU","og_type":"article","og_title":"\u0420\u044b\u0431\u0430\u0446\u043a\u0438\u0439 \u043a\u0430\u044f\u043a BIG FISH 120 - WATERSKIS.LV","og_description":"\u0420\u044b\u0431\u0430\u0446\u043a\u0438\u0439 \u043a\u0430\u044f\u043a BIG FISH 120. Waterskis.lv - SUP \u0434\u043e\u0441\u043a\u0438, \u0421\u0410\u041f \u0431\u043e\u0440\u0434\u044b, \u0431\u0430\u0439\u0434\u0430\u0440\u043a\u0438, \u043b\u043e\u0434\u043a\u0438, \u0430\u043a\u0441\u0435\u0441\u0441\u0443\u0430\u0440\u044b. \u041f\u043e\u043a\u0443\u043f\u0430\u0439\u0442\u0435, \u0430\u0440\u0435\u043d\u0434\u0443\u0439\u0442\u0435","og_url":"https:\/\/www.waterskis.lv\/ru\/product\/%d1%80%d1%8b%d0%b1%d0%b0%d1%86%d0%ba%d0%b8%d0%b9-%d0%ba%d0%b0%d1%8f%d0%ba-big-fish-120\/","og_site_name":"WATERSKIS.LV","article_publisher":"https:\/\/www.facebook.com\/jurmalawaterskiwakeboardpark\/","article_modified_time":"2022-06-02T11:09:50+00:00","og_image":[{"url":"https:\/\/www.waterskis.lv\/wp-content\/uploads\/2020\/01\/Fish.jpg","type":"","width":"","height":""}],"twitter_card":"summary_large_image","schema":{"@context":"https:\/\/schema.org","@graph":[{"@type":"WebPage","@id":"https:\/\/www.waterskis.lv\/ru\/product\/%d1%80%d1%8b%d0%b1%d0%b0%d1%86%d0%ba%d0%b8%d0%b9-%d0%ba%d0%b0%d1%8f%d0%ba-big-fish-120\/","url":"https:\/\/www.waterskis.lv\/ru\/product\/%d1%80%d1%8b%d0%b1%d0%b0%d1%86%d0%ba%d0%b8%d0%b9-%d0%ba%d0%b0%d1%8f%d0%ba-big-fish-120\/","name":"\u0420\u044b\u0431\u0430\u0446\u043a\u0438\u0439 \u043a\u0430\u044f\u043a BIG FISH 120 - WATERSKIS.LV","isPartOf":{"@id":"https:\/\/www.waterskis.lv\/ru\/#website"},"primaryImageOfPage":{"@id":"https:\/\/www.waterskis.lv\/ru\/product\/%d1%80%d1%8b%d0%b1%d0%b0%d1%86%d0%ba%d0%b8%d0%b9-%d0%ba%d0%b0%d1%8f%d0%ba-big-fish-120\/#primaryimage"},"image":{"@id":"https:\/\/www.waterskis.lv\/ru\/product\/%d1%80%d1%8b%d0%b1%d0%b0%d1%86%d0%ba%d0%b8%d0%b9-%d0%ba%d0%b0%d1%8f%d0%ba-big-fish-120\/#primaryimage"},"thumbnailUrl":"https:\/\/www.waterskis.lv\/wp-content\/uploads\/2020\/01\/big-fish120.jpg","datePublished":"2020-01-26T17:21:54+00:00","dateModified":"2022-06-02T11:09:50+00:00","description":"\u0420\u044b\u0431\u0430\u0446\u043a\u0438\u0439 \u043a\u0430\u044f\u043a BIG FISH 120. Waterskis.lv - SUP \u0434\u043e\u0441\u043a\u0438, \u0421\u0410\u041f \u0431\u043e\u0440\u0434\u044b, \u0431\u0430\u0439\u0434\u0430\u0440\u043a\u0438, \u043b\u043e\u0434\u043a\u0438, \u0430\u043a\u0441\u0435\u0441\u0441\u0443\u0430\u0440\u044b. \u041f\u043e\u043a\u0443\u043f\u0430\u0439\u0442\u0435, \u0430\u0440\u0435\u043d\u0434\u0443\u0439\u0442\u0435","breadcrumb":{"@id":"https:\/\/www.waterskis.lv\/ru\/product\/%d1%80%d1%8b%d0%b1%d0%b0%d1%86%d0%ba%d0%b8%d0%b9-%d0%ba%d0%b0%d1%8f%d0%ba-big-fish-120\/#breadcrumb"},"inLanguage":"ru-RU","potentialAction":[{"@type":"ReadAction","target":["https:\/\/www.waterskis.lv\/ru\/product\/%d1%80%d1%8b%d0%b1%d0%b0%d1%86%d0%ba%d0%b8%d0%b9-%d0%ba%d0%b0%d1%8f%d0%ba-big-fish-120\/"]}]},{"@type":"ImageObject","inLanguage":"ru-RU","@id":"https:\/\/www.waterskis.lv\/ru\/product\/%d1%80%d1%8b%d0%b1%d0%b0%d1%86%d0%ba%d0%b8%d0%b9-%d0%ba%d0%b0%d1%8f%d0%ba-big-fish-120\/#primaryimage","url":"https:\/\/www.waterskis.lv\/wp-content\/uploads\/2020\/01\/big-fish120.jpg","contentUrl":"https:\/\/www.waterskis.lv\/wp-content\/uploads\/2020\/01\/big-fish120.jpg","width":1024,"height":632,"caption":"\u0420\u044b\u0431\u0430\u0446\u043a\u0430\u044f \u043b\u043e\u0434\u043a\u0430 BIG FISH 120"},{"@type":"BreadcrumbList","@id":"https:\/\/www.waterskis.lv\/ru\/product\/%d1%80%d1%8b%d0%b1%d0%b0%d1%86%d0%ba%d0%b8%d0%b9-%d0%ba%d0%b0%d1%8f%d0%ba-big-fish-120\/#breadcrumb","itemListElement":[{"@type":"ListItem","position":1,"name":"Home","item":"https:\/\/www.waterskis.lv\/ru\/"},{"@type":"ListItem","position":2,"name":"\u041c\u0430\u0433\u0430\u0437\u0438\u043d","item":"https:\/\/www.waterskis.lv\/ru\/%d0%bc%d0%b0%d0%b3%d0%b0%d0%b7%d0%b8%d0%bd\/"},{"@type":"ListItem","position":3,"name":"\u0420\u044b\u0431\u0430\u0446\u043a\u0438\u0439 \u043a\u0430\u044f\u043a BIG FISH 120"}]},{"@type":"WebSite","@id":"https:\/\/www.waterskis.lv\/ru\/#website","url":"https:\/\/www.waterskis.lv\/ru\/","name":"WATERSKIS.LV","description":"SUP d\u0113\u013ci, kajaki, kanoe, airu laivas, \u016bdenssl\u0113po\u0161ana, veikbords, SUP d\u0113\u013cu noma, kajaku nomaakt\u012bv\u0101s atp\u016btas centrs, laivu noma, sup noma, kajaku noma","publisher":{"@id":"https:\/\/www.waterskis.lv\/ru\/#organization"},"potentialAction":[{"@type":"SearchAction","target":{"@type":"EntryPoint","urlTemplate":"https:\/\/www.waterskis.lv\/ru\/?s={search_term_string}"},"query-input":{"@type":"PropertyValueSpecification","valueRequired":true,"valueName":"search_term_string"}}],"inLanguage":"ru-RU"},{"@type":"Organization","@id":"https:\/\/www.waterskis.lv\/ru\/#organization","name":"WATERSKIS.LV","url":"https:\/\/www.waterskis.lv\/ru\/","logo":{"@type":"ImageObject","inLanguage":"ru-RU","@id":"https:\/\/www.waterskis.lv\/ru\/#\/schema\/logo\/image\/","url":"https:\/\/www.waterskis.lv\/wp-content\/uploads\/2025\/01\/JUVP-logo.png","contentUrl":"https:\/\/www.waterskis.lv\/wp-content\/uploads\/2025\/01\/JUVP-logo.png","width":421,"height":202,"caption":"WATERSKIS.LV"},"image":{"@id":"https:\/\/www.waterskis.lv\/ru\/#\/schema\/logo\/image\/"},"sameAs":["https:\/\/www.facebook.com\/jurmalawaterskiwakeboardpark\/"]}]}},"_links":{"self":[{"href":"https:\/\/www.waterskis.lv\/ru\/wp-json\/wp\/v2\/product\/16734","targetHints":{"allow":["GET"]}}],"collection":[{"href":"https:\/\/www.waterskis.lv\/ru\/wp-json\/wp\/v2\/product"}],"about":[{"href":"https:\/\/www.waterskis.lv\/ru\/wp-json\/wp\/v2\/types\/product"}],"replies":[{"embeddable":true,"href":"https:\/\/www.waterskis.lv\/ru\/wp-json\/wp\/v2\/comments?post=16734"}],"wp:featuredmedia":[{"embeddable":true,"href":"https:\/\/www.waterskis.lv\/ru\/wp-json\/wp\/v2\/media\/13506"}],"wp:attachment":[{"href":"https:\/\/www.waterskis.lv\/ru\/wp-json\/wp\/v2\/media?parent=16734"}],"wp:term":[{"taxonomy":"product_brand","embeddable":true,"href":"https:\/\/www.waterskis.lv\/ru\/wp-json\/wp\/v2\/product_brand?post=16734"},{"taxonomy":"product_cat","embeddable":true,"href":"https:\/\/www.waterskis.lv\/ru\/wp-json\/wp\/v2\/product_cat?post=16734"},{"taxonomy":"product_tag","embeddable":true,"href":"https:\/\/www.waterskis.lv\/ru\/wp-json\/wp\/v2\/product_tag?post=16734"}],"curies":[{"name":"wp","href":"https:\/\/api.w.org\/{rel}","templated":true}]}}