{"id":16736,"date":"2020-01-26T21:00:21","date_gmt":"2020-01-26T18:00:21","guid":{"rendered":"https:\/\/www.waterskis.lv\/product\/makskernieku-kajaks-moken-12-5\/"},"modified":"2022-08-20T16:10:12","modified_gmt":"2022-08-20T13:10:12","slug":"makskernieku-kajaks-moken-12-5","status":"publish","type":"product","link":"https:\/\/www.waterskis.lv\/ru\/product\/makskernieku-kajaks-moken-12-5\/","title":{"rendered":"\u0420\u044b\u0431\u0430\u0446\u043a\u0438\u0439 \u043a\u0430\u044f\u043a MOKEN 12.5"},"content":{"rendered":"<p>\u0420\u044b\u0431\u0430\u0446\u043a\u0438\u0439 \u043a\u0430\u044f\u043a MOKEN 12.5<\/p>\n<p>\u0412\u0435\u0441: 30 \u043a\u0433<\/p>\n<p>\u0420\u0430\u0437\u043c\u0435\u0440\u044b: 385 x 82 \u0441\u043c<\/p>\n<p>\u0412\u0440\u0435\u043c\u044f: 190 \u043a\u0433<\/p>\n<p>\u0421\u043e\u0432\u0435\u0442\u044b: \u0441\u0438\u0434\u0435\u0442\u044c \u0441\u0432\u0435\u0440\u0445\u0443<\/p>\n<p>\u041c\u0430\u0442\u0435\u0440\u0438\u0430\u043b: \u043f\u043e\u043b\u0438\u044d\u0442\u0438\u043b\u0435\u043d\u043e\u0432\u044b\u0435 \u0432\u0430\u0444\u043b\u0438 HDPE (\u043f\u043e\u043b\u0438\u044d\u0442\u0438\u043b\u0435\u043d\u043e\u0432\u0430\u044f \u0432\u0430\u0442\u0430)<\/p>\n<p>\u041f\u0440\u043e\u0438\u0437\u0432\u043e\u0434\u0438\u0442\u0435\u043b\u044c: FeelFree<\/p>\n<p>\u041a\u043e\u043b\u043e\u043d\u043d\u044b: 1<\/p>\n<p>\u0426\u0432\u0435\u0442: \u043b\u0435\u0441\u043d\u043e\u0439 \u043a\u0430\u043c\u0443\u0444\u043b\u044f\u0436, \u043f\u0443\u0441\u0442\u044b\u043d\u043d\u044b\u0439 \u043a\u0430\u043c\u0443\u0444\u043b\u044f\u0436, \u043b\u0438\u043f\u043e\u0432\u044b\u0439 \u043a\u0430\u043c\u0443\u0444\u043b\u044f\u0436, \u0442\u0435\u043c\u043d\u043e-\u0441\u0438\u043d\u0438\u0439 \u043a\u0430\u043c\u0443\u0444\u043b\u044f\u0436, \u0432\u043e\u0441\u0445\u043e\u0434\u044f\u0449\u0438\u0439 \u043a\u0430\u043c\u0443<\/p>\n<p>\u0412\u0435\u0440\u0441\u0438\u044f Moken 12.5 \u0441\u0440\u0435\u0434\u043d\u0435\u0433\u043e \u0440\u0430\u0437\u043c\u0435\u0440\u0430 \u043e\u0441\u043d\u0430\u0449\u0435\u043d\u0430 \u0440\u044b\u0431\u043e\u043b\u043e\u0432\u043d\u043e\u0439 \u0441\u0438\u0441\u0442\u0435\u043c\u043e\u0439 Uni-Track \u0438 \u0440\u0440\u0435\u0433\u0438\u043c \u043d\u043e\u0432\u043e\u0433\u043e \u043e\u0431\u043e\u0440\u0443\u0434\u043e\u0432\u0430\u043d\u0438\u044f. \u0411\u043b\u0430\u0433\u043e\u0434\u0430\u0440\u044f \u0432\u0441\u0442\u0440\u043e\u0435\u043d\u043d\u043e\u043c\u0443 \u0442\u0440\u0430\u043d\u0441\u043f\u043e\u0440\u0442\u043d\u043e\u043c\u0443 \u043a\u043e\u043b\u0435\u0441\u0443 \u0442\u0440\u0430\u043d\u0441\u043f\u043e\u0440\u0442\u0438\u0440\u043e\u0432\u043a\u0430 Moken 12.5 \u0441 \u043f\u043e\u043c\u043e\u0449\u044c\u044e \u0431\u0443\u0434\u0435\u0442 \u043f\u043e\u0445\u043e\u0436\u0430 \u043d\u0430 \u043b\u0435\u0433\u043a\u0443\u044e \u043f\u0440\u043e\u0433\u0443\u043b\u043a\u0443. \u041d\u0435 \u043c\u043e\u0436\u0435\u0442\u0435 \u0440\u0435\u0448\u0438\u0442\u044c, \u043a\u0430\u043a\u043e\u0439 \u043a\u0430\u044f\u043a \u0432\u0430\u043c \u043f\u043e\u0434\u0445\u043e\u0434\u0438\u0442? Moken 12.5 &#8212; \u0438\u0434\u0435\u0430\u043b\u044c\u043d\u044b\u0439 \u0432\u044b\u0431\u043e\u0440. \u0423\u043d\u0438\u0432\u0435\u0440\u0441\u0430\u043b\u044c\u043d\u043e\u0435 \u0441\u0443\u0434\u043d\u043e \u0434\u043b\u044f \u043b\u043e\u0432\u043b\u0438 \u0440\u044b\u0431\u044b \u0432 \u0441\u0430\u043c\u044b\u0445 \u0440\u0430\u0437\u043d\u044b\u0445 \u0443\u0441\u043b\u043e\u0432\u0438\u044f\u0445.<\/p>\n<p><iframe title=\"Moken 12.5 Fishing Kayak - Overview\" width=\"640\" height=\"360\" src=\"https:\/\/www.youtube.com\/embed\/QCx0O4Hlz9I?feature=oembed\" frameborder=\"0\" allow=\"accelerometer; autoplay; clipboard-write; encrypted-media; gyroscope; picture-in-picture; web-share\" referrerpolicy=\"strict-origin-when-cross-origin\" allowfullscreen><\/iframe><\/p>\n","protected":false},"excerpt":{"rendered":"<p>\u0420\u044b\u0431\u0430\u0446\u043a\u0438\u0439 \u043a\u0430\u044f\u043a MOKEN 12.5 \u0412\u0435\u0441: 30 \u043a\u0433 \u0420\u0430\u0437\u043c\u0435\u0440\u044b: 385 x 82 \u0441\u043c \u0412\u0440\u0435\u043c\u044f: 190 \u043a\u0433 \u0421\u043e\u0432\u0435\u0442\u044b: \u0441\u0438\u0434\u0435\u0442\u044c \u0441\u0432\u0435\u0440\u0445\u0443 \u041c\u0430\u0442\u0435\u0440\u0438\u0430\u043b: \u043f\u043e\u043b\u0438\u044d\u0442\u0438\u043b\u0435\u043d\u043e\u0432\u044b\u0435 \u0432\u0430\u0444\u043b\u0438 HDPE (\u043f\u043e\u043b\u0438\u044d\u0442\u0438\u043b\u0435\u043d\u043e\u0432\u0430\u044f \u0432\u0430\u0442\u0430) \u041f\u0440\u043e\u0438\u0437\u0432\u043e\u0434\u0438\u0442\u0435\u043b\u044c: FeelFree \u041a\u043e\u043b\u043e\u043d\u043d\u044b: 1 \u0426\u0432\u0435\u0442: \u043b\u0435\u0441\u043d\u043e\u0439 \u043a\u0430\u043c\u0443\u0444\u043b\u044f\u0436, \u043f\u0443\u0441\u0442\u044b\u043d\u043d\u044b\u0439 \u043a\u0430\u043c\u0443\u0444\u043b\u044f\u0436, \u043b\u0438\u043f\u043e\u0432\u044b\u0439 \u043a\u0430\u043c\u0443\u0444\u043b\u044f\u0436, \u0442\u0435\u043c\u043d\u043e-\u0441\u0438\u043d\u0438\u0439 \u043a\u0430\u043c\u0443\u0444\u043b\u044f\u0436, \u0432\u043e\u0441\u0445\u043e\u0434\u044f\u0449\u0438\u0439 \u043a\u0430\u043c\u0443 \u0412\u0435\u0440\u0441\u0438\u044f Moken 12.5 \u0441\u0440\u0435\u0434\u043d\u0435\u0433\u043e \u0440\u0430\u0437\u043c\u0435\u0440\u0430 \u043e\u0441\u043d\u0430\u0449\u0435\u043d\u0430 \u0440\u044b\u0431\u043e\u043b\u043e\u0432\u043d\u043e\u0439 \u0441\u0438\u0441\u0442\u0435\u043c\u043e\u0439 Uni-Track \u0438 \u0440\u0440\u0435\u0433\u0438\u043c \u043d\u043e\u0432\u043e\u0433\u043e \u043e\u0431\u043e\u0440\u0443\u0434\u043e\u0432\u0430\u043d\u0438\u044f. \u0411\u043b\u0430\u0433\u043e\u0434\u0430\u0440\u044f \u0432\u0441\u0442\u0440\u043e\u0435\u043d\u043d\u043e\u043c\u0443 \u0442\u0440\u0430\u043d\u0441\u043f\u043e\u0440\u0442\u043d\u043e\u043c\u0443 [&#8230;]<\/p>\n<p><a class=\"btn btn-secondary understrap-read-more-link\" href=\"https:\/\/www.waterskis.lv\/ru\/product\/makskernieku-kajaks-moken-12-5\/\">\u0427\u0438\u0442\u0430\u0442\u044c \u0434\u0430\u043b\u044c\u0448\u0435\u2026<\/a><\/p>\n","protected":false},"featured_media":13519,"comment_status":"closed","ping_status":"closed","template":"","meta":{"_acf_changed":false,"inline_featured_image":false},"product_brand":[],"product_cat":[777,547],"product_tag":[],"class_list":{"0":"post-16736","1":"product","2":"type-product","3":"status-publish","4":"has-post-thumbnail","6":"product_cat-777","7":"product_cat-547","9":"first","10":"instock","11":"shipping-taxable","12":"product-type-simple"},"acf":[],"yoast_head":"<!-- This site is optimized with the Yoast SEO plugin v27.3 - https:\/\/yoast.com\/product\/yoast-seo-wordpress\/ -->\n<title>\u0420\u044b\u0431\u0430\u0446\u043a\u0438\u0439 \u043a\u0430\u044f\u043a MOKEN 12.5 - WATERSKIS.LV<\/title>\n<meta name=\"description\" content=\"\u0420\u044b\u0431\u0430\u0446\u043a\u0438\u0439 \u043a\u0430\u044f\u043a MOKEN 12.5. Waterskis.lv - SUP \u0434\u043e\u0441\u043a\u0438, \u0421\u0410\u041f \u0431\u043e\u0440\u0434\u044b, \u0431\u0430\u0439\u0434\u0430\u0440\u043a\u0438, \u043b\u043e\u0434\u043a\u0438, \u0430\u043a\u0441\u0435\u0441\u0441\u0443\u0430\u0440\u044b. \u041f\u043e\u043a\u0443\u043f\u0430\u0439\u0442\u0435, \u0430\u0440\u0435\u043d\u0434\u0443\u0439\u0442\u0435. Waterskis.lv\" \/>\n<meta name=\"robots\" content=\"index, follow, max-snippet:-1, max-image-preview:large, max-video-preview:-1\" \/>\n<link rel=\"canonical\" href=\"https:\/\/www.waterskis.lv\/ru\/product\/makskernieku-kajaks-moken-12-5\/\" \/>\n<meta property=\"og:locale\" content=\"ru_RU\" \/>\n<meta property=\"og:type\" content=\"article\" \/>\n<meta property=\"og:title\" content=\"\u0420\u044b\u0431\u0430\u0446\u043a\u0438\u0439 \u043a\u0430\u044f\u043a MOKEN 12.5 - WATERSKIS.LV\" \/>\n<meta property=\"og:description\" content=\"\u0420\u044b\u0431\u0430\u0446\u043a\u0438\u0439 \u043a\u0430\u044f\u043a MOKEN 12.5. Waterskis.lv - SUP \u0434\u043e\u0441\u043a\u0438, \u0421\u0410\u041f \u0431\u043e\u0440\u0434\u044b, \u0431\u0430\u0439\u0434\u0430\u0440\u043a\u0438, \u043b\u043e\u0434\u043a\u0438, \u0430\u043a\u0441\u0435\u0441\u0441\u0443\u0430\u0440\u044b. \u041f\u043e\u043a\u0443\u043f\u0430\u0439\u0442\u0435, \u0430\u0440\u0435\u043d\u0434\u0443\u0439\u0442\u0435. Waterskis.lv\" \/>\n<meta property=\"og:url\" content=\"https:\/\/www.waterskis.lv\/ru\/product\/makskernieku-kajaks-moken-12-5\/\" \/>\n<meta property=\"og:site_name\" content=\"WATERSKIS.LV\" \/>\n<meta property=\"article:publisher\" content=\"https:\/\/www.facebook.com\/jurmalawaterskiwakeboardpark\/\" \/>\n<meta property=\"article:modified_time\" content=\"2022-08-20T13:10:12+00:00\" \/>\n<meta property=\"og:image\" content=\"https:\/\/www.waterskis.lv\/wp-content\/uploads\/2020\/01\/MOKEN_12.5_541db8592b628.png\" \/>\n\t<meta property=\"og:image:width\" content=\"415\" \/>\n\t<meta property=\"og:image:height\" content=\"138\" \/>\n\t<meta property=\"og:image:type\" content=\"image\/png\" \/>\n<meta name=\"twitter:card\" content=\"summary_large_image\" \/>\n<meta name=\"twitter:label1\" content=\"\u041f\u0440\u0438\u043c\u0435\u0440\u043d\u043e\u0435 \u0432\u0440\u0435\u043c\u044f \u0434\u043b\u044f \u0447\u0442\u0435\u043d\u0438\u044f\" \/>\n\t<meta name=\"twitter:data1\" content=\"1 \u043c\u0438\u043d\u0443\u0442\u0430\" \/>\n<script type=\"application\/ld+json\" class=\"yoast-schema-graph\">{\"@context\":\"https:\\\/\\\/schema.org\",\"@graph\":[{\"@type\":\"WebPage\",\"@id\":\"https:\\\/\\\/www.waterskis.lv\\\/ru\\\/product\\\/makskernieku-kajaks-moken-12-5\\\/\",\"url\":\"https:\\\/\\\/www.waterskis.lv\\\/ru\\\/product\\\/makskernieku-kajaks-moken-12-5\\\/\",\"name\":\"\u0420\u044b\u0431\u0430\u0446\u043a\u0438\u0439 \u043a\u0430\u044f\u043a MOKEN 12.5 - WATERSKIS.LV\",\"isPartOf\":{\"@id\":\"https:\\\/\\\/www.waterskis.lv\\\/ru\\\/#website\"},\"primaryImageOfPage\":{\"@id\":\"https:\\\/\\\/www.waterskis.lv\\\/ru\\\/product\\\/makskernieku-kajaks-moken-12-5\\\/#primaryimage\"},\"image\":{\"@id\":\"https:\\\/\\\/www.waterskis.lv\\\/ru\\\/product\\\/makskernieku-kajaks-moken-12-5\\\/#primaryimage\"},\"thumbnailUrl\":\"https:\\\/\\\/www.waterskis.lv\\\/wp-content\\\/uploads\\\/2020\\\/01\\\/MOKEN_12.5_541db8592b628.png\",\"datePublished\":\"2020-01-26T18:00:21+00:00\",\"dateModified\":\"2022-08-20T13:10:12+00:00\",\"description\":\"\u0420\u044b\u0431\u0430\u0446\u043a\u0438\u0439 \u043a\u0430\u044f\u043a MOKEN 12.5. Waterskis.lv - SUP \u0434\u043e\u0441\u043a\u0438, \u0421\u0410\u041f \u0431\u043e\u0440\u0434\u044b, \u0431\u0430\u0439\u0434\u0430\u0440\u043a\u0438, \u043b\u043e\u0434\u043a\u0438, \u0430\u043a\u0441\u0435\u0441\u0441\u0443\u0430\u0440\u044b. \u041f\u043e\u043a\u0443\u043f\u0430\u0439\u0442\u0435, \u0430\u0440\u0435\u043d\u0434\u0443\u0439\u0442\u0435. Waterskis.lv\",\"breadcrumb\":{\"@id\":\"https:\\\/\\\/www.waterskis.lv\\\/ru\\\/product\\\/makskernieku-kajaks-moken-12-5\\\/#breadcrumb\"},\"inLanguage\":\"ru-RU\",\"potentialAction\":[{\"@type\":\"ReadAction\",\"target\":[\"https:\\\/\\\/www.waterskis.lv\\\/ru\\\/product\\\/makskernieku-kajaks-moken-12-5\\\/\"]}]},{\"@type\":\"ImageObject\",\"inLanguage\":\"ru-RU\",\"@id\":\"https:\\\/\\\/www.waterskis.lv\\\/ru\\\/product\\\/makskernieku-kajaks-moken-12-5\\\/#primaryimage\",\"url\":\"https:\\\/\\\/www.waterskis.lv\\\/wp-content\\\/uploads\\\/2020\\\/01\\\/MOKEN_12.5_541db8592b628.png\",\"contentUrl\":\"https:\\\/\\\/www.waterskis.lv\\\/wp-content\\\/uploads\\\/2020\\\/01\\\/MOKEN_12.5_541db8592b628.png\",\"width\":415,\"height\":138,\"caption\":\"\u0420\u044b\u0431\u0430\u0446\u043a\u0438\u0439 \u043a\u0430\u044f\u043a MOKEN 12.5 \u0432 \u042e\u0440\u043c\u0430\u043b\u0435\"},{\"@type\":\"BreadcrumbList\",\"@id\":\"https:\\\/\\\/www.waterskis.lv\\\/ru\\\/product\\\/makskernieku-kajaks-moken-12-5\\\/#breadcrumb\",\"itemListElement\":[{\"@type\":\"ListItem\",\"position\":1,\"name\":\"Home\",\"item\":\"https:\\\/\\\/www.waterskis.lv\\\/ru\\\/\"},{\"@type\":\"ListItem\",\"position\":2,\"name\":\"\u041c\u0430\u0433\u0430\u0437\u0438\u043d\",\"item\":\"https:\\\/\\\/www.waterskis.lv\\\/ru\\\/%d0%bc%d0%b0%d0%b3%d0%b0%d0%b7%d0%b8%d0%bd\\\/\"},{\"@type\":\"ListItem\",\"position\":3,\"name\":\"Private: \u0420\u044b\u0431\u0430\u0446\u043a\u0438\u0439 \u043a\u0430\u044f\u043a MOKEN 12.5\"}]},{\"@type\":\"WebSite\",\"@id\":\"https:\\\/\\\/www.waterskis.lv\\\/ru\\\/#website\",\"url\":\"https:\\\/\\\/www.waterskis.lv\\\/ru\\\/\",\"name\":\"WATERSKIS.LV\",\"description\":\"SUP d\u0113\u013ci, kajaki, kanoe, airu laivas, \u016bdenssl\u0113po\u0161ana, veikbords, SUP d\u0113\u013cu noma, kajaku nomaakt\u012bv\u0101s atp\u016btas centrs, laivu noma, sup noma, kajaku noma\",\"publisher\":{\"@id\":\"https:\\\/\\\/www.waterskis.lv\\\/ru\\\/#organization\"},\"potentialAction\":[{\"@type\":\"SearchAction\",\"target\":{\"@type\":\"EntryPoint\",\"urlTemplate\":\"https:\\\/\\\/www.waterskis.lv\\\/ru\\\/?s={search_term_string}\"},\"query-input\":{\"@type\":\"PropertyValueSpecification\",\"valueRequired\":true,\"valueName\":\"search_term_string\"}}],\"inLanguage\":\"ru-RU\"},{\"@type\":\"Organization\",\"@id\":\"https:\\\/\\\/www.waterskis.lv\\\/ru\\\/#organization\",\"name\":\"WATERSKIS.LV\",\"url\":\"https:\\\/\\\/www.waterskis.lv\\\/ru\\\/\",\"logo\":{\"@type\":\"ImageObject\",\"inLanguage\":\"ru-RU\",\"@id\":\"https:\\\/\\\/www.waterskis.lv\\\/ru\\\/#\\\/schema\\\/logo\\\/image\\\/\",\"url\":\"https:\\\/\\\/www.waterskis.lv\\\/wp-content\\\/uploads\\\/2025\\\/01\\\/JUVP-logo.png\",\"contentUrl\":\"https:\\\/\\\/www.waterskis.lv\\\/wp-content\\\/uploads\\\/2025\\\/01\\\/JUVP-logo.png\",\"width\":421,\"height\":202,\"caption\":\"WATERSKIS.LV\"},\"image\":{\"@id\":\"https:\\\/\\\/www.waterskis.lv\\\/ru\\\/#\\\/schema\\\/logo\\\/image\\\/\"},\"sameAs\":[\"https:\\\/\\\/www.facebook.com\\\/jurmalawaterskiwakeboardpark\\\/\"]}]}<\/script>\n<!-- \/ Yoast SEO plugin. -->","yoast_head_json":{"title":"\u0420\u044b\u0431\u0430\u0446\u043a\u0438\u0439 \u043a\u0430\u044f\u043a MOKEN 12.5 - WATERSKIS.LV","description":"\u0420\u044b\u0431\u0430\u0446\u043a\u0438\u0439 \u043a\u0430\u044f\u043a MOKEN 12.5. Waterskis.lv - SUP \u0434\u043e\u0441\u043a\u0438, \u0421\u0410\u041f \u0431\u043e\u0440\u0434\u044b, \u0431\u0430\u0439\u0434\u0430\u0440\u043a\u0438, \u043b\u043e\u0434\u043a\u0438, \u0430\u043a\u0441\u0435\u0441\u0441\u0443\u0430\u0440\u044b. \u041f\u043e\u043a\u0443\u043f\u0430\u0439\u0442\u0435, \u0430\u0440\u0435\u043d\u0434\u0443\u0439\u0442\u0435. Waterskis.lv","robots":{"index":"index","follow":"follow","max-snippet":"max-snippet:-1","max-image-preview":"max-image-preview:large","max-video-preview":"max-video-preview:-1"},"canonical":"https:\/\/www.waterskis.lv\/ru\/product\/makskernieku-kajaks-moken-12-5\/","og_locale":"ru_RU","og_type":"article","og_title":"\u0420\u044b\u0431\u0430\u0446\u043a\u0438\u0439 \u043a\u0430\u044f\u043a MOKEN 12.5 - WATERSKIS.LV","og_description":"\u0420\u044b\u0431\u0430\u0446\u043a\u0438\u0439 \u043a\u0430\u044f\u043a MOKEN 12.5. Waterskis.lv - SUP \u0434\u043e\u0441\u043a\u0438, \u0421\u0410\u041f \u0431\u043e\u0440\u0434\u044b, \u0431\u0430\u0439\u0434\u0430\u0440\u043a\u0438, \u043b\u043e\u0434\u043a\u0438, \u0430\u043a\u0441\u0435\u0441\u0441\u0443\u0430\u0440\u044b. \u041f\u043e\u043a\u0443\u043f\u0430\u0439\u0442\u0435, \u0430\u0440\u0435\u043d\u0434\u0443\u0439\u0442\u0435. Waterskis.lv","og_url":"https:\/\/www.waterskis.lv\/ru\/product\/makskernieku-kajaks-moken-12-5\/","og_site_name":"WATERSKIS.LV","article_publisher":"https:\/\/www.facebook.com\/jurmalawaterskiwakeboardpark\/","article_modified_time":"2022-08-20T13:10:12+00:00","og_image":[{"width":415,"height":138,"url":"https:\/\/www.waterskis.lv\/wp-content\/uploads\/2020\/01\/MOKEN_12.5_541db8592b628.png","type":"image\/png"}],"twitter_card":"summary_large_image","twitter_misc":{"\u041f\u0440\u0438\u043c\u0435\u0440\u043d\u043e\u0435 \u0432\u0440\u0435\u043c\u044f \u0434\u043b\u044f \u0447\u0442\u0435\u043d\u0438\u044f":"1 \u043c\u0438\u043d\u0443\u0442\u0430"},"schema":{"@context":"https:\/\/schema.org","@graph":[{"@type":"WebPage","@id":"https:\/\/www.waterskis.lv\/ru\/product\/makskernieku-kajaks-moken-12-5\/","url":"https:\/\/www.waterskis.lv\/ru\/product\/makskernieku-kajaks-moken-12-5\/","name":"\u0420\u044b\u0431\u0430\u0446\u043a\u0438\u0439 \u043a\u0430\u044f\u043a MOKEN 12.5 - WATERSKIS.LV","isPartOf":{"@id":"https:\/\/www.waterskis.lv\/ru\/#website"},"primaryImageOfPage":{"@id":"https:\/\/www.waterskis.lv\/ru\/product\/makskernieku-kajaks-moken-12-5\/#primaryimage"},"image":{"@id":"https:\/\/www.waterskis.lv\/ru\/product\/makskernieku-kajaks-moken-12-5\/#primaryimage"},"thumbnailUrl":"https:\/\/www.waterskis.lv\/wp-content\/uploads\/2020\/01\/MOKEN_12.5_541db8592b628.png","datePublished":"2020-01-26T18:00:21+00:00","dateModified":"2022-08-20T13:10:12+00:00","description":"\u0420\u044b\u0431\u0430\u0446\u043a\u0438\u0439 \u043a\u0430\u044f\u043a MOKEN 12.5. Waterskis.lv - SUP \u0434\u043e\u0441\u043a\u0438, \u0421\u0410\u041f \u0431\u043e\u0440\u0434\u044b, \u0431\u0430\u0439\u0434\u0430\u0440\u043a\u0438, \u043b\u043e\u0434\u043a\u0438, \u0430\u043a\u0441\u0435\u0441\u0441\u0443\u0430\u0440\u044b. \u041f\u043e\u043a\u0443\u043f\u0430\u0439\u0442\u0435, \u0430\u0440\u0435\u043d\u0434\u0443\u0439\u0442\u0435. Waterskis.lv","breadcrumb":{"@id":"https:\/\/www.waterskis.lv\/ru\/product\/makskernieku-kajaks-moken-12-5\/#breadcrumb"},"inLanguage":"ru-RU","potentialAction":[{"@type":"ReadAction","target":["https:\/\/www.waterskis.lv\/ru\/product\/makskernieku-kajaks-moken-12-5\/"]}]},{"@type":"ImageObject","inLanguage":"ru-RU","@id":"https:\/\/www.waterskis.lv\/ru\/product\/makskernieku-kajaks-moken-12-5\/#primaryimage","url":"https:\/\/www.waterskis.lv\/wp-content\/uploads\/2020\/01\/MOKEN_12.5_541db8592b628.png","contentUrl":"https:\/\/www.waterskis.lv\/wp-content\/uploads\/2020\/01\/MOKEN_12.5_541db8592b628.png","width":415,"height":138,"caption":"\u0420\u044b\u0431\u0430\u0446\u043a\u0438\u0439 \u043a\u0430\u044f\u043a MOKEN 12.5 \u0432 \u042e\u0440\u043c\u0430\u043b\u0435"},{"@type":"BreadcrumbList","@id":"https:\/\/www.waterskis.lv\/ru\/product\/makskernieku-kajaks-moken-12-5\/#breadcrumb","itemListElement":[{"@type":"ListItem","position":1,"name":"Home","item":"https:\/\/www.waterskis.lv\/ru\/"},{"@type":"ListItem","position":2,"name":"\u041c\u0430\u0433\u0430\u0437\u0438\u043d","item":"https:\/\/www.waterskis.lv\/ru\/%d0%bc%d0%b0%d0%b3%d0%b0%d0%b7%d0%b8%d0%bd\/"},{"@type":"ListItem","position":3,"name":"Private: \u0420\u044b\u0431\u0430\u0446\u043a\u0438\u0439 \u043a\u0430\u044f\u043a MOKEN 12.5"}]},{"@type":"WebSite","@id":"https:\/\/www.waterskis.lv\/ru\/#website","url":"https:\/\/www.waterskis.lv\/ru\/","name":"WATERSKIS.LV","description":"SUP d\u0113\u013ci, kajaki, kanoe, airu laivas, \u016bdenssl\u0113po\u0161ana, veikbords, SUP d\u0113\u013cu noma, kajaku nomaakt\u012bv\u0101s atp\u016btas centrs, laivu noma, sup noma, kajaku noma","publisher":{"@id":"https:\/\/www.waterskis.lv\/ru\/#organization"},"potentialAction":[{"@type":"SearchAction","target":{"@type":"EntryPoint","urlTemplate":"https:\/\/www.waterskis.lv\/ru\/?s={search_term_string}"},"query-input":{"@type":"PropertyValueSpecification","valueRequired":true,"valueName":"search_term_string"}}],"inLanguage":"ru-RU"},{"@type":"Organization","@id":"https:\/\/www.waterskis.lv\/ru\/#organization","name":"WATERSKIS.LV","url":"https:\/\/www.waterskis.lv\/ru\/","logo":{"@type":"ImageObject","inLanguage":"ru-RU","@id":"https:\/\/www.waterskis.lv\/ru\/#\/schema\/logo\/image\/","url":"https:\/\/www.waterskis.lv\/wp-content\/uploads\/2025\/01\/JUVP-logo.png","contentUrl":"https:\/\/www.waterskis.lv\/wp-content\/uploads\/2025\/01\/JUVP-logo.png","width":421,"height":202,"caption":"WATERSKIS.LV"},"image":{"@id":"https:\/\/www.waterskis.lv\/ru\/#\/schema\/logo\/image\/"},"sameAs":["https:\/\/www.facebook.com\/jurmalawaterskiwakeboardpark\/"]}]}},"_links":{"self":[{"href":"https:\/\/www.waterskis.lv\/ru\/wp-json\/wp\/v2\/product\/16736","targetHints":{"allow":["GET"]}}],"collection":[{"href":"https:\/\/www.waterskis.lv\/ru\/wp-json\/wp\/v2\/product"}],"about":[{"href":"https:\/\/www.waterskis.lv\/ru\/wp-json\/wp\/v2\/types\/product"}],"replies":[{"embeddable":true,"href":"https:\/\/www.waterskis.lv\/ru\/wp-json\/wp\/v2\/comments?post=16736"}],"wp:featuredmedia":[{"embeddable":true,"href":"https:\/\/www.waterskis.lv\/ru\/wp-json\/wp\/v2\/media\/13519"}],"wp:attachment":[{"href":"https:\/\/www.waterskis.lv\/ru\/wp-json\/wp\/v2\/media?parent=16736"}],"wp:term":[{"taxonomy":"product_brand","embeddable":true,"href":"https:\/\/www.waterskis.lv\/ru\/wp-json\/wp\/v2\/product_brand?post=16736"},{"taxonomy":"product_cat","embeddable":true,"href":"https:\/\/www.waterskis.lv\/ru\/wp-json\/wp\/v2\/product_cat?post=16736"},{"taxonomy":"product_tag","embeddable":true,"href":"https:\/\/www.waterskis.lv\/ru\/wp-json\/wp\/v2\/product_tag?post=16736"}],"curies":[{"name":"wp","href":"https:\/\/api.w.org\/{rel}","templated":true}]}}