{"id":16942,"date":"2020-04-10T10:46:38","date_gmt":"2020-04-10T07:46:38","guid":{"rendered":"https:\/\/www.waterskis.lv\/product\/elektromotors-haibo-t-18-mini\/"},"modified":"2022-06-13T06:06:15","modified_gmt":"2022-06-13T03:06:15","slug":"%d0%bb%d0%be%d0%b4%d0%be%d1%87%d0%bd%d1%8b%d0%b9-%d1%8d%d0%bb%d0%b5%d0%ba%d1%82%d1%80%d0%be%d0%bc%d0%be%d1%82%d0%be%d1%80-haibo-t-18","status":"publish","type":"product","link":"https:\/\/www.waterskis.lv\/ru\/product\/%d0%bb%d0%be%d0%b4%d0%be%d1%87%d0%bd%d1%8b%d0%b9-%d1%8d%d0%bb%d0%b5%d0%ba%d1%82%d1%80%d0%be%d0%bc%d0%be%d1%82%d0%be%d1%80-haibo-t-18\/","title":{"rendered":"\u041b\u043e\u0434\u043e\u0447\u043d\u044b\u0439 \u044d\u043b\u0435\u043a\u0442\u0440\u043e\u043c\u043e\u0442\u043e\u0440 HAIBO T-18"},"content":{"rendered":"<p>\u041b\u043e\u0434\u043e\u0447\u043d\u044b\u0439 \u044d\u043b\u0435\u043a\u0442\u0440\u043e\u043c\u043e\u0442\u043e\u0440 HAIBO T-18<\/p>\n<p>\u041b\u043e\u0434\u043e\u0447\u043d\u044b\u0439 \u044d\u043b\u0435\u043a\u0442\u0440\u043e\u043c\u043e\u0442\u043e\u0440 HAIBO T-18. \u041f\u043e\u0434\u0432\u0435\u0441\u043d\u043e\u0439 \u043b\u043e\u0434\u043e\u0447\u043d\u044b\u0439 \u044d\u043b\u0435\u043a\u0442\u0440\u043e\u043c\u043e\u0442\u043e\u0440 Haibo. \u041c\u043e\u0434\u0435\u043b\u044c T-18<br \/>\n\u0421\u0430\u043c\u044b\u0439 \u043c\u0430\u043b\u0435\u043d\u044c\u043a\u0438\u0439 \u0438 \u043b\u0451\u0433\u043a\u0438\u0439 \u044d\u043b\u0435\u043a\u0442\u0440\u043e\u043c\u043e\u0442\u043e\u0440 \u043e\u0447\u0435\u043d\u044c \u043d\u0438\u0437\u043a\u043e\u0435 \u044d\u043d\u0435\u0433\u0440\u043e\u043f\u043e\u0442\u0440\u0435\u0431\u043b\u0435\u043d\u0438\u0435 \u0432 3 \u0440\u0430\u0437\u0430 \u043d\u0438\u0436\u0435 \u0447\u0435\u043c \u0443 \u043e\u0431\u044b\u0447\u043d\u044b\u0445 \u044d\u043b\u0435\u043a\u0442\u0440\u043e\u043c\u043e\u0442\u043e\u0440\u043e\u0432<\/p>\n<p>\u041e\u0441\u043d\u043e\u0432\u043d\u044b\u0435 \u0445\u0430\u0440\u0430\u043a\u0442\u0435\u0440\u0438\u0441\u0442\u0438\u043a\u0438:<br \/>\n\u041c\u043e\u0449\u043d\u043e\u0441\u0442\u044c &#8212; 200 W<br \/>\n\u041d\u0430\u043f\u0440\u044f\u0436\u0435\u043d\u0438\u0435 &#8212; 12 V<br \/>\n\u0422\u043e\u043a \u043f\u043e\u0442\u0440\u0435\u0431\u043b\u0435\u043d\u0438\u044f &#8212; 12 A<br \/>\n\u0422\u044f\u0433\u043e\u0432\u043e\u0435 \u0443\u0441\u0438\u043b\u0438\u0435 &#8212; 12 lbs<br \/>\n\u0412\u044b\u0434\u0432\u0438\u0436\u043d\u0430\u044f \u0440\u0443\u0447\u043a\u0430, 2 \u043f\u0435\u0440\u0435\u0434\u0430\u0447\u0438 \u0432\u043f\u0435\u0440\u0451\u0434, 2 \u043d\u0430\u0437\u0430\u0434<br \/>\n\u0412 \u043a\u043e\u043c\u043f\u043b\u0435\u043a\u0442\u0435 \u0437\u0430\u043f\u0430\u0441\u043d\u043e\u0439 \u0432\u0438\u043d\u0442<\/p>\n<p>\u041c\u0430\u0441\u0441\u0430 \u043d\u0435\u0442\u0442\u043e: 2,5 \u043a\u0433<\/p>\n<p>\u041f\u0440\u043e\u0438\u0437\u0432\u043e\u0434\u0438\u0442\u0435\u043b\u044c Ningbo Haibo Machinery Manufacture Co., Ltd.,#63 Beida Road, Jiangshan Xinghuo Industrial Zone, Yinzhou District.Ningbo, \u041a\u0438\u0442\u0430\u0439<\/p>\n","protected":false},"excerpt":{"rendered":"<p>https:\/\/www.youtube.com\/watch?v=jxTVhJsAtCs [&#8230;]<\/p>\n<p><a class=\"btn btn-secondary understrap-read-more-link\" href=\"https:\/\/www.waterskis.lv\/ru\/product\/%d0%bb%d0%be%d0%b4%d0%be%d1%87%d0%bd%d1%8b%d0%b9-%d1%8d%d0%bb%d0%b5%d0%ba%d1%82%d1%80%d0%be%d0%bc%d0%be%d1%82%d0%be%d1%80-haibo-t-18\/\">\u0427\u0438\u0442\u0430\u0442\u044c \u0434\u0430\u043b\u044c\u0448\u0435\u2026<\/a><\/p>\n","protected":false},"featured_media":16928,"comment_status":"closed","ping_status":"closed","template":"","meta":{"_acf_changed":false,"inline_featured_image":false},"product_brand":[],"product_cat":[362],"product_tag":[],"class_list":{"0":"post-16942","1":"product","2":"type-product","3":"status-publish","4":"has-post-thumbnail","6":"product_cat-c","8":"first","9":"outofstock","10":"sale","11":"shipping-taxable","12":"purchasable","13":"product-type-simple"},"acf":[],"yoast_head":"<!-- This site is optimized with the Yoast SEO plugin v27.4 - https:\/\/yoast.com\/product\/yoast-seo-wordpress\/ -->\n<title>\u041b\u043e\u0434\u043e\u0447\u043d\u044b\u0439 \u044d\u043b\u0435\u043a\u0442\u0440\u043e\u043c\u043e\u0442\u043e\u0440 HAIBO T-18 - WATERSKIS.LV<\/title>\n<meta name=\"description\" content=\"\u041b\u043e\u0434\u043e\u0447\u043d\u044b\u0439 \u044d\u043b\u0435\u043a\u0442\u0440\u043e\u043c\u043e\u0442\u043e\u0440 HAIBO T-18. Waterskis.lv - SUP \u0434\u043e\u0441\u043a\u0438, \u0421\u0410\u041f \u0431\u043e\u0440\u0434\u044b, \u0431\u0430\u0439\u0434\u0430\u0440\u043a\u0438, \u043b\u043e\u0434\u043a\u0438, \u0430\u043a\u0441\u0435\u0441\u0441\u0443\u0430\u0440\u044b. \u041f\u043e\u043a\u0443\u043f\u0430\u0439\u0442\u0435, \u0430\u0440\u0435\u043d\u0434\u0443\u0439\u0442\u0435\" \/>\n<meta name=\"robots\" content=\"index, follow, max-snippet:-1, max-image-preview:large, max-video-preview:-1\" \/>\n<link rel=\"canonical\" href=\"https:\/\/www.waterskis.lv\/ru\/product\/%d0%bb%d0%be%d0%b4%d0%be%d1%87%d0%bd%d1%8b%d0%b9-%d1%8d%d0%bb%d0%b5%d0%ba%d1%82%d1%80%d0%be%d0%bc%d0%be%d1%82%d0%be%d1%80-haibo-t-18\/\" \/>\n<meta property=\"og:locale\" content=\"ru_RU\" \/>\n<meta property=\"og:type\" content=\"article\" \/>\n<meta property=\"og:title\" content=\"\u041b\u043e\u0434\u043e\u0447\u043d\u044b\u0439 \u044d\u043b\u0435\u043a\u0442\u0440\u043e\u043c\u043e\u0442\u043e\u0440 HAIBO T-18\" \/>\n<meta property=\"og:description\" content=\"\u041b\u043e\u0434\u043e\u0447\u043d\u044b\u0439 \u044d\u043b\u0435\u043a\u0442\u0440\u043e\u043c\u043e\u0442\u043e\u0440 HAIBO T-18\" \/>\n<meta property=\"og:url\" content=\"https:\/\/www.waterskis.lv\/ru\/product\/%d0%bb%d0%be%d0%b4%d0%be%d1%87%d0%bd%d1%8b%d0%b9-%d1%8d%d0%bb%d0%b5%d0%ba%d1%82%d1%80%d0%be%d0%bc%d0%be%d1%82%d0%be%d1%80-haibo-t-18\/\" \/>\n<meta property=\"og:site_name\" content=\"WATERSKIS.LV\" \/>\n<meta property=\"article:publisher\" content=\"https:\/\/www.facebook.com\/jurmalawaterskiwakeboardpark\/\" \/>\n<meta property=\"article:modified_time\" content=\"2022-06-13T03:06:15+00:00\" \/>\n<meta property=\"og:image\" content=\"https:\/\/www.waterskis.lv\/wp-content\/uploads\/2020\/04\/Haibo..jpg\" \/>\n<meta name=\"twitter:card\" content=\"summary_large_image\" \/>\n<meta name=\"twitter:title\" content=\"\u041b\u043e\u0434\u043e\u0447\u043d\u044b\u0439 \u044d\u043b\u0435\u043a\u0442\u0440\u043e\u043c\u043e\u0442\u043e\u0440 HAIBO T-18\" \/>\n<meta name=\"twitter:description\" content=\"\u041b\u043e\u0434\u043e\u0447\u043d\u044b\u0439 \u044d\u043b\u0435\u043a\u0442\u0440\u043e\u043c\u043e\u0442\u043e\u0440 HAIBO T-18\" \/>\n<meta name=\"twitter:image\" content=\"https:\/\/www.waterskis.lv\/wp-content\/uploads\/2020\/04\/Haibo..jpg\" \/>\n<script type=\"application\/ld+json\" class=\"yoast-schema-graph\">{\"@context\":\"https:\\\/\\\/schema.org\",\"@graph\":[{\"@type\":\"WebPage\",\"@id\":\"https:\\\/\\\/www.waterskis.lv\\\/ru\\\/product\\\/%d0%bb%d0%be%d0%b4%d0%be%d1%87%d0%bd%d1%8b%d0%b9-%d1%8d%d0%bb%d0%b5%d0%ba%d1%82%d1%80%d0%be%d0%bc%d0%be%d1%82%d0%be%d1%80-haibo-t-18\\\/\",\"url\":\"https:\\\/\\\/www.waterskis.lv\\\/ru\\\/product\\\/%d0%bb%d0%be%d0%b4%d0%be%d1%87%d0%bd%d1%8b%d0%b9-%d1%8d%d0%bb%d0%b5%d0%ba%d1%82%d1%80%d0%be%d0%bc%d0%be%d1%82%d0%be%d1%80-haibo-t-18\\\/\",\"name\":\"\u041b\u043e\u0434\u043e\u0447\u043d\u044b\u0439 \u044d\u043b\u0435\u043a\u0442\u0440\u043e\u043c\u043e\u0442\u043e\u0440 HAIBO T-18 - WATERSKIS.LV\",\"isPartOf\":{\"@id\":\"https:\\\/\\\/www.waterskis.lv\\\/ru\\\/#website\"},\"primaryImageOfPage\":{\"@id\":\"https:\\\/\\\/www.waterskis.lv\\\/ru\\\/product\\\/%d0%bb%d0%be%d0%b4%d0%be%d1%87%d0%bd%d1%8b%d0%b9-%d1%8d%d0%bb%d0%b5%d0%ba%d1%82%d1%80%d0%be%d0%bc%d0%be%d1%82%d0%be%d1%80-haibo-t-18\\\/#primaryimage\"},\"image\":{\"@id\":\"https:\\\/\\\/www.waterskis.lv\\\/ru\\\/product\\\/%d0%bb%d0%be%d0%b4%d0%be%d1%87%d0%bd%d1%8b%d0%b9-%d1%8d%d0%bb%d0%b5%d0%ba%d1%82%d1%80%d0%be%d0%bc%d0%be%d1%82%d0%be%d1%80-haibo-t-18\\\/#primaryimage\"},\"thumbnailUrl\":\"https:\\\/\\\/www.waterskis.lv\\\/wp-content\\\/uploads\\\/2020\\\/04\\\/Haibo..jpg\",\"datePublished\":\"2020-04-10T07:46:38+00:00\",\"dateModified\":\"2022-06-13T03:06:15+00:00\",\"description\":\"\u041b\u043e\u0434\u043e\u0447\u043d\u044b\u0439 \u044d\u043b\u0435\u043a\u0442\u0440\u043e\u043c\u043e\u0442\u043e\u0440 HAIBO T-18. Waterskis.lv - SUP \u0434\u043e\u0441\u043a\u0438, \u0421\u0410\u041f \u0431\u043e\u0440\u0434\u044b, \u0431\u0430\u0439\u0434\u0430\u0440\u043a\u0438, \u043b\u043e\u0434\u043a\u0438, \u0430\u043a\u0441\u0435\u0441\u0441\u0443\u0430\u0440\u044b. \u041f\u043e\u043a\u0443\u043f\u0430\u0439\u0442\u0435, \u0430\u0440\u0435\u043d\u0434\u0443\u0439\u0442\u0435\",\"breadcrumb\":{\"@id\":\"https:\\\/\\\/www.waterskis.lv\\\/ru\\\/product\\\/%d0%bb%d0%be%d0%b4%d0%be%d1%87%d0%bd%d1%8b%d0%b9-%d1%8d%d0%bb%d0%b5%d0%ba%d1%82%d1%80%d0%be%d0%bc%d0%be%d1%82%d0%be%d1%80-haibo-t-18\\\/#breadcrumb\"},\"inLanguage\":\"ru-RU\",\"potentialAction\":[{\"@type\":\"ReadAction\",\"target\":[\"https:\\\/\\\/www.waterskis.lv\\\/ru\\\/product\\\/%d0%bb%d0%be%d0%b4%d0%be%d1%87%d0%bd%d1%8b%d0%b9-%d1%8d%d0%bb%d0%b5%d0%ba%d1%82%d1%80%d0%be%d0%bc%d0%be%d1%82%d0%be%d1%80-haibo-t-18\\\/\"]}]},{\"@type\":\"ImageObject\",\"inLanguage\":\"ru-RU\",\"@id\":\"https:\\\/\\\/www.waterskis.lv\\\/ru\\\/product\\\/%d0%bb%d0%be%d0%b4%d0%be%d1%87%d0%bd%d1%8b%d0%b9-%d1%8d%d0%bb%d0%b5%d0%ba%d1%82%d1%80%d0%be%d0%bc%d0%be%d1%82%d0%be%d1%80-haibo-t-18\\\/#primaryimage\",\"url\":\"https:\\\/\\\/www.waterskis.lv\\\/wp-content\\\/uploads\\\/2020\\\/04\\\/Haibo..jpg\",\"contentUrl\":\"https:\\\/\\\/www.waterskis.lv\\\/wp-content\\\/uploads\\\/2020\\\/04\\\/Haibo..jpg\",\"width\":600,\"height\":600,\"caption\":\"\u041b\u043e\u0434\u043e\u0447\u043d\u044b\u0439 \u044d\u043b\u0435\u043a\u0442\u0440\u043e\u043c\u043e\u0442\u043e\u0440 HAIBO T-18\"},{\"@type\":\"BreadcrumbList\",\"@id\":\"https:\\\/\\\/www.waterskis.lv\\\/ru\\\/product\\\/%d0%bb%d0%be%d0%b4%d0%be%d1%87%d0%bd%d1%8b%d0%b9-%d1%8d%d0%bb%d0%b5%d0%ba%d1%82%d1%80%d0%be%d0%bc%d0%be%d1%82%d0%be%d1%80-haibo-t-18\\\/#breadcrumb\",\"itemListElement\":[{\"@type\":\"ListItem\",\"position\":1,\"name\":\"Home\",\"item\":\"https:\\\/\\\/www.waterskis.lv\\\/ru\\\/\"},{\"@type\":\"ListItem\",\"position\":2,\"name\":\"\u041c\u0430\u0433\u0430\u0437\u0438\u043d\",\"item\":\"https:\\\/\\\/www.waterskis.lv\\\/ru\\\/%d0%bc%d0%b0%d0%b3%d0%b0%d0%b7%d0%b8%d0%bd\\\/\"},{\"@type\":\"ListItem\",\"position\":3,\"name\":\"\u041b\u043e\u0434\u043e\u0447\u043d\u044b\u0439 \u044d\u043b\u0435\u043a\u0442\u0440\u043e\u043c\u043e\u0442\u043e\u0440 HAIBO T-18\"}]},{\"@type\":\"WebSite\",\"@id\":\"https:\\\/\\\/www.waterskis.lv\\\/ru\\\/#website\",\"url\":\"https:\\\/\\\/www.waterskis.lv\\\/ru\\\/\",\"name\":\"WATERSKIS.LV\",\"description\":\"SUP d\u0113\u013ci, kajaki, kanoe, airu laivas, \u016bdenssl\u0113po\u0161ana, veikbords, SUP d\u0113\u013cu noma, kajaku nomaakt\u012bv\u0101s atp\u016btas centrs, laivu noma, sup noma, kajaku noma\",\"publisher\":{\"@id\":\"https:\\\/\\\/www.waterskis.lv\\\/ru\\\/#organization\"},\"potentialAction\":[{\"@type\":\"SearchAction\",\"target\":{\"@type\":\"EntryPoint\",\"urlTemplate\":\"https:\\\/\\\/www.waterskis.lv\\\/ru\\\/?s={search_term_string}\"},\"query-input\":{\"@type\":\"PropertyValueSpecification\",\"valueRequired\":true,\"valueName\":\"search_term_string\"}}],\"inLanguage\":\"ru-RU\"},{\"@type\":\"Organization\",\"@id\":\"https:\\\/\\\/www.waterskis.lv\\\/ru\\\/#organization\",\"name\":\"WATERSKIS.LV\",\"url\":\"https:\\\/\\\/www.waterskis.lv\\\/ru\\\/\",\"logo\":{\"@type\":\"ImageObject\",\"inLanguage\":\"ru-RU\",\"@id\":\"https:\\\/\\\/www.waterskis.lv\\\/ru\\\/#\\\/schema\\\/logo\\\/image\\\/\",\"url\":\"https:\\\/\\\/www.waterskis.lv\\\/wp-content\\\/uploads\\\/2025\\\/01\\\/JUVP-logo.png\",\"contentUrl\":\"https:\\\/\\\/www.waterskis.lv\\\/wp-content\\\/uploads\\\/2025\\\/01\\\/JUVP-logo.png\",\"width\":421,\"height\":202,\"caption\":\"WATERSKIS.LV\"},\"image\":{\"@id\":\"https:\\\/\\\/www.waterskis.lv\\\/ru\\\/#\\\/schema\\\/logo\\\/image\\\/\"},\"sameAs\":[\"https:\\\/\\\/www.facebook.com\\\/jurmalawaterskiwakeboardpark\\\/\"]}]}<\/script>\n<!-- \/ Yoast SEO plugin. -->","yoast_head_json":{"title":"\u041b\u043e\u0434\u043e\u0447\u043d\u044b\u0439 \u044d\u043b\u0435\u043a\u0442\u0440\u043e\u043c\u043e\u0442\u043e\u0440 HAIBO T-18 - WATERSKIS.LV","description":"\u041b\u043e\u0434\u043e\u0447\u043d\u044b\u0439 \u044d\u043b\u0435\u043a\u0442\u0440\u043e\u043c\u043e\u0442\u043e\u0440 HAIBO T-18. Waterskis.lv - SUP \u0434\u043e\u0441\u043a\u0438, \u0421\u0410\u041f \u0431\u043e\u0440\u0434\u044b, \u0431\u0430\u0439\u0434\u0430\u0440\u043a\u0438, \u043b\u043e\u0434\u043a\u0438, \u0430\u043a\u0441\u0435\u0441\u0441\u0443\u0430\u0440\u044b. \u041f\u043e\u043a\u0443\u043f\u0430\u0439\u0442\u0435, \u0430\u0440\u0435\u043d\u0434\u0443\u0439\u0442\u0435","robots":{"index":"index","follow":"follow","max-snippet":"max-snippet:-1","max-image-preview":"max-image-preview:large","max-video-preview":"max-video-preview:-1"},"canonical":"https:\/\/www.waterskis.lv\/ru\/product\/%d0%bb%d0%be%d0%b4%d0%be%d1%87%d0%bd%d1%8b%d0%b9-%d1%8d%d0%bb%d0%b5%d0%ba%d1%82%d1%80%d0%be%d0%bc%d0%be%d1%82%d0%be%d1%80-haibo-t-18\/","og_locale":"ru_RU","og_type":"article","og_title":"\u041b\u043e\u0434\u043e\u0447\u043d\u044b\u0439 \u044d\u043b\u0435\u043a\u0442\u0440\u043e\u043c\u043e\u0442\u043e\u0440 HAIBO T-18","og_description":"\u041b\u043e\u0434\u043e\u0447\u043d\u044b\u0439 \u044d\u043b\u0435\u043a\u0442\u0440\u043e\u043c\u043e\u0442\u043e\u0440 HAIBO T-18","og_url":"https:\/\/www.waterskis.lv\/ru\/product\/%d0%bb%d0%be%d0%b4%d0%be%d1%87%d0%bd%d1%8b%d0%b9-%d1%8d%d0%bb%d0%b5%d0%ba%d1%82%d1%80%d0%be%d0%bc%d0%be%d1%82%d0%be%d1%80-haibo-t-18\/","og_site_name":"WATERSKIS.LV","article_publisher":"https:\/\/www.facebook.com\/jurmalawaterskiwakeboardpark\/","article_modified_time":"2022-06-13T03:06:15+00:00","og_image":[{"url":"https:\/\/www.waterskis.lv\/wp-content\/uploads\/2020\/04\/Haibo..jpg","type":"","width":"","height":""}],"twitter_card":"summary_large_image","twitter_title":"\u041b\u043e\u0434\u043e\u0447\u043d\u044b\u0439 \u044d\u043b\u0435\u043a\u0442\u0440\u043e\u043c\u043e\u0442\u043e\u0440 HAIBO T-18","twitter_description":"\u041b\u043e\u0434\u043e\u0447\u043d\u044b\u0439 \u044d\u043b\u0435\u043a\u0442\u0440\u043e\u043c\u043e\u0442\u043e\u0440 HAIBO T-18","twitter_image":"https:\/\/www.waterskis.lv\/wp-content\/uploads\/2020\/04\/Haibo..jpg","schema":{"@context":"https:\/\/schema.org","@graph":[{"@type":"WebPage","@id":"https:\/\/www.waterskis.lv\/ru\/product\/%d0%bb%d0%be%d0%b4%d0%be%d1%87%d0%bd%d1%8b%d0%b9-%d1%8d%d0%bb%d0%b5%d0%ba%d1%82%d1%80%d0%be%d0%bc%d0%be%d1%82%d0%be%d1%80-haibo-t-18\/","url":"https:\/\/www.waterskis.lv\/ru\/product\/%d0%bb%d0%be%d0%b4%d0%be%d1%87%d0%bd%d1%8b%d0%b9-%d1%8d%d0%bb%d0%b5%d0%ba%d1%82%d1%80%d0%be%d0%bc%d0%be%d1%82%d0%be%d1%80-haibo-t-18\/","name":"\u041b\u043e\u0434\u043e\u0447\u043d\u044b\u0439 \u044d\u043b\u0435\u043a\u0442\u0440\u043e\u043c\u043e\u0442\u043e\u0440 HAIBO T-18 - WATERSKIS.LV","isPartOf":{"@id":"https:\/\/www.waterskis.lv\/ru\/#website"},"primaryImageOfPage":{"@id":"https:\/\/www.waterskis.lv\/ru\/product\/%d0%bb%d0%be%d0%b4%d0%be%d1%87%d0%bd%d1%8b%d0%b9-%d1%8d%d0%bb%d0%b5%d0%ba%d1%82%d1%80%d0%be%d0%bc%d0%be%d1%82%d0%be%d1%80-haibo-t-18\/#primaryimage"},"image":{"@id":"https:\/\/www.waterskis.lv\/ru\/product\/%d0%bb%d0%be%d0%b4%d0%be%d1%87%d0%bd%d1%8b%d0%b9-%d1%8d%d0%bb%d0%b5%d0%ba%d1%82%d1%80%d0%be%d0%bc%d0%be%d1%82%d0%be%d1%80-haibo-t-18\/#primaryimage"},"thumbnailUrl":"https:\/\/www.waterskis.lv\/wp-content\/uploads\/2020\/04\/Haibo..jpg","datePublished":"2020-04-10T07:46:38+00:00","dateModified":"2022-06-13T03:06:15+00:00","description":"\u041b\u043e\u0434\u043e\u0447\u043d\u044b\u0439 \u044d\u043b\u0435\u043a\u0442\u0440\u043e\u043c\u043e\u0442\u043e\u0440 HAIBO T-18. Waterskis.lv - SUP \u0434\u043e\u0441\u043a\u0438, \u0421\u0410\u041f \u0431\u043e\u0440\u0434\u044b, \u0431\u0430\u0439\u0434\u0430\u0440\u043a\u0438, \u043b\u043e\u0434\u043a\u0438, \u0430\u043a\u0441\u0435\u0441\u0441\u0443\u0430\u0440\u044b. \u041f\u043e\u043a\u0443\u043f\u0430\u0439\u0442\u0435, \u0430\u0440\u0435\u043d\u0434\u0443\u0439\u0442\u0435","breadcrumb":{"@id":"https:\/\/www.waterskis.lv\/ru\/product\/%d0%bb%d0%be%d0%b4%d0%be%d1%87%d0%bd%d1%8b%d0%b9-%d1%8d%d0%bb%d0%b5%d0%ba%d1%82%d1%80%d0%be%d0%bc%d0%be%d1%82%d0%be%d1%80-haibo-t-18\/#breadcrumb"},"inLanguage":"ru-RU","potentialAction":[{"@type":"ReadAction","target":["https:\/\/www.waterskis.lv\/ru\/product\/%d0%bb%d0%be%d0%b4%d0%be%d1%87%d0%bd%d1%8b%d0%b9-%d1%8d%d0%bb%d0%b5%d0%ba%d1%82%d1%80%d0%be%d0%bc%d0%be%d1%82%d0%be%d1%80-haibo-t-18\/"]}]},{"@type":"ImageObject","inLanguage":"ru-RU","@id":"https:\/\/www.waterskis.lv\/ru\/product\/%d0%bb%d0%be%d0%b4%d0%be%d1%87%d0%bd%d1%8b%d0%b9-%d1%8d%d0%bb%d0%b5%d0%ba%d1%82%d1%80%d0%be%d0%bc%d0%be%d1%82%d0%be%d1%80-haibo-t-18\/#primaryimage","url":"https:\/\/www.waterskis.lv\/wp-content\/uploads\/2020\/04\/Haibo..jpg","contentUrl":"https:\/\/www.waterskis.lv\/wp-content\/uploads\/2020\/04\/Haibo..jpg","width":600,"height":600,"caption":"\u041b\u043e\u0434\u043e\u0447\u043d\u044b\u0439 \u044d\u043b\u0435\u043a\u0442\u0440\u043e\u043c\u043e\u0442\u043e\u0440 HAIBO T-18"},{"@type":"BreadcrumbList","@id":"https:\/\/www.waterskis.lv\/ru\/product\/%d0%bb%d0%be%d0%b4%d0%be%d1%87%d0%bd%d1%8b%d0%b9-%d1%8d%d0%bb%d0%b5%d0%ba%d1%82%d1%80%d0%be%d0%bc%d0%be%d1%82%d0%be%d1%80-haibo-t-18\/#breadcrumb","itemListElement":[{"@type":"ListItem","position":1,"name":"Home","item":"https:\/\/www.waterskis.lv\/ru\/"},{"@type":"ListItem","position":2,"name":"\u041c\u0430\u0433\u0430\u0437\u0438\u043d","item":"https:\/\/www.waterskis.lv\/ru\/%d0%bc%d0%b0%d0%b3%d0%b0%d0%b7%d0%b8%d0%bd\/"},{"@type":"ListItem","position":3,"name":"\u041b\u043e\u0434\u043e\u0447\u043d\u044b\u0439 \u044d\u043b\u0435\u043a\u0442\u0440\u043e\u043c\u043e\u0442\u043e\u0440 HAIBO T-18"}]},{"@type":"WebSite","@id":"https:\/\/www.waterskis.lv\/ru\/#website","url":"https:\/\/www.waterskis.lv\/ru\/","name":"WATERSKIS.LV","description":"SUP d\u0113\u013ci, kajaki, kanoe, airu laivas, \u016bdenssl\u0113po\u0161ana, veikbords, SUP d\u0113\u013cu noma, kajaku nomaakt\u012bv\u0101s atp\u016btas centrs, laivu noma, sup noma, kajaku noma","publisher":{"@id":"https:\/\/www.waterskis.lv\/ru\/#organization"},"potentialAction":[{"@type":"SearchAction","target":{"@type":"EntryPoint","urlTemplate":"https:\/\/www.waterskis.lv\/ru\/?s={search_term_string}"},"query-input":{"@type":"PropertyValueSpecification","valueRequired":true,"valueName":"search_term_string"}}],"inLanguage":"ru-RU"},{"@type":"Organization","@id":"https:\/\/www.waterskis.lv\/ru\/#organization","name":"WATERSKIS.LV","url":"https:\/\/www.waterskis.lv\/ru\/","logo":{"@type":"ImageObject","inLanguage":"ru-RU","@id":"https:\/\/www.waterskis.lv\/ru\/#\/schema\/logo\/image\/","url":"https:\/\/www.waterskis.lv\/wp-content\/uploads\/2025\/01\/JUVP-logo.png","contentUrl":"https:\/\/www.waterskis.lv\/wp-content\/uploads\/2025\/01\/JUVP-logo.png","width":421,"height":202,"caption":"WATERSKIS.LV"},"image":{"@id":"https:\/\/www.waterskis.lv\/ru\/#\/schema\/logo\/image\/"},"sameAs":["https:\/\/www.facebook.com\/jurmalawaterskiwakeboardpark\/"]}]}},"_links":{"self":[{"href":"https:\/\/www.waterskis.lv\/ru\/wp-json\/wp\/v2\/product\/16942","targetHints":{"allow":["GET"]}}],"collection":[{"href":"https:\/\/www.waterskis.lv\/ru\/wp-json\/wp\/v2\/product"}],"about":[{"href":"https:\/\/www.waterskis.lv\/ru\/wp-json\/wp\/v2\/types\/product"}],"replies":[{"embeddable":true,"href":"https:\/\/www.waterskis.lv\/ru\/wp-json\/wp\/v2\/comments?post=16942"}],"wp:featuredmedia":[{"embeddable":true,"href":"https:\/\/www.waterskis.lv\/ru\/wp-json\/wp\/v2\/media\/16928"}],"wp:attachment":[{"href":"https:\/\/www.waterskis.lv\/ru\/wp-json\/wp\/v2\/media?parent=16942"}],"wp:term":[{"taxonomy":"product_brand","embeddable":true,"href":"https:\/\/www.waterskis.lv\/ru\/wp-json\/wp\/v2\/product_brand?post=16942"},{"taxonomy":"product_cat","embeddable":true,"href":"https:\/\/www.waterskis.lv\/ru\/wp-json\/wp\/v2\/product_cat?post=16942"},{"taxonomy":"product_tag","embeddable":true,"href":"https:\/\/www.waterskis.lv\/ru\/wp-json\/wp\/v2\/product_tag?post=16942"}],"curies":[{"name":"wp","href":"https:\/\/api.w.org\/{rel}","templated":true}]}}