{"id":25724,"date":"2020-09-18T08:22:17","date_gmt":"2020-09-18T05:22:17","guid":{"rendered":"https:\/\/www.waterskis.lv\/product\/airu-laiva-bic-sportyak-213\/"},"modified":"2026-02-06T11:25:42","modified_gmt":"2026-02-06T09:25:42","slug":"%d0%bb%d0%be%d0%b4%d0%ba%d0%b0-%d0%bd%d0%b0-%d0%b2%d0%b5%d1%81%d0%bb%d0%b0%d1%85-bic-sportyak-213","status":"publish","type":"product","link":"https:\/\/www.waterskis.lv\/ru\/product\/%d0%bb%d0%be%d0%b4%d0%ba%d0%b0-%d0%bd%d0%b0-%d0%b2%d0%b5%d1%81%d0%bb%d0%b0%d1%85-bic-sportyak-213\/","title":{"rendered":"\u041b\u043e\u0434\u043a\u0430 \u043d\u0430 \u0432\u0435\u0441\u043b\u0430\u0445 BIC SPORTYAK 213"},"content":{"rendered":"<h1>\u041b\u043e\u0434\u043a\u0430 \u043d\u0430 \u0432\u0435\u0441\u043b\u0430\u0445 BIC SPORTYAK 213<\/h1>\n<p>\u041b\u043e\u0434\u043a\u0430 \u043d\u0430 \u0432\u0435\u0441\u043b\u0430\u0445 BIC SPORTYAK 213<\/p>\n<p>Sportyak 213 &#8212; \u0438\u0434\u0435\u0430\u043b\u044c\u043d\u0430\u044f \u0438 \u0443\u0434\u043e\u0431\u043d\u0430\u044f \u0432 \u0445\u0440\u0430\u043d\u0435\u043d\u0438\u0438 \u043b\u043e\u0434\u043a\u0430, \u043a\u043e\u0442\u043e\u0440\u0443\u044e \u043c\u043e\u0436\u043d\u043e \u0438\u0441\u043f\u043e\u043b\u044c\u0437\u043e\u0432\u0430\u0442\u044c \u043a\u0430\u043a \u0441 \u0432\u0435\u0441\u043b\u0430\u043c\u0438, \u0442\u0430\u043a \u0438 \u0441 \u043d\u0435\u0431\u043e\u043b\u044c\u0448\u0438\u043c \u043c\u043e\u0442\u043e\u0440\u043e\u043c.<br \/>\n\u041f\u043e \u0432\u044b\u0445\u043e\u0434\u043d\u044b\u043c \u043e\u043d \u043c\u043e\u0436\u0435\u0442 \u0441\u0442\u0430\u0442\u044c \u043e\u0442\u043b\u0438\u0447\u043d\u043e\u0439 \u0438 \u0431\u0435\u0437\u043e\u043f\u0430\u0441\u043d\u043e\u0439 \u0438\u0433\u0440\u0443\u0448\u043a\u043e\u0439 \u0434\u043b\u044f \u0434\u0435\u0442\u0435\u0439 \u0433\u0434\u0435 \u0443\u0433\u043e\u0434\u043d\u043e &#8212; \u0432 \u043f\u043e\u0440\u0442\u0430\u0445, \u043e\u0437\u0435\u0440\u0430\u0445, \u0440\u0435\u043a\u0430\u0445 \u0438\u043b\u0438 \u043d\u0430 \u043f\u043b\u044f\u0436\u0435.<br \/>\nSportyak 213 &#8212; \u0441\u0430\u043c\u0430\u044f \u0441\u043e\u0432\u0435\u0440\u0448\u0435\u043d\u043d\u0430\u044f \u0433\u0440\u0435\u0431\u043d\u0430\u044f \u043b\u043e\u0434\u043a\u0430 \u043d\u0430 \u0440\u044b\u043d\u043a\u0435.<\/p>\n<p>\u0422\u0438\u043f PE \u043a\u043e\u0440\u0430\u0431\u043b\u044c<br \/>\n\u0414\u043b\u0438\u043d\u0430 213 \u0441\u043c<br \/>\n\u0428\u0438\u0440\u0438\u043d\u0430 115<br \/>\n\u0412\u0435\u0441 19 \u043a\u0433<br \/>\n\u041c\u0430\u0442\u0435\u0440\u0438\u0430\u043b HDPE<br \/>\n\u041a\u043e\u043b-\u0432\u043e \u0447\u0435\u043b\u043e\u0432\u0435\u043a 2<br \/>\n\u041b\u043e\u0434\u043a\u0430, \u0432\u0435\u0441\u043b\u0430 \u0438 \u0432\u0435\u0441\u043b\u0430, \u0441\u0442\u0440\u0430\u0445\u043e\u0432\u043e\u0447\u043d\u044b\u0439 \u0442\u0440\u043e\u0441<br \/>\n\u0413\u0440\u0443\u0437\u043e\u043f\u043e\u0434\u044a\u0435\u043c\u043d\u043e\u0441\u0442\u044c 170 \u043a\u0433<br \/>\n\u0421\u0435\u0440\u0442\u0438\u0444\u0438\u043a\u0430\u0442 CE<br \/>\n\u041f\u0440\u043e\u0438\u0437\u0432\u043e\u0434\u0438\u0442\u0435\u043b\u044c \u0424\u0440\u0430\u043d\u0446\u0438\u044f<\/p>\n<p>\u0426\u0432\u0435\u0442: \u0441\u0438\u043d\u0438\u0439, \u043e\u0440\u0430\u043d\u0436\u0435\u0432\u044b\u0439, \u0440\u044b\u0431\u0430\u043b\u043a\u0430<\/p>\n","protected":false},"excerpt":{"rendered":"<p>https:\/\/www.youtube.com\/watch?v=R5cpK7OATAU [&#8230;]<\/p>\n<p><a class=\"btn btn-secondary understrap-read-more-link\" href=\"https:\/\/www.waterskis.lv\/ru\/product\/%d0%bb%d0%be%d0%b4%d0%ba%d0%b0-%d0%bd%d0%b0-%d0%b2%d0%b5%d1%81%d0%bb%d0%b0%d1%85-bic-sportyak-213\/\">\u0427\u0438\u0442\u0430\u0442\u044c \u0434\u0430\u043b\u044c\u0448\u0435\u2026<\/a><\/p>\n","protected":false},"featured_media":19290,"comment_status":"closed","ping_status":"closed","template":"","meta":{"_acf_changed":false,"inline_featured_image":false},"product_brand":[],"product_cat":[572,796,993],"product_tag":[2774,3456,3474,3475,3457,3458,3459,3462,3463,3464,3465,3466,3467,3468,3476,3470,3471,3472],"class_list":{"0":"post-25724","1":"product","2":"type-product","3":"status-publish","4":"has-post-thumbnail","6":"product_cat-572","7":"product_cat-796","8":"product_cat-993","9":"product_tag-airu-laiva","10":"product_tag-airu-laivu-veikals","11":"product_tag-bic-sportyak-boat","12":"product_tag-bic-sportyak-laiva","13":"product_tag-boat-price","14":"product_tag-buy-a-boat","15":"product_tag-laivas-cena","16":"product_tag-pirkt-laivu","17":"product_tag-polietilena-airu-laiva","18":"product_tag-polyethylene-rowing-boat","19":"product_tag-rowing-boat","20":"product_tag-rowing-boat-shop","21":"product_tag-3467","22":"product_tag-3468","23":"product_tag--bic-sportyak","24":"product_tag-3470","25":"product_tag-3471","26":"product_tag-3472","28":"first","29":"instock","30":"shipping-taxable","31":"purchasable","32":"product-type-simple"},"acf":[],"yoast_head":"<!-- This site is optimized with the Yoast SEO plugin v27.4 - https:\/\/yoast.com\/product\/yoast-seo-wordpress\/ -->\n<title>\u041b\u043e\u0434\u043a\u0430 \u043d\u0430 \u0432\u0435\u0441\u043b\u0430\u0445 BIC SPORTYAK 213 - WATERSKIS.LV<\/title>\n<meta name=\"description\" content=\"\u041b\u043e\u0434\u043a\u0430 \u043d\u0430 \u0432\u0435\u0441\u043b\u0430\u0445 BIC SPORTYAK 213 \u0438\u0434\u0435\u0430\u043b\u044c\u043d\u0430\u044f \u0438 \u0443\u0434\u043e\u0431\u043d\u0430\u044f \u0432 \u0445\u0440\u0430\u043d\u0435\u043d\u0438\u0438 \u043b\u043e\u0434\u043a\u0430, \u043a\u043e\u0442\u043e\u0440\u0443\u044e \u043c\u043e\u0436\u043d\u043e \u0438\u0441\u043f\u043e\u043b\u044c\u0437\u043e\u0432\u0430\u0442\u044c \u043a\u0430\u043a \u0441 \u0432\u0435\u0441\u043b\u0430\u043c\u0438, \u0442\u0430\u043a \u0438 \u0441 \u043d\u0435\u0431\u043e\u043b\u044c\u0448\u0438\u043c \u043c\u043e\u0442\u043e\u0440\u043e\u043c.\" \/>\n<meta name=\"robots\" content=\"index, follow, max-snippet:-1, max-image-preview:large, max-video-preview:-1\" \/>\n<link rel=\"canonical\" href=\"https:\/\/www.waterskis.lv\/ru\/product\/%d0%bb%d0%be%d0%b4%d0%ba%d0%b0-%d0%bd%d0%b0-%d0%b2%d0%b5%d1%81%d0%bb%d0%b0%d1%85-bic-sportyak-213\/\" \/>\n<meta property=\"og:locale\" content=\"ru_RU\" \/>\n<meta property=\"og:type\" content=\"article\" \/>\n<meta property=\"og:title\" content=\"\u041b\u043e\u0434\u043a\u0430 \u043d\u0430 \u0432\u0435\u0441\u043b\u0430\u0445 BIC SPORTYAK 213 - WATERSKIS.LV\" \/>\n<meta property=\"og:description\" content=\"\u041b\u043e\u0434\u043a\u0430 \u043d\u0430 \u0432\u0435\u0441\u043b\u0430\u0445 BIC SPORTYAK 213 \u0438\u0434\u0435\u0430\u043b\u044c\u043d\u0430\u044f \u0438 \u0443\u0434\u043e\u0431\u043d\u0430\u044f \u0432 \u0445\u0440\u0430\u043d\u0435\u043d\u0438\u0438 \u043b\u043e\u0434\u043a\u0430, \u043a\u043e\u0442\u043e\u0440\u0443\u044e \u043c\u043e\u0436\u043d\u043e \u0438\u0441\u043f\u043e\u043b\u044c\u0437\u043e\u0432\u0430\u0442\u044c \u043a\u0430\u043a \u0441 \u0432\u0435\u0441\u043b\u0430\u043c\u0438, \u0442\u0430\u043a \u0438 \u0441 \u043d\u0435\u0431\u043e\u043b\u044c\u0448\u0438\u043c \u043c\u043e\u0442\u043e\u0440\u043e\u043c.\" \/>\n<meta property=\"og:url\" content=\"https:\/\/www.waterskis.lv\/ru\/product\/%d0%bb%d0%be%d0%b4%d0%ba%d0%b0-%d0%bd%d0%b0-%d0%b2%d0%b5%d1%81%d0%bb%d0%b0%d1%85-bic-sportyak-213\/\" \/>\n<meta property=\"og:site_name\" content=\"WATERSKIS.LV\" \/>\n<meta property=\"article:publisher\" content=\"https:\/\/www.facebook.com\/jurmalawaterskiwakeboardpark\/\" \/>\n<meta property=\"article:modified_time\" content=\"2026-02-06T09:25:42+00:00\" \/>\n<meta property=\"og:image\" content=\"https:\/\/www.waterskis.lv\/wp-content\/uploads\/2020\/09\/boat-bic-sportyak-213-1.jpg\" \/>\n\t<meta property=\"og:image:width\" content=\"1000\" \/>\n\t<meta property=\"og:image:height\" content=\"1000\" \/>\n\t<meta property=\"og:image:type\" content=\"image\/jpeg\" \/>\n<meta name=\"twitter:card\" content=\"summary_large_image\" \/>\n<meta name=\"twitter:label1\" content=\"\u041f\u0440\u0438\u043c\u0435\u0440\u043d\u043e\u0435 \u0432\u0440\u0435\u043c\u044f \u0434\u043b\u044f \u0447\u0442\u0435\u043d\u0438\u044f\" \/>\n\t<meta name=\"twitter:data1\" content=\"1 \u043c\u0438\u043d\u0443\u0442\u0430\" \/>\n<script type=\"application\/ld+json\" class=\"yoast-schema-graph\">{\"@context\":\"https:\\\/\\\/schema.org\",\"@graph\":[{\"@type\":\"WebPage\",\"@id\":\"https:\\\/\\\/www.waterskis.lv\\\/ru\\\/product\\\/%d0%bb%d0%be%d0%b4%d0%ba%d0%b0-%d0%bd%d0%b0-%d0%b2%d0%b5%d1%81%d0%bb%d0%b0%d1%85-bic-sportyak-213\\\/\",\"url\":\"https:\\\/\\\/www.waterskis.lv\\\/ru\\\/product\\\/%d0%bb%d0%be%d0%b4%d0%ba%d0%b0-%d0%bd%d0%b0-%d0%b2%d0%b5%d1%81%d0%bb%d0%b0%d1%85-bic-sportyak-213\\\/\",\"name\":\"\u041b\u043e\u0434\u043a\u0430 \u043d\u0430 \u0432\u0435\u0441\u043b\u0430\u0445 BIC SPORTYAK 213 - WATERSKIS.LV\",\"isPartOf\":{\"@id\":\"https:\\\/\\\/www.waterskis.lv\\\/ru\\\/#website\"},\"primaryImageOfPage\":{\"@id\":\"https:\\\/\\\/www.waterskis.lv\\\/ru\\\/product\\\/%d0%bb%d0%be%d0%b4%d0%ba%d0%b0-%d0%bd%d0%b0-%d0%b2%d0%b5%d1%81%d0%bb%d0%b0%d1%85-bic-sportyak-213\\\/#primaryimage\"},\"image\":{\"@id\":\"https:\\\/\\\/www.waterskis.lv\\\/ru\\\/product\\\/%d0%bb%d0%be%d0%b4%d0%ba%d0%b0-%d0%bd%d0%b0-%d0%b2%d0%b5%d1%81%d0%bb%d0%b0%d1%85-bic-sportyak-213\\\/#primaryimage\"},\"thumbnailUrl\":\"https:\\\/\\\/www.waterskis.lv\\\/wp-content\\\/uploads\\\/2020\\\/09\\\/boat-bic-sportyak-213-1.jpg\",\"datePublished\":\"2020-09-18T05:22:17+00:00\",\"dateModified\":\"2026-02-06T09:25:42+00:00\",\"description\":\"\u041b\u043e\u0434\u043a\u0430 \u043d\u0430 \u0432\u0435\u0441\u043b\u0430\u0445 BIC SPORTYAK 213 \u0438\u0434\u0435\u0430\u043b\u044c\u043d\u0430\u044f \u0438 \u0443\u0434\u043e\u0431\u043d\u0430\u044f \u0432 \u0445\u0440\u0430\u043d\u0435\u043d\u0438\u0438 \u043b\u043e\u0434\u043a\u0430, \u043a\u043e\u0442\u043e\u0440\u0443\u044e \u043c\u043e\u0436\u043d\u043e \u0438\u0441\u043f\u043e\u043b\u044c\u0437\u043e\u0432\u0430\u0442\u044c \u043a\u0430\u043a \u0441 \u0432\u0435\u0441\u043b\u0430\u043c\u0438, \u0442\u0430\u043a \u0438 \u0441 \u043d\u0435\u0431\u043e\u043b\u044c\u0448\u0438\u043c \u043c\u043e\u0442\u043e\u0440\u043e\u043c.\",\"breadcrumb\":{\"@id\":\"https:\\\/\\\/www.waterskis.lv\\\/ru\\\/product\\\/%d0%bb%d0%be%d0%b4%d0%ba%d0%b0-%d0%bd%d0%b0-%d0%b2%d0%b5%d1%81%d0%bb%d0%b0%d1%85-bic-sportyak-213\\\/#breadcrumb\"},\"inLanguage\":\"ru-RU\",\"potentialAction\":[{\"@type\":\"ReadAction\",\"target\":[\"https:\\\/\\\/www.waterskis.lv\\\/ru\\\/product\\\/%d0%bb%d0%be%d0%b4%d0%ba%d0%b0-%d0%bd%d0%b0-%d0%b2%d0%b5%d1%81%d0%bb%d0%b0%d1%85-bic-sportyak-213\\\/\"]}]},{\"@type\":\"ImageObject\",\"inLanguage\":\"ru-RU\",\"@id\":\"https:\\\/\\\/www.waterskis.lv\\\/ru\\\/product\\\/%d0%bb%d0%be%d0%b4%d0%ba%d0%b0-%d0%bd%d0%b0-%d0%b2%d0%b5%d1%81%d0%bb%d0%b0%d1%85-bic-sportyak-213\\\/#primaryimage\",\"url\":\"https:\\\/\\\/www.waterskis.lv\\\/wp-content\\\/uploads\\\/2020\\\/09\\\/boat-bic-sportyak-213-1.jpg\",\"contentUrl\":\"https:\\\/\\\/www.waterskis.lv\\\/wp-content\\\/uploads\\\/2020\\\/09\\\/boat-bic-sportyak-213-1.jpg\",\"width\":1000,\"height\":1000,\"caption\":\"\u041b\u043e\u0434\u043a\u0430 \u043d\u0430 \u0432\u0435\u0441\u043b\u0430\u0445 BIC SPORTYAK 213\"},{\"@type\":\"BreadcrumbList\",\"@id\":\"https:\\\/\\\/www.waterskis.lv\\\/ru\\\/product\\\/%d0%bb%d0%be%d0%b4%d0%ba%d0%b0-%d0%bd%d0%b0-%d0%b2%d0%b5%d1%81%d0%bb%d0%b0%d1%85-bic-sportyak-213\\\/#breadcrumb\",\"itemListElement\":[{\"@type\":\"ListItem\",\"position\":1,\"name\":\"Home\",\"item\":\"https:\\\/\\\/www.waterskis.lv\\\/ru\\\/\"},{\"@type\":\"ListItem\",\"position\":2,\"name\":\"\u041c\u0430\u0433\u0430\u0437\u0438\u043d\",\"item\":\"https:\\\/\\\/www.waterskis.lv\\\/ru\\\/%d0%bc%d0%b0%d0%b3%d0%b0%d0%b7%d0%b8%d0%bd\\\/\"},{\"@type\":\"ListItem\",\"position\":3,\"name\":\"\u041b\u043e\u0434\u043a\u0430 \u043d\u0430 \u0432\u0435\u0441\u043b\u0430\u0445 BIC SPORTYAK 213\"}]},{\"@type\":\"WebSite\",\"@id\":\"https:\\\/\\\/www.waterskis.lv\\\/ru\\\/#website\",\"url\":\"https:\\\/\\\/www.waterskis.lv\\\/ru\\\/\",\"name\":\"WATERSKIS.LV\",\"description\":\"SUP d\u0113\u013ci, kajaki, kanoe, airu laivas, \u016bdenssl\u0113po\u0161ana, veikbords, SUP d\u0113\u013cu noma, kajaku nomaakt\u012bv\u0101s atp\u016btas centrs, laivu noma, sup noma, kajaku noma\",\"publisher\":{\"@id\":\"https:\\\/\\\/www.waterskis.lv\\\/ru\\\/#organization\"},\"potentialAction\":[{\"@type\":\"SearchAction\",\"target\":{\"@type\":\"EntryPoint\",\"urlTemplate\":\"https:\\\/\\\/www.waterskis.lv\\\/ru\\\/?s={search_term_string}\"},\"query-input\":{\"@type\":\"PropertyValueSpecification\",\"valueRequired\":true,\"valueName\":\"search_term_string\"}}],\"inLanguage\":\"ru-RU\"},{\"@type\":\"Organization\",\"@id\":\"https:\\\/\\\/www.waterskis.lv\\\/ru\\\/#organization\",\"name\":\"WATERSKIS.LV\",\"url\":\"https:\\\/\\\/www.waterskis.lv\\\/ru\\\/\",\"logo\":{\"@type\":\"ImageObject\",\"inLanguage\":\"ru-RU\",\"@id\":\"https:\\\/\\\/www.waterskis.lv\\\/ru\\\/#\\\/schema\\\/logo\\\/image\\\/\",\"url\":\"https:\\\/\\\/www.waterskis.lv\\\/wp-content\\\/uploads\\\/2025\\\/01\\\/JUVP-logo.png\",\"contentUrl\":\"https:\\\/\\\/www.waterskis.lv\\\/wp-content\\\/uploads\\\/2025\\\/01\\\/JUVP-logo.png\",\"width\":421,\"height\":202,\"caption\":\"WATERSKIS.LV\"},\"image\":{\"@id\":\"https:\\\/\\\/www.waterskis.lv\\\/ru\\\/#\\\/schema\\\/logo\\\/image\\\/\"},\"sameAs\":[\"https:\\\/\\\/www.facebook.com\\\/jurmalawaterskiwakeboardpark\\\/\"]}]}<\/script>\n<!-- \/ Yoast SEO plugin. -->","yoast_head_json":{"title":"\u041b\u043e\u0434\u043a\u0430 \u043d\u0430 \u0432\u0435\u0441\u043b\u0430\u0445 BIC SPORTYAK 213 - WATERSKIS.LV","description":"\u041b\u043e\u0434\u043a\u0430 \u043d\u0430 \u0432\u0435\u0441\u043b\u0430\u0445 BIC SPORTYAK 213 \u0438\u0434\u0435\u0430\u043b\u044c\u043d\u0430\u044f \u0438 \u0443\u0434\u043e\u0431\u043d\u0430\u044f \u0432 \u0445\u0440\u0430\u043d\u0435\u043d\u0438\u0438 \u043b\u043e\u0434\u043a\u0430, \u043a\u043e\u0442\u043e\u0440\u0443\u044e \u043c\u043e\u0436\u043d\u043e \u0438\u0441\u043f\u043e\u043b\u044c\u0437\u043e\u0432\u0430\u0442\u044c \u043a\u0430\u043a \u0441 \u0432\u0435\u0441\u043b\u0430\u043c\u0438, \u0442\u0430\u043a \u0438 \u0441 \u043d\u0435\u0431\u043e\u043b\u044c\u0448\u0438\u043c \u043c\u043e\u0442\u043e\u0440\u043e\u043c.","robots":{"index":"index","follow":"follow","max-snippet":"max-snippet:-1","max-image-preview":"max-image-preview:large","max-video-preview":"max-video-preview:-1"},"canonical":"https:\/\/www.waterskis.lv\/ru\/product\/%d0%bb%d0%be%d0%b4%d0%ba%d0%b0-%d0%bd%d0%b0-%d0%b2%d0%b5%d1%81%d0%bb%d0%b0%d1%85-bic-sportyak-213\/","og_locale":"ru_RU","og_type":"article","og_title":"\u041b\u043e\u0434\u043a\u0430 \u043d\u0430 \u0432\u0435\u0441\u043b\u0430\u0445 BIC SPORTYAK 213 - WATERSKIS.LV","og_description":"\u041b\u043e\u0434\u043a\u0430 \u043d\u0430 \u0432\u0435\u0441\u043b\u0430\u0445 BIC SPORTYAK 213 \u0438\u0434\u0435\u0430\u043b\u044c\u043d\u0430\u044f \u0438 \u0443\u0434\u043e\u0431\u043d\u0430\u044f \u0432 \u0445\u0440\u0430\u043d\u0435\u043d\u0438\u0438 \u043b\u043e\u0434\u043a\u0430, \u043a\u043e\u0442\u043e\u0440\u0443\u044e \u043c\u043e\u0436\u043d\u043e \u0438\u0441\u043f\u043e\u043b\u044c\u0437\u043e\u0432\u0430\u0442\u044c \u043a\u0430\u043a \u0441 \u0432\u0435\u0441\u043b\u0430\u043c\u0438, \u0442\u0430\u043a \u0438 \u0441 \u043d\u0435\u0431\u043e\u043b\u044c\u0448\u0438\u043c \u043c\u043e\u0442\u043e\u0440\u043e\u043c.","og_url":"https:\/\/www.waterskis.lv\/ru\/product\/%d0%bb%d0%be%d0%b4%d0%ba%d0%b0-%d0%bd%d0%b0-%d0%b2%d0%b5%d1%81%d0%bb%d0%b0%d1%85-bic-sportyak-213\/","og_site_name":"WATERSKIS.LV","article_publisher":"https:\/\/www.facebook.com\/jurmalawaterskiwakeboardpark\/","article_modified_time":"2026-02-06T09:25:42+00:00","og_image":[{"width":1000,"height":1000,"url":"https:\/\/www.waterskis.lv\/wp-content\/uploads\/2020\/09\/boat-bic-sportyak-213-1.jpg","type":"image\/jpeg"}],"twitter_card":"summary_large_image","twitter_misc":{"\u041f\u0440\u0438\u043c\u0435\u0440\u043d\u043e\u0435 \u0432\u0440\u0435\u043c\u044f \u0434\u043b\u044f \u0447\u0442\u0435\u043d\u0438\u044f":"1 \u043c\u0438\u043d\u0443\u0442\u0430"},"schema":{"@context":"https:\/\/schema.org","@graph":[{"@type":"WebPage","@id":"https:\/\/www.waterskis.lv\/ru\/product\/%d0%bb%d0%be%d0%b4%d0%ba%d0%b0-%d0%bd%d0%b0-%d0%b2%d0%b5%d1%81%d0%bb%d0%b0%d1%85-bic-sportyak-213\/","url":"https:\/\/www.waterskis.lv\/ru\/product\/%d0%bb%d0%be%d0%b4%d0%ba%d0%b0-%d0%bd%d0%b0-%d0%b2%d0%b5%d1%81%d0%bb%d0%b0%d1%85-bic-sportyak-213\/","name":"\u041b\u043e\u0434\u043a\u0430 \u043d\u0430 \u0432\u0435\u0441\u043b\u0430\u0445 BIC SPORTYAK 213 - WATERSKIS.LV","isPartOf":{"@id":"https:\/\/www.waterskis.lv\/ru\/#website"},"primaryImageOfPage":{"@id":"https:\/\/www.waterskis.lv\/ru\/product\/%d0%bb%d0%be%d0%b4%d0%ba%d0%b0-%d0%bd%d0%b0-%d0%b2%d0%b5%d1%81%d0%bb%d0%b0%d1%85-bic-sportyak-213\/#primaryimage"},"image":{"@id":"https:\/\/www.waterskis.lv\/ru\/product\/%d0%bb%d0%be%d0%b4%d0%ba%d0%b0-%d0%bd%d0%b0-%d0%b2%d0%b5%d1%81%d0%bb%d0%b0%d1%85-bic-sportyak-213\/#primaryimage"},"thumbnailUrl":"https:\/\/www.waterskis.lv\/wp-content\/uploads\/2020\/09\/boat-bic-sportyak-213-1.jpg","datePublished":"2020-09-18T05:22:17+00:00","dateModified":"2026-02-06T09:25:42+00:00","description":"\u041b\u043e\u0434\u043a\u0430 \u043d\u0430 \u0432\u0435\u0441\u043b\u0430\u0445 BIC SPORTYAK 213 \u0438\u0434\u0435\u0430\u043b\u044c\u043d\u0430\u044f \u0438 \u0443\u0434\u043e\u0431\u043d\u0430\u044f \u0432 \u0445\u0440\u0430\u043d\u0435\u043d\u0438\u0438 \u043b\u043e\u0434\u043a\u0430, \u043a\u043e\u0442\u043e\u0440\u0443\u044e \u043c\u043e\u0436\u043d\u043e \u0438\u0441\u043f\u043e\u043b\u044c\u0437\u043e\u0432\u0430\u0442\u044c \u043a\u0430\u043a \u0441 \u0432\u0435\u0441\u043b\u0430\u043c\u0438, \u0442\u0430\u043a \u0438 \u0441 \u043d\u0435\u0431\u043e\u043b\u044c\u0448\u0438\u043c \u043c\u043e\u0442\u043e\u0440\u043e\u043c.","breadcrumb":{"@id":"https:\/\/www.waterskis.lv\/ru\/product\/%d0%bb%d0%be%d0%b4%d0%ba%d0%b0-%d0%bd%d0%b0-%d0%b2%d0%b5%d1%81%d0%bb%d0%b0%d1%85-bic-sportyak-213\/#breadcrumb"},"inLanguage":"ru-RU","potentialAction":[{"@type":"ReadAction","target":["https:\/\/www.waterskis.lv\/ru\/product\/%d0%bb%d0%be%d0%b4%d0%ba%d0%b0-%d0%bd%d0%b0-%d0%b2%d0%b5%d1%81%d0%bb%d0%b0%d1%85-bic-sportyak-213\/"]}]},{"@type":"ImageObject","inLanguage":"ru-RU","@id":"https:\/\/www.waterskis.lv\/ru\/product\/%d0%bb%d0%be%d0%b4%d0%ba%d0%b0-%d0%bd%d0%b0-%d0%b2%d0%b5%d1%81%d0%bb%d0%b0%d1%85-bic-sportyak-213\/#primaryimage","url":"https:\/\/www.waterskis.lv\/wp-content\/uploads\/2020\/09\/boat-bic-sportyak-213-1.jpg","contentUrl":"https:\/\/www.waterskis.lv\/wp-content\/uploads\/2020\/09\/boat-bic-sportyak-213-1.jpg","width":1000,"height":1000,"caption":"\u041b\u043e\u0434\u043a\u0430 \u043d\u0430 \u0432\u0435\u0441\u043b\u0430\u0445 BIC SPORTYAK 213"},{"@type":"BreadcrumbList","@id":"https:\/\/www.waterskis.lv\/ru\/product\/%d0%bb%d0%be%d0%b4%d0%ba%d0%b0-%d0%bd%d0%b0-%d0%b2%d0%b5%d1%81%d0%bb%d0%b0%d1%85-bic-sportyak-213\/#breadcrumb","itemListElement":[{"@type":"ListItem","position":1,"name":"Home","item":"https:\/\/www.waterskis.lv\/ru\/"},{"@type":"ListItem","position":2,"name":"\u041c\u0430\u0433\u0430\u0437\u0438\u043d","item":"https:\/\/www.waterskis.lv\/ru\/%d0%bc%d0%b0%d0%b3%d0%b0%d0%b7%d0%b8%d0%bd\/"},{"@type":"ListItem","position":3,"name":"\u041b\u043e\u0434\u043a\u0430 \u043d\u0430 \u0432\u0435\u0441\u043b\u0430\u0445 BIC SPORTYAK 213"}]},{"@type":"WebSite","@id":"https:\/\/www.waterskis.lv\/ru\/#website","url":"https:\/\/www.waterskis.lv\/ru\/","name":"WATERSKIS.LV","description":"SUP d\u0113\u013ci, kajaki, kanoe, airu laivas, \u016bdenssl\u0113po\u0161ana, veikbords, SUP d\u0113\u013cu noma, kajaku nomaakt\u012bv\u0101s atp\u016btas centrs, laivu noma, sup noma, kajaku noma","publisher":{"@id":"https:\/\/www.waterskis.lv\/ru\/#organization"},"potentialAction":[{"@type":"SearchAction","target":{"@type":"EntryPoint","urlTemplate":"https:\/\/www.waterskis.lv\/ru\/?s={search_term_string}"},"query-input":{"@type":"PropertyValueSpecification","valueRequired":true,"valueName":"search_term_string"}}],"inLanguage":"ru-RU"},{"@type":"Organization","@id":"https:\/\/www.waterskis.lv\/ru\/#organization","name":"WATERSKIS.LV","url":"https:\/\/www.waterskis.lv\/ru\/","logo":{"@type":"ImageObject","inLanguage":"ru-RU","@id":"https:\/\/www.waterskis.lv\/ru\/#\/schema\/logo\/image\/","url":"https:\/\/www.waterskis.lv\/wp-content\/uploads\/2025\/01\/JUVP-logo.png","contentUrl":"https:\/\/www.waterskis.lv\/wp-content\/uploads\/2025\/01\/JUVP-logo.png","width":421,"height":202,"caption":"WATERSKIS.LV"},"image":{"@id":"https:\/\/www.waterskis.lv\/ru\/#\/schema\/logo\/image\/"},"sameAs":["https:\/\/www.facebook.com\/jurmalawaterskiwakeboardpark\/"]}]}},"_links":{"self":[{"href":"https:\/\/www.waterskis.lv\/ru\/wp-json\/wp\/v2\/product\/25724","targetHints":{"allow":["GET"]}}],"collection":[{"href":"https:\/\/www.waterskis.lv\/ru\/wp-json\/wp\/v2\/product"}],"about":[{"href":"https:\/\/www.waterskis.lv\/ru\/wp-json\/wp\/v2\/types\/product"}],"replies":[{"embeddable":true,"href":"https:\/\/www.waterskis.lv\/ru\/wp-json\/wp\/v2\/comments?post=25724"}],"wp:featuredmedia":[{"embeddable":true,"href":"https:\/\/www.waterskis.lv\/ru\/wp-json\/wp\/v2\/media\/19290"}],"wp:attachment":[{"href":"https:\/\/www.waterskis.lv\/ru\/wp-json\/wp\/v2\/media?parent=25724"}],"wp:term":[{"taxonomy":"product_brand","embeddable":true,"href":"https:\/\/www.waterskis.lv\/ru\/wp-json\/wp\/v2\/product_brand?post=25724"},{"taxonomy":"product_cat","embeddable":true,"href":"https:\/\/www.waterskis.lv\/ru\/wp-json\/wp\/v2\/product_cat?post=25724"},{"taxonomy":"product_tag","embeddable":true,"href":"https:\/\/www.waterskis.lv\/ru\/wp-json\/wp\/v2\/product_tag?post=25724"}],"curies":[{"name":"wp","href":"https:\/\/api.w.org\/{rel}","templated":true}]}}