{"id":25735,"date":"2020-10-09T08:19:04","date_gmt":"2020-10-09T05:19:04","guid":{"rendered":"https:\/\/www.waterskis.lv\/product\/airu-laiva-pella-nova\/"},"modified":"2026-02-04T19:23:06","modified_gmt":"2026-02-04T17:23:06","slug":"%d0%bb%d0%be%d0%b4%d0%ba%d0%b0-%d0%bd%d0%b0-%d0%b2%d0%b5%d1%81%d0%bb%d0%b0%d1%85-pella-nova","status":"publish","type":"product","link":"https:\/\/www.waterskis.lv\/ru\/product\/%d0%bb%d0%be%d0%b4%d0%ba%d0%b0-%d0%bd%d0%b0-%d0%b2%d0%b5%d1%81%d0%bb%d0%b0%d1%85-pella-nova\/","title":{"rendered":"\u041b\u043e\u0434\u043a\u0430 \u043d\u0430 \u0432\u0435\u0441\u043b\u0430\u0445 PELLA NOVA"},"content":{"rendered":"<h1>\u041b\u043e\u0434\u043a\u0430 \u043d\u0430 \u0432\u0435\u0441\u043b\u0430\u0445 PELLA NOVA<\/h1>\n<p>\u041b\u043e\u0434\u043a\u0430 \u043d\u0430 \u0432\u0435\u0441\u043b\u0430\u0445 PELLA NOVA<\/p>\n<p>\u0420\u0435\u043a\u043e\u043c\u0435\u043d\u0434\u0443\u0435\u043c\u0430\u044f \u0434\u043b\u0438\u043d\u0430 \u0432\u0435\u0441\u0435\u043b 240 \u0441\u043c.<\/p>\n<p>\u0422\u0435\u0445\u043d\u0438\u0447\u0435\u0441\u043a\u0438\u0435 \u0445\u0430\u0440\u0430\u043a\u0442\u0435\u0440\u0438\u0441\u0442\u0438\u043a\u0438:<\/p>\n<p>\u0414\u043b\u0438\u043d\u0430: 440 \u0441\u043c<br \/>\n\u0428\u0438\u0440\u0438\u043d\u0430: 160 \u0441\u043c<br \/>\n\u0412\u044b\u0441\u043e\u0442\u0430 \u0434\u043e\u0441\u043a\u0438: 52 \u0441\u043c<\/p>\n<p>\u0412\u0435\u0441: 95 \u043a\u0433<\/p>\n<p>\u0413\u0440\u0443\u0437\u043e\u043f\u043e\u0434\u044a\u0435\u043c\u043d\u043e\u0441\u0442\u044c: 400 \u043a\u0433<br \/>\n\u041a\u043e\u043b-\u0432\u043e \u043c\u0435\u0441\u0442: 4<br \/>\n\u0414\u0432\u0438\u0433\u0430\u0442\u0435\u043b\u044c: 10 \u043b.\u0441.<\/p>\n<p>\u041a\u0430\u0442\u0435\u0433\u043e\u0440\u0438\u044f: C &#8212; \u043f\u0440\u0438\u0431\u0440\u0435\u0436\u043d\u043e\u0435 \u0440\u044b\u0431\u043e\u043b\u043e\u0432\u043d\u043e\u0435 \u0441\u0443\u0434\u043d\u043e<\/p>\n","protected":false},"excerpt":{"rendered":"<p>[caption id=\"attachment_19920\" align=\"alignnone\" width=\"300\"]<img decoding=\"async\" class=\"size-medium wp-image-19920\" src=\"https:\/\/www.waterskis.lv\/wp-content\/uploads\/2020\/10\/PellaNova1-300x225.jpg\" alt=\"Klasiska airu laiva Pella Nova\" width=\"300\" height=\"225\" srcset=\"https:\/\/www.waterskis.lv\/wp-content\/uploads\/2020\/10\/PellaNova1-300x225.jpg 300w, https:\/\/www.waterskis.lv\/wp-content\/uploads\/2020\/10\/PellaNova1-700x525.jpg 700w, https:\/\/www.waterskis.lv\/wp-content\/uploads\/2020\/10\/PellaNova1-768x576.jpg 768w, https:\/\/www.waterskis.lv\/wp-content\/uploads\/2020\/10\/PellaNova1-1536x1152.jpg 1536w, https:\/\/www.waterskis.lv\/wp-content\/uploads\/2020\/10\/PellaNova1-2048x1536.jpg 2048w, https:\/\/www.waterskis.lv\/wp-content\/uploads\/2020\/10\/PellaNova1-600x450.jpg 600w\" sizes=\"(max-width: 300px) 100vw, 300px\" \/> Klasiska airu laiva Pella Nova[\/caption] [&#8230;]<\/p>\n<p><a class=\"btn btn-secondary understrap-read-more-link\" href=\"https:\/\/www.waterskis.lv\/ru\/product\/%d0%bb%d0%be%d0%b4%d0%ba%d0%b0-%d0%bd%d0%b0-%d0%b2%d0%b5%d1%81%d0%bb%d0%b0%d1%85-pella-nova\/\">\u0427\u0438\u0442\u0430\u0442\u044c \u0434\u0430\u043b\u044c\u0448\u0435\u2026<\/a><\/p>\n","protected":false},"featured_media":19919,"comment_status":"closed","ping_status":"closed","template":"","meta":{"_acf_changed":false,"inline_featured_image":false},"product_brand":[2766],"product_cat":[572,993],"product_tag":[2775,3348,3350,3413,3351,2778,3352,3412,3353,3354,3355,3356,3357,3358],"class_list":{"0":"post-25735","1":"product","2":"type-product","3":"status-publish","4":"has-post-thumbnail","6":"product_brand-amberlat","7":"product_cat-572","8":"product_cat-993","9":"product_tag-airu-laiva-makskeresanai","10":"product_tag-airu-laivas","11":"product_tag-boats","12":"product_tag-dole-marine","13":"product_tag-fiberglass-boats","14":"product_tag-laivas","15":"product_tag-paddle-boats","16":"product_tag-pella-nova","17":"product_tag-rowing-boats","18":"product_tag-stiklaskiedras-laivas","19":"product_tag-3355","20":"product_tag-3356","21":"product_tag-3357","22":"product_tag-3358","24":"first","25":"instock","26":"shipping-taxable","27":"purchasable","28":"product-type-simple"},"acf":[],"yoast_head":"<!-- This site is optimized with the Yoast SEO plugin v27.4 - https:\/\/yoast.com\/product\/yoast-seo-wordpress\/ -->\n<title>\u041b\u043e\u0434\u043a\u0430 \u043d\u0430 \u0432\u0435\u0441\u043b\u0430\u0445 PELLA NOVA - WATERSKIS.LV<\/title>\n<meta name=\"description\" content=\"\u041b\u043e\u0434\u043a\u0430 \u043d\u0430 \u0432\u0435\u0441\u043b\u0430\u0445 PELLA NOVA. \u041a\u0430\u0442\u0435\u0433\u043e\u0440\u0438\u044f: C - \u043f\u0440\u0438\u0431\u0440\u0435\u0436\u043d\u043e\u0435 \u0440\u044b\u0431\u043e\u043b\u043e\u0432\u043d\u043e\u0435 \u0441\u0443\u0434\u043d\u043e. \u0414\u043b\u0438\u043d\u0430 440 \u0441\u043c \u0428\u0438\u0440\u0438\u043d\u0430 160 \u0441\u043c \u0412\u044b\u0441\u043e\u0442\u0430 52 \u0441\u043c \u0412\u0435\u0441 95 \u043a\u0433 \u0413\u0440\u0443\u0437\u043e\u043f\u043e\u0434\u044a\u0435\u043c\u043d\u043e\u0441\u0442\u044c 400 \u043a\u0433 \u043c\u0435\u0441\u0442: 4\" \/>\n<meta name=\"robots\" content=\"index, follow, max-snippet:-1, max-image-preview:large, max-video-preview:-1\" \/>\n<link rel=\"canonical\" href=\"https:\/\/www.waterskis.lv\/ru\/product\/%d0%bb%d0%be%d0%b4%d0%ba%d0%b0-%d0%bd%d0%b0-%d0%b2%d0%b5%d1%81%d0%bb%d0%b0%d1%85-pella-nova\/\" \/>\n<meta property=\"og:locale\" content=\"ru_RU\" \/>\n<meta property=\"og:type\" content=\"article\" \/>\n<meta property=\"og:title\" content=\"\u041b\u043e\u0434\u043a\u0430 \u043d\u0430 \u0432\u0435\u0441\u043b\u0430\u0445 PELLA NOVA - WATERSKIS.LV\" \/>\n<meta property=\"og:description\" content=\"\u041b\u043e\u0434\u043a\u0430 \u043d\u0430 \u0432\u0435\u0441\u043b\u0430\u0445 PELLA NOVA. \u041a\u0430\u0442\u0435\u0433\u043e\u0440\u0438\u044f: C - \u043f\u0440\u0438\u0431\u0440\u0435\u0436\u043d\u043e\u0435 \u0440\u044b\u0431\u043e\u043b\u043e\u0432\u043d\u043e\u0435 \u0441\u0443\u0434\u043d\u043e. \u0414\u043b\u0438\u043d\u0430 440 \u0441\u043c \u0428\u0438\u0440\u0438\u043d\u0430 160 \u0441\u043c \u0412\u044b\u0441\u043e\u0442\u0430 52 \u0441\u043c \u0412\u0435\u0441 95 \u043a\u0433 \u0413\u0440\u0443\u0437\u043e\u043f\u043e\u0434\u044a\u0435\u043c\u043d\u043e\u0441\u0442\u044c 400 \u043a\u0433 \u043c\u0435\u0441\u0442: 4\" \/>\n<meta property=\"og:url\" content=\"https:\/\/www.waterskis.lv\/ru\/product\/%d0%bb%d0%be%d0%b4%d0%ba%d0%b0-%d0%bd%d0%b0-%d0%b2%d0%b5%d1%81%d0%bb%d0%b0%d1%85-pella-nova\/\" \/>\n<meta property=\"og:site_name\" content=\"WATERSKIS.LV\" \/>\n<meta property=\"article:publisher\" content=\"https:\/\/www.facebook.com\/jurmalawaterskiwakeboardpark\/\" \/>\n<meta property=\"article:modified_time\" content=\"2026-02-04T17:23:06+00:00\" \/>\n<meta property=\"og:image\" content=\"https:\/\/www.waterskis.lv\/wp-content\/uploads\/2020\/10\/PellaNova1.jpg\" \/>\n<meta name=\"twitter:card\" content=\"summary_large_image\" \/>\n<meta name=\"twitter:label1\" content=\"\u041f\u0440\u0438\u043c\u0435\u0440\u043d\u043e\u0435 \u0432\u0440\u0435\u043c\u044f \u0434\u043b\u044f \u0447\u0442\u0435\u043d\u0438\u044f\" \/>\n\t<meta name=\"twitter:data1\" content=\"1 \u043c\u0438\u043d\u0443\u0442\u0430\" \/>\n<script type=\"application\/ld+json\" class=\"yoast-schema-graph\">{\"@context\":\"https:\\\/\\\/schema.org\",\"@graph\":[{\"@type\":\"WebPage\",\"@id\":\"https:\\\/\\\/www.waterskis.lv\\\/ru\\\/product\\\/%d0%bb%d0%be%d0%b4%d0%ba%d0%b0-%d0%bd%d0%b0-%d0%b2%d0%b5%d1%81%d0%bb%d0%b0%d1%85-pella-nova\\\/\",\"url\":\"https:\\\/\\\/www.waterskis.lv\\\/ru\\\/product\\\/%d0%bb%d0%be%d0%b4%d0%ba%d0%b0-%d0%bd%d0%b0-%d0%b2%d0%b5%d1%81%d0%bb%d0%b0%d1%85-pella-nova\\\/\",\"name\":\"\u041b\u043e\u0434\u043a\u0430 \u043d\u0430 \u0432\u0435\u0441\u043b\u0430\u0445 PELLA NOVA - WATERSKIS.LV\",\"isPartOf\":{\"@id\":\"https:\\\/\\\/www.waterskis.lv\\\/ru\\\/#website\"},\"primaryImageOfPage\":{\"@id\":\"https:\\\/\\\/www.waterskis.lv\\\/ru\\\/product\\\/%d0%bb%d0%be%d0%b4%d0%ba%d0%b0-%d0%bd%d0%b0-%d0%b2%d0%b5%d1%81%d0%bb%d0%b0%d1%85-pella-nova\\\/#primaryimage\"},\"image\":{\"@id\":\"https:\\\/\\\/www.waterskis.lv\\\/ru\\\/product\\\/%d0%bb%d0%be%d0%b4%d0%ba%d0%b0-%d0%bd%d0%b0-%d0%b2%d0%b5%d1%81%d0%bb%d0%b0%d1%85-pella-nova\\\/#primaryimage\"},\"thumbnailUrl\":\"https:\\\/\\\/www.waterskis.lv\\\/wp-content\\\/uploads\\\/2020\\\/10\\\/PellaNova.jpg\",\"datePublished\":\"2020-10-09T05:19:04+00:00\",\"dateModified\":\"2026-02-04T17:23:06+00:00\",\"description\":\"\u041b\u043e\u0434\u043a\u0430 \u043d\u0430 \u0432\u0435\u0441\u043b\u0430\u0445 PELLA NOVA. \u041a\u0430\u0442\u0435\u0433\u043e\u0440\u0438\u044f: C - \u043f\u0440\u0438\u0431\u0440\u0435\u0436\u043d\u043e\u0435 \u0440\u044b\u0431\u043e\u043b\u043e\u0432\u043d\u043e\u0435 \u0441\u0443\u0434\u043d\u043e. \u0414\u043b\u0438\u043d\u0430 440 \u0441\u043c \u0428\u0438\u0440\u0438\u043d\u0430 160 \u0441\u043c \u0412\u044b\u0441\u043e\u0442\u0430 52 \u0441\u043c \u0412\u0435\u0441 95 \u043a\u0433 \u0413\u0440\u0443\u0437\u043e\u043f\u043e\u0434\u044a\u0435\u043c\u043d\u043e\u0441\u0442\u044c 400 \u043a\u0433 \u043c\u0435\u0441\u0442: 4\",\"breadcrumb\":{\"@id\":\"https:\\\/\\\/www.waterskis.lv\\\/ru\\\/product\\\/%d0%bb%d0%be%d0%b4%d0%ba%d0%b0-%d0%bd%d0%b0-%d0%b2%d0%b5%d1%81%d0%bb%d0%b0%d1%85-pella-nova\\\/#breadcrumb\"},\"inLanguage\":\"ru-RU\",\"potentialAction\":[{\"@type\":\"ReadAction\",\"target\":[\"https:\\\/\\\/www.waterskis.lv\\\/ru\\\/product\\\/%d0%bb%d0%be%d0%b4%d0%ba%d0%b0-%d0%bd%d0%b0-%d0%b2%d0%b5%d1%81%d0%bb%d0%b0%d1%85-pella-nova\\\/\"]}]},{\"@type\":\"ImageObject\",\"inLanguage\":\"ru-RU\",\"@id\":\"https:\\\/\\\/www.waterskis.lv\\\/ru\\\/product\\\/%d0%bb%d0%be%d0%b4%d0%ba%d0%b0-%d0%bd%d0%b0-%d0%b2%d0%b5%d1%81%d0%bb%d0%b0%d1%85-pella-nova\\\/#primaryimage\",\"url\":\"https:\\\/\\\/www.waterskis.lv\\\/wp-content\\\/uploads\\\/2020\\\/10\\\/PellaNova.jpg\",\"contentUrl\":\"https:\\\/\\\/www.waterskis.lv\\\/wp-content\\\/uploads\\\/2020\\\/10\\\/PellaNova.jpg\",\"width\":480,\"height\":496,\"caption\":\"\u041b\u043e\u0434\u043a\u0430 \u043d\u0430 \u0432\u0435\u0441\u043b\u0430\u0445 PELLA NOVA\"},{\"@type\":\"BreadcrumbList\",\"@id\":\"https:\\\/\\\/www.waterskis.lv\\\/ru\\\/product\\\/%d0%bb%d0%be%d0%b4%d0%ba%d0%b0-%d0%bd%d0%b0-%d0%b2%d0%b5%d1%81%d0%bb%d0%b0%d1%85-pella-nova\\\/#breadcrumb\",\"itemListElement\":[{\"@type\":\"ListItem\",\"position\":1,\"name\":\"Home\",\"item\":\"https:\\\/\\\/www.waterskis.lv\\\/ru\\\/\"},{\"@type\":\"ListItem\",\"position\":2,\"name\":\"\u041c\u0430\u0433\u0430\u0437\u0438\u043d\",\"item\":\"https:\\\/\\\/www.waterskis.lv\\\/ru\\\/%d0%bc%d0%b0%d0%b3%d0%b0%d0%b7%d0%b8%d0%bd\\\/\"},{\"@type\":\"ListItem\",\"position\":3,\"name\":\"\u041b\u043e\u0434\u043a\u0430 \u043d\u0430 \u0432\u0435\u0441\u043b\u0430\u0445 PELLA NOVA\"}]},{\"@type\":\"WebSite\",\"@id\":\"https:\\\/\\\/www.waterskis.lv\\\/ru\\\/#website\",\"url\":\"https:\\\/\\\/www.waterskis.lv\\\/ru\\\/\",\"name\":\"WATERSKIS.LV\",\"description\":\"SUP d\u0113\u013ci, kajaki, kanoe, airu laivas, \u016bdenssl\u0113po\u0161ana, veikbords, SUP d\u0113\u013cu noma, kajaku nomaakt\u012bv\u0101s atp\u016btas centrs, laivu noma, sup noma, kajaku noma\",\"publisher\":{\"@id\":\"https:\\\/\\\/www.waterskis.lv\\\/ru\\\/#organization\"},\"potentialAction\":[{\"@type\":\"SearchAction\",\"target\":{\"@type\":\"EntryPoint\",\"urlTemplate\":\"https:\\\/\\\/www.waterskis.lv\\\/ru\\\/?s={search_term_string}\"},\"query-input\":{\"@type\":\"PropertyValueSpecification\",\"valueRequired\":true,\"valueName\":\"search_term_string\"}}],\"inLanguage\":\"ru-RU\"},{\"@type\":\"Organization\",\"@id\":\"https:\\\/\\\/www.waterskis.lv\\\/ru\\\/#organization\",\"name\":\"WATERSKIS.LV\",\"url\":\"https:\\\/\\\/www.waterskis.lv\\\/ru\\\/\",\"logo\":{\"@type\":\"ImageObject\",\"inLanguage\":\"ru-RU\",\"@id\":\"https:\\\/\\\/www.waterskis.lv\\\/ru\\\/#\\\/schema\\\/logo\\\/image\\\/\",\"url\":\"https:\\\/\\\/www.waterskis.lv\\\/wp-content\\\/uploads\\\/2025\\\/01\\\/JUVP-logo.png\",\"contentUrl\":\"https:\\\/\\\/www.waterskis.lv\\\/wp-content\\\/uploads\\\/2025\\\/01\\\/JUVP-logo.png\",\"width\":421,\"height\":202,\"caption\":\"WATERSKIS.LV\"},\"image\":{\"@id\":\"https:\\\/\\\/www.waterskis.lv\\\/ru\\\/#\\\/schema\\\/logo\\\/image\\\/\"},\"sameAs\":[\"https:\\\/\\\/www.facebook.com\\\/jurmalawaterskiwakeboardpark\\\/\"]}]}<\/script>\n<!-- \/ Yoast SEO plugin. -->","yoast_head_json":{"title":"\u041b\u043e\u0434\u043a\u0430 \u043d\u0430 \u0432\u0435\u0441\u043b\u0430\u0445 PELLA NOVA - WATERSKIS.LV","description":"\u041b\u043e\u0434\u043a\u0430 \u043d\u0430 \u0432\u0435\u0441\u043b\u0430\u0445 PELLA NOVA. \u041a\u0430\u0442\u0435\u0433\u043e\u0440\u0438\u044f: C - \u043f\u0440\u0438\u0431\u0440\u0435\u0436\u043d\u043e\u0435 \u0440\u044b\u0431\u043e\u043b\u043e\u0432\u043d\u043e\u0435 \u0441\u0443\u0434\u043d\u043e. \u0414\u043b\u0438\u043d\u0430 440 \u0441\u043c \u0428\u0438\u0440\u0438\u043d\u0430 160 \u0441\u043c \u0412\u044b\u0441\u043e\u0442\u0430 52 \u0441\u043c \u0412\u0435\u0441 95 \u043a\u0433 \u0413\u0440\u0443\u0437\u043e\u043f\u043e\u0434\u044a\u0435\u043c\u043d\u043e\u0441\u0442\u044c 400 \u043a\u0433 \u043c\u0435\u0441\u0442: 4","robots":{"index":"index","follow":"follow","max-snippet":"max-snippet:-1","max-image-preview":"max-image-preview:large","max-video-preview":"max-video-preview:-1"},"canonical":"https:\/\/www.waterskis.lv\/ru\/product\/%d0%bb%d0%be%d0%b4%d0%ba%d0%b0-%d0%bd%d0%b0-%d0%b2%d0%b5%d1%81%d0%bb%d0%b0%d1%85-pella-nova\/","og_locale":"ru_RU","og_type":"article","og_title":"\u041b\u043e\u0434\u043a\u0430 \u043d\u0430 \u0432\u0435\u0441\u043b\u0430\u0445 PELLA NOVA - WATERSKIS.LV","og_description":"\u041b\u043e\u0434\u043a\u0430 \u043d\u0430 \u0432\u0435\u0441\u043b\u0430\u0445 PELLA NOVA. \u041a\u0430\u0442\u0435\u0433\u043e\u0440\u0438\u044f: C - \u043f\u0440\u0438\u0431\u0440\u0435\u0436\u043d\u043e\u0435 \u0440\u044b\u0431\u043e\u043b\u043e\u0432\u043d\u043e\u0435 \u0441\u0443\u0434\u043d\u043e. \u0414\u043b\u0438\u043d\u0430 440 \u0441\u043c \u0428\u0438\u0440\u0438\u043d\u0430 160 \u0441\u043c \u0412\u044b\u0441\u043e\u0442\u0430 52 \u0441\u043c \u0412\u0435\u0441 95 \u043a\u0433 \u0413\u0440\u0443\u0437\u043e\u043f\u043e\u0434\u044a\u0435\u043c\u043d\u043e\u0441\u0442\u044c 400 \u043a\u0433 \u043c\u0435\u0441\u0442: 4","og_url":"https:\/\/www.waterskis.lv\/ru\/product\/%d0%bb%d0%be%d0%b4%d0%ba%d0%b0-%d0%bd%d0%b0-%d0%b2%d0%b5%d1%81%d0%bb%d0%b0%d1%85-pella-nova\/","og_site_name":"WATERSKIS.LV","article_publisher":"https:\/\/www.facebook.com\/jurmalawaterskiwakeboardpark\/","article_modified_time":"2026-02-04T17:23:06+00:00","og_image":[{"url":"https:\/\/www.waterskis.lv\/wp-content\/uploads\/2020\/10\/PellaNova1.jpg","type":"","width":"","height":""}],"twitter_card":"summary_large_image","twitter_misc":{"\u041f\u0440\u0438\u043c\u0435\u0440\u043d\u043e\u0435 \u0432\u0440\u0435\u043c\u044f \u0434\u043b\u044f \u0447\u0442\u0435\u043d\u0438\u044f":"1 \u043c\u0438\u043d\u0443\u0442\u0430"},"schema":{"@context":"https:\/\/schema.org","@graph":[{"@type":"WebPage","@id":"https:\/\/www.waterskis.lv\/ru\/product\/%d0%bb%d0%be%d0%b4%d0%ba%d0%b0-%d0%bd%d0%b0-%d0%b2%d0%b5%d1%81%d0%bb%d0%b0%d1%85-pella-nova\/","url":"https:\/\/www.waterskis.lv\/ru\/product\/%d0%bb%d0%be%d0%b4%d0%ba%d0%b0-%d0%bd%d0%b0-%d0%b2%d0%b5%d1%81%d0%bb%d0%b0%d1%85-pella-nova\/","name":"\u041b\u043e\u0434\u043a\u0430 \u043d\u0430 \u0432\u0435\u0441\u043b\u0430\u0445 PELLA NOVA - WATERSKIS.LV","isPartOf":{"@id":"https:\/\/www.waterskis.lv\/ru\/#website"},"primaryImageOfPage":{"@id":"https:\/\/www.waterskis.lv\/ru\/product\/%d0%bb%d0%be%d0%b4%d0%ba%d0%b0-%d0%bd%d0%b0-%d0%b2%d0%b5%d1%81%d0%bb%d0%b0%d1%85-pella-nova\/#primaryimage"},"image":{"@id":"https:\/\/www.waterskis.lv\/ru\/product\/%d0%bb%d0%be%d0%b4%d0%ba%d0%b0-%d0%bd%d0%b0-%d0%b2%d0%b5%d1%81%d0%bb%d0%b0%d1%85-pella-nova\/#primaryimage"},"thumbnailUrl":"https:\/\/www.waterskis.lv\/wp-content\/uploads\/2020\/10\/PellaNova.jpg","datePublished":"2020-10-09T05:19:04+00:00","dateModified":"2026-02-04T17:23:06+00:00","description":"\u041b\u043e\u0434\u043a\u0430 \u043d\u0430 \u0432\u0435\u0441\u043b\u0430\u0445 PELLA NOVA. \u041a\u0430\u0442\u0435\u0433\u043e\u0440\u0438\u044f: C - \u043f\u0440\u0438\u0431\u0440\u0435\u0436\u043d\u043e\u0435 \u0440\u044b\u0431\u043e\u043b\u043e\u0432\u043d\u043e\u0435 \u0441\u0443\u0434\u043d\u043e. \u0414\u043b\u0438\u043d\u0430 440 \u0441\u043c \u0428\u0438\u0440\u0438\u043d\u0430 160 \u0441\u043c \u0412\u044b\u0441\u043e\u0442\u0430 52 \u0441\u043c \u0412\u0435\u0441 95 \u043a\u0433 \u0413\u0440\u0443\u0437\u043e\u043f\u043e\u0434\u044a\u0435\u043c\u043d\u043e\u0441\u0442\u044c 400 \u043a\u0433 \u043c\u0435\u0441\u0442: 4","breadcrumb":{"@id":"https:\/\/www.waterskis.lv\/ru\/product\/%d0%bb%d0%be%d0%b4%d0%ba%d0%b0-%d0%bd%d0%b0-%d0%b2%d0%b5%d1%81%d0%bb%d0%b0%d1%85-pella-nova\/#breadcrumb"},"inLanguage":"ru-RU","potentialAction":[{"@type":"ReadAction","target":["https:\/\/www.waterskis.lv\/ru\/product\/%d0%bb%d0%be%d0%b4%d0%ba%d0%b0-%d0%bd%d0%b0-%d0%b2%d0%b5%d1%81%d0%bb%d0%b0%d1%85-pella-nova\/"]}]},{"@type":"ImageObject","inLanguage":"ru-RU","@id":"https:\/\/www.waterskis.lv\/ru\/product\/%d0%bb%d0%be%d0%b4%d0%ba%d0%b0-%d0%bd%d0%b0-%d0%b2%d0%b5%d1%81%d0%bb%d0%b0%d1%85-pella-nova\/#primaryimage","url":"https:\/\/www.waterskis.lv\/wp-content\/uploads\/2020\/10\/PellaNova.jpg","contentUrl":"https:\/\/www.waterskis.lv\/wp-content\/uploads\/2020\/10\/PellaNova.jpg","width":480,"height":496,"caption":"\u041b\u043e\u0434\u043a\u0430 \u043d\u0430 \u0432\u0435\u0441\u043b\u0430\u0445 PELLA NOVA"},{"@type":"BreadcrumbList","@id":"https:\/\/www.waterskis.lv\/ru\/product\/%d0%bb%d0%be%d0%b4%d0%ba%d0%b0-%d0%bd%d0%b0-%d0%b2%d0%b5%d1%81%d0%bb%d0%b0%d1%85-pella-nova\/#breadcrumb","itemListElement":[{"@type":"ListItem","position":1,"name":"Home","item":"https:\/\/www.waterskis.lv\/ru\/"},{"@type":"ListItem","position":2,"name":"\u041c\u0430\u0433\u0430\u0437\u0438\u043d","item":"https:\/\/www.waterskis.lv\/ru\/%d0%bc%d0%b0%d0%b3%d0%b0%d0%b7%d0%b8%d0%bd\/"},{"@type":"ListItem","position":3,"name":"\u041b\u043e\u0434\u043a\u0430 \u043d\u0430 \u0432\u0435\u0441\u043b\u0430\u0445 PELLA NOVA"}]},{"@type":"WebSite","@id":"https:\/\/www.waterskis.lv\/ru\/#website","url":"https:\/\/www.waterskis.lv\/ru\/","name":"WATERSKIS.LV","description":"SUP d\u0113\u013ci, kajaki, kanoe, airu laivas, \u016bdenssl\u0113po\u0161ana, veikbords, SUP d\u0113\u013cu noma, kajaku nomaakt\u012bv\u0101s atp\u016btas centrs, laivu noma, sup noma, kajaku noma","publisher":{"@id":"https:\/\/www.waterskis.lv\/ru\/#organization"},"potentialAction":[{"@type":"SearchAction","target":{"@type":"EntryPoint","urlTemplate":"https:\/\/www.waterskis.lv\/ru\/?s={search_term_string}"},"query-input":{"@type":"PropertyValueSpecification","valueRequired":true,"valueName":"search_term_string"}}],"inLanguage":"ru-RU"},{"@type":"Organization","@id":"https:\/\/www.waterskis.lv\/ru\/#organization","name":"WATERSKIS.LV","url":"https:\/\/www.waterskis.lv\/ru\/","logo":{"@type":"ImageObject","inLanguage":"ru-RU","@id":"https:\/\/www.waterskis.lv\/ru\/#\/schema\/logo\/image\/","url":"https:\/\/www.waterskis.lv\/wp-content\/uploads\/2025\/01\/JUVP-logo.png","contentUrl":"https:\/\/www.waterskis.lv\/wp-content\/uploads\/2025\/01\/JUVP-logo.png","width":421,"height":202,"caption":"WATERSKIS.LV"},"image":{"@id":"https:\/\/www.waterskis.lv\/ru\/#\/schema\/logo\/image\/"},"sameAs":["https:\/\/www.facebook.com\/jurmalawaterskiwakeboardpark\/"]}]}},"_links":{"self":[{"href":"https:\/\/www.waterskis.lv\/ru\/wp-json\/wp\/v2\/product\/25735","targetHints":{"allow":["GET"]}}],"collection":[{"href":"https:\/\/www.waterskis.lv\/ru\/wp-json\/wp\/v2\/product"}],"about":[{"href":"https:\/\/www.waterskis.lv\/ru\/wp-json\/wp\/v2\/types\/product"}],"replies":[{"embeddable":true,"href":"https:\/\/www.waterskis.lv\/ru\/wp-json\/wp\/v2\/comments?post=25735"}],"wp:featuredmedia":[{"embeddable":true,"href":"https:\/\/www.waterskis.lv\/ru\/wp-json\/wp\/v2\/media\/19919"}],"wp:attachment":[{"href":"https:\/\/www.waterskis.lv\/ru\/wp-json\/wp\/v2\/media?parent=25735"}],"wp:term":[{"taxonomy":"product_brand","embeddable":true,"href":"https:\/\/www.waterskis.lv\/ru\/wp-json\/wp\/v2\/product_brand?post=25735"},{"taxonomy":"product_cat","embeddable":true,"href":"https:\/\/www.waterskis.lv\/ru\/wp-json\/wp\/v2\/product_cat?post=25735"},{"taxonomy":"product_tag","embeddable":true,"href":"https:\/\/www.waterskis.lv\/ru\/wp-json\/wp\/v2\/product_tag?post=25735"}],"curies":[{"name":"wp","href":"https:\/\/api.w.org\/{rel}","templated":true}]}}