{"id":25747,"date":"2020-12-08T20:33:14","date_gmt":"2020-12-08T17:33:14","guid":{"rendered":"https:\/\/www.waterskis.lv\/product\/piepusams-tandema-kajaks-ds-471\/"},"modified":"2026-02-02T17:55:15","modified_gmt":"2026-02-02T15:55:15","slug":"%d0%bd%d0%b0%d0%b4%d1%83%d0%b2%d0%bd%d0%be%d0%b9-%d1%82%d0%b0%d0%bd%d0%b4%d0%b5%d0%bc%d0%bd%d1%8b%d0%b9-%d0%ba%d0%b0%d1%8f%d0%ba-ds-471","status":"publish","type":"product","link":"https:\/\/www.waterskis.lv\/ru\/product\/%d0%bd%d0%b0%d0%b4%d1%83%d0%b2%d0%bd%d0%be%d0%b9-%d1%82%d0%b0%d0%bd%d0%b4%d0%b5%d0%bc%d0%bd%d1%8b%d0%b9-%d0%ba%d0%b0%d1%8f%d0%ba-ds-471\/","title":{"rendered":"\u041d\u0430\u0434\u0443\u0432\u043d\u043e\u0439 \u0442\u0430\u043d\u0434\u0435\u043c\u043d\u044b\u0439 \u043a\u0430\u044f\u043a DS-471"},"content":{"rendered":"<h1>\u041d\u0430\u0434\u0443\u0432\u043d\u043e\u0439 \u0442\u0430\u043d\u0434\u0435\u043c\u043d\u044b\u0439 \u043a\u0430\u044f\u043a DS-471<\/h1>\n<p>\u041d\u0430\u0434\u0443\u0432\u043d\u043e\u0439 \u0442\u0430\u043d\u0434\u0435\u043c\u043d\u044b\u0439 \u043a\u0430\u044f\u043a DS-471<\/p>\n<p>\u041d\u0430\u0434\u0443\u0432\u043d\u043e\u0439 \u043a\u043e\u043c\u043f\u043b\u0435\u043a\u0442 \u0441\u0432\u0435\u0440\u0445\u043f\u0440\u043e\u0447\u043d\u043e\u0439 \u0438 \u0434\u043e\u043b\u0433\u043e\u0432\u0435\u0447\u043d\u043e\u0439 \u0431\u0430\u0439\u0434\u0430\u0440\u043a\u0438. \u0411\u043b\u0430\u0433\u043e\u0434\u0430\u0440\u044f \u043c\u0430\u0442\u0435\u0440\u0438\u0430\u043b\u0443 DROPSTITCH PVC, \u0438\u0441\u043f\u043e\u043b\u044c\u0437\u0443\u0435\u043c\u043e\u043c\u0443 \u0432 \u043a\u043e\u043d\u0441\u0442\u0440\u0443\u043a\u0446\u0438\u0438, \u044d\u0442\u043e\u0442 \u043a\u0430\u044f\u043a \u0432\u0441\u0435\u0433\u0434\u0430 \u043e\u0441\u0442\u0430\u0435\u0442\u0441\u044f \u0447\u0440\u0435\u0437\u0432\u044b\u0447\u0430\u0439\u043d\u043e \u0436\u0435\u0441\u0442\u043a\u0438\u043c, \u0447\u0442\u043e \u043f\u043e\u0432\u044b\u0448\u0430\u0435\u0442 \u0443\u0434\u043e\u0431\u0441\u0442\u0432\u043e \u0438\u0441\u043f\u043e\u043b\u044c\u0437\u043e\u0432\u0430\u043d\u0438\u044f \u0438 \u043f\u043e\u0434\u0434\u0435\u0440\u0436\u0438\u0432\u0430\u0435\u0442 \u0431\u043e\u043b\u0435\u0435 \u0432\u044b\u0441\u043e\u043a\u0443\u044e \u0441\u043a\u043e\u0440\u043e\u0441\u0442\u044c \u043f\u043b\u0430\u0432\u0430\u043d\u0438\u044f \u043f\u043e \u0441\u0440\u0430\u0432\u043d\u0435\u043d\u0438\u044e \u0441 \u0442\u0440\u0430\u0434\u0438\u0446\u0438\u043e\u043d\u043d\u044b\u043c\u0438 \u043d\u0430\u0434\u0443\u0432\u043d\u044b\u043c\u0438 \u043a\u0430\u044f\u043a\u0430\u043c\u0438. \u0423\u0441\u0438\u043b\u0435\u043d\u043d\u0430\u044f \u0437\u0430\u0434\u043d\u044f\u044f \u0447\u0430\u0441\u0442\u044c \u043e\u0442\u043b\u0438\u0447\u0430\u0435\u0442\u0441\u044f \u0443\u0434\u0430\u0440\u043e\u043f\u0440\u043e\u0447\u043d\u043e\u0441\u0442\u044c\u044e. \u0421\u044a\u0435\u043c\u043d\u044b\u0439 \u043a\u043b\u0438\u043d. \u0412 \u043a\u043e\u043c\u043f\u043b\u0435\u043a\u0442\u0435 \u0435\u0441\u0442\u044c \u0432\u0441\u0435 \u043d\u0435\u043e\u0431\u0445\u043e\u0434\u0438\u043c\u044b\u0435 \u0430\u043a\u0441\u0435\u0441\u0441\u0443\u0430\u0440\u044b, \u043f\u043e\u044d\u0442\u043e\u043c\u0443 \u0432\u0430\u043c \u043e\u0441\u0442\u0430\u043d\u0435\u0442\u0441\u044f \u0442\u043e\u043b\u044c\u043a\u043e \u043f\u043b\u0430\u0432\u0430\u0442\u044c \u0438 \u043d\u0435 \u0437\u0430\u0431\u044b\u0442\u044c \u0436\u0438\u043b\u0435\u0442. \u0420\u0435\u043a\u043e\u043c\u0435\u043d\u0434\u0443\u0435\u043c\u043e\u0435 \u043c\u0430\u043a\u0441\u0438\u043c\u0430\u043b\u044c\u043d\u043e\u0435 \u0432\u043d\u0443\u0442\u0440\u0435\u043d\u043d\u0435\u0435 \u0434\u0430\u0432\u043b\u0435\u043d\u0438\u0435: 12 \u0444\u0443\u043d\u0442\u043e\u0432 \u043d\u0430 \u043a\u0432\u0430\u0434\u0440\u0430\u0442\u043d\u044b\u0439 \u0434\u044e\u0439\u043c.<\/p>\n<p>\u041f\u0430\u0440\u0430\u043c\u0435\u0442\u0440\u044b:<br \/>\n\u0422\u0438\u043f \u041d\u0430\u0434\u0443\u0432\u043d\u043e\u0439 \u043a\u0430\u044f\u043a<br \/>\n\u0414\u043b\u0438\u043d\u0430 471 \u0441\u043c<br \/>\n\u0428\u0438\u0440\u0438\u043d\u0430 x \u0412\u044b\u0441\u043e\u0442\u0430 86 x 30 \u0441\u043c<br \/>\n\u0412\u0435\u0441 18 \u043a\u0433<br \/>\n\u041c\u0430\u0442\u0435\u0440\u0438\u0430\u043b 1100 Decitex \u0443\u0441\u0438\u043b\u0435\u043d\u043d\u044b\u0439 \u041f\u0412\u0425<br \/>\n\u041a\u043e\u043b-\u0432\u043e \u0447\u0435\u043b\u043e\u0432\u0435\u043a 2<br \/>\n\u041c\u0430\u043a\u0441\u0438\u043c\u0430\u043b\u044c\u043d\u043e\u0435 \u0434\u0430\u0432\u043b\u0435\u043d\u0438\u0435 12 \u0444\u0443\u043d\u0442\u043e\u0432 \u043d\u0430 \u043a\u0432. \u0414\u044e\u0439\u043c (0,83 \u0431\u0430\u0440)<br \/>\n\u0426\u0435\u043b\u044c \u0438\u0441\u043f\u043e\u043b\u044c\u0437\u043e\u0432\u0430\u043d\u0438\u044f \u0422\u0443\u0440\u0438\u0441\u0442\u0438\u0447\u0435\u0441\u043a\u0430\u044f \u0431\u0430\u0439\u0434\u0430\u0440\u043a\u0430<br \/>\n\u041f\u0440\u043e\u0438\u0437\u0432\u043e\u0434\u0438\u0442\u0435\u043b\u044c \u0432 \u041a\u0438\u0442\u0430\u0435<\/p>\n","protected":false},"excerpt":{"rendered":"<p>\u041d\u0430\u0434\u0443\u0432\u043d\u043e\u0439 \u0442\u0430\u043d\u0434\u0435\u043c\u043d\u044b\u0439 \u043a\u0430\u044f\u043a DS-471 \u041d\u0430\u0434\u0443\u0432\u043d\u043e\u0439 \u0442\u0430\u043d\u0434\u0435\u043c\u043d\u044b\u0439 \u043a\u0430\u044f\u043a DS-471 \u041d\u0430\u0434\u0443\u0432\u043d\u043e\u0439 \u043a\u043e\u043c\u043f\u043b\u0435\u043a\u0442 \u0441\u0432\u0435\u0440\u0445\u043f\u0440\u043e\u0447\u043d\u043e\u0439 \u0438 \u0434\u043e\u043b\u0433\u043e\u0432\u0435\u0447\u043d\u043e\u0439 \u0431\u0430\u0439\u0434\u0430\u0440\u043a\u0438. \u0411\u043b\u0430\u0433\u043e\u0434\u0430\u0440\u044f \u043c\u0430\u0442\u0435\u0440\u0438\u0430\u043b\u0443 DROPSTITCH PVC, \u0438\u0441\u043f\u043e\u043b\u044c\u0437\u0443\u0435\u043c\u043e\u043c\u0443 \u0432 \u043a\u043e\u043d\u0441\u0442\u0440\u0443\u043a\u0446\u0438\u0438, \u044d\u0442\u043e\u0442 \u043a\u0430\u044f\u043a \u0432\u0441\u0435\u0433\u0434\u0430 \u043e\u0441\u0442\u0430\u0435\u0442\u0441\u044f \u0447\u0440\u0435\u0437\u0432\u044b\u0447\u0430\u0439\u043d\u043e \u0436\u0435\u0441\u0442\u043a\u0438\u043c, \u0447\u0442\u043e \u043f\u043e\u0432\u044b\u0448\u0430\u0435\u0442 \u0443\u0434\u043e\u0431\u0441\u0442\u0432\u043e \u0438\u0441\u043f\u043e\u043b\u044c\u0437\u043e\u0432\u0430\u043d\u0438\u044f \u0438 \u043f\u043e\u0434\u0434\u0435\u0440\u0436\u0438\u0432\u0430\u0435\u0442 \u0431\u043e\u043b\u0435\u0435 \u0432\u044b\u0441\u043e\u043a\u0443\u044e \u0441\u043a\u043e\u0440\u043e\u0441\u0442\u044c \u043f\u043b\u0430\u0432\u0430\u043d\u0438\u044f \u043f\u043e \u0441\u0440\u0430\u0432\u043d\u0435\u043d\u0438\u044e \u0441 \u0442\u0440\u0430\u0434\u0438\u0446\u0438\u043e\u043d\u043d\u044b\u043c\u0438 \u043d\u0430\u0434\u0443\u0432\u043d\u044b\u043c\u0438 \u043a\u0430\u044f\u043a\u0430\u043c\u0438. \u0423\u0441\u0438\u043b\u0435\u043d\u043d\u0430\u044f \u0437\u0430\u0434\u043d\u044f\u044f \u0447\u0430\u0441\u0442\u044c \u043e\u0442\u043b\u0438\u0447\u0430\u0435\u0442\u0441\u044f \u0443\u0434\u0430\u0440\u043e\u043f\u0440\u043e\u0447\u043d\u043e\u0441\u0442\u044c\u044e. \u0421\u044a\u0435\u043c\u043d\u044b\u0439 \u043a\u043b\u0438\u043d. \u0412 \u043a\u043e\u043c\u043f\u043b\u0435\u043a\u0442\u0435 \u0435\u0441\u0442\u044c \u0432\u0441\u0435 \u043d\u0435\u043e\u0431\u0445\u043e\u0434\u0438\u043c\u044b\u0435 [&#8230;]<\/p>\n<p><a class=\"btn btn-secondary understrap-read-more-link\" href=\"https:\/\/www.waterskis.lv\/ru\/product\/%d0%bd%d0%b0%d0%b4%d1%83%d0%b2%d0%bd%d0%be%d0%b9-%d1%82%d0%b0%d0%bd%d0%b4%d0%b5%d0%bc%d0%bd%d1%8b%d0%b9-%d0%ba%d0%b0%d1%8f%d0%ba-ds-471\/\">\u0427\u0438\u0442\u0430\u0442\u044c \u0434\u0430\u043b\u044c\u0448\u0435\u2026<\/a><\/p>\n","protected":false},"featured_media":24314,"comment_status":"closed","ping_status":"closed","template":"","meta":{"_acf_changed":false,"inline_featured_image":false},"product_brand":[],"product_cat":[362,508,784,1224,783],"product_tag":[3181,3272,3269,3271,3270],"class_list":{"0":"post-25747","1":"product","2":"type-product","3":"status-publish","4":"has-post-thumbnail","6":"product_cat-c","7":"product_cat-508","8":"product_cat-784","9":"product_cat-1224","10":"product_cat-783","11":"product_tag-supkayak","12":"product_tag-3272","13":"product_tag-3269","14":"product_tag-3271","15":"product_tag-3270","17":"first","18":"instock","19":"sale","20":"shipping-taxable","21":"purchasable","22":"product-type-simple"},"acf":[],"yoast_head":"<!-- This site is optimized with the Yoast SEO plugin v27.4 - https:\/\/yoast.com\/product\/yoast-seo-wordpress\/ -->\n<title>\u041d\u0430\u0434\u0443\u0432\u043d\u043e\u0439 \u0442\u0430\u043d\u0434\u0435\u043c\u043d\u044b\u0439 \u043a\u0430\u044f\u043a DS-471 - WATERSKIS.LV<\/title>\n<meta name=\"description\" content=\"\u041d\u0430\u0434\u0443\u0432\u043d\u043e\u0439 \u0442\u0430\u043d\u0434\u0435\u043c\u043d\u044b\u0439 \u043a\u0430\u044f\u043a DS-471. \u041d\u0430\u0434\u0443\u0432\u043d\u043e\u0439 \u043a\u043e\u043c\u043f\u043b\u0435\u043a\u0442 \u0441\u0432\u0435\u0440\u0445\u043f\u0440\u043e\u0447\u043d\u043e\u0439 \u0438 \u0434\u043e\u043b\u0433\u043e\u0432\u0435\u0447\u043d\u043e\u0439 \u0431\u0430\u0439\u0434\u0430\u0440\u043a\u0438. \u0411\u043b\u0430\u0433\u043e\u0434\u0430\u0440\u044f \u043c\u0430\u0442\u0435\u0440\u0438\u0430\u043b\u0443 DROPSTITCH PVC \u043a\u0430\u044f\u043a \u0432\u0441\u0435\u0433\u0434\u0430 \u043e\u0441\u0442\u0430\u0435\u0442\u0441\u044f \u0436\u0435\u0441\u0442\u043a\u0438\u043c\" \/>\n<meta name=\"robots\" content=\"index, follow, max-snippet:-1, max-image-preview:large, max-video-preview:-1\" \/>\n<link rel=\"canonical\" href=\"https:\/\/www.waterskis.lv\/ru\/product\/%d0%bd%d0%b0%d0%b4%d1%83%d0%b2%d0%bd%d0%be%d0%b9-%d1%82%d0%b0%d0%bd%d0%b4%d0%b5%d0%bc%d0%bd%d1%8b%d0%b9-%d0%ba%d0%b0%d1%8f%d0%ba-ds-471\/\" \/>\n<meta property=\"og:locale\" content=\"ru_RU\" \/>\n<meta property=\"og:type\" content=\"article\" \/>\n<meta property=\"og:title\" content=\"\u041d\u0430\u0434\u0443\u0432\u043d\u043e\u0439 \u0442\u0430\u043d\u0434\u0435\u043c\u043d\u044b\u0439 \u043a\u0430\u044f\u043a DS-471 - WATERSKIS.LV\" \/>\n<meta property=\"og:description\" content=\"\u041d\u0430\u0434\u0443\u0432\u043d\u043e\u0439 \u0442\u0430\u043d\u0434\u0435\u043c\u043d\u044b\u0439 \u043a\u0430\u044f\u043a DS-471. \u041d\u0430\u0434\u0443\u0432\u043d\u043e\u0439 \u043a\u043e\u043c\u043f\u043b\u0435\u043a\u0442 \u0441\u0432\u0435\u0440\u0445\u043f\u0440\u043e\u0447\u043d\u043e\u0439 \u0438 \u0434\u043e\u043b\u0433\u043e\u0432\u0435\u0447\u043d\u043e\u0439 \u0431\u0430\u0439\u0434\u0430\u0440\u043a\u0438. \u0411\u043b\u0430\u0433\u043e\u0434\u0430\u0440\u044f \u043c\u0430\u0442\u0435\u0440\u0438\u0430\u043b\u0443 DROPSTITCH PVC \u043a\u0430\u044f\u043a \u0432\u0441\u0435\u0433\u0434\u0430 \u043e\u0441\u0442\u0430\u0435\u0442\u0441\u044f \u0436\u0435\u0441\u0442\u043a\u0438\u043c\" \/>\n<meta property=\"og:url\" content=\"https:\/\/www.waterskis.lv\/ru\/product\/%d0%bd%d0%b0%d0%b4%d1%83%d0%b2%d0%bd%d0%be%d0%b9-%d1%82%d0%b0%d0%bd%d0%b4%d0%b5%d0%bc%d0%bd%d1%8b%d0%b9-%d0%ba%d0%b0%d1%8f%d0%ba-ds-471\/\" \/>\n<meta property=\"og:site_name\" content=\"WATERSKIS.LV\" \/>\n<meta property=\"article:publisher\" content=\"https:\/\/www.facebook.com\/jurmalawaterskiwakeboardpark\/\" \/>\n<meta property=\"article:modified_time\" content=\"2026-02-02T15:55:15+00:00\" \/>\n<meta property=\"og:image\" content=\"https:\/\/www.waterskis.lv\/wp-content\/uploads\/2020\/12\/inflatable-tandem-kayak-ds-471.png\" \/>\n\t<meta property=\"og:image:width\" content=\"1000\" \/>\n\t<meta property=\"og:image:height\" content=\"1000\" \/>\n\t<meta property=\"og:image:type\" content=\"image\/png\" \/>\n<meta name=\"twitter:card\" content=\"summary_large_image\" \/>\n<meta name=\"twitter:label1\" content=\"\u041f\u0440\u0438\u043c\u0435\u0440\u043d\u043e\u0435 \u0432\u0440\u0435\u043c\u044f \u0434\u043b\u044f \u0447\u0442\u0435\u043d\u0438\u044f\" \/>\n\t<meta name=\"twitter:data1\" content=\"1 \u043c\u0438\u043d\u0443\u0442\u0430\" \/>\n<script type=\"application\/ld+json\" class=\"yoast-schema-graph\">{\"@context\":\"https:\\\/\\\/schema.org\",\"@graph\":[{\"@type\":\"WebPage\",\"@id\":\"https:\\\/\\\/www.waterskis.lv\\\/ru\\\/product\\\/%d0%bd%d0%b0%d0%b4%d1%83%d0%b2%d0%bd%d0%be%d0%b9-%d1%82%d0%b0%d0%bd%d0%b4%d0%b5%d0%bc%d0%bd%d1%8b%d0%b9-%d0%ba%d0%b0%d1%8f%d0%ba-ds-471\\\/\",\"url\":\"https:\\\/\\\/www.waterskis.lv\\\/ru\\\/product\\\/%d0%bd%d0%b0%d0%b4%d1%83%d0%b2%d0%bd%d0%be%d0%b9-%d1%82%d0%b0%d0%bd%d0%b4%d0%b5%d0%bc%d0%bd%d1%8b%d0%b9-%d0%ba%d0%b0%d1%8f%d0%ba-ds-471\\\/\",\"name\":\"\u041d\u0430\u0434\u0443\u0432\u043d\u043e\u0439 \u0442\u0430\u043d\u0434\u0435\u043c\u043d\u044b\u0439 \u043a\u0430\u044f\u043a DS-471 - WATERSKIS.LV\",\"isPartOf\":{\"@id\":\"https:\\\/\\\/www.waterskis.lv\\\/ru\\\/#website\"},\"primaryImageOfPage\":{\"@id\":\"https:\\\/\\\/www.waterskis.lv\\\/ru\\\/product\\\/%d0%bd%d0%b0%d0%b4%d1%83%d0%b2%d0%bd%d0%be%d0%b9-%d1%82%d0%b0%d0%bd%d0%b4%d0%b5%d0%bc%d0%bd%d1%8b%d0%b9-%d0%ba%d0%b0%d1%8f%d0%ba-ds-471\\\/#primaryimage\"},\"image\":{\"@id\":\"https:\\\/\\\/www.waterskis.lv\\\/ru\\\/product\\\/%d0%bd%d0%b0%d0%b4%d1%83%d0%b2%d0%bd%d0%be%d0%b9-%d1%82%d0%b0%d0%bd%d0%b4%d0%b5%d0%bc%d0%bd%d1%8b%d0%b9-%d0%ba%d0%b0%d1%8f%d0%ba-ds-471\\\/#primaryimage\"},\"thumbnailUrl\":\"https:\\\/\\\/www.waterskis.lv\\\/wp-content\\\/uploads\\\/2020\\\/12\\\/inflatable-tandem-kayak-ds-471.png\",\"datePublished\":\"2020-12-08T17:33:14+00:00\",\"dateModified\":\"2026-02-02T15:55:15+00:00\",\"description\":\"\u041d\u0430\u0434\u0443\u0432\u043d\u043e\u0439 \u0442\u0430\u043d\u0434\u0435\u043c\u043d\u044b\u0439 \u043a\u0430\u044f\u043a DS-471. \u041d\u0430\u0434\u0443\u0432\u043d\u043e\u0439 \u043a\u043e\u043c\u043f\u043b\u0435\u043a\u0442 \u0441\u0432\u0435\u0440\u0445\u043f\u0440\u043e\u0447\u043d\u043e\u0439 \u0438 \u0434\u043e\u043b\u0433\u043e\u0432\u0435\u0447\u043d\u043e\u0439 \u0431\u0430\u0439\u0434\u0430\u0440\u043a\u0438. \u0411\u043b\u0430\u0433\u043e\u0434\u0430\u0440\u044f \u043c\u0430\u0442\u0435\u0440\u0438\u0430\u043b\u0443 DROPSTITCH PVC \u043a\u0430\u044f\u043a \u0432\u0441\u0435\u0433\u0434\u0430 \u043e\u0441\u0442\u0430\u0435\u0442\u0441\u044f \u0436\u0435\u0441\u0442\u043a\u0438\u043c\",\"breadcrumb\":{\"@id\":\"https:\\\/\\\/www.waterskis.lv\\\/ru\\\/product\\\/%d0%bd%d0%b0%d0%b4%d1%83%d0%b2%d0%bd%d0%be%d0%b9-%d1%82%d0%b0%d0%bd%d0%b4%d0%b5%d0%bc%d0%bd%d1%8b%d0%b9-%d0%ba%d0%b0%d1%8f%d0%ba-ds-471\\\/#breadcrumb\"},\"inLanguage\":\"ru-RU\",\"potentialAction\":[{\"@type\":\"ReadAction\",\"target\":[\"https:\\\/\\\/www.waterskis.lv\\\/ru\\\/product\\\/%d0%bd%d0%b0%d0%b4%d1%83%d0%b2%d0%bd%d0%be%d0%b9-%d1%82%d0%b0%d0%bd%d0%b4%d0%b5%d0%bc%d0%bd%d1%8b%d0%b9-%d0%ba%d0%b0%d1%8f%d0%ba-ds-471\\\/\"]}]},{\"@type\":\"ImageObject\",\"inLanguage\":\"ru-RU\",\"@id\":\"https:\\\/\\\/www.waterskis.lv\\\/ru\\\/product\\\/%d0%bd%d0%b0%d0%b4%d1%83%d0%b2%d0%bd%d0%be%d0%b9-%d1%82%d0%b0%d0%bd%d0%b4%d0%b5%d0%bc%d0%bd%d1%8b%d0%b9-%d0%ba%d0%b0%d1%8f%d0%ba-ds-471\\\/#primaryimage\",\"url\":\"https:\\\/\\\/www.waterskis.lv\\\/wp-content\\\/uploads\\\/2020\\\/12\\\/inflatable-tandem-kayak-ds-471.png\",\"contentUrl\":\"https:\\\/\\\/www.waterskis.lv\\\/wp-content\\\/uploads\\\/2020\\\/12\\\/inflatable-tandem-kayak-ds-471.png\",\"width\":1000,\"height\":1000,\"caption\":\"\u041d\u0430\u0434\u0443\u0432\u043d\u043e\u0439 \u0442\u0430\u043d\u0434\u0435\u043c\u043d\u044b\u0439 \u043a\u0430\u044f\u043a DS-471\"},{\"@type\":\"BreadcrumbList\",\"@id\":\"https:\\\/\\\/www.waterskis.lv\\\/ru\\\/product\\\/%d0%bd%d0%b0%d0%b4%d1%83%d0%b2%d0%bd%d0%be%d0%b9-%d1%82%d0%b0%d0%bd%d0%b4%d0%b5%d0%bc%d0%bd%d1%8b%d0%b9-%d0%ba%d0%b0%d1%8f%d0%ba-ds-471\\\/#breadcrumb\",\"itemListElement\":[{\"@type\":\"ListItem\",\"position\":1,\"name\":\"Home\",\"item\":\"https:\\\/\\\/www.waterskis.lv\\\/ru\\\/\"},{\"@type\":\"ListItem\",\"position\":2,\"name\":\"\u041c\u0430\u0433\u0430\u0437\u0438\u043d\",\"item\":\"https:\\\/\\\/www.waterskis.lv\\\/ru\\\/%d0%bc%d0%b0%d0%b3%d0%b0%d0%b7%d0%b8%d0%bd\\\/\"},{\"@type\":\"ListItem\",\"position\":3,\"name\":\"\u041d\u0430\u0434\u0443\u0432\u043d\u043e\u0439 \u0442\u0430\u043d\u0434\u0435\u043c\u043d\u044b\u0439 \u043a\u0430\u044f\u043a DS-471\"}]},{\"@type\":\"WebSite\",\"@id\":\"https:\\\/\\\/www.waterskis.lv\\\/ru\\\/#website\",\"url\":\"https:\\\/\\\/www.waterskis.lv\\\/ru\\\/\",\"name\":\"WATERSKIS.LV\",\"description\":\"SUP d\u0113\u013ci, kajaki, kanoe, airu laivas, \u016bdenssl\u0113po\u0161ana, veikbords, SUP d\u0113\u013cu noma, kajaku nomaakt\u012bv\u0101s atp\u016btas centrs, laivu noma, sup noma, kajaku noma\",\"publisher\":{\"@id\":\"https:\\\/\\\/www.waterskis.lv\\\/ru\\\/#organization\"},\"potentialAction\":[{\"@type\":\"SearchAction\",\"target\":{\"@type\":\"EntryPoint\",\"urlTemplate\":\"https:\\\/\\\/www.waterskis.lv\\\/ru\\\/?s={search_term_string}\"},\"query-input\":{\"@type\":\"PropertyValueSpecification\",\"valueRequired\":true,\"valueName\":\"search_term_string\"}}],\"inLanguage\":\"ru-RU\"},{\"@type\":\"Organization\",\"@id\":\"https:\\\/\\\/www.waterskis.lv\\\/ru\\\/#organization\",\"name\":\"WATERSKIS.LV\",\"url\":\"https:\\\/\\\/www.waterskis.lv\\\/ru\\\/\",\"logo\":{\"@type\":\"ImageObject\",\"inLanguage\":\"ru-RU\",\"@id\":\"https:\\\/\\\/www.waterskis.lv\\\/ru\\\/#\\\/schema\\\/logo\\\/image\\\/\",\"url\":\"https:\\\/\\\/www.waterskis.lv\\\/wp-content\\\/uploads\\\/2025\\\/01\\\/JUVP-logo.png\",\"contentUrl\":\"https:\\\/\\\/www.waterskis.lv\\\/wp-content\\\/uploads\\\/2025\\\/01\\\/JUVP-logo.png\",\"width\":421,\"height\":202,\"caption\":\"WATERSKIS.LV\"},\"image\":{\"@id\":\"https:\\\/\\\/www.waterskis.lv\\\/ru\\\/#\\\/schema\\\/logo\\\/image\\\/\"},\"sameAs\":[\"https:\\\/\\\/www.facebook.com\\\/jurmalawaterskiwakeboardpark\\\/\"]}]}<\/script>\n<!-- \/ Yoast SEO plugin. -->","yoast_head_json":{"title":"\u041d\u0430\u0434\u0443\u0432\u043d\u043e\u0439 \u0442\u0430\u043d\u0434\u0435\u043c\u043d\u044b\u0439 \u043a\u0430\u044f\u043a DS-471 - WATERSKIS.LV","description":"\u041d\u0430\u0434\u0443\u0432\u043d\u043e\u0439 \u0442\u0430\u043d\u0434\u0435\u043c\u043d\u044b\u0439 \u043a\u0430\u044f\u043a DS-471. \u041d\u0430\u0434\u0443\u0432\u043d\u043e\u0439 \u043a\u043e\u043c\u043f\u043b\u0435\u043a\u0442 \u0441\u0432\u0435\u0440\u0445\u043f\u0440\u043e\u0447\u043d\u043e\u0439 \u0438 \u0434\u043e\u043b\u0433\u043e\u0432\u0435\u0447\u043d\u043e\u0439 \u0431\u0430\u0439\u0434\u0430\u0440\u043a\u0438. \u0411\u043b\u0430\u0433\u043e\u0434\u0430\u0440\u044f \u043c\u0430\u0442\u0435\u0440\u0438\u0430\u043b\u0443 DROPSTITCH PVC \u043a\u0430\u044f\u043a \u0432\u0441\u0435\u0433\u0434\u0430 \u043e\u0441\u0442\u0430\u0435\u0442\u0441\u044f \u0436\u0435\u0441\u0442\u043a\u0438\u043c","robots":{"index":"index","follow":"follow","max-snippet":"max-snippet:-1","max-image-preview":"max-image-preview:large","max-video-preview":"max-video-preview:-1"},"canonical":"https:\/\/www.waterskis.lv\/ru\/product\/%d0%bd%d0%b0%d0%b4%d1%83%d0%b2%d0%bd%d0%be%d0%b9-%d1%82%d0%b0%d0%bd%d0%b4%d0%b5%d0%bc%d0%bd%d1%8b%d0%b9-%d0%ba%d0%b0%d1%8f%d0%ba-ds-471\/","og_locale":"ru_RU","og_type":"article","og_title":"\u041d\u0430\u0434\u0443\u0432\u043d\u043e\u0439 \u0442\u0430\u043d\u0434\u0435\u043c\u043d\u044b\u0439 \u043a\u0430\u044f\u043a DS-471 - WATERSKIS.LV","og_description":"\u041d\u0430\u0434\u0443\u0432\u043d\u043e\u0439 \u0442\u0430\u043d\u0434\u0435\u043c\u043d\u044b\u0439 \u043a\u0430\u044f\u043a DS-471. \u041d\u0430\u0434\u0443\u0432\u043d\u043e\u0439 \u043a\u043e\u043c\u043f\u043b\u0435\u043a\u0442 \u0441\u0432\u0435\u0440\u0445\u043f\u0440\u043e\u0447\u043d\u043e\u0439 \u0438 \u0434\u043e\u043b\u0433\u043e\u0432\u0435\u0447\u043d\u043e\u0439 \u0431\u0430\u0439\u0434\u0430\u0440\u043a\u0438. \u0411\u043b\u0430\u0433\u043e\u0434\u0430\u0440\u044f \u043c\u0430\u0442\u0435\u0440\u0438\u0430\u043b\u0443 DROPSTITCH PVC \u043a\u0430\u044f\u043a \u0432\u0441\u0435\u0433\u0434\u0430 \u043e\u0441\u0442\u0430\u0435\u0442\u0441\u044f \u0436\u0435\u0441\u0442\u043a\u0438\u043c","og_url":"https:\/\/www.waterskis.lv\/ru\/product\/%d0%bd%d0%b0%d0%b4%d1%83%d0%b2%d0%bd%d0%be%d0%b9-%d1%82%d0%b0%d0%bd%d0%b4%d0%b5%d0%bc%d0%bd%d1%8b%d0%b9-%d0%ba%d0%b0%d1%8f%d0%ba-ds-471\/","og_site_name":"WATERSKIS.LV","article_publisher":"https:\/\/www.facebook.com\/jurmalawaterskiwakeboardpark\/","article_modified_time":"2026-02-02T15:55:15+00:00","og_image":[{"width":1000,"height":1000,"url":"https:\/\/www.waterskis.lv\/wp-content\/uploads\/2020\/12\/inflatable-tandem-kayak-ds-471.png","type":"image\/png"}],"twitter_card":"summary_large_image","twitter_misc":{"\u041f\u0440\u0438\u043c\u0435\u0440\u043d\u043e\u0435 \u0432\u0440\u0435\u043c\u044f \u0434\u043b\u044f \u0447\u0442\u0435\u043d\u0438\u044f":"1 \u043c\u0438\u043d\u0443\u0442\u0430"},"schema":{"@context":"https:\/\/schema.org","@graph":[{"@type":"WebPage","@id":"https:\/\/www.waterskis.lv\/ru\/product\/%d0%bd%d0%b0%d0%b4%d1%83%d0%b2%d0%bd%d0%be%d0%b9-%d1%82%d0%b0%d0%bd%d0%b4%d0%b5%d0%bc%d0%bd%d1%8b%d0%b9-%d0%ba%d0%b0%d1%8f%d0%ba-ds-471\/","url":"https:\/\/www.waterskis.lv\/ru\/product\/%d0%bd%d0%b0%d0%b4%d1%83%d0%b2%d0%bd%d0%be%d0%b9-%d1%82%d0%b0%d0%bd%d0%b4%d0%b5%d0%bc%d0%bd%d1%8b%d0%b9-%d0%ba%d0%b0%d1%8f%d0%ba-ds-471\/","name":"\u041d\u0430\u0434\u0443\u0432\u043d\u043e\u0439 \u0442\u0430\u043d\u0434\u0435\u043c\u043d\u044b\u0439 \u043a\u0430\u044f\u043a DS-471 - WATERSKIS.LV","isPartOf":{"@id":"https:\/\/www.waterskis.lv\/ru\/#website"},"primaryImageOfPage":{"@id":"https:\/\/www.waterskis.lv\/ru\/product\/%d0%bd%d0%b0%d0%b4%d1%83%d0%b2%d0%bd%d0%be%d0%b9-%d1%82%d0%b0%d0%bd%d0%b4%d0%b5%d0%bc%d0%bd%d1%8b%d0%b9-%d0%ba%d0%b0%d1%8f%d0%ba-ds-471\/#primaryimage"},"image":{"@id":"https:\/\/www.waterskis.lv\/ru\/product\/%d0%bd%d0%b0%d0%b4%d1%83%d0%b2%d0%bd%d0%be%d0%b9-%d1%82%d0%b0%d0%bd%d0%b4%d0%b5%d0%bc%d0%bd%d1%8b%d0%b9-%d0%ba%d0%b0%d1%8f%d0%ba-ds-471\/#primaryimage"},"thumbnailUrl":"https:\/\/www.waterskis.lv\/wp-content\/uploads\/2020\/12\/inflatable-tandem-kayak-ds-471.png","datePublished":"2020-12-08T17:33:14+00:00","dateModified":"2026-02-02T15:55:15+00:00","description":"\u041d\u0430\u0434\u0443\u0432\u043d\u043e\u0439 \u0442\u0430\u043d\u0434\u0435\u043c\u043d\u044b\u0439 \u043a\u0430\u044f\u043a DS-471. \u041d\u0430\u0434\u0443\u0432\u043d\u043e\u0439 \u043a\u043e\u043c\u043f\u043b\u0435\u043a\u0442 \u0441\u0432\u0435\u0440\u0445\u043f\u0440\u043e\u0447\u043d\u043e\u0439 \u0438 \u0434\u043e\u043b\u0433\u043e\u0432\u0435\u0447\u043d\u043e\u0439 \u0431\u0430\u0439\u0434\u0430\u0440\u043a\u0438. \u0411\u043b\u0430\u0433\u043e\u0434\u0430\u0440\u044f \u043c\u0430\u0442\u0435\u0440\u0438\u0430\u043b\u0443 DROPSTITCH PVC \u043a\u0430\u044f\u043a \u0432\u0441\u0435\u0433\u0434\u0430 \u043e\u0441\u0442\u0430\u0435\u0442\u0441\u044f \u0436\u0435\u0441\u0442\u043a\u0438\u043c","breadcrumb":{"@id":"https:\/\/www.waterskis.lv\/ru\/product\/%d0%bd%d0%b0%d0%b4%d1%83%d0%b2%d0%bd%d0%be%d0%b9-%d1%82%d0%b0%d0%bd%d0%b4%d0%b5%d0%bc%d0%bd%d1%8b%d0%b9-%d0%ba%d0%b0%d1%8f%d0%ba-ds-471\/#breadcrumb"},"inLanguage":"ru-RU","potentialAction":[{"@type":"ReadAction","target":["https:\/\/www.waterskis.lv\/ru\/product\/%d0%bd%d0%b0%d0%b4%d1%83%d0%b2%d0%bd%d0%be%d0%b9-%d1%82%d0%b0%d0%bd%d0%b4%d0%b5%d0%bc%d0%bd%d1%8b%d0%b9-%d0%ba%d0%b0%d1%8f%d0%ba-ds-471\/"]}]},{"@type":"ImageObject","inLanguage":"ru-RU","@id":"https:\/\/www.waterskis.lv\/ru\/product\/%d0%bd%d0%b0%d0%b4%d1%83%d0%b2%d0%bd%d0%be%d0%b9-%d1%82%d0%b0%d0%bd%d0%b4%d0%b5%d0%bc%d0%bd%d1%8b%d0%b9-%d0%ba%d0%b0%d1%8f%d0%ba-ds-471\/#primaryimage","url":"https:\/\/www.waterskis.lv\/wp-content\/uploads\/2020\/12\/inflatable-tandem-kayak-ds-471.png","contentUrl":"https:\/\/www.waterskis.lv\/wp-content\/uploads\/2020\/12\/inflatable-tandem-kayak-ds-471.png","width":1000,"height":1000,"caption":"\u041d\u0430\u0434\u0443\u0432\u043d\u043e\u0439 \u0442\u0430\u043d\u0434\u0435\u043c\u043d\u044b\u0439 \u043a\u0430\u044f\u043a DS-471"},{"@type":"BreadcrumbList","@id":"https:\/\/www.waterskis.lv\/ru\/product\/%d0%bd%d0%b0%d0%b4%d1%83%d0%b2%d0%bd%d0%be%d0%b9-%d1%82%d0%b0%d0%bd%d0%b4%d0%b5%d0%bc%d0%bd%d1%8b%d0%b9-%d0%ba%d0%b0%d1%8f%d0%ba-ds-471\/#breadcrumb","itemListElement":[{"@type":"ListItem","position":1,"name":"Home","item":"https:\/\/www.waterskis.lv\/ru\/"},{"@type":"ListItem","position":2,"name":"\u041c\u0430\u0433\u0430\u0437\u0438\u043d","item":"https:\/\/www.waterskis.lv\/ru\/%d0%bc%d0%b0%d0%b3%d0%b0%d0%b7%d0%b8%d0%bd\/"},{"@type":"ListItem","position":3,"name":"\u041d\u0430\u0434\u0443\u0432\u043d\u043e\u0439 \u0442\u0430\u043d\u0434\u0435\u043c\u043d\u044b\u0439 \u043a\u0430\u044f\u043a DS-471"}]},{"@type":"WebSite","@id":"https:\/\/www.waterskis.lv\/ru\/#website","url":"https:\/\/www.waterskis.lv\/ru\/","name":"WATERSKIS.LV","description":"SUP d\u0113\u013ci, kajaki, kanoe, airu laivas, \u016bdenssl\u0113po\u0161ana, veikbords, SUP d\u0113\u013cu noma, kajaku nomaakt\u012bv\u0101s atp\u016btas centrs, laivu noma, sup noma, kajaku noma","publisher":{"@id":"https:\/\/www.waterskis.lv\/ru\/#organization"},"potentialAction":[{"@type":"SearchAction","target":{"@type":"EntryPoint","urlTemplate":"https:\/\/www.waterskis.lv\/ru\/?s={search_term_string}"},"query-input":{"@type":"PropertyValueSpecification","valueRequired":true,"valueName":"search_term_string"}}],"inLanguage":"ru-RU"},{"@type":"Organization","@id":"https:\/\/www.waterskis.lv\/ru\/#organization","name":"WATERSKIS.LV","url":"https:\/\/www.waterskis.lv\/ru\/","logo":{"@type":"ImageObject","inLanguage":"ru-RU","@id":"https:\/\/www.waterskis.lv\/ru\/#\/schema\/logo\/image\/","url":"https:\/\/www.waterskis.lv\/wp-content\/uploads\/2025\/01\/JUVP-logo.png","contentUrl":"https:\/\/www.waterskis.lv\/wp-content\/uploads\/2025\/01\/JUVP-logo.png","width":421,"height":202,"caption":"WATERSKIS.LV"},"image":{"@id":"https:\/\/www.waterskis.lv\/ru\/#\/schema\/logo\/image\/"},"sameAs":["https:\/\/www.facebook.com\/jurmalawaterskiwakeboardpark\/"]}]}},"_links":{"self":[{"href":"https:\/\/www.waterskis.lv\/ru\/wp-json\/wp\/v2\/product\/25747","targetHints":{"allow":["GET"]}}],"collection":[{"href":"https:\/\/www.waterskis.lv\/ru\/wp-json\/wp\/v2\/product"}],"about":[{"href":"https:\/\/www.waterskis.lv\/ru\/wp-json\/wp\/v2\/types\/product"}],"replies":[{"embeddable":true,"href":"https:\/\/www.waterskis.lv\/ru\/wp-json\/wp\/v2\/comments?post=25747"}],"wp:featuredmedia":[{"embeddable":true,"href":"https:\/\/www.waterskis.lv\/ru\/wp-json\/wp\/v2\/media\/24314"}],"wp:attachment":[{"href":"https:\/\/www.waterskis.lv\/ru\/wp-json\/wp\/v2\/media?parent=25747"}],"wp:term":[{"taxonomy":"product_brand","embeddable":true,"href":"https:\/\/www.waterskis.lv\/ru\/wp-json\/wp\/v2\/product_brand?post=25747"},{"taxonomy":"product_cat","embeddable":true,"href":"https:\/\/www.waterskis.lv\/ru\/wp-json\/wp\/v2\/product_cat?post=25747"},{"taxonomy":"product_tag","embeddable":true,"href":"https:\/\/www.waterskis.lv\/ru\/wp-json\/wp\/v2\/product_tag?post=25747"}],"curies":[{"name":"wp","href":"https:\/\/api.w.org\/{rel}","templated":true}]}}