{"id":25874,"date":"2020-10-28T08:13:08","date_gmt":"2020-10-28T05:13:08","guid":{"rendered":"https:\/\/www.waterskis.lv\/product\/ww-kajaks-wavesport-ethos-ten-white-out\/"},"modified":"2022-06-04T23:20:40","modified_gmt":"2022-06-04T20:20:40","slug":"ww-ka%d1%8fk-wavesport-ethos-ten-white-out","status":"publish","type":"product","link":"https:\/\/www.waterskis.lv\/ru\/product\/ww-ka%d1%8fk-wavesport-ethos-ten-white-out\/","title":{"rendered":"WW ka\u044fk WAVESPORT ETHOS TEN &#8212; White Out"},"content":{"rendered":"<p>WW ka\u044fk WAVESPORT ETHOS TEN &#8212; White Out<\/p>\n<p>\u0421\u0422\u0410\u0411\u0418\u041b\u042c\u041d\u042b\u0419 \u0418 \u041f\u0420\u041e\u0429\u0410\u042e\u0429\u0418\u0419 ETHOS \u043f\u0435\u0440\u0435\u043d\u0435\u0441\u0435\u0442 \u0432\u0430\u0441 \u043e\u0442 \u043e\u0434\u043d\u043e\u0433\u043e \u0430\u0434\u0440\u0435\u043d\u0430\u043b\u0438\u043d\u043e\u0432\u043e\u0433\u043e \u043f\u0440\u0438\u043a\u043b\u044e\u0447\u0435\u043d\u0438\u044f \u043a \u0434\u0440\u0443\u0433\u043e\u043c\u0443. \u041f\u043e\u043a\u043e\u0440\u044f\u0439\u0442\u0435 \u0442\u0435\u0447\u0435\u043d\u0438\u044f, \u0432\u043e\u043b\u043d\u044b, \u0440\u0435\u043a\u0438 \u0432\u043c\u0435\u0441\u0442\u0435 \u0441 ETHOS.<br \/>\nEthos &#8212; \u044d\u0442\u043e \u043d\u0430\u0434\u0435\u0436\u043d\u0430\u044f, \u0449\u0430\u0434\u044f\u0449\u0430\u044f, \u043e\u0440\u0438\u0435\u043d\u0442\u0438\u0440\u043e\u0432\u0430\u043d\u043d\u0430\u044f \u043d\u0430 \u043f\u0440\u043e\u0438\u0437\u0432\u043e\u0434\u0438\u0442\u0435\u043b\u044c\u043d\u043e\u0441\u0442\u044c \u043a\u0440\u043e\u0441\u0441\u043e\u0432\u0435\u0440\u043d\u0430\u044f \u043f\u043b\u0430\u0442\u0444\u043e\u0440\u043c\u0430, \u043a\u043e\u0442\u043e\u0440\u0430\u044f \u043f\u0440\u0435\u0434\u043b\u0430\u0433\u0430\u0435\u0442 \u0443\u0432\u0435\u0440\u0435\u043d\u043d\u043e\u0435 \u0432\u0432\u0435\u0434\u0435\u043d\u0438\u0435 \u0432 \u0440\u0430\u0431\u043e\u0442\u0443 \u0441 \u0431\u0435\u043b\u043e\u0439 \u0432\u043e\u0434\u043e\u0439. \u041a\u0443\u0437\u043e\u0432 \u043c\u0430\u043d\u0435\u0432\u0440\u0435\u043d\u043d\u044b\u0439 \u043d\u0430 \u043f\u043e\u0440\u043e\u0433\u0430\u0445, \u043e\u0434\u043d\u0430\u043a\u043e \u0441 \u043f\u043e\u043c\u043e\u0449\u044c\u044e \u0441\u0438\u0441\u0442\u0435\u043c\u044b drop-down \u0441\u043a\u0435\u0433 \u0445\u043e\u0440\u043e\u0448\u043e \u0441\u043a\u043e\u043b\u044c\u0437\u0438\u0442 \u0434\u0430\u0436\u0435 \u043f\u043e \u0433\u043b\u0430\u0434\u043a\u043e\u0439 \u0432\u043e\u0434\u0435. \u041a\u0430\u044f\u043a \u043f\u0440\u0435\u0434\u043b\u0430\u0433\u0430\u0435\u0442 \u043e\u0442\u043b\u0438\u0447\u043d\u044b\u0439 \u043a\u043e\u043c\u0444\u043e\u0440\u0442 \u0432\u043e \u0432\u0440\u0435\u043c\u044f \u0434\u043b\u0438\u0442\u0435\u043b\u044c\u043d\u044b\u0445 \u043c\u043d\u043e\u0433\u043e\u0434\u043d\u0435\u0432\u043d\u044b\u0445 \u0440\u0435\u0447\u043d\u044b\u0445 \u043f\u043e\u0445\u043e\u0434\u043e\u0432 \u0431\u043b\u0430\u0433\u043e\u0434\u0430\u0440\u044f \u043f\u0440\u043e\u0441\u0442\u043e\u0440\u043d\u043e\u0439 \u043a\u0430\u0431\u0438\u043d\u0435, \u0437\u043d\u0430\u0447\u0438\u0442\u0435\u043b\u044c\u043d\u043e\u043c\u0443 \u043f\u0440\u043e\u0441\u0442\u0440\u0430\u043d\u0441\u0442\u0432\u0443 \u0434\u043b\u044f \u0445\u0440\u0430\u043d\u0435\u043d\u0438\u044f \u0441\u043d\u0430\u0440\u044f\u0436\u0435\u043d\u0438\u044f \u0438 \u043d\u0430\u0434\u0435\u0436\u043d\u043e\u043c\u0443 \u043e\u0441\u043d\u0430\u0449\u0435\u043d\u0438\u044e BlackOut.<\/p>\n<p>\u0421\u043e\u0432\u0435\u0442\u044b Crossover WW kayak<br \/>\n\u0414\u043b\u0438\u043d\u0430 312 \u0441\u043c<br \/>\n\u0428\u0438\u0440\u0438\u043d\u0430 69 \u0441\u043c<br \/>\n\u0412\u044b\u0441\u043e\u0442\u0430 37 \u0441\u043c<br \/>\n\u0412\u0435\u0441 25 \u043a\u0433<br \/>\n\u041c\u0430\u0442\u0435\u0440\u0438\u0430\u043b HDPE<br \/>\n\u041a\u043e\u043b\u0438\u0447\u0435\u0441\u0442\u0432\u043e \u043c\u0435\u0441\u0442 1<br \/>\n\u041a\u043e\u043c\u043f\u043b\u0435\u043a\u0442\u0430\u0446\u0438\u044f Core White Out<br \/>\n\u0413\u0440\u0443\u0437\u043e\u043f\u043e\u0434\u044a\u0435\u043c\u043d\u043e\u0441\u0442\u044c 125 \u043a\u0433<br \/>\n\u0420\u0430\u0437\u043c\u0435\u0440 \u043a\u0430\u0431\u0438\u043d\u044b (\u0441\u043c) 92 x 52<br \/>\n\u041e\u0431\u044a\u0435\u043c 379 \u043b<br \/>\n\u0426\u0435\u043b\u044c \u0438\u0441\u043f\u043e\u043b\u044c\u0437\u043e\u0432\u0430\u043d\u0438\u044f \u0411\u0435\u043b\u0430\u044f \u0432\u043e\u0434\u0430 \u0440\u0435\u043a\u0438<br \/>\n\u041f\u0440\u043e\u0438\u0437\u0432\u043e\u0434\u0438\u0442\u0435\u043b\u044c \u0412\u0435\u043b\u0438\u043a\u043e\u0431\u0440\u0438\u0442\u0430\u043d\u0438\u044f<\/p>\n<p>\u0426\u0432\u0435\u0442: Cherry Bomb, Citrus Twist, Black Ice<\/p>\n<p>WW ka\u044fk WAVESPORT ETHOS TEN &#8212; White Out<\/p>\n<p>&nbsp;<\/p>\n","protected":false},"excerpt":{"rendered":"<p>https:\/\/www.youtube.com\/watch?v=1PDL7ayU8dU<\/p>\n<p>https:\/\/www.youtube.com\/watch?v=gsRgmitN6e8 [&#8230;]<\/p>\n<p><a class=\"btn btn-secondary understrap-read-more-link\" href=\"https:\/\/www.waterskis.lv\/ru\/product\/ww-ka%d1%8fk-wavesport-ethos-ten-white-out\/\">\u0427\u0438\u0442\u0430\u0442\u044c \u0434\u0430\u043b\u044c\u0448\u0435\u2026<\/a><\/p>\n","protected":false},"featured_media":21603,"comment_status":"closed","ping_status":"closed","template":"","meta":{"_acf_changed":false,"inline_featured_image":false},"product_brand":[],"product_cat":[508,789,790],"product_tag":[],"class_list":{"0":"post-25874","1":"product","2":"type-product","3":"status-publish","4":"has-post-thumbnail","6":"product_cat-508","7":"product_cat--white-water","8":"product_cat--white-water-ru","10":"first","11":"instock","12":"shipping-taxable","13":"product-type-simple"},"acf":[],"yoast_head":"<!-- This site is optimized with the Yoast SEO plugin v27.3 - https:\/\/yoast.com\/product\/yoast-seo-wordpress\/ -->\n<title>WW ka\u044fk WAVESPORT ETHOS TEN - White Out - WATERSKIS.LV<\/title>\n<meta name=\"description\" content=\"WW ka\u044fk WAVESPORT ETHOS TEN - White Out. Waterskis.lv - SUP \u0434\u043e\u0441\u043a\u0438, \u0421\u0410\u041f \u0431\u043e\u0440\u0434\u044b, \u0431\u0430\u0439\u0434\u0430\u0440\u043a\u0438, \u043b\u043e\u0434\u043a\u0438, \u0430\u043a\u0441\u0435\u0441\u0441\u0443\u0430\u0440\u044b. \u041f\u043e\u043a\u0443\u043f\u0430\u0439\u0442\u0435, \u0430\u0440\u0435\u043d\u0434\u0443\u0439\u0442\u0435\" \/>\n<meta name=\"robots\" content=\"index, follow, max-snippet:-1, max-image-preview:large, max-video-preview:-1\" \/>\n<link rel=\"canonical\" href=\"https:\/\/www.waterskis.lv\/ru\/product\/ww-ka%d1%8fk-wavesport-ethos-ten-white-out\/\" \/>\n<meta property=\"og:locale\" content=\"ru_RU\" \/>\n<meta property=\"og:type\" content=\"article\" \/>\n<meta property=\"og:title\" content=\"WW ka\u044fk WAVESPORT ETHOS TEN - White Out - WATERSKIS.LV\" \/>\n<meta property=\"og:description\" content=\"WW ka\u044fk WAVESPORT ETHOS TEN - White Out. Waterskis.lv - SUP \u0434\u043e\u0441\u043a\u0438, \u0421\u0410\u041f \u0431\u043e\u0440\u0434\u044b, \u0431\u0430\u0439\u0434\u0430\u0440\u043a\u0438, \u043b\u043e\u0434\u043a\u0438, \u0430\u043a\u0441\u0435\u0441\u0441\u0443\u0430\u0440\u044b. \u041f\u043e\u043a\u0443\u043f\u0430\u0439\u0442\u0435, \u0430\u0440\u0435\u043d\u0434\u0443\u0439\u0442\u0435\" \/>\n<meta property=\"og:url\" content=\"https:\/\/www.waterskis.lv\/ru\/product\/ww-ka%d1%8fk-wavesport-ethos-ten-white-out\/\" \/>\n<meta property=\"og:site_name\" content=\"WATERSKIS.LV\" \/>\n<meta property=\"article:publisher\" content=\"https:\/\/www.facebook.com\/jurmalawaterskiwakeboardpark\/\" \/>\n<meta property=\"article:modified_time\" content=\"2022-06-04T20:20:40+00:00\" \/>\n<meta property=\"og:image\" content=\"https:\/\/www.waterskis.lv\/wp-content\/uploads\/2020\/10\/ethos-ten-white-out.png\" \/>\n\t<meta property=\"og:image:width\" content=\"1000\" \/>\n\t<meta property=\"og:image:height\" content=\"1000\" \/>\n\t<meta property=\"og:image:type\" content=\"image\/png\" \/>\n<meta name=\"twitter:card\" content=\"summary_large_image\" \/>\n<script type=\"application\/ld+json\" class=\"yoast-schema-graph\">{\"@context\":\"https:\\\/\\\/schema.org\",\"@graph\":[{\"@type\":\"WebPage\",\"@id\":\"https:\\\/\\\/www.waterskis.lv\\\/ru\\\/product\\\/ww-ka%d1%8fk-wavesport-ethos-ten-white-out\\\/\",\"url\":\"https:\\\/\\\/www.waterskis.lv\\\/ru\\\/product\\\/ww-ka%d1%8fk-wavesport-ethos-ten-white-out\\\/\",\"name\":\"WW ka\u044fk WAVESPORT ETHOS TEN - White Out - WATERSKIS.LV\",\"isPartOf\":{\"@id\":\"https:\\\/\\\/www.waterskis.lv\\\/ru\\\/#website\"},\"primaryImageOfPage\":{\"@id\":\"https:\\\/\\\/www.waterskis.lv\\\/ru\\\/product\\\/ww-ka%d1%8fk-wavesport-ethos-ten-white-out\\\/#primaryimage\"},\"image\":{\"@id\":\"https:\\\/\\\/www.waterskis.lv\\\/ru\\\/product\\\/ww-ka%d1%8fk-wavesport-ethos-ten-white-out\\\/#primaryimage\"},\"thumbnailUrl\":\"https:\\\/\\\/www.waterskis.lv\\\/wp-content\\\/uploads\\\/2020\\\/10\\\/ethos-ten-white-out.png\",\"datePublished\":\"2020-10-28T05:13:08+00:00\",\"dateModified\":\"2022-06-04T20:20:40+00:00\",\"description\":\"WW ka\u044fk WAVESPORT ETHOS TEN - White Out. Waterskis.lv - SUP \u0434\u043e\u0441\u043a\u0438, \u0421\u0410\u041f \u0431\u043e\u0440\u0434\u044b, \u0431\u0430\u0439\u0434\u0430\u0440\u043a\u0438, \u043b\u043e\u0434\u043a\u0438, \u0430\u043a\u0441\u0435\u0441\u0441\u0443\u0430\u0440\u044b. \u041f\u043e\u043a\u0443\u043f\u0430\u0439\u0442\u0435, \u0430\u0440\u0435\u043d\u0434\u0443\u0439\u0442\u0435\",\"breadcrumb\":{\"@id\":\"https:\\\/\\\/www.waterskis.lv\\\/ru\\\/product\\\/ww-ka%d1%8fk-wavesport-ethos-ten-white-out\\\/#breadcrumb\"},\"inLanguage\":\"ru-RU\",\"potentialAction\":[{\"@type\":\"ReadAction\",\"target\":[\"https:\\\/\\\/www.waterskis.lv\\\/ru\\\/product\\\/ww-ka%d1%8fk-wavesport-ethos-ten-white-out\\\/\"]}]},{\"@type\":\"ImageObject\",\"inLanguage\":\"ru-RU\",\"@id\":\"https:\\\/\\\/www.waterskis.lv\\\/ru\\\/product\\\/ww-ka%d1%8fk-wavesport-ethos-ten-white-out\\\/#primaryimage\",\"url\":\"https:\\\/\\\/www.waterskis.lv\\\/wp-content\\\/uploads\\\/2020\\\/10\\\/ethos-ten-white-out.png\",\"contentUrl\":\"https:\\\/\\\/www.waterskis.lv\\\/wp-content\\\/uploads\\\/2020\\\/10\\\/ethos-ten-white-out.png\",\"width\":1000,\"height\":1000,\"caption\":\"WW ka\u044fk WAVESPORT ETHOS TEN - White Out\"},{\"@type\":\"BreadcrumbList\",\"@id\":\"https:\\\/\\\/www.waterskis.lv\\\/ru\\\/product\\\/ww-ka%d1%8fk-wavesport-ethos-ten-white-out\\\/#breadcrumb\",\"itemListElement\":[{\"@type\":\"ListItem\",\"position\":1,\"name\":\"Home\",\"item\":\"https:\\\/\\\/www.waterskis.lv\\\/ru\\\/\"},{\"@type\":\"ListItem\",\"position\":2,\"name\":\"\u041c\u0430\u0433\u0430\u0437\u0438\u043d\",\"item\":\"https:\\\/\\\/www.waterskis.lv\\\/ru\\\/%d0%bc%d0%b0%d0%b3%d0%b0%d0%b7%d0%b8%d0%bd\\\/\"},{\"@type\":\"ListItem\",\"position\":3,\"name\":\"WW ka\u044fk WAVESPORT ETHOS TEN &#8212; White Out\"}]},{\"@type\":\"WebSite\",\"@id\":\"https:\\\/\\\/www.waterskis.lv\\\/ru\\\/#website\",\"url\":\"https:\\\/\\\/www.waterskis.lv\\\/ru\\\/\",\"name\":\"WATERSKIS.LV\",\"description\":\"SUP d\u0113\u013ci, kajaki, kanoe, airu laivas, \u016bdenssl\u0113po\u0161ana, veikbords, SUP d\u0113\u013cu noma, kajaku nomaakt\u012bv\u0101s atp\u016btas centrs, laivu noma, sup noma, kajaku noma\",\"publisher\":{\"@id\":\"https:\\\/\\\/www.waterskis.lv\\\/ru\\\/#organization\"},\"potentialAction\":[{\"@type\":\"SearchAction\",\"target\":{\"@type\":\"EntryPoint\",\"urlTemplate\":\"https:\\\/\\\/www.waterskis.lv\\\/ru\\\/?s={search_term_string}\"},\"query-input\":{\"@type\":\"PropertyValueSpecification\",\"valueRequired\":true,\"valueName\":\"search_term_string\"}}],\"inLanguage\":\"ru-RU\"},{\"@type\":\"Organization\",\"@id\":\"https:\\\/\\\/www.waterskis.lv\\\/ru\\\/#organization\",\"name\":\"WATERSKIS.LV\",\"url\":\"https:\\\/\\\/www.waterskis.lv\\\/ru\\\/\",\"logo\":{\"@type\":\"ImageObject\",\"inLanguage\":\"ru-RU\",\"@id\":\"https:\\\/\\\/www.waterskis.lv\\\/ru\\\/#\\\/schema\\\/logo\\\/image\\\/\",\"url\":\"https:\\\/\\\/www.waterskis.lv\\\/wp-content\\\/uploads\\\/2025\\\/01\\\/JUVP-logo.png\",\"contentUrl\":\"https:\\\/\\\/www.waterskis.lv\\\/wp-content\\\/uploads\\\/2025\\\/01\\\/JUVP-logo.png\",\"width\":421,\"height\":202,\"caption\":\"WATERSKIS.LV\"},\"image\":{\"@id\":\"https:\\\/\\\/www.waterskis.lv\\\/ru\\\/#\\\/schema\\\/logo\\\/image\\\/\"},\"sameAs\":[\"https:\\\/\\\/www.facebook.com\\\/jurmalawaterskiwakeboardpark\\\/\"]}]}<\/script>\n<!-- \/ Yoast SEO plugin. -->","yoast_head_json":{"title":"WW ka\u044fk WAVESPORT ETHOS TEN - White Out - WATERSKIS.LV","description":"WW ka\u044fk WAVESPORT ETHOS TEN - White Out. Waterskis.lv - SUP \u0434\u043e\u0441\u043a\u0438, \u0421\u0410\u041f \u0431\u043e\u0440\u0434\u044b, \u0431\u0430\u0439\u0434\u0430\u0440\u043a\u0438, \u043b\u043e\u0434\u043a\u0438, \u0430\u043a\u0441\u0435\u0441\u0441\u0443\u0430\u0440\u044b. \u041f\u043e\u043a\u0443\u043f\u0430\u0439\u0442\u0435, \u0430\u0440\u0435\u043d\u0434\u0443\u0439\u0442\u0435","robots":{"index":"index","follow":"follow","max-snippet":"max-snippet:-1","max-image-preview":"max-image-preview:large","max-video-preview":"max-video-preview:-1"},"canonical":"https:\/\/www.waterskis.lv\/ru\/product\/ww-ka%d1%8fk-wavesport-ethos-ten-white-out\/","og_locale":"ru_RU","og_type":"article","og_title":"WW ka\u044fk WAVESPORT ETHOS TEN - White Out - WATERSKIS.LV","og_description":"WW ka\u044fk WAVESPORT ETHOS TEN - White Out. Waterskis.lv - SUP \u0434\u043e\u0441\u043a\u0438, \u0421\u0410\u041f \u0431\u043e\u0440\u0434\u044b, \u0431\u0430\u0439\u0434\u0430\u0440\u043a\u0438, \u043b\u043e\u0434\u043a\u0438, \u0430\u043a\u0441\u0435\u0441\u0441\u0443\u0430\u0440\u044b. \u041f\u043e\u043a\u0443\u043f\u0430\u0439\u0442\u0435, \u0430\u0440\u0435\u043d\u0434\u0443\u0439\u0442\u0435","og_url":"https:\/\/www.waterskis.lv\/ru\/product\/ww-ka%d1%8fk-wavesport-ethos-ten-white-out\/","og_site_name":"WATERSKIS.LV","article_publisher":"https:\/\/www.facebook.com\/jurmalawaterskiwakeboardpark\/","article_modified_time":"2022-06-04T20:20:40+00:00","og_image":[{"width":1000,"height":1000,"url":"https:\/\/www.waterskis.lv\/wp-content\/uploads\/2020\/10\/ethos-ten-white-out.png","type":"image\/png"}],"twitter_card":"summary_large_image","schema":{"@context":"https:\/\/schema.org","@graph":[{"@type":"WebPage","@id":"https:\/\/www.waterskis.lv\/ru\/product\/ww-ka%d1%8fk-wavesport-ethos-ten-white-out\/","url":"https:\/\/www.waterskis.lv\/ru\/product\/ww-ka%d1%8fk-wavesport-ethos-ten-white-out\/","name":"WW ka\u044fk WAVESPORT ETHOS TEN - White Out - WATERSKIS.LV","isPartOf":{"@id":"https:\/\/www.waterskis.lv\/ru\/#website"},"primaryImageOfPage":{"@id":"https:\/\/www.waterskis.lv\/ru\/product\/ww-ka%d1%8fk-wavesport-ethos-ten-white-out\/#primaryimage"},"image":{"@id":"https:\/\/www.waterskis.lv\/ru\/product\/ww-ka%d1%8fk-wavesport-ethos-ten-white-out\/#primaryimage"},"thumbnailUrl":"https:\/\/www.waterskis.lv\/wp-content\/uploads\/2020\/10\/ethos-ten-white-out.png","datePublished":"2020-10-28T05:13:08+00:00","dateModified":"2022-06-04T20:20:40+00:00","description":"WW ka\u044fk WAVESPORT ETHOS TEN - White Out. Waterskis.lv - SUP \u0434\u043e\u0441\u043a\u0438, \u0421\u0410\u041f \u0431\u043e\u0440\u0434\u044b, \u0431\u0430\u0439\u0434\u0430\u0440\u043a\u0438, \u043b\u043e\u0434\u043a\u0438, \u0430\u043a\u0441\u0435\u0441\u0441\u0443\u0430\u0440\u044b. \u041f\u043e\u043a\u0443\u043f\u0430\u0439\u0442\u0435, \u0430\u0440\u0435\u043d\u0434\u0443\u0439\u0442\u0435","breadcrumb":{"@id":"https:\/\/www.waterskis.lv\/ru\/product\/ww-ka%d1%8fk-wavesport-ethos-ten-white-out\/#breadcrumb"},"inLanguage":"ru-RU","potentialAction":[{"@type":"ReadAction","target":["https:\/\/www.waterskis.lv\/ru\/product\/ww-ka%d1%8fk-wavesport-ethos-ten-white-out\/"]}]},{"@type":"ImageObject","inLanguage":"ru-RU","@id":"https:\/\/www.waterskis.lv\/ru\/product\/ww-ka%d1%8fk-wavesport-ethos-ten-white-out\/#primaryimage","url":"https:\/\/www.waterskis.lv\/wp-content\/uploads\/2020\/10\/ethos-ten-white-out.png","contentUrl":"https:\/\/www.waterskis.lv\/wp-content\/uploads\/2020\/10\/ethos-ten-white-out.png","width":1000,"height":1000,"caption":"WW ka\u044fk WAVESPORT ETHOS TEN - White Out"},{"@type":"BreadcrumbList","@id":"https:\/\/www.waterskis.lv\/ru\/product\/ww-ka%d1%8fk-wavesport-ethos-ten-white-out\/#breadcrumb","itemListElement":[{"@type":"ListItem","position":1,"name":"Home","item":"https:\/\/www.waterskis.lv\/ru\/"},{"@type":"ListItem","position":2,"name":"\u041c\u0430\u0433\u0430\u0437\u0438\u043d","item":"https:\/\/www.waterskis.lv\/ru\/%d0%bc%d0%b0%d0%b3%d0%b0%d0%b7%d0%b8%d0%bd\/"},{"@type":"ListItem","position":3,"name":"WW ka\u044fk WAVESPORT ETHOS TEN &#8212; White Out"}]},{"@type":"WebSite","@id":"https:\/\/www.waterskis.lv\/ru\/#website","url":"https:\/\/www.waterskis.lv\/ru\/","name":"WATERSKIS.LV","description":"SUP d\u0113\u013ci, kajaki, kanoe, airu laivas, \u016bdenssl\u0113po\u0161ana, veikbords, SUP d\u0113\u013cu noma, kajaku nomaakt\u012bv\u0101s atp\u016btas centrs, laivu noma, sup noma, kajaku noma","publisher":{"@id":"https:\/\/www.waterskis.lv\/ru\/#organization"},"potentialAction":[{"@type":"SearchAction","target":{"@type":"EntryPoint","urlTemplate":"https:\/\/www.waterskis.lv\/ru\/?s={search_term_string}"},"query-input":{"@type":"PropertyValueSpecification","valueRequired":true,"valueName":"search_term_string"}}],"inLanguage":"ru-RU"},{"@type":"Organization","@id":"https:\/\/www.waterskis.lv\/ru\/#organization","name":"WATERSKIS.LV","url":"https:\/\/www.waterskis.lv\/ru\/","logo":{"@type":"ImageObject","inLanguage":"ru-RU","@id":"https:\/\/www.waterskis.lv\/ru\/#\/schema\/logo\/image\/","url":"https:\/\/www.waterskis.lv\/wp-content\/uploads\/2025\/01\/JUVP-logo.png","contentUrl":"https:\/\/www.waterskis.lv\/wp-content\/uploads\/2025\/01\/JUVP-logo.png","width":421,"height":202,"caption":"WATERSKIS.LV"},"image":{"@id":"https:\/\/www.waterskis.lv\/ru\/#\/schema\/logo\/image\/"},"sameAs":["https:\/\/www.facebook.com\/jurmalawaterskiwakeboardpark\/"]}]}},"_links":{"self":[{"href":"https:\/\/www.waterskis.lv\/ru\/wp-json\/wp\/v2\/product\/25874","targetHints":{"allow":["GET"]}}],"collection":[{"href":"https:\/\/www.waterskis.lv\/ru\/wp-json\/wp\/v2\/product"}],"about":[{"href":"https:\/\/www.waterskis.lv\/ru\/wp-json\/wp\/v2\/types\/product"}],"replies":[{"embeddable":true,"href":"https:\/\/www.waterskis.lv\/ru\/wp-json\/wp\/v2\/comments?post=25874"}],"wp:featuredmedia":[{"embeddable":true,"href":"https:\/\/www.waterskis.lv\/ru\/wp-json\/wp\/v2\/media\/21603"}],"wp:attachment":[{"href":"https:\/\/www.waterskis.lv\/ru\/wp-json\/wp\/v2\/media?parent=25874"}],"wp:term":[{"taxonomy":"product_brand","embeddable":true,"href":"https:\/\/www.waterskis.lv\/ru\/wp-json\/wp\/v2\/product_brand?post=25874"},{"taxonomy":"product_cat","embeddable":true,"href":"https:\/\/www.waterskis.lv\/ru\/wp-json\/wp\/v2\/product_cat?post=25874"},{"taxonomy":"product_tag","embeddable":true,"href":"https:\/\/www.waterskis.lv\/ru\/wp-json\/wp\/v2\/product_tag?post=25874"}],"curies":[{"name":"wp","href":"https:\/\/api.w.org\/{rel}","templated":true}]}}