{"id":25908,"date":"2020-10-18T08:41:02","date_gmt":"2020-10-18T05:41:02","guid":{"rendered":"https:\/\/www.waterskis.lv\/product\/vienvietigs-kajaks-hobie-mirage-revolution-13\/"},"modified":"2022-05-29T13:43:20","modified_gmt":"2022-05-29T10:43:20","slug":"%d0%be%d0%b4%d0%bd%d0%be%d0%bc%d0%b5%d1%81%d1%82%d0%bd%d1%8b%d0%b9-%d0%ba%d0%b0%d1%8f%d0%ba-hobie-mirage-revolution-13-miragedrive-180","status":"publish","type":"product","link":"https:\/\/www.waterskis.lv\/ru\/product\/%d0%be%d0%b4%d0%bd%d0%be%d0%bc%d0%b5%d1%81%d1%82%d0%bd%d1%8b%d0%b9-%d0%ba%d0%b0%d1%8f%d0%ba-hobie-mirage-revolution-13-miragedrive-180\/","title":{"rendered":"\u041e\u0434\u043d\u043e\u043c\u0435\u0441\u0442\u043d\u044b\u0439 \u043a\u0430\u044f\u043a HOBIE MIRAGE REVOLUTION 13 MIRAGEDRIVE 180"},"content":{"rendered":"<p>\u041e\u0434\u043d\u043e\u043c\u0435\u0441\u0442\u043d\u044b\u0439 \u043a\u0430\u044f\u043a HOBIE MIRAGE REVOLUTION 13 MIRAGEDRIVE 180<\/p>\n<p>Revolution 13 \u043e\u0442\u043b\u0438\u0447\u0430\u0435\u0442\u0441\u044f \u0438\u0434\u0435\u0430\u043b\u044c\u043d\u043e\u0439 \u043e\u0431\u0442\u0435\u043a\u0430\u0435\u043c\u043e\u0441\u0442\u044c\u044e, \u0432\u044b\u0441\u043e\u043a\u043e\u0439 \u043f\u043b\u0430\u0432\u0443\u0447\u0435\u0441\u0442\u044c\u044e, \u044d\u0444\u0444\u0435\u043a\u0442\u0438\u0432\u043d\u044b\u043c \u0434\u0438\u0437\u0430\u0439\u043d\u043e\u043c \u0438 \u043e\u0442\u043b\u0438\u0447\u043d\u043e\u0439 \u0441\u0442\u0430\u0431\u0438\u043b\u044c\u043d\u043e\u0441\u0442\u044c\u044e.<\/p>\n<p>\u0422\u0438\u043f \u041a\u0430\u044f\u043a Sit-On-Top \u0441 \u043f\u0435\u0434\u0430\u043b\u044c\u044e<br \/>\n\u0414\u043b\u0438\u043d\u0430 409 \u0441\u043c<br \/>\n\u0428\u0438\u0440\u0438\u043d\u0430 79 \u043c<br \/>\n\u0412\u044b\u0441\u043e\u0442\u0430 38 \u0441\u043c<br \/>\n\u0412\u0435\u0441 40 \u043a\u0433<br \/>\n\u041c\u0430\u0442\u0435\u0440\u0438\u0430\u043b HDPE<br \/>\n\u041a\u043e\u043b-\u0432\u043e \u0447\u0435\u043b\u043e\u0432\u0435\u043a 1<br \/>\n\u0413\u0440\u0443\u0437\u043e\u043f\u043e\u0434\u044a\u0435\u043c\u043d\u043e\u0441\u0442\u044c 160 \u043a\u0433<br \/>\n\u0418\u0441\u043f\u043e\u043b\u044c\u0437\u043e\u0432\u0430\u043d\u0438\u0435 \u043f\u043e \u043d\u0430\u0437\u043d\u0430\u0447\u0435\u043d\u0438\u044e \u0423\u043d\u0438\u0432\u0435\u0440\u0441\u0430\u043b\u044c\u043d\u043e\u0435 \u0438\u0441\u043f\u043e\u043b\u044c\u0437\u043e\u0432\u0430\u043d\u0438\u0435<br \/>\n\u041f\u0440\u043e\u0438\u0437\u0432\u043e\u0434\u0438\u0442\u0435\u043b\u044c \u0432 \u0421\u0428\u0410<\/p>\n<p>&nbsp;<\/p>\n<table class=\"table\">\n<tbody>\n<tr>\n<th scope=\"row\">\u0426\u0432\u0435\u0442:<\/th>\n<td><img decoding=\"async\" class=\"pc-color-chip\" title=\"\" src=\"https:\/\/static.hobie.com\/consumer\/images\/colorchip-slate-blue.png\" data-toggle=\"tooltip\" data-original-title=\"Slate Blue\" \/><img decoding=\"async\" class=\"pc-color-chip\" title=\"\" src=\"https:\/\/static.hobie.com\/consumer\/images\/colorchip-papaya-orange.png\" data-toggle=\"tooltip\" data-original-title=\"Papaya Orange\" \/><img decoding=\"async\" class=\"pc-color-chip\" title=\"\" src=\"https:\/\/static.hobie.com\/consumer\/images\/colorchip-seagrass-green.png\" data-toggle=\"tooltip\" data-original-title=\"Seagrass Green\" aria-describedby=\"tooltip229690\" \/><img decoding=\"async\" class=\"pc-color-chip\" title=\"\" src=\"https:\/\/static.hobie.com\/consumer\/images\/colorchip-red-hibiscus.png\" data-toggle=\"tooltip\" data-original-title=\"Red Hibiscus\" \/><\/td>\n<\/tr>\n<\/tbody>\n<\/table>\n<p>\u041f\u0440\u0438\u0432\u043b\u0435\u043a\u0430\u0442\u0435\u043b\u044c\u043d\u044b\u0439, \u0441 \u0434\u0435\u0440\u0436\u0430\u0442\u0435\u043b\u044f\u043c\u0438 \u0434\u043b\u044f \u0434\u0432\u0443\u0445 \u043f\u043b\u0430\u043d\u043e\u043a \u0438 \u0431\u043e\u0433\u0430\u0442\u044b\u043c \u044f\u0449\u0438\u043a\u043e\u043c \u0434\u043b\u044f \u0430\u043a\u0441\u0435\u0441\u0441\u0443\u0430\u0440\u043e\u0432. \u041d\u0430\u0441\u043b\u0430\u0436\u0434\u0430\u0439\u0442\u0435\u0441\u044c \u043d\u043e\u0432\u043e\u0439 \u0442\u0435\u0445\u043d\u043e\u043b\u043e\u0433\u0438\u0435\u0439 Kick-Up Fin \u0432 MirageDrive 180 ride. \u041d\u0430 \u0440\u044b\u0431\u0430\u043b\u043a\u0435 \u0438\u043b\u0438 \u0432 \u043f\u0443\u0442\u0435\u0448\u0435\u0441\u0442\u0432\u0438\u0438 Revolution 13 \u043b\u044e\u0431\u0438\u0442 \u0438\u0437\u0432\u0438\u043b\u0438\u0441\u0442\u044b\u0435 \u0438 \u0441\u043b\u043e\u0436\u043d\u044b\u0435 \u0442\u0440\u0430\u0441\u0441\u044b. \u041a\u043e\u0440\u043f\u0443\u0441 \u043b\u0435\u0433\u043a\u043e\u0439 \u043b\u043e\u0434\u043a\u0438 \u043f\u043e\u0435\u0442 \u043f\u0440\u0438 \u0438\u0441\u043f\u043e\u043b\u044c\u0437\u043e\u0432\u0430\u043d\u0438\u0438 \u043a\u043e\u043c\u043f\u043b\u0435\u043a\u0442\u0430 Sail<\/p>\n<p><iframe title=\"Revolution Series Walkaround - 2020 model  with kick up fins\" width=\"640\" height=\"360\" src=\"https:\/\/www.youtube.com\/embed\/9sf9A9ZHQIQ?feature=oembed\" frameborder=\"0\" allow=\"accelerometer; autoplay; clipboard-write; encrypted-media; gyroscope; picture-in-picture; web-share\" referrerpolicy=\"strict-origin-when-cross-origin\" allowfullscreen><\/iframe><\/p>\n","protected":false},"excerpt":{"rendered":"<p>https:\/\/www.youtube.com\/watch?v=3ckSrJaD38M&amp;t=45s<\/p>\n<p>https:\/\/www.youtube.com\/watch?v=4UdWgC5ZpuU&amp;t=10s [&#8230;]<\/p>\n<p><a class=\"btn btn-secondary understrap-read-more-link\" href=\"https:\/\/www.waterskis.lv\/ru\/product\/%d0%be%d0%b4%d0%bd%d0%be%d0%bc%d0%b5%d1%81%d1%82%d0%bd%d1%8b%d0%b9-%d0%ba%d0%b0%d1%8f%d0%ba-hobie-mirage-revolution-13-miragedrive-180\/\">\u0427\u0438\u0442\u0430\u0442\u044c \u0434\u0430\u043b\u044c\u0448\u0435\u2026<\/a><\/p>\n","protected":false},"featured_media":21087,"comment_status":"closed","ping_status":"closed","template":"","meta":{"_acf_changed":false,"inline_featured_image":false},"product_brand":[],"product_cat":[538,508,516,780,779],"product_tag":[],"class_list":{"0":"post-25908","1":"product","2":"type-product","3":"status-publish","4":"has-post-thumbnail","6":"product_cat--sit-on-top","7":"product_cat-508","8":"product_cat---sit-on-top","9":"product_cat----hobie","10":"product_cat---hobie","12":"first","13":"instock","14":"shipping-taxable","15":"product-type-simple"},"acf":[],"yoast_head":"<!-- This site is optimized with the Yoast SEO plugin v27.3 - https:\/\/yoast.com\/product\/yoast-seo-wordpress\/ -->\n<title>\u041e\u0434\u043d\u043e\u043c\u0435\u0441\u0442\u043d\u044b\u0439 \u043a\u0430\u044f\u043a HOBIE MIRAGE REVOLUTION 13 MIRAGEDRIVE 180 - WATERSKIS.LV<\/title>\n<meta name=\"description\" content=\"\u041e\u0434\u043d\u043e\u043c\u0435\u0441\u0442\u043d\u044b\u0439 \u043a\u0430\u044f\u043a HOBIE MIRAGE REVOLUTION 13 MIRAGEDRIVE 180. Waterskis.lv - SUP \u0434\u043e\u0441\u043a\u0438, \u0421\u0410\u041f \u0431\u043e\u0440\u0434\u044b, \u0431\u0430\u0439\u0434\u0430\u0440\u043a\u0438, \u043b\u043e\u0434\u043a\u0438. \u041f\u043e\u043a\u0443\u043f\u0430\u0439\u0442\u0435, \u0430\u0440\u0435\u043d\u0434\u0443\u0439\u0442\u0435\" \/>\n<meta name=\"robots\" content=\"index, follow, max-snippet:-1, max-image-preview:large, max-video-preview:-1\" \/>\n<link rel=\"canonical\" href=\"https:\/\/www.waterskis.lv\/ru\/product\/%d0%be%d0%b4%d0%bd%d0%be%d0%bc%d0%b5%d1%81%d1%82%d0%bd%d1%8b%d0%b9-%d0%ba%d0%b0%d1%8f%d0%ba-hobie-mirage-revolution-13-miragedrive-180\/\" \/>\n<meta property=\"og:locale\" content=\"ru_RU\" \/>\n<meta property=\"og:type\" content=\"article\" \/>\n<meta property=\"og:title\" content=\"\u041e\u0434\u043d\u043e\u043c\u0435\u0441\u0442\u043d\u044b\u0439 \u043a\u0430\u044f\u043a HOBIE MIRAGE REVOLUTION 13 MIRAGEDRIVE 180 - WATERSKIS.LV\" \/>\n<meta property=\"og:description\" content=\"\u041e\u0434\u043d\u043e\u043c\u0435\u0441\u0442\u043d\u044b\u0439 \u043a\u0430\u044f\u043a HOBIE MIRAGE REVOLUTION 13 MIRAGEDRIVE 180. Waterskis.lv - SUP \u0434\u043e\u0441\u043a\u0438, \u0421\u0410\u041f \u0431\u043e\u0440\u0434\u044b, \u0431\u0430\u0439\u0434\u0430\u0440\u043a\u0438, \u043b\u043e\u0434\u043a\u0438. \u041f\u043e\u043a\u0443\u043f\u0430\u0439\u0442\u0435, \u0430\u0440\u0435\u043d\u0434\u0443\u0439\u0442\u0435\" \/>\n<meta property=\"og:url\" content=\"https:\/\/www.waterskis.lv\/ru\/product\/%d0%be%d0%b4%d0%bd%d0%be%d0%bc%d0%b5%d1%81%d1%82%d0%bd%d1%8b%d0%b9-%d0%ba%d0%b0%d1%8f%d0%ba-hobie-mirage-revolution-13-miragedrive-180\/\" \/>\n<meta property=\"og:site_name\" content=\"WATERSKIS.LV\" \/>\n<meta property=\"article:publisher\" content=\"https:\/\/www.facebook.com\/jurmalawaterskiwakeboardpark\/\" \/>\n<meta property=\"article:modified_time\" content=\"2022-05-29T10:43:20+00:00\" \/>\n<meta property=\"og:image\" content=\"https:\/\/www.waterskis.lv\/wp-content\/uploads\/2020\/10\/revolution-13.png\" \/>\n<meta name=\"twitter:card\" content=\"summary_large_image\" \/>\n<script type=\"application\/ld+json\" class=\"yoast-schema-graph\">{\"@context\":\"https:\\\/\\\/schema.org\",\"@graph\":[{\"@type\":\"WebPage\",\"@id\":\"https:\\\/\\\/www.waterskis.lv\\\/ru\\\/product\\\/%d0%be%d0%b4%d0%bd%d0%be%d0%bc%d0%b5%d1%81%d1%82%d0%bd%d1%8b%d0%b9-%d0%ba%d0%b0%d1%8f%d0%ba-hobie-mirage-revolution-13-miragedrive-180\\\/\",\"url\":\"https:\\\/\\\/www.waterskis.lv\\\/ru\\\/product\\\/%d0%be%d0%b4%d0%bd%d0%be%d0%bc%d0%b5%d1%81%d1%82%d0%bd%d1%8b%d0%b9-%d0%ba%d0%b0%d1%8f%d0%ba-hobie-mirage-revolution-13-miragedrive-180\\\/\",\"name\":\"\u041e\u0434\u043d\u043e\u043c\u0435\u0441\u0442\u043d\u044b\u0439 \u043a\u0430\u044f\u043a HOBIE MIRAGE REVOLUTION 13 MIRAGEDRIVE 180 - WATERSKIS.LV\",\"isPartOf\":{\"@id\":\"https:\\\/\\\/www.waterskis.lv\\\/ru\\\/#website\"},\"primaryImageOfPage\":{\"@id\":\"https:\\\/\\\/www.waterskis.lv\\\/ru\\\/product\\\/%d0%be%d0%b4%d0%bd%d0%be%d0%bc%d0%b5%d1%81%d1%82%d0%bd%d1%8b%d0%b9-%d0%ba%d0%b0%d1%8f%d0%ba-hobie-mirage-revolution-13-miragedrive-180\\\/#primaryimage\"},\"image\":{\"@id\":\"https:\\\/\\\/www.waterskis.lv\\\/ru\\\/product\\\/%d0%be%d0%b4%d0%bd%d0%be%d0%bc%d0%b5%d1%81%d1%82%d0%bd%d1%8b%d0%b9-%d0%ba%d0%b0%d1%8f%d0%ba-hobie-mirage-revolution-13-miragedrive-180\\\/#primaryimage\"},\"thumbnailUrl\":\"https:\\\/\\\/www.waterskis.lv\\\/wp-content\\\/uploads\\\/2020\\\/10\\\/revolution-13.png\",\"datePublished\":\"2020-10-18T05:41:02+00:00\",\"dateModified\":\"2022-05-29T10:43:20+00:00\",\"description\":\"\u041e\u0434\u043d\u043e\u043c\u0435\u0441\u0442\u043d\u044b\u0439 \u043a\u0430\u044f\u043a HOBIE MIRAGE REVOLUTION 13 MIRAGEDRIVE 180. Waterskis.lv - SUP \u0434\u043e\u0441\u043a\u0438, \u0421\u0410\u041f \u0431\u043e\u0440\u0434\u044b, \u0431\u0430\u0439\u0434\u0430\u0440\u043a\u0438, \u043b\u043e\u0434\u043a\u0438. \u041f\u043e\u043a\u0443\u043f\u0430\u0439\u0442\u0435, \u0430\u0440\u0435\u043d\u0434\u0443\u0439\u0442\u0435\",\"breadcrumb\":{\"@id\":\"https:\\\/\\\/www.waterskis.lv\\\/ru\\\/product\\\/%d0%be%d0%b4%d0%bd%d0%be%d0%bc%d0%b5%d1%81%d1%82%d0%bd%d1%8b%d0%b9-%d0%ba%d0%b0%d1%8f%d0%ba-hobie-mirage-revolution-13-miragedrive-180\\\/#breadcrumb\"},\"inLanguage\":\"ru-RU\",\"potentialAction\":[{\"@type\":\"ReadAction\",\"target\":[\"https:\\\/\\\/www.waterskis.lv\\\/ru\\\/product\\\/%d0%be%d0%b4%d0%bd%d0%be%d0%bc%d0%b5%d1%81%d1%82%d0%bd%d1%8b%d0%b9-%d0%ba%d0%b0%d1%8f%d0%ba-hobie-mirage-revolution-13-miragedrive-180\\\/\"]}]},{\"@type\":\"ImageObject\",\"inLanguage\":\"ru-RU\",\"@id\":\"https:\\\/\\\/www.waterskis.lv\\\/ru\\\/product\\\/%d0%be%d0%b4%d0%bd%d0%be%d0%bc%d0%b5%d1%81%d1%82%d0%bd%d1%8b%d0%b9-%d0%ba%d0%b0%d1%8f%d0%ba-hobie-mirage-revolution-13-miragedrive-180\\\/#primaryimage\",\"url\":\"https:\\\/\\\/www.waterskis.lv\\\/wp-content\\\/uploads\\\/2020\\\/10\\\/revolution-13.png\",\"contentUrl\":\"https:\\\/\\\/www.waterskis.lv\\\/wp-content\\\/uploads\\\/2020\\\/10\\\/revolution-13.png\",\"width\":1000,\"height\":1000,\"caption\":\"\u041e\u0434\u043d\u043e\u043c\u0435\u0441\u0442\u043d\u044b\u0439 \u043a\u0430\u044f\u043a HOBIE MIRAGE REVOLUTION 13 MIRAGEDRIVE 180\"},{\"@type\":\"BreadcrumbList\",\"@id\":\"https:\\\/\\\/www.waterskis.lv\\\/ru\\\/product\\\/%d0%be%d0%b4%d0%bd%d0%be%d0%bc%d0%b5%d1%81%d1%82%d0%bd%d1%8b%d0%b9-%d0%ba%d0%b0%d1%8f%d0%ba-hobie-mirage-revolution-13-miragedrive-180\\\/#breadcrumb\",\"itemListElement\":[{\"@type\":\"ListItem\",\"position\":1,\"name\":\"Home\",\"item\":\"https:\\\/\\\/www.waterskis.lv\\\/ru\\\/\"},{\"@type\":\"ListItem\",\"position\":2,\"name\":\"\u041c\u0430\u0433\u0430\u0437\u0438\u043d\",\"item\":\"https:\\\/\\\/www.waterskis.lv\\\/ru\\\/%d0%bc%d0%b0%d0%b3%d0%b0%d0%b7%d0%b8%d0%bd\\\/\"},{\"@type\":\"ListItem\",\"position\":3,\"name\":\"\u041e\u0434\u043d\u043e\u043c\u0435\u0441\u0442\u043d\u044b\u0439 \u043a\u0430\u044f\u043a HOBIE MIRAGE REVOLUTION 13 MIRAGEDRIVE 180\"}]},{\"@type\":\"WebSite\",\"@id\":\"https:\\\/\\\/www.waterskis.lv\\\/ru\\\/#website\",\"url\":\"https:\\\/\\\/www.waterskis.lv\\\/ru\\\/\",\"name\":\"WATERSKIS.LV\",\"description\":\"SUP d\u0113\u013ci, kajaki, kanoe, airu laivas, \u016bdenssl\u0113po\u0161ana, veikbords, SUP d\u0113\u013cu noma, kajaku nomaakt\u012bv\u0101s atp\u016btas centrs, laivu noma, sup noma, kajaku noma\",\"publisher\":{\"@id\":\"https:\\\/\\\/www.waterskis.lv\\\/ru\\\/#organization\"},\"potentialAction\":[{\"@type\":\"SearchAction\",\"target\":{\"@type\":\"EntryPoint\",\"urlTemplate\":\"https:\\\/\\\/www.waterskis.lv\\\/ru\\\/?s={search_term_string}\"},\"query-input\":{\"@type\":\"PropertyValueSpecification\",\"valueRequired\":true,\"valueName\":\"search_term_string\"}}],\"inLanguage\":\"ru-RU\"},{\"@type\":\"Organization\",\"@id\":\"https:\\\/\\\/www.waterskis.lv\\\/ru\\\/#organization\",\"name\":\"WATERSKIS.LV\",\"url\":\"https:\\\/\\\/www.waterskis.lv\\\/ru\\\/\",\"logo\":{\"@type\":\"ImageObject\",\"inLanguage\":\"ru-RU\",\"@id\":\"https:\\\/\\\/www.waterskis.lv\\\/ru\\\/#\\\/schema\\\/logo\\\/image\\\/\",\"url\":\"https:\\\/\\\/www.waterskis.lv\\\/wp-content\\\/uploads\\\/2025\\\/01\\\/JUVP-logo.png\",\"contentUrl\":\"https:\\\/\\\/www.waterskis.lv\\\/wp-content\\\/uploads\\\/2025\\\/01\\\/JUVP-logo.png\",\"width\":421,\"height\":202,\"caption\":\"WATERSKIS.LV\"},\"image\":{\"@id\":\"https:\\\/\\\/www.waterskis.lv\\\/ru\\\/#\\\/schema\\\/logo\\\/image\\\/\"},\"sameAs\":[\"https:\\\/\\\/www.facebook.com\\\/jurmalawaterskiwakeboardpark\\\/\"]}]}<\/script>\n<!-- \/ Yoast SEO plugin. -->","yoast_head_json":{"title":"\u041e\u0434\u043d\u043e\u043c\u0435\u0441\u0442\u043d\u044b\u0439 \u043a\u0430\u044f\u043a HOBIE MIRAGE REVOLUTION 13 MIRAGEDRIVE 180 - WATERSKIS.LV","description":"\u041e\u0434\u043d\u043e\u043c\u0435\u0441\u0442\u043d\u044b\u0439 \u043a\u0430\u044f\u043a HOBIE MIRAGE REVOLUTION 13 MIRAGEDRIVE 180. Waterskis.lv - SUP \u0434\u043e\u0441\u043a\u0438, \u0421\u0410\u041f \u0431\u043e\u0440\u0434\u044b, \u0431\u0430\u0439\u0434\u0430\u0440\u043a\u0438, \u043b\u043e\u0434\u043a\u0438. \u041f\u043e\u043a\u0443\u043f\u0430\u0439\u0442\u0435, \u0430\u0440\u0435\u043d\u0434\u0443\u0439\u0442\u0435","robots":{"index":"index","follow":"follow","max-snippet":"max-snippet:-1","max-image-preview":"max-image-preview:large","max-video-preview":"max-video-preview:-1"},"canonical":"https:\/\/www.waterskis.lv\/ru\/product\/%d0%be%d0%b4%d0%bd%d0%be%d0%bc%d0%b5%d1%81%d1%82%d0%bd%d1%8b%d0%b9-%d0%ba%d0%b0%d1%8f%d0%ba-hobie-mirage-revolution-13-miragedrive-180\/","og_locale":"ru_RU","og_type":"article","og_title":"\u041e\u0434\u043d\u043e\u043c\u0435\u0441\u0442\u043d\u044b\u0439 \u043a\u0430\u044f\u043a HOBIE MIRAGE REVOLUTION 13 MIRAGEDRIVE 180 - WATERSKIS.LV","og_description":"\u041e\u0434\u043d\u043e\u043c\u0435\u0441\u0442\u043d\u044b\u0439 \u043a\u0430\u044f\u043a HOBIE MIRAGE REVOLUTION 13 MIRAGEDRIVE 180. Waterskis.lv - SUP \u0434\u043e\u0441\u043a\u0438, \u0421\u0410\u041f \u0431\u043e\u0440\u0434\u044b, \u0431\u0430\u0439\u0434\u0430\u0440\u043a\u0438, \u043b\u043e\u0434\u043a\u0438. \u041f\u043e\u043a\u0443\u043f\u0430\u0439\u0442\u0435, \u0430\u0440\u0435\u043d\u0434\u0443\u0439\u0442\u0435","og_url":"https:\/\/www.waterskis.lv\/ru\/product\/%d0%be%d0%b4%d0%bd%d0%be%d0%bc%d0%b5%d1%81%d1%82%d0%bd%d1%8b%d0%b9-%d0%ba%d0%b0%d1%8f%d0%ba-hobie-mirage-revolution-13-miragedrive-180\/","og_site_name":"WATERSKIS.LV","article_publisher":"https:\/\/www.facebook.com\/jurmalawaterskiwakeboardpark\/","article_modified_time":"2022-05-29T10:43:20+00:00","og_image":[{"url":"https:\/\/www.waterskis.lv\/wp-content\/uploads\/2020\/10\/revolution-13.png","type":"","width":"","height":""}],"twitter_card":"summary_large_image","schema":{"@context":"https:\/\/schema.org","@graph":[{"@type":"WebPage","@id":"https:\/\/www.waterskis.lv\/ru\/product\/%d0%be%d0%b4%d0%bd%d0%be%d0%bc%d0%b5%d1%81%d1%82%d0%bd%d1%8b%d0%b9-%d0%ba%d0%b0%d1%8f%d0%ba-hobie-mirage-revolution-13-miragedrive-180\/","url":"https:\/\/www.waterskis.lv\/ru\/product\/%d0%be%d0%b4%d0%bd%d0%be%d0%bc%d0%b5%d1%81%d1%82%d0%bd%d1%8b%d0%b9-%d0%ba%d0%b0%d1%8f%d0%ba-hobie-mirage-revolution-13-miragedrive-180\/","name":"\u041e\u0434\u043d\u043e\u043c\u0435\u0441\u0442\u043d\u044b\u0439 \u043a\u0430\u044f\u043a HOBIE MIRAGE REVOLUTION 13 MIRAGEDRIVE 180 - WATERSKIS.LV","isPartOf":{"@id":"https:\/\/www.waterskis.lv\/ru\/#website"},"primaryImageOfPage":{"@id":"https:\/\/www.waterskis.lv\/ru\/product\/%d0%be%d0%b4%d0%bd%d0%be%d0%bc%d0%b5%d1%81%d1%82%d0%bd%d1%8b%d0%b9-%d0%ba%d0%b0%d1%8f%d0%ba-hobie-mirage-revolution-13-miragedrive-180\/#primaryimage"},"image":{"@id":"https:\/\/www.waterskis.lv\/ru\/product\/%d0%be%d0%b4%d0%bd%d0%be%d0%bc%d0%b5%d1%81%d1%82%d0%bd%d1%8b%d0%b9-%d0%ba%d0%b0%d1%8f%d0%ba-hobie-mirage-revolution-13-miragedrive-180\/#primaryimage"},"thumbnailUrl":"https:\/\/www.waterskis.lv\/wp-content\/uploads\/2020\/10\/revolution-13.png","datePublished":"2020-10-18T05:41:02+00:00","dateModified":"2022-05-29T10:43:20+00:00","description":"\u041e\u0434\u043d\u043e\u043c\u0435\u0441\u0442\u043d\u044b\u0439 \u043a\u0430\u044f\u043a HOBIE MIRAGE REVOLUTION 13 MIRAGEDRIVE 180. Waterskis.lv - SUP \u0434\u043e\u0441\u043a\u0438, \u0421\u0410\u041f \u0431\u043e\u0440\u0434\u044b, \u0431\u0430\u0439\u0434\u0430\u0440\u043a\u0438, \u043b\u043e\u0434\u043a\u0438. \u041f\u043e\u043a\u0443\u043f\u0430\u0439\u0442\u0435, \u0430\u0440\u0435\u043d\u0434\u0443\u0439\u0442\u0435","breadcrumb":{"@id":"https:\/\/www.waterskis.lv\/ru\/product\/%d0%be%d0%b4%d0%bd%d0%be%d0%bc%d0%b5%d1%81%d1%82%d0%bd%d1%8b%d0%b9-%d0%ba%d0%b0%d1%8f%d0%ba-hobie-mirage-revolution-13-miragedrive-180\/#breadcrumb"},"inLanguage":"ru-RU","potentialAction":[{"@type":"ReadAction","target":["https:\/\/www.waterskis.lv\/ru\/product\/%d0%be%d0%b4%d0%bd%d0%be%d0%bc%d0%b5%d1%81%d1%82%d0%bd%d1%8b%d0%b9-%d0%ba%d0%b0%d1%8f%d0%ba-hobie-mirage-revolution-13-miragedrive-180\/"]}]},{"@type":"ImageObject","inLanguage":"ru-RU","@id":"https:\/\/www.waterskis.lv\/ru\/product\/%d0%be%d0%b4%d0%bd%d0%be%d0%bc%d0%b5%d1%81%d1%82%d0%bd%d1%8b%d0%b9-%d0%ba%d0%b0%d1%8f%d0%ba-hobie-mirage-revolution-13-miragedrive-180\/#primaryimage","url":"https:\/\/www.waterskis.lv\/wp-content\/uploads\/2020\/10\/revolution-13.png","contentUrl":"https:\/\/www.waterskis.lv\/wp-content\/uploads\/2020\/10\/revolution-13.png","width":1000,"height":1000,"caption":"\u041e\u0434\u043d\u043e\u043c\u0435\u0441\u0442\u043d\u044b\u0439 \u043a\u0430\u044f\u043a HOBIE MIRAGE REVOLUTION 13 MIRAGEDRIVE 180"},{"@type":"BreadcrumbList","@id":"https:\/\/www.waterskis.lv\/ru\/product\/%d0%be%d0%b4%d0%bd%d0%be%d0%bc%d0%b5%d1%81%d1%82%d0%bd%d1%8b%d0%b9-%d0%ba%d0%b0%d1%8f%d0%ba-hobie-mirage-revolution-13-miragedrive-180\/#breadcrumb","itemListElement":[{"@type":"ListItem","position":1,"name":"Home","item":"https:\/\/www.waterskis.lv\/ru\/"},{"@type":"ListItem","position":2,"name":"\u041c\u0430\u0433\u0430\u0437\u0438\u043d","item":"https:\/\/www.waterskis.lv\/ru\/%d0%bc%d0%b0%d0%b3%d0%b0%d0%b7%d0%b8%d0%bd\/"},{"@type":"ListItem","position":3,"name":"\u041e\u0434\u043d\u043e\u043c\u0435\u0441\u0442\u043d\u044b\u0439 \u043a\u0430\u044f\u043a HOBIE MIRAGE REVOLUTION 13 MIRAGEDRIVE 180"}]},{"@type":"WebSite","@id":"https:\/\/www.waterskis.lv\/ru\/#website","url":"https:\/\/www.waterskis.lv\/ru\/","name":"WATERSKIS.LV","description":"SUP d\u0113\u013ci, kajaki, kanoe, airu laivas, \u016bdenssl\u0113po\u0161ana, veikbords, SUP d\u0113\u013cu noma, kajaku nomaakt\u012bv\u0101s atp\u016btas centrs, laivu noma, sup noma, kajaku noma","publisher":{"@id":"https:\/\/www.waterskis.lv\/ru\/#organization"},"potentialAction":[{"@type":"SearchAction","target":{"@type":"EntryPoint","urlTemplate":"https:\/\/www.waterskis.lv\/ru\/?s={search_term_string}"},"query-input":{"@type":"PropertyValueSpecification","valueRequired":true,"valueName":"search_term_string"}}],"inLanguage":"ru-RU"},{"@type":"Organization","@id":"https:\/\/www.waterskis.lv\/ru\/#organization","name":"WATERSKIS.LV","url":"https:\/\/www.waterskis.lv\/ru\/","logo":{"@type":"ImageObject","inLanguage":"ru-RU","@id":"https:\/\/www.waterskis.lv\/ru\/#\/schema\/logo\/image\/","url":"https:\/\/www.waterskis.lv\/wp-content\/uploads\/2025\/01\/JUVP-logo.png","contentUrl":"https:\/\/www.waterskis.lv\/wp-content\/uploads\/2025\/01\/JUVP-logo.png","width":421,"height":202,"caption":"WATERSKIS.LV"},"image":{"@id":"https:\/\/www.waterskis.lv\/ru\/#\/schema\/logo\/image\/"},"sameAs":["https:\/\/www.facebook.com\/jurmalawaterskiwakeboardpark\/"]}]}},"_links":{"self":[{"href":"https:\/\/www.waterskis.lv\/ru\/wp-json\/wp\/v2\/product\/25908","targetHints":{"allow":["GET"]}}],"collection":[{"href":"https:\/\/www.waterskis.lv\/ru\/wp-json\/wp\/v2\/product"}],"about":[{"href":"https:\/\/www.waterskis.lv\/ru\/wp-json\/wp\/v2\/types\/product"}],"replies":[{"embeddable":true,"href":"https:\/\/www.waterskis.lv\/ru\/wp-json\/wp\/v2\/comments?post=25908"}],"wp:featuredmedia":[{"embeddable":true,"href":"https:\/\/www.waterskis.lv\/ru\/wp-json\/wp\/v2\/media\/21087"}],"wp:attachment":[{"href":"https:\/\/www.waterskis.lv\/ru\/wp-json\/wp\/v2\/media?parent=25908"}],"wp:term":[{"taxonomy":"product_brand","embeddable":true,"href":"https:\/\/www.waterskis.lv\/ru\/wp-json\/wp\/v2\/product_brand?post=25908"},{"taxonomy":"product_cat","embeddable":true,"href":"https:\/\/www.waterskis.lv\/ru\/wp-json\/wp\/v2\/product_cat?post=25908"},{"taxonomy":"product_tag","embeddable":true,"href":"https:\/\/www.waterskis.lv\/ru\/wp-json\/wp\/v2\/product_tag?post=25908"}],"curies":[{"name":"wp","href":"https:\/\/api.w.org\/{rel}","templated":true}]}}