{"id":25967,"date":"2020-09-19T09:43:28","date_gmt":"2020-09-19T06:43:28","guid":{"rendered":"https:\/\/www.waterskis.lv\/product\/makskernieku-kajaks-feelfree-lure-11-5-overdrive\/"},"modified":"2021-01-09T21:47:53","modified_gmt":"2021-01-09T18:47:53","slug":"%d1%80%d1%8b%d0%b1%d0%b0%d1%86%d0%ba%d0%b8%d0%b9-%d0%ba%d0%b0%d1%8f%d0%ba-feelfree-lure-11-5-overdrive","status":"publish","type":"product","link":"https:\/\/www.waterskis.lv\/ru\/product\/%d1%80%d1%8b%d0%b1%d0%b0%d1%86%d0%ba%d0%b8%d0%b9-%d0%ba%d0%b0%d1%8f%d0%ba-feelfree-lure-11-5-overdrive\/","title":{"rendered":"\u0420\u044b\u0431\u0430\u0446\u043a\u0438\u0439 \u043a\u0430\u044f\u043a FEELFREE LURE 11.5 OVERDRIVE"},"content":{"rendered":"<p>Feelfree Lure 11.5 Overdrive &#8212; \u0441\u043e\u0432\u0440\u0435\u043c\u0435\u043d\u043d\u044b\u0439 \u043f\u0435\u0434\u0430\u043b\u044c\u043d\u044b\u0439 \u043f\u0440\u0438\u0432\u043e\u0434 \u043f\u0440\u043e\u0441\u0442 \u0432 \u0438\u0441\u043f\u043e\u043b\u044c\u0437\u043e\u0432\u0430\u043d\u0438\u0438, \u0440\u0435\u0433\u0443\u043b\u0438\u0440\u0443\u0435\u0442\u0441\u044f \u0438 \u043b\u0435\u0433\u043a\u043e \u0434\u043e\u0441\u0442\u0438\u0433\u0430\u0435\u0442 \u0445\u043e\u0440\u043e\u0448\u0435\u0439 \u0441\u043a\u043e\u0440\u043e\u0441\u0442\u0438.<\/p>\n<p>\u041d\u043e\u0432\u0430\u044f \u043f\u0440\u0438\u043c\u0430\u043d\u043a\u0430 2020 Lure 11.5 \u043f\u0440\u0435\u0434\u043b\u0430\u0433\u0430\u0435\u0442 \u0438\u0434\u0435\u0430\u043b\u044c\u043d\u044b\u0439 \u0431\u0430\u043b\u0430\u043d\u0441 \u043a\u043e\u043c\u0444\u043e\u0440\u0442\u0430, \u043f\u0440\u043e\u0441\u0442\u0440\u0430\u043d\u0441\u0442\u0432\u0430 \u043d\u0430 \u043f\u0430\u043b\u0443\u0431\u0435, \u043c\u043e\u0431\u0438\u043b\u044c\u043d\u043e\u0441\u0442\u0438 \u0438 \u0443\u0441\u0442\u043e\u0439\u0447\u0438\u0432\u043e\u0441\u0442\u0438 &#8212; \u043d\u0435 \u0441\u043b\u0438\u0448\u043a\u043e\u043c \u0434\u043b\u0438\u043d\u043d\u0443\u044e \u0438\u043b\u0438 \u0441\u043b\u0438\u0448\u043a\u043e\u043c \u043a\u043e\u0440\u043e\u0442\u043a\u0443\u044e, \u043d\u043e \u043f\u0440\u0438 \u044d\u0442\u043e\u043c \u0432\u043f\u043e\u043b\u043d\u0435 \u0441\u043f\u043e\u0441\u043e\u0431\u043d\u0443\u044e \u043f\u0440\u0435\u043e\u0434\u043e\u043b\u0435\u0432\u0430\u0442\u044c \u0431\u043e\u043b\u044c\u0448\u0438\u0435 \u0440\u0430\u0441\u0441\u0442\u043e\u044f\u043d\u0438\u044f \u0432 \u0440\u0435\u043a\u0430\u0445, \u043e\u0437\u0435\u0440\u0430\u0445, \u043e\u043a\u0435\u0430\u043d\u0430\u0445 \u0438 \u043d\u0435\u0431\u043e\u043b\u044c\u0448\u0438\u0445 \u0432\u043e\u0434\u0430\u0445.<\/p>\n<p>\u0412\u0435\u0441: 34 \u043a\u0433<\/p>\n<p>\u0420\u0430\u0437\u043c\u0435\u0440\u044b: 350 x 86 \u0441\u043c<\/p>\n<p>\u0413\u0440\u0443\u0437\u043e\u043f\u043e\u0434\u044a\u0435\u043c\u043d\u043e\u0441\u0442\u044c: 193 \u043a\u0433<\/p>\n<p>\u0421\u043e\u0432\u0435\u0442\u044b: \u0441\u0438\u0434\u0435\u0442\u044c \u0441\u0432\u0435\u0440\u0445\u0443<\/p>\n<p>\u041c\u0430\u0442\u0435\u0440\u0438\u0430\u043b: HDPE (\u043f\u043e\u043b\u0438\u044d\u0442\u0438\u043b\u0435\u043d \u0432\u044b\u0441\u043e\u043a\u043e\u0439 \u043f\u043b\u043e\u0442\u043d\u043e\u0441\u0442\u0438) \u043f\u043e\u043b\u0438\u044d\u0442\u0438\u043b\u0435\u043d \u0432\u044b\u0441\u043e\u043a\u043e\u0439 \u043f\u043b\u043e\u0442\u043d\u043e\u0441\u0442\u0438<\/p>\n<p>\u041f\u0440\u043e\u0438\u0437\u0432\u043e\u0434\u0438\u0442\u0435\u043b\u044c: FeelFree, \u0422\u0430\u0438\u043b\u0430\u043d\u0434 \/ \u0421\u0428\u0410<\/p>\n<p>\u041a\u043e\u043b\u0438\u0447\u0435\u0441\u0442\u0432\u043e \u043c\u0435\u0441\u0442: 1<\/p>\n<p>\u0426\u0432\u0435\u0442: \u043f\u0443\u0441\u0442\u044b\u043d\u043d\u044b\u0439 \u043a\u0430\u043c\u0443\u0444\u043b\u044f\u0436, \u043b\u0430\u0439\u043c\u043e\u0432\u044b\u0439 \u043a\u0430\u043c\u0443\u0444\u043b\u044f\u0436, \u0441\u0438\u043d\u0438\u0439 \u043a\u0430\u043c\u0443\u0444\u043b\u044f\u0436, \u0437\u0438\u043c\u043d\u0438\u0439 \u043a\u0430\u043c\u0443\u0444\u043b\u044f\u0436<\/p>\n<p>* \u0412\u0421\u0415 \u0413\u041e\u0422\u041e\u0412\u042b\u0415 \u041b\u041e\u0414\u041a\u0418 \u041e\u0411\u041e\u0420\u0423\u0414\u041e\u0412\u0410\u041d\u042b 8 \u041f\u0423\u041b\u042c\u0422\u0410\u041c\u0418 \u0423\u041f\u0420\u0410\u0412\u041b\u0415\u041d\u0418\u042f \u0418 \u0425\u0412\u041e\u0421\u0422\u041e\u0412\u042b\u041c\u0418 \u0420\u0423\u041b\u0415\u0412\u0410\u041c\u0418.<\/p>\n<p>* \u041f\u041e\u0416\u0410\u041b\u0423\u0419\u0421\u0422\u0410, \u041e\u0411\u0420\u0410\u0422\u0418\u0422\u0415 \u0412\u041d\u0418\u041c\u0410\u041d\u0418\u0415 &#8212; \u042d\u0422\u0418 \u0427\u0410\u0421\u0422\u0418 \u041d\u0410 \u0418\u0417\u041e\u0411\u0420\u0410\u0416\u0415\u041d\u0418\u0418 \u041d\u0415 \u041c\u041e\u0413\u0423\u0422 \u041f\u041e\u041a\u0410\u0417\u0410\u0422\u042c *<br \/>\n* \u041a\u041e\u041c\u041f\u041b\u0415\u041a\u0422 \u041f\u0415\u0414\u0410\u041b\u0418 OVERDRIVE \u0412\u041a\u041b\u042e\u0427\u0415\u041d, \u0415\u0421\u041b\u0418 \u041d\u0415 \u0412\u0418\u0414\u0418\u041c\u041e \u041d\u0410 \u0418\u0417\u041e\u0411\u0420\u0410\u0416\u0415\u041d\u0418\u0418 \u0418\u0417\u0414\u0415\u041b\u0418\u042f *<br \/>\nFeelfree Lure 11.5 Overdrive \u043f\u0440\u0435\u0434\u043b\u0430\u0433\u0430\u0435\u0442 \u0443\u043b\u044c\u0442\u0440\u0430\u0441\u043e\u0432\u0440\u0435\u043c\u0435\u043d\u043d\u0443\u044e \u0441\u0438\u043b\u043e\u0432\u0443\u044e \u0443\u0441\u0442\u0430\u043d\u043e\u0432\u043a\u0443 \u0434\u043b\u044f \u043a\u0430\u044f\u043a\u0430 \u0441 \u043f\u0435\u0434\u0430\u043b\u044c\u043d\u044b\u043c \u043f\u0440\u0438\u0432\u043e\u0434\u043e\u043c, \u043e\u0431\u0435\u0441\u043f\u0435\u0447\u0438\u0432\u0430\u044e\u0449\u0443\u044e \u043b\u0435\u0433\u043a\u0443\u044e \u0441\u043a\u043e\u0440\u043e\u0441\u0442\u044c, \u043f\u0440\u043e\u0441\u0442\u043e\u0442\u0443 \u0438\u0441\u043f\u043e\u043b\u044c\u0437\u043e\u0432\u0430\u043d\u0438\u044f \u0438 \u0433\u0438\u0431\u043a\u043e\u0441\u0442\u044c. \u0411\u043b\u043e\u043a \u043f\u043e\u0432\u044b\u0448\u0430\u044e\u0449\u0435\u0439 \u043f\u0435\u0440\u0435\u0434\u0430\u0447\u0438 &#8212; \u044d\u0442\u043e \u0435\u0434\u0438\u043d\u0441\u0442\u0432\u0435\u043d\u043d\u0430\u044f \u0441\u0438\u0441\u0442\u0435\u043c\u0430 \u00ab\u0434\u0432\u0430 \u0432 \u043e\u0434\u043d\u043e\u043c\u00bb, \u043f\u043e\u0434\u043a\u043b\u044e\u0447\u0435\u043d\u043d\u0430\u044f \u043a Motordrive *, \u043a\u043e\u0442\u043e\u0440\u0430\u044f \u043f\u0440\u0435\u0434\u043b\u0430\u0433\u0430\u0435\u0442 \u0432\u0430\u0440\u0438\u0430\u043d\u0442\u044b \u043f\u0435\u0434\u0430\u043b\u0438 \u043f\u0435\u0440\u0435\u0434\u043d\u0435\u0433\u043e \u0438 \u0437\u0430\u0434\u043d\u0435\u0433\u043e \u0445\u043e\u0434\u0430 \u0438\u043b\u0438 \u0441\u0438\u043b\u043e\u0432\u043e\u0433\u043e \u043f\u0440\u0438\u0432\u043e\u0434\u0430 \u0434\u043b\u044f \u043a\u0430\u0436\u0434\u043e\u0433\u043e \u0431\u043b\u043e\u043a\u0430. \u042d\u0442\u043e \u043e\u0431\u0435\u0441\u043f\u0435\u0447\u0438\u0432\u0430\u0435\u0442\u0441\u044f \u043d\u0430\u0448\u0435\u0439 \u0441\u0438\u0441\u0442\u0435\u043c\u043e\u0439 \u0440\u0443\u043b\u0435\u0432\u043e\u0433\u043e \u0443\u043f\u0440\u0430\u0432\u043b\u0435\u043d\u0438\u044f 8Ball \u0438 \u0440\u0435\u0433\u0443\u043b\u044f\u0442\u043e\u0440\u043e\u043c \u0441\u0438\u0434\u0435\u043d\u044c\u044f Gravity \u0434\u043b\u044f \u043c\u0430\u043a\u0441\u0438\u043c\u0430\u043b\u044c\u043d\u043e\u0433\u043e \u0434\u043e\u0441\u0442\u0443\u043f\u0430 \u0438 \u043a\u043e\u043c\u0444\u043e\u0440\u0442\u0430. \u0418\u043d\u0436\u0435\u043d\u0435\u0440\u043d\u0430\u044f \u0441\u0438\u0441\u0442\u0435\u043c\u0430 \u0438\u0437\u0433\u043e\u0442\u043e\u0432\u043b\u0435\u043d\u0430 \u200b\u200b\u0438\u0437 \u0430\u043b\u044e\u043c\u0438\u043d\u0438\u044f \u0438 \u0434\u043e\u043f\u043e\u043b\u043d\u0435\u043d\u0430 \u043f\u0440\u043e\u0447\u043d\u044b\u043c\u0438 \u043a\u043e\u043c\u043f\u043e\u043d\u0435\u043d\u0442\u0430\u043c\u0438. \u041b\u043e\u043f\u0430\u0442\u0430, \u043f\u0435\u0434\u0430\u043b\u044c \u0438\u043b\u0438 \u044d\u043b\u0435\u043a\u0442\u0440\u043e\u043f\u0440\u0438\u0432\u043e\u0434 &#8212; \u0441\u0438\u0441\u0442\u0435\u043c\u0430 Overdrive \u043f\u043e\u0437\u0432\u043e\u043b\u044f\u0435\u0442 \u0440\u044b\u0431\u043e\u043b\u043e\u0432\u0430\u043c \u0438 \u043b\u044e\u0431\u0438\u0442\u0435\u043b\u044f\u043c \u043a\u0430\u0442\u0430\u0442\u044c\u0441\u044f \u043d\u0430 \u043a\u0430\u044f\u043a\u0430\u0445 \u0432\u0435\u0441\u044c \u0434\u0435\u043d\u044c, \u0433\u0434\u0435 \u0431\u044b \u043e\u043d\u0438 \u043d\u0438 \u0440\u0435\u0448\u0438\u043b\u0438 \u0440\u0430\u0437\u0432\u043b\u0435\u0447\u044c\u0441\u044f!<br \/>\n* \u041f\u0440\u0438\u0432\u043e\u0434 Motordrive \u043f\u0440\u043e\u0434\u0430\u0435\u0442\u0441\u044f \u043e\u0442\u0434\u0435\u043b\u044c\u043d\u043e.<\/p>\n<p>&nbsp;<\/p>\n<p><iframe title=\"Feelfree Lure 11.5 With Factor installed Overdrive: UNBOXING VIDEO\" width=\"640\" height=\"360\" src=\"https:\/\/www.youtube.com\/embed\/1MP39D14-2s?feature=oembed\" frameborder=\"0\" allow=\"accelerometer; autoplay; clipboard-write; encrypted-media; gyroscope; picture-in-picture; web-share\" referrerpolicy=\"strict-origin-when-cross-origin\" allowfullscreen><\/iframe><\/p>\n<p><iframe title=\"feelfree Lure 11.5 overdrive OVERVIEW\" width=\"640\" height=\"360\" src=\"https:\/\/www.youtube.com\/embed\/gZzEZoV1WbA?feature=oembed\" frameborder=\"0\" allow=\"accelerometer; autoplay; clipboard-write; encrypted-media; gyroscope; picture-in-picture; web-share\" referrerpolicy=\"strict-origin-when-cross-origin\" allowfullscreen><\/iframe><\/p>\n<p>&nbsp;<\/p>\n<div><strong>*ALL OVERDRIVE READY BOATS WILL BE EQUIPPED WITH THE 8 BALL HAND CONTROL &amp; BEAVER TAIL RUDDER. PLEASE NOTE &#8212; IMAGE MAY NOT SHOW THESE PARTS*<\/strong><\/div>\n<div><\/div>\n<div><strong>*OVERDRIVE PEDAL UNIT INCLUDED, EVEN IF NOT SHOW IN PRODUCT IMAGE*<\/strong><\/div>\n<div><\/div>\n<div>The Feelfree Lure 11.5 Overdrive features the modern evolution of pedal powered kayak propulsion offering effortless speed, ease of use and adaptability. The Overdrive unit is the only two-in-one system that offers forward and reverse pedal or power driven capabilities in one single unit when paired with the Motordrive*. It features our 8Ball Steering system and Gravity seat adjuster for the ultimate in accessibility and comfort. Engineered to last, the system is manufactured using cast aluminum and finished off with heavy-duty components. Paddle, pedal or power, the Overdrive system gives kayak anglers and recreational paddlers the flexibility to Feelfree all day long no matter where they choose to have fun!<\/div>\n<div><\/div>\n<div><strong>*The Motordrive attachment is sold separately<\/strong><\/div>\n<div><\/div>\n<div>https:\/\/www.youtube.com\/watch?v=gZzEZoV1WbA<\/div>\n<div><\/div>\n<div>https:\/\/www.youtube.com\/watch?v=1MP39D14-2s<\/div>\n","protected":false},"excerpt":{"rendered":"<p>Feelfree Lure 11.5 Overdrive &#8212; \u0441\u043e\u0432\u0440\u0435\u043c\u0435\u043d\u043d\u044b\u0439 \u043f\u0435\u0434\u0430\u043b\u044c\u043d\u044b\u0439 \u043f\u0440\u0438\u0432\u043e\u0434 \u043f\u0440\u043e\u0441\u0442 \u0432 \u0438\u0441\u043f\u043e\u043b\u044c\u0437\u043e\u0432\u0430\u043d\u0438\u0438, \u0440\u0435\u0433\u0443\u043b\u0438\u0440\u0443\u0435\u0442\u0441\u044f \u0438 \u043b\u0435\u0433\u043a\u043e \u0434\u043e\u0441\u0442\u0438\u0433\u0430\u0435\u0442 \u0445\u043e\u0440\u043e\u0448\u0435\u0439 \u0441\u043a\u043e\u0440\u043e\u0441\u0442\u0438. \u041d\u043e\u0432\u0430\u044f \u043f\u0440\u0438\u043c\u0430\u043d\u043a\u0430 2020 Lure 11.5 \u043f\u0440\u0435\u0434\u043b\u0430\u0433\u0430\u0435\u0442 \u0438\u0434\u0435\u0430\u043b\u044c\u043d\u044b\u0439 \u0431\u0430\u043b\u0430\u043d\u0441 \u043a\u043e\u043c\u0444\u043e\u0440\u0442\u0430, \u043f\u0440\u043e\u0441\u0442\u0440\u0430\u043d\u0441\u0442\u0432\u0430 \u043d\u0430 \u043f\u0430\u043b\u0443\u0431\u0435, \u043c\u043e\u0431\u0438\u043b\u044c\u043d\u043e\u0441\u0442\u0438 \u0438 \u0443\u0441\u0442\u043e\u0439\u0447\u0438\u0432\u043e\u0441\u0442\u0438 &#8212; \u043d\u0435 \u0441\u043b\u0438\u0448\u043a\u043e\u043c \u0434\u043b\u0438\u043d\u043d\u0443\u044e \u0438\u043b\u0438 \u0441\u043b\u0438\u0448\u043a\u043e\u043c \u043a\u043e\u0440\u043e\u0442\u043a\u0443\u044e, \u043d\u043e \u043f\u0440\u0438 \u044d\u0442\u043e\u043c \u0432\u043f\u043e\u043b\u043d\u0435 \u0441\u043f\u043e\u0441\u043e\u0431\u043d\u0443\u044e \u043f\u0440\u0435\u043e\u0434\u043e\u043b\u0435\u0432\u0430\u0442\u044c \u0431\u043e\u043b\u044c\u0448\u0438\u0435 \u0440\u0430\u0441\u0441\u0442\u043e\u044f\u043d\u0438\u044f \u0432 \u0440\u0435\u043a\u0430\u0445, \u043e\u0437\u0435\u0440\u0430\u0445, \u043e\u043a\u0435\u0430\u043d\u0430\u0445 \u0438 \u043d\u0435\u0431\u043e\u043b\u044c\u0448\u0438\u0445 \u0432\u043e\u0434\u0430\u0445. \u0412\u0435\u0441: [&#8230;]<\/p>\n<p><a class=\"btn btn-secondary understrap-read-more-link\" href=\"https:\/\/www.waterskis.lv\/ru\/product\/%d1%80%d1%8b%d0%b1%d0%b0%d1%86%d0%ba%d0%b8%d0%b9-%d0%ba%d0%b0%d1%8f%d0%ba-feelfree-lure-11-5-overdrive\/\">\u0427\u0438\u0442\u0430\u0442\u044c \u0434\u0430\u043b\u044c\u0448\u0435\u2026<\/a><\/p>\n","protected":false},"featured_media":19450,"comment_status":"closed","ping_status":"closed","template":"","meta":{"_acf_changed":false,"inline_featured_image":false},"product_brand":[],"product_cat":[778,777,547],"product_tag":[],"class_list":{"0":"post-25967","1":"product","2":"type-product","3":"status-publish","4":"has-post-thumbnail","6":"product_cat-778","7":"product_cat-777","8":"product_cat-547","10":"first","11":"instock","12":"shipping-taxable","13":"product-type-simple"},"acf":[],"yoast_head":"<!-- This site is optimized with the Yoast SEO plugin v27.3 - https:\/\/yoast.com\/product\/yoast-seo-wordpress\/ -->\n<title>\u0420\u044b\u0431\u0430\u0446\u043a\u0438\u0439 \u043a\u0430\u044f\u043a FEELFREE LURE 11.5 OVERDRIVE - WATERSKIS.LV<\/title>\n<meta name=\"description\" content=\"\u0420\u044b\u0431\u0430\u0446\u043a\u0438\u0439 \u043a\u0430\u044f\u043a FEELFREE LURE 11.5 OVERDRIVE\" \/>\n<meta name=\"robots\" content=\"index, follow, max-snippet:-1, max-image-preview:large, max-video-preview:-1\" \/>\n<link rel=\"canonical\" href=\"https:\/\/www.waterskis.lv\/ru\/product\/%d1%80%d1%8b%d0%b1%d0%b0%d1%86%d0%ba%d0%b8%d0%b9-%d0%ba%d0%b0%d1%8f%d0%ba-feelfree-lure-11-5-overdrive\/\" \/>\n<meta property=\"og:locale\" content=\"ru_RU\" \/>\n<meta property=\"og:type\" content=\"article\" \/>\n<meta property=\"og:title\" content=\"\u0420\u044b\u0431\u0430\u0446\u043a\u0438\u0439 \u043a\u0430\u044f\u043a FEELFREE LURE 11.5 OVERDRIVE - WATERSKIS.LV\" \/>\n<meta property=\"og:description\" content=\"\u0420\u044b\u0431\u0430\u0446\u043a\u0438\u0439 \u043a\u0430\u044f\u043a FEELFREE LURE 11.5 OVERDRIVE\" \/>\n<meta property=\"og:url\" content=\"https:\/\/www.waterskis.lv\/ru\/product\/%d1%80%d1%8b%d0%b1%d0%b0%d1%86%d0%ba%d0%b8%d0%b9-%d0%ba%d0%b0%d1%8f%d0%ba-feelfree-lure-11-5-overdrive\/\" \/>\n<meta property=\"og:site_name\" content=\"WATERSKIS.LV\" \/>\n<meta property=\"article:publisher\" content=\"https:\/\/www.facebook.com\/jurmalawaterskiwakeboardpark\/\" \/>\n<meta property=\"article:modified_time\" content=\"2021-01-09T18:47:53+00:00\" \/>\n<meta property=\"og:image\" content=\"https:\/\/www.waterskis.lv\/wp-content\/uploads\/2020\/09\/11.5Ov.jpg\" \/>\n\t<meta property=\"og:image:width\" content=\"1000\" \/>\n\t<meta property=\"og:image:height\" content=\"1000\" \/>\n\t<meta property=\"og:image:type\" content=\"image\/jpeg\" \/>\n<meta name=\"twitter:card\" content=\"summary_large_image\" \/>\n<meta name=\"twitter:label1\" content=\"\u041f\u0440\u0438\u043c\u0435\u0440\u043d\u043e\u0435 \u0432\u0440\u0435\u043c\u044f \u0434\u043b\u044f \u0447\u0442\u0435\u043d\u0438\u044f\" \/>\n\t<meta name=\"twitter:data1\" content=\"1 \u043c\u0438\u043d\u0443\u0442\u0430\" \/>\n<script type=\"application\/ld+json\" class=\"yoast-schema-graph\">{\"@context\":\"https:\\\/\\\/schema.org\",\"@graph\":[{\"@type\":\"WebPage\",\"@id\":\"https:\\\/\\\/www.waterskis.lv\\\/ru\\\/product\\\/%d1%80%d1%8b%d0%b1%d0%b0%d1%86%d0%ba%d0%b8%d0%b9-%d0%ba%d0%b0%d1%8f%d0%ba-feelfree-lure-11-5-overdrive\\\/\",\"url\":\"https:\\\/\\\/www.waterskis.lv\\\/ru\\\/product\\\/%d1%80%d1%8b%d0%b1%d0%b0%d1%86%d0%ba%d0%b8%d0%b9-%d0%ba%d0%b0%d1%8f%d0%ba-feelfree-lure-11-5-overdrive\\\/\",\"name\":\"\u0420\u044b\u0431\u0430\u0446\u043a\u0438\u0439 \u043a\u0430\u044f\u043a FEELFREE LURE 11.5 OVERDRIVE - WATERSKIS.LV\",\"isPartOf\":{\"@id\":\"https:\\\/\\\/www.waterskis.lv\\\/ru\\\/#website\"},\"primaryImageOfPage\":{\"@id\":\"https:\\\/\\\/www.waterskis.lv\\\/ru\\\/product\\\/%d1%80%d1%8b%d0%b1%d0%b0%d1%86%d0%ba%d0%b8%d0%b9-%d0%ba%d0%b0%d1%8f%d0%ba-feelfree-lure-11-5-overdrive\\\/#primaryimage\"},\"image\":{\"@id\":\"https:\\\/\\\/www.waterskis.lv\\\/ru\\\/product\\\/%d1%80%d1%8b%d0%b1%d0%b0%d1%86%d0%ba%d0%b8%d0%b9-%d0%ba%d0%b0%d1%8f%d0%ba-feelfree-lure-11-5-overdrive\\\/#primaryimage\"},\"thumbnailUrl\":\"https:\\\/\\\/www.waterskis.lv\\\/wp-content\\\/uploads\\\/2020\\\/09\\\/11.5Ov.jpg\",\"datePublished\":\"2020-09-19T06:43:28+00:00\",\"dateModified\":\"2021-01-09T18:47:53+00:00\",\"description\":\"\u0420\u044b\u0431\u0430\u0446\u043a\u0438\u0439 \u043a\u0430\u044f\u043a FEELFREE LURE 11.5 OVERDRIVE\",\"breadcrumb\":{\"@id\":\"https:\\\/\\\/www.waterskis.lv\\\/ru\\\/product\\\/%d1%80%d1%8b%d0%b1%d0%b0%d1%86%d0%ba%d0%b8%d0%b9-%d0%ba%d0%b0%d1%8f%d0%ba-feelfree-lure-11-5-overdrive\\\/#breadcrumb\"},\"inLanguage\":\"ru-RU\",\"potentialAction\":[{\"@type\":\"ReadAction\",\"target\":[\"https:\\\/\\\/www.waterskis.lv\\\/ru\\\/product\\\/%d1%80%d1%8b%d0%b1%d0%b0%d1%86%d0%ba%d0%b8%d0%b9-%d0%ba%d0%b0%d1%8f%d0%ba-feelfree-lure-11-5-overdrive\\\/\"]}]},{\"@type\":\"ImageObject\",\"inLanguage\":\"ru-RU\",\"@id\":\"https:\\\/\\\/www.waterskis.lv\\\/ru\\\/product\\\/%d1%80%d1%8b%d0%b1%d0%b0%d1%86%d0%ba%d0%b8%d0%b9-%d0%ba%d0%b0%d1%8f%d0%ba-feelfree-lure-11-5-overdrive\\\/#primaryimage\",\"url\":\"https:\\\/\\\/www.waterskis.lv\\\/wp-content\\\/uploads\\\/2020\\\/09\\\/11.5Ov.jpg\",\"contentUrl\":\"https:\\\/\\\/www.waterskis.lv\\\/wp-content\\\/uploads\\\/2020\\\/09\\\/11.5Ov.jpg\",\"width\":1000,\"height\":1000,\"caption\":\"\u0420\u044b\u0431\u0430\u0446\u043a\u0438\u0439 \u043a\u0430\u044f\u043a FEELFREE LURE 11.5 OVERDRIVE\"},{\"@type\":\"BreadcrumbList\",\"@id\":\"https:\\\/\\\/www.waterskis.lv\\\/ru\\\/product\\\/%d1%80%d1%8b%d0%b1%d0%b0%d1%86%d0%ba%d0%b8%d0%b9-%d0%ba%d0%b0%d1%8f%d0%ba-feelfree-lure-11-5-overdrive\\\/#breadcrumb\",\"itemListElement\":[{\"@type\":\"ListItem\",\"position\":1,\"name\":\"Home\",\"item\":\"https:\\\/\\\/www.waterskis.lv\\\/ru\\\/\"},{\"@type\":\"ListItem\",\"position\":2,\"name\":\"\u041c\u0430\u0433\u0430\u0437\u0438\u043d\",\"item\":\"https:\\\/\\\/www.waterskis.lv\\\/ru\\\/%d0%bc%d0%b0%d0%b3%d0%b0%d0%b7%d0%b8%d0%bd\\\/\"},{\"@type\":\"ListItem\",\"position\":3,\"name\":\"\u0420\u044b\u0431\u0430\u0446\u043a\u0438\u0439 \u043a\u0430\u044f\u043a FEELFREE LURE 11.5 OVERDRIVE\"}]},{\"@type\":\"WebSite\",\"@id\":\"https:\\\/\\\/www.waterskis.lv\\\/ru\\\/#website\",\"url\":\"https:\\\/\\\/www.waterskis.lv\\\/ru\\\/\",\"name\":\"WATERSKIS.LV\",\"description\":\"SUP d\u0113\u013ci, kajaki, kanoe, airu laivas, \u016bdenssl\u0113po\u0161ana, veikbords, SUP d\u0113\u013cu noma, kajaku nomaakt\u012bv\u0101s atp\u016btas centrs, laivu noma, sup noma, kajaku noma\",\"publisher\":{\"@id\":\"https:\\\/\\\/www.waterskis.lv\\\/ru\\\/#organization\"},\"potentialAction\":[{\"@type\":\"SearchAction\",\"target\":{\"@type\":\"EntryPoint\",\"urlTemplate\":\"https:\\\/\\\/www.waterskis.lv\\\/ru\\\/?s={search_term_string}\"},\"query-input\":{\"@type\":\"PropertyValueSpecification\",\"valueRequired\":true,\"valueName\":\"search_term_string\"}}],\"inLanguage\":\"ru-RU\"},{\"@type\":\"Organization\",\"@id\":\"https:\\\/\\\/www.waterskis.lv\\\/ru\\\/#organization\",\"name\":\"WATERSKIS.LV\",\"url\":\"https:\\\/\\\/www.waterskis.lv\\\/ru\\\/\",\"logo\":{\"@type\":\"ImageObject\",\"inLanguage\":\"ru-RU\",\"@id\":\"https:\\\/\\\/www.waterskis.lv\\\/ru\\\/#\\\/schema\\\/logo\\\/image\\\/\",\"url\":\"https:\\\/\\\/www.waterskis.lv\\\/wp-content\\\/uploads\\\/2025\\\/01\\\/JUVP-logo.png\",\"contentUrl\":\"https:\\\/\\\/www.waterskis.lv\\\/wp-content\\\/uploads\\\/2025\\\/01\\\/JUVP-logo.png\",\"width\":421,\"height\":202,\"caption\":\"WATERSKIS.LV\"},\"image\":{\"@id\":\"https:\\\/\\\/www.waterskis.lv\\\/ru\\\/#\\\/schema\\\/logo\\\/image\\\/\"},\"sameAs\":[\"https:\\\/\\\/www.facebook.com\\\/jurmalawaterskiwakeboardpark\\\/\"]}]}<\/script>\n<!-- \/ Yoast SEO plugin. -->","yoast_head_json":{"title":"\u0420\u044b\u0431\u0430\u0446\u043a\u0438\u0439 \u043a\u0430\u044f\u043a FEELFREE LURE 11.5 OVERDRIVE - WATERSKIS.LV","description":"\u0420\u044b\u0431\u0430\u0446\u043a\u0438\u0439 \u043a\u0430\u044f\u043a FEELFREE LURE 11.5 OVERDRIVE","robots":{"index":"index","follow":"follow","max-snippet":"max-snippet:-1","max-image-preview":"max-image-preview:large","max-video-preview":"max-video-preview:-1"},"canonical":"https:\/\/www.waterskis.lv\/ru\/product\/%d1%80%d1%8b%d0%b1%d0%b0%d1%86%d0%ba%d0%b8%d0%b9-%d0%ba%d0%b0%d1%8f%d0%ba-feelfree-lure-11-5-overdrive\/","og_locale":"ru_RU","og_type":"article","og_title":"\u0420\u044b\u0431\u0430\u0446\u043a\u0438\u0439 \u043a\u0430\u044f\u043a FEELFREE LURE 11.5 OVERDRIVE - WATERSKIS.LV","og_description":"\u0420\u044b\u0431\u0430\u0446\u043a\u0438\u0439 \u043a\u0430\u044f\u043a FEELFREE LURE 11.5 OVERDRIVE","og_url":"https:\/\/www.waterskis.lv\/ru\/product\/%d1%80%d1%8b%d0%b1%d0%b0%d1%86%d0%ba%d0%b8%d0%b9-%d0%ba%d0%b0%d1%8f%d0%ba-feelfree-lure-11-5-overdrive\/","og_site_name":"WATERSKIS.LV","article_publisher":"https:\/\/www.facebook.com\/jurmalawaterskiwakeboardpark\/","article_modified_time":"2021-01-09T18:47:53+00:00","og_image":[{"width":1000,"height":1000,"url":"https:\/\/www.waterskis.lv\/wp-content\/uploads\/2020\/09\/11.5Ov.jpg","type":"image\/jpeg"}],"twitter_card":"summary_large_image","twitter_misc":{"\u041f\u0440\u0438\u043c\u0435\u0440\u043d\u043e\u0435 \u0432\u0440\u0435\u043c\u044f \u0434\u043b\u044f \u0447\u0442\u0435\u043d\u0438\u044f":"1 \u043c\u0438\u043d\u0443\u0442\u0430"},"schema":{"@context":"https:\/\/schema.org","@graph":[{"@type":"WebPage","@id":"https:\/\/www.waterskis.lv\/ru\/product\/%d1%80%d1%8b%d0%b1%d0%b0%d1%86%d0%ba%d0%b8%d0%b9-%d0%ba%d0%b0%d1%8f%d0%ba-feelfree-lure-11-5-overdrive\/","url":"https:\/\/www.waterskis.lv\/ru\/product\/%d1%80%d1%8b%d0%b1%d0%b0%d1%86%d0%ba%d0%b8%d0%b9-%d0%ba%d0%b0%d1%8f%d0%ba-feelfree-lure-11-5-overdrive\/","name":"\u0420\u044b\u0431\u0430\u0446\u043a\u0438\u0439 \u043a\u0430\u044f\u043a FEELFREE LURE 11.5 OVERDRIVE - WATERSKIS.LV","isPartOf":{"@id":"https:\/\/www.waterskis.lv\/ru\/#website"},"primaryImageOfPage":{"@id":"https:\/\/www.waterskis.lv\/ru\/product\/%d1%80%d1%8b%d0%b1%d0%b0%d1%86%d0%ba%d0%b8%d0%b9-%d0%ba%d0%b0%d1%8f%d0%ba-feelfree-lure-11-5-overdrive\/#primaryimage"},"image":{"@id":"https:\/\/www.waterskis.lv\/ru\/product\/%d1%80%d1%8b%d0%b1%d0%b0%d1%86%d0%ba%d0%b8%d0%b9-%d0%ba%d0%b0%d1%8f%d0%ba-feelfree-lure-11-5-overdrive\/#primaryimage"},"thumbnailUrl":"https:\/\/www.waterskis.lv\/wp-content\/uploads\/2020\/09\/11.5Ov.jpg","datePublished":"2020-09-19T06:43:28+00:00","dateModified":"2021-01-09T18:47:53+00:00","description":"\u0420\u044b\u0431\u0430\u0446\u043a\u0438\u0439 \u043a\u0430\u044f\u043a FEELFREE LURE 11.5 OVERDRIVE","breadcrumb":{"@id":"https:\/\/www.waterskis.lv\/ru\/product\/%d1%80%d1%8b%d0%b1%d0%b0%d1%86%d0%ba%d0%b8%d0%b9-%d0%ba%d0%b0%d1%8f%d0%ba-feelfree-lure-11-5-overdrive\/#breadcrumb"},"inLanguage":"ru-RU","potentialAction":[{"@type":"ReadAction","target":["https:\/\/www.waterskis.lv\/ru\/product\/%d1%80%d1%8b%d0%b1%d0%b0%d1%86%d0%ba%d0%b8%d0%b9-%d0%ba%d0%b0%d1%8f%d0%ba-feelfree-lure-11-5-overdrive\/"]}]},{"@type":"ImageObject","inLanguage":"ru-RU","@id":"https:\/\/www.waterskis.lv\/ru\/product\/%d1%80%d1%8b%d0%b1%d0%b0%d1%86%d0%ba%d0%b8%d0%b9-%d0%ba%d0%b0%d1%8f%d0%ba-feelfree-lure-11-5-overdrive\/#primaryimage","url":"https:\/\/www.waterskis.lv\/wp-content\/uploads\/2020\/09\/11.5Ov.jpg","contentUrl":"https:\/\/www.waterskis.lv\/wp-content\/uploads\/2020\/09\/11.5Ov.jpg","width":1000,"height":1000,"caption":"\u0420\u044b\u0431\u0430\u0446\u043a\u0438\u0439 \u043a\u0430\u044f\u043a FEELFREE LURE 11.5 OVERDRIVE"},{"@type":"BreadcrumbList","@id":"https:\/\/www.waterskis.lv\/ru\/product\/%d1%80%d1%8b%d0%b1%d0%b0%d1%86%d0%ba%d0%b8%d0%b9-%d0%ba%d0%b0%d1%8f%d0%ba-feelfree-lure-11-5-overdrive\/#breadcrumb","itemListElement":[{"@type":"ListItem","position":1,"name":"Home","item":"https:\/\/www.waterskis.lv\/ru\/"},{"@type":"ListItem","position":2,"name":"\u041c\u0430\u0433\u0430\u0437\u0438\u043d","item":"https:\/\/www.waterskis.lv\/ru\/%d0%bc%d0%b0%d0%b3%d0%b0%d0%b7%d0%b8%d0%bd\/"},{"@type":"ListItem","position":3,"name":"\u0420\u044b\u0431\u0430\u0446\u043a\u0438\u0439 \u043a\u0430\u044f\u043a FEELFREE LURE 11.5 OVERDRIVE"}]},{"@type":"WebSite","@id":"https:\/\/www.waterskis.lv\/ru\/#website","url":"https:\/\/www.waterskis.lv\/ru\/","name":"WATERSKIS.LV","description":"SUP d\u0113\u013ci, kajaki, kanoe, airu laivas, \u016bdenssl\u0113po\u0161ana, veikbords, SUP d\u0113\u013cu noma, kajaku nomaakt\u012bv\u0101s atp\u016btas centrs, laivu noma, sup noma, kajaku noma","publisher":{"@id":"https:\/\/www.waterskis.lv\/ru\/#organization"},"potentialAction":[{"@type":"SearchAction","target":{"@type":"EntryPoint","urlTemplate":"https:\/\/www.waterskis.lv\/ru\/?s={search_term_string}"},"query-input":{"@type":"PropertyValueSpecification","valueRequired":true,"valueName":"search_term_string"}}],"inLanguage":"ru-RU"},{"@type":"Organization","@id":"https:\/\/www.waterskis.lv\/ru\/#organization","name":"WATERSKIS.LV","url":"https:\/\/www.waterskis.lv\/ru\/","logo":{"@type":"ImageObject","inLanguage":"ru-RU","@id":"https:\/\/www.waterskis.lv\/ru\/#\/schema\/logo\/image\/","url":"https:\/\/www.waterskis.lv\/wp-content\/uploads\/2025\/01\/JUVP-logo.png","contentUrl":"https:\/\/www.waterskis.lv\/wp-content\/uploads\/2025\/01\/JUVP-logo.png","width":421,"height":202,"caption":"WATERSKIS.LV"},"image":{"@id":"https:\/\/www.waterskis.lv\/ru\/#\/schema\/logo\/image\/"},"sameAs":["https:\/\/www.facebook.com\/jurmalawaterskiwakeboardpark\/"]}]}},"_links":{"self":[{"href":"https:\/\/www.waterskis.lv\/ru\/wp-json\/wp\/v2\/product\/25967","targetHints":{"allow":["GET"]}}],"collection":[{"href":"https:\/\/www.waterskis.lv\/ru\/wp-json\/wp\/v2\/product"}],"about":[{"href":"https:\/\/www.waterskis.lv\/ru\/wp-json\/wp\/v2\/types\/product"}],"replies":[{"embeddable":true,"href":"https:\/\/www.waterskis.lv\/ru\/wp-json\/wp\/v2\/comments?post=25967"}],"wp:featuredmedia":[{"embeddable":true,"href":"https:\/\/www.waterskis.lv\/ru\/wp-json\/wp\/v2\/media\/19450"}],"wp:attachment":[{"href":"https:\/\/www.waterskis.lv\/ru\/wp-json\/wp\/v2\/media?parent=25967"}],"wp:term":[{"taxonomy":"product_brand","embeddable":true,"href":"https:\/\/www.waterskis.lv\/ru\/wp-json\/wp\/v2\/product_brand?post=25967"},{"taxonomy":"product_cat","embeddable":true,"href":"https:\/\/www.waterskis.lv\/ru\/wp-json\/wp\/v2\/product_cat?post=25967"},{"taxonomy":"product_tag","embeddable":true,"href":"https:\/\/www.waterskis.lv\/ru\/wp-json\/wp\/v2\/product_tag?post=25967"}],"curies":[{"name":"wp","href":"https:\/\/api.w.org\/{rel}","templated":true}]}}