{"id":26380,"date":"2020-11-09T21:45:22","date_gmt":"2020-11-09T18:45:22","guid":{"rendered":"https:\/\/www.waterskis.lv\/products\/kajaka-rokturis-oem\/"},"modified":"2021-01-17T07:19:32","modified_gmt":"2021-01-17T04:19:32","slug":"%d1%80%d1%83%d1%87%d0%ba%d0%b0-%d0%b4%d0%bb%d1%8f-%d0%ba%d0%b0%d1%8f%d0%ba%d0%b0-oem","status":"publish","type":"product","link":"https:\/\/www.waterskis.lv\/ru\/product\/%d1%80%d1%83%d1%87%d0%ba%d0%b0-%d0%b4%d0%bb%d1%8f-%d0%ba%d0%b0%d1%8f%d0%ba%d0%b0-oem\/","title":{"rendered":"\u0420\u0443\u0447\u043a\u0430 \u0434\u043b\u044f \u043a\u0430\u044f\u043a\u0430 ( OEM )"},"content":{"rendered":"<p>OEM-\u0440\u0443\u0447\u043a\u0430 Perception \/ Wavesport VISTA. \u0422\u0430\u043a\u0436\u0435 \u043f\u043e\u0434\u0445\u043e\u0434\u0438\u0442 \u0434\u043b\u044f \u0434\u0440\u0443\u0433\u0438\u0445 \u043c\u043e\u0434\u0435\u043b\u0435\u0439 \u043a\u0430\u044f\u043a\u043e\u0432.<\/p>\n<p>\u041f\u0440\u043e\u0438\u0437\u0432\u043e\u0434\u0438\u0442\u0435\u043b\u044c: \u041a\u0438\u0442\u0430\u0439<\/p>\n","protected":false},"excerpt":{"rendered":"<p>OEM-\u0440\u0443\u0447\u043a\u0430 Perception \/ Wavesport VISTA. \u0422\u0430\u043a\u0436\u0435 \u043f\u043e\u0434\u0445\u043e\u0434\u0438\u0442 \u0434\u043b\u044f \u0434\u0440\u0443\u0433\u0438\u0445 \u043c\u043e\u0434\u0435\u043b\u0435\u0439 \u043a\u0430\u044f\u043a\u043e\u0432. \u041f\u0440\u043e\u0438\u0437\u0432\u043e\u0434\u0438\u0442\u0435\u043b\u044c: \u041a\u0438\u0442\u0430\u0439 [&#8230;]<\/p>\n<p><a class=\"btn btn-secondary understrap-read-more-link\" href=\"https:\/\/www.waterskis.lv\/ru\/product\/%d1%80%d1%83%d1%87%d0%ba%d0%b0-%d0%b4%d0%bb%d1%8f-%d0%ba%d0%b0%d1%8f%d0%ba%d0%b0-oem\/\">\u0427\u0438\u0442\u0430\u0442\u044c \u0434\u0430\u043b\u044c\u0448\u0435\u2026<\/a><\/p>\n","protected":false},"featured_media":22392,"comment_status":"closed","ping_status":"closed","template":"","meta":{"_acf_changed":false,"inline_featured_image":false},"product_brand":[],"product_cat":[508],"product_tag":[],"class_list":{"0":"post-26380","1":"product","2":"type-product","3":"status-publish","4":"has-post-thumbnail","6":"product_cat-508","8":"first","9":"instock","10":"shipping-taxable","11":"purchasable","12":"product-type-simple"},"acf":[],"yoast_head":"<!-- This site is optimized with the Yoast SEO plugin v27.4 - https:\/\/yoast.com\/product\/yoast-seo-wordpress\/ -->\n<title>\u0420\u0443\u0447\u043a\u0430 \u0434\u043b\u044f \u043a\u0430\u044f\u043a\u0430 ( OEM ) - WATERSKIS.LV<\/title>\n<meta name=\"description\" content=\"\u0420\u0443\u0447\u043a\u0430 \u0434\u043b\u044f \u043a\u0430\u044f\u043a\u0430 ( OEM ). OEM-\u0440\u0443\u0447\u043a\u0430 Perception \/ Wavesport VISTA. \u0422\u0430\u043a\u0436\u0435 \u043f\u043e\u0434\u0445\u043e\u0434\u0438\u0442 \u0434\u043b\u044f \u0434\u0440\u0443\u0433\u0438\u0445 \u043c\u043e\u0434\u0435\u043b\u0435\u0439 \u043a\u0430\u044f\u043a\u043e\u0432.\" \/>\n<meta name=\"robots\" content=\"index, follow, max-snippet:-1, max-image-preview:large, max-video-preview:-1\" \/>\n<link rel=\"canonical\" href=\"https:\/\/www.waterskis.lv\/ru\/product\/%d1%80%d1%83%d1%87%d0%ba%d0%b0-%d0%b4%d0%bb%d1%8f-%d0%ba%d0%b0%d1%8f%d0%ba%d0%b0-oem\/\" \/>\n<meta property=\"og:locale\" content=\"ru_RU\" \/>\n<meta property=\"og:type\" content=\"article\" \/>\n<meta property=\"og:title\" content=\"\u0420\u0443\u0447\u043a\u0430 \u0434\u043b\u044f \u043a\u0430\u044f\u043a\u0430 ( OEM ) - WATERSKIS.LV\" \/>\n<meta property=\"og:description\" content=\"\u0420\u0443\u0447\u043a\u0430 \u0434\u043b\u044f \u043a\u0430\u044f\u043a\u0430 ( OEM ). OEM-\u0440\u0443\u0447\u043a\u0430 Perception \/ Wavesport VISTA. \u0422\u0430\u043a\u0436\u0435 \u043f\u043e\u0434\u0445\u043e\u0434\u0438\u0442 \u0434\u043b\u044f \u0434\u0440\u0443\u0433\u0438\u0445 \u043c\u043e\u0434\u0435\u043b\u0435\u0439 \u043a\u0430\u044f\u043a\u043e\u0432.\" \/>\n<meta property=\"og:url\" content=\"https:\/\/www.waterskis.lv\/ru\/product\/%d1%80%d1%83%d1%87%d0%ba%d0%b0-%d0%b4%d0%bb%d1%8f-%d0%ba%d0%b0%d1%8f%d0%ba%d0%b0-oem\/\" \/>\n<meta property=\"og:site_name\" content=\"WATERSKIS.LV\" \/>\n<meta property=\"article:publisher\" content=\"https:\/\/www.facebook.com\/jurmalawaterskiwakeboardpark\/\" \/>\n<meta property=\"article:modified_time\" content=\"2021-01-17T04:19:32+00:00\" \/>\n<meta property=\"og:image\" content=\"https:\/\/www.waterskis.lv\/wp-content\/uploads\/2020\/11\/kayak-handle-oem.jpg\" \/>\n\t<meta property=\"og:image:width\" content=\"1000\" \/>\n\t<meta property=\"og:image:height\" content=\"1000\" \/>\n\t<meta property=\"og:image:type\" content=\"image\/jpeg\" \/>\n<meta name=\"twitter:card\" content=\"summary_large_image\" \/>\n<script type=\"application\/ld+json\" class=\"yoast-schema-graph\">{\"@context\":\"https:\\\/\\\/schema.org\",\"@graph\":[{\"@type\":\"WebPage\",\"@id\":\"https:\\\/\\\/www.waterskis.lv\\\/ru\\\/product\\\/%d1%80%d1%83%d1%87%d0%ba%d0%b0-%d0%b4%d0%bb%d1%8f-%d0%ba%d0%b0%d1%8f%d0%ba%d0%b0-oem\\\/\",\"url\":\"https:\\\/\\\/www.waterskis.lv\\\/ru\\\/product\\\/%d1%80%d1%83%d1%87%d0%ba%d0%b0-%d0%b4%d0%bb%d1%8f-%d0%ba%d0%b0%d1%8f%d0%ba%d0%b0-oem\\\/\",\"name\":\"\u0420\u0443\u0447\u043a\u0430 \u0434\u043b\u044f \u043a\u0430\u044f\u043a\u0430 ( OEM ) - WATERSKIS.LV\",\"isPartOf\":{\"@id\":\"https:\\\/\\\/www.waterskis.lv\\\/ru\\\/#website\"},\"primaryImageOfPage\":{\"@id\":\"https:\\\/\\\/www.waterskis.lv\\\/ru\\\/product\\\/%d1%80%d1%83%d1%87%d0%ba%d0%b0-%d0%b4%d0%bb%d1%8f-%d0%ba%d0%b0%d1%8f%d0%ba%d0%b0-oem\\\/#primaryimage\"},\"image\":{\"@id\":\"https:\\\/\\\/www.waterskis.lv\\\/ru\\\/product\\\/%d1%80%d1%83%d1%87%d0%ba%d0%b0-%d0%b4%d0%bb%d1%8f-%d0%ba%d0%b0%d1%8f%d0%ba%d0%b0-oem\\\/#primaryimage\"},\"thumbnailUrl\":\"https:\\\/\\\/www.waterskis.lv\\\/wp-content\\\/uploads\\\/2020\\\/11\\\/kayak-handle-oem.jpg\",\"datePublished\":\"2020-11-09T18:45:22+00:00\",\"dateModified\":\"2021-01-17T04:19:32+00:00\",\"description\":\"\u0420\u0443\u0447\u043a\u0430 \u0434\u043b\u044f \u043a\u0430\u044f\u043a\u0430 ( OEM ). OEM-\u0440\u0443\u0447\u043a\u0430 Perception \\\/ Wavesport VISTA. \u0422\u0430\u043a\u0436\u0435 \u043f\u043e\u0434\u0445\u043e\u0434\u0438\u0442 \u0434\u043b\u044f \u0434\u0440\u0443\u0433\u0438\u0445 \u043c\u043e\u0434\u0435\u043b\u0435\u0439 \u043a\u0430\u044f\u043a\u043e\u0432.\",\"breadcrumb\":{\"@id\":\"https:\\\/\\\/www.waterskis.lv\\\/ru\\\/product\\\/%d1%80%d1%83%d1%87%d0%ba%d0%b0-%d0%b4%d0%bb%d1%8f-%d0%ba%d0%b0%d1%8f%d0%ba%d0%b0-oem\\\/#breadcrumb\"},\"inLanguage\":\"ru-RU\",\"potentialAction\":[{\"@type\":\"ReadAction\",\"target\":[\"https:\\\/\\\/www.waterskis.lv\\\/ru\\\/product\\\/%d1%80%d1%83%d1%87%d0%ba%d0%b0-%d0%b4%d0%bb%d1%8f-%d0%ba%d0%b0%d1%8f%d0%ba%d0%b0-oem\\\/\"]}]},{\"@type\":\"ImageObject\",\"inLanguage\":\"ru-RU\",\"@id\":\"https:\\\/\\\/www.waterskis.lv\\\/ru\\\/product\\\/%d1%80%d1%83%d1%87%d0%ba%d0%b0-%d0%b4%d0%bb%d1%8f-%d0%ba%d0%b0%d1%8f%d0%ba%d0%b0-oem\\\/#primaryimage\",\"url\":\"https:\\\/\\\/www.waterskis.lv\\\/wp-content\\\/uploads\\\/2020\\\/11\\\/kayak-handle-oem.jpg\",\"contentUrl\":\"https:\\\/\\\/www.waterskis.lv\\\/wp-content\\\/uploads\\\/2020\\\/11\\\/kayak-handle-oem.jpg\",\"width\":1000,\"height\":1000,\"caption\":\"\u0420\u0443\u0447\u043a\u0430 \u0434\u043b\u044f \u043a\u0430\u044f\u043a\u0430 ( OEM )\"},{\"@type\":\"BreadcrumbList\",\"@id\":\"https:\\\/\\\/www.waterskis.lv\\\/ru\\\/product\\\/%d1%80%d1%83%d1%87%d0%ba%d0%b0-%d0%b4%d0%bb%d1%8f-%d0%ba%d0%b0%d1%8f%d0%ba%d0%b0-oem\\\/#breadcrumb\",\"itemListElement\":[{\"@type\":\"ListItem\",\"position\":1,\"name\":\"Home\",\"item\":\"https:\\\/\\\/www.waterskis.lv\\\/ru\\\/\"},{\"@type\":\"ListItem\",\"position\":2,\"name\":\"\u041c\u0430\u0433\u0430\u0437\u0438\u043d\",\"item\":\"https:\\\/\\\/www.waterskis.lv\\\/ru\\\/%d0%bc%d0%b0%d0%b3%d0%b0%d0%b7%d0%b8%d0%bd\\\/\"},{\"@type\":\"ListItem\",\"position\":3,\"name\":\"\u0420\u0443\u0447\u043a\u0430 \u0434\u043b\u044f \u043a\u0430\u044f\u043a\u0430 ( OEM )\"}]},{\"@type\":\"WebSite\",\"@id\":\"https:\\\/\\\/www.waterskis.lv\\\/ru\\\/#website\",\"url\":\"https:\\\/\\\/www.waterskis.lv\\\/ru\\\/\",\"name\":\"WATERSKIS.LV\",\"description\":\"SUP d\u0113\u013ci, kajaki, kanoe, airu laivas, \u016bdenssl\u0113po\u0161ana, veikbords, SUP d\u0113\u013cu noma, kajaku nomaakt\u012bv\u0101s atp\u016btas centrs, laivu noma, sup noma, kajaku noma\",\"publisher\":{\"@id\":\"https:\\\/\\\/www.waterskis.lv\\\/ru\\\/#organization\"},\"potentialAction\":[{\"@type\":\"SearchAction\",\"target\":{\"@type\":\"EntryPoint\",\"urlTemplate\":\"https:\\\/\\\/www.waterskis.lv\\\/ru\\\/?s={search_term_string}\"},\"query-input\":{\"@type\":\"PropertyValueSpecification\",\"valueRequired\":true,\"valueName\":\"search_term_string\"}}],\"inLanguage\":\"ru-RU\"},{\"@type\":\"Organization\",\"@id\":\"https:\\\/\\\/www.waterskis.lv\\\/ru\\\/#organization\",\"name\":\"WATERSKIS.LV\",\"url\":\"https:\\\/\\\/www.waterskis.lv\\\/ru\\\/\",\"logo\":{\"@type\":\"ImageObject\",\"inLanguage\":\"ru-RU\",\"@id\":\"https:\\\/\\\/www.waterskis.lv\\\/ru\\\/#\\\/schema\\\/logo\\\/image\\\/\",\"url\":\"https:\\\/\\\/www.waterskis.lv\\\/wp-content\\\/uploads\\\/2025\\\/01\\\/JUVP-logo.png\",\"contentUrl\":\"https:\\\/\\\/www.waterskis.lv\\\/wp-content\\\/uploads\\\/2025\\\/01\\\/JUVP-logo.png\",\"width\":421,\"height\":202,\"caption\":\"WATERSKIS.LV\"},\"image\":{\"@id\":\"https:\\\/\\\/www.waterskis.lv\\\/ru\\\/#\\\/schema\\\/logo\\\/image\\\/\"},\"sameAs\":[\"https:\\\/\\\/www.facebook.com\\\/jurmalawaterskiwakeboardpark\\\/\"]}]}<\/script>\n<!-- \/ Yoast SEO plugin. -->","yoast_head_json":{"title":"\u0420\u0443\u0447\u043a\u0430 \u0434\u043b\u044f \u043a\u0430\u044f\u043a\u0430 ( OEM ) - WATERSKIS.LV","description":"\u0420\u0443\u0447\u043a\u0430 \u0434\u043b\u044f \u043a\u0430\u044f\u043a\u0430 ( OEM ). OEM-\u0440\u0443\u0447\u043a\u0430 Perception \/ Wavesport VISTA. \u0422\u0430\u043a\u0436\u0435 \u043f\u043e\u0434\u0445\u043e\u0434\u0438\u0442 \u0434\u043b\u044f \u0434\u0440\u0443\u0433\u0438\u0445 \u043c\u043e\u0434\u0435\u043b\u0435\u0439 \u043a\u0430\u044f\u043a\u043e\u0432.","robots":{"index":"index","follow":"follow","max-snippet":"max-snippet:-1","max-image-preview":"max-image-preview:large","max-video-preview":"max-video-preview:-1"},"canonical":"https:\/\/www.waterskis.lv\/ru\/product\/%d1%80%d1%83%d1%87%d0%ba%d0%b0-%d0%b4%d0%bb%d1%8f-%d0%ba%d0%b0%d1%8f%d0%ba%d0%b0-oem\/","og_locale":"ru_RU","og_type":"article","og_title":"\u0420\u0443\u0447\u043a\u0430 \u0434\u043b\u044f \u043a\u0430\u044f\u043a\u0430 ( OEM ) - WATERSKIS.LV","og_description":"\u0420\u0443\u0447\u043a\u0430 \u0434\u043b\u044f \u043a\u0430\u044f\u043a\u0430 ( OEM ). OEM-\u0440\u0443\u0447\u043a\u0430 Perception \/ Wavesport VISTA. \u0422\u0430\u043a\u0436\u0435 \u043f\u043e\u0434\u0445\u043e\u0434\u0438\u0442 \u0434\u043b\u044f \u0434\u0440\u0443\u0433\u0438\u0445 \u043c\u043e\u0434\u0435\u043b\u0435\u0439 \u043a\u0430\u044f\u043a\u043e\u0432.","og_url":"https:\/\/www.waterskis.lv\/ru\/product\/%d1%80%d1%83%d1%87%d0%ba%d0%b0-%d0%b4%d0%bb%d1%8f-%d0%ba%d0%b0%d1%8f%d0%ba%d0%b0-oem\/","og_site_name":"WATERSKIS.LV","article_publisher":"https:\/\/www.facebook.com\/jurmalawaterskiwakeboardpark\/","article_modified_time":"2021-01-17T04:19:32+00:00","og_image":[{"width":1000,"height":1000,"url":"https:\/\/www.waterskis.lv\/wp-content\/uploads\/2020\/11\/kayak-handle-oem.jpg","type":"image\/jpeg"}],"twitter_card":"summary_large_image","schema":{"@context":"https:\/\/schema.org","@graph":[{"@type":"WebPage","@id":"https:\/\/www.waterskis.lv\/ru\/product\/%d1%80%d1%83%d1%87%d0%ba%d0%b0-%d0%b4%d0%bb%d1%8f-%d0%ba%d0%b0%d1%8f%d0%ba%d0%b0-oem\/","url":"https:\/\/www.waterskis.lv\/ru\/product\/%d1%80%d1%83%d1%87%d0%ba%d0%b0-%d0%b4%d0%bb%d1%8f-%d0%ba%d0%b0%d1%8f%d0%ba%d0%b0-oem\/","name":"\u0420\u0443\u0447\u043a\u0430 \u0434\u043b\u044f \u043a\u0430\u044f\u043a\u0430 ( OEM ) - WATERSKIS.LV","isPartOf":{"@id":"https:\/\/www.waterskis.lv\/ru\/#website"},"primaryImageOfPage":{"@id":"https:\/\/www.waterskis.lv\/ru\/product\/%d1%80%d1%83%d1%87%d0%ba%d0%b0-%d0%b4%d0%bb%d1%8f-%d0%ba%d0%b0%d1%8f%d0%ba%d0%b0-oem\/#primaryimage"},"image":{"@id":"https:\/\/www.waterskis.lv\/ru\/product\/%d1%80%d1%83%d1%87%d0%ba%d0%b0-%d0%b4%d0%bb%d1%8f-%d0%ba%d0%b0%d1%8f%d0%ba%d0%b0-oem\/#primaryimage"},"thumbnailUrl":"https:\/\/www.waterskis.lv\/wp-content\/uploads\/2020\/11\/kayak-handle-oem.jpg","datePublished":"2020-11-09T18:45:22+00:00","dateModified":"2021-01-17T04:19:32+00:00","description":"\u0420\u0443\u0447\u043a\u0430 \u0434\u043b\u044f \u043a\u0430\u044f\u043a\u0430 ( OEM ). OEM-\u0440\u0443\u0447\u043a\u0430 Perception \/ Wavesport VISTA. \u0422\u0430\u043a\u0436\u0435 \u043f\u043e\u0434\u0445\u043e\u0434\u0438\u0442 \u0434\u043b\u044f \u0434\u0440\u0443\u0433\u0438\u0445 \u043c\u043e\u0434\u0435\u043b\u0435\u0439 \u043a\u0430\u044f\u043a\u043e\u0432.","breadcrumb":{"@id":"https:\/\/www.waterskis.lv\/ru\/product\/%d1%80%d1%83%d1%87%d0%ba%d0%b0-%d0%b4%d0%bb%d1%8f-%d0%ba%d0%b0%d1%8f%d0%ba%d0%b0-oem\/#breadcrumb"},"inLanguage":"ru-RU","potentialAction":[{"@type":"ReadAction","target":["https:\/\/www.waterskis.lv\/ru\/product\/%d1%80%d1%83%d1%87%d0%ba%d0%b0-%d0%b4%d0%bb%d1%8f-%d0%ba%d0%b0%d1%8f%d0%ba%d0%b0-oem\/"]}]},{"@type":"ImageObject","inLanguage":"ru-RU","@id":"https:\/\/www.waterskis.lv\/ru\/product\/%d1%80%d1%83%d1%87%d0%ba%d0%b0-%d0%b4%d0%bb%d1%8f-%d0%ba%d0%b0%d1%8f%d0%ba%d0%b0-oem\/#primaryimage","url":"https:\/\/www.waterskis.lv\/wp-content\/uploads\/2020\/11\/kayak-handle-oem.jpg","contentUrl":"https:\/\/www.waterskis.lv\/wp-content\/uploads\/2020\/11\/kayak-handle-oem.jpg","width":1000,"height":1000,"caption":"\u0420\u0443\u0447\u043a\u0430 \u0434\u043b\u044f \u043a\u0430\u044f\u043a\u0430 ( OEM )"},{"@type":"BreadcrumbList","@id":"https:\/\/www.waterskis.lv\/ru\/product\/%d1%80%d1%83%d1%87%d0%ba%d0%b0-%d0%b4%d0%bb%d1%8f-%d0%ba%d0%b0%d1%8f%d0%ba%d0%b0-oem\/#breadcrumb","itemListElement":[{"@type":"ListItem","position":1,"name":"Home","item":"https:\/\/www.waterskis.lv\/ru\/"},{"@type":"ListItem","position":2,"name":"\u041c\u0430\u0433\u0430\u0437\u0438\u043d","item":"https:\/\/www.waterskis.lv\/ru\/%d0%bc%d0%b0%d0%b3%d0%b0%d0%b7%d0%b8%d0%bd\/"},{"@type":"ListItem","position":3,"name":"\u0420\u0443\u0447\u043a\u0430 \u0434\u043b\u044f \u043a\u0430\u044f\u043a\u0430 ( OEM )"}]},{"@type":"WebSite","@id":"https:\/\/www.waterskis.lv\/ru\/#website","url":"https:\/\/www.waterskis.lv\/ru\/","name":"WATERSKIS.LV","description":"SUP d\u0113\u013ci, kajaki, kanoe, airu laivas, \u016bdenssl\u0113po\u0161ana, veikbords, SUP d\u0113\u013cu noma, kajaku nomaakt\u012bv\u0101s atp\u016btas centrs, laivu noma, sup noma, kajaku noma","publisher":{"@id":"https:\/\/www.waterskis.lv\/ru\/#organization"},"potentialAction":[{"@type":"SearchAction","target":{"@type":"EntryPoint","urlTemplate":"https:\/\/www.waterskis.lv\/ru\/?s={search_term_string}"},"query-input":{"@type":"PropertyValueSpecification","valueRequired":true,"valueName":"search_term_string"}}],"inLanguage":"ru-RU"},{"@type":"Organization","@id":"https:\/\/www.waterskis.lv\/ru\/#organization","name":"WATERSKIS.LV","url":"https:\/\/www.waterskis.lv\/ru\/","logo":{"@type":"ImageObject","inLanguage":"ru-RU","@id":"https:\/\/www.waterskis.lv\/ru\/#\/schema\/logo\/image\/","url":"https:\/\/www.waterskis.lv\/wp-content\/uploads\/2025\/01\/JUVP-logo.png","contentUrl":"https:\/\/www.waterskis.lv\/wp-content\/uploads\/2025\/01\/JUVP-logo.png","width":421,"height":202,"caption":"WATERSKIS.LV"},"image":{"@id":"https:\/\/www.waterskis.lv\/ru\/#\/schema\/logo\/image\/"},"sameAs":["https:\/\/www.facebook.com\/jurmalawaterskiwakeboardpark\/"]}]}},"_links":{"self":[{"href":"https:\/\/www.waterskis.lv\/ru\/wp-json\/wp\/v2\/product\/26380","targetHints":{"allow":["GET"]}}],"collection":[{"href":"https:\/\/www.waterskis.lv\/ru\/wp-json\/wp\/v2\/product"}],"about":[{"href":"https:\/\/www.waterskis.lv\/ru\/wp-json\/wp\/v2\/types\/product"}],"replies":[{"embeddable":true,"href":"https:\/\/www.waterskis.lv\/ru\/wp-json\/wp\/v2\/comments?post=26380"}],"wp:featuredmedia":[{"embeddable":true,"href":"https:\/\/www.waterskis.lv\/ru\/wp-json\/wp\/v2\/media\/22392"}],"wp:attachment":[{"href":"https:\/\/www.waterskis.lv\/ru\/wp-json\/wp\/v2\/media?parent=26380"}],"wp:term":[{"taxonomy":"product_brand","embeddable":true,"href":"https:\/\/www.waterskis.lv\/ru\/wp-json\/wp\/v2\/product_brand?post=26380"},{"taxonomy":"product_cat","embeddable":true,"href":"https:\/\/www.waterskis.lv\/ru\/wp-json\/wp\/v2\/product_cat?post=26380"},{"taxonomy":"product_tag","embeddable":true,"href":"https:\/\/www.waterskis.lv\/ru\/wp-json\/wp\/v2\/product_tag?post=26380"}],"curies":[{"name":"wp","href":"https:\/\/api.w.org\/{rel}","templated":true}]}}