{"id":26423,"date":"2020-11-11T14:38:15","date_gmt":"2020-11-11T11:38:15","guid":{"rendered":"https:\/\/www.waterskis.lv\/products\/hermetisks-maiss-50l\/"},"modified":"2022-08-20T15:51:09","modified_gmt":"2022-08-20T12:51:09","slug":"%d0%b3%d0%b5%d1%80%d0%bc%d0%b5%d1%82%d0%b8%d1%87%d0%bd%d1%8b%d0%b9-%d0%bc%d0%b5%d1%88%d0%be%d0%ba-50%d0%bb","status":"publish","type":"product","link":"https:\/\/www.waterskis.lv\/ru\/product\/%d0%b3%d0%b5%d1%80%d0%bc%d0%b5%d1%82%d0%b8%d1%87%d0%bd%d1%8b%d0%b9-%d0%bc%d0%b5%d1%88%d0%be%d0%ba-50%d0%bb\/","title":{"rendered":"\u0413\u0435\u0440\u043c\u0435\u0442\u0438\u0447\u043d\u044b\u0439 \u043c\u0435\u0448\u043e\u043a 50\u043b"},"content":{"rendered":"<p>\u0413\u0435\u0440\u043c\u0435\u0442\u0438\u0447\u043d\u044b\u0439 \u043c\u0435\u0448\u043e\u043a 50\u043b<\/p>\n<p>\u041f\u0440\u043e\u0447\u043d\u044b\u0439 \u0433\u0435\u0440\u043c\u0435\u0442\u0438\u0447\u043d\u044b\u0439 \u043c\u0435\u0448\u043e\u043a \u0438\u0437 \u041f\u0412\u0425<\/p>\n<p>\u0422\u0438\u043f \u0413\u0435\u0440\u043c\u0435\u0442\u0438\u0447\u043d\u044b\u0439 \u043c\u0435\u0448\u043e\u043a<br \/>\n\u041c\u0430\u0442\u0435\u0440\u0438\u0430\u043b \u041f\u0412\u0425<br \/>\n\u041e\u0431\u044a\u0435\u043c 50 \u043b<\/p>\n<p>\u0426\u0432\u0435\u0442: \u0441\u0438\u043d\u0438\u0439, \u043a\u0440\u0430\u0441\u043d\u044b\u0439, \u0436\u0435\u043b\u0442\u044b\u0439, \u0437\u0435\u043b\u0435\u043d\u044b\u0439<\/p>\n","protected":false},"excerpt":{"rendered":"<p>\u0413\u0435\u0440\u043c\u0435\u0442\u0438\u0447\u043d\u044b\u0439 \u043c\u0435\u0448\u043e\u043a 50\u043b \u041f\u0440\u043e\u0447\u043d\u044b\u0439 \u0433\u0435\u0440\u043c\u0435\u0442\u0438\u0447\u043d\u044b\u0439 \u043c\u0435\u0448\u043e\u043a \u0438\u0437 \u041f\u0412\u0425 \u0422\u0438\u043f \u0413\u0435\u0440\u043c\u0435\u0442\u0438\u0447\u043d\u044b\u0439 \u043c\u0435\u0448\u043e\u043a \u041c\u0430\u0442\u0435\u0440\u0438\u0430\u043b \u041f\u0412\u0425 \u041e\u0431\u044a\u0435\u043c 50 \u043b \u0426\u0432\u0435\u0442: \u0441\u0438\u043d\u0438\u0439, \u043a\u0440\u0430\u0441\u043d\u044b\u0439, \u0436\u0435\u043b\u0442\u044b\u0439, \u0437\u0435\u043b\u0435\u043d\u044b\u0439 [&#8230;]<\/p>\n<p><a class=\"btn btn-secondary understrap-read-more-link\" href=\"https:\/\/www.waterskis.lv\/ru\/product\/%d0%b3%d0%b5%d1%80%d0%bc%d0%b5%d1%82%d0%b8%d1%87%d0%bd%d1%8b%d0%b9-%d0%bc%d0%b5%d1%88%d0%be%d0%ba-50%d0%bb\/\">\u0427\u0438\u0442\u0430\u0442\u044c \u0434\u0430\u043b\u044c\u0448\u0435\u2026<\/a><\/p>\n","protected":false},"featured_media":22658,"comment_status":"closed","ping_status":"closed","template":"","meta":{"_acf_changed":false,"inline_featured_image":false},"product_brand":[],"product_cat":[362],"product_tag":[],"class_list":{"0":"post-26423","1":"product","2":"type-product","3":"status-publish","4":"has-post-thumbnail","6":"product_cat-c","8":"first","9":"instock","10":"sale","11":"shipping-taxable","12":"purchasable","13":"product-type-simple"},"acf":[],"yoast_head":"<!-- This site is optimized with the Yoast SEO plugin v27.2 - https:\/\/yoast.com\/product\/yoast-seo-wordpress\/ -->\n<title>\u0413\u0435\u0440\u043c\u0435\u0442\u0438\u0447\u043d\u044b\u0439 \u043c\u0435\u0448\u043e\u043a 50\u043b - WATERSKIS.LV<\/title>\n<meta name=\"description\" content=\"\u0413\u0435\u0440\u043c\u0435\u0442\u0438\u0447\u043d\u044b\u0439 \u043c\u0435\u0448\u043e\u043a 50\u043b. Waterskis.lv - SUP \u0434\u043e\u0441\u043a\u0438, \u0421\u0410\u041f \u0431\u043e\u0440\u0434\u044b, \u0431\u0430\u0439\u0434\u0430\u0440\u043a\u0438, \u043b\u043e\u0434\u043a\u0438, \u0430\u043a\u0441\u0435\u0441\u0441\u0443\u0430\u0440\u044b. \u041f\u043e\u043a\u0443\u043f\u0430\u0439\u0442\u0435, \u0430\u0440\u0435\u043d\u0434\u0443\u0439\u0442\u0435. Waterskis.lv\" \/>\n<meta name=\"robots\" content=\"index, follow, max-snippet:-1, max-image-preview:large, max-video-preview:-1\" \/>\n<link rel=\"canonical\" href=\"https:\/\/www.waterskis.lv\/ru\/product\/%d0%b3%d0%b5%d1%80%d0%bc%d0%b5%d1%82%d0%b8%d1%87%d0%bd%d1%8b%d0%b9-%d0%bc%d0%b5%d1%88%d0%be%d0%ba-50%d0%bb\/\" \/>\n<meta property=\"og:locale\" content=\"ru_RU\" \/>\n<meta property=\"og:type\" content=\"article\" \/>\n<meta property=\"og:title\" content=\"\u0413\u0435\u0440\u043c\u0435\u0442\u0438\u0447\u043d\u044b\u0439 \u043c\u0435\u0448\u043e\u043a 50\u043b - WATERSKIS.LV\" \/>\n<meta property=\"og:description\" content=\"\u0413\u0435\u0440\u043c\u0435\u0442\u0438\u0447\u043d\u044b\u0439 \u043c\u0435\u0448\u043e\u043a 50\u043b. Waterskis.lv - SUP \u0434\u043e\u0441\u043a\u0438, \u0421\u0410\u041f \u0431\u043e\u0440\u0434\u044b, \u0431\u0430\u0439\u0434\u0430\u0440\u043a\u0438, \u043b\u043e\u0434\u043a\u0438, \u0430\u043a\u0441\u0435\u0441\u0441\u0443\u0430\u0440\u044b. \u041f\u043e\u043a\u0443\u043f\u0430\u0439\u0442\u0435, \u0430\u0440\u0435\u043d\u0434\u0443\u0439\u0442\u0435. Waterskis.lv\" \/>\n<meta property=\"og:url\" content=\"https:\/\/www.waterskis.lv\/ru\/product\/%d0%b3%d0%b5%d1%80%d0%bc%d0%b5%d1%82%d0%b8%d1%87%d0%bd%d1%8b%d0%b9-%d0%bc%d0%b5%d1%88%d0%be%d0%ba-50%d0%bb\/\" \/>\n<meta property=\"og:site_name\" content=\"WATERSKIS.LV\" \/>\n<meta property=\"article:publisher\" content=\"https:\/\/www.facebook.com\/jurmalawaterskiwakeboardpark\/\" \/>\n<meta property=\"article:modified_time\" content=\"2022-08-20T12:51:09+00:00\" \/>\n<meta property=\"og:image\" content=\"https:\/\/www.waterskis.lv\/wp-content\/uploads\/2020\/11\/dry-bag-50-l.png\" \/>\n\t<meta property=\"og:image:width\" content=\"1000\" \/>\n\t<meta property=\"og:image:height\" content=\"1000\" \/>\n\t<meta property=\"og:image:type\" content=\"image\/png\" \/>\n<meta name=\"twitter:card\" content=\"summary_large_image\" \/>\n<meta name=\"twitter:label1\" content=\"\u041f\u0440\u0438\u043c\u0435\u0440\u043d\u043e\u0435 \u0432\u0440\u0435\u043c\u044f \u0434\u043b\u044f \u0447\u0442\u0435\u043d\u0438\u044f\" \/>\n\t<meta name=\"twitter:data1\" content=\"1 \u043c\u0438\u043d\u0443\u0442\u0430\" \/>\n<script type=\"application\/ld+json\" class=\"yoast-schema-graph\">{\"@context\":\"https:\/\/schema.org\",\"@graph\":[{\"@type\":\"WebPage\",\"@id\":\"https:\/\/www.waterskis.lv\/ru\/product\/%d0%b3%d0%b5%d1%80%d0%bc%d0%b5%d1%82%d0%b8%d1%87%d0%bd%d1%8b%d0%b9-%d0%bc%d0%b5%d1%88%d0%be%d0%ba-50%d0%bb\/\",\"url\":\"https:\/\/www.waterskis.lv\/ru\/product\/%d0%b3%d0%b5%d1%80%d0%bc%d0%b5%d1%82%d0%b8%d1%87%d0%bd%d1%8b%d0%b9-%d0%bc%d0%b5%d1%88%d0%be%d0%ba-50%d0%bb\/\",\"name\":\"\u0413\u0435\u0440\u043c\u0435\u0442\u0438\u0447\u043d\u044b\u0439 \u043c\u0435\u0448\u043e\u043a 50\u043b - WATERSKIS.LV\",\"isPartOf\":{\"@id\":\"https:\/\/www.waterskis.lv\/ru\/#website\"},\"primaryImageOfPage\":{\"@id\":\"https:\/\/www.waterskis.lv\/ru\/product\/%d0%b3%d0%b5%d1%80%d0%bc%d0%b5%d1%82%d0%b8%d1%87%d0%bd%d1%8b%d0%b9-%d0%bc%d0%b5%d1%88%d0%be%d0%ba-50%d0%bb\/#primaryimage\"},\"image\":{\"@id\":\"https:\/\/www.waterskis.lv\/ru\/product\/%d0%b3%d0%b5%d1%80%d0%bc%d0%b5%d1%82%d0%b8%d1%87%d0%bd%d1%8b%d0%b9-%d0%bc%d0%b5%d1%88%d0%be%d0%ba-50%d0%bb\/#primaryimage\"},\"thumbnailUrl\":\"https:\/\/www.waterskis.lv\/wp-content\/uploads\/2020\/11\/dry-bag-50-l.png\",\"datePublished\":\"2020-11-11T11:38:15+00:00\",\"dateModified\":\"2022-08-20T12:51:09+00:00\",\"description\":\"\u0413\u0435\u0440\u043c\u0435\u0442\u0438\u0447\u043d\u044b\u0439 \u043c\u0435\u0448\u043e\u043a 50\u043b. Waterskis.lv - SUP \u0434\u043e\u0441\u043a\u0438, \u0421\u0410\u041f \u0431\u043e\u0440\u0434\u044b, \u0431\u0430\u0439\u0434\u0430\u0440\u043a\u0438, \u043b\u043e\u0434\u043a\u0438, \u0430\u043a\u0441\u0435\u0441\u0441\u0443\u0430\u0440\u044b. \u041f\u043e\u043a\u0443\u043f\u0430\u0439\u0442\u0435, \u0430\u0440\u0435\u043d\u0434\u0443\u0439\u0442\u0435. Waterskis.lv\",\"breadcrumb\":{\"@id\":\"https:\/\/www.waterskis.lv\/ru\/product\/%d0%b3%d0%b5%d1%80%d0%bc%d0%b5%d1%82%d0%b8%d1%87%d0%bd%d1%8b%d0%b9-%d0%bc%d0%b5%d1%88%d0%be%d0%ba-50%d0%bb\/#breadcrumb\"},\"inLanguage\":\"ru-RU\",\"potentialAction\":[{\"@type\":\"ReadAction\",\"target\":[\"https:\/\/www.waterskis.lv\/ru\/product\/%d0%b3%d0%b5%d1%80%d0%bc%d0%b5%d1%82%d0%b8%d1%87%d0%bd%d1%8b%d0%b9-%d0%bc%d0%b5%d1%88%d0%be%d0%ba-50%d0%bb\/\"]}]},{\"@type\":\"ImageObject\",\"inLanguage\":\"ru-RU\",\"@id\":\"https:\/\/www.waterskis.lv\/ru\/product\/%d0%b3%d0%b5%d1%80%d0%bc%d0%b5%d1%82%d0%b8%d1%87%d0%bd%d1%8b%d0%b9-%d0%bc%d0%b5%d1%88%d0%be%d0%ba-50%d0%bb\/#primaryimage\",\"url\":\"https:\/\/www.waterskis.lv\/wp-content\/uploads\/2020\/11\/dry-bag-50-l.png\",\"contentUrl\":\"https:\/\/www.waterskis.lv\/wp-content\/uploads\/2020\/11\/dry-bag-50-l.png\",\"width\":1000,\"height\":1000,\"caption\":\"\u0413\u0435\u0440\u043c\u0435\u0442\u0438\u0447\u043d\u044b\u0439 \u043c\u0435\u0448\u043e\u043a 50\u043b\"},{\"@type\":\"BreadcrumbList\",\"@id\":\"https:\/\/www.waterskis.lv\/ru\/product\/%d0%b3%d0%b5%d1%80%d0%bc%d0%b5%d1%82%d0%b8%d1%87%d0%bd%d1%8b%d0%b9-%d0%bc%d0%b5%d1%88%d0%be%d0%ba-50%d0%bb\/#breadcrumb\",\"itemListElement\":[{\"@type\":\"ListItem\",\"position\":1,\"name\":\"Home\",\"item\":\"https:\/\/www.waterskis.lv\/ru\/\"},{\"@type\":\"ListItem\",\"position\":2,\"name\":\"\u041c\u0430\u0433\u0430\u0437\u0438\u043d\",\"item\":\"https:\/\/www.waterskis.lv\/ru\/%d0%bc%d0%b0%d0%b3%d0%b0%d0%b7%d0%b8%d0%bd\/\"},{\"@type\":\"ListItem\",\"position\":3,\"name\":\"\u0413\u0435\u0440\u043c\u0435\u0442\u0438\u0447\u043d\u044b\u0439 \u043c\u0435\u0448\u043e\u043a 50\u043b\"}]},{\"@type\":\"WebSite\",\"@id\":\"https:\/\/www.waterskis.lv\/ru\/#website\",\"url\":\"https:\/\/www.waterskis.lv\/ru\/\",\"name\":\"WATERSKIS.LV\",\"description\":\"SUP d\u0113\u013ci, kajaki, kanoe, airu laivas, \u016bdenssl\u0113po\u0161ana, veikbords, SUP d\u0113\u013cu noma, kajaku nomaakt\u012bv\u0101s atp\u016btas centrs, laivu noma, sup noma, kajaku noma\",\"publisher\":{\"@id\":\"https:\/\/www.waterskis.lv\/ru\/#organization\"},\"potentialAction\":[{\"@type\":\"SearchAction\",\"target\":{\"@type\":\"EntryPoint\",\"urlTemplate\":\"https:\/\/www.waterskis.lv\/ru\/?s={search_term_string}\"},\"query-input\":{\"@type\":\"PropertyValueSpecification\",\"valueRequired\":true,\"valueName\":\"search_term_string\"}}],\"inLanguage\":\"ru-RU\"},{\"@type\":\"Organization\",\"@id\":\"https:\/\/www.waterskis.lv\/ru\/#organization\",\"name\":\"WATERSKIS.LV\",\"url\":\"https:\/\/www.waterskis.lv\/ru\/\",\"logo\":{\"@type\":\"ImageObject\",\"inLanguage\":\"ru-RU\",\"@id\":\"https:\/\/www.waterskis.lv\/ru\/#\/schema\/logo\/image\/\",\"url\":\"https:\/\/www.waterskis.lv\/wp-content\/uploads\/2025\/01\/JUVP-logo.png\",\"contentUrl\":\"https:\/\/www.waterskis.lv\/wp-content\/uploads\/2025\/01\/JUVP-logo.png\",\"width\":421,\"height\":202,\"caption\":\"WATERSKIS.LV\"},\"image\":{\"@id\":\"https:\/\/www.waterskis.lv\/ru\/#\/schema\/logo\/image\/\"},\"sameAs\":[\"https:\/\/www.facebook.com\/jurmalawaterskiwakeboardpark\/\"]}]}<\/script>\n<!-- \/ Yoast SEO plugin. -->","yoast_head_json":{"title":"\u0413\u0435\u0440\u043c\u0435\u0442\u0438\u0447\u043d\u044b\u0439 \u043c\u0435\u0448\u043e\u043a 50\u043b - WATERSKIS.LV","description":"\u0413\u0435\u0440\u043c\u0435\u0442\u0438\u0447\u043d\u044b\u0439 \u043c\u0435\u0448\u043e\u043a 50\u043b. Waterskis.lv - SUP \u0434\u043e\u0441\u043a\u0438, \u0421\u0410\u041f \u0431\u043e\u0440\u0434\u044b, \u0431\u0430\u0439\u0434\u0430\u0440\u043a\u0438, \u043b\u043e\u0434\u043a\u0438, \u0430\u043a\u0441\u0435\u0441\u0441\u0443\u0430\u0440\u044b. \u041f\u043e\u043a\u0443\u043f\u0430\u0439\u0442\u0435, \u0430\u0440\u0435\u043d\u0434\u0443\u0439\u0442\u0435. Waterskis.lv","robots":{"index":"index","follow":"follow","max-snippet":"max-snippet:-1","max-image-preview":"max-image-preview:large","max-video-preview":"max-video-preview:-1"},"canonical":"https:\/\/www.waterskis.lv\/ru\/product\/%d0%b3%d0%b5%d1%80%d0%bc%d0%b5%d1%82%d0%b8%d1%87%d0%bd%d1%8b%d0%b9-%d0%bc%d0%b5%d1%88%d0%be%d0%ba-50%d0%bb\/","og_locale":"ru_RU","og_type":"article","og_title":"\u0413\u0435\u0440\u043c\u0435\u0442\u0438\u0447\u043d\u044b\u0439 \u043c\u0435\u0448\u043e\u043a 50\u043b - WATERSKIS.LV","og_description":"\u0413\u0435\u0440\u043c\u0435\u0442\u0438\u0447\u043d\u044b\u0439 \u043c\u0435\u0448\u043e\u043a 50\u043b. Waterskis.lv - SUP \u0434\u043e\u0441\u043a\u0438, \u0421\u0410\u041f \u0431\u043e\u0440\u0434\u044b, \u0431\u0430\u0439\u0434\u0430\u0440\u043a\u0438, \u043b\u043e\u0434\u043a\u0438, \u0430\u043a\u0441\u0435\u0441\u0441\u0443\u0430\u0440\u044b. \u041f\u043e\u043a\u0443\u043f\u0430\u0439\u0442\u0435, \u0430\u0440\u0435\u043d\u0434\u0443\u0439\u0442\u0435. Waterskis.lv","og_url":"https:\/\/www.waterskis.lv\/ru\/product\/%d0%b3%d0%b5%d1%80%d0%bc%d0%b5%d1%82%d0%b8%d1%87%d0%bd%d1%8b%d0%b9-%d0%bc%d0%b5%d1%88%d0%be%d0%ba-50%d0%bb\/","og_site_name":"WATERSKIS.LV","article_publisher":"https:\/\/www.facebook.com\/jurmalawaterskiwakeboardpark\/","article_modified_time":"2022-08-20T12:51:09+00:00","og_image":[{"width":1000,"height":1000,"url":"https:\/\/www.waterskis.lv\/wp-content\/uploads\/2020\/11\/dry-bag-50-l.png","type":"image\/png"}],"twitter_card":"summary_large_image","twitter_misc":{"\u041f\u0440\u0438\u043c\u0435\u0440\u043d\u043e\u0435 \u0432\u0440\u0435\u043c\u044f \u0434\u043b\u044f \u0447\u0442\u0435\u043d\u0438\u044f":"1 \u043c\u0438\u043d\u0443\u0442\u0430"},"schema":{"@context":"https:\/\/schema.org","@graph":[{"@type":"WebPage","@id":"https:\/\/www.waterskis.lv\/ru\/product\/%d0%b3%d0%b5%d1%80%d0%bc%d0%b5%d1%82%d0%b8%d1%87%d0%bd%d1%8b%d0%b9-%d0%bc%d0%b5%d1%88%d0%be%d0%ba-50%d0%bb\/","url":"https:\/\/www.waterskis.lv\/ru\/product\/%d0%b3%d0%b5%d1%80%d0%bc%d0%b5%d1%82%d0%b8%d1%87%d0%bd%d1%8b%d0%b9-%d0%bc%d0%b5%d1%88%d0%be%d0%ba-50%d0%bb\/","name":"\u0413\u0435\u0440\u043c\u0435\u0442\u0438\u0447\u043d\u044b\u0439 \u043c\u0435\u0448\u043e\u043a 50\u043b - WATERSKIS.LV","isPartOf":{"@id":"https:\/\/www.waterskis.lv\/ru\/#website"},"primaryImageOfPage":{"@id":"https:\/\/www.waterskis.lv\/ru\/product\/%d0%b3%d0%b5%d1%80%d0%bc%d0%b5%d1%82%d0%b8%d1%87%d0%bd%d1%8b%d0%b9-%d0%bc%d0%b5%d1%88%d0%be%d0%ba-50%d0%bb\/#primaryimage"},"image":{"@id":"https:\/\/www.waterskis.lv\/ru\/product\/%d0%b3%d0%b5%d1%80%d0%bc%d0%b5%d1%82%d0%b8%d1%87%d0%bd%d1%8b%d0%b9-%d0%bc%d0%b5%d1%88%d0%be%d0%ba-50%d0%bb\/#primaryimage"},"thumbnailUrl":"https:\/\/www.waterskis.lv\/wp-content\/uploads\/2020\/11\/dry-bag-50-l.png","datePublished":"2020-11-11T11:38:15+00:00","dateModified":"2022-08-20T12:51:09+00:00","description":"\u0413\u0435\u0440\u043c\u0435\u0442\u0438\u0447\u043d\u044b\u0439 \u043c\u0435\u0448\u043e\u043a 50\u043b. Waterskis.lv - SUP \u0434\u043e\u0441\u043a\u0438, \u0421\u0410\u041f \u0431\u043e\u0440\u0434\u044b, \u0431\u0430\u0439\u0434\u0430\u0440\u043a\u0438, \u043b\u043e\u0434\u043a\u0438, \u0430\u043a\u0441\u0435\u0441\u0441\u0443\u0430\u0440\u044b. \u041f\u043e\u043a\u0443\u043f\u0430\u0439\u0442\u0435, \u0430\u0440\u0435\u043d\u0434\u0443\u0439\u0442\u0435. Waterskis.lv","breadcrumb":{"@id":"https:\/\/www.waterskis.lv\/ru\/product\/%d0%b3%d0%b5%d1%80%d0%bc%d0%b5%d1%82%d0%b8%d1%87%d0%bd%d1%8b%d0%b9-%d0%bc%d0%b5%d1%88%d0%be%d0%ba-50%d0%bb\/#breadcrumb"},"inLanguage":"ru-RU","potentialAction":[{"@type":"ReadAction","target":["https:\/\/www.waterskis.lv\/ru\/product\/%d0%b3%d0%b5%d1%80%d0%bc%d0%b5%d1%82%d0%b8%d1%87%d0%bd%d1%8b%d0%b9-%d0%bc%d0%b5%d1%88%d0%be%d0%ba-50%d0%bb\/"]}]},{"@type":"ImageObject","inLanguage":"ru-RU","@id":"https:\/\/www.waterskis.lv\/ru\/product\/%d0%b3%d0%b5%d1%80%d0%bc%d0%b5%d1%82%d0%b8%d1%87%d0%bd%d1%8b%d0%b9-%d0%bc%d0%b5%d1%88%d0%be%d0%ba-50%d0%bb\/#primaryimage","url":"https:\/\/www.waterskis.lv\/wp-content\/uploads\/2020\/11\/dry-bag-50-l.png","contentUrl":"https:\/\/www.waterskis.lv\/wp-content\/uploads\/2020\/11\/dry-bag-50-l.png","width":1000,"height":1000,"caption":"\u0413\u0435\u0440\u043c\u0435\u0442\u0438\u0447\u043d\u044b\u0439 \u043c\u0435\u0448\u043e\u043a 50\u043b"},{"@type":"BreadcrumbList","@id":"https:\/\/www.waterskis.lv\/ru\/product\/%d0%b3%d0%b5%d1%80%d0%bc%d0%b5%d1%82%d0%b8%d1%87%d0%bd%d1%8b%d0%b9-%d0%bc%d0%b5%d1%88%d0%be%d0%ba-50%d0%bb\/#breadcrumb","itemListElement":[{"@type":"ListItem","position":1,"name":"Home","item":"https:\/\/www.waterskis.lv\/ru\/"},{"@type":"ListItem","position":2,"name":"\u041c\u0430\u0433\u0430\u0437\u0438\u043d","item":"https:\/\/www.waterskis.lv\/ru\/%d0%bc%d0%b0%d0%b3%d0%b0%d0%b7%d0%b8%d0%bd\/"},{"@type":"ListItem","position":3,"name":"\u0413\u0435\u0440\u043c\u0435\u0442\u0438\u0447\u043d\u044b\u0439 \u043c\u0435\u0448\u043e\u043a 50\u043b"}]},{"@type":"WebSite","@id":"https:\/\/www.waterskis.lv\/ru\/#website","url":"https:\/\/www.waterskis.lv\/ru\/","name":"WATERSKIS.LV","description":"SUP d\u0113\u013ci, kajaki, kanoe, airu laivas, \u016bdenssl\u0113po\u0161ana, veikbords, SUP d\u0113\u013cu noma, kajaku nomaakt\u012bv\u0101s atp\u016btas centrs, laivu noma, sup noma, kajaku noma","publisher":{"@id":"https:\/\/www.waterskis.lv\/ru\/#organization"},"potentialAction":[{"@type":"SearchAction","target":{"@type":"EntryPoint","urlTemplate":"https:\/\/www.waterskis.lv\/ru\/?s={search_term_string}"},"query-input":{"@type":"PropertyValueSpecification","valueRequired":true,"valueName":"search_term_string"}}],"inLanguage":"ru-RU"},{"@type":"Organization","@id":"https:\/\/www.waterskis.lv\/ru\/#organization","name":"WATERSKIS.LV","url":"https:\/\/www.waterskis.lv\/ru\/","logo":{"@type":"ImageObject","inLanguage":"ru-RU","@id":"https:\/\/www.waterskis.lv\/ru\/#\/schema\/logo\/image\/","url":"https:\/\/www.waterskis.lv\/wp-content\/uploads\/2025\/01\/JUVP-logo.png","contentUrl":"https:\/\/www.waterskis.lv\/wp-content\/uploads\/2025\/01\/JUVP-logo.png","width":421,"height":202,"caption":"WATERSKIS.LV"},"image":{"@id":"https:\/\/www.waterskis.lv\/ru\/#\/schema\/logo\/image\/"},"sameAs":["https:\/\/www.facebook.com\/jurmalawaterskiwakeboardpark\/"]}]}},"_links":{"self":[{"href":"https:\/\/www.waterskis.lv\/ru\/wp-json\/wp\/v2\/product\/26423","targetHints":{"allow":["GET"]}}],"collection":[{"href":"https:\/\/www.waterskis.lv\/ru\/wp-json\/wp\/v2\/product"}],"about":[{"href":"https:\/\/www.waterskis.lv\/ru\/wp-json\/wp\/v2\/types\/product"}],"replies":[{"embeddable":true,"href":"https:\/\/www.waterskis.lv\/ru\/wp-json\/wp\/v2\/comments?post=26423"}],"wp:featuredmedia":[{"embeddable":true,"href":"https:\/\/www.waterskis.lv\/ru\/wp-json\/wp\/v2\/media\/22658"}],"wp:attachment":[{"href":"https:\/\/www.waterskis.lv\/ru\/wp-json\/wp\/v2\/media?parent=26423"}],"wp:term":[{"taxonomy":"product_brand","embeddable":true,"href":"https:\/\/www.waterskis.lv\/ru\/wp-json\/wp\/v2\/product_brand?post=26423"},{"taxonomy":"product_cat","embeddable":true,"href":"https:\/\/www.waterskis.lv\/ru\/wp-json\/wp\/v2\/product_cat?post=26423"},{"taxonomy":"product_tag","embeddable":true,"href":"https:\/\/www.waterskis.lv\/ru\/wp-json\/wp\/v2\/product_tag?post=26423"}],"curies":[{"name":"wp","href":"https:\/\/api.w.org\/{rel}","templated":true}]}}