{"id":27130,"date":"2021-02-03T21:01:55","date_gmt":"2021-02-03T18:01:55","guid":{"rendered":"https:\/\/www.waterskis.lv\/products\/ww-kajaks-wavesport-phoenix-core-whiteout\/"},"modified":"2022-06-04T23:26:56","modified_gmt":"2022-06-04T20:26:56","slug":"ww-kajaks-wavesport-phoenix-core-whiteout","status":"publish","type":"product","link":"https:\/\/www.waterskis.lv\/ru\/product\/ww-kajaks-wavesport-phoenix-core-whiteout\/","title":{"rendered":"\u0411\u0430\u0439\u0434\u0430\u0440\u043a\u0430 WAVESPORT PHOENIX &#8212; CORE WHITEOUT"},"content":{"rendered":"<p>\u0411\u0430\u0439\u0434\u0430\u0440\u043a\u0430 WAVESPORT PHOENIX &#8212; CORE WHITEOUT<\/p>\n<p>\u0421\u043e\u0432\u0435\u0440\u0448\u0435\u043d\u043d\u043e \u043d\u043e\u0432\u044b\u0439 Phoenix \u043e\u0442 Wave Sport &#8212; \u0432\u043e\u0437\u0440\u043e\u0436\u0434\u0435\u043d\u0438\u0435 \u0440\u0435\u0447\u043d\u043e\u0433\u043e \u043a\u0430\u044f\u043a\u0438\u043d\u0433\u0430!<\/p>\n<p>\u0414\u043e\u0441\u0442\u0438\u0436\u0435\u043d\u0438\u0435, \u043a\u0430\u0437\u0430\u043b\u043e\u0441\u044c \u0431\u044b, \u043d\u0435\u0432\u043e\u0437\u043c\u043e\u0436\u043d\u043e\u0433\u043e &#8212; \u0441\u043e\u0447\u0435\u0442\u0430\u043d\u0438\u0435 \u0441\u0430\u043c\u043e\u0433\u043e \u0431\u044b\u0441\u0442\u0440\u043e\u0433\u043e \u043a\u043e\u0440\u043f\u0443\u0441\u0430, \u043a\u043e\u0442\u043e\u0440\u043e\u0435 \u043d\u0435 \u043d\u0430\u043a\u0430\u0437\u044b\u0432\u0430\u0435\u0442 \u0447\u0435\u043b\u043e\u0432\u0435\u0447\u0435\u0441\u043a\u0438\u0435 \u043e\u0448\u0438\u0431\u043a\u0438. \u0417\u0430 \u043f\u043e\u0441\u043b\u0435\u0434\u043d\u0438\u0435 \u043f\u044f\u0442\u044c \u043b\u0435\u0442 Team Wave Sport \u0442\u0449\u0430\u0442\u0435\u043b\u044c\u043d\u043e \u0442\u0435\u0441\u0442\u0438\u0440\u043e\u0432\u0430\u043b\u0430 \u0438 \u0441\u043e\u0437\u0434\u0430\u0432\u0430\u043b\u0430 \u043f\u0440\u043e\u0442\u043e\u0442\u0438\u043f, \u0447\u0442\u043e\u0431\u044b \u043f\u0440\u0435\u0434\u043e\u0441\u0442\u0430\u0432\u0438\u0442\u044c \u0432\u0430\u043c \u043c\u0430\u0448\u0438\u043d\u0443, \u0434\u043e\u0441\u0442\u0430\u0442\u043e\u0447\u043d\u043e \u043c\u043e\u0449\u043d\u0443\u044e, \u0447\u0442\u043e\u0431\u044b \u0441\u043f\u0440\u0430\u0432\u0438\u0442\u044c\u0441\u044f \u0441 \u0441\u0430\u043c\u044b\u043c\u0438 \u0441\u043b\u043e\u0436\u043d\u044b\u043c\u0438 \u043f\u043e\u0440\u043e\u0433\u0430\u043c\u0438 \u0438 \u0440\u0443\u0447\u044c\u044f\u043c\u0438, \u0441\u043e \u0441\u043a\u043e\u0440\u043e\u0441\u0442\u044c\u044e, \u043f\u043e\u0437\u0432\u043e\u043b\u044f\u044e\u0449\u0435\u0439 \u043f\u0440\u043e\u043b\u0435\u0442\u0435\u0442\u044c \u043d\u0430\u0434 \u043b\u044e\u0431\u043e\u0439 \u043e\u0441\u043e\u0431\u0435\u043d\u043d\u043e\u0441\u0442\u044c\u044e, \u043a\u043e\u0442\u043e\u0440\u0443\u044e \u0442\u0440\u0435\u0431\u0443\u0435\u0442 \u0433\u0440\u0435\u0431\u0435\u0446.<\/p>\n<p>\u0413\u0440\u0435\u0431\u044f \u043f\u043e \u0440\u0435\u043a\u0435 \u0424\u0435\u043d\u0438\u043a\u0441 \u0432\u043d\u0438\u0437 \u043f\u043e \u0440\u0435\u043a\u0435, \u0432\u044b \u0441\u043c\u043e\u0436\u0435\u0442\u0435 \u043f\u0440\u0435\u043e\u0434\u043e\u043b\u0435\u0432\u0430\u0442\u044c \u0442\u0440\u0443\u0434\u043d\u043e\u0441\u0442\u0438, \u0437\u043d\u0430\u044f, \u0447\u0442\u043e \u0432\u0430\u0448 \u043a\u0430\u044f\u043a \u0432\u0430\u0441 \u043f\u043e\u0434\u0434\u0435\u0440\u0436\u0438\u0442!<\/p>\n<p>\u0421\u0438\u0434\u0435\u043d\u044c\u0435 CORE Creek Seat \u043e\u0431\u0435\u0441\u043f\u0435\u0447\u0438\u0432\u0430\u0435\u0442 \u0432\u044b\u0441\u043e\u0447\u0430\u0439\u0448\u0438\u0439 \u0443\u0440\u043e\u0432\u0435\u043d\u044c \u0431\u0435\u0437\u043e\u043f\u0430\u0441\u043d\u043e\u0441\u0442\u0438 \u043f\u0440\u0438 \u043c\u0430\u043a\u0441\u0438\u043c\u0430\u043b\u044c\u043d\u043e\u043c \u043a\u043e\u043c\u0444\u043e\u0440\u0442\u0435 \u0438 \u0443\u0434\u043e\u0431\u0441\u0442\u0432\u0435. \u0418\u043d\u0442\u0443\u0438\u0442\u0438\u0432\u043d\u043e \u043f\u043e\u043d\u044f\u0442\u043d\u044b\u0435 \u044d\u043b\u0435\u043c\u0435\u043d\u0442\u044b \u0443\u043f\u0440\u0430\u0432\u043b\u0435\u043d\u0438\u044f \u043f\u043e\u0437\u0432\u043e\u043b\u044f\u044e\u0442 \u0440\u0435\u0433\u0443\u043b\u0438\u0440\u043e\u0432\u0430\u0442\u044c \u0441\u0438\u0434\u0435\u043d\u044c\u0435 \u043d\u0430 7,5 \u0441\u043c \u0432\u043f\u0435\u0440\u0435\u0434 \u0438 \u043d\u0430\u0437\u0430\u0434, \u0447\u0442\u043e \u043f\u043e\u0437\u0432\u043e\u043b\u044f\u0435\u0442 \u0432\u0430\u043c \u043d\u0430\u0441\u0442\u0440\u043e\u0438\u0442\u044c \u0441\u0432\u043e\u0435 \u043f\u043e\u043b\u043e\u0436\u0435\u043d\u0438\u0435 \u0434\u043b\u044f \u0438\u0434\u0435\u0430\u043b\u044c\u043d\u043e\u0433\u043e \u0431\u0430\u043b\u0430\u043d\u0441\u0430 \u043d\u0430 \u0440\u0435\u043a\u0435. \u0421\u0438\u0434\u0435\u043d\u044c\u0435 \u0440\u0443\u0447\u044c\u044f, \u0438\u0437\u0433\u043e\u0442\u043e\u0432\u043b\u0435\u043d\u043d\u043e\u0435 \u043c\u0435\u0442\u043e\u0434\u043e\u043c \u0440\u043e\u0442\u043e\u0440\u043d\u043e\u0433\u043e \u0444\u043e\u0440\u043c\u043e\u0432\u0430\u043d\u0438\u044f, \u0436\u0435\u0441\u0442\u043a\u043e\u0435 \u0438 \u0434\u043e\u043b\u0433\u043e\u0432\u0435\u0447\u043d\u043e\u0435, \u043e\u043d\u043e \u0432\u043a\u043b\u044e\u0447\u0430\u0435\u0442 \u0432 \u0441\u0435\u0431\u044f \u0432\u044b\u0434\u0432\u0438\u0436\u043d\u0443\u044e \u0441\u0442\u043e\u0439\u043a\u0443 \u0441 \u0443\u0434\u043e\u0431\u043d\u043e\u0439 \u0440\u0443\u0447\u043a\u043e\u0439 &#8212; \u0434\u043b\u044f \u0443\u0434\u043e\u0431\u0441\u0442\u0432\u0430 \u043f\u0435\u0440\u0435\u043d\u043e\u0441\u043a\u0438 \u0438 \u043f\u043e\u0432\u044b\u0448\u0435\u043d\u0438\u044f \u044d\u0444\u0444\u0435\u043a\u0442\u0438\u0432\u043d\u043e\u0441\u0442\u0438 \u043f\u0440\u0438 \u0434\u0432\u0438\u0436\u0435\u043d\u0438\u0438 \u0432\u043f\u0435\u0440\u0435\u0434.<\/p>\n<p>\u041e\u0441\u043d\u0430\u0449\u0435\u043d\u0438\u0435 \u0432\u043a\u043b\u044e\u0447\u0430\u0435\u0442 CORE Leg Lifter, \u043e\u0431\u0435\u0441\u043f\u0435\u0447\u0438\u0432\u0430\u044e\u0449\u0438\u0439 \u0432\u044b\u0441\u043e\u0442\u0443 7,5 \u0441\u043c, \u0447\u0442\u043e \u043f\u043e\u0437\u0432\u043e\u043b\u044f\u0435\u0442 \u0431\u043e\u043b\u0435\u0435 \u044d\u0444\u0444\u0435\u043a\u0442\u0438\u0432\u043d\u043e \u043f\u0435\u0440\u0435\u0434\u0430\u0432\u0430\u0442\u044c \u044d\u043d\u0435\u0440\u0433\u0438\u044e \u043e\u0442 \u0433\u0440\u0435\u0431\u0446\u0430 \u043a \u043a\u0430\u044f\u043a\u0443. \u041c\u043d\u043e\u0433\u043e\u043a\u043e\u043c\u043f\u043e\u043d\u0435\u043d\u0442\u043d\u044b\u0435 \u0441\u043a\u043e\u0431\u044b \u0434\u043b\u044f \u0431\u0435\u0434\u0435\u0440 CORE \u0441\u043e \u0441\u044a\u0435\u043c\u043d\u044b\u043c\u0438 \u0432\u043d\u0435\u0448\u043d\u0438\u043c\u0438 \u043a\u0440\u044e\u0447\u043a\u0430\u043c\u0438 \u043e\u0431\u0435\u0441\u043f\u0435\u0447\u0438\u0432\u0430\u044e\u0442 \u0431\u0435\u0441\u043f\u0440\u0435\u0446\u0435\u0434\u0435\u043d\u0442\u043d\u044b\u0439 \u0443\u0440\u043e\u0432\u0435\u043d\u044c \u043f\u043e\u0434\u0433\u043e\u043d\u043a\u0438 \u0438 \u0440\u0435\u0433\u0443\u043b\u0438\u0440\u043e\u0432\u043a\u0438, \u0441 \u043d\u0430\u0431\u0435\u0434\u0440\u0435\u043d\u043d\u044b\u043c\u0438 \u043f\u043e\u0434\u0443\u0448\u0435\u0447\u043a\u0430\u043c\u0438 \u0438 \u043f\u043e\u0434\u0443\u0448\u043a\u043e\u0439-\u0431\u0443\u0441\u0442\u0435\u0440\u043e\u043c, \u0434\u043e\u043f\u043e\u043b\u043d\u044f\u044e\u0449\u0438\u043c\u0438 \u043a\u043e\u043c\u043f\u043b\u0435\u043a\u0442 \u044d\u043a\u0438\u043f\u0438\u0440\u043e\u0432\u043a\u0438 &#8212; \u0432\u0441\u0435 \u044d\u0442\u043e \u043f\u043e\u043a\u0440\u044b\u0442\u043e \u043d\u0430\u0448\u0438\u043c\u0438 \u0441\u0442\u0438\u043b\u044c\u043d\u044b\u043c\u0438 \u043c\u043e\u0440\u0441\u043a\u0438\u043c\u0438 \u0432\u0438\u043d\u0438\u043b\u043e\u0432\u044b\u043c\u0438 \u0431\u0435\u043b\u044b\u043c\u0438 \u043f\u043e\u0434\u0443\u0448\u0435\u0447\u043a\u0430\u043c\u0438.<\/p>\n<p>\u0415\u0441\u043b\u0438 \u0432\u0430\u043c \u043d\u0443\u0436\u0435\u043d \u043c\u0430\u043a\u0441\u0438\u043c\u0430\u043b\u044c\u043d\u044b\u0439 \u0443\u0440\u043e\u0432\u0435\u043d\u044c \u043e\u0441\u043d\u0430\u0449\u0435\u043d\u0438\u044f \u0438 \u0431\u0435\u0437\u043e\u043f\u0430\u0441\u043d\u043e\u0441\u0442\u0438, \u0442\u043e \u0432\u044b \u043d\u0430\u0448\u043b\u0438 \u0435\u0433\u043e \u0432 CORE WhiteOut.<\/p>\n<p>\u0422\u0438\u043f \u0431\u0430\u0439\u0434\u0430\u0440\u043a\u0438 CROSSOVER WW<br \/>\n\u0414\u043b\u0438\u043d\u0430 274 \u0441\u043c<br \/>\n\u0428\u0438\u0440\u0438\u043d\u0430 68 \u0441\u043c<br \/>\n\u0412\u044b\u0441\u043e\u0442\u0430 39 \u0441\u043c<br \/>\n\u0412\u0435\u0441 22,5 \u043a\u0433<br \/>\n\u041c\u0430\u0442\u0435\u0440\u0438\u0430\u043b HDPE<br \/>\n\u041a\u043e\u043b-\u0432\u043e \u0447\u0435\u043b\u043e\u0432\u0435\u043a 1<br \/>\n\u041a\u043e\u043c\u043f\u043b\u0435\u043a\u0442\u0430\u0446\u0438\u044f Core White Out<br \/>\n\u0413\u0440\u0443\u0437\u043e\u043f\u043e\u0434\u044a\u0435\u043c\u043d\u043e\u0441\u0442\u044c 120 \u043a\u0433<br \/>\n\u0420\u0430\u0437\u043c\u0435\u0440 \u043a\u0430\u0431\u0438\u043d\u044b (\u0441\u043c) 91&#215;51<br \/>\n\u041e\u0431\u044a\u0435\u043c 348 \u043b<br \/>\n\u0426\u0435\u043b\u044c \u0438\u0441\u043f\u043e\u043b\u044c\u0437\u043e\u0432\u0430\u043d\u0438\u044f \u0411\u044b\u0441\u0442\u0440\u044b\u0435 \u0440\u0435\u043a\u0438<br \/>\n\u0421\u0442\u0440\u0430\u043d\u0430 \u043f\u0440\u043e\u0438\u0441\u0445\u043e\u0436\u0434\u0435\u043d\u0438\u044f \u0412\u0435\u043b\u0438\u043a\u043e\u0431\u0440\u0438\u0442\u0430\u043d\u0438\u044f<\/p>\n<p>\u0411\u0430\u0439\u0434\u0430\u0440\u043a\u0430 WAVESPORT PHOENIX &#8212; CORE WHITEOUT<\/p>\n","protected":false},"excerpt":{"rendered":"<p>https:\/\/www.youtube.com\/watch?v=BCPZiap_TSM<\/p>\n<p>https:\/\/www.youtube.com\/watch?v=_PZ2mJ3o4_4 [&#8230;]<\/p>\n<p><a class=\"btn btn-secondary understrap-read-more-link\" href=\"https:\/\/www.waterskis.lv\/ru\/product\/ww-kajaks-wavesport-phoenix-core-whiteout\/\">\u0427\u0438\u0442\u0430\u0442\u044c \u0434\u0430\u043b\u044c\u0448\u0435\u2026<\/a><\/p>\n","protected":false},"featured_media":27108,"comment_status":"closed","ping_status":"closed","template":"","meta":{"_acf_changed":false,"inline_featured_image":false},"product_brand":[],"product_cat":[508,789,790],"product_tag":[],"class_list":{"0":"post-27130","1":"product","2":"type-product","3":"status-publish","4":"has-post-thumbnail","6":"product_cat-508","7":"product_cat--white-water","8":"product_cat--white-water-ru","10":"first","11":"instock","12":"shipping-taxable","13":"product-type-simple"},"acf":[],"yoast_head":"<!-- This site is optimized with the Yoast SEO plugin v27.3 - https:\/\/yoast.com\/product\/yoast-seo-wordpress\/ -->\n<title>\u0411\u0430\u0439\u0434\u0430\u0440\u043a\u0430 WAVESPORT PHOENIX - CORE WHITEOUT - WATERSKIS.LV<\/title>\n<meta name=\"description\" content=\"\u0411\u0430\u0439\u0434\u0430\u0440\u043a\u0430 WAVESPORT PHOENIX - CORE WHITEOUT. Waterskis.lv - SUP \u0434\u043e\u0441\u043a\u0438, \u0421\u0410\u041f \u0431\u043e\u0440\u0434\u044b, \u0431\u0430\u0439\u0434\u0430\u0440\u043a\u0438, \u043b\u043e\u0434\u043a\u0438, \u0430\u043a\u0441\u0435\u0441\u0441\u0443\u0430\u0440\u044b. \u041f\u043e\u043a\u0443\u043f\u0430\u0439\u0442\u0435, \u0430\u0440\u0435\u043d\u0434\u0443\u0439\u0442\u0435\" \/>\n<meta name=\"robots\" content=\"index, follow, max-snippet:-1, max-image-preview:large, max-video-preview:-1\" \/>\n<link rel=\"canonical\" href=\"https:\/\/www.waterskis.lv\/ru\/product\/ww-kajaks-wavesport-phoenix-core-whiteout\/\" \/>\n<meta property=\"og:locale\" content=\"ru_RU\" \/>\n<meta property=\"og:type\" content=\"article\" \/>\n<meta property=\"og:title\" content=\"\u0411\u0430\u0439\u0434\u0430\u0440\u043a\u0430 WAVESPORT PHOENIX - CORE WHITEOUT - WATERSKIS.LV\" \/>\n<meta property=\"og:description\" content=\"\u0411\u0430\u0439\u0434\u0430\u0440\u043a\u0430 WAVESPORT PHOENIX - CORE WHITEOUT. Waterskis.lv - SUP \u0434\u043e\u0441\u043a\u0438, \u0421\u0410\u041f \u0431\u043e\u0440\u0434\u044b, \u0431\u0430\u0439\u0434\u0430\u0440\u043a\u0438, \u043b\u043e\u0434\u043a\u0438, \u0430\u043a\u0441\u0435\u0441\u0441\u0443\u0430\u0440\u044b. \u041f\u043e\u043a\u0443\u043f\u0430\u0439\u0442\u0435, \u0430\u0440\u0435\u043d\u0434\u0443\u0439\u0442\u0435\" \/>\n<meta property=\"og:url\" content=\"https:\/\/www.waterskis.lv\/ru\/product\/ww-kajaks-wavesport-phoenix-core-whiteout\/\" \/>\n<meta property=\"og:site_name\" content=\"WATERSKIS.LV\" \/>\n<meta property=\"article:publisher\" content=\"https:\/\/www.facebook.com\/jurmalawaterskiwakeboardpark\/\" \/>\n<meta property=\"article:modified_time\" content=\"2022-06-04T20:26:56+00:00\" \/>\n<meta property=\"og:image\" content=\"https:\/\/www.waterskis.lv\/wp-content\/uploads\/2021\/02\/phoenix-core-whiteout.png\" \/>\n\t<meta property=\"og:image:width\" content=\"1000\" \/>\n\t<meta property=\"og:image:height\" content=\"1000\" \/>\n\t<meta property=\"og:image:type\" content=\"image\/png\" \/>\n<meta name=\"twitter:card\" content=\"summary_large_image\" \/>\n<meta name=\"twitter:label1\" content=\"\u041f\u0440\u0438\u043c\u0435\u0440\u043d\u043e\u0435 \u0432\u0440\u0435\u043c\u044f \u0434\u043b\u044f \u0447\u0442\u0435\u043d\u0438\u044f\" \/>\n\t<meta name=\"twitter:data1\" content=\"2 \u043c\u0438\u043d\u0443\u0442\u044b\" \/>\n<script type=\"application\/ld+json\" class=\"yoast-schema-graph\">{\"@context\":\"https:\\\/\\\/schema.org\",\"@graph\":[{\"@type\":\"WebPage\",\"@id\":\"https:\\\/\\\/www.waterskis.lv\\\/ru\\\/product\\\/ww-kajaks-wavesport-phoenix-core-whiteout\\\/\",\"url\":\"https:\\\/\\\/www.waterskis.lv\\\/ru\\\/product\\\/ww-kajaks-wavesport-phoenix-core-whiteout\\\/\",\"name\":\"\u0411\u0430\u0439\u0434\u0430\u0440\u043a\u0430 WAVESPORT PHOENIX - CORE WHITEOUT - WATERSKIS.LV\",\"isPartOf\":{\"@id\":\"https:\\\/\\\/www.waterskis.lv\\\/ru\\\/#website\"},\"primaryImageOfPage\":{\"@id\":\"https:\\\/\\\/www.waterskis.lv\\\/ru\\\/product\\\/ww-kajaks-wavesport-phoenix-core-whiteout\\\/#primaryimage\"},\"image\":{\"@id\":\"https:\\\/\\\/www.waterskis.lv\\\/ru\\\/product\\\/ww-kajaks-wavesport-phoenix-core-whiteout\\\/#primaryimage\"},\"thumbnailUrl\":\"https:\\\/\\\/www.waterskis.lv\\\/wp-content\\\/uploads\\\/2021\\\/02\\\/phoenix-core-whiteout.png\",\"datePublished\":\"2021-02-03T18:01:55+00:00\",\"dateModified\":\"2022-06-04T20:26:56+00:00\",\"description\":\"\u0411\u0430\u0439\u0434\u0430\u0440\u043a\u0430 WAVESPORT PHOENIX - CORE WHITEOUT. Waterskis.lv - SUP \u0434\u043e\u0441\u043a\u0438, \u0421\u0410\u041f \u0431\u043e\u0440\u0434\u044b, \u0431\u0430\u0439\u0434\u0430\u0440\u043a\u0438, \u043b\u043e\u0434\u043a\u0438, \u0430\u043a\u0441\u0435\u0441\u0441\u0443\u0430\u0440\u044b. \u041f\u043e\u043a\u0443\u043f\u0430\u0439\u0442\u0435, \u0430\u0440\u0435\u043d\u0434\u0443\u0439\u0442\u0435\",\"breadcrumb\":{\"@id\":\"https:\\\/\\\/www.waterskis.lv\\\/ru\\\/product\\\/ww-kajaks-wavesport-phoenix-core-whiteout\\\/#breadcrumb\"},\"inLanguage\":\"ru-RU\",\"potentialAction\":[{\"@type\":\"ReadAction\",\"target\":[\"https:\\\/\\\/www.waterskis.lv\\\/ru\\\/product\\\/ww-kajaks-wavesport-phoenix-core-whiteout\\\/\"]}]},{\"@type\":\"ImageObject\",\"inLanguage\":\"ru-RU\",\"@id\":\"https:\\\/\\\/www.waterskis.lv\\\/ru\\\/product\\\/ww-kajaks-wavesport-phoenix-core-whiteout\\\/#primaryimage\",\"url\":\"https:\\\/\\\/www.waterskis.lv\\\/wp-content\\\/uploads\\\/2021\\\/02\\\/phoenix-core-whiteout.png\",\"contentUrl\":\"https:\\\/\\\/www.waterskis.lv\\\/wp-content\\\/uploads\\\/2021\\\/02\\\/phoenix-core-whiteout.png\",\"width\":1000,\"height\":1000,\"caption\":\"\u0411\u0430\u0439\u0434\u0430\u0440\u043a\u0430 WAVESPORT PHOENIX - CORE WHITEOUT\"},{\"@type\":\"BreadcrumbList\",\"@id\":\"https:\\\/\\\/www.waterskis.lv\\\/ru\\\/product\\\/ww-kajaks-wavesport-phoenix-core-whiteout\\\/#breadcrumb\",\"itemListElement\":[{\"@type\":\"ListItem\",\"position\":1,\"name\":\"Home\",\"item\":\"https:\\\/\\\/www.waterskis.lv\\\/ru\\\/\"},{\"@type\":\"ListItem\",\"position\":2,\"name\":\"\u041c\u0430\u0433\u0430\u0437\u0438\u043d\",\"item\":\"https:\\\/\\\/www.waterskis.lv\\\/ru\\\/%d0%bc%d0%b0%d0%b3%d0%b0%d0%b7%d0%b8%d0%bd\\\/\"},{\"@type\":\"ListItem\",\"position\":3,\"name\":\"\u0411\u0430\u0439\u0434\u0430\u0440\u043a\u0430 WAVESPORT PHOENIX &#8212; CORE WHITEOUT\"}]},{\"@type\":\"WebSite\",\"@id\":\"https:\\\/\\\/www.waterskis.lv\\\/ru\\\/#website\",\"url\":\"https:\\\/\\\/www.waterskis.lv\\\/ru\\\/\",\"name\":\"WATERSKIS.LV\",\"description\":\"SUP d\u0113\u013ci, kajaki, kanoe, airu laivas, \u016bdenssl\u0113po\u0161ana, veikbords, SUP d\u0113\u013cu noma, kajaku nomaakt\u012bv\u0101s atp\u016btas centrs, laivu noma, sup noma, kajaku noma\",\"publisher\":{\"@id\":\"https:\\\/\\\/www.waterskis.lv\\\/ru\\\/#organization\"},\"potentialAction\":[{\"@type\":\"SearchAction\",\"target\":{\"@type\":\"EntryPoint\",\"urlTemplate\":\"https:\\\/\\\/www.waterskis.lv\\\/ru\\\/?s={search_term_string}\"},\"query-input\":{\"@type\":\"PropertyValueSpecification\",\"valueRequired\":true,\"valueName\":\"search_term_string\"}}],\"inLanguage\":\"ru-RU\"},{\"@type\":\"Organization\",\"@id\":\"https:\\\/\\\/www.waterskis.lv\\\/ru\\\/#organization\",\"name\":\"WATERSKIS.LV\",\"url\":\"https:\\\/\\\/www.waterskis.lv\\\/ru\\\/\",\"logo\":{\"@type\":\"ImageObject\",\"inLanguage\":\"ru-RU\",\"@id\":\"https:\\\/\\\/www.waterskis.lv\\\/ru\\\/#\\\/schema\\\/logo\\\/image\\\/\",\"url\":\"https:\\\/\\\/www.waterskis.lv\\\/wp-content\\\/uploads\\\/2025\\\/01\\\/JUVP-logo.png\",\"contentUrl\":\"https:\\\/\\\/www.waterskis.lv\\\/wp-content\\\/uploads\\\/2025\\\/01\\\/JUVP-logo.png\",\"width\":421,\"height\":202,\"caption\":\"WATERSKIS.LV\"},\"image\":{\"@id\":\"https:\\\/\\\/www.waterskis.lv\\\/ru\\\/#\\\/schema\\\/logo\\\/image\\\/\"},\"sameAs\":[\"https:\\\/\\\/www.facebook.com\\\/jurmalawaterskiwakeboardpark\\\/\"]}]}<\/script>\n<!-- \/ Yoast SEO plugin. -->","yoast_head_json":{"title":"\u0411\u0430\u0439\u0434\u0430\u0440\u043a\u0430 WAVESPORT PHOENIX - CORE WHITEOUT - WATERSKIS.LV","description":"\u0411\u0430\u0439\u0434\u0430\u0440\u043a\u0430 WAVESPORT PHOENIX - CORE WHITEOUT. Waterskis.lv - SUP \u0434\u043e\u0441\u043a\u0438, \u0421\u0410\u041f \u0431\u043e\u0440\u0434\u044b, \u0431\u0430\u0439\u0434\u0430\u0440\u043a\u0438, \u043b\u043e\u0434\u043a\u0438, \u0430\u043a\u0441\u0435\u0441\u0441\u0443\u0430\u0440\u044b. \u041f\u043e\u043a\u0443\u043f\u0430\u0439\u0442\u0435, \u0430\u0440\u0435\u043d\u0434\u0443\u0439\u0442\u0435","robots":{"index":"index","follow":"follow","max-snippet":"max-snippet:-1","max-image-preview":"max-image-preview:large","max-video-preview":"max-video-preview:-1"},"canonical":"https:\/\/www.waterskis.lv\/ru\/product\/ww-kajaks-wavesport-phoenix-core-whiteout\/","og_locale":"ru_RU","og_type":"article","og_title":"\u0411\u0430\u0439\u0434\u0430\u0440\u043a\u0430 WAVESPORT PHOENIX - CORE WHITEOUT - WATERSKIS.LV","og_description":"\u0411\u0430\u0439\u0434\u0430\u0440\u043a\u0430 WAVESPORT PHOENIX - CORE WHITEOUT. Waterskis.lv - SUP \u0434\u043e\u0441\u043a\u0438, \u0421\u0410\u041f \u0431\u043e\u0440\u0434\u044b, \u0431\u0430\u0439\u0434\u0430\u0440\u043a\u0438, \u043b\u043e\u0434\u043a\u0438, \u0430\u043a\u0441\u0435\u0441\u0441\u0443\u0430\u0440\u044b. \u041f\u043e\u043a\u0443\u043f\u0430\u0439\u0442\u0435, \u0430\u0440\u0435\u043d\u0434\u0443\u0439\u0442\u0435","og_url":"https:\/\/www.waterskis.lv\/ru\/product\/ww-kajaks-wavesport-phoenix-core-whiteout\/","og_site_name":"WATERSKIS.LV","article_publisher":"https:\/\/www.facebook.com\/jurmalawaterskiwakeboardpark\/","article_modified_time":"2022-06-04T20:26:56+00:00","og_image":[{"width":1000,"height":1000,"url":"https:\/\/www.waterskis.lv\/wp-content\/uploads\/2021\/02\/phoenix-core-whiteout.png","type":"image\/png"}],"twitter_card":"summary_large_image","twitter_misc":{"\u041f\u0440\u0438\u043c\u0435\u0440\u043d\u043e\u0435 \u0432\u0440\u0435\u043c\u044f \u0434\u043b\u044f \u0447\u0442\u0435\u043d\u0438\u044f":"2 \u043c\u0438\u043d\u0443\u0442\u044b"},"schema":{"@context":"https:\/\/schema.org","@graph":[{"@type":"WebPage","@id":"https:\/\/www.waterskis.lv\/ru\/product\/ww-kajaks-wavesport-phoenix-core-whiteout\/","url":"https:\/\/www.waterskis.lv\/ru\/product\/ww-kajaks-wavesport-phoenix-core-whiteout\/","name":"\u0411\u0430\u0439\u0434\u0430\u0440\u043a\u0430 WAVESPORT PHOENIX - CORE WHITEOUT - WATERSKIS.LV","isPartOf":{"@id":"https:\/\/www.waterskis.lv\/ru\/#website"},"primaryImageOfPage":{"@id":"https:\/\/www.waterskis.lv\/ru\/product\/ww-kajaks-wavesport-phoenix-core-whiteout\/#primaryimage"},"image":{"@id":"https:\/\/www.waterskis.lv\/ru\/product\/ww-kajaks-wavesport-phoenix-core-whiteout\/#primaryimage"},"thumbnailUrl":"https:\/\/www.waterskis.lv\/wp-content\/uploads\/2021\/02\/phoenix-core-whiteout.png","datePublished":"2021-02-03T18:01:55+00:00","dateModified":"2022-06-04T20:26:56+00:00","description":"\u0411\u0430\u0439\u0434\u0430\u0440\u043a\u0430 WAVESPORT PHOENIX - CORE WHITEOUT. Waterskis.lv - SUP \u0434\u043e\u0441\u043a\u0438, \u0421\u0410\u041f \u0431\u043e\u0440\u0434\u044b, \u0431\u0430\u0439\u0434\u0430\u0440\u043a\u0438, \u043b\u043e\u0434\u043a\u0438, \u0430\u043a\u0441\u0435\u0441\u0441\u0443\u0430\u0440\u044b. \u041f\u043e\u043a\u0443\u043f\u0430\u0439\u0442\u0435, \u0430\u0440\u0435\u043d\u0434\u0443\u0439\u0442\u0435","breadcrumb":{"@id":"https:\/\/www.waterskis.lv\/ru\/product\/ww-kajaks-wavesport-phoenix-core-whiteout\/#breadcrumb"},"inLanguage":"ru-RU","potentialAction":[{"@type":"ReadAction","target":["https:\/\/www.waterskis.lv\/ru\/product\/ww-kajaks-wavesport-phoenix-core-whiteout\/"]}]},{"@type":"ImageObject","inLanguage":"ru-RU","@id":"https:\/\/www.waterskis.lv\/ru\/product\/ww-kajaks-wavesport-phoenix-core-whiteout\/#primaryimage","url":"https:\/\/www.waterskis.lv\/wp-content\/uploads\/2021\/02\/phoenix-core-whiteout.png","contentUrl":"https:\/\/www.waterskis.lv\/wp-content\/uploads\/2021\/02\/phoenix-core-whiteout.png","width":1000,"height":1000,"caption":"\u0411\u0430\u0439\u0434\u0430\u0440\u043a\u0430 WAVESPORT PHOENIX - CORE WHITEOUT"},{"@type":"BreadcrumbList","@id":"https:\/\/www.waterskis.lv\/ru\/product\/ww-kajaks-wavesport-phoenix-core-whiteout\/#breadcrumb","itemListElement":[{"@type":"ListItem","position":1,"name":"Home","item":"https:\/\/www.waterskis.lv\/ru\/"},{"@type":"ListItem","position":2,"name":"\u041c\u0430\u0433\u0430\u0437\u0438\u043d","item":"https:\/\/www.waterskis.lv\/ru\/%d0%bc%d0%b0%d0%b3%d0%b0%d0%b7%d0%b8%d0%bd\/"},{"@type":"ListItem","position":3,"name":"\u0411\u0430\u0439\u0434\u0430\u0440\u043a\u0430 WAVESPORT PHOENIX &#8212; CORE WHITEOUT"}]},{"@type":"WebSite","@id":"https:\/\/www.waterskis.lv\/ru\/#website","url":"https:\/\/www.waterskis.lv\/ru\/","name":"WATERSKIS.LV","description":"SUP d\u0113\u013ci, kajaki, kanoe, airu laivas, \u016bdenssl\u0113po\u0161ana, veikbords, SUP d\u0113\u013cu noma, kajaku nomaakt\u012bv\u0101s atp\u016btas centrs, laivu noma, sup noma, kajaku noma","publisher":{"@id":"https:\/\/www.waterskis.lv\/ru\/#organization"},"potentialAction":[{"@type":"SearchAction","target":{"@type":"EntryPoint","urlTemplate":"https:\/\/www.waterskis.lv\/ru\/?s={search_term_string}"},"query-input":{"@type":"PropertyValueSpecification","valueRequired":true,"valueName":"search_term_string"}}],"inLanguage":"ru-RU"},{"@type":"Organization","@id":"https:\/\/www.waterskis.lv\/ru\/#organization","name":"WATERSKIS.LV","url":"https:\/\/www.waterskis.lv\/ru\/","logo":{"@type":"ImageObject","inLanguage":"ru-RU","@id":"https:\/\/www.waterskis.lv\/ru\/#\/schema\/logo\/image\/","url":"https:\/\/www.waterskis.lv\/wp-content\/uploads\/2025\/01\/JUVP-logo.png","contentUrl":"https:\/\/www.waterskis.lv\/wp-content\/uploads\/2025\/01\/JUVP-logo.png","width":421,"height":202,"caption":"WATERSKIS.LV"},"image":{"@id":"https:\/\/www.waterskis.lv\/ru\/#\/schema\/logo\/image\/"},"sameAs":["https:\/\/www.facebook.com\/jurmalawaterskiwakeboardpark\/"]}]}},"_links":{"self":[{"href":"https:\/\/www.waterskis.lv\/ru\/wp-json\/wp\/v2\/product\/27130","targetHints":{"allow":["GET"]}}],"collection":[{"href":"https:\/\/www.waterskis.lv\/ru\/wp-json\/wp\/v2\/product"}],"about":[{"href":"https:\/\/www.waterskis.lv\/ru\/wp-json\/wp\/v2\/types\/product"}],"replies":[{"embeddable":true,"href":"https:\/\/www.waterskis.lv\/ru\/wp-json\/wp\/v2\/comments?post=27130"}],"wp:featuredmedia":[{"embeddable":true,"href":"https:\/\/www.waterskis.lv\/ru\/wp-json\/wp\/v2\/media\/27108"}],"wp:attachment":[{"href":"https:\/\/www.waterskis.lv\/ru\/wp-json\/wp\/v2\/media?parent=27130"}],"wp:term":[{"taxonomy":"product_brand","embeddable":true,"href":"https:\/\/www.waterskis.lv\/ru\/wp-json\/wp\/v2\/product_brand?post=27130"},{"taxonomy":"product_cat","embeddable":true,"href":"https:\/\/www.waterskis.lv\/ru\/wp-json\/wp\/v2\/product_cat?post=27130"},{"taxonomy":"product_tag","embeddable":true,"href":"https:\/\/www.waterskis.lv\/ru\/wp-json\/wp\/v2\/product_tag?post=27130"}],"curies":[{"name":"wp","href":"https:\/\/api.w.org\/{rel}","templated":true}]}}