{"id":27215,"date":"2020-11-22T11:57:40","date_gmt":"2020-11-22T08:57:40","guid":{"rendered":"https:\/\/www.waterskis.lv\/products\/piepusama-pvc-laiva-amona-pm-sy-320al\/"},"modified":"2021-02-07T09:34:08","modified_gmt":"2021-02-07T06:34:08","slug":"%d0%bd%d0%b0%d0%b4%d1%83%d0%b2%d0%bd%d0%b0%d1%8f-%d1%80%d0%b5%d0%b7%d0%b8%d0%bd%d0%be%d0%b2%d0%b0%d1%8f-%d0%bb%d0%be%d0%b4%d0%ba%d0%b0-%d0%b8%d0%b7-%d0%bf%d0%b2%d1%85-pacific-marine-amona-pm-sy-320al","status":"publish","type":"product","link":"https:\/\/www.waterskis.lv\/ru\/product\/%d0%bd%d0%b0%d0%b4%d1%83%d0%b2%d0%bd%d0%b0%d1%8f-%d1%80%d0%b5%d0%b7%d0%b8%d0%bd%d0%be%d0%b2%d0%b0%d1%8f-%d0%bb%d0%be%d0%b4%d0%ba%d0%b0-%d0%b8%d0%b7-%d0%bf%d0%b2%d1%85-pacific-marine-amona-pm-sy-320al\/","title":{"rendered":"\u041d\u0430\u0434\u0443\u0432\u043d\u0430\u044f \u0440\u0435\u0437\u0438\u043d\u043e\u0432\u0430\u044f \u043b\u043e\u0434\u043a\u0430 \u0438\u0437 \u041f\u0412\u0425 Pacific Marine AMONA PM SY-320AL"},"content":{"rendered":"<p>\u0412\u0438\u0434\u044b \u043b\u043e\u0434\u043e\u043a \u041f\u0412\u0425<br \/>\n\u0414\u043b\u0438\u043d\u0430 320 \u0441\u043c<br \/>\n\u0428\u0438\u0440\u0438\u043d\u0430 150 \u0441\u043c<br \/>\n\u0412\u044b\u0441\u043e\u0442\u0430 42 \u0441\u043c<br \/>\n\u0412\u0435\u0441 50 \u043a\u0433<br \/>\n\u0412\u043d\u0443\u0442\u0440\u0435\u043d\u043d\u044f\u044f \u0434\u043b\u0438\u043d\u0430 210 \u0441\u043c.<br \/>\n\u0412\u043d\u0443\u0442\u0440\u0435\u043d\u043d\u044f\u044f \u0448\u0438\u0440\u0438\u043d\u0430 70 \u0441\u043c<br \/>\n\u041c\u0430\u0442\u0435\u0440\u0438\u0430\u043b HEYTex\u00ae PVC 1100 \u0433 \/ \u043c2 (0,9 \u043c\u043c)<br \/>\n\u041a\u043e\u043b\u0438\u0447\u0435\u0441\u0442\u0432\u043e \u043f\u0430\u0441\u0441\u0430\u0436\u0438\u0440\u043e\u0432 4<br \/>\n\u0426\u0432\u0435\u0442 \u0422\u0435\u043c\u043d\u043e-\u0441\u0435\u0440\u044b\u0439<br \/>\n\u0413\u0440\u0443\u0437\u043e\u043f\u043e\u0434\u044a\u0435\u043c\u043d\u043e\u0441\u0442\u044c 550 \u043a\u0433<br \/>\n\u041c\u0430\u043a\u0441\u0438\u043c\u0430\u043b\u044c\u043d\u043e\u0435 \u0434\u0430\u0432\u043b\u0435\u043d\u0438\u0435 0,25 \u0431\u0430\u0440<br \/>\n\u041a\u043e\u043b\u0438\u0447\u0435\u0441\u0442\u0432\u043e \u0446\u0438\u043b\u0438\u043d\u0434\u0440\u043e\u0432 3 + 1<br \/>\n\u041c\u0430\u043a\u0441\u0438\u043c\u0430\u043b\u044c\u043d\u0430\u044f \u043c\u043e\u0449\u043d\u043e\u0441\u0442\u044c \u0434\u0432\u0438\u0433\u0430\u0442\u0435\u043b\u044f 15 \u043b.\u0441.<br \/>\n\u0421\u0435\u0440\u0442\u0438\u0444\u0438\u043a\u0430\u0442 CE<br \/>\n\u041a\u0430\u0442\u0435\u0433\u043e\u0440\u0438\u044f C<br \/>\n\u0422\u0438\u043f \u043f\u043e\u043b\u0430 Solid (\u0410\u043b\u044e\u043c\u0438\u043d\u0438\u0439)<\/p>\n<p>\u0412\u044b\u0441\u043e\u0442\u0430 \u0442\u0440\u0430\u043d\u0446\u0430 38 \u0441\u043c<\/p>\n<p>&nbsp;<\/p>\n<p><iframe title=\"AMONA PACIFIC MARINE VALTYS\" src=\"https:\/\/www.youtube.com\/embed\/Li8fOtd9aa0?feature=oembed\" width=\"640\" height=\"360\" frameborder=\"0\" allowfullscreen=\"allowfullscreen\" data-mce-fragment=\"1\"><\/iframe><\/p>\n","protected":false},"excerpt":{"rendered":"<p>\u0412\u0438\u0434\u044b \u043b\u043e\u0434\u043e\u043a \u041f\u0412\u0425 \u0414\u043b\u0438\u043d\u0430 320 \u0441\u043c \u0428\u0438\u0440\u0438\u043d\u0430 150 \u0441\u043c \u0412\u044b\u0441\u043e\u0442\u0430 42 \u0441\u043c \u0412\u0435\u0441 50 \u043a\u0433 \u0412\u043d\u0443\u0442\u0440\u0435\u043d\u043d\u044f\u044f \u0434\u043b\u0438\u043d\u0430 210 \u0441\u043c. \u0412\u043d\u0443\u0442\u0440\u0435\u043d\u043d\u044f\u044f \u0448\u0438\u0440\u0438\u043d\u0430 70 \u0441\u043c \u041c\u0430\u0442\u0435\u0440\u0438\u0430\u043b HEYTex\u00ae PVC 1100 \u0433 \/ \u043c2 (0,9 \u043c\u043c) \u041a\u043e\u043b\u0438\u0447\u0435\u0441\u0442\u0432\u043e \u043f\u0430\u0441\u0441\u0430\u0436\u0438\u0440\u043e\u0432 4 \u0426\u0432\u0435\u0442 \u0422\u0435\u043c\u043d\u043e-\u0441\u0435\u0440\u044b\u0439 \u0413\u0440\u0443\u0437\u043e\u043f\u043e\u0434\u044a\u0435\u043c\u043d\u043e\u0441\u0442\u044c 550 \u043a\u0433 \u041c\u0430\u043a\u0441\u0438\u043c\u0430\u043b\u044c\u043d\u043e\u0435 \u0434\u0430\u0432\u043b\u0435\u043d\u0438\u0435 0,25 \u0431\u0430\u0440 \u041a\u043e\u043b\u0438\u0447\u0435\u0441\u0442\u0432\u043e \u0446\u0438\u043b\u0438\u043d\u0434\u0440\u043e\u0432 3 + 1 \u041c\u0430\u043a\u0441\u0438\u043c\u0430\u043b\u044c\u043d\u0430\u044f \u043c\u043e\u0449\u043d\u043e\u0441\u0442\u044c \u0434\u0432\u0438\u0433\u0430\u0442\u0435\u043b\u044f 15 \u043b.\u0441. \u0421\u0435\u0440\u0442\u0438\u0444\u0438\u043a\u0430\u0442 [&#8230;]<\/p>\n<p><a class=\"btn btn-secondary understrap-read-more-link\" href=\"https:\/\/www.waterskis.lv\/ru\/product\/%d0%bd%d0%b0%d0%b4%d1%83%d0%b2%d0%bd%d0%b0%d1%8f-%d1%80%d0%b5%d0%b7%d0%b8%d0%bd%d0%be%d0%b2%d0%b0%d1%8f-%d0%bb%d0%be%d0%b4%d0%ba%d0%b0-%d0%b8%d0%b7-%d0%bf%d0%b2%d1%85-pacific-marine-amona-pm-sy-320al\/\">\u0427\u0438\u0442\u0430\u0442\u044c \u0434\u0430\u043b\u044c\u0448\u0435\u2026<\/a><\/p>\n","protected":false},"featured_media":0,"comment_status":"closed","ping_status":"closed","template":"","meta":{"_acf_changed":false,"inline_featured_image":false},"product_brand":[],"product_cat":[572],"product_tag":[],"class_list":{"0":"post-27215","1":"product","2":"type-product","3":"status-publish","5":"product_cat-572","7":"first","8":"instock","9":"shipping-taxable","10":"purchasable","11":"product-type-simple"},"acf":[],"yoast_head":"<!-- This site is optimized with the Yoast SEO plugin v27.3 - https:\/\/yoast.com\/product\/yoast-seo-wordpress\/ -->\n<title>\u041d\u0430\u0434\u0443\u0432\u043d\u0430\u044f \u0440\u0435\u0437\u0438\u043d\u043e\u0432\u0430\u044f \u043b\u043e\u0434\u043a\u0430 \u0438\u0437 \u041f\u0412\u0425 Pacific Marine AMONA PM SY-320AL - WATERSKIS.LV<\/title>\n<meta name=\"description\" content=\"\u041d\u0430\u0434\u0443\u0432\u043d\u0430\u044f \u0440\u0435\u0437\u0438\u043d\u043e\u0432\u0430\u044f \u043b\u043e\u0434\u043a\u0430 \u0438\u0437 \u041f\u0412\u0425 Pacific Marine AMONA PM SY-320AL\" \/>\n<meta name=\"robots\" content=\"index, follow, max-snippet:-1, max-image-preview:large, max-video-preview:-1\" \/>\n<link rel=\"canonical\" href=\"https:\/\/www.waterskis.lv\/ru\/product\/%d0%bd%d0%b0%d0%b4%d1%83%d0%b2%d0%bd%d0%b0%d1%8f-%d1%80%d0%b5%d0%b7%d0%b8%d0%bd%d0%be%d0%b2%d0%b0%d1%8f-%d0%bb%d0%be%d0%b4%d0%ba%d0%b0-%d0%b8%d0%b7-%d0%bf%d0%b2%d1%85-pacific-marine-amona-pm-sy-320al\/\" \/>\n<meta property=\"og:locale\" content=\"ru_RU\" \/>\n<meta property=\"og:type\" content=\"article\" \/>\n<meta property=\"og:title\" content=\"\u041d\u0430\u0434\u0443\u0432\u043d\u0430\u044f \u0440\u0435\u0437\u0438\u043d\u043e\u0432\u0430\u044f \u043b\u043e\u0434\u043a\u0430 \u0438\u0437 \u041f\u0412\u0425 Pacific Marine AMONA PM SY-320AL - WATERSKIS.LV\" \/>\n<meta property=\"og:description\" content=\"\u041d\u0430\u0434\u0443\u0432\u043d\u0430\u044f \u0440\u0435\u0437\u0438\u043d\u043e\u0432\u0430\u044f \u043b\u043e\u0434\u043a\u0430 \u0438\u0437 \u041f\u0412\u0425 Pacific Marine AMONA PM SY-320AL\" \/>\n<meta property=\"og:url\" content=\"https:\/\/www.waterskis.lv\/ru\/product\/%d0%bd%d0%b0%d0%b4%d1%83%d0%b2%d0%bd%d0%b0%d1%8f-%d1%80%d0%b5%d0%b7%d0%b8%d0%bd%d0%be%d0%b2%d0%b0%d1%8f-%d0%bb%d0%be%d0%b4%d0%ba%d0%b0-%d0%b8%d0%b7-%d0%bf%d0%b2%d1%85-pacific-marine-amona-pm-sy-320al\/\" \/>\n<meta property=\"og:site_name\" content=\"WATERSKIS.LV\" \/>\n<meta property=\"article:publisher\" content=\"https:\/\/www.facebook.com\/jurmalawaterskiwakeboardpark\/\" \/>\n<meta property=\"article:modified_time\" content=\"2021-02-07T06:34:08+00:00\" \/>\n<meta name=\"twitter:card\" content=\"summary_large_image\" \/>\n<meta name=\"twitter:label1\" content=\"\u041f\u0440\u0438\u043c\u0435\u0440\u043d\u043e\u0435 \u0432\u0440\u0435\u043c\u044f \u0434\u043b\u044f \u0447\u0442\u0435\u043d\u0438\u044f\" \/>\n\t<meta name=\"twitter:data1\" content=\"1 \u043c\u0438\u043d\u0443\u0442\u0430\" \/>\n<script type=\"application\/ld+json\" class=\"yoast-schema-graph\">{\"@context\":\"https:\\\/\\\/schema.org\",\"@graph\":[{\"@type\":\"WebPage\",\"@id\":\"https:\\\/\\\/www.waterskis.lv\\\/ru\\\/product\\\/%d0%bd%d0%b0%d0%b4%d1%83%d0%b2%d0%bd%d0%b0%d1%8f-%d1%80%d0%b5%d0%b7%d0%b8%d0%bd%d0%be%d0%b2%d0%b0%d1%8f-%d0%bb%d0%be%d0%b4%d0%ba%d0%b0-%d0%b8%d0%b7-%d0%bf%d0%b2%d1%85-pacific-marine-amona-pm-sy-320al\\\/\",\"url\":\"https:\\\/\\\/www.waterskis.lv\\\/ru\\\/product\\\/%d0%bd%d0%b0%d0%b4%d1%83%d0%b2%d0%bd%d0%b0%d1%8f-%d1%80%d0%b5%d0%b7%d0%b8%d0%bd%d0%be%d0%b2%d0%b0%d1%8f-%d0%bb%d0%be%d0%b4%d0%ba%d0%b0-%d0%b8%d0%b7-%d0%bf%d0%b2%d1%85-pacific-marine-amona-pm-sy-320al\\\/\",\"name\":\"\u041d\u0430\u0434\u0443\u0432\u043d\u0430\u044f \u0440\u0435\u0437\u0438\u043d\u043e\u0432\u0430\u044f \u043b\u043e\u0434\u043a\u0430 \u0438\u0437 \u041f\u0412\u0425 Pacific Marine AMONA PM SY-320AL - WATERSKIS.LV\",\"isPartOf\":{\"@id\":\"https:\\\/\\\/www.waterskis.lv\\\/ru\\\/#website\"},\"datePublished\":\"2020-11-22T08:57:40+00:00\",\"dateModified\":\"2021-02-07T06:34:08+00:00\",\"description\":\"\u041d\u0430\u0434\u0443\u0432\u043d\u0430\u044f \u0440\u0435\u0437\u0438\u043d\u043e\u0432\u0430\u044f \u043b\u043e\u0434\u043a\u0430 \u0438\u0437 \u041f\u0412\u0425 Pacific Marine AMONA PM SY-320AL\",\"breadcrumb\":{\"@id\":\"https:\\\/\\\/www.waterskis.lv\\\/ru\\\/product\\\/%d0%bd%d0%b0%d0%b4%d1%83%d0%b2%d0%bd%d0%b0%d1%8f-%d1%80%d0%b5%d0%b7%d0%b8%d0%bd%d0%be%d0%b2%d0%b0%d1%8f-%d0%bb%d0%be%d0%b4%d0%ba%d0%b0-%d0%b8%d0%b7-%d0%bf%d0%b2%d1%85-pacific-marine-amona-pm-sy-320al\\\/#breadcrumb\"},\"inLanguage\":\"ru-RU\",\"potentialAction\":[{\"@type\":\"ReadAction\",\"target\":[\"https:\\\/\\\/www.waterskis.lv\\\/ru\\\/product\\\/%d0%bd%d0%b0%d0%b4%d1%83%d0%b2%d0%bd%d0%b0%d1%8f-%d1%80%d0%b5%d0%b7%d0%b8%d0%bd%d0%be%d0%b2%d0%b0%d1%8f-%d0%bb%d0%be%d0%b4%d0%ba%d0%b0-%d0%b8%d0%b7-%d0%bf%d0%b2%d1%85-pacific-marine-amona-pm-sy-320al\\\/\"]}]},{\"@type\":\"BreadcrumbList\",\"@id\":\"https:\\\/\\\/www.waterskis.lv\\\/ru\\\/product\\\/%d0%bd%d0%b0%d0%b4%d1%83%d0%b2%d0%bd%d0%b0%d1%8f-%d1%80%d0%b5%d0%b7%d0%b8%d0%bd%d0%be%d0%b2%d0%b0%d1%8f-%d0%bb%d0%be%d0%b4%d0%ba%d0%b0-%d0%b8%d0%b7-%d0%bf%d0%b2%d1%85-pacific-marine-amona-pm-sy-320al\\\/#breadcrumb\",\"itemListElement\":[{\"@type\":\"ListItem\",\"position\":1,\"name\":\"Home\",\"item\":\"https:\\\/\\\/www.waterskis.lv\\\/ru\\\/\"},{\"@type\":\"ListItem\",\"position\":2,\"name\":\"\u041c\u0430\u0433\u0430\u0437\u0438\u043d\",\"item\":\"https:\\\/\\\/www.waterskis.lv\\\/ru\\\/%d0%bc%d0%b0%d0%b3%d0%b0%d0%b7%d0%b8%d0%bd\\\/\"},{\"@type\":\"ListItem\",\"position\":3,\"name\":\"\u041d\u0430\u0434\u0443\u0432\u043d\u0430\u044f \u0440\u0435\u0437\u0438\u043d\u043e\u0432\u0430\u044f \u043b\u043e\u0434\u043a\u0430 \u0438\u0437 \u041f\u0412\u0425 Pacific Marine AMONA PM SY-320AL\"}]},{\"@type\":\"WebSite\",\"@id\":\"https:\\\/\\\/www.waterskis.lv\\\/ru\\\/#website\",\"url\":\"https:\\\/\\\/www.waterskis.lv\\\/ru\\\/\",\"name\":\"WATERSKIS.LV\",\"description\":\"SUP d\u0113\u013ci, kajaki, kanoe, airu laivas, \u016bdenssl\u0113po\u0161ana, veikbords, SUP d\u0113\u013cu noma, kajaku nomaakt\u012bv\u0101s atp\u016btas centrs, laivu noma, sup noma, kajaku noma\",\"publisher\":{\"@id\":\"https:\\\/\\\/www.waterskis.lv\\\/ru\\\/#organization\"},\"potentialAction\":[{\"@type\":\"SearchAction\",\"target\":{\"@type\":\"EntryPoint\",\"urlTemplate\":\"https:\\\/\\\/www.waterskis.lv\\\/ru\\\/?s={search_term_string}\"},\"query-input\":{\"@type\":\"PropertyValueSpecification\",\"valueRequired\":true,\"valueName\":\"search_term_string\"}}],\"inLanguage\":\"ru-RU\"},{\"@type\":\"Organization\",\"@id\":\"https:\\\/\\\/www.waterskis.lv\\\/ru\\\/#organization\",\"name\":\"WATERSKIS.LV\",\"url\":\"https:\\\/\\\/www.waterskis.lv\\\/ru\\\/\",\"logo\":{\"@type\":\"ImageObject\",\"inLanguage\":\"ru-RU\",\"@id\":\"https:\\\/\\\/www.waterskis.lv\\\/ru\\\/#\\\/schema\\\/logo\\\/image\\\/\",\"url\":\"https:\\\/\\\/www.waterskis.lv\\\/wp-content\\\/uploads\\\/2025\\\/01\\\/JUVP-logo.png\",\"contentUrl\":\"https:\\\/\\\/www.waterskis.lv\\\/wp-content\\\/uploads\\\/2025\\\/01\\\/JUVP-logo.png\",\"width\":421,\"height\":202,\"caption\":\"WATERSKIS.LV\"},\"image\":{\"@id\":\"https:\\\/\\\/www.waterskis.lv\\\/ru\\\/#\\\/schema\\\/logo\\\/image\\\/\"},\"sameAs\":[\"https:\\\/\\\/www.facebook.com\\\/jurmalawaterskiwakeboardpark\\\/\"]}]}<\/script>\n<!-- \/ Yoast SEO plugin. -->","yoast_head_json":{"title":"\u041d\u0430\u0434\u0443\u0432\u043d\u0430\u044f \u0440\u0435\u0437\u0438\u043d\u043e\u0432\u0430\u044f \u043b\u043e\u0434\u043a\u0430 \u0438\u0437 \u041f\u0412\u0425 Pacific Marine AMONA PM SY-320AL - WATERSKIS.LV","description":"\u041d\u0430\u0434\u0443\u0432\u043d\u0430\u044f \u0440\u0435\u0437\u0438\u043d\u043e\u0432\u0430\u044f \u043b\u043e\u0434\u043a\u0430 \u0438\u0437 \u041f\u0412\u0425 Pacific Marine AMONA PM SY-320AL","robots":{"index":"index","follow":"follow","max-snippet":"max-snippet:-1","max-image-preview":"max-image-preview:large","max-video-preview":"max-video-preview:-1"},"canonical":"https:\/\/www.waterskis.lv\/ru\/product\/%d0%bd%d0%b0%d0%b4%d1%83%d0%b2%d0%bd%d0%b0%d1%8f-%d1%80%d0%b5%d0%b7%d0%b8%d0%bd%d0%be%d0%b2%d0%b0%d1%8f-%d0%bb%d0%be%d0%b4%d0%ba%d0%b0-%d0%b8%d0%b7-%d0%bf%d0%b2%d1%85-pacific-marine-amona-pm-sy-320al\/","og_locale":"ru_RU","og_type":"article","og_title":"\u041d\u0430\u0434\u0443\u0432\u043d\u0430\u044f \u0440\u0435\u0437\u0438\u043d\u043e\u0432\u0430\u044f \u043b\u043e\u0434\u043a\u0430 \u0438\u0437 \u041f\u0412\u0425 Pacific Marine AMONA PM SY-320AL - WATERSKIS.LV","og_description":"\u041d\u0430\u0434\u0443\u0432\u043d\u0430\u044f \u0440\u0435\u0437\u0438\u043d\u043e\u0432\u0430\u044f \u043b\u043e\u0434\u043a\u0430 \u0438\u0437 \u041f\u0412\u0425 Pacific Marine AMONA PM SY-320AL","og_url":"https:\/\/www.waterskis.lv\/ru\/product\/%d0%bd%d0%b0%d0%b4%d1%83%d0%b2%d0%bd%d0%b0%d1%8f-%d1%80%d0%b5%d0%b7%d0%b8%d0%bd%d0%be%d0%b2%d0%b0%d1%8f-%d0%bb%d0%be%d0%b4%d0%ba%d0%b0-%d0%b8%d0%b7-%d0%bf%d0%b2%d1%85-pacific-marine-amona-pm-sy-320al\/","og_site_name":"WATERSKIS.LV","article_publisher":"https:\/\/www.facebook.com\/jurmalawaterskiwakeboardpark\/","article_modified_time":"2021-02-07T06:34:08+00:00","twitter_card":"summary_large_image","twitter_misc":{"\u041f\u0440\u0438\u043c\u0435\u0440\u043d\u043e\u0435 \u0432\u0440\u0435\u043c\u044f \u0434\u043b\u044f \u0447\u0442\u0435\u043d\u0438\u044f":"1 \u043c\u0438\u043d\u0443\u0442\u0430"},"schema":{"@context":"https:\/\/schema.org","@graph":[{"@type":"WebPage","@id":"https:\/\/www.waterskis.lv\/ru\/product\/%d0%bd%d0%b0%d0%b4%d1%83%d0%b2%d0%bd%d0%b0%d1%8f-%d1%80%d0%b5%d0%b7%d0%b8%d0%bd%d0%be%d0%b2%d0%b0%d1%8f-%d0%bb%d0%be%d0%b4%d0%ba%d0%b0-%d0%b8%d0%b7-%d0%bf%d0%b2%d1%85-pacific-marine-amona-pm-sy-320al\/","url":"https:\/\/www.waterskis.lv\/ru\/product\/%d0%bd%d0%b0%d0%b4%d1%83%d0%b2%d0%bd%d0%b0%d1%8f-%d1%80%d0%b5%d0%b7%d0%b8%d0%bd%d0%be%d0%b2%d0%b0%d1%8f-%d0%bb%d0%be%d0%b4%d0%ba%d0%b0-%d0%b8%d0%b7-%d0%bf%d0%b2%d1%85-pacific-marine-amona-pm-sy-320al\/","name":"\u041d\u0430\u0434\u0443\u0432\u043d\u0430\u044f \u0440\u0435\u0437\u0438\u043d\u043e\u0432\u0430\u044f \u043b\u043e\u0434\u043a\u0430 \u0438\u0437 \u041f\u0412\u0425 Pacific Marine AMONA PM SY-320AL - WATERSKIS.LV","isPartOf":{"@id":"https:\/\/www.waterskis.lv\/ru\/#website"},"datePublished":"2020-11-22T08:57:40+00:00","dateModified":"2021-02-07T06:34:08+00:00","description":"\u041d\u0430\u0434\u0443\u0432\u043d\u0430\u044f \u0440\u0435\u0437\u0438\u043d\u043e\u0432\u0430\u044f \u043b\u043e\u0434\u043a\u0430 \u0438\u0437 \u041f\u0412\u0425 Pacific Marine AMONA PM SY-320AL","breadcrumb":{"@id":"https:\/\/www.waterskis.lv\/ru\/product\/%d0%bd%d0%b0%d0%b4%d1%83%d0%b2%d0%bd%d0%b0%d1%8f-%d1%80%d0%b5%d0%b7%d0%b8%d0%bd%d0%be%d0%b2%d0%b0%d1%8f-%d0%bb%d0%be%d0%b4%d0%ba%d0%b0-%d0%b8%d0%b7-%d0%bf%d0%b2%d1%85-pacific-marine-amona-pm-sy-320al\/#breadcrumb"},"inLanguage":"ru-RU","potentialAction":[{"@type":"ReadAction","target":["https:\/\/www.waterskis.lv\/ru\/product\/%d0%bd%d0%b0%d0%b4%d1%83%d0%b2%d0%bd%d0%b0%d1%8f-%d1%80%d0%b5%d0%b7%d0%b8%d0%bd%d0%be%d0%b2%d0%b0%d1%8f-%d0%bb%d0%be%d0%b4%d0%ba%d0%b0-%d0%b8%d0%b7-%d0%bf%d0%b2%d1%85-pacific-marine-amona-pm-sy-320al\/"]}]},{"@type":"BreadcrumbList","@id":"https:\/\/www.waterskis.lv\/ru\/product\/%d0%bd%d0%b0%d0%b4%d1%83%d0%b2%d0%bd%d0%b0%d1%8f-%d1%80%d0%b5%d0%b7%d0%b8%d0%bd%d0%be%d0%b2%d0%b0%d1%8f-%d0%bb%d0%be%d0%b4%d0%ba%d0%b0-%d0%b8%d0%b7-%d0%bf%d0%b2%d1%85-pacific-marine-amona-pm-sy-320al\/#breadcrumb","itemListElement":[{"@type":"ListItem","position":1,"name":"Home","item":"https:\/\/www.waterskis.lv\/ru\/"},{"@type":"ListItem","position":2,"name":"\u041c\u0430\u0433\u0430\u0437\u0438\u043d","item":"https:\/\/www.waterskis.lv\/ru\/%d0%bc%d0%b0%d0%b3%d0%b0%d0%b7%d0%b8%d0%bd\/"},{"@type":"ListItem","position":3,"name":"\u041d\u0430\u0434\u0443\u0432\u043d\u0430\u044f \u0440\u0435\u0437\u0438\u043d\u043e\u0432\u0430\u044f \u043b\u043e\u0434\u043a\u0430 \u0438\u0437 \u041f\u0412\u0425 Pacific Marine AMONA PM SY-320AL"}]},{"@type":"WebSite","@id":"https:\/\/www.waterskis.lv\/ru\/#website","url":"https:\/\/www.waterskis.lv\/ru\/","name":"WATERSKIS.LV","description":"SUP d\u0113\u013ci, kajaki, kanoe, airu laivas, \u016bdenssl\u0113po\u0161ana, veikbords, SUP d\u0113\u013cu noma, kajaku nomaakt\u012bv\u0101s atp\u016btas centrs, laivu noma, sup noma, kajaku noma","publisher":{"@id":"https:\/\/www.waterskis.lv\/ru\/#organization"},"potentialAction":[{"@type":"SearchAction","target":{"@type":"EntryPoint","urlTemplate":"https:\/\/www.waterskis.lv\/ru\/?s={search_term_string}"},"query-input":{"@type":"PropertyValueSpecification","valueRequired":true,"valueName":"search_term_string"}}],"inLanguage":"ru-RU"},{"@type":"Organization","@id":"https:\/\/www.waterskis.lv\/ru\/#organization","name":"WATERSKIS.LV","url":"https:\/\/www.waterskis.lv\/ru\/","logo":{"@type":"ImageObject","inLanguage":"ru-RU","@id":"https:\/\/www.waterskis.lv\/ru\/#\/schema\/logo\/image\/","url":"https:\/\/www.waterskis.lv\/wp-content\/uploads\/2025\/01\/JUVP-logo.png","contentUrl":"https:\/\/www.waterskis.lv\/wp-content\/uploads\/2025\/01\/JUVP-logo.png","width":421,"height":202,"caption":"WATERSKIS.LV"},"image":{"@id":"https:\/\/www.waterskis.lv\/ru\/#\/schema\/logo\/image\/"},"sameAs":["https:\/\/www.facebook.com\/jurmalawaterskiwakeboardpark\/"]}]}},"_links":{"self":[{"href":"https:\/\/www.waterskis.lv\/ru\/wp-json\/wp\/v2\/product\/27215","targetHints":{"allow":["GET"]}}],"collection":[{"href":"https:\/\/www.waterskis.lv\/ru\/wp-json\/wp\/v2\/product"}],"about":[{"href":"https:\/\/www.waterskis.lv\/ru\/wp-json\/wp\/v2\/types\/product"}],"replies":[{"embeddable":true,"href":"https:\/\/www.waterskis.lv\/ru\/wp-json\/wp\/v2\/comments?post=27215"}],"wp:attachment":[{"href":"https:\/\/www.waterskis.lv\/ru\/wp-json\/wp\/v2\/media?parent=27215"}],"wp:term":[{"taxonomy":"product_brand","embeddable":true,"href":"https:\/\/www.waterskis.lv\/ru\/wp-json\/wp\/v2\/product_brand?post=27215"},{"taxonomy":"product_cat","embeddable":true,"href":"https:\/\/www.waterskis.lv\/ru\/wp-json\/wp\/v2\/product_cat?post=27215"},{"taxonomy":"product_tag","embeddable":true,"href":"https:\/\/www.waterskis.lv\/ru\/wp-json\/wp\/v2\/product_tag?post=27215"}],"curies":[{"name":"wp","href":"https:\/\/api.w.org\/{rel}","templated":true}]}}