{"id":28171,"date":"2021-03-30T18:38:45","date_gmt":"2021-03-30T15:38:45","guid":{"rendered":"https:\/\/www.waterskis.lv\/products\/sup-delis-arrow-11-0-pe\/"},"modified":"2026-02-01T10:12:38","modified_gmt":"2026-02-01T08:12:38","slug":"sup-%d0%b1%d0%be%d1%80%d0%b4-arrow-11-0-pe","status":"publish","type":"product","link":"https:\/\/www.waterskis.lv\/ru\/product\/sup-%d0%b1%d0%be%d1%80%d0%b4-arrow-11-0-pe\/","title":{"rendered":"SUP \u0431\u043e\u0440\u0434 ARROW 11.0 PE"},"content":{"rendered":"<h1>SUP \u0431\u043e\u0440\u0434 ARROW 11.0 PE<\/h1>\n<p>ARROW 11.0 PE &#8212; \u044d\u0442\u043e \u0441\u0442\u0430\u0431\u0438\u043b\u044c\u043d\u0430\u044f \u0438 \u0447\u0440\u0435\u0437\u0432\u044b\u0447\u0430\u0439\u043d\u043e \u043f\u0440\u043e\u0441\u0442\u0430\u044f \u0432 \u044d\u043a\u0441\u043f\u043b\u0443\u0430\u0442\u0430\u0446\u0438\u0438 \u0434\u043e\u0441\u043a\u0430 \u0434\u043b\u044f \u0441\u0435\u0440\u0444\u0438\u043d\u0433\u0430. \u0414\u043e\u0441\u043a\u0430 \u0434\u043b\u044f \u0441\u0435\u0440\u0444\u0438\u043d\u0433\u0430 \u043f\u0440\u0435\u0434\u043d\u0430\u0437\u043d\u0430\u0447\u0435\u043d\u0430 \u0434\u043b\u044f \u0438\u0441\u043f\u043e\u043b\u044c\u0437\u043e\u0432\u0430\u043d\u0438\u044f \u0432 \u0441\u043f\u043e\u043a\u043e\u0439\u043d\u044b\u0445 \u0432\u043e\u0434\u0430\u0445. \u041f\u043e\u0441\u0442\u0430\u0432\u043b\u044f\u0435\u0442\u0441\u044f \u0441 \u043d\u0435\u0441\u043a\u043e\u043b\u044c\u0437\u044f\u0449\u0438\u043c \u043a\u043e\u0432\u0440\u0438\u043a\u043e\u043c \u0432 \u0432\u0435\u0440\u0445\u043d\u0435\u0439 \u0447\u0430\u0441\u0442\u0438 \u043a\u043e\u0440\u043f\u0443\u0441\u0430, \u043f\u0440\u0438\u043f\u043e\u0434\u043d\u044f\u0442\u044b\u043c\u0438 \u043a\u0440\u0430\u044f\u043c\u0438 \u0434\u043b\u044f \u0434\u043e\u043f\u043e\u043b\u043d\u0438\u0442\u0435\u043b\u044c\u043d\u043e\u0439 \u0443\u0441\u0442\u043e\u0439\u0447\u0438\u0432\u043e\u0441\u0442\u0438 \u0438 \u0431\u0430\u043b\u0430\u043d\u0441\u0430, \u0444\u043e\u0440\u043c\u043e\u0432\u0430\u043d\u043d\u044b\u043c\u0438 \u043d\u0438\u0436\u043d\u0438\u043c\u0438 \u043a\u0430\u043d\u0430\u0432\u043a\u0430\u043c\u0438 \u0438 \u043b\u0443\u0447\u0448\u0438\u043c \u0443\u0434\u0435\u0440\u0436\u0430\u043d\u0438\u0435\u043c \u043a\u0443\u0440\u0441\u0430, \u044d\u043b\u0430\u0441\u0442\u0438\u0447\u043d\u043e\u0439 \u0440\u0435\u0437\u0438\u043d\u043e\u0439 \u0434\u043b\u044f \u043a\u0440\u0435\u043f\u043b\u0435\u043d\u0438\u044f \u043f\u0440\u0435\u0434\u043c\u0435\u0442\u043e\u0432 \u0438 \u0443\u0434\u043e\u0431\u043d\u044b\u043c\u0438 \u0440\u0443\u0447\u043a\u0430\u043c\u0438 \u0434\u043b\u044f \u043f\u0435\u0440\u0435\u043d\u043e\u0441\u043a\u0438 \u0434\u043b\u044f \u043b\u0435\u0433\u043a\u043e\u0439 \u0442\u0440\u0430\u043d\u0441\u043f\u043e\u0440\u0442\u0438\u0440\u043e\u0432\u043a\u0438 \u043f\u043e \u0441\u0443\u0448\u0435. \u0418\u0437\u0433\u043e\u0442\u043e\u0432\u043b\u0435\u043d \u043f\u043e \u0442\u0435\u0445\u043d\u043e\u043b\u043e\u0433\u0438\u0438 \u0442\u0435\u0440\u043c\u0438\u0447\u0435\u0441\u043a\u043e\u0433\u043e \u0432\u044b\u0434\u0443\u0432\u0430\u043d\u0438\u044f \u0441 \u0438\u0441\u043f\u043e\u043b\u044c\u0437\u043e\u0432\u0430\u043d\u0438\u0435\u043c \u043d\u0430\u043f\u043e\u043b\u043d\u0438\u0442\u0435\u043b\u044f \u0438\u0437 \u043f\u043e\u043b\u0438\u0443\u0440\u0435\u0442\u0430\u043d\u0430 \u0441 \u0437\u0430\u043a\u0440\u044b\u0442\u044b\u043c\u0438 \u043f\u043e\u0440\u0430\u043c\u0438 \u0438 \u0432\u044b\u0441\u043e\u043a\u043e\u043f\u0440\u043e\u0447\u043d\u043e\u0433\u043e \u043c\u0430\u0442\u0435\u0440\u0438\u0430\u043b\u0430 HDPE. \u042d\u0442\u0430 \u0434\u043e\u0441\u043a\u0430 \u0434\u043b\u044f \u0441\u0435\u0440\u0444\u0438\u043d\u0433\u0430 \u043f\u0440\u043e\u0441\u043b\u0443\u0436\u0438\u0442 \u0432\u0430\u043c \u0434\u043e\u043b\u0433\u0438\u0435 \u0433\u043e\u0434\u044b, \u0434\u0430\u0440\u044f \u0432\u0430\u043c \u0432\u0441\u0435 \u0431\u043e\u043b\u044c\u0448\u0435 \u0438 \u0431\u043e\u043b\u044c\u0448\u0435 \u043d\u0435\u0437\u0430\u0431\u044b\u0432\u0430\u0435\u043c\u044b\u0445 \u0432\u043e\u0441\u043f\u043e\u043c\u0438\u043d\u0430\u043d\u0438\u0439 \u043e\u0431 \u043e\u0442\u0434\u044b\u0445\u0435.<\/p>\n<p>\u0412 \u043a\u043e\u043c\u043f\u043b\u0435\u043a\u0442\u0435: \u0432\u0435\u0441\u043b\u043e, \u043f\u043e\u0432\u043e\u0434\u043e\u043a, \u0432\u0435\u0441\u043b\u043e, \u0440\u0435\u043c\u0435\u043d\u044c \u0434\u043b\u044f \u043f\u0435\u0440\u0435\u043d\u043e\u0441\u043a\u0438.<\/p>\n<p>\u0422\u0438\u043f PE SUP \u0434\u043e\u0441\u043a\u0430<br \/>\n\u0414\u043b\u0438\u043d\u0430 335 \u0441\u043c<br \/>\n\u0428\u0438\u0440\u0438\u043d\u0430 81\u0441\u043c<br \/>\n\u0412\u044b\u0441\u043e\u0442\u0430 12 \u0441\u043c<br \/>\n\u0412\u0435\u0441 15 \u043a\u0433<br \/>\n\u041c\u0430\u0442\u0435\u0440\u0438\u0430\u043b \u0412\u042b\u0414\u0412\u0418\u0416\u041d\u042b\u0419 \u041f\u041d\u0414 (\u043d\u0430\u043f\u043e\u043b\u043d\u0438\u0442\u0435\u043b\u044c \u041f\u0423)<br \/>\n\u041a\u043e\u043b-\u0432\u043e \u0447\u0435\u043b\u043e\u0432\u0435\u043a 1<br \/>\n\u041d\u0430\u0431\u043e\u0440 \u0432\u0435\u0441\u043b\u0430, \u043f\u043e\u0432\u043e\u0434\u043a\u0430, \u0432\u0435\u0441\u043b\u0430, \u043f\u043b\u0435\u0447\u0435\u0432\u043e\u0433\u043e \u0440\u0435\u043c\u043d\u044f \u0434\u043b\u044f \u043f\u0435\u0440\u0435\u043d\u043e\u0441\u043a\u0438<br \/>\n\u0413\u0440\u0443\u0437\u043e\u043f\u043e\u0434\u044a\u0435\u043c\u043d\u043e\u0441\u0442\u044c 130 \u043a\u0433<\/p>\n<p>\u0426\u0432\u0435\u0442: \u043e\u0440\u0430\u043d\u0436\u0435\u0432\u044b\u0439, \u0441\u0438\u043d\u0438\u0439<\/p>\n<p>SUP \u0431\u043e\u0440\u0434 ARROW 11.0 PE<\/p>\n","protected":false},"excerpt":{"rendered":"<p>[caption id=\"attachment_28166\" align=\"alignnone\" width=\"300\"]<img decoding=\"async\" class=\"size-medium wp-image-28166\" src=\"https:\/\/www.waterskis.lv\/wp-content\/uploads\/2021\/03\/Arrow1-300x300.jpg\" alt=\"SUP d\u0113lis ARROW 11.0 PE\" width=\"300\" height=\"300\" srcset=\"https:\/\/www.waterskis.lv\/wp-content\/uploads\/2021\/03\/Arrow1-300x300.jpg 300w, https:\/\/www.waterskis.lv\/wp-content\/uploads\/2021\/03\/Arrow1-100x100.jpg 100w, https:\/\/www.waterskis.lv\/wp-content\/uploads\/2021\/03\/Arrow1-600x600.jpg 600w, https:\/\/www.waterskis.lv\/wp-content\/uploads\/2021\/03\/Arrow1-700x700.jpg 700w, https:\/\/www.waterskis.lv\/wp-content\/uploads\/2021\/03\/Arrow1-150x150.jpg 150w, https:\/\/www.waterskis.lv\/wp-content\/uploads\/2021\/03\/Arrow1-768x768.jpg 768w, https:\/\/www.waterskis.lv\/wp-content\/uploads\/2021\/03\/Arrow1.jpg 1000w\" sizes=\"(max-width: 300px) 100vw, 300px\" \/> SUP d\u0113lis ARROW 11.0 PE[\/caption] [&#8230;]<\/p>\n<p><a class=\"btn btn-secondary understrap-read-more-link\" href=\"https:\/\/www.waterskis.lv\/ru\/product\/sup-%d0%b1%d0%be%d1%80%d0%b4-arrow-11-0-pe\/\">\u0427\u0438\u0442\u0430\u0442\u044c \u0434\u0430\u043b\u044c\u0448\u0435\u2026<\/a><\/p>\n","protected":false},"featured_media":68736,"comment_status":"closed","ping_status":"closed","template":"","meta":{"_acf_changed":false,"inline_featured_image":false},"product_brand":[],"product_cat":[362,499,503],"product_tag":[3177,3178,3179,1309,3180,3181,3158,3161,3159,3160],"class_list":{"0":"post-28171","1":"product","2":"type-product","3":"status-publish","4":"has-post-thumbnail","6":"product_cat-c","7":"product_cat-sup-","8":"product_cat--sup---","9":"product_tag-aufblasbares-sup","10":"product_tag-stand-up-paddleboard","11":"product_tag-stand-up-paddling","12":"product_tag-sup","13":"product_tag-sup-surfer","14":"product_tag-supkayak","15":"product_tag--sup-","20":"first","21":"instock","22":"sale","23":"shipping-taxable","24":"purchasable","25":"product-type-simple"},"acf":[],"yoast_head":"<!-- This site is optimized with the Yoast SEO plugin v27.5 - https:\/\/yoast.com\/product\/yoast-seo-wordpress\/ -->\n<title>SUP \u0431\u043e\u0440\u0434 ARROW 11.0 PE<\/title>\n<meta name=\"description\" content=\"SUP \u0431\u043e\u0440\u0434 ARROW 11.0 PE \u044d\u0442\u043e \u0441\u0442\u0430\u0431\u0438\u043b\u044c\u043d\u0430\u044f \u0438 \u0447\u0440\u0435\u0437\u0432\u044b\u0447\u0430\u0439\u043d\u043e \u043f\u0440\u043e\u0441\u0442\u0430\u044f \u0432 \u044d\u043a\u0441\u043f\u043b\u0443\u0430\u0442\u0430\u0446\u0438\u0438 \u0434\u043e\u0441\u043a\u0430 \u0434\u043b\u044f \u0441\u0435\u0440\u0444\u0438\u043d\u0433\u0430. \u0414\u043e\u0441\u043a\u0430 \u0434\u043b\u044f \u0441\u0435\u0440\u0444\u0438\u043d\u0433\u0430 \u043f\u0440\u0435\u0434\u043d\u0430\u0437\u043d\u0430\u0447\u0435\u043d\u0430 \u0434\u043b\u044f \u0438\u0441\u043f\u043e\u043b\u044c\u0437\u043e\u0432\u0430\u043d\u0438\u044f\" \/>\n<meta name=\"robots\" content=\"index, follow, max-snippet:-1, max-image-preview:large, max-video-preview:-1\" \/>\n<link rel=\"canonical\" href=\"https:\/\/www.waterskis.lv\/ru\/product\/sup-%d0%b1%d0%be%d1%80%d0%b4-arrow-11-0-pe\/\" \/>\n<meta property=\"og:locale\" content=\"ru_RU\" \/>\n<meta property=\"og:type\" content=\"article\" \/>\n<meta property=\"og:title\" content=\"SUP \u0431\u043e\u0440\u0434 ARROW 11.0 PE\" \/>\n<meta property=\"og:description\" content=\"SUP \u0431\u043e\u0440\u0434 ARROW 11.0 PE\" \/>\n<meta property=\"og:url\" content=\"https:\/\/www.waterskis.lv\/ru\/product\/sup-%d0%b1%d0%be%d1%80%d0%b4-arrow-11-0-pe\/\" \/>\n<meta property=\"og:site_name\" content=\"WATERSKIS.LV\" \/>\n<meta property=\"article:publisher\" content=\"https:\/\/www.facebook.com\/jurmalawaterskiwakeboardpark\/\" \/>\n<meta property=\"article:modified_time\" content=\"2026-02-01T08:12:38+00:00\" \/>\n<meta property=\"og:image\" content=\"https:\/\/www.waterskis.lv\/wp-content\/uploads\/2021\/03\/Arrow1.jpg\" \/>\n<meta name=\"twitter:card\" content=\"summary_large_image\" \/>\n<meta name=\"twitter:title\" content=\"SUP \u0431\u043e\u0440\u0434 ARROW 11.0 PE\" \/>\n<meta name=\"twitter:description\" content=\"SUP \u0431\u043e\u0440\u0434 ARROW 11.0 PE\" \/>\n<meta name=\"twitter:image\" content=\"https:\/\/www.waterskis.lv\/wp-content\/uploads\/2021\/03\/Arrow1.jpg\" \/>\n<meta name=\"twitter:label1\" content=\"\u041f\u0440\u0438\u043c\u0435\u0440\u043d\u043e\u0435 \u0432\u0440\u0435\u043c\u044f \u0434\u043b\u044f \u0447\u0442\u0435\u043d\u0438\u044f\" \/>\n\t<meta name=\"twitter:data1\" content=\"2 \u043c\u0438\u043d\u0443\u0442\u044b\" \/>\n<script type=\"application\/ld+json\" class=\"yoast-schema-graph\">{\"@context\":\"https:\\\/\\\/schema.org\",\"@graph\":[{\"@type\":\"WebPage\",\"@id\":\"https:\\\/\\\/www.waterskis.lv\\\/ru\\\/product\\\/sup-%d0%b1%d0%be%d1%80%d0%b4-arrow-11-0-pe\\\/\",\"url\":\"https:\\\/\\\/www.waterskis.lv\\\/ru\\\/product\\\/sup-%d0%b1%d0%be%d1%80%d0%b4-arrow-11-0-pe\\\/\",\"name\":\"SUP \u0431\u043e\u0440\u0434 ARROW 11.0 PE\",\"isPartOf\":{\"@id\":\"https:\\\/\\\/www.waterskis.lv\\\/ru\\\/#website\"},\"primaryImageOfPage\":{\"@id\":\"https:\\\/\\\/www.waterskis.lv\\\/ru\\\/product\\\/sup-%d0%b1%d0%be%d1%80%d0%b4-arrow-11-0-pe\\\/#primaryimage\"},\"image\":{\"@id\":\"https:\\\/\\\/www.waterskis.lv\\\/ru\\\/product\\\/sup-%d0%b1%d0%be%d1%80%d0%b4-arrow-11-0-pe\\\/#primaryimage\"},\"thumbnailUrl\":\"https:\\\/\\\/www.waterskis.lv\\\/wp-content\\\/uploads\\\/2021\\\/03\\\/irklente-echo-100-pe.png\",\"datePublished\":\"2021-03-30T15:38:45+00:00\",\"dateModified\":\"2026-02-01T08:12:38+00:00\",\"description\":\"SUP \u0431\u043e\u0440\u0434 ARROW 11.0 PE \u044d\u0442\u043e \u0441\u0442\u0430\u0431\u0438\u043b\u044c\u043d\u0430\u044f \u0438 \u0447\u0440\u0435\u0437\u0432\u044b\u0447\u0430\u0439\u043d\u043e \u043f\u0440\u043e\u0441\u0442\u0430\u044f \u0432 \u044d\u043a\u0441\u043f\u043b\u0443\u0430\u0442\u0430\u0446\u0438\u0438 \u0434\u043e\u0441\u043a\u0430 \u0434\u043b\u044f \u0441\u0435\u0440\u0444\u0438\u043d\u0433\u0430. \u0414\u043e\u0441\u043a\u0430 \u0434\u043b\u044f \u0441\u0435\u0440\u0444\u0438\u043d\u0433\u0430 \u043f\u0440\u0435\u0434\u043d\u0430\u0437\u043d\u0430\u0447\u0435\u043d\u0430 \u0434\u043b\u044f \u0438\u0441\u043f\u043e\u043b\u044c\u0437\u043e\u0432\u0430\u043d\u0438\u044f\",\"breadcrumb\":{\"@id\":\"https:\\\/\\\/www.waterskis.lv\\\/ru\\\/product\\\/sup-%d0%b1%d0%be%d1%80%d0%b4-arrow-11-0-pe\\\/#breadcrumb\"},\"inLanguage\":\"ru-RU\",\"potentialAction\":[{\"@type\":\"ReadAction\",\"target\":[\"https:\\\/\\\/www.waterskis.lv\\\/ru\\\/product\\\/sup-%d0%b1%d0%be%d1%80%d0%b4-arrow-11-0-pe\\\/\"]}]},{\"@type\":\"ImageObject\",\"inLanguage\":\"ru-RU\",\"@id\":\"https:\\\/\\\/www.waterskis.lv\\\/ru\\\/product\\\/sup-%d0%b1%d0%be%d1%80%d0%b4-arrow-11-0-pe\\\/#primaryimage\",\"url\":\"https:\\\/\\\/www.waterskis.lv\\\/wp-content\\\/uploads\\\/2021\\\/03\\\/irklente-echo-100-pe.png\",\"contentUrl\":\"https:\\\/\\\/www.waterskis.lv\\\/wp-content\\\/uploads\\\/2021\\\/03\\\/irklente-echo-100-pe.png\",\"width\":1000,\"height\":1000,\"caption\":\"SUP d\u0113lis ECHO 11.0 PE\"},{\"@type\":\"BreadcrumbList\",\"@id\":\"https:\\\/\\\/www.waterskis.lv\\\/ru\\\/product\\\/sup-%d0%b1%d0%be%d1%80%d0%b4-arrow-11-0-pe\\\/#breadcrumb\",\"itemListElement\":[{\"@type\":\"ListItem\",\"position\":1,\"name\":\"Home\",\"item\":\"https:\\\/\\\/www.waterskis.lv\\\/ru\\\/\"},{\"@type\":\"ListItem\",\"position\":2,\"name\":\"\u041c\u0430\u0433\u0430\u0437\u0438\u043d\",\"item\":\"https:\\\/\\\/www.waterskis.lv\\\/ru\\\/%d0%bc%d0%b0%d0%b3%d0%b0%d0%b7%d0%b8%d0%bd\\\/\"},{\"@type\":\"ListItem\",\"position\":3,\"name\":\"SUP \u0431\u043e\u0440\u0434 ARROW 11.0 PE\"}]},{\"@type\":\"WebSite\",\"@id\":\"https:\\\/\\\/www.waterskis.lv\\\/ru\\\/#website\",\"url\":\"https:\\\/\\\/www.waterskis.lv\\\/ru\\\/\",\"name\":\"WATERSKIS.LV\",\"description\":\"SUP d\u0113\u013ci, kajaki, kanoe, airu laivas, \u016bdenssl\u0113po\u0161ana, veikbords, SUP d\u0113\u013cu noma, kajaku nomaakt\u012bv\u0101s atp\u016btas centrs, laivu noma, sup noma, kajaku noma\",\"publisher\":{\"@id\":\"https:\\\/\\\/www.waterskis.lv\\\/ru\\\/#organization\"},\"potentialAction\":[{\"@type\":\"SearchAction\",\"target\":{\"@type\":\"EntryPoint\",\"urlTemplate\":\"https:\\\/\\\/www.waterskis.lv\\\/ru\\\/?s={search_term_string}\"},\"query-input\":{\"@type\":\"PropertyValueSpecification\",\"valueRequired\":true,\"valueName\":\"search_term_string\"}}],\"inLanguage\":\"ru-RU\"},{\"@type\":\"Organization\",\"@id\":\"https:\\\/\\\/www.waterskis.lv\\\/ru\\\/#organization\",\"name\":\"WATERSKIS.LV\",\"url\":\"https:\\\/\\\/www.waterskis.lv\\\/ru\\\/\",\"logo\":{\"@type\":\"ImageObject\",\"inLanguage\":\"ru-RU\",\"@id\":\"https:\\\/\\\/www.waterskis.lv\\\/ru\\\/#\\\/schema\\\/logo\\\/image\\\/\",\"url\":\"https:\\\/\\\/www.waterskis.lv\\\/wp-content\\\/uploads\\\/2025\\\/01\\\/JUVP-logo.png\",\"contentUrl\":\"https:\\\/\\\/www.waterskis.lv\\\/wp-content\\\/uploads\\\/2025\\\/01\\\/JUVP-logo.png\",\"width\":421,\"height\":202,\"caption\":\"WATERSKIS.LV\"},\"image\":{\"@id\":\"https:\\\/\\\/www.waterskis.lv\\\/ru\\\/#\\\/schema\\\/logo\\\/image\\\/\"},\"sameAs\":[\"https:\\\/\\\/www.facebook.com\\\/jurmalawaterskiwakeboardpark\\\/\"]}]}<\/script>\n<!-- \/ Yoast SEO plugin. -->","yoast_head_json":{"title":"SUP \u0431\u043e\u0440\u0434 ARROW 11.0 PE","description":"SUP \u0431\u043e\u0440\u0434 ARROW 11.0 PE \u044d\u0442\u043e \u0441\u0442\u0430\u0431\u0438\u043b\u044c\u043d\u0430\u044f \u0438 \u0447\u0440\u0435\u0437\u0432\u044b\u0447\u0430\u0439\u043d\u043e \u043f\u0440\u043e\u0441\u0442\u0430\u044f \u0432 \u044d\u043a\u0441\u043f\u043b\u0443\u0430\u0442\u0430\u0446\u0438\u0438 \u0434\u043e\u0441\u043a\u0430 \u0434\u043b\u044f \u0441\u0435\u0440\u0444\u0438\u043d\u0433\u0430. \u0414\u043e\u0441\u043a\u0430 \u0434\u043b\u044f \u0441\u0435\u0440\u0444\u0438\u043d\u0433\u0430 \u043f\u0440\u0435\u0434\u043d\u0430\u0437\u043d\u0430\u0447\u0435\u043d\u0430 \u0434\u043b\u044f \u0438\u0441\u043f\u043e\u043b\u044c\u0437\u043e\u0432\u0430\u043d\u0438\u044f","robots":{"index":"index","follow":"follow","max-snippet":"max-snippet:-1","max-image-preview":"max-image-preview:large","max-video-preview":"max-video-preview:-1"},"canonical":"https:\/\/www.waterskis.lv\/ru\/product\/sup-%d0%b1%d0%be%d1%80%d0%b4-arrow-11-0-pe\/","og_locale":"ru_RU","og_type":"article","og_title":"SUP \u0431\u043e\u0440\u0434 ARROW 11.0 PE","og_description":"SUP \u0431\u043e\u0440\u0434 ARROW 11.0 PE","og_url":"https:\/\/www.waterskis.lv\/ru\/product\/sup-%d0%b1%d0%be%d1%80%d0%b4-arrow-11-0-pe\/","og_site_name":"WATERSKIS.LV","article_publisher":"https:\/\/www.facebook.com\/jurmalawaterskiwakeboardpark\/","article_modified_time":"2026-02-01T08:12:38+00:00","og_image":[{"url":"https:\/\/www.waterskis.lv\/wp-content\/uploads\/2021\/03\/Arrow1.jpg","type":"","width":"","height":""}],"twitter_card":"summary_large_image","twitter_title":"SUP \u0431\u043e\u0440\u0434 ARROW 11.0 PE","twitter_description":"SUP \u0431\u043e\u0440\u0434 ARROW 11.0 PE","twitter_image":"https:\/\/www.waterskis.lv\/wp-content\/uploads\/2021\/03\/Arrow1.jpg","twitter_misc":{"\u041f\u0440\u0438\u043c\u0435\u0440\u043d\u043e\u0435 \u0432\u0440\u0435\u043c\u044f \u0434\u043b\u044f \u0447\u0442\u0435\u043d\u0438\u044f":"2 \u043c\u0438\u043d\u0443\u0442\u044b"},"schema":{"@context":"https:\/\/schema.org","@graph":[{"@type":"WebPage","@id":"https:\/\/www.waterskis.lv\/ru\/product\/sup-%d0%b1%d0%be%d1%80%d0%b4-arrow-11-0-pe\/","url":"https:\/\/www.waterskis.lv\/ru\/product\/sup-%d0%b1%d0%be%d1%80%d0%b4-arrow-11-0-pe\/","name":"SUP \u0431\u043e\u0440\u0434 ARROW 11.0 PE","isPartOf":{"@id":"https:\/\/www.waterskis.lv\/ru\/#website"},"primaryImageOfPage":{"@id":"https:\/\/www.waterskis.lv\/ru\/product\/sup-%d0%b1%d0%be%d1%80%d0%b4-arrow-11-0-pe\/#primaryimage"},"image":{"@id":"https:\/\/www.waterskis.lv\/ru\/product\/sup-%d0%b1%d0%be%d1%80%d0%b4-arrow-11-0-pe\/#primaryimage"},"thumbnailUrl":"https:\/\/www.waterskis.lv\/wp-content\/uploads\/2021\/03\/irklente-echo-100-pe.png","datePublished":"2021-03-30T15:38:45+00:00","dateModified":"2026-02-01T08:12:38+00:00","description":"SUP \u0431\u043e\u0440\u0434 ARROW 11.0 PE \u044d\u0442\u043e \u0441\u0442\u0430\u0431\u0438\u043b\u044c\u043d\u0430\u044f \u0438 \u0447\u0440\u0435\u0437\u0432\u044b\u0447\u0430\u0439\u043d\u043e \u043f\u0440\u043e\u0441\u0442\u0430\u044f \u0432 \u044d\u043a\u0441\u043f\u043b\u0443\u0430\u0442\u0430\u0446\u0438\u0438 \u0434\u043e\u0441\u043a\u0430 \u0434\u043b\u044f \u0441\u0435\u0440\u0444\u0438\u043d\u0433\u0430. \u0414\u043e\u0441\u043a\u0430 \u0434\u043b\u044f \u0441\u0435\u0440\u0444\u0438\u043d\u0433\u0430 \u043f\u0440\u0435\u0434\u043d\u0430\u0437\u043d\u0430\u0447\u0435\u043d\u0430 \u0434\u043b\u044f \u0438\u0441\u043f\u043e\u043b\u044c\u0437\u043e\u0432\u0430\u043d\u0438\u044f","breadcrumb":{"@id":"https:\/\/www.waterskis.lv\/ru\/product\/sup-%d0%b1%d0%be%d1%80%d0%b4-arrow-11-0-pe\/#breadcrumb"},"inLanguage":"ru-RU","potentialAction":[{"@type":"ReadAction","target":["https:\/\/www.waterskis.lv\/ru\/product\/sup-%d0%b1%d0%be%d1%80%d0%b4-arrow-11-0-pe\/"]}]},{"@type":"ImageObject","inLanguage":"ru-RU","@id":"https:\/\/www.waterskis.lv\/ru\/product\/sup-%d0%b1%d0%be%d1%80%d0%b4-arrow-11-0-pe\/#primaryimage","url":"https:\/\/www.waterskis.lv\/wp-content\/uploads\/2021\/03\/irklente-echo-100-pe.png","contentUrl":"https:\/\/www.waterskis.lv\/wp-content\/uploads\/2021\/03\/irklente-echo-100-pe.png","width":1000,"height":1000,"caption":"SUP d\u0113lis ECHO 11.0 PE"},{"@type":"BreadcrumbList","@id":"https:\/\/www.waterskis.lv\/ru\/product\/sup-%d0%b1%d0%be%d1%80%d0%b4-arrow-11-0-pe\/#breadcrumb","itemListElement":[{"@type":"ListItem","position":1,"name":"Home","item":"https:\/\/www.waterskis.lv\/ru\/"},{"@type":"ListItem","position":2,"name":"\u041c\u0430\u0433\u0430\u0437\u0438\u043d","item":"https:\/\/www.waterskis.lv\/ru\/%d0%bc%d0%b0%d0%b3%d0%b0%d0%b7%d0%b8%d0%bd\/"},{"@type":"ListItem","position":3,"name":"SUP \u0431\u043e\u0440\u0434 ARROW 11.0 PE"}]},{"@type":"WebSite","@id":"https:\/\/www.waterskis.lv\/ru\/#website","url":"https:\/\/www.waterskis.lv\/ru\/","name":"WATERSKIS.LV","description":"SUP d\u0113\u013ci, kajaki, kanoe, airu laivas, \u016bdenssl\u0113po\u0161ana, veikbords, SUP d\u0113\u013cu noma, kajaku nomaakt\u012bv\u0101s atp\u016btas centrs, laivu noma, sup noma, kajaku noma","publisher":{"@id":"https:\/\/www.waterskis.lv\/ru\/#organization"},"potentialAction":[{"@type":"SearchAction","target":{"@type":"EntryPoint","urlTemplate":"https:\/\/www.waterskis.lv\/ru\/?s={search_term_string}"},"query-input":{"@type":"PropertyValueSpecification","valueRequired":true,"valueName":"search_term_string"}}],"inLanguage":"ru-RU"},{"@type":"Organization","@id":"https:\/\/www.waterskis.lv\/ru\/#organization","name":"WATERSKIS.LV","url":"https:\/\/www.waterskis.lv\/ru\/","logo":{"@type":"ImageObject","inLanguage":"ru-RU","@id":"https:\/\/www.waterskis.lv\/ru\/#\/schema\/logo\/image\/","url":"https:\/\/www.waterskis.lv\/wp-content\/uploads\/2025\/01\/JUVP-logo.png","contentUrl":"https:\/\/www.waterskis.lv\/wp-content\/uploads\/2025\/01\/JUVP-logo.png","width":421,"height":202,"caption":"WATERSKIS.LV"},"image":{"@id":"https:\/\/www.waterskis.lv\/ru\/#\/schema\/logo\/image\/"},"sameAs":["https:\/\/www.facebook.com\/jurmalawaterskiwakeboardpark\/"]}]}},"_links":{"self":[{"href":"https:\/\/www.waterskis.lv\/ru\/wp-json\/wp\/v2\/product\/28171","targetHints":{"allow":["GET"]}}],"collection":[{"href":"https:\/\/www.waterskis.lv\/ru\/wp-json\/wp\/v2\/product"}],"about":[{"href":"https:\/\/www.waterskis.lv\/ru\/wp-json\/wp\/v2\/types\/product"}],"replies":[{"embeddable":true,"href":"https:\/\/www.waterskis.lv\/ru\/wp-json\/wp\/v2\/comments?post=28171"}],"wp:featuredmedia":[{"embeddable":true,"href":"https:\/\/www.waterskis.lv\/ru\/wp-json\/wp\/v2\/media\/68736"}],"wp:attachment":[{"href":"https:\/\/www.waterskis.lv\/ru\/wp-json\/wp\/v2\/media?parent=28171"}],"wp:term":[{"taxonomy":"product_brand","embeddable":true,"href":"https:\/\/www.waterskis.lv\/ru\/wp-json\/wp\/v2\/product_brand?post=28171"},{"taxonomy":"product_cat","embeddable":true,"href":"https:\/\/www.waterskis.lv\/ru\/wp-json\/wp\/v2\/product_cat?post=28171"},{"taxonomy":"product_tag","embeddable":true,"href":"https:\/\/www.waterskis.lv\/ru\/wp-json\/wp\/v2\/product_tag?post=28171"}],"curies":[{"name":"wp","href":"https:\/\/api.w.org\/{rel}","templated":true}]}}