{"id":30840,"date":"2021-10-06T17:09:55","date_gmt":"2021-10-06T14:09:55","guid":{"rendered":"https:\/\/www.waterskis.lv\/products\/sup-delis-wildsup-fierce-lynx-10-0\/"},"modified":"2026-02-01T15:36:02","modified_gmt":"2026-02-01T13:36:02","slug":"sup-%d0%b1%d0%be%d1%80%d0%b4-wildsup-fierce-lynx-10-0","status":"publish","type":"product","link":"https:\/\/www.waterskis.lv\/ru\/product\/sup-%d0%b1%d0%be%d1%80%d0%b4-wildsup-fierce-lynx-10-0\/","title":{"rendered":"SUP \u0431\u043e\u0440\u0434 WILDSUP FIERCE LYNX 10.0"},"content":{"rendered":"<h1>SUP \u0431\u043e\u0440\u0434 WILDSUP FIERCE LYNX 10.0<\/h1>\n<p>SUP \u0431\u043e\u0440\u0434 WILDSUP FIERCE LYNX 10.0\u00a0\u0414\u043e\u0441\u043a\u0430 SUP, \u043d\u0430\u0434\u0443\u0432\u043d\u0430\u044f \u0434\u043e\u0441\u043a\u0430 SUP \u043a\u043b\u0430\u0441\u0441\u0430 PREMIUM<\/p>\n<p>\u0414\u043e\u0441\u043a\u0430 \u0434\u043b\u044f\u00a0 \u0434\u043b\u044f \u0434\u043e\u0441\u0443\u0433\u0430<br \/>\n\u0414\u043b\u0438\u043d\u0430 305 \u0441\u043c<br \/>\n\u0428\u0438\u0440\u0438\u043d\u0430 90 \u0441\u043c<br \/>\n\u0412\u044b\u0441\u043e\u0442\u0430 15 \u0441\u043c<br \/>\n\u041c\u0430\u0441\u0441\u0430 10 \u043a\u0433<br \/>\n\u041c\u0430\u0442\u0435\u0440\u0438\u0430\u043b Dropstich PVC Fusion Plus<br \/>\n\u041a\u043e\u043b-\u0432\u043e \u0447\u0435\u043b\u043e\u0432\u0435\u043a 1<br \/>\n\u041d\u0430\u0431\u043e\u0440 \u0414\u043e\u0441\u043a\u0430, \u0441\u0443\u043c\u043a\u0430, \u043f\u043e\u043c\u043f\u0430, \u043f\u043e\u0432\u043e\u0434\u043e\u043a, \u0440\u0435\u043c\u043a\u043e\u043c\u043f\u043b\u0435\u043a\u0442, \u0432\u0435\u0441\u043b\u043e<br \/>\n\u0426\u0432\u0435\u0442 \u0427\u0435\u0440\u043d\u044b\u0439 \/ \u043a\u0440\u0430\u0441\u043d\u044b\u0439 \/ \u0431\u0435\u043b\u044b\u0439<br \/>\n\u0413\u0440\u0443\u0437\u043e\u043f\u043e\u0434\u044a\u0435\u043c\u043d\u043e\u0441\u0442\u044c 110 \u043a\u0433<br \/>\n\u041c\u0430\u043a\u0441\u0438\u043c\u0430\u043b\u044c\u043d\u043e\u0435 \u0434\u0430\u0432\u043b\u0435\u043d\u0438\u0435 1,86 \u0431\u0430\u0440 (27 \u0444\u0443\u043d\u0442\u043e\u0432 \u043d\u0430 \u043a\u0432. \u0414\u044e\u0439\u043c)<br \/>\n\u0418\u0441\u043f\u043e\u043b\u044c\u0437\u043e\u0432\u0430\u043d\u0438\u0435 \u043f\u043e \u043d\u0430\u0437\u043d\u0430\u0447\u0435\u043d\u0438\u044e \u0423\u043d\u0438\u0432\u0435\u0440\u0441\u0430\u043b\u044c\u043d\u043e\u0435 \u0438\u0441\u043f\u043e\u043b\u044c\u0437\u043e\u0432\u0430\u043d\u0438\u0435<\/p>\n","protected":false},"excerpt":{"rendered":"<p>https:\/\/www.youtube.com\/watch?v=rPL7acTcHXo [&#8230;]<\/p>\n<p><a class=\"btn btn-secondary understrap-read-more-link\" href=\"https:\/\/www.waterskis.lv\/ru\/product\/sup-%d0%b1%d0%be%d1%80%d0%b4-wildsup-fierce-lynx-10-0\/\">\u0427\u0438\u0442\u0430\u0442\u044c \u0434\u0430\u043b\u044c\u0448\u0435\u2026<\/a><\/p>\n","protected":false},"featured_media":30832,"comment_status":"closed","ping_status":"closed","template":"","meta":{"_acf_changed":false,"inline_featured_image":false},"product_brand":[2452],"product_cat":[499,500,773],"product_tag":[3177,1338,3178,3179,1309,1391,3180,1822,3181,3134],"class_list":{"0":"post-30840","1":"product","2":"type-product","3":"status-publish","4":"has-post-thumbnail","6":"product_brand-wildsup","7":"product_cat-sup-","8":"product_cat-wildsup---sup","9":"product_cat--sup-","10":"product_tag-aufblasbares-sup","11":"product_tag-paddle-boards","12":"product_tag-stand-up-paddleboard","13":"product_tag-stand-up-paddling","14":"product_tag-sup","15":"product_tag-sup-delis","16":"product_tag-sup-surfer","17":"product_tag-sup-","18":"product_tag-supkayak","19":"product_tag-3134","21":"first","22":"instock","23":"shipping-taxable","24":"purchasable","25":"product-type-simple"},"acf":[],"yoast_head":"<!-- This site is optimized with the Yoast SEO plugin v27.4 - https:\/\/yoast.com\/product\/yoast-seo-wordpress\/ -->\n<title>SUP \u0431\u043e\u0440\u0434 WILDSUP FIERCE LYNX 10.0 - WATERSKIS.LV<\/title>\n<meta name=\"description\" content=\"SUP \u0431\u043e\u0440\u0434 WILDSUP FIERCE LYNX 10.0. \u0414\u043e\u0441\u043a\u0430 SUP, \u043d\u0430\u0434\u0443\u0432\u043d\u0430\u044f \u0434\u043e\u0441\u043a\u0430 SUP \u043a\u043b\u0430\u0441\u0441\u0430 PREMIUM. \u0418\u0441\u043f\u043e\u043b\u044c\u0437\u043e\u0432\u0430\u043d\u0438\u0435 \u043f\u043e \u043d\u0430\u0437\u043d\u0430\u0447\u0435\u043d\u0438\u044e \u0423\u043d\u0438\u0432\u0435\u0440\u0441\u0430\u043b\u044c\u043d\u043e\u0435 \u0438\u0441\u043f\u043e\u043b\u044c\u0437\u043e\u0432\u0430\u043d\u0438\u0435.\" \/>\n<meta name=\"robots\" content=\"index, follow, max-snippet:-1, max-image-preview:large, max-video-preview:-1\" \/>\n<link rel=\"canonical\" href=\"https:\/\/www.waterskis.lv\/ru\/product\/sup-%d0%b1%d0%be%d1%80%d0%b4-wildsup-fierce-lynx-10-0\/\" \/>\n<meta property=\"og:locale\" content=\"ru_RU\" \/>\n<meta property=\"og:type\" content=\"article\" \/>\n<meta property=\"og:title\" content=\"SUP \u0431\u043e\u0440\u0434 WILDSUP FIERCE LYNX 10.0 - WATERSKIS.LV\" \/>\n<meta property=\"og:description\" content=\"SUP \u0431\u043e\u0440\u0434 WILDSUP FIERCE LYNX 10.0. \u0414\u043e\u0441\u043a\u0430 SUP, \u043d\u0430\u0434\u0443\u0432\u043d\u0430\u044f \u0434\u043e\u0441\u043a\u0430 SUP \u043a\u043b\u0430\u0441\u0441\u0430 PREMIUM. \u0418\u0441\u043f\u043e\u043b\u044c\u0437\u043e\u0432\u0430\u043d\u0438\u0435 \u043f\u043e \u043d\u0430\u0437\u043d\u0430\u0447\u0435\u043d\u0438\u044e \u0423\u043d\u0438\u0432\u0435\u0440\u0441\u0430\u043b\u044c\u043d\u043e\u0435 \u0438\u0441\u043f\u043e\u043b\u044c\u0437\u043e\u0432\u0430\u043d\u0438\u0435.\" \/>\n<meta property=\"og:url\" content=\"https:\/\/www.waterskis.lv\/ru\/product\/sup-%d0%b1%d0%be%d1%80%d0%b4-wildsup-fierce-lynx-10-0\/\" \/>\n<meta property=\"og:site_name\" content=\"WATERSKIS.LV\" \/>\n<meta property=\"article:publisher\" content=\"https:\/\/www.facebook.com\/jurmalawaterskiwakeboardpark\/\" \/>\n<meta property=\"article:modified_time\" content=\"2026-02-01T13:36:02+00:00\" \/>\n<meta property=\"og:image\" content=\"https:\/\/www.waterskis.lv\/wp-content\/uploads\/2021\/10\/Lynx.png\" \/>\n\t<meta property=\"og:image:width\" content=\"1000\" \/>\n\t<meta property=\"og:image:height\" content=\"1000\" \/>\n\t<meta property=\"og:image:type\" content=\"image\/png\" \/>\n<meta name=\"twitter:card\" content=\"summary_large_image\" \/>\n<meta name=\"twitter:label1\" content=\"\u041f\u0440\u0438\u043c\u0435\u0440\u043d\u043e\u0435 \u0432\u0440\u0435\u043c\u044f \u0434\u043b\u044f \u0447\u0442\u0435\u043d\u0438\u044f\" \/>\n\t<meta name=\"twitter:data1\" content=\"1 \u043c\u0438\u043d\u0443\u0442\u0430\" \/>\n<script type=\"application\/ld+json\" class=\"yoast-schema-graph\">{\"@context\":\"https:\\\/\\\/schema.org\",\"@graph\":[{\"@type\":\"WebPage\",\"@id\":\"https:\\\/\\\/www.waterskis.lv\\\/ru\\\/product\\\/sup-%d0%b1%d0%be%d1%80%d0%b4-wildsup-fierce-lynx-10-0\\\/\",\"url\":\"https:\\\/\\\/www.waterskis.lv\\\/ru\\\/product\\\/sup-%d0%b1%d0%be%d1%80%d0%b4-wildsup-fierce-lynx-10-0\\\/\",\"name\":\"SUP \u0431\u043e\u0440\u0434 WILDSUP FIERCE LYNX 10.0 - WATERSKIS.LV\",\"isPartOf\":{\"@id\":\"https:\\\/\\\/www.waterskis.lv\\\/ru\\\/#website\"},\"primaryImageOfPage\":{\"@id\":\"https:\\\/\\\/www.waterskis.lv\\\/ru\\\/product\\\/sup-%d0%b1%d0%be%d1%80%d0%b4-wildsup-fierce-lynx-10-0\\\/#primaryimage\"},\"image\":{\"@id\":\"https:\\\/\\\/www.waterskis.lv\\\/ru\\\/product\\\/sup-%d0%b1%d0%be%d1%80%d0%b4-wildsup-fierce-lynx-10-0\\\/#primaryimage\"},\"thumbnailUrl\":\"https:\\\/\\\/www.waterskis.lv\\\/wp-content\\\/uploads\\\/2021\\\/10\\\/Lynx.png\",\"datePublished\":\"2021-10-06T14:09:55+00:00\",\"dateModified\":\"2026-02-01T13:36:02+00:00\",\"description\":\"SUP \u0431\u043e\u0440\u0434 WILDSUP FIERCE LYNX 10.0. \u0414\u043e\u0441\u043a\u0430 SUP, \u043d\u0430\u0434\u0443\u0432\u043d\u0430\u044f \u0434\u043e\u0441\u043a\u0430 SUP \u043a\u043b\u0430\u0441\u0441\u0430 PREMIUM. \u0418\u0441\u043f\u043e\u043b\u044c\u0437\u043e\u0432\u0430\u043d\u0438\u0435 \u043f\u043e \u043d\u0430\u0437\u043d\u0430\u0447\u0435\u043d\u0438\u044e \u0423\u043d\u0438\u0432\u0435\u0440\u0441\u0430\u043b\u044c\u043d\u043e\u0435 \u0438\u0441\u043f\u043e\u043b\u044c\u0437\u043e\u0432\u0430\u043d\u0438\u0435.\",\"breadcrumb\":{\"@id\":\"https:\\\/\\\/www.waterskis.lv\\\/ru\\\/product\\\/sup-%d0%b1%d0%be%d1%80%d0%b4-wildsup-fierce-lynx-10-0\\\/#breadcrumb\"},\"inLanguage\":\"ru-RU\",\"potentialAction\":[{\"@type\":\"ReadAction\",\"target\":[\"https:\\\/\\\/www.waterskis.lv\\\/ru\\\/product\\\/sup-%d0%b1%d0%be%d1%80%d0%b4-wildsup-fierce-lynx-10-0\\\/\"]}]},{\"@type\":\"ImageObject\",\"inLanguage\":\"ru-RU\",\"@id\":\"https:\\\/\\\/www.waterskis.lv\\\/ru\\\/product\\\/sup-%d0%b1%d0%be%d1%80%d0%b4-wildsup-fierce-lynx-10-0\\\/#primaryimage\",\"url\":\"https:\\\/\\\/www.waterskis.lv\\\/wp-content\\\/uploads\\\/2021\\\/10\\\/Lynx.png\",\"contentUrl\":\"https:\\\/\\\/www.waterskis.lv\\\/wp-content\\\/uploads\\\/2021\\\/10\\\/Lynx.png\",\"width\":1000,\"height\":1000,\"caption\":\"SUP \u0434\u043e\u0441\u043a\u0430 WILDSUP FIERCE LYNX 10.0\"},{\"@type\":\"BreadcrumbList\",\"@id\":\"https:\\\/\\\/www.waterskis.lv\\\/ru\\\/product\\\/sup-%d0%b1%d0%be%d1%80%d0%b4-wildsup-fierce-lynx-10-0\\\/#breadcrumb\",\"itemListElement\":[{\"@type\":\"ListItem\",\"position\":1,\"name\":\"Home\",\"item\":\"https:\\\/\\\/www.waterskis.lv\\\/ru\\\/\"},{\"@type\":\"ListItem\",\"position\":2,\"name\":\"\u041c\u0430\u0433\u0430\u0437\u0438\u043d\",\"item\":\"https:\\\/\\\/www.waterskis.lv\\\/ru\\\/%d0%bc%d0%b0%d0%b3%d0%b0%d0%b7%d0%b8%d0%bd\\\/\"},{\"@type\":\"ListItem\",\"position\":3,\"name\":\"SUP \u0431\u043e\u0440\u0434 WILDSUP FIERCE LYNX 10.0\"}]},{\"@type\":\"WebSite\",\"@id\":\"https:\\\/\\\/www.waterskis.lv\\\/ru\\\/#website\",\"url\":\"https:\\\/\\\/www.waterskis.lv\\\/ru\\\/\",\"name\":\"WATERSKIS.LV\",\"description\":\"SUP d\u0113\u013ci, kajaki, kanoe, airu laivas, \u016bdenssl\u0113po\u0161ana, veikbords, SUP d\u0113\u013cu noma, kajaku nomaakt\u012bv\u0101s atp\u016btas centrs, laivu noma, sup noma, kajaku noma\",\"publisher\":{\"@id\":\"https:\\\/\\\/www.waterskis.lv\\\/ru\\\/#organization\"},\"potentialAction\":[{\"@type\":\"SearchAction\",\"target\":{\"@type\":\"EntryPoint\",\"urlTemplate\":\"https:\\\/\\\/www.waterskis.lv\\\/ru\\\/?s={search_term_string}\"},\"query-input\":{\"@type\":\"PropertyValueSpecification\",\"valueRequired\":true,\"valueName\":\"search_term_string\"}}],\"inLanguage\":\"ru-RU\"},{\"@type\":\"Organization\",\"@id\":\"https:\\\/\\\/www.waterskis.lv\\\/ru\\\/#organization\",\"name\":\"WATERSKIS.LV\",\"url\":\"https:\\\/\\\/www.waterskis.lv\\\/ru\\\/\",\"logo\":{\"@type\":\"ImageObject\",\"inLanguage\":\"ru-RU\",\"@id\":\"https:\\\/\\\/www.waterskis.lv\\\/ru\\\/#\\\/schema\\\/logo\\\/image\\\/\",\"url\":\"https:\\\/\\\/www.waterskis.lv\\\/wp-content\\\/uploads\\\/2025\\\/01\\\/JUVP-logo.png\",\"contentUrl\":\"https:\\\/\\\/www.waterskis.lv\\\/wp-content\\\/uploads\\\/2025\\\/01\\\/JUVP-logo.png\",\"width\":421,\"height\":202,\"caption\":\"WATERSKIS.LV\"},\"image\":{\"@id\":\"https:\\\/\\\/www.waterskis.lv\\\/ru\\\/#\\\/schema\\\/logo\\\/image\\\/\"},\"sameAs\":[\"https:\\\/\\\/www.facebook.com\\\/jurmalawaterskiwakeboardpark\\\/\"]}]}<\/script>\n<!-- \/ Yoast SEO plugin. -->","yoast_head_json":{"title":"SUP \u0431\u043e\u0440\u0434 WILDSUP FIERCE LYNX 10.0 - WATERSKIS.LV","description":"SUP \u0431\u043e\u0440\u0434 WILDSUP FIERCE LYNX 10.0. \u0414\u043e\u0441\u043a\u0430 SUP, \u043d\u0430\u0434\u0443\u0432\u043d\u0430\u044f \u0434\u043e\u0441\u043a\u0430 SUP \u043a\u043b\u0430\u0441\u0441\u0430 PREMIUM. \u0418\u0441\u043f\u043e\u043b\u044c\u0437\u043e\u0432\u0430\u043d\u0438\u0435 \u043f\u043e \u043d\u0430\u0437\u043d\u0430\u0447\u0435\u043d\u0438\u044e \u0423\u043d\u0438\u0432\u0435\u0440\u0441\u0430\u043b\u044c\u043d\u043e\u0435 \u0438\u0441\u043f\u043e\u043b\u044c\u0437\u043e\u0432\u0430\u043d\u0438\u0435.","robots":{"index":"index","follow":"follow","max-snippet":"max-snippet:-1","max-image-preview":"max-image-preview:large","max-video-preview":"max-video-preview:-1"},"canonical":"https:\/\/www.waterskis.lv\/ru\/product\/sup-%d0%b1%d0%be%d1%80%d0%b4-wildsup-fierce-lynx-10-0\/","og_locale":"ru_RU","og_type":"article","og_title":"SUP \u0431\u043e\u0440\u0434 WILDSUP FIERCE LYNX 10.0 - WATERSKIS.LV","og_description":"SUP \u0431\u043e\u0440\u0434 WILDSUP FIERCE LYNX 10.0. \u0414\u043e\u0441\u043a\u0430 SUP, \u043d\u0430\u0434\u0443\u0432\u043d\u0430\u044f \u0434\u043e\u0441\u043a\u0430 SUP \u043a\u043b\u0430\u0441\u0441\u0430 PREMIUM. \u0418\u0441\u043f\u043e\u043b\u044c\u0437\u043e\u0432\u0430\u043d\u0438\u0435 \u043f\u043e \u043d\u0430\u0437\u043d\u0430\u0447\u0435\u043d\u0438\u044e \u0423\u043d\u0438\u0432\u0435\u0440\u0441\u0430\u043b\u044c\u043d\u043e\u0435 \u0438\u0441\u043f\u043e\u043b\u044c\u0437\u043e\u0432\u0430\u043d\u0438\u0435.","og_url":"https:\/\/www.waterskis.lv\/ru\/product\/sup-%d0%b1%d0%be%d1%80%d0%b4-wildsup-fierce-lynx-10-0\/","og_site_name":"WATERSKIS.LV","article_publisher":"https:\/\/www.facebook.com\/jurmalawaterskiwakeboardpark\/","article_modified_time":"2026-02-01T13:36:02+00:00","og_image":[{"width":1000,"height":1000,"url":"https:\/\/www.waterskis.lv\/wp-content\/uploads\/2021\/10\/Lynx.png","type":"image\/png"}],"twitter_card":"summary_large_image","twitter_misc":{"\u041f\u0440\u0438\u043c\u0435\u0440\u043d\u043e\u0435 \u0432\u0440\u0435\u043c\u044f \u0434\u043b\u044f \u0447\u0442\u0435\u043d\u0438\u044f":"1 \u043c\u0438\u043d\u0443\u0442\u0430"},"schema":{"@context":"https:\/\/schema.org","@graph":[{"@type":"WebPage","@id":"https:\/\/www.waterskis.lv\/ru\/product\/sup-%d0%b1%d0%be%d1%80%d0%b4-wildsup-fierce-lynx-10-0\/","url":"https:\/\/www.waterskis.lv\/ru\/product\/sup-%d0%b1%d0%be%d1%80%d0%b4-wildsup-fierce-lynx-10-0\/","name":"SUP \u0431\u043e\u0440\u0434 WILDSUP FIERCE LYNX 10.0 - WATERSKIS.LV","isPartOf":{"@id":"https:\/\/www.waterskis.lv\/ru\/#website"},"primaryImageOfPage":{"@id":"https:\/\/www.waterskis.lv\/ru\/product\/sup-%d0%b1%d0%be%d1%80%d0%b4-wildsup-fierce-lynx-10-0\/#primaryimage"},"image":{"@id":"https:\/\/www.waterskis.lv\/ru\/product\/sup-%d0%b1%d0%be%d1%80%d0%b4-wildsup-fierce-lynx-10-0\/#primaryimage"},"thumbnailUrl":"https:\/\/www.waterskis.lv\/wp-content\/uploads\/2021\/10\/Lynx.png","datePublished":"2021-10-06T14:09:55+00:00","dateModified":"2026-02-01T13:36:02+00:00","description":"SUP \u0431\u043e\u0440\u0434 WILDSUP FIERCE LYNX 10.0. \u0414\u043e\u0441\u043a\u0430 SUP, \u043d\u0430\u0434\u0443\u0432\u043d\u0430\u044f \u0434\u043e\u0441\u043a\u0430 SUP \u043a\u043b\u0430\u0441\u0441\u0430 PREMIUM. \u0418\u0441\u043f\u043e\u043b\u044c\u0437\u043e\u0432\u0430\u043d\u0438\u0435 \u043f\u043e \u043d\u0430\u0437\u043d\u0430\u0447\u0435\u043d\u0438\u044e \u0423\u043d\u0438\u0432\u0435\u0440\u0441\u0430\u043b\u044c\u043d\u043e\u0435 \u0438\u0441\u043f\u043e\u043b\u044c\u0437\u043e\u0432\u0430\u043d\u0438\u0435.","breadcrumb":{"@id":"https:\/\/www.waterskis.lv\/ru\/product\/sup-%d0%b1%d0%be%d1%80%d0%b4-wildsup-fierce-lynx-10-0\/#breadcrumb"},"inLanguage":"ru-RU","potentialAction":[{"@type":"ReadAction","target":["https:\/\/www.waterskis.lv\/ru\/product\/sup-%d0%b1%d0%be%d1%80%d0%b4-wildsup-fierce-lynx-10-0\/"]}]},{"@type":"ImageObject","inLanguage":"ru-RU","@id":"https:\/\/www.waterskis.lv\/ru\/product\/sup-%d0%b1%d0%be%d1%80%d0%b4-wildsup-fierce-lynx-10-0\/#primaryimage","url":"https:\/\/www.waterskis.lv\/wp-content\/uploads\/2021\/10\/Lynx.png","contentUrl":"https:\/\/www.waterskis.lv\/wp-content\/uploads\/2021\/10\/Lynx.png","width":1000,"height":1000,"caption":"SUP \u0434\u043e\u0441\u043a\u0430 WILDSUP FIERCE LYNX 10.0"},{"@type":"BreadcrumbList","@id":"https:\/\/www.waterskis.lv\/ru\/product\/sup-%d0%b1%d0%be%d1%80%d0%b4-wildsup-fierce-lynx-10-0\/#breadcrumb","itemListElement":[{"@type":"ListItem","position":1,"name":"Home","item":"https:\/\/www.waterskis.lv\/ru\/"},{"@type":"ListItem","position":2,"name":"\u041c\u0430\u0433\u0430\u0437\u0438\u043d","item":"https:\/\/www.waterskis.lv\/ru\/%d0%bc%d0%b0%d0%b3%d0%b0%d0%b7%d0%b8%d0%bd\/"},{"@type":"ListItem","position":3,"name":"SUP \u0431\u043e\u0440\u0434 WILDSUP FIERCE LYNX 10.0"}]},{"@type":"WebSite","@id":"https:\/\/www.waterskis.lv\/ru\/#website","url":"https:\/\/www.waterskis.lv\/ru\/","name":"WATERSKIS.LV","description":"SUP d\u0113\u013ci, kajaki, kanoe, airu laivas, \u016bdenssl\u0113po\u0161ana, veikbords, SUP d\u0113\u013cu noma, kajaku nomaakt\u012bv\u0101s atp\u016btas centrs, laivu noma, sup noma, kajaku noma","publisher":{"@id":"https:\/\/www.waterskis.lv\/ru\/#organization"},"potentialAction":[{"@type":"SearchAction","target":{"@type":"EntryPoint","urlTemplate":"https:\/\/www.waterskis.lv\/ru\/?s={search_term_string}"},"query-input":{"@type":"PropertyValueSpecification","valueRequired":true,"valueName":"search_term_string"}}],"inLanguage":"ru-RU"},{"@type":"Organization","@id":"https:\/\/www.waterskis.lv\/ru\/#organization","name":"WATERSKIS.LV","url":"https:\/\/www.waterskis.lv\/ru\/","logo":{"@type":"ImageObject","inLanguage":"ru-RU","@id":"https:\/\/www.waterskis.lv\/ru\/#\/schema\/logo\/image\/","url":"https:\/\/www.waterskis.lv\/wp-content\/uploads\/2025\/01\/JUVP-logo.png","contentUrl":"https:\/\/www.waterskis.lv\/wp-content\/uploads\/2025\/01\/JUVP-logo.png","width":421,"height":202,"caption":"WATERSKIS.LV"},"image":{"@id":"https:\/\/www.waterskis.lv\/ru\/#\/schema\/logo\/image\/"},"sameAs":["https:\/\/www.facebook.com\/jurmalawaterskiwakeboardpark\/"]}]}},"_links":{"self":[{"href":"https:\/\/www.waterskis.lv\/ru\/wp-json\/wp\/v2\/product\/30840","targetHints":{"allow":["GET"]}}],"collection":[{"href":"https:\/\/www.waterskis.lv\/ru\/wp-json\/wp\/v2\/product"}],"about":[{"href":"https:\/\/www.waterskis.lv\/ru\/wp-json\/wp\/v2\/types\/product"}],"replies":[{"embeddable":true,"href":"https:\/\/www.waterskis.lv\/ru\/wp-json\/wp\/v2\/comments?post=30840"}],"wp:featuredmedia":[{"embeddable":true,"href":"https:\/\/www.waterskis.lv\/ru\/wp-json\/wp\/v2\/media\/30832"}],"wp:attachment":[{"href":"https:\/\/www.waterskis.lv\/ru\/wp-json\/wp\/v2\/media?parent=30840"}],"wp:term":[{"taxonomy":"product_brand","embeddable":true,"href":"https:\/\/www.waterskis.lv\/ru\/wp-json\/wp\/v2\/product_brand?post=30840"},{"taxonomy":"product_cat","embeddable":true,"href":"https:\/\/www.waterskis.lv\/ru\/wp-json\/wp\/v2\/product_cat?post=30840"},{"taxonomy":"product_tag","embeddable":true,"href":"https:\/\/www.waterskis.lv\/ru\/wp-json\/wp\/v2\/product_tag?post=30840"}],"curies":[{"name":"wp","href":"https:\/\/api.w.org\/{rel}","templated":true}]}}