{"id":39271,"date":"2022-01-27T07:44:32","date_gmt":"2022-01-27T04:44:32","guid":{"rendered":"https:\/\/www.waterskis.lv\/products\/proline-65-reflex-eva\/"},"modified":"2026-01-29T12:12:10","modified_gmt":"2026-01-29T10:12:10","slug":"%d1%80%d1%83%d0%ba%d0%be%d1%8f%d1%82%d0%ba%d0%b0-%d0%b8-%d0%b2%d0%b5%d1%80%d0%b5%d0%b2%d0%ba%d0%b0-%d0%b4%d0%bb%d1%8f-%d0%b2%d0%b5%d0%b9%d0%ba%d0%b1%d0%be%d1%80%d0%b4%d0%b0-proline-65-reflex-eva-wak","status":"publish","type":"product","link":"https:\/\/www.waterskis.lv\/ru\/product\/%d1%80%d1%83%d0%ba%d0%be%d1%8f%d1%82%d0%ba%d0%b0-%d0%b8-%d0%b2%d0%b5%d1%80%d0%b5%d0%b2%d0%ba%d0%b0-%d0%b4%d0%bb%d1%8f-%d0%b2%d0%b5%d0%b9%d0%ba%d0%b1%d0%be%d1%80%d0%b4%d0%b0-proline-65-reflex-eva-wak\/","title":{"rendered":"\u0420\u0443\u043a\u043e\u044f\u0442\u043a\u0430 \u0438 \u0432\u0435\u0440\u0435\u0432\u043a\u0430 \u0434\u043b\u044f \u0432\u0435\u0439\u043a\u0431\u043e\u0440\u0434\u0430 ProLine 65&#8242; Reflex EVA Wake Package"},"content":{"rendered":"<h1>\u0420\u0443\u043a\u043e\u044f\u0442\u043a\u0430 \u0438 \u0432\u0435\u0440\u0435\u0432\u043a\u0430 \u0434\u043b\u044f \u0432\u0435\u0439\u043a\u0431\u043e\u0440\u0434\u0430 ProLine 65&#8242; Reflex EVA Wake Package<\/h1>\n<p>\u0420\u0443\u043a\u043e\u044f\u0442\u043a\u0430 \u0438 \u0432\u0435\u0440\u0435\u0432\u043a\u0430 \u0434\u043b\u044f \u0432\u0435\u0439\u043a\u0431\u043e\u0440\u0434\u0430 ProLine 65&#8242; Reflex EVA Wake Package<\/p>\n<p><em>65&#8242; EVA HANDLE w\/ POLY-E MAIN w\/ 3-5&#8242; SECTIONS<\/em><\/p>\n<ul>\n<li>15\u201d Soft 3D pyramid molded EVA foam for a comfortable grip<\/li>\n<li>Curved end-cap and hexagon plug reduces handle roll<\/li>\n<li>Tractor grip shaping increases total grip surface area by 25%<\/li>\n<li>3\/8\u201d low-stretch Poly-E line for a solid pull<\/li>\n<li>Floating handle and mainline for improved safety and visibility<\/li>\n<\/ul>\n<p><span style=\"background-color: var(--bs-body-bg); color: var(--bs-body-color); font-family: var(--bs-body-font-family); font-size: var(--bs-body-font-size); font-weight: var(--bs-body-font-weight); text-align: var(--bs-body-text-align);\">Daudzi citi z\u012bmoli apgalvo, ka vi\u0146u produkti ir dinamiski \u2014 kas tad \u012bsti padara Proline peldo\u0161o tehnolo\u0123iju p\u0101r\u0101ku? Atbilde ir vienk\u0101r\u0161a. Visas m\u016bsu virves un rokturi ir piepild\u012bti ar sl\u0113gto \u0161\u016bnu putu tehnolo\u0123iju, lai m\u016bsu apr\u012bkojums vienm\u0113r b\u016btu 100% peldo\u0161s. Sal\u012bdzin\u0101jumam, da\u017ei no m\u016bsu konkurentiem apgalvo, ka vi\u0146u virves ir neitr\u0101li peldo\u0161as, kas noz\u012bm\u0113, ka t\u0101s nepeld un negrimst, bet laika gait\u0101 t\u0101s var nokrist zem \u016bdensl\u012bnijas, kas ir potenci\u0101li b\u012bstami. T\u0101tad, k\u0101p\u0113c risk\u0113t ar savu draugu un \u0123imenes dro\u0161\u012bbu uz \u016bdens? Vienm\u0113r izv\u0113lieties virvi un rokturi, kas ir garant\u0113ti peldo\u0161s \u2013 izv\u0113lieties Proline k\u0101 savu Nr.1 \u016bdens sporta piederumu z\u012bmolu.<\/span><\/p>\n","protected":false},"excerpt":{"rendered":"<ul>\n<li>15\u201d Soft 3D pyramid molded EVA foam for a comfortable grip<\/li>\n<li>Curved end-cap and hexagon plug reduces handle roll<\/li>\n<li>Tractor grip shaping increases total grip surface area by 25%<\/li>\n<li>3\/8\u201d low-stretch Poly-E line for a solid pull<\/li>\n<li>Floating handle and mainline for improved safety and visibility<\/li>\n<\/ul>\n<p><a href=\"https:\/\/www.youtube.com\/watch?v=GVkmreFc9D0\">2018 We Are Connelly &#8212; YouTube<\/a> [&#8230;]<\/p>\n<p><a class=\"btn btn-secondary understrap-read-more-link\" href=\"https:\/\/www.waterskis.lv\/ru\/product\/%d1%80%d1%83%d0%ba%d0%be%d1%8f%d1%82%d0%ba%d0%b0-%d0%b8-%d0%b2%d0%b5%d1%80%d0%b5%d0%b2%d0%ba%d0%b0-%d0%b4%d0%bb%d1%8f-%d0%b2%d0%b5%d0%b9%d0%ba%d0%b1%d0%be%d1%80%d0%b4%d0%b0-proline-65-reflex-eva-wak\/\">\u0427\u0438\u0442\u0430\u0442\u044c \u0434\u0430\u043b\u044c\u0448\u0435\u2026<\/a><\/p>\n","protected":false},"featured_media":35478,"comment_status":"closed","ping_status":"closed","template":"","meta":{"_acf_changed":false,"inline_featured_image":false},"product_brand":[2631],"product_cat":[492,929],"product_tag":[3041],"class_list":{"0":"post-39271","1":"product","2":"type-product","3":"status-publish","4":"has-post-thumbnail","6":"product_brand-proline","7":"product_cat-veikbords-2","8":"product_cat-veikborda-virves-un-rokturi","9":"product_tag-3041","11":"first","12":"instock","13":"shipping-taxable","14":"purchasable","15":"product-type-simple"},"acf":[],"yoast_head":"<!-- This site is optimized with the Yoast SEO plugin v27.5 - https:\/\/yoast.com\/product\/yoast-seo-wordpress\/ -->\n<title>\u0420\u0443\u043a\u043e\u044f\u0442\u043a\u0430 \u0438 \u0432\u0435\u0440\u0435\u0432\u043a\u0430 \u0434\u043b\u044f \u0432\u0435\u0439\u043a\u0431\u043e\u0440\u0434\u0430 ProLine 65&#039; Reflex EVA Wake Package - WATERSKIS.LV<\/title>\n<meta name=\"description\" content=\"\u0420\u0443\u043a\u043e\u044f\u0442\u043a\u0430 \u0438 \u0432\u0435\u0440\u0435\u0432\u043a\u0430 \u0434\u043b\u044f \u0432\u0435\u0439\u043a\u0431\u043e\u0440\u0434\u0430 ProLine 65&#039; Reflex EVA Wake Package. EVA HANDLE w\/ POLY-E MAIN w\/ 3-5&#039; SECTIONS \u043a\u0443\u043f\u0438\u0442\u044c \u0432 @waterskis.lv\" \/>\n<meta name=\"robots\" content=\"index, follow, max-snippet:-1, max-image-preview:large, max-video-preview:-1\" \/>\n<link rel=\"canonical\" href=\"https:\/\/www.waterskis.lv\/ru\/product\/%d1%80%d1%83%d0%ba%d0%be%d1%8f%d1%82%d0%ba%d0%b0-%d0%b8-%d0%b2%d0%b5%d1%80%d0%b5%d0%b2%d0%ba%d0%b0-%d0%b4%d0%bb%d1%8f-%d0%b2%d0%b5%d0%b9%d0%ba%d0%b1%d0%be%d1%80%d0%b4%d0%b0-proline-65-reflex-eva-wak\/\" \/>\n<meta property=\"og:locale\" content=\"ru_RU\" \/>\n<meta property=\"og:type\" content=\"article\" \/>\n<meta property=\"og:title\" content=\"\u0420\u0443\u043a\u043e\u044f\u0442\u043a\u0430 \u0438 \u0432\u0435\u0440\u0435\u0432\u043a\u0430 \u0434\u043b\u044f \u0432\u0435\u0439\u043a\u0431\u043e\u0440\u0434\u0430 ProLine 65&#039; Reflex EVA Wake Package - WATERSKIS.LV\" \/>\n<meta property=\"og:description\" content=\"\u0420\u0443\u043a\u043e\u044f\u0442\u043a\u0430 \u0438 \u0432\u0435\u0440\u0435\u0432\u043a\u0430 \u0434\u043b\u044f \u0432\u0435\u0439\u043a\u0431\u043e\u0440\u0434\u0430 ProLine 65&#039; Reflex EVA Wake Package. EVA HANDLE w\/ POLY-E MAIN w\/ 3-5&#039; SECTIONS \u043a\u0443\u043f\u0438\u0442\u044c \u0432 @waterskis.lv\" \/>\n<meta property=\"og:url\" content=\"https:\/\/www.waterskis.lv\/ru\/product\/%d1%80%d1%83%d0%ba%d0%be%d1%8f%d1%82%d0%ba%d0%b0-%d0%b8-%d0%b2%d0%b5%d1%80%d0%b5%d0%b2%d0%ba%d0%b0-%d0%b4%d0%bb%d1%8f-%d0%b2%d0%b5%d0%b9%d0%ba%d0%b1%d0%be%d1%80%d0%b4%d0%b0-proline-65-reflex-eva-wak\/\" \/>\n<meta property=\"og:site_name\" content=\"WATERSKIS.LV\" \/>\n<meta property=\"article:publisher\" content=\"https:\/\/www.facebook.com\/jurmalawaterskiwakeboardpark\/\" \/>\n<meta property=\"article:modified_time\" content=\"2026-01-29T10:12:10+00:00\" \/>\n<meta property=\"og:image\" content=\"https:\/\/www.waterskis.lv\/wp-content\/uploads\/2022\/01\/ReflexPackageCyan_1800x1800.jpg\" \/>\n\t<meta property=\"og:image:width\" content=\"640\" \/>\n\t<meta property=\"og:image:height\" content=\"640\" \/>\n\t<meta property=\"og:image:type\" content=\"image\/jpeg\" \/>\n<meta name=\"twitter:card\" content=\"summary_large_image\" \/>\n<meta name=\"twitter:label1\" content=\"\u041f\u0440\u0438\u043c\u0435\u0440\u043d\u043e\u0435 \u0432\u0440\u0435\u043c\u044f \u0434\u043b\u044f \u0447\u0442\u0435\u043d\u0438\u044f\" \/>\n\t<meta name=\"twitter:data1\" content=\"2 \u043c\u0438\u043d\u0443\u0442\u044b\" \/>\n<script type=\"application\/ld+json\" class=\"yoast-schema-graph\">{\"@context\":\"https:\\\/\\\/schema.org\",\"@graph\":[{\"@type\":\"WebPage\",\"@id\":\"https:\\\/\\\/www.waterskis.lv\\\/ru\\\/product\\\/%d1%80%d1%83%d0%ba%d0%be%d1%8f%d1%82%d0%ba%d0%b0-%d0%b8-%d0%b2%d0%b5%d1%80%d0%b5%d0%b2%d0%ba%d0%b0-%d0%b4%d0%bb%d1%8f-%d0%b2%d0%b5%d0%b9%d0%ba%d0%b1%d0%be%d1%80%d0%b4%d0%b0-proline-65-reflex-eva-wak\\\/\",\"url\":\"https:\\\/\\\/www.waterskis.lv\\\/ru\\\/product\\\/%d1%80%d1%83%d0%ba%d0%be%d1%8f%d1%82%d0%ba%d0%b0-%d0%b8-%d0%b2%d0%b5%d1%80%d0%b5%d0%b2%d0%ba%d0%b0-%d0%b4%d0%bb%d1%8f-%d0%b2%d0%b5%d0%b9%d0%ba%d0%b1%d0%be%d1%80%d0%b4%d0%b0-proline-65-reflex-eva-wak\\\/\",\"name\":\"\u0420\u0443\u043a\u043e\u044f\u0442\u043a\u0430 \u0438 \u0432\u0435\u0440\u0435\u0432\u043a\u0430 \u0434\u043b\u044f \u0432\u0435\u0439\u043a\u0431\u043e\u0440\u0434\u0430 ProLine 65' Reflex EVA Wake Package - WATERSKIS.LV\",\"isPartOf\":{\"@id\":\"https:\\\/\\\/www.waterskis.lv\\\/ru\\\/#website\"},\"primaryImageOfPage\":{\"@id\":\"https:\\\/\\\/www.waterskis.lv\\\/ru\\\/product\\\/%d1%80%d1%83%d0%ba%d0%be%d1%8f%d1%82%d0%ba%d0%b0-%d0%b8-%d0%b2%d0%b5%d1%80%d0%b5%d0%b2%d0%ba%d0%b0-%d0%b4%d0%bb%d1%8f-%d0%b2%d0%b5%d0%b9%d0%ba%d0%b1%d0%be%d1%80%d0%b4%d0%b0-proline-65-reflex-eva-wak\\\/#primaryimage\"},\"image\":{\"@id\":\"https:\\\/\\\/www.waterskis.lv\\\/ru\\\/product\\\/%d1%80%d1%83%d0%ba%d0%be%d1%8f%d1%82%d0%ba%d0%b0-%d0%b8-%d0%b2%d0%b5%d1%80%d0%b5%d0%b2%d0%ba%d0%b0-%d0%b4%d0%bb%d1%8f-%d0%b2%d0%b5%d0%b9%d0%ba%d0%b1%d0%be%d1%80%d0%b4%d0%b0-proline-65-reflex-eva-wak\\\/#primaryimage\"},\"thumbnailUrl\":\"https:\\\/\\\/www.waterskis.lv\\\/wp-content\\\/uploads\\\/2022\\\/01\\\/ReflexPackageCyan_1800x1800.jpg\",\"datePublished\":\"2022-01-27T04:44:32+00:00\",\"dateModified\":\"2026-01-29T10:12:10+00:00\",\"description\":\"\u0420\u0443\u043a\u043e\u044f\u0442\u043a\u0430 \u0438 \u0432\u0435\u0440\u0435\u0432\u043a\u0430 \u0434\u043b\u044f \u0432\u0435\u0439\u043a\u0431\u043e\u0440\u0434\u0430 ProLine 65' Reflex EVA Wake Package. EVA HANDLE w\\\/ POLY-E MAIN w\\\/ 3-5' SECTIONS \u043a\u0443\u043f\u0438\u0442\u044c \u0432 @waterskis.lv\",\"breadcrumb\":{\"@id\":\"https:\\\/\\\/www.waterskis.lv\\\/ru\\\/product\\\/%d1%80%d1%83%d0%ba%d0%be%d1%8f%d1%82%d0%ba%d0%b0-%d0%b8-%d0%b2%d0%b5%d1%80%d0%b5%d0%b2%d0%ba%d0%b0-%d0%b4%d0%bb%d1%8f-%d0%b2%d0%b5%d0%b9%d0%ba%d0%b1%d0%be%d1%80%d0%b4%d0%b0-proline-65-reflex-eva-wak\\\/#breadcrumb\"},\"inLanguage\":\"ru-RU\",\"potentialAction\":[{\"@type\":\"ReadAction\",\"target\":[\"https:\\\/\\\/www.waterskis.lv\\\/ru\\\/product\\\/%d1%80%d1%83%d0%ba%d0%be%d1%8f%d1%82%d0%ba%d0%b0-%d0%b8-%d0%b2%d0%b5%d1%80%d0%b5%d0%b2%d0%ba%d0%b0-%d0%b4%d0%bb%d1%8f-%d0%b2%d0%b5%d0%b9%d0%ba%d0%b1%d0%be%d1%80%d0%b4%d0%b0-proline-65-reflex-eva-wak\\\/\"]}]},{\"@type\":\"ImageObject\",\"inLanguage\":\"ru-RU\",\"@id\":\"https:\\\/\\\/www.waterskis.lv\\\/ru\\\/product\\\/%d1%80%d1%83%d0%ba%d0%be%d1%8f%d1%82%d0%ba%d0%b0-%d0%b8-%d0%b2%d0%b5%d1%80%d0%b5%d0%b2%d0%ba%d0%b0-%d0%b4%d0%bb%d1%8f-%d0%b2%d0%b5%d0%b9%d0%ba%d0%b1%d0%be%d1%80%d0%b4%d0%b0-proline-65-reflex-eva-wak\\\/#primaryimage\",\"url\":\"https:\\\/\\\/www.waterskis.lv\\\/wp-content\\\/uploads\\\/2022\\\/01\\\/ReflexPackageCyan_1800x1800.jpg\",\"contentUrl\":\"https:\\\/\\\/www.waterskis.lv\\\/wp-content\\\/uploads\\\/2022\\\/01\\\/ReflexPackageCyan_1800x1800.jpg\",\"width\":640,\"height\":640,\"caption\":\"ProLine PROLINE 65' REFLEX EVA\"},{\"@type\":\"BreadcrumbList\",\"@id\":\"https:\\\/\\\/www.waterskis.lv\\\/ru\\\/product\\\/%d1%80%d1%83%d0%ba%d0%be%d1%8f%d1%82%d0%ba%d0%b0-%d0%b8-%d0%b2%d0%b5%d1%80%d0%b5%d0%b2%d0%ba%d0%b0-%d0%b4%d0%bb%d1%8f-%d0%b2%d0%b5%d0%b9%d0%ba%d0%b1%d0%be%d1%80%d0%b4%d0%b0-proline-65-reflex-eva-wak\\\/#breadcrumb\",\"itemListElement\":[{\"@type\":\"ListItem\",\"position\":1,\"name\":\"Home\",\"item\":\"https:\\\/\\\/www.waterskis.lv\\\/ru\\\/\"},{\"@type\":\"ListItem\",\"position\":2,\"name\":\"\u041c\u0430\u0433\u0430\u0437\u0438\u043d\",\"item\":\"https:\\\/\\\/www.waterskis.lv\\\/ru\\\/%d0%bc%d0%b0%d0%b3%d0%b0%d0%b7%d0%b8%d0%bd\\\/\"},{\"@type\":\"ListItem\",\"position\":3,\"name\":\"\u0420\u0443\u043a\u043e\u044f\u0442\u043a\u0430 \u0438 \u0432\u0435\u0440\u0435\u0432\u043a\u0430 \u0434\u043b\u044f \u0432\u0435\u0439\u043a\u0431\u043e\u0440\u0434\u0430 ProLine 65&#8242; Reflex EVA Wake Package\"}]},{\"@type\":\"WebSite\",\"@id\":\"https:\\\/\\\/www.waterskis.lv\\\/ru\\\/#website\",\"url\":\"https:\\\/\\\/www.waterskis.lv\\\/ru\\\/\",\"name\":\"WATERSKIS.LV\",\"description\":\"SUP d\u0113\u013ci, kajaki, kanoe, airu laivas, \u016bdenssl\u0113po\u0161ana, veikbords, SUP d\u0113\u013cu noma, kajaku nomaakt\u012bv\u0101s atp\u016btas centrs, laivu noma, sup noma, kajaku noma\",\"publisher\":{\"@id\":\"https:\\\/\\\/www.waterskis.lv\\\/ru\\\/#organization\"},\"potentialAction\":[{\"@type\":\"SearchAction\",\"target\":{\"@type\":\"EntryPoint\",\"urlTemplate\":\"https:\\\/\\\/www.waterskis.lv\\\/ru\\\/?s={search_term_string}\"},\"query-input\":{\"@type\":\"PropertyValueSpecification\",\"valueRequired\":true,\"valueName\":\"search_term_string\"}}],\"inLanguage\":\"ru-RU\"},{\"@type\":\"Organization\",\"@id\":\"https:\\\/\\\/www.waterskis.lv\\\/ru\\\/#organization\",\"name\":\"WATERSKIS.LV\",\"url\":\"https:\\\/\\\/www.waterskis.lv\\\/ru\\\/\",\"logo\":{\"@type\":\"ImageObject\",\"inLanguage\":\"ru-RU\",\"@id\":\"https:\\\/\\\/www.waterskis.lv\\\/ru\\\/#\\\/schema\\\/logo\\\/image\\\/\",\"url\":\"https:\\\/\\\/www.waterskis.lv\\\/wp-content\\\/uploads\\\/2025\\\/01\\\/JUVP-logo.png\",\"contentUrl\":\"https:\\\/\\\/www.waterskis.lv\\\/wp-content\\\/uploads\\\/2025\\\/01\\\/JUVP-logo.png\",\"width\":421,\"height\":202,\"caption\":\"WATERSKIS.LV\"},\"image\":{\"@id\":\"https:\\\/\\\/www.waterskis.lv\\\/ru\\\/#\\\/schema\\\/logo\\\/image\\\/\"},\"sameAs\":[\"https:\\\/\\\/www.facebook.com\\\/jurmalawaterskiwakeboardpark\\\/\"]}]}<\/script>\n<!-- \/ Yoast SEO plugin. -->","yoast_head_json":{"title":"\u0420\u0443\u043a\u043e\u044f\u0442\u043a\u0430 \u0438 \u0432\u0435\u0440\u0435\u0432\u043a\u0430 \u0434\u043b\u044f \u0432\u0435\u0439\u043a\u0431\u043e\u0440\u0434\u0430 ProLine 65' Reflex EVA Wake Package - WATERSKIS.LV","description":"\u0420\u0443\u043a\u043e\u044f\u0442\u043a\u0430 \u0438 \u0432\u0435\u0440\u0435\u0432\u043a\u0430 \u0434\u043b\u044f \u0432\u0435\u0439\u043a\u0431\u043e\u0440\u0434\u0430 ProLine 65' Reflex EVA Wake Package. EVA HANDLE w\/ POLY-E MAIN w\/ 3-5' SECTIONS \u043a\u0443\u043f\u0438\u0442\u044c \u0432 @waterskis.lv","robots":{"index":"index","follow":"follow","max-snippet":"max-snippet:-1","max-image-preview":"max-image-preview:large","max-video-preview":"max-video-preview:-1"},"canonical":"https:\/\/www.waterskis.lv\/ru\/product\/%d1%80%d1%83%d0%ba%d0%be%d1%8f%d1%82%d0%ba%d0%b0-%d0%b8-%d0%b2%d0%b5%d1%80%d0%b5%d0%b2%d0%ba%d0%b0-%d0%b4%d0%bb%d1%8f-%d0%b2%d0%b5%d0%b9%d0%ba%d0%b1%d0%be%d1%80%d0%b4%d0%b0-proline-65-reflex-eva-wak\/","og_locale":"ru_RU","og_type":"article","og_title":"\u0420\u0443\u043a\u043e\u044f\u0442\u043a\u0430 \u0438 \u0432\u0435\u0440\u0435\u0432\u043a\u0430 \u0434\u043b\u044f \u0432\u0435\u0439\u043a\u0431\u043e\u0440\u0434\u0430 ProLine 65' Reflex EVA Wake Package - WATERSKIS.LV","og_description":"\u0420\u0443\u043a\u043e\u044f\u0442\u043a\u0430 \u0438 \u0432\u0435\u0440\u0435\u0432\u043a\u0430 \u0434\u043b\u044f \u0432\u0435\u0439\u043a\u0431\u043e\u0440\u0434\u0430 ProLine 65' Reflex EVA Wake Package. EVA HANDLE w\/ POLY-E MAIN w\/ 3-5' SECTIONS \u043a\u0443\u043f\u0438\u0442\u044c \u0432 @waterskis.lv","og_url":"https:\/\/www.waterskis.lv\/ru\/product\/%d1%80%d1%83%d0%ba%d0%be%d1%8f%d1%82%d0%ba%d0%b0-%d0%b8-%d0%b2%d0%b5%d1%80%d0%b5%d0%b2%d0%ba%d0%b0-%d0%b4%d0%bb%d1%8f-%d0%b2%d0%b5%d0%b9%d0%ba%d0%b1%d0%be%d1%80%d0%b4%d0%b0-proline-65-reflex-eva-wak\/","og_site_name":"WATERSKIS.LV","article_publisher":"https:\/\/www.facebook.com\/jurmalawaterskiwakeboardpark\/","article_modified_time":"2026-01-29T10:12:10+00:00","og_image":[{"width":640,"height":640,"url":"https:\/\/www.waterskis.lv\/wp-content\/uploads\/2022\/01\/ReflexPackageCyan_1800x1800.jpg","type":"image\/jpeg"}],"twitter_card":"summary_large_image","twitter_misc":{"\u041f\u0440\u0438\u043c\u0435\u0440\u043d\u043e\u0435 \u0432\u0440\u0435\u043c\u044f \u0434\u043b\u044f \u0447\u0442\u0435\u043d\u0438\u044f":"2 \u043c\u0438\u043d\u0443\u0442\u044b"},"schema":{"@context":"https:\/\/schema.org","@graph":[{"@type":"WebPage","@id":"https:\/\/www.waterskis.lv\/ru\/product\/%d1%80%d1%83%d0%ba%d0%be%d1%8f%d1%82%d0%ba%d0%b0-%d0%b8-%d0%b2%d0%b5%d1%80%d0%b5%d0%b2%d0%ba%d0%b0-%d0%b4%d0%bb%d1%8f-%d0%b2%d0%b5%d0%b9%d0%ba%d0%b1%d0%be%d1%80%d0%b4%d0%b0-proline-65-reflex-eva-wak\/","url":"https:\/\/www.waterskis.lv\/ru\/product\/%d1%80%d1%83%d0%ba%d0%be%d1%8f%d1%82%d0%ba%d0%b0-%d0%b8-%d0%b2%d0%b5%d1%80%d0%b5%d0%b2%d0%ba%d0%b0-%d0%b4%d0%bb%d1%8f-%d0%b2%d0%b5%d0%b9%d0%ba%d0%b1%d0%be%d1%80%d0%b4%d0%b0-proline-65-reflex-eva-wak\/","name":"\u0420\u0443\u043a\u043e\u044f\u0442\u043a\u0430 \u0438 \u0432\u0435\u0440\u0435\u0432\u043a\u0430 \u0434\u043b\u044f \u0432\u0435\u0439\u043a\u0431\u043e\u0440\u0434\u0430 ProLine 65' Reflex EVA Wake Package - WATERSKIS.LV","isPartOf":{"@id":"https:\/\/www.waterskis.lv\/ru\/#website"},"primaryImageOfPage":{"@id":"https:\/\/www.waterskis.lv\/ru\/product\/%d1%80%d1%83%d0%ba%d0%be%d1%8f%d1%82%d0%ba%d0%b0-%d0%b8-%d0%b2%d0%b5%d1%80%d0%b5%d0%b2%d0%ba%d0%b0-%d0%b4%d0%bb%d1%8f-%d0%b2%d0%b5%d0%b9%d0%ba%d0%b1%d0%be%d1%80%d0%b4%d0%b0-proline-65-reflex-eva-wak\/#primaryimage"},"image":{"@id":"https:\/\/www.waterskis.lv\/ru\/product\/%d1%80%d1%83%d0%ba%d0%be%d1%8f%d1%82%d0%ba%d0%b0-%d0%b8-%d0%b2%d0%b5%d1%80%d0%b5%d0%b2%d0%ba%d0%b0-%d0%b4%d0%bb%d1%8f-%d0%b2%d0%b5%d0%b9%d0%ba%d0%b1%d0%be%d1%80%d0%b4%d0%b0-proline-65-reflex-eva-wak\/#primaryimage"},"thumbnailUrl":"https:\/\/www.waterskis.lv\/wp-content\/uploads\/2022\/01\/ReflexPackageCyan_1800x1800.jpg","datePublished":"2022-01-27T04:44:32+00:00","dateModified":"2026-01-29T10:12:10+00:00","description":"\u0420\u0443\u043a\u043e\u044f\u0442\u043a\u0430 \u0438 \u0432\u0435\u0440\u0435\u0432\u043a\u0430 \u0434\u043b\u044f \u0432\u0435\u0439\u043a\u0431\u043e\u0440\u0434\u0430 ProLine 65' Reflex EVA Wake Package. EVA HANDLE w\/ POLY-E MAIN w\/ 3-5' SECTIONS \u043a\u0443\u043f\u0438\u0442\u044c \u0432 @waterskis.lv","breadcrumb":{"@id":"https:\/\/www.waterskis.lv\/ru\/product\/%d1%80%d1%83%d0%ba%d0%be%d1%8f%d1%82%d0%ba%d0%b0-%d0%b8-%d0%b2%d0%b5%d1%80%d0%b5%d0%b2%d0%ba%d0%b0-%d0%b4%d0%bb%d1%8f-%d0%b2%d0%b5%d0%b9%d0%ba%d0%b1%d0%be%d1%80%d0%b4%d0%b0-proline-65-reflex-eva-wak\/#breadcrumb"},"inLanguage":"ru-RU","potentialAction":[{"@type":"ReadAction","target":["https:\/\/www.waterskis.lv\/ru\/product\/%d1%80%d1%83%d0%ba%d0%be%d1%8f%d1%82%d0%ba%d0%b0-%d0%b8-%d0%b2%d0%b5%d1%80%d0%b5%d0%b2%d0%ba%d0%b0-%d0%b4%d0%bb%d1%8f-%d0%b2%d0%b5%d0%b9%d0%ba%d0%b1%d0%be%d1%80%d0%b4%d0%b0-proline-65-reflex-eva-wak\/"]}]},{"@type":"ImageObject","inLanguage":"ru-RU","@id":"https:\/\/www.waterskis.lv\/ru\/product\/%d1%80%d1%83%d0%ba%d0%be%d1%8f%d1%82%d0%ba%d0%b0-%d0%b8-%d0%b2%d0%b5%d1%80%d0%b5%d0%b2%d0%ba%d0%b0-%d0%b4%d0%bb%d1%8f-%d0%b2%d0%b5%d0%b9%d0%ba%d0%b1%d0%be%d1%80%d0%b4%d0%b0-proline-65-reflex-eva-wak\/#primaryimage","url":"https:\/\/www.waterskis.lv\/wp-content\/uploads\/2022\/01\/ReflexPackageCyan_1800x1800.jpg","contentUrl":"https:\/\/www.waterskis.lv\/wp-content\/uploads\/2022\/01\/ReflexPackageCyan_1800x1800.jpg","width":640,"height":640,"caption":"ProLine PROLINE 65' REFLEX EVA"},{"@type":"BreadcrumbList","@id":"https:\/\/www.waterskis.lv\/ru\/product\/%d1%80%d1%83%d0%ba%d0%be%d1%8f%d1%82%d0%ba%d0%b0-%d0%b8-%d0%b2%d0%b5%d1%80%d0%b5%d0%b2%d0%ba%d0%b0-%d0%b4%d0%bb%d1%8f-%d0%b2%d0%b5%d0%b9%d0%ba%d0%b1%d0%be%d1%80%d0%b4%d0%b0-proline-65-reflex-eva-wak\/#breadcrumb","itemListElement":[{"@type":"ListItem","position":1,"name":"Home","item":"https:\/\/www.waterskis.lv\/ru\/"},{"@type":"ListItem","position":2,"name":"\u041c\u0430\u0433\u0430\u0437\u0438\u043d","item":"https:\/\/www.waterskis.lv\/ru\/%d0%bc%d0%b0%d0%b3%d0%b0%d0%b7%d0%b8%d0%bd\/"},{"@type":"ListItem","position":3,"name":"\u0420\u0443\u043a\u043e\u044f\u0442\u043a\u0430 \u0438 \u0432\u0435\u0440\u0435\u0432\u043a\u0430 \u0434\u043b\u044f \u0432\u0435\u0439\u043a\u0431\u043e\u0440\u0434\u0430 ProLine 65&#8242; Reflex EVA Wake Package"}]},{"@type":"WebSite","@id":"https:\/\/www.waterskis.lv\/ru\/#website","url":"https:\/\/www.waterskis.lv\/ru\/","name":"WATERSKIS.LV","description":"SUP d\u0113\u013ci, kajaki, kanoe, airu laivas, \u016bdenssl\u0113po\u0161ana, veikbords, SUP d\u0113\u013cu noma, kajaku nomaakt\u012bv\u0101s atp\u016btas centrs, laivu noma, sup noma, kajaku noma","publisher":{"@id":"https:\/\/www.waterskis.lv\/ru\/#organization"},"potentialAction":[{"@type":"SearchAction","target":{"@type":"EntryPoint","urlTemplate":"https:\/\/www.waterskis.lv\/ru\/?s={search_term_string}"},"query-input":{"@type":"PropertyValueSpecification","valueRequired":true,"valueName":"search_term_string"}}],"inLanguage":"ru-RU"},{"@type":"Organization","@id":"https:\/\/www.waterskis.lv\/ru\/#organization","name":"WATERSKIS.LV","url":"https:\/\/www.waterskis.lv\/ru\/","logo":{"@type":"ImageObject","inLanguage":"ru-RU","@id":"https:\/\/www.waterskis.lv\/ru\/#\/schema\/logo\/image\/","url":"https:\/\/www.waterskis.lv\/wp-content\/uploads\/2025\/01\/JUVP-logo.png","contentUrl":"https:\/\/www.waterskis.lv\/wp-content\/uploads\/2025\/01\/JUVP-logo.png","width":421,"height":202,"caption":"WATERSKIS.LV"},"image":{"@id":"https:\/\/www.waterskis.lv\/ru\/#\/schema\/logo\/image\/"},"sameAs":["https:\/\/www.facebook.com\/jurmalawaterskiwakeboardpark\/"]}]}},"_links":{"self":[{"href":"https:\/\/www.waterskis.lv\/ru\/wp-json\/wp\/v2\/product\/39271","targetHints":{"allow":["GET"]}}],"collection":[{"href":"https:\/\/www.waterskis.lv\/ru\/wp-json\/wp\/v2\/product"}],"about":[{"href":"https:\/\/www.waterskis.lv\/ru\/wp-json\/wp\/v2\/types\/product"}],"replies":[{"embeddable":true,"href":"https:\/\/www.waterskis.lv\/ru\/wp-json\/wp\/v2\/comments?post=39271"}],"wp:featuredmedia":[{"embeddable":true,"href":"https:\/\/www.waterskis.lv\/ru\/wp-json\/wp\/v2\/media\/35478"}],"wp:attachment":[{"href":"https:\/\/www.waterskis.lv\/ru\/wp-json\/wp\/v2\/media?parent=39271"}],"wp:term":[{"taxonomy":"product_brand","embeddable":true,"href":"https:\/\/www.waterskis.lv\/ru\/wp-json\/wp\/v2\/product_brand?post=39271"},{"taxonomy":"product_cat","embeddable":true,"href":"https:\/\/www.waterskis.lv\/ru\/wp-json\/wp\/v2\/product_cat?post=39271"},{"taxonomy":"product_tag","embeddable":true,"href":"https:\/\/www.waterskis.lv\/ru\/wp-json\/wp\/v2\/product_tag?post=39271"}],"curies":[{"name":"wp","href":"https:\/\/api.w.org\/{rel}","templated":true}]}}