{"id":41079,"date":"2022-01-15T15:24:53","date_gmt":"2022-06-14T12:02:11","guid":{"rendered":"https:\/\/www.waterskis.lv\/?post_type=product&#038;p=41079"},"modified":"2022-06-14T15:02:12","modified_gmt":"2022-06-14T12:02:12","slug":"%d0%bd%d0%b0%d0%b4%d1%83%d0%b2%d0%bd%d0%b0%d1%8f-%d0%bb%d0%be%d0%b4%d0%ba%d0%b0-%d1%81-%d0%b0%d0%bb%d1%8e%d0%bc%d0%b8%d0%bd%d0%b8%d0%b5%d0%b2%d1%8b%d0%bc-%d0%bf%d0%be%d0%bb%d0%be%d0%bc-360-%d0%bc","status":"publish","type":"product","link":"https:\/\/www.waterskis.lv\/ru\/product\/%d0%bd%d0%b0%d0%b4%d1%83%d0%b2%d0%bd%d0%b0%d1%8f-%d0%bb%d0%be%d0%b4%d0%ba%d0%b0-%d1%81-%d0%b0%d0%bb%d1%8e%d0%bc%d0%b8%d0%bd%d0%b8%d0%b5%d0%b2%d1%8b%d0%bc-%d0%bf%d0%be%d0%bb%d0%be%d0%bc-360-%d0%bc\/","title":{"rendered":"\u041d\u0430\u0434\u0443\u0432\u043d\u0430\u044f \u043b\u043e\u0434\u043a\u0430 \u0441 \u0430\u043b\u044e\u043c\u0438\u043d\u0438\u0435\u0432\u044b\u043c \u043f\u043e\u043b\u043e\u043c 3,60 \u043c."},"content":{"rendered":"<p>\u041d\u0430\u0434\u0443\u0432\u043d\u0430\u044f \u043b\u043e\u0434\u043a\u0430 \u0441 \u0430\u043b\u044e\u043c\u0438\u043d\u0438\u0435\u0432\u044b\u043c \u043f\u043e\u043b\u043e\u043c 3,60 \u043c.<\/p>\n<p>\u0414\u041b\u0418\u041d\u0410, \u041c 3,60<br \/>\n\u0428\u0418\u0420\u0418\u041d\u0410, \u041c 1,73<br \/>\n\u0412\u041d\u0423\u0422\u0420\u0415\u041d\u041d\u042f\u042f \u0414\u041b\u0418\u041d\u0410, \u041c 2,42<br \/>\n\u0412\u041d\u0423\u0422\u0420\u0415\u041d\u041d\u042f\u042f \u0428\u0418\u0420\u0418\u041d\u0410, \u041c 0,81<br \/>\n\u0414\u0418\u0410\u041c\u0415\u0422\u0420 \u0426\u0418\u041b\u0418\u041d\u0414\u0420\u0410, \u041c 0,46<br \/>\n\u041a\u041e\u041b\u0418\u0427\u0415\u0421\u0422\u0412\u041e \u0427\u0415\u041b\u041e\u0412\u0415\u041a 6<br \/>\n\u041a\u041e\u041b\u0418\u0427\u0415\u0421\u0422\u0412\u041e \u0421\u0411\u041e\u0420\u041d\u0418\u041a\u041e\u0412 3 + \u042f\u0417\u042b\u041a<br \/>\n\u0412\u041c\u0415\u0421\u0422\u0418\u041c\u041e\u0421\u0422\u042c, \u041a\u0413 710<br \/>\n\u0412\u0415\u0421, \u041a\u0413 79<br \/>\n\u0414\u0412\u0418\u0413\u0410\u0422\u0415\u041b\u042c, \u041a\u0412\u0422\/\u041b.\u0421. 14,9\/20<br \/>\n\u041a\u0410\u0422\u0415\u0413\u041e\u0420\u0418\u042f \u0421\u0423\u0414\u041d\u0410<br \/>\n\u041c\u0410\u0422\u0415\u0420\u0418\u0410\u041b \u041f\u0412\u0425 (\u0426\u0418\u041b\u0418\u041d\u0414\u0420) 1050 \u0433\/\u043c2<br \/>\n\u0422\u0418\u041f \u041f\u041e\u041b\u0410 \u0410\u043b\u044e\u043c\u0438\u043d\u0438\u0439<\/p>\n<p>\u0410\u0440\u0442\u0438\u043a\u0443\u043b: \u041c\u0411-360\u0410\u041b<\/p>\n<p>\u0421\u0442\u0430\u043d\u0434\u0430\u0440\u0442\u043d\u043e\u0435 \u043e\u0431\u043e\u0440\u0443\u0434\u043e\u0432\u0430\u043d\u0438\u0435<br \/>\n\u2022 \u041f\u0430\u0440\u0430 \u0441\u043e\u0441\u0442\u043e\u044f\u0449\u0438\u0445 \u0438\u0437 \u0434\u0432\u0443\u0445 \u0447\u0430\u0441\u0442\u0435\u0439 \u043b\u043e\u043f\u0430\u0441\u0442\u0435\u0439 \u0438\u0437 \u0430\u043d\u043e\u0434\u0438\u0440\u043e\u0432\u0430\u043d\u043d\u043e\u0433\u043e \u0430\u043b\u044e\u043c\u0438\u043d\u0438\u044f.<br \/>\n\u2022 \u0421\u0438\u0434\u0435\u043d\u044c\u0435 \u0438\u0437 \u0444\u0430\u043d\u0435\u0440\u044b \u043c\u043e\u0440\u0441\u043a\u043e\u0433\u043e \u043a\u043b\u0430\u0441\u0441\u0430<br \/>\n\u2022 \u0421\u0443\u043c\u043a\u0430 \u0434\u043b\u044f \u043b\u043e\u0434\u043a\u0438<br \/>\n\u2022 \u041d\u0430\u043f\u043e\u043b\u044c\u043d\u0430\u044f \u0441\u0443\u043c\u043a\u0430<br \/>\n\u2022 \u041a\u043e\u043c\u043f\u043b\u0435\u043a\u0442 \u0434\u043b\u044f \u0440\u0435\u043c\u043e\u043d\u0442\u0430<br \/>\n\u2022 \u041d\u043e\u0436\u043d\u043e\u0439 \u0438\u043b\u0438 \u0440\u0443\u0447\u043d\u043e\u0439 \u043d\u0430\u0441\u043e\u0441<\/p>\n<p>\u041d\u0430\u0434\u0443\u0432\u043d\u0430\u044f \u043b\u043e\u0434\u043a\u0430 \u0441 \u0430\u043b\u044e\u043c\u0438\u043d\u0438\u0435\u0432\u044b\u043c \u043f\u043e\u043b\u043e\u043c 3,60 \u043c.<\/p>\n","protected":false},"excerpt":{"rendered":"<p>\u041d\u0430\u0434\u0443\u0432\u043d\u0430\u044f \u043b\u043e\u0434\u043a\u0430 \u0441 \u0430\u043b\u044e\u043c\u0438\u043d\u0438\u0435\u0432\u044b\u043c \u043f\u043e\u043b\u043e\u043c 3,60 \u043c. \u0414\u041b\u0418\u041d\u0410, \u041c 3,60 \u0428\u0418\u0420\u0418\u041d\u0410, \u041c 1,73 \u0412\u041d\u0423\u0422\u0420\u0415\u041d\u041d\u042f\u042f \u0414\u041b\u0418\u041d\u0410, \u041c 2,42 \u0412\u041d\u0423\u0422\u0420\u0415\u041d\u041d\u042f\u042f \u0428\u0418\u0420\u0418\u041d\u0410, \u041c 0,81 \u0414\u0418\u0410\u041c\u0415\u0422\u0420 \u0426\u0418\u041b\u0418\u041d\u0414\u0420\u0410, \u041c 0,46 \u041a\u041e\u041b\u0418\u0427\u0415\u0421\u0422\u0412\u041e \u0427\u0415\u041b\u041e\u0412\u0415\u041a 6 \u041a\u041e\u041b\u0418\u0427\u0415\u0421\u0422\u0412\u041e \u0421\u0411\u041e\u0420\u041d\u0418\u041a\u041e\u0412 3 + \u042f\u0417\u042b\u041a \u0412\u041c\u0415\u0421\u0422\u0418\u041c\u041e\u0421\u0422\u042c, \u041a\u0413 710 \u0412\u0415\u0421, \u041a\u0413 79 \u0414\u0412\u0418\u0413\u0410\u0422\u0415\u041b\u042c, \u041a\u0412\u0422\/\u041b.\u0421. 14,9\/20 \u041a\u0410\u0422\u0415\u0413\u041e\u0420\u0418\u042f \u0421\u0423\u0414\u041d\u0410 \u041c\u0410\u0422\u0415\u0420\u0418\u0410\u041b \u041f\u0412\u0425 (\u0426\u0418\u041b\u0418\u041d\u0414\u0420) 1050 \u0433\/\u043c2 \u0422\u0418\u041f \u041f\u041e\u041b\u0410 \u0410\u043b\u044e\u043c\u0438\u043d\u0438\u0439 \u0410\u0440\u0442\u0438\u043a\u0443\u043b: \u041c\u0411-360\u0410\u041b \u0421\u0442\u0430\u043d\u0434\u0430\u0440\u0442\u043d\u043e\u0435 [&#8230;]<\/p>\n<p><a class=\"btn btn-secondary understrap-read-more-link\" href=\"https:\/\/www.waterskis.lv\/ru\/product\/%d0%bd%d0%b0%d0%b4%d1%83%d0%b2%d0%bd%d0%b0%d1%8f-%d0%bb%d0%be%d0%b4%d0%ba%d0%b0-%d1%81-%d0%b0%d0%bb%d1%8e%d0%bc%d0%b8%d0%bd%d0%b8%d0%b5%d0%b2%d1%8b%d0%bc-%d0%bf%d0%be%d0%bb%d0%be%d0%bc-360-%d0%bc\/\">\u0427\u0438\u0442\u0430\u0442\u044c \u0434\u0430\u043b\u044c\u0448\u0435\u2026<\/a><\/p>\n","protected":false},"featured_media":34621,"comment_status":"closed","ping_status":"closed","template":"","meta":{"_acf_changed":false,"inline_featured_image":false},"product_brand":[],"product_cat":[572],"product_tag":[],"class_list":{"0":"post-41079","1":"product","2":"type-product","3":"status-publish","4":"has-post-thumbnail","6":"product_cat-572","8":"first","9":"instock","10":"shipping-taxable","11":"purchasable","12":"product-type-simple"},"acf":[],"yoast_head":"<!-- This site is optimized with the Yoast SEO plugin v27.3 - https:\/\/yoast.com\/product\/yoast-seo-wordpress\/ -->\n<title>\u041d\u0430\u0434\u0443\u0432\u043d\u0430\u044f \u043b\u043e\u0434\u043a\u0430 \u0441 \u0430\u043b\u044e\u043c\u0438\u043d\u0438\u0435\u0432\u044b\u043c \u043f\u043e\u043b\u043e\u043c 3,60 \u043c. - WATERSKIS.LV<\/title>\n<meta name=\"description\" content=\"\u041d\u0430\u0434\u0443\u0432\u043d\u0430\u044f \u043b\u043e\u0434\u043a\u0430 \u0441 \u0430\u043b\u044e\u043c\u0438\u043d\u0438\u0435\u0432\u044b\u043c \u043f\u043e\u043b\u043e\u043c 3,60 \u043c.. Waterskis.lv - SUP \u0434\u043e\u0441\u043a\u0438, \u0421\u0410\u041f \u0431\u043e\u0440\u0434\u044b, \u0431\u0430\u0439\u0434\u0430\u0440\u043a\u0438, \u043b\u043e\u0434\u043a\u0438, \u0430\u043a\u0441\u0435\u0441\u0441\u0443\u0430\u0440\u044b. \u041f\u043e\u043a\u0443\u043f\u0430\u0439\u0442\u0435, \u0430\u0440\u0435\u043d\u0434\u0443\u0439\u0442\u0435\" \/>\n<meta name=\"robots\" content=\"index, follow, max-snippet:-1, max-image-preview:large, max-video-preview:-1\" \/>\n<link rel=\"canonical\" href=\"https:\/\/www.waterskis.lv\/ru\/product\/%d0%bd%d0%b0%d0%b4%d1%83%d0%b2%d0%bd%d0%b0%d1%8f-%d0%bb%d0%be%d0%b4%d0%ba%d0%b0-%d1%81-%d0%b0%d0%bb%d1%8e%d0%bc%d0%b8%d0%bd%d0%b8%d0%b5%d0%b2%d1%8b%d0%bc-%d0%bf%d0%be%d0%bb%d0%be%d0%bc-360-%d0%bc\/\" \/>\n<meta property=\"og:locale\" content=\"ru_RU\" \/>\n<meta property=\"og:type\" content=\"article\" \/>\n<meta property=\"og:title\" content=\"\u041d\u0430\u0434\u0443\u0432\u043d\u0430\u044f \u043b\u043e\u0434\u043a\u0430 \u0441 \u0430\u043b\u044e\u043c\u0438\u043d\u0438\u0435\u0432\u044b\u043c \u043f\u043e\u043b\u043e\u043c 3,60 \u043c. - WATERSKIS.LV\" \/>\n<meta property=\"og:description\" content=\"\u041d\u0430\u0434\u0443\u0432\u043d\u0430\u044f \u043b\u043e\u0434\u043a\u0430 \u0441 \u0430\u043b\u044e\u043c\u0438\u043d\u0438\u0435\u0432\u044b\u043c \u043f\u043e\u043b\u043e\u043c 3,60 \u043c.. Waterskis.lv - SUP \u0434\u043e\u0441\u043a\u0438, \u0421\u0410\u041f \u0431\u043e\u0440\u0434\u044b, \u0431\u0430\u0439\u0434\u0430\u0440\u043a\u0438, \u043b\u043e\u0434\u043a\u0438, \u0430\u043a\u0441\u0435\u0441\u0441\u0443\u0430\u0440\u044b. \u041f\u043e\u043a\u0443\u043f\u0430\u0439\u0442\u0435, \u0430\u0440\u0435\u043d\u0434\u0443\u0439\u0442\u0435\" \/>\n<meta property=\"og:url\" content=\"https:\/\/www.waterskis.lv\/ru\/product\/%d0%bd%d0%b0%d0%b4%d1%83%d0%b2%d0%bd%d0%b0%d1%8f-%d0%bb%d0%be%d0%b4%d0%ba%d0%b0-%d1%81-%d0%b0%d0%bb%d1%8e%d0%bc%d0%b8%d0%bd%d0%b8%d0%b5%d0%b2%d1%8b%d0%bc-%d0%bf%d0%be%d0%bb%d0%be%d0%bc-360-%d0%bc\/\" \/>\n<meta property=\"og:site_name\" content=\"WATERSKIS.LV\" \/>\n<meta property=\"article:publisher\" content=\"https:\/\/www.facebook.com\/jurmalawaterskiwakeboardpark\/\" \/>\n<meta property=\"article:modified_time\" content=\"2022-06-14T12:02:12+00:00\" \/>\n<meta property=\"og:image\" content=\"https:\/\/waterskis.lv\/wp-content\/uploads\/2022\/01\/W3.60.jpg\" \/>\n\t<meta property=\"og:image:width\" content=\"1125\" \/>\n\t<meta property=\"og:image:height\" content=\"1094\" \/>\n\t<meta property=\"og:image:type\" content=\"image\/jpeg\" \/>\n<meta name=\"twitter:card\" content=\"summary_large_image\" \/>\n<script type=\"application\/ld+json\" class=\"yoast-schema-graph\">{\"@context\":\"https:\\\/\\\/schema.org\",\"@graph\":[{\"@type\":\"WebPage\",\"@id\":\"https:\\\/\\\/www.waterskis.lv\\\/ru\\\/product\\\/%d0%bd%d0%b0%d0%b4%d1%83%d0%b2%d0%bd%d0%b0%d1%8f-%d0%bb%d0%be%d0%b4%d0%ba%d0%b0-%d1%81-%d0%b0%d0%bb%d1%8e%d0%bc%d0%b8%d0%bd%d0%b8%d0%b5%d0%b2%d1%8b%d0%bc-%d0%bf%d0%be%d0%bb%d0%be%d0%bc-360-%d0%bc\\\/\",\"url\":\"https:\\\/\\\/www.waterskis.lv\\\/ru\\\/product\\\/%d0%bd%d0%b0%d0%b4%d1%83%d0%b2%d0%bd%d0%b0%d1%8f-%d0%bb%d0%be%d0%b4%d0%ba%d0%b0-%d1%81-%d0%b0%d0%bb%d1%8e%d0%bc%d0%b8%d0%bd%d0%b8%d0%b5%d0%b2%d1%8b%d0%bc-%d0%bf%d0%be%d0%bb%d0%be%d0%bc-360-%d0%bc\\\/\",\"name\":\"\u041d\u0430\u0434\u0443\u0432\u043d\u0430\u044f \u043b\u043e\u0434\u043a\u0430 \u0441 \u0430\u043b\u044e\u043c\u0438\u043d\u0438\u0435\u0432\u044b\u043c \u043f\u043e\u043b\u043e\u043c 3,60 \u043c. - WATERSKIS.LV\",\"isPartOf\":{\"@id\":\"https:\\\/\\\/www.waterskis.lv\\\/ru\\\/#website\"},\"primaryImageOfPage\":{\"@id\":\"https:\\\/\\\/www.waterskis.lv\\\/ru\\\/product\\\/%d0%bd%d0%b0%d0%b4%d1%83%d0%b2%d0%bd%d0%b0%d1%8f-%d0%bb%d0%be%d0%b4%d0%ba%d0%b0-%d1%81-%d0%b0%d0%bb%d1%8e%d0%bc%d0%b8%d0%bd%d0%b8%d0%b5%d0%b2%d1%8b%d0%bc-%d0%bf%d0%be%d0%bb%d0%be%d0%bc-360-%d0%bc\\\/#primaryimage\"},\"image\":{\"@id\":\"https:\\\/\\\/www.waterskis.lv\\\/ru\\\/product\\\/%d0%bd%d0%b0%d0%b4%d1%83%d0%b2%d0%bd%d0%b0%d1%8f-%d0%bb%d0%be%d0%b4%d0%ba%d0%b0-%d1%81-%d0%b0%d0%bb%d1%8e%d0%bc%d0%b8%d0%bd%d0%b8%d0%b5%d0%b2%d1%8b%d0%bc-%d0%bf%d0%be%d0%bb%d0%be%d0%bc-360-%d0%bc\\\/#primaryimage\"},\"thumbnailUrl\":\"https:\\\/\\\/www.waterskis.lv\\\/wp-content\\\/uploads\\\/2022\\\/01\\\/W3.60.jpg\",\"datePublished\":\"2022-06-14T12:02:11+00:00\",\"dateModified\":\"2022-06-14T12:02:12+00:00\",\"description\":\"\u041d\u0430\u0434\u0443\u0432\u043d\u0430\u044f \u043b\u043e\u0434\u043a\u0430 \u0441 \u0430\u043b\u044e\u043c\u0438\u043d\u0438\u0435\u0432\u044b\u043c \u043f\u043e\u043b\u043e\u043c 3,60 \u043c.. Waterskis.lv - SUP \u0434\u043e\u0441\u043a\u0438, \u0421\u0410\u041f \u0431\u043e\u0440\u0434\u044b, \u0431\u0430\u0439\u0434\u0430\u0440\u043a\u0438, \u043b\u043e\u0434\u043a\u0438, \u0430\u043a\u0441\u0435\u0441\u0441\u0443\u0430\u0440\u044b. \u041f\u043e\u043a\u0443\u043f\u0430\u0439\u0442\u0435, \u0430\u0440\u0435\u043d\u0434\u0443\u0439\u0442\u0435\",\"breadcrumb\":{\"@id\":\"https:\\\/\\\/www.waterskis.lv\\\/ru\\\/product\\\/%d0%bd%d0%b0%d0%b4%d1%83%d0%b2%d0%bd%d0%b0%d1%8f-%d0%bb%d0%be%d0%b4%d0%ba%d0%b0-%d1%81-%d0%b0%d0%bb%d1%8e%d0%bc%d0%b8%d0%bd%d0%b8%d0%b5%d0%b2%d1%8b%d0%bc-%d0%bf%d0%be%d0%bb%d0%be%d0%bc-360-%d0%bc\\\/#breadcrumb\"},\"inLanguage\":\"ru-RU\",\"potentialAction\":[{\"@type\":\"ReadAction\",\"target\":[\"https:\\\/\\\/www.waterskis.lv\\\/ru\\\/product\\\/%d0%bd%d0%b0%d0%b4%d1%83%d0%b2%d0%bd%d0%b0%d1%8f-%d0%bb%d0%be%d0%b4%d0%ba%d0%b0-%d1%81-%d0%b0%d0%bb%d1%8e%d0%bc%d0%b8%d0%bd%d0%b8%d0%b5%d0%b2%d1%8b%d0%bc-%d0%bf%d0%be%d0%bb%d0%be%d0%bc-360-%d0%bc\\\/\"]}]},{\"@type\":\"ImageObject\",\"inLanguage\":\"ru-RU\",\"@id\":\"https:\\\/\\\/www.waterskis.lv\\\/ru\\\/product\\\/%d0%bd%d0%b0%d0%b4%d1%83%d0%b2%d0%bd%d0%b0%d1%8f-%d0%bb%d0%be%d0%b4%d0%ba%d0%b0-%d1%81-%d0%b0%d0%bb%d1%8e%d0%bc%d0%b8%d0%bd%d0%b8%d0%b5%d0%b2%d1%8b%d0%bc-%d0%bf%d0%be%d0%bb%d0%be%d0%bc-360-%d0%bc\\\/#primaryimage\",\"url\":\"https:\\\/\\\/www.waterskis.lv\\\/wp-content\\\/uploads\\\/2022\\\/01\\\/W3.60.jpg\",\"contentUrl\":\"https:\\\/\\\/www.waterskis.lv\\\/wp-content\\\/uploads\\\/2022\\\/01\\\/W3.60.jpg\",\"width\":1125,\"height\":1094,\"caption\":\"Piep\u016b\u0161ama laiva ar alum\u012bnija gr\u012bdu 3.60m\"},{\"@type\":\"BreadcrumbList\",\"@id\":\"https:\\\/\\\/www.waterskis.lv\\\/ru\\\/product\\\/%d0%bd%d0%b0%d0%b4%d1%83%d0%b2%d0%bd%d0%b0%d1%8f-%d0%bb%d0%be%d0%b4%d0%ba%d0%b0-%d1%81-%d0%b0%d0%bb%d1%8e%d0%bc%d0%b8%d0%bd%d0%b8%d0%b5%d0%b2%d1%8b%d0%bc-%d0%bf%d0%be%d0%bb%d0%be%d0%bc-360-%d0%bc\\\/#breadcrumb\",\"itemListElement\":[{\"@type\":\"ListItem\",\"position\":1,\"name\":\"Home\",\"item\":\"https:\\\/\\\/www.waterskis.lv\\\/ru\\\/\"},{\"@type\":\"ListItem\",\"position\":2,\"name\":\"\u041c\u0430\u0433\u0430\u0437\u0438\u043d\",\"item\":\"https:\\\/\\\/www.waterskis.lv\\\/ru\\\/%d0%bc%d0%b0%d0%b3%d0%b0%d0%b7%d0%b8%d0%bd\\\/\"},{\"@type\":\"ListItem\",\"position\":3,\"name\":\"\u041d\u0430\u0434\u0443\u0432\u043d\u0430\u044f \u043b\u043e\u0434\u043a\u0430 \u0441 \u0430\u043b\u044e\u043c\u0438\u043d\u0438\u0435\u0432\u044b\u043c \u043f\u043e\u043b\u043e\u043c 3,60 \u043c.\"}]},{\"@type\":\"WebSite\",\"@id\":\"https:\\\/\\\/www.waterskis.lv\\\/ru\\\/#website\",\"url\":\"https:\\\/\\\/www.waterskis.lv\\\/ru\\\/\",\"name\":\"WATERSKIS.LV\",\"description\":\"SUP d\u0113\u013ci, kajaki, kanoe, airu laivas, \u016bdenssl\u0113po\u0161ana, veikbords, SUP d\u0113\u013cu noma, kajaku nomaakt\u012bv\u0101s atp\u016btas centrs, laivu noma, sup noma, kajaku noma\",\"publisher\":{\"@id\":\"https:\\\/\\\/www.waterskis.lv\\\/ru\\\/#organization\"},\"potentialAction\":[{\"@type\":\"SearchAction\",\"target\":{\"@type\":\"EntryPoint\",\"urlTemplate\":\"https:\\\/\\\/www.waterskis.lv\\\/ru\\\/?s={search_term_string}\"},\"query-input\":{\"@type\":\"PropertyValueSpecification\",\"valueRequired\":true,\"valueName\":\"search_term_string\"}}],\"inLanguage\":\"ru-RU\"},{\"@type\":\"Organization\",\"@id\":\"https:\\\/\\\/www.waterskis.lv\\\/ru\\\/#organization\",\"name\":\"WATERSKIS.LV\",\"url\":\"https:\\\/\\\/www.waterskis.lv\\\/ru\\\/\",\"logo\":{\"@type\":\"ImageObject\",\"inLanguage\":\"ru-RU\",\"@id\":\"https:\\\/\\\/www.waterskis.lv\\\/ru\\\/#\\\/schema\\\/logo\\\/image\\\/\",\"url\":\"https:\\\/\\\/www.waterskis.lv\\\/wp-content\\\/uploads\\\/2025\\\/01\\\/JUVP-logo.png\",\"contentUrl\":\"https:\\\/\\\/www.waterskis.lv\\\/wp-content\\\/uploads\\\/2025\\\/01\\\/JUVP-logo.png\",\"width\":421,\"height\":202,\"caption\":\"WATERSKIS.LV\"},\"image\":{\"@id\":\"https:\\\/\\\/www.waterskis.lv\\\/ru\\\/#\\\/schema\\\/logo\\\/image\\\/\"},\"sameAs\":[\"https:\\\/\\\/www.facebook.com\\\/jurmalawaterskiwakeboardpark\\\/\"]}]}<\/script>\n<!-- \/ Yoast SEO plugin. -->","yoast_head_json":{"title":"\u041d\u0430\u0434\u0443\u0432\u043d\u0430\u044f \u043b\u043e\u0434\u043a\u0430 \u0441 \u0430\u043b\u044e\u043c\u0438\u043d\u0438\u0435\u0432\u044b\u043c \u043f\u043e\u043b\u043e\u043c 3,60 \u043c. - WATERSKIS.LV","description":"\u041d\u0430\u0434\u0443\u0432\u043d\u0430\u044f \u043b\u043e\u0434\u043a\u0430 \u0441 \u0430\u043b\u044e\u043c\u0438\u043d\u0438\u0435\u0432\u044b\u043c \u043f\u043e\u043b\u043e\u043c 3,60 \u043c.. Waterskis.lv - SUP \u0434\u043e\u0441\u043a\u0438, \u0421\u0410\u041f \u0431\u043e\u0440\u0434\u044b, \u0431\u0430\u0439\u0434\u0430\u0440\u043a\u0438, \u043b\u043e\u0434\u043a\u0438, \u0430\u043a\u0441\u0435\u0441\u0441\u0443\u0430\u0440\u044b. \u041f\u043e\u043a\u0443\u043f\u0430\u0439\u0442\u0435, \u0430\u0440\u0435\u043d\u0434\u0443\u0439\u0442\u0435","robots":{"index":"index","follow":"follow","max-snippet":"max-snippet:-1","max-image-preview":"max-image-preview:large","max-video-preview":"max-video-preview:-1"},"canonical":"https:\/\/www.waterskis.lv\/ru\/product\/%d0%bd%d0%b0%d0%b4%d1%83%d0%b2%d0%bd%d0%b0%d1%8f-%d0%bb%d0%be%d0%b4%d0%ba%d0%b0-%d1%81-%d0%b0%d0%bb%d1%8e%d0%bc%d0%b8%d0%bd%d0%b8%d0%b5%d0%b2%d1%8b%d0%bc-%d0%bf%d0%be%d0%bb%d0%be%d0%bc-360-%d0%bc\/","og_locale":"ru_RU","og_type":"article","og_title":"\u041d\u0430\u0434\u0443\u0432\u043d\u0430\u044f \u043b\u043e\u0434\u043a\u0430 \u0441 \u0430\u043b\u044e\u043c\u0438\u043d\u0438\u0435\u0432\u044b\u043c \u043f\u043e\u043b\u043e\u043c 3,60 \u043c. - WATERSKIS.LV","og_description":"\u041d\u0430\u0434\u0443\u0432\u043d\u0430\u044f \u043b\u043e\u0434\u043a\u0430 \u0441 \u0430\u043b\u044e\u043c\u0438\u043d\u0438\u0435\u0432\u044b\u043c \u043f\u043e\u043b\u043e\u043c 3,60 \u043c.. Waterskis.lv - SUP \u0434\u043e\u0441\u043a\u0438, \u0421\u0410\u041f \u0431\u043e\u0440\u0434\u044b, \u0431\u0430\u0439\u0434\u0430\u0440\u043a\u0438, \u043b\u043e\u0434\u043a\u0438, \u0430\u043a\u0441\u0435\u0441\u0441\u0443\u0430\u0440\u044b. \u041f\u043e\u043a\u0443\u043f\u0430\u0439\u0442\u0435, \u0430\u0440\u0435\u043d\u0434\u0443\u0439\u0442\u0435","og_url":"https:\/\/www.waterskis.lv\/ru\/product\/%d0%bd%d0%b0%d0%b4%d1%83%d0%b2%d0%bd%d0%b0%d1%8f-%d0%bb%d0%be%d0%b4%d0%ba%d0%b0-%d1%81-%d0%b0%d0%bb%d1%8e%d0%bc%d0%b8%d0%bd%d0%b8%d0%b5%d0%b2%d1%8b%d0%bc-%d0%bf%d0%be%d0%bb%d0%be%d0%bc-360-%d0%bc\/","og_site_name":"WATERSKIS.LV","article_publisher":"https:\/\/www.facebook.com\/jurmalawaterskiwakeboardpark\/","article_modified_time":"2022-06-14T12:02:12+00:00","og_image":[{"width":1125,"height":1094,"url":"https:\/\/waterskis.lv\/wp-content\/uploads\/2022\/01\/W3.60.jpg","type":"image\/jpeg"}],"twitter_card":"summary_large_image","schema":{"@context":"https:\/\/schema.org","@graph":[{"@type":"WebPage","@id":"https:\/\/www.waterskis.lv\/ru\/product\/%d0%bd%d0%b0%d0%b4%d1%83%d0%b2%d0%bd%d0%b0%d1%8f-%d0%bb%d0%be%d0%b4%d0%ba%d0%b0-%d1%81-%d0%b0%d0%bb%d1%8e%d0%bc%d0%b8%d0%bd%d0%b8%d0%b5%d0%b2%d1%8b%d0%bc-%d0%bf%d0%be%d0%bb%d0%be%d0%bc-360-%d0%bc\/","url":"https:\/\/www.waterskis.lv\/ru\/product\/%d0%bd%d0%b0%d0%b4%d1%83%d0%b2%d0%bd%d0%b0%d1%8f-%d0%bb%d0%be%d0%b4%d0%ba%d0%b0-%d1%81-%d0%b0%d0%bb%d1%8e%d0%bc%d0%b8%d0%bd%d0%b8%d0%b5%d0%b2%d1%8b%d0%bc-%d0%bf%d0%be%d0%bb%d0%be%d0%bc-360-%d0%bc\/","name":"\u041d\u0430\u0434\u0443\u0432\u043d\u0430\u044f \u043b\u043e\u0434\u043a\u0430 \u0441 \u0430\u043b\u044e\u043c\u0438\u043d\u0438\u0435\u0432\u044b\u043c \u043f\u043e\u043b\u043e\u043c 3,60 \u043c. - WATERSKIS.LV","isPartOf":{"@id":"https:\/\/www.waterskis.lv\/ru\/#website"},"primaryImageOfPage":{"@id":"https:\/\/www.waterskis.lv\/ru\/product\/%d0%bd%d0%b0%d0%b4%d1%83%d0%b2%d0%bd%d0%b0%d1%8f-%d0%bb%d0%be%d0%b4%d0%ba%d0%b0-%d1%81-%d0%b0%d0%bb%d1%8e%d0%bc%d0%b8%d0%bd%d0%b8%d0%b5%d0%b2%d1%8b%d0%bc-%d0%bf%d0%be%d0%bb%d0%be%d0%bc-360-%d0%bc\/#primaryimage"},"image":{"@id":"https:\/\/www.waterskis.lv\/ru\/product\/%d0%bd%d0%b0%d0%b4%d1%83%d0%b2%d0%bd%d0%b0%d1%8f-%d0%bb%d0%be%d0%b4%d0%ba%d0%b0-%d1%81-%d0%b0%d0%bb%d1%8e%d0%bc%d0%b8%d0%bd%d0%b8%d0%b5%d0%b2%d1%8b%d0%bc-%d0%bf%d0%be%d0%bb%d0%be%d0%bc-360-%d0%bc\/#primaryimage"},"thumbnailUrl":"https:\/\/www.waterskis.lv\/wp-content\/uploads\/2022\/01\/W3.60.jpg","datePublished":"2022-06-14T12:02:11+00:00","dateModified":"2022-06-14T12:02:12+00:00","description":"\u041d\u0430\u0434\u0443\u0432\u043d\u0430\u044f \u043b\u043e\u0434\u043a\u0430 \u0441 \u0430\u043b\u044e\u043c\u0438\u043d\u0438\u0435\u0432\u044b\u043c \u043f\u043e\u043b\u043e\u043c 3,60 \u043c.. Waterskis.lv - SUP \u0434\u043e\u0441\u043a\u0438, \u0421\u0410\u041f \u0431\u043e\u0440\u0434\u044b, \u0431\u0430\u0439\u0434\u0430\u0440\u043a\u0438, \u043b\u043e\u0434\u043a\u0438, \u0430\u043a\u0441\u0435\u0441\u0441\u0443\u0430\u0440\u044b. \u041f\u043e\u043a\u0443\u043f\u0430\u0439\u0442\u0435, \u0430\u0440\u0435\u043d\u0434\u0443\u0439\u0442\u0435","breadcrumb":{"@id":"https:\/\/www.waterskis.lv\/ru\/product\/%d0%bd%d0%b0%d0%b4%d1%83%d0%b2%d0%bd%d0%b0%d1%8f-%d0%bb%d0%be%d0%b4%d0%ba%d0%b0-%d1%81-%d0%b0%d0%bb%d1%8e%d0%bc%d0%b8%d0%bd%d0%b8%d0%b5%d0%b2%d1%8b%d0%bc-%d0%bf%d0%be%d0%bb%d0%be%d0%bc-360-%d0%bc\/#breadcrumb"},"inLanguage":"ru-RU","potentialAction":[{"@type":"ReadAction","target":["https:\/\/www.waterskis.lv\/ru\/product\/%d0%bd%d0%b0%d0%b4%d1%83%d0%b2%d0%bd%d0%b0%d1%8f-%d0%bb%d0%be%d0%b4%d0%ba%d0%b0-%d1%81-%d0%b0%d0%bb%d1%8e%d0%bc%d0%b8%d0%bd%d0%b8%d0%b5%d0%b2%d1%8b%d0%bc-%d0%bf%d0%be%d0%bb%d0%be%d0%bc-360-%d0%bc\/"]}]},{"@type":"ImageObject","inLanguage":"ru-RU","@id":"https:\/\/www.waterskis.lv\/ru\/product\/%d0%bd%d0%b0%d0%b4%d1%83%d0%b2%d0%bd%d0%b0%d1%8f-%d0%bb%d0%be%d0%b4%d0%ba%d0%b0-%d1%81-%d0%b0%d0%bb%d1%8e%d0%bc%d0%b8%d0%bd%d0%b8%d0%b5%d0%b2%d1%8b%d0%bc-%d0%bf%d0%be%d0%bb%d0%be%d0%bc-360-%d0%bc\/#primaryimage","url":"https:\/\/www.waterskis.lv\/wp-content\/uploads\/2022\/01\/W3.60.jpg","contentUrl":"https:\/\/www.waterskis.lv\/wp-content\/uploads\/2022\/01\/W3.60.jpg","width":1125,"height":1094,"caption":"Piep\u016b\u0161ama laiva ar alum\u012bnija gr\u012bdu 3.60m"},{"@type":"BreadcrumbList","@id":"https:\/\/www.waterskis.lv\/ru\/product\/%d0%bd%d0%b0%d0%b4%d1%83%d0%b2%d0%bd%d0%b0%d1%8f-%d0%bb%d0%be%d0%b4%d0%ba%d0%b0-%d1%81-%d0%b0%d0%bb%d1%8e%d0%bc%d0%b8%d0%bd%d0%b8%d0%b5%d0%b2%d1%8b%d0%bc-%d0%bf%d0%be%d0%bb%d0%be%d0%bc-360-%d0%bc\/#breadcrumb","itemListElement":[{"@type":"ListItem","position":1,"name":"Home","item":"https:\/\/www.waterskis.lv\/ru\/"},{"@type":"ListItem","position":2,"name":"\u041c\u0430\u0433\u0430\u0437\u0438\u043d","item":"https:\/\/www.waterskis.lv\/ru\/%d0%bc%d0%b0%d0%b3%d0%b0%d0%b7%d0%b8%d0%bd\/"},{"@type":"ListItem","position":3,"name":"\u041d\u0430\u0434\u0443\u0432\u043d\u0430\u044f \u043b\u043e\u0434\u043a\u0430 \u0441 \u0430\u043b\u044e\u043c\u0438\u043d\u0438\u0435\u0432\u044b\u043c \u043f\u043e\u043b\u043e\u043c 3,60 \u043c."}]},{"@type":"WebSite","@id":"https:\/\/www.waterskis.lv\/ru\/#website","url":"https:\/\/www.waterskis.lv\/ru\/","name":"WATERSKIS.LV","description":"SUP d\u0113\u013ci, kajaki, kanoe, airu laivas, \u016bdenssl\u0113po\u0161ana, veikbords, SUP d\u0113\u013cu noma, kajaku nomaakt\u012bv\u0101s atp\u016btas centrs, laivu noma, sup noma, kajaku noma","publisher":{"@id":"https:\/\/www.waterskis.lv\/ru\/#organization"},"potentialAction":[{"@type":"SearchAction","target":{"@type":"EntryPoint","urlTemplate":"https:\/\/www.waterskis.lv\/ru\/?s={search_term_string}"},"query-input":{"@type":"PropertyValueSpecification","valueRequired":true,"valueName":"search_term_string"}}],"inLanguage":"ru-RU"},{"@type":"Organization","@id":"https:\/\/www.waterskis.lv\/ru\/#organization","name":"WATERSKIS.LV","url":"https:\/\/www.waterskis.lv\/ru\/","logo":{"@type":"ImageObject","inLanguage":"ru-RU","@id":"https:\/\/www.waterskis.lv\/ru\/#\/schema\/logo\/image\/","url":"https:\/\/www.waterskis.lv\/wp-content\/uploads\/2025\/01\/JUVP-logo.png","contentUrl":"https:\/\/www.waterskis.lv\/wp-content\/uploads\/2025\/01\/JUVP-logo.png","width":421,"height":202,"caption":"WATERSKIS.LV"},"image":{"@id":"https:\/\/www.waterskis.lv\/ru\/#\/schema\/logo\/image\/"},"sameAs":["https:\/\/www.facebook.com\/jurmalawaterskiwakeboardpark\/"]}]}},"_links":{"self":[{"href":"https:\/\/www.waterskis.lv\/ru\/wp-json\/wp\/v2\/product\/41079","targetHints":{"allow":["GET"]}}],"collection":[{"href":"https:\/\/www.waterskis.lv\/ru\/wp-json\/wp\/v2\/product"}],"about":[{"href":"https:\/\/www.waterskis.lv\/ru\/wp-json\/wp\/v2\/types\/product"}],"replies":[{"embeddable":true,"href":"https:\/\/www.waterskis.lv\/ru\/wp-json\/wp\/v2\/comments?post=41079"}],"wp:featuredmedia":[{"embeddable":true,"href":"https:\/\/www.waterskis.lv\/ru\/wp-json\/wp\/v2\/media\/34621"}],"wp:attachment":[{"href":"https:\/\/www.waterskis.lv\/ru\/wp-json\/wp\/v2\/media?parent=41079"}],"wp:term":[{"taxonomy":"product_brand","embeddable":true,"href":"https:\/\/www.waterskis.lv\/ru\/wp-json\/wp\/v2\/product_brand?post=41079"},{"taxonomy":"product_cat","embeddable":true,"href":"https:\/\/www.waterskis.lv\/ru\/wp-json\/wp\/v2\/product_cat?post=41079"},{"taxonomy":"product_tag","embeddable":true,"href":"https:\/\/www.waterskis.lv\/ru\/wp-json\/wp\/v2\/product_tag?post=41079"}],"curies":[{"name":"wp","href":"https:\/\/api.w.org\/{rel}","templated":true}]}}