{"id":41199,"date":"2022-01-08T20:04:56","date_gmt":"2022-06-17T13:19:07","guid":{"rendered":"https:\/\/www.waterskis.lv\/?post_type=product&#038;p=41199"},"modified":"2022-06-17T16:19:07","modified_gmt":"2022-06-17T13:19:07","slug":"dulkan-220-rl","status":"publish","type":"product","link":"https:\/\/www.waterskis.lv\/ru\/product\/dulkan-220-rl\/","title":{"rendered":"Dulkan 220 RL"},"content":{"rendered":"<p>Dulkan 220 RL<\/p>\n<div class=\"tabs_section_container\">\n<div class=\"container\">\n<div class=\"row\">\n<div class=\"col\">\n<div id=\"tab_3\" class=\"tab_container active\">\n<div class=\"tab_text_block\">\n<p>\u042d\u0442\u0438 \u043b\u043e\u0434\u043a\u0438 \u043d\u0435\u0431\u043e\u043b\u044c\u0448\u043e\u0433\u043e \u0433\u0430\u0431\u0430\u0440\u0438\u0442\u0430 \u0441 \u0440\u0435\u0435\u0447\u043d\u044b\u043c \u043d\u0430\u0441\u0442\u0438\u043b\u043e\u043c \u0438 \u043f\u043b\u043e\u0441\u043a\u0438\u043c \u0434\u043d\u043e\u043c, \u043a\u043e\u0442\u043e\u0440\u044b\u0435 \u043f\u0440\u0435\u043a\u0440\u0430\u0441\u043d\u043e \u043f\u043e\u0434\u043e\u0439\u0434\u0443\u0442 \u0434\u043b\u044f \u0442\u0435\u0445, \u043a\u0442\u043e \u0446\u0435\u043d\u0438\u0442 \u043a\u043e\u043c\u043f\u0430\u043a\u0442\u043d\u043e\u0441\u0442\u044c \u0438 \u0431\u044b\u0441\u0442\u0440\u043e\u0442\u0443 \u043f\u043e\u0434\u0433\u043e\u0442\u043e\u0432\u043a\u0438 \u043b\u043e\u0434\u043a\u0438 \u043a \u044d\u043a\u0441\u043f\u043b\u0443\u0430\u0442\u0430\u0446\u0438\u0438, \u0442\u0430\u043a \u043a\u0430\u043a \u0432\u0440\u0435\u043c\u0435\u043d\u0438 \u043d\u0430 \u0443\u0441\u0442\u0430\u043d\u043e\u0432\u043a\u0443 \u043d\u0430\u0441\u0442\u0438\u043b\u0430 \u043d\u0435 \u0442\u0440\u0435\u0431\u0443\u0435\u0442\u0441\u044f. \u041a\u043e\u043c\u043f\u0430\u043a\u0442\u043d\u044b\u0435 \u043b\u043e\u0434\u043a\u0438 \u043f\u0440\u0435\u0434\u043d\u0430\u0437\u043d\u0430\u0447\u0435\u043d\u044b \u043d\u0435 \u0442\u043e\u043b\u044c\u043a\u043e \u0434\u043b\u044f \u043e\u0442\u0434\u044b\u0445\u0430 \u043d\u0430 \u0432\u043e\u0434\u0435, \u043e\u043d\u0438 \u043f\u0440\u0438\u043c\u0435\u043d\u044f\u044e\u0442\u0441\u044f \u0438 \u0432 \u043a\u0430\u0447\u0435\u0441\u0442\u0432\u0435 \u0432\u0441\u043f\u043e\u043c\u043e\u0433\u0430\u0442\u0435\u043b\u044c\u043d\u043e\u0433\u043e \u0440\u0430\u0437\u044a\u0435\u0437\u0434\u043d\u043e\u0433\u043e \u0441\u0443\u0434\u043d\u0430 \u043d\u0430 \u0431\u043e\u0440\u0442\u0443 \u043a\u0430\u0442\u0435\u0440\u0430 \u0438\u043b\u0438 \u044f\u0445\u0442\u044b. \u041b\u043e\u0434\u043a\u0430 \u043e\u0431\u043b\u0430\u0434\u0430\u0435\u0442 \u0445\u043e\u0440\u043e\u0448\u0435\u0439 \u0443\u0441\u0442\u043e\u0439\u0447\u0438\u0432\u043e\u0441\u0442\u044c\u044e \u0438 \u043c\u0430\u043d\u0435\u0432\u0440\u0435\u043d\u043d\u043e\u0441\u0442\u044c\u044e. \u0411\u043e\u0440\u0442\u0430 \u043b\u043e\u0434\u043a\u0438 \u0441\u043e\u0441\u0442\u043e\u044f\u0442 \u0438\u0437 2-\u0445 \u0438\u0437\u043e\u043b\u0438\u0440\u043e\u0432\u0430\u043d\u043d\u044b\u0445 \u043e\u0442\u0441\u0435\u043a\u043e\u0432.<\/p>\n<\/div>\n<\/div>\n<\/div>\n<\/div>\n<\/div>\n<\/div>\n<div class=\"newsletter\">\n<div class=\"container\">\n<div class=\"row\">\n<div class=\"newsletter_text d-flex flex-column justify-content-center align-items-lg-start align-items-md-center text-center\">\n<table class=\"table\">\n<tbody>\n<tr>\n<th>\u0414\u041b\u0418\u041d\u0410, \u041c<\/th>\n<td>2.20<\/td>\n<\/tr>\n<tr>\n<th>\u0428\u0418\u0420\u0418\u041d\u0410, \u041c<\/th>\n<td>1.45<\/td>\n<\/tr>\n<tr>\n<th>\u0412\u041d\u0423\u0422\u0420\u0415\u041d\u041d\u042f\u042f \u0414\u041b\u0418\u041d\u0410, \u041c<\/th>\n<td>1.55<\/td>\n<\/tr>\n<tr>\n<th>\u0412\u041d\u0423\u0422\u0420\u0415\u041d\u041d\u042f\u042f \u0428\u0418\u0420\u0418\u041d\u0410, \u041c<\/th>\n<td>0.65<\/td>\n<\/tr>\n<tr>\n<th>\u0414\u0418\u0410\u041c\u0415\u0422\u0420 \u0411\u0410\u041b\u041e\u041d\u0410, \u041c<\/th>\n<td>0.40<\/td>\n<\/tr>\n<tr>\n<th>\u041a\u041e\u041b\u0418\u0427\u0415\u0421\u0422\u0412\u041e \u0427\u0415\u041b\u041e\u0412\u0415\u041a<\/th>\n<td>2<\/td>\n<\/tr>\n<tr>\n<th>\u041a\u041e\u041b\u0418\u0427\u0415\u0421\u0422\u0412\u041e \u041a\u0410\u041c\u0415\u0420<\/th>\n<td>3<\/td>\n<\/tr>\n<tr>\n<th>\u0413\u0420\u0423\u0417\u041e\u041f\u041e\u0414\u042a\u0415\u041c\u041d\u041e\u0421\u0422\u042c, \u041a\u0413<\/th>\n<td>300<\/td>\n<\/tr>\n<tr>\n<th>\u0412\u0415\u0421 \u041a\u041e\u041c\u041f\u041b\u0415\u041a\u0422\u0410, \u041a\u0413<\/th>\n<td>24<\/td>\n<\/tr>\n<tr>\n<th>\u041c\u041e\u0422\u041e\u0420 KW\/HP<\/th>\n<td>3.7\/ 5<\/td>\n<\/tr>\n<tr>\n<th>\u041a\u0410\u0422\u0415\u0413\u041e\u0420\u0418\u042f \u041b\u041e\u0414\u041a\u0418<\/th>\n<td>D<\/td>\n<\/tr>\n<tr>\n<th>\u0414\u041b\u0418\u041d\u0410 \u041d\u041e\u0413\u0418 \u0414\u0412\u0418\u0413\u0410\u0422\u0415\u041b\u042f<\/th>\n<td>S\/L<\/td>\n<\/tr>\n<tr>\n<th>\u0413\u0410\u0411\u0410\u0420\u0418\u0422\u042b \u0423\u041f\u0410\u041a\u041e\u0412\u041a\u0418<\/th>\n<td>1.15\u00d70.40\u00d70.40<\/td>\n<\/tr>\n<tr>\n<th>\u0422\u0418\u041f \u0414\u041d\u0410<\/th>\n<td>\u0420\u0435\u0435\u0447\u043d\u043e\u0435 \u0434\u043d\u043e<\/td>\n<\/tr>\n<\/tbody>\n<\/table>\n<\/div>\n<\/div>\n<\/div>\n<\/div>\n<p>Dulkan 220 RL<\/p>\n","protected":false},"excerpt":{"rendered":"<p>Dulkan 220 RL \u042d\u0442\u0438 \u043b\u043e\u0434\u043a\u0438 \u043d\u0435\u0431\u043e\u043b\u044c\u0448\u043e\u0433\u043e \u0433\u0430\u0431\u0430\u0440\u0438\u0442\u0430 \u0441 \u0440\u0435\u0435\u0447\u043d\u044b\u043c \u043d\u0430\u0441\u0442\u0438\u043b\u043e\u043c \u0438 \u043f\u043b\u043e\u0441\u043a\u0438\u043c \u0434\u043d\u043e\u043c, \u043a\u043e\u0442\u043e\u0440\u044b\u0435 \u043f\u0440\u0435\u043a\u0440\u0430\u0441\u043d\u043e \u043f\u043e\u0434\u043e\u0439\u0434\u0443\u0442 \u0434\u043b\u044f \u0442\u0435\u0445, \u043a\u0442\u043e \u0446\u0435\u043d\u0438\u0442 \u043a\u043e\u043c\u043f\u0430\u043a\u0442\u043d\u043e\u0441\u0442\u044c \u0438 \u0431\u044b\u0441\u0442\u0440\u043e\u0442\u0443 \u043f\u043e\u0434\u0433\u043e\u0442\u043e\u0432\u043a\u0438 \u043b\u043e\u0434\u043a\u0438 \u043a \u044d\u043a\u0441\u043f\u043b\u0443\u0430\u0442\u0430\u0446\u0438\u0438, \u0442\u0430\u043a \u043a\u0430\u043a \u0432\u0440\u0435\u043c\u0435\u043d\u0438 \u043d\u0430 \u0443\u0441\u0442\u0430\u043d\u043e\u0432\u043a\u0443 \u043d\u0430\u0441\u0442\u0438\u043b\u0430 \u043d\u0435 \u0442\u0440\u0435\u0431\u0443\u0435\u0442\u0441\u044f. \u041a\u043e\u043c\u043f\u0430\u043a\u0442\u043d\u044b\u0435 \u043b\u043e\u0434\u043a\u0438 \u043f\u0440\u0435\u0434\u043d\u0430\u0437\u043d\u0430\u0447\u0435\u043d\u044b \u043d\u0435 \u0442\u043e\u043b\u044c\u043a\u043e \u0434\u043b\u044f \u043e\u0442\u0434\u044b\u0445\u0430 \u043d\u0430 \u0432\u043e\u0434\u0435, \u043e\u043d\u0438 \u043f\u0440\u0438\u043c\u0435\u043d\u044f\u044e\u0442\u0441\u044f \u0438 \u0432 \u043a\u0430\u0447\u0435\u0441\u0442\u0432\u0435 \u0432\u0441\u043f\u043e\u043c\u043e\u0433\u0430\u0442\u0435\u043b\u044c\u043d\u043e\u0433\u043e \u0440\u0430\u0437\u044a\u0435\u0437\u0434\u043d\u043e\u0433\u043e \u0441\u0443\u0434\u043d\u0430 \u043d\u0430 \u0431\u043e\u0440\u0442\u0443 \u043a\u0430\u0442\u0435\u0440\u0430 [&#8230;]<\/p>\n<p><a class=\"btn btn-secondary understrap-read-more-link\" href=\"https:\/\/www.waterskis.lv\/ru\/product\/dulkan-220-rl\/\">\u0427\u0438\u0442\u0430\u0442\u044c \u0434\u0430\u043b\u044c\u0448\u0435\u2026<\/a><\/p>\n","protected":false},"featured_media":34306,"comment_status":"closed","ping_status":"closed","template":"","meta":{"_acf_changed":false,"inline_featured_image":false},"product_brand":[],"product_cat":[572],"product_tag":[],"class_list":{"0":"post-41199","1":"product","2":"type-product","3":"status-publish","4":"has-post-thumbnail","6":"product_cat-572","8":"first","9":"instock","10":"shipping-taxable","11":"purchasable","12":"product-type-simple"},"acf":[],"yoast_head":"<!-- This site is optimized with the Yoast SEO plugin v27.3 - https:\/\/yoast.com\/product\/yoast-seo-wordpress\/ -->\n<title>Dulkan 220 RL - WATERSKIS.LV<\/title>\n<meta name=\"description\" content=\"Dulkan 220 RL. Waterskis.lv - SUP \u0434\u043e\u0441\u043a\u0438, \u0421\u0410\u041f \u0431\u043e\u0440\u0434\u044b, \u0431\u0430\u0439\u0434\u0430\u0440\u043a\u0438, \u043b\u043e\u0434\u043a\u0438, \u0430\u043a\u0441\u0435\u0441\u0441\u0443\u0430\u0440\u044b. \u041f\u043e\u043a\u0443\u043f\u0430\u0439\u0442\u0435, \u0430\u0440\u0435\u043d\u0434\u0443\u0439\u0442\u0435. waterskis.lv\" \/>\n<meta name=\"robots\" content=\"index, follow, max-snippet:-1, max-image-preview:large, max-video-preview:-1\" \/>\n<link rel=\"canonical\" href=\"https:\/\/www.waterskis.lv\/ru\/product\/dulkan-220-rl\/\" \/>\n<meta property=\"og:locale\" content=\"ru_RU\" \/>\n<meta property=\"og:type\" content=\"article\" \/>\n<meta property=\"og:title\" content=\"Dulkan 220 RL - WATERSKIS.LV\" \/>\n<meta property=\"og:description\" content=\"Dulkan 220 RL. Waterskis.lv - SUP \u0434\u043e\u0441\u043a\u0438, \u0421\u0410\u041f \u0431\u043e\u0440\u0434\u044b, \u0431\u0430\u0439\u0434\u0430\u0440\u043a\u0438, \u043b\u043e\u0434\u043a\u0438, \u0430\u043a\u0441\u0435\u0441\u0441\u0443\u0430\u0440\u044b. \u041f\u043e\u043a\u0443\u043f\u0430\u0439\u0442\u0435, \u0430\u0440\u0435\u043d\u0434\u0443\u0439\u0442\u0435. waterskis.lv\" \/>\n<meta property=\"og:url\" content=\"https:\/\/www.waterskis.lv\/ru\/product\/dulkan-220-rl\/\" \/>\n<meta property=\"og:site_name\" content=\"WATERSKIS.LV\" \/>\n<meta property=\"article:publisher\" content=\"https:\/\/www.facebook.com\/jurmalawaterskiwakeboardpark\/\" \/>\n<meta property=\"og:image\" content=\"https:\/\/www.waterskis.lv\/wp-content\/uploads\/2022\/01\/D220RL.jpg\" \/>\n\t<meta property=\"og:image:width\" content=\"1200\" \/>\n\t<meta property=\"og:image:height\" content=\"808\" \/>\n\t<meta property=\"og:image:type\" content=\"image\/jpeg\" \/>\n<meta name=\"twitter:card\" content=\"summary_large_image\" \/>\n<script type=\"application\/ld+json\" class=\"yoast-schema-graph\">{\"@context\":\"https:\\\/\\\/schema.org\",\"@graph\":[{\"@type\":\"WebPage\",\"@id\":\"https:\\\/\\\/www.waterskis.lv\\\/ru\\\/product\\\/dulkan-220-rl\\\/\",\"url\":\"https:\\\/\\\/www.waterskis.lv\\\/ru\\\/product\\\/dulkan-220-rl\\\/\",\"name\":\"Dulkan 220 RL - WATERSKIS.LV\",\"isPartOf\":{\"@id\":\"https:\\\/\\\/www.waterskis.lv\\\/ru\\\/#website\"},\"primaryImageOfPage\":{\"@id\":\"https:\\\/\\\/www.waterskis.lv\\\/ru\\\/product\\\/dulkan-220-rl\\\/#primaryimage\"},\"image\":{\"@id\":\"https:\\\/\\\/www.waterskis.lv\\\/ru\\\/product\\\/dulkan-220-rl\\\/#primaryimage\"},\"thumbnailUrl\":\"https:\\\/\\\/www.waterskis.lv\\\/wp-content\\\/uploads\\\/2022\\\/01\\\/D220RL.jpg\",\"datePublished\":\"2022-06-17T13:19:07+00:00\",\"description\":\"Dulkan 220 RL. Waterskis.lv - SUP \u0434\u043e\u0441\u043a\u0438, \u0421\u0410\u041f \u0431\u043e\u0440\u0434\u044b, \u0431\u0430\u0439\u0434\u0430\u0440\u043a\u0438, \u043b\u043e\u0434\u043a\u0438, \u0430\u043a\u0441\u0435\u0441\u0441\u0443\u0430\u0440\u044b. \u041f\u043e\u043a\u0443\u043f\u0430\u0439\u0442\u0435, \u0430\u0440\u0435\u043d\u0434\u0443\u0439\u0442\u0435. waterskis.lv\",\"breadcrumb\":{\"@id\":\"https:\\\/\\\/www.waterskis.lv\\\/ru\\\/product\\\/dulkan-220-rl\\\/#breadcrumb\"},\"inLanguage\":\"ru-RU\",\"potentialAction\":[{\"@type\":\"ReadAction\",\"target\":[\"https:\\\/\\\/www.waterskis.lv\\\/ru\\\/product\\\/dulkan-220-rl\\\/\"]}]},{\"@type\":\"ImageObject\",\"inLanguage\":\"ru-RU\",\"@id\":\"https:\\\/\\\/www.waterskis.lv\\\/ru\\\/product\\\/dulkan-220-rl\\\/#primaryimage\",\"url\":\"https:\\\/\\\/www.waterskis.lv\\\/wp-content\\\/uploads\\\/2022\\\/01\\\/D220RL.jpg\",\"contentUrl\":\"https:\\\/\\\/www.waterskis.lv\\\/wp-content\\\/uploads\\\/2022\\\/01\\\/D220RL.jpg\",\"width\":1200,\"height\":808,\"caption\":\"Dulkan 220 RL\"},{\"@type\":\"BreadcrumbList\",\"@id\":\"https:\\\/\\\/www.waterskis.lv\\\/ru\\\/product\\\/dulkan-220-rl\\\/#breadcrumb\",\"itemListElement\":[{\"@type\":\"ListItem\",\"position\":1,\"name\":\"Home\",\"item\":\"https:\\\/\\\/www.waterskis.lv\\\/ru\\\/\"},{\"@type\":\"ListItem\",\"position\":2,\"name\":\"\u041c\u0430\u0433\u0430\u0437\u0438\u043d\",\"item\":\"https:\\\/\\\/www.waterskis.lv\\\/ru\\\/%d0%bc%d0%b0%d0%b3%d0%b0%d0%b7%d0%b8%d0%bd\\\/\"},{\"@type\":\"ListItem\",\"position\":3,\"name\":\"Dulkan 220 RL\"}]},{\"@type\":\"WebSite\",\"@id\":\"https:\\\/\\\/www.waterskis.lv\\\/ru\\\/#website\",\"url\":\"https:\\\/\\\/www.waterskis.lv\\\/ru\\\/\",\"name\":\"WATERSKIS.LV\",\"description\":\"SUP d\u0113\u013ci, kajaki, kanoe, airu laivas, \u016bdenssl\u0113po\u0161ana, veikbords, SUP d\u0113\u013cu noma, kajaku nomaakt\u012bv\u0101s atp\u016btas centrs, laivu noma, sup noma, kajaku noma\",\"publisher\":{\"@id\":\"https:\\\/\\\/www.waterskis.lv\\\/ru\\\/#organization\"},\"potentialAction\":[{\"@type\":\"SearchAction\",\"target\":{\"@type\":\"EntryPoint\",\"urlTemplate\":\"https:\\\/\\\/www.waterskis.lv\\\/ru\\\/?s={search_term_string}\"},\"query-input\":{\"@type\":\"PropertyValueSpecification\",\"valueRequired\":true,\"valueName\":\"search_term_string\"}}],\"inLanguage\":\"ru-RU\"},{\"@type\":\"Organization\",\"@id\":\"https:\\\/\\\/www.waterskis.lv\\\/ru\\\/#organization\",\"name\":\"WATERSKIS.LV\",\"url\":\"https:\\\/\\\/www.waterskis.lv\\\/ru\\\/\",\"logo\":{\"@type\":\"ImageObject\",\"inLanguage\":\"ru-RU\",\"@id\":\"https:\\\/\\\/www.waterskis.lv\\\/ru\\\/#\\\/schema\\\/logo\\\/image\\\/\",\"url\":\"https:\\\/\\\/www.waterskis.lv\\\/wp-content\\\/uploads\\\/2025\\\/01\\\/JUVP-logo.png\",\"contentUrl\":\"https:\\\/\\\/www.waterskis.lv\\\/wp-content\\\/uploads\\\/2025\\\/01\\\/JUVP-logo.png\",\"width\":421,\"height\":202,\"caption\":\"WATERSKIS.LV\"},\"image\":{\"@id\":\"https:\\\/\\\/www.waterskis.lv\\\/ru\\\/#\\\/schema\\\/logo\\\/image\\\/\"},\"sameAs\":[\"https:\\\/\\\/www.facebook.com\\\/jurmalawaterskiwakeboardpark\\\/\"]}]}<\/script>\n<!-- \/ Yoast SEO plugin. -->","yoast_head_json":{"title":"Dulkan 220 RL - WATERSKIS.LV","description":"Dulkan 220 RL. Waterskis.lv - SUP \u0434\u043e\u0441\u043a\u0438, \u0421\u0410\u041f \u0431\u043e\u0440\u0434\u044b, \u0431\u0430\u0439\u0434\u0430\u0440\u043a\u0438, \u043b\u043e\u0434\u043a\u0438, \u0430\u043a\u0441\u0435\u0441\u0441\u0443\u0430\u0440\u044b. \u041f\u043e\u043a\u0443\u043f\u0430\u0439\u0442\u0435, \u0430\u0440\u0435\u043d\u0434\u0443\u0439\u0442\u0435. waterskis.lv","robots":{"index":"index","follow":"follow","max-snippet":"max-snippet:-1","max-image-preview":"max-image-preview:large","max-video-preview":"max-video-preview:-1"},"canonical":"https:\/\/www.waterskis.lv\/ru\/product\/dulkan-220-rl\/","og_locale":"ru_RU","og_type":"article","og_title":"Dulkan 220 RL - WATERSKIS.LV","og_description":"Dulkan 220 RL. Waterskis.lv - SUP \u0434\u043e\u0441\u043a\u0438, \u0421\u0410\u041f \u0431\u043e\u0440\u0434\u044b, \u0431\u0430\u0439\u0434\u0430\u0440\u043a\u0438, \u043b\u043e\u0434\u043a\u0438, \u0430\u043a\u0441\u0435\u0441\u0441\u0443\u0430\u0440\u044b. \u041f\u043e\u043a\u0443\u043f\u0430\u0439\u0442\u0435, \u0430\u0440\u0435\u043d\u0434\u0443\u0439\u0442\u0435. waterskis.lv","og_url":"https:\/\/www.waterskis.lv\/ru\/product\/dulkan-220-rl\/","og_site_name":"WATERSKIS.LV","article_publisher":"https:\/\/www.facebook.com\/jurmalawaterskiwakeboardpark\/","og_image":[{"width":1200,"height":808,"url":"https:\/\/www.waterskis.lv\/wp-content\/uploads\/2022\/01\/D220RL.jpg","type":"image\/jpeg"}],"twitter_card":"summary_large_image","schema":{"@context":"https:\/\/schema.org","@graph":[{"@type":"WebPage","@id":"https:\/\/www.waterskis.lv\/ru\/product\/dulkan-220-rl\/","url":"https:\/\/www.waterskis.lv\/ru\/product\/dulkan-220-rl\/","name":"Dulkan 220 RL - WATERSKIS.LV","isPartOf":{"@id":"https:\/\/www.waterskis.lv\/ru\/#website"},"primaryImageOfPage":{"@id":"https:\/\/www.waterskis.lv\/ru\/product\/dulkan-220-rl\/#primaryimage"},"image":{"@id":"https:\/\/www.waterskis.lv\/ru\/product\/dulkan-220-rl\/#primaryimage"},"thumbnailUrl":"https:\/\/www.waterskis.lv\/wp-content\/uploads\/2022\/01\/D220RL.jpg","datePublished":"2022-06-17T13:19:07+00:00","description":"Dulkan 220 RL. Waterskis.lv - SUP \u0434\u043e\u0441\u043a\u0438, \u0421\u0410\u041f \u0431\u043e\u0440\u0434\u044b, \u0431\u0430\u0439\u0434\u0430\u0440\u043a\u0438, \u043b\u043e\u0434\u043a\u0438, \u0430\u043a\u0441\u0435\u0441\u0441\u0443\u0430\u0440\u044b. \u041f\u043e\u043a\u0443\u043f\u0430\u0439\u0442\u0435, \u0430\u0440\u0435\u043d\u0434\u0443\u0439\u0442\u0435. waterskis.lv","breadcrumb":{"@id":"https:\/\/www.waterskis.lv\/ru\/product\/dulkan-220-rl\/#breadcrumb"},"inLanguage":"ru-RU","potentialAction":[{"@type":"ReadAction","target":["https:\/\/www.waterskis.lv\/ru\/product\/dulkan-220-rl\/"]}]},{"@type":"ImageObject","inLanguage":"ru-RU","@id":"https:\/\/www.waterskis.lv\/ru\/product\/dulkan-220-rl\/#primaryimage","url":"https:\/\/www.waterskis.lv\/wp-content\/uploads\/2022\/01\/D220RL.jpg","contentUrl":"https:\/\/www.waterskis.lv\/wp-content\/uploads\/2022\/01\/D220RL.jpg","width":1200,"height":808,"caption":"Dulkan 220 RL"},{"@type":"BreadcrumbList","@id":"https:\/\/www.waterskis.lv\/ru\/product\/dulkan-220-rl\/#breadcrumb","itemListElement":[{"@type":"ListItem","position":1,"name":"Home","item":"https:\/\/www.waterskis.lv\/ru\/"},{"@type":"ListItem","position":2,"name":"\u041c\u0430\u0433\u0430\u0437\u0438\u043d","item":"https:\/\/www.waterskis.lv\/ru\/%d0%bc%d0%b0%d0%b3%d0%b0%d0%b7%d0%b8%d0%bd\/"},{"@type":"ListItem","position":3,"name":"Dulkan 220 RL"}]},{"@type":"WebSite","@id":"https:\/\/www.waterskis.lv\/ru\/#website","url":"https:\/\/www.waterskis.lv\/ru\/","name":"WATERSKIS.LV","description":"SUP d\u0113\u013ci, kajaki, kanoe, airu laivas, \u016bdenssl\u0113po\u0161ana, veikbords, SUP d\u0113\u013cu noma, kajaku nomaakt\u012bv\u0101s atp\u016btas centrs, laivu noma, sup noma, kajaku noma","publisher":{"@id":"https:\/\/www.waterskis.lv\/ru\/#organization"},"potentialAction":[{"@type":"SearchAction","target":{"@type":"EntryPoint","urlTemplate":"https:\/\/www.waterskis.lv\/ru\/?s={search_term_string}"},"query-input":{"@type":"PropertyValueSpecification","valueRequired":true,"valueName":"search_term_string"}}],"inLanguage":"ru-RU"},{"@type":"Organization","@id":"https:\/\/www.waterskis.lv\/ru\/#organization","name":"WATERSKIS.LV","url":"https:\/\/www.waterskis.lv\/ru\/","logo":{"@type":"ImageObject","inLanguage":"ru-RU","@id":"https:\/\/www.waterskis.lv\/ru\/#\/schema\/logo\/image\/","url":"https:\/\/www.waterskis.lv\/wp-content\/uploads\/2025\/01\/JUVP-logo.png","contentUrl":"https:\/\/www.waterskis.lv\/wp-content\/uploads\/2025\/01\/JUVP-logo.png","width":421,"height":202,"caption":"WATERSKIS.LV"},"image":{"@id":"https:\/\/www.waterskis.lv\/ru\/#\/schema\/logo\/image\/"},"sameAs":["https:\/\/www.facebook.com\/jurmalawaterskiwakeboardpark\/"]}]}},"_links":{"self":[{"href":"https:\/\/www.waterskis.lv\/ru\/wp-json\/wp\/v2\/product\/41199","targetHints":{"allow":["GET"]}}],"collection":[{"href":"https:\/\/www.waterskis.lv\/ru\/wp-json\/wp\/v2\/product"}],"about":[{"href":"https:\/\/www.waterskis.lv\/ru\/wp-json\/wp\/v2\/types\/product"}],"replies":[{"embeddable":true,"href":"https:\/\/www.waterskis.lv\/ru\/wp-json\/wp\/v2\/comments?post=41199"}],"wp:featuredmedia":[{"embeddable":true,"href":"https:\/\/www.waterskis.lv\/ru\/wp-json\/wp\/v2\/media\/34306"}],"wp:attachment":[{"href":"https:\/\/www.waterskis.lv\/ru\/wp-json\/wp\/v2\/media?parent=41199"}],"wp:term":[{"taxonomy":"product_brand","embeddable":true,"href":"https:\/\/www.waterskis.lv\/ru\/wp-json\/wp\/v2\/product_brand?post=41199"},{"taxonomy":"product_cat","embeddable":true,"href":"https:\/\/www.waterskis.lv\/ru\/wp-json\/wp\/v2\/product_cat?post=41199"},{"taxonomy":"product_tag","embeddable":true,"href":"https:\/\/www.waterskis.lv\/ru\/wp-json\/wp\/v2\/product_tag?post=41199"}],"curies":[{"name":"wp","href":"https:\/\/api.w.org\/{rel}","templated":true}]}}