{"id":41869,"date":"2022-05-31T08:30:49","date_gmt":"2022-05-31T05:30:49","guid":{"rendered":"https:\/\/www.waterskis.lv\/?post_type=product&#038;p=41869"},"modified":"2022-09-01T16:46:13","modified_gmt":"2022-09-01T13:46:13","slug":"%d0%b2%d0%be%d0%b4%d0%bd%d1%8b%d0%b5-%d0%bb%d1%8b%d0%b6%d0%b8-base-laser-hybrid-67","status":"publish","type":"product","link":"https:\/\/www.waterskis.lv\/ru\/product\/%d0%b2%d0%be%d0%b4%d0%bd%d1%8b%d0%b5-%d0%bb%d1%8b%d0%b6%d0%b8-base-laser-hybrid-67\/","title":{"rendered":"\u0412\u043e\u0434\u043d\u044b\u0435 \u043b\u044b\u0436\u0438 BASE LASER HYBRID 67&#8243;"},"content":{"rendered":"<p>\u0412\u043e\u0434\u043d\u044b\u0435 \u043b\u044b\u0436\u0438 BASE LASER HYBRID 67&#8243;<\/p>\n<p>\u041a\u0443\u043f\u0438\u0442\u0435 \u0432\u043e\u0434\u043d\u044b\u0435 \u043b\u044b\u0436\u0438 BASE LASER HYBRID 67&#8243; \u0441\u0435\u0439\u0447\u0430\u0441 \u0432 \u043c\u0430\u0433\u0430\u0437\u0438\u043d\u0435 \u0432\u043e\u0434\u043d\u044b\u0445 \u0432\u0438\u0434\u043e\u0432 \u0441\u043f\u043e\u0440\u0442\u0430 @ waterskis.lv.<br \/>\n\u041b\u044b\u0436\u0438 \u0442\u0440\u0430\u0434\u0438\u0446\u0438\u043e\u043d\u043d\u043e\u0439 \u0444\u043e\u0440\u043c\u044b \u043f\u043e\u0437\u0432\u043e\u043b\u044f\u044e\u0442 \u043b\u0435\u0433\u043a\u043e \u0432\u044b\u0445\u043e\u0434\u0438\u0442\u044c \u0438\u0437 \u0432\u043e\u0434\u044b, \u043e\u0431\u0435\u0441\u043f\u0435\u0447\u0438\u0432\u0430\u044f \u043f\u0440\u0438 \u044d\u0442\u043e\u043c \u0443\u0441\u0442\u043e\u0439\u0447\u0438\u0432\u043e\u0441\u0442\u044c \u0434\u043b\u044f \u0438\u0434\u0435\u0430\u043b\u044c\u043d\u043e\u0433\u043e \u0431\u0430\u043b\u0430\u043d\u0441\u0430 \u0438 \u043e\u0441\u0430\u043d\u043a\u0438.<\/p>\n<p>\u0420\u0430\u0437\u043c\u0435\u0440: 67 \u0434\u044e\u0439\u043c\u043e\u0432<\/p>\n<p>\u041f\u0440\u043e\u0438\u0437\u0432\u043e\u0434\u0438\u0442\u0435\u043b\u044c: BASE \u0430 \u0421\u043f\u043e\u0440\u0442<\/p>\n<div><strong>Length 55 &#171;\/ 140cm (- 100kr)<\/strong><\/div>\n<div><strong>Length 62&#8243; \/ 158cm and 67 &#171;\/ 170cm.<\/strong><\/div>\n<div><\/div>\n<div>\n<div>Base Laser hybrid combo skis are perfect for beginners but also for those who have \/can ski. Hybrid Skis. Now you do not need to figure out if you should have a narrow or wide ski. A ski with the best properties of both models. Each length has an adapted form, and bottom to provide good stability, smoother ride (softer), control and good edge grip. Adjustable and soft bindings with a rear toe plate for skiing on one ski. Made of glass fiber reinforced plastic of high quality.<\/div>\n<\/div>\n<div>\n<ul>\n<li>Insert for a stabilizer bar<\/li>\n<li>Stabilizer bar included with size 55 &#171;<\/li>\n<li>Durable slalom fin<\/li>\n<li>White colored fin to more easily see the ski in the water<\/li>\n<li>Glossy top (because it&#8217;s nice and a bit more durable)<\/li>\n<li>Molded binding parts for comfort<\/li>\n<li>Very adjustable slide bindings adapted in size after the ski length<\/li>\n<\/ul>\n<div><strong><em>Base Laser Hybrid 55 &#171;(140cm)<\/em><\/strong>\u00a0is a ski for the young ones with wide flat sides and a v-bottom for smoother and more stable ride.<\/div>\n<div><\/div>\n<div><em><strong>Base Laser Hybrid 62 &#171;(158cm)<\/strong><\/em>\u00a0is perfect if you want both younger(lighter) and older riders(<span lang=\"EN-US\">heavier<\/span>) to be\u00a0<span lang=\"EN-US\">able\u00a0<\/span>to share skis. That is to say it fit most riders. Has two guide rails and a tunnel bottom to provide grip, stability and a smoother ride.<\/div>\n<div><\/div>\n<div><em><strong>Base Laser Hybrid 67 &#171;(170cm)<\/strong><\/em>\u00a0Perfect for anyone over 50kg. Have many technologically useful properties that help you and make the ride more fun and easier. 2 inverted guide rails (channels) and v-bottom for smooth skiing, good traction, stability and control.<\/div>\n<div><\/div>\n<\/div>\n<table border=\"0\" cellspacing=\"1\" cellpadding=\"1\">\n<thead>\n<tr>\n<th colspan=\"2\" scope=\"col\">Size guide Comboskis<\/th>\n<\/tr>\n<\/thead>\n<tbody>\n<tr>\n<td>length<\/td>\n<td>Weight range<\/td>\n<\/tr>\n<tr>\n<td>55&#8243; \/140cm<\/td>\n<td>20-45kg<\/td>\n<\/tr>\n<tr>\n<td>62&#8243; \/158cm<\/td>\n<td>40-75kg<\/td>\n<\/tr>\n<tr>\n<td>67&#8243; \/170cm<\/td>\n<td>Above 50kg<\/td>\n<\/tr>\n<\/tbody>\n<\/table>\n<div>\n<div><\/div>\n<div><strong>Combo Skis<\/strong><\/div>\n<div>Mean that you can go on either 2 skis as double skis or as a single ski (slalom ski).<\/div>\n<div><\/div>\n<div>\n<div><strong>Base information<\/strong><\/div>\n<div>Easy and fun skis that fit most people even those who already can ride. Made of high quality with fuktionen in focus. Affordable products targeting on the regular \/ normal skier and family.<\/div>\n<\/div>\n<\/div>\n","protected":false},"excerpt":{"rendered":"<p>\u0412\u043e\u0434\u043d\u044b\u0435 \u043b\u044b\u0436\u0438 BASE LASER HYBRID 67&#8243; \u041a\u0443\u043f\u0438\u0442\u0435 \u0432\u043e\u0434\u043d\u044b\u0435 \u043b\u044b\u0436\u0438 BASE LASER HYBRID 67&#8243; \u0441\u0435\u0439\u0447\u0430\u0441 \u0432 \u043c\u0430\u0433\u0430\u0437\u0438\u043d\u0435 \u0432\u043e\u0434\u043d\u044b\u0445 \u0432\u0438\u0434\u043e\u0432 \u0441\u043f\u043e\u0440\u0442\u0430 @ waterskis.lv. \u041b\u044b\u0436\u0438 \u0442\u0440\u0430\u0434\u0438\u0446\u0438\u043e\u043d\u043d\u043e\u0439 \u0444\u043e\u0440\u043c\u044b \u043f\u043e\u0437\u0432\u043e\u043b\u044f\u044e\u0442 \u043b\u0435\u0433\u043a\u043e \u0432\u044b\u0445\u043e\u0434\u0438\u0442\u044c \u0438\u0437 \u0432\u043e\u0434\u044b, \u043e\u0431\u0435\u0441\u043f\u0435\u0447\u0438\u0432\u0430\u044f \u043f\u0440\u0438 \u044d\u0442\u043e\u043c \u0443\u0441\u0442\u043e\u0439\u0447\u0438\u0432\u043e\u0441\u0442\u044c \u0434\u043b\u044f \u0438\u0434\u0435\u0430\u043b\u044c\u043d\u043e\u0433\u043e \u0431\u0430\u043b\u0430\u043d\u0441\u0430 \u0438 \u043e\u0441\u0430\u043d\u043a\u0438. \u0420\u0430\u0437\u043c\u0435\u0440: 67 \u0434\u044e\u0439\u043c\u043e\u0432 \u041f\u0440\u043e\u0438\u0437\u0432\u043e\u0434\u0438\u0442\u0435\u043b\u044c: BASE \u0430 \u0421\u043f\u043e\u0440\u0442 Length 55 &#171;\/ 140cm (- 100kr) Length 62&#8243; \/ 158cm [&#8230;]<\/p>\n<p><a class=\"btn btn-secondary understrap-read-more-link\" href=\"https:\/\/www.waterskis.lv\/ru\/product\/%d0%b2%d0%be%d0%b4%d0%bd%d1%8b%d0%b5-%d0%bb%d1%8b%d0%b6%d0%b8-base-laser-hybrid-67\/\">\u0427\u0438\u0442\u0430\u0442\u044c \u0434\u0430\u043b\u044c\u0448\u0435\u2026<\/a><\/p>\n","protected":false},"featured_media":40475,"comment_status":"closed","ping_status":"closed","template":"","meta":{"_acf_changed":false,"inline_featured_image":false},"product_brand":[],"product_cat":[556,559],"product_tag":[2950],"class_list":{"0":"post-41869","1":"product","2":"type-product","3":"status-publish","4":"has-post-thumbnail","6":"product_cat-b-","7":"product_cat-559","8":"product_tag-2950","10":"first","11":"outofstock","12":"shipping-taxable","13":"purchasable","14":"product-type-simple"},"acf":[],"yoast_head":"<!-- This site is optimized with the Yoast SEO plugin v27.4 - https:\/\/yoast.com\/product\/yoast-seo-wordpress\/ -->\n<title>\u0412\u043e\u0434\u043d\u044b\u0435 \u043b\u044b\u0436\u0438 BASE LASER HYBRID 67&quot; - WATERSKIS.LV<\/title>\n<meta name=\"description\" content=\"\u0412\u043e\u0434\u043d\u044b\u0435 \u043b\u044b\u0436\u0438 BASE LASER HYBRID 67&quot;. Waterskis.lv - SUP \u0434\u043e\u0441\u043a\u0438, \u0421\u0410\u041f \u0431\u043e\u0440\u0434\u044b, \u0431\u0430\u0439\u0434\u0430\u0440\u043a\u0438, \u043b\u043e\u0434\u043a\u0438, \u0430\u043a\u0441\u0435\u0441\u0441\u0443\u0430\u0440\u044b. \u041f\u043e\u043a\u0443\u043f\u0430\u0439\u0442\u0435, \u0430\u0440\u0435\u043d\u0434\u0443\u0439\u0442\u0435\" \/>\n<meta name=\"robots\" content=\"index, follow, max-snippet:-1, max-image-preview:large, max-video-preview:-1\" \/>\n<link rel=\"canonical\" href=\"https:\/\/www.waterskis.lv\/ru\/product\/%d0%b2%d0%be%d0%b4%d0%bd%d1%8b%d0%b5-%d0%bb%d1%8b%d0%b6%d0%b8-base-laser-hybrid-67\/\" \/>\n<meta property=\"og:locale\" content=\"ru_RU\" \/>\n<meta property=\"og:type\" content=\"article\" \/>\n<meta property=\"og:title\" content=\"\u0412\u043e\u0434\u043d\u044b\u0435 \u043b\u044b\u0436\u0438 BASE LASER HYBRID 67&quot; - WATERSKIS.LV\" \/>\n<meta property=\"og:description\" content=\"\u0412\u043e\u0434\u043d\u044b\u0435 \u043b\u044b\u0436\u0438 BASE LASER HYBRID 67&quot;. Waterskis.lv - SUP \u0434\u043e\u0441\u043a\u0438, \u0421\u0410\u041f \u0431\u043e\u0440\u0434\u044b, \u0431\u0430\u0439\u0434\u0430\u0440\u043a\u0438, \u043b\u043e\u0434\u043a\u0438, \u0430\u043a\u0441\u0435\u0441\u0441\u0443\u0430\u0440\u044b. \u041f\u043e\u043a\u0443\u043f\u0430\u0439\u0442\u0435, \u0430\u0440\u0435\u043d\u0434\u0443\u0439\u0442\u0435\" \/>\n<meta property=\"og:url\" content=\"https:\/\/www.waterskis.lv\/ru\/product\/%d0%b2%d0%be%d0%b4%d0%bd%d1%8b%d0%b5-%d0%bb%d1%8b%d0%b6%d0%b8-base-laser-hybrid-67\/\" \/>\n<meta property=\"og:site_name\" content=\"WATERSKIS.LV\" \/>\n<meta property=\"article:publisher\" content=\"https:\/\/www.facebook.com\/jurmalawaterskiwakeboardpark\/\" \/>\n<meta property=\"article:modified_time\" content=\"2022-09-01T13:46:13+00:00\" \/>\n<meta property=\"og:image\" content=\"https:\/\/www.waterskis.lv\/wp-content\/uploads\/2022\/05\/base-laser-alla-1000x1000-1.jpg\" \/>\n\t<meta property=\"og:image:width\" content=\"1000\" \/>\n\t<meta property=\"og:image:height\" content=\"1000\" \/>\n\t<meta property=\"og:image:type\" content=\"image\/jpeg\" \/>\n<meta name=\"twitter:card\" content=\"summary_large_image\" \/>\n<meta name=\"twitter:label1\" content=\"\u041f\u0440\u0438\u043c\u0435\u0440\u043d\u043e\u0435 \u0432\u0440\u0435\u043c\u044f \u0434\u043b\u044f \u0447\u0442\u0435\u043d\u0438\u044f\" \/>\n\t<meta name=\"twitter:data1\" content=\"3 \u043c\u0438\u043d\u0443\u0442\u044b\" \/>\n<script type=\"application\/ld+json\" class=\"yoast-schema-graph\">{\"@context\":\"https:\\\/\\\/schema.org\",\"@graph\":[{\"@type\":\"WebPage\",\"@id\":\"https:\\\/\\\/www.waterskis.lv\\\/ru\\\/product\\\/%d0%b2%d0%be%d0%b4%d0%bd%d1%8b%d0%b5-%d0%bb%d1%8b%d0%b6%d0%b8-base-laser-hybrid-67\\\/\",\"url\":\"https:\\\/\\\/www.waterskis.lv\\\/ru\\\/product\\\/%d0%b2%d0%be%d0%b4%d0%bd%d1%8b%d0%b5-%d0%bb%d1%8b%d0%b6%d0%b8-base-laser-hybrid-67\\\/\",\"name\":\"\u0412\u043e\u0434\u043d\u044b\u0435 \u043b\u044b\u0436\u0438 BASE LASER HYBRID 67\\\" - WATERSKIS.LV\",\"isPartOf\":{\"@id\":\"https:\\\/\\\/www.waterskis.lv\\\/ru\\\/#website\"},\"primaryImageOfPage\":{\"@id\":\"https:\\\/\\\/www.waterskis.lv\\\/ru\\\/product\\\/%d0%b2%d0%be%d0%b4%d0%bd%d1%8b%d0%b5-%d0%bb%d1%8b%d0%b6%d0%b8-base-laser-hybrid-67\\\/#primaryimage\"},\"image\":{\"@id\":\"https:\\\/\\\/www.waterskis.lv\\\/ru\\\/product\\\/%d0%b2%d0%be%d0%b4%d0%bd%d1%8b%d0%b5-%d0%bb%d1%8b%d0%b6%d0%b8-base-laser-hybrid-67\\\/#primaryimage\"},\"thumbnailUrl\":\"https:\\\/\\\/www.waterskis.lv\\\/wp-content\\\/uploads\\\/2022\\\/05\\\/base-laser-alla-1000x1000-1.jpg\",\"datePublished\":\"2022-05-31T05:30:49+00:00\",\"dateModified\":\"2022-09-01T13:46:13+00:00\",\"description\":\"\u0412\u043e\u0434\u043d\u044b\u0435 \u043b\u044b\u0436\u0438 BASE LASER HYBRID 67\\\". Waterskis.lv - SUP \u0434\u043e\u0441\u043a\u0438, \u0421\u0410\u041f \u0431\u043e\u0440\u0434\u044b, \u0431\u0430\u0439\u0434\u0430\u0440\u043a\u0438, \u043b\u043e\u0434\u043a\u0438, \u0430\u043a\u0441\u0435\u0441\u0441\u0443\u0430\u0440\u044b. \u041f\u043e\u043a\u0443\u043f\u0430\u0439\u0442\u0435, \u0430\u0440\u0435\u043d\u0434\u0443\u0439\u0442\u0435\",\"breadcrumb\":{\"@id\":\"https:\\\/\\\/www.waterskis.lv\\\/ru\\\/product\\\/%d0%b2%d0%be%d0%b4%d0%bd%d1%8b%d0%b5-%d0%bb%d1%8b%d0%b6%d0%b8-base-laser-hybrid-67\\\/#breadcrumb\"},\"inLanguage\":\"ru-RU\",\"potentialAction\":[{\"@type\":\"ReadAction\",\"target\":[\"https:\\\/\\\/www.waterskis.lv\\\/ru\\\/product\\\/%d0%b2%d0%be%d0%b4%d0%bd%d1%8b%d0%b5-%d0%bb%d1%8b%d0%b6%d0%b8-base-laser-hybrid-67\\\/\"]}]},{\"@type\":\"ImageObject\",\"inLanguage\":\"ru-RU\",\"@id\":\"https:\\\/\\\/www.waterskis.lv\\\/ru\\\/product\\\/%d0%b2%d0%be%d0%b4%d0%bd%d1%8b%d0%b5-%d0%bb%d1%8b%d0%b6%d0%b8-base-laser-hybrid-67\\\/#primaryimage\",\"url\":\"https:\\\/\\\/www.waterskis.lv\\\/wp-content\\\/uploads\\\/2022\\\/05\\\/base-laser-alla-1000x1000-1.jpg\",\"contentUrl\":\"https:\\\/\\\/www.waterskis.lv\\\/wp-content\\\/uploads\\\/2022\\\/05\\\/base-laser-alla-1000x1000-1.jpg\",\"width\":1000,\"height\":1000,\"caption\":\"\u016adens sl\u0113pes BASE LASER HYBRID 67\\\"\"},{\"@type\":\"BreadcrumbList\",\"@id\":\"https:\\\/\\\/www.waterskis.lv\\\/ru\\\/product\\\/%d0%b2%d0%be%d0%b4%d0%bd%d1%8b%d0%b5-%d0%bb%d1%8b%d0%b6%d0%b8-base-laser-hybrid-67\\\/#breadcrumb\",\"itemListElement\":[{\"@type\":\"ListItem\",\"position\":1,\"name\":\"Home\",\"item\":\"https:\\\/\\\/www.waterskis.lv\\\/ru\\\/\"},{\"@type\":\"ListItem\",\"position\":2,\"name\":\"\u041c\u0430\u0433\u0430\u0437\u0438\u043d\",\"item\":\"https:\\\/\\\/www.waterskis.lv\\\/ru\\\/%d0%bc%d0%b0%d0%b3%d0%b0%d0%b7%d0%b8%d0%bd\\\/\"},{\"@type\":\"ListItem\",\"position\":3,\"name\":\"\u0412\u043e\u0434\u043d\u044b\u0435 \u043b\u044b\u0436\u0438 BASE LASER HYBRID 67&#8243;\"}]},{\"@type\":\"WebSite\",\"@id\":\"https:\\\/\\\/www.waterskis.lv\\\/ru\\\/#website\",\"url\":\"https:\\\/\\\/www.waterskis.lv\\\/ru\\\/\",\"name\":\"WATERSKIS.LV\",\"description\":\"SUP d\u0113\u013ci, kajaki, kanoe, airu laivas, \u016bdenssl\u0113po\u0161ana, veikbords, SUP d\u0113\u013cu noma, kajaku nomaakt\u012bv\u0101s atp\u016btas centrs, laivu noma, sup noma, kajaku noma\",\"publisher\":{\"@id\":\"https:\\\/\\\/www.waterskis.lv\\\/ru\\\/#organization\"},\"potentialAction\":[{\"@type\":\"SearchAction\",\"target\":{\"@type\":\"EntryPoint\",\"urlTemplate\":\"https:\\\/\\\/www.waterskis.lv\\\/ru\\\/?s={search_term_string}\"},\"query-input\":{\"@type\":\"PropertyValueSpecification\",\"valueRequired\":true,\"valueName\":\"search_term_string\"}}],\"inLanguage\":\"ru-RU\"},{\"@type\":\"Organization\",\"@id\":\"https:\\\/\\\/www.waterskis.lv\\\/ru\\\/#organization\",\"name\":\"WATERSKIS.LV\",\"url\":\"https:\\\/\\\/www.waterskis.lv\\\/ru\\\/\",\"logo\":{\"@type\":\"ImageObject\",\"inLanguage\":\"ru-RU\",\"@id\":\"https:\\\/\\\/www.waterskis.lv\\\/ru\\\/#\\\/schema\\\/logo\\\/image\\\/\",\"url\":\"https:\\\/\\\/www.waterskis.lv\\\/wp-content\\\/uploads\\\/2025\\\/01\\\/JUVP-logo.png\",\"contentUrl\":\"https:\\\/\\\/www.waterskis.lv\\\/wp-content\\\/uploads\\\/2025\\\/01\\\/JUVP-logo.png\",\"width\":421,\"height\":202,\"caption\":\"WATERSKIS.LV\"},\"image\":{\"@id\":\"https:\\\/\\\/www.waterskis.lv\\\/ru\\\/#\\\/schema\\\/logo\\\/image\\\/\"},\"sameAs\":[\"https:\\\/\\\/www.facebook.com\\\/jurmalawaterskiwakeboardpark\\\/\"]}]}<\/script>\n<!-- \/ Yoast SEO plugin. -->","yoast_head_json":{"title":"\u0412\u043e\u0434\u043d\u044b\u0435 \u043b\u044b\u0436\u0438 BASE LASER HYBRID 67\" - WATERSKIS.LV","description":"\u0412\u043e\u0434\u043d\u044b\u0435 \u043b\u044b\u0436\u0438 BASE LASER HYBRID 67\". Waterskis.lv - SUP \u0434\u043e\u0441\u043a\u0438, \u0421\u0410\u041f \u0431\u043e\u0440\u0434\u044b, \u0431\u0430\u0439\u0434\u0430\u0440\u043a\u0438, \u043b\u043e\u0434\u043a\u0438, \u0430\u043a\u0441\u0435\u0441\u0441\u0443\u0430\u0440\u044b. \u041f\u043e\u043a\u0443\u043f\u0430\u0439\u0442\u0435, \u0430\u0440\u0435\u043d\u0434\u0443\u0439\u0442\u0435","robots":{"index":"index","follow":"follow","max-snippet":"max-snippet:-1","max-image-preview":"max-image-preview:large","max-video-preview":"max-video-preview:-1"},"canonical":"https:\/\/www.waterskis.lv\/ru\/product\/%d0%b2%d0%be%d0%b4%d0%bd%d1%8b%d0%b5-%d0%bb%d1%8b%d0%b6%d0%b8-base-laser-hybrid-67\/","og_locale":"ru_RU","og_type":"article","og_title":"\u0412\u043e\u0434\u043d\u044b\u0435 \u043b\u044b\u0436\u0438 BASE LASER HYBRID 67\" - WATERSKIS.LV","og_description":"\u0412\u043e\u0434\u043d\u044b\u0435 \u043b\u044b\u0436\u0438 BASE LASER HYBRID 67\". Waterskis.lv - SUP \u0434\u043e\u0441\u043a\u0438, \u0421\u0410\u041f \u0431\u043e\u0440\u0434\u044b, \u0431\u0430\u0439\u0434\u0430\u0440\u043a\u0438, \u043b\u043e\u0434\u043a\u0438, \u0430\u043a\u0441\u0435\u0441\u0441\u0443\u0430\u0440\u044b. \u041f\u043e\u043a\u0443\u043f\u0430\u0439\u0442\u0435, \u0430\u0440\u0435\u043d\u0434\u0443\u0439\u0442\u0435","og_url":"https:\/\/www.waterskis.lv\/ru\/product\/%d0%b2%d0%be%d0%b4%d0%bd%d1%8b%d0%b5-%d0%bb%d1%8b%d0%b6%d0%b8-base-laser-hybrid-67\/","og_site_name":"WATERSKIS.LV","article_publisher":"https:\/\/www.facebook.com\/jurmalawaterskiwakeboardpark\/","article_modified_time":"2022-09-01T13:46:13+00:00","og_image":[{"width":1000,"height":1000,"url":"https:\/\/www.waterskis.lv\/wp-content\/uploads\/2022\/05\/base-laser-alla-1000x1000-1.jpg","type":"image\/jpeg"}],"twitter_card":"summary_large_image","twitter_misc":{"\u041f\u0440\u0438\u043c\u0435\u0440\u043d\u043e\u0435 \u0432\u0440\u0435\u043c\u044f \u0434\u043b\u044f \u0447\u0442\u0435\u043d\u0438\u044f":"3 \u043c\u0438\u043d\u0443\u0442\u044b"},"schema":{"@context":"https:\/\/schema.org","@graph":[{"@type":"WebPage","@id":"https:\/\/www.waterskis.lv\/ru\/product\/%d0%b2%d0%be%d0%b4%d0%bd%d1%8b%d0%b5-%d0%bb%d1%8b%d0%b6%d0%b8-base-laser-hybrid-67\/","url":"https:\/\/www.waterskis.lv\/ru\/product\/%d0%b2%d0%be%d0%b4%d0%bd%d1%8b%d0%b5-%d0%bb%d1%8b%d0%b6%d0%b8-base-laser-hybrid-67\/","name":"\u0412\u043e\u0434\u043d\u044b\u0435 \u043b\u044b\u0436\u0438 BASE LASER HYBRID 67\" - WATERSKIS.LV","isPartOf":{"@id":"https:\/\/www.waterskis.lv\/ru\/#website"},"primaryImageOfPage":{"@id":"https:\/\/www.waterskis.lv\/ru\/product\/%d0%b2%d0%be%d0%b4%d0%bd%d1%8b%d0%b5-%d0%bb%d1%8b%d0%b6%d0%b8-base-laser-hybrid-67\/#primaryimage"},"image":{"@id":"https:\/\/www.waterskis.lv\/ru\/product\/%d0%b2%d0%be%d0%b4%d0%bd%d1%8b%d0%b5-%d0%bb%d1%8b%d0%b6%d0%b8-base-laser-hybrid-67\/#primaryimage"},"thumbnailUrl":"https:\/\/www.waterskis.lv\/wp-content\/uploads\/2022\/05\/base-laser-alla-1000x1000-1.jpg","datePublished":"2022-05-31T05:30:49+00:00","dateModified":"2022-09-01T13:46:13+00:00","description":"\u0412\u043e\u0434\u043d\u044b\u0435 \u043b\u044b\u0436\u0438 BASE LASER HYBRID 67\". Waterskis.lv - SUP \u0434\u043e\u0441\u043a\u0438, \u0421\u0410\u041f \u0431\u043e\u0440\u0434\u044b, \u0431\u0430\u0439\u0434\u0430\u0440\u043a\u0438, \u043b\u043e\u0434\u043a\u0438, \u0430\u043a\u0441\u0435\u0441\u0441\u0443\u0430\u0440\u044b. \u041f\u043e\u043a\u0443\u043f\u0430\u0439\u0442\u0435, \u0430\u0440\u0435\u043d\u0434\u0443\u0439\u0442\u0435","breadcrumb":{"@id":"https:\/\/www.waterskis.lv\/ru\/product\/%d0%b2%d0%be%d0%b4%d0%bd%d1%8b%d0%b5-%d0%bb%d1%8b%d0%b6%d0%b8-base-laser-hybrid-67\/#breadcrumb"},"inLanguage":"ru-RU","potentialAction":[{"@type":"ReadAction","target":["https:\/\/www.waterskis.lv\/ru\/product\/%d0%b2%d0%be%d0%b4%d0%bd%d1%8b%d0%b5-%d0%bb%d1%8b%d0%b6%d0%b8-base-laser-hybrid-67\/"]}]},{"@type":"ImageObject","inLanguage":"ru-RU","@id":"https:\/\/www.waterskis.lv\/ru\/product\/%d0%b2%d0%be%d0%b4%d0%bd%d1%8b%d0%b5-%d0%bb%d1%8b%d0%b6%d0%b8-base-laser-hybrid-67\/#primaryimage","url":"https:\/\/www.waterskis.lv\/wp-content\/uploads\/2022\/05\/base-laser-alla-1000x1000-1.jpg","contentUrl":"https:\/\/www.waterskis.lv\/wp-content\/uploads\/2022\/05\/base-laser-alla-1000x1000-1.jpg","width":1000,"height":1000,"caption":"\u016adens sl\u0113pes BASE LASER HYBRID 67\""},{"@type":"BreadcrumbList","@id":"https:\/\/www.waterskis.lv\/ru\/product\/%d0%b2%d0%be%d0%b4%d0%bd%d1%8b%d0%b5-%d0%bb%d1%8b%d0%b6%d0%b8-base-laser-hybrid-67\/#breadcrumb","itemListElement":[{"@type":"ListItem","position":1,"name":"Home","item":"https:\/\/www.waterskis.lv\/ru\/"},{"@type":"ListItem","position":2,"name":"\u041c\u0430\u0433\u0430\u0437\u0438\u043d","item":"https:\/\/www.waterskis.lv\/ru\/%d0%bc%d0%b0%d0%b3%d0%b0%d0%b7%d0%b8%d0%bd\/"},{"@type":"ListItem","position":3,"name":"\u0412\u043e\u0434\u043d\u044b\u0435 \u043b\u044b\u0436\u0438 BASE LASER HYBRID 67&#8243;"}]},{"@type":"WebSite","@id":"https:\/\/www.waterskis.lv\/ru\/#website","url":"https:\/\/www.waterskis.lv\/ru\/","name":"WATERSKIS.LV","description":"SUP d\u0113\u013ci, kajaki, kanoe, airu laivas, \u016bdenssl\u0113po\u0161ana, veikbords, SUP d\u0113\u013cu noma, kajaku nomaakt\u012bv\u0101s atp\u016btas centrs, laivu noma, sup noma, kajaku noma","publisher":{"@id":"https:\/\/www.waterskis.lv\/ru\/#organization"},"potentialAction":[{"@type":"SearchAction","target":{"@type":"EntryPoint","urlTemplate":"https:\/\/www.waterskis.lv\/ru\/?s={search_term_string}"},"query-input":{"@type":"PropertyValueSpecification","valueRequired":true,"valueName":"search_term_string"}}],"inLanguage":"ru-RU"},{"@type":"Organization","@id":"https:\/\/www.waterskis.lv\/ru\/#organization","name":"WATERSKIS.LV","url":"https:\/\/www.waterskis.lv\/ru\/","logo":{"@type":"ImageObject","inLanguage":"ru-RU","@id":"https:\/\/www.waterskis.lv\/ru\/#\/schema\/logo\/image\/","url":"https:\/\/www.waterskis.lv\/wp-content\/uploads\/2025\/01\/JUVP-logo.png","contentUrl":"https:\/\/www.waterskis.lv\/wp-content\/uploads\/2025\/01\/JUVP-logo.png","width":421,"height":202,"caption":"WATERSKIS.LV"},"image":{"@id":"https:\/\/www.waterskis.lv\/ru\/#\/schema\/logo\/image\/"},"sameAs":["https:\/\/www.facebook.com\/jurmalawaterskiwakeboardpark\/"]}]}},"_links":{"self":[{"href":"https:\/\/www.waterskis.lv\/ru\/wp-json\/wp\/v2\/product\/41869","targetHints":{"allow":["GET"]}}],"collection":[{"href":"https:\/\/www.waterskis.lv\/ru\/wp-json\/wp\/v2\/product"}],"about":[{"href":"https:\/\/www.waterskis.lv\/ru\/wp-json\/wp\/v2\/types\/product"}],"replies":[{"embeddable":true,"href":"https:\/\/www.waterskis.lv\/ru\/wp-json\/wp\/v2\/comments?post=41869"}],"wp:featuredmedia":[{"embeddable":true,"href":"https:\/\/www.waterskis.lv\/ru\/wp-json\/wp\/v2\/media\/40475"}],"wp:attachment":[{"href":"https:\/\/www.waterskis.lv\/ru\/wp-json\/wp\/v2\/media?parent=41869"}],"wp:term":[{"taxonomy":"product_brand","embeddable":true,"href":"https:\/\/www.waterskis.lv\/ru\/wp-json\/wp\/v2\/product_brand?post=41869"},{"taxonomy":"product_cat","embeddable":true,"href":"https:\/\/www.waterskis.lv\/ru\/wp-json\/wp\/v2\/product_cat?post=41869"},{"taxonomy":"product_tag","embeddable":true,"href":"https:\/\/www.waterskis.lv\/ru\/wp-json\/wp\/v2\/product_tag?post=41869"}],"curies":[{"name":"wp","href":"https:\/\/api.w.org\/{rel}","templated":true}]}}