{"id":41932,"date":"2022-01-26T10:57:29","date_gmt":"2022-01-26T07:57:29","guid":{"rendered":"https:\/\/www.waterskis.lv\/?post_type=product&#038;p=41932"},"modified":"2026-01-29T07:33:10","modified_gmt":"2026-01-29T05:33:10","slug":"connelly-womens-shadow-rear","status":"publish","type":"product","link":"https:\/\/www.waterskis.lv\/ru\/product\/connelly-womens-shadow-rear\/","title":{"rendered":"CONNELLY WOMENS SHADOW REAR"},"content":{"rendered":"<h1>CONNELLY WOMENS SHADOW REAR<\/h1>\n<p>CONNELLY WOMENS SHADOW REAR \u0411\u043e\u0442\u0438\u043d\u043a\u0438 \u0436\u0435\u043d\u0441\u043a\u0438\u0435 \u0441\u0437\u0430\u0434\u0438<\/p>\n<p>\u0416\u0435\u043d\u0441\u043a\u0438\u0435 \u0411\u043e\u0442\u0438\u043d\u043a\u0438 SHADOW \u0434\u043e\u0431\u0430\u0432\u043b\u044f\u044e\u0442 \u0438\u0437\u044e\u043c\u0438\u043d\u043a\u0443 \u0443\u0434\u043e\u0431\u043d\u043e\u043c\u0443 \u043f\u043e\u0434\u0434\u0435\u0440\u0436\u0438\u0432\u0430\u044e\u0449\u0435\u043c\u0443 \u0434\u0438\u0437\u0430\u0439\u043d\u0443. \u041e\u0431\u0435\u0440\u0442\u043a\u0438 \u0438\u0437 \u043b\u0430\u0439\u043a\u0440\u044b \u043d\u0430 \u043d\u043e\u0441\u043a\u0435 \u0438 \u043f\u044f\u0442\u043a\u0435 \u043f\u0440\u0435\u0434\u043d\u0430\u0437\u043d\u0430\u0447\u0435\u043d\u044b \u0434\u043b\u044f \u043f\u043b\u043e\u0442\u043d\u043e\u0433\u043e \u043f\u0440\u0438\u043b\u0435\u0433\u0430\u043d\u0438\u044f, \u043d\u0435 \u0441\u043e\u0437\u0434\u0430\u0432\u0430\u044f \u0442\u043e\u0447\u0435\u043a \u0434\u0430\u0432\u043b\u0435\u043d\u0438\u044f. \u041e\u0442\u043f\u0443\u0441\u0442\u0438\u0442\u0435 \u0448\u043d\u0443\u0440\u043a\u0438, \u0447\u0442\u043e\u0431\u044b \u0448\u0438\u0440\u043e\u043a\u043e \u043e\u0442\u043a\u0440\u044b\u0442\u044c \u0431\u043e\u0442\u0438\u043d\u043e\u043a \u0438 \u043e\u0431\u043b\u0435\u0433\u0447\u0438\u0442\u044c \u043d\u0430\u0434\u0435\u0432\u0430\u043d\u0438\u0435. \u041f\u043b\u0430\u0432\u0430\u044e\u0449\u0438\u0439 \u043d\u043e\u0441\u043e\u043a \u043f\u043e\u0434\u043e\u0439\u0434\u0435\u0442 \u043a\u0430\u043a \u0434\u043b\u044f \u0431\u043e\u043b\u044c\u0448\u043e\u0433\u043e, \u0442\u0430\u043a \u0438 \u0434\u043b\u044f \u043c\u0430\u043b\u0435\u043d\u044c\u043a\u043e\u0433\u043e \u0440\u0430\u0437\u043c\u0435\u0440\u0430 \u0441\u0442\u043e\u043f\u044b. \u041c\u044f\u0433\u043a\u0430\u044f \u043e\u0441\u043d\u043e\u0432\u0430 \u0438\u0437 EVA \u0432\u0441\u0442\u0440\u043e\u0435\u043d\u0430 \u0432 \u043d\u0430\u0448\u0443 \u043b\u0435\u0433\u043a\u0443\u044e \u043a\u043e\u043d\u0441\u0442\u0440\u0443\u043a\u0446\u0438\u044e \u043f\u043b\u0430\u0441\u0442\u0438\u043d\u044b \u0434\u043b\u044f \u0433\u0438\u0431\u043a\u043e\u0433\u043e \u0441\u043e\u0435\u0434\u0438\u043d\u0435\u043d\u0438\u044f \u043c\u0435\u0436\u0434\u0443 \u0432\u0430\u043c\u0438 \u0438 \u0432\u0430\u0448\u0438\u043c\u0438 \u043b\u044b\u0436\u0430\u043c\u0438.<\/p>\n<p>\u0420\u0430\u0437\u043c\u0435\u0440 \u0431\u043e\u0442\u0438\u043d\u043e\u043a \u0434\u043b\u044f \u0432\u043e\u0434\u043d\u044b\u0445 \u043b\u044b\u0436 Connelly Shadow<\/p>\n<p>\u0421\/\u041c \u0415\u0421 36-43\/\u0421\u0428\u0410 6-12<\/p>\n","protected":false},"excerpt":{"rendered":"<p>CONNELLY WOMENS SHADOW REAR CONNELLY WOMENS SHADOW REAR \u0411\u043e\u0442\u0438\u043d\u043a\u0438 \u0436\u0435\u043d\u0441\u043a\u0438\u0435 \u0441\u0437\u0430\u0434\u0438 \u0416\u0435\u043d\u0441\u043a\u0438\u0435 \u0411\u043e\u0442\u0438\u043d\u043a\u0438 SHADOW \u0434\u043e\u0431\u0430\u0432\u043b\u044f\u044e\u0442 \u0438\u0437\u044e\u043c\u0438\u043d\u043a\u0443 \u0443\u0434\u043e\u0431\u043d\u043e\u043c\u0443 \u043f\u043e\u0434\u0434\u0435\u0440\u0436\u0438\u0432\u0430\u044e\u0449\u0435\u043c\u0443 \u0434\u0438\u0437\u0430\u0439\u043d\u0443. \u041e\u0431\u0435\u0440\u0442\u043a\u0438 \u0438\u0437 \u043b\u0430\u0439\u043a\u0440\u044b \u043d\u0430 \u043d\u043e\u0441\u043a\u0435 \u0438 \u043f\u044f\u0442\u043a\u0435 \u043f\u0440\u0435\u0434\u043d\u0430\u0437\u043d\u0430\u0447\u0435\u043d\u044b \u0434\u043b\u044f \u043f\u043b\u043e\u0442\u043d\u043e\u0433\u043e \u043f\u0440\u0438\u043b\u0435\u0433\u0430\u043d\u0438\u044f, \u043d\u0435 \u0441\u043e\u0437\u0434\u0430\u0432\u0430\u044f \u0442\u043e\u0447\u0435\u043a \u0434\u0430\u0432\u043b\u0435\u043d\u0438\u044f. \u041e\u0442\u043f\u0443\u0441\u0442\u0438\u0442\u0435 \u0448\u043d\u0443\u0440\u043a\u0438, \u0447\u0442\u043e\u0431\u044b \u0448\u0438\u0440\u043e\u043a\u043e \u043e\u0442\u043a\u0440\u044b\u0442\u044c \u0431\u043e\u0442\u0438\u043d\u043e\u043a \u0438 \u043e\u0431\u043b\u0435\u0433\u0447\u0438\u0442\u044c \u043d\u0430\u0434\u0435\u0432\u0430\u043d\u0438\u0435. \u041f\u043b\u0430\u0432\u0430\u044e\u0449\u0438\u0439 \u043d\u043e\u0441\u043e\u043a \u043f\u043e\u0434\u043e\u0439\u0434\u0435\u0442 \u043a\u0430\u043a \u0434\u043b\u044f \u0431\u043e\u043b\u044c\u0448\u043e\u0433\u043e, \u0442\u0430\u043a \u0438 \u0434\u043b\u044f \u043c\u0430\u043b\u0435\u043d\u044c\u043a\u043e\u0433\u043e \u0440\u0430\u0437\u043c\u0435\u0440\u0430 \u0441\u0442\u043e\u043f\u044b. [&#8230;]<\/p>\n<p><a class=\"btn btn-secondary understrap-read-more-link\" href=\"https:\/\/www.waterskis.lv\/ru\/product\/connelly-womens-shadow-rear\/\">\u0427\u0438\u0442\u0430\u0442\u044c \u0434\u0430\u043b\u044c\u0448\u0435\u2026<\/a><\/p>\n","protected":false},"featured_media":35391,"comment_status":"closed","ping_status":"closed","template":"","meta":{"_acf_changed":false,"inline_featured_image":false},"product_brand":[1280],"product_cat":[556,1011],"product_tag":[3004],"class_list":{"0":"post-41932","1":"product","2":"type-product","3":"status-publish","4":"has-post-thumbnail","6":"product_brand-connelly-water-sports","7":"product_cat-b-","8":"product_cat-----connelly","9":"product_tag-----connelly","11":"first","12":"instock","13":"shipping-taxable","14":"purchasable","15":"product-type-simple"},"acf":[],"yoast_head":"<!-- This site is optimized with the Yoast SEO plugin v27.2 - https:\/\/yoast.com\/product\/yoast-seo-wordpress\/ -->\n<title>CONNELLY WOMENS SHADOW REAR - WATERSKIS.LV<\/title>\n<meta name=\"description\" content=\"CONNELLY WOMENS SHADOW REAR \u0416\u0435\u043d\u0441\u043a\u0438\u0435 \u0411\u043e\u0442\u0438\u043d\u043a\u0438 \u041f\u043b\u0430\u0432\u0430\u044e\u0449\u0438\u0439 \u043d\u043e\u0441\u043e\u043a \u043f\u043e\u0434\u043e\u0439\u0434\u0435\u0442 \u043a\u0430\u043a \u0434\u043b\u044f \u0431\u043e\u043b\u044c\u0448\u043e\u0433\u043e, \u0442\u0430\u043a \u0438 \u0434\u043b\u044f \u043c\u0430\u043b\u0435\u043d\u044c\u043a\u043e\u0433\u043e \u0440\u0430\u0437\u043c\u0435\u0440\u0430 \u0441\u0442\u043e\u043f\u044b.\" \/>\n<meta name=\"robots\" content=\"index, follow, max-snippet:-1, max-image-preview:large, max-video-preview:-1\" \/>\n<link rel=\"canonical\" href=\"https:\/\/www.waterskis.lv\/ru\/product\/connelly-womens-shadow-rear\/\" \/>\n<meta property=\"og:locale\" content=\"ru_RU\" \/>\n<meta property=\"og:type\" content=\"article\" \/>\n<meta property=\"og:title\" content=\"CONNELLY WOMENS SHADOW REAR - WATERSKIS.LV\" \/>\n<meta property=\"og:description\" content=\"CONNELLY WOMENS SHADOW REAR \u0416\u0435\u043d\u0441\u043a\u0438\u0435 \u0411\u043e\u0442\u0438\u043d\u043a\u0438 \u041f\u043b\u0430\u0432\u0430\u044e\u0449\u0438\u0439 \u043d\u043e\u0441\u043e\u043a \u043f\u043e\u0434\u043e\u0439\u0434\u0435\u0442 \u043a\u0430\u043a \u0434\u043b\u044f \u0431\u043e\u043b\u044c\u0448\u043e\u0433\u043e, \u0442\u0430\u043a \u0438 \u0434\u043b\u044f \u043c\u0430\u043b\u0435\u043d\u044c\u043a\u043e\u0433\u043e \u0440\u0430\u0437\u043c\u0435\u0440\u0430 \u0441\u0442\u043e\u043f\u044b.\" \/>\n<meta property=\"og:url\" content=\"https:\/\/www.waterskis.lv\/ru\/product\/connelly-womens-shadow-rear\/\" \/>\n<meta property=\"og:site_name\" content=\"WATERSKIS.LV\" \/>\n<meta property=\"article:publisher\" content=\"https:\/\/www.facebook.com\/jurmalawaterskiwakeboardpark\/\" \/>\n<meta property=\"article:modified_time\" content=\"2026-01-29T05:33:10+00:00\" \/>\n<meta property=\"og:image\" content=\"https:\/\/www.waterskis.lv\/wp-content\/uploads\/2022\/01\/shadow_women_s_rear_-_right.jpg\" \/>\n\t<meta property=\"og:image:width\" content=\"1600\" \/>\n\t<meta property=\"og:image:height\" content=\"1600\" \/>\n\t<meta property=\"og:image:type\" content=\"image\/jpeg\" \/>\n<meta name=\"twitter:card\" content=\"summary_large_image\" \/>\n<meta name=\"twitter:label1\" content=\"\u041f\u0440\u0438\u043c\u0435\u0440\u043d\u043e\u0435 \u0432\u0440\u0435\u043c\u044f \u0434\u043b\u044f \u0447\u0442\u0435\u043d\u0438\u044f\" \/>\n\t<meta name=\"twitter:data1\" content=\"1 \u043c\u0438\u043d\u0443\u0442\u0430\" \/>\n<script type=\"application\/ld+json\" class=\"yoast-schema-graph\">{\"@context\":\"https:\/\/schema.org\",\"@graph\":[{\"@type\":\"WebPage\",\"@id\":\"https:\/\/www.waterskis.lv\/ru\/product\/connelly-womens-shadow-rear\/\",\"url\":\"https:\/\/www.waterskis.lv\/ru\/product\/connelly-womens-shadow-rear\/\",\"name\":\"CONNELLY WOMENS SHADOW REAR - WATERSKIS.LV\",\"isPartOf\":{\"@id\":\"https:\/\/www.waterskis.lv\/ru\/#website\"},\"primaryImageOfPage\":{\"@id\":\"https:\/\/www.waterskis.lv\/ru\/product\/connelly-womens-shadow-rear\/#primaryimage\"},\"image\":{\"@id\":\"https:\/\/www.waterskis.lv\/ru\/product\/connelly-womens-shadow-rear\/#primaryimage\"},\"thumbnailUrl\":\"https:\/\/www.waterskis.lv\/wp-content\/uploads\/2022\/01\/shadow_women_s_rear_-_right.jpg\",\"datePublished\":\"2022-01-26T07:57:29+00:00\",\"dateModified\":\"2026-01-29T05:33:10+00:00\",\"description\":\"CONNELLY WOMENS SHADOW REAR \u0416\u0435\u043d\u0441\u043a\u0438\u0435 \u0411\u043e\u0442\u0438\u043d\u043a\u0438 \u041f\u043b\u0430\u0432\u0430\u044e\u0449\u0438\u0439 \u043d\u043e\u0441\u043e\u043a \u043f\u043e\u0434\u043e\u0439\u0434\u0435\u0442 \u043a\u0430\u043a \u0434\u043b\u044f \u0431\u043e\u043b\u044c\u0448\u043e\u0433\u043e, \u0442\u0430\u043a \u0438 \u0434\u043b\u044f \u043c\u0430\u043b\u0435\u043d\u044c\u043a\u043e\u0433\u043e \u0440\u0430\u0437\u043c\u0435\u0440\u0430 \u0441\u0442\u043e\u043f\u044b.\",\"breadcrumb\":{\"@id\":\"https:\/\/www.waterskis.lv\/ru\/product\/connelly-womens-shadow-rear\/#breadcrumb\"},\"inLanguage\":\"ru-RU\",\"potentialAction\":[{\"@type\":\"ReadAction\",\"target\":[\"https:\/\/www.waterskis.lv\/ru\/product\/connelly-womens-shadow-rear\/\"]}]},{\"@type\":\"ImageObject\",\"inLanguage\":\"ru-RU\",\"@id\":\"https:\/\/www.waterskis.lv\/ru\/product\/connelly-womens-shadow-rear\/#primaryimage\",\"url\":\"https:\/\/www.waterskis.lv\/wp-content\/uploads\/2022\/01\/shadow_women_s_rear_-_right.jpg\",\"contentUrl\":\"https:\/\/www.waterskis.lv\/wp-content\/uploads\/2022\/01\/shadow_women_s_rear_-_right.jpg\",\"width\":1600,\"height\":1600,\"caption\":\"Aizmugur\u0113jais z\u0101baks CONNELLY WOMEN\u2019S SHADOW REAR\"},{\"@type\":\"BreadcrumbList\",\"@id\":\"https:\/\/www.waterskis.lv\/ru\/product\/connelly-womens-shadow-rear\/#breadcrumb\",\"itemListElement\":[{\"@type\":\"ListItem\",\"position\":1,\"name\":\"Home\",\"item\":\"https:\/\/www.waterskis.lv\/ru\/\"},{\"@type\":\"ListItem\",\"position\":2,\"name\":\"\u041c\u0430\u0433\u0430\u0437\u0438\u043d\",\"item\":\"https:\/\/www.waterskis.lv\/ru\/%d0%bc%d0%b0%d0%b3%d0%b0%d0%b7%d0%b8%d0%bd\/\"},{\"@type\":\"ListItem\",\"position\":3,\"name\":\"CONNELLY WOMENS SHADOW REAR\"}]},{\"@type\":\"WebSite\",\"@id\":\"https:\/\/www.waterskis.lv\/ru\/#website\",\"url\":\"https:\/\/www.waterskis.lv\/ru\/\",\"name\":\"WATERSKIS.LV\",\"description\":\"SUP d\u0113\u013ci, kajaki, kanoe, airu laivas, \u016bdenssl\u0113po\u0161ana, veikbords, SUP d\u0113\u013cu noma, kajaku nomaakt\u012bv\u0101s atp\u016btas centrs, laivu noma, sup noma, kajaku noma\",\"publisher\":{\"@id\":\"https:\/\/www.waterskis.lv\/ru\/#organization\"},\"potentialAction\":[{\"@type\":\"SearchAction\",\"target\":{\"@type\":\"EntryPoint\",\"urlTemplate\":\"https:\/\/www.waterskis.lv\/ru\/?s={search_term_string}\"},\"query-input\":{\"@type\":\"PropertyValueSpecification\",\"valueRequired\":true,\"valueName\":\"search_term_string\"}}],\"inLanguage\":\"ru-RU\"},{\"@type\":\"Organization\",\"@id\":\"https:\/\/www.waterskis.lv\/ru\/#organization\",\"name\":\"WATERSKIS.LV\",\"url\":\"https:\/\/www.waterskis.lv\/ru\/\",\"logo\":{\"@type\":\"ImageObject\",\"inLanguage\":\"ru-RU\",\"@id\":\"https:\/\/www.waterskis.lv\/ru\/#\/schema\/logo\/image\/\",\"url\":\"https:\/\/www.waterskis.lv\/wp-content\/uploads\/2025\/01\/JUVP-logo.png\",\"contentUrl\":\"https:\/\/www.waterskis.lv\/wp-content\/uploads\/2025\/01\/JUVP-logo.png\",\"width\":421,\"height\":202,\"caption\":\"WATERSKIS.LV\"},\"image\":{\"@id\":\"https:\/\/www.waterskis.lv\/ru\/#\/schema\/logo\/image\/\"},\"sameAs\":[\"https:\/\/www.facebook.com\/jurmalawaterskiwakeboardpark\/\"]}]}<\/script>\n<!-- \/ Yoast SEO plugin. -->","yoast_head_json":{"title":"CONNELLY WOMENS SHADOW REAR - WATERSKIS.LV","description":"CONNELLY WOMENS SHADOW REAR \u0416\u0435\u043d\u0441\u043a\u0438\u0435 \u0411\u043e\u0442\u0438\u043d\u043a\u0438 \u041f\u043b\u0430\u0432\u0430\u044e\u0449\u0438\u0439 \u043d\u043e\u0441\u043e\u043a \u043f\u043e\u0434\u043e\u0439\u0434\u0435\u0442 \u043a\u0430\u043a \u0434\u043b\u044f \u0431\u043e\u043b\u044c\u0448\u043e\u0433\u043e, \u0442\u0430\u043a \u0438 \u0434\u043b\u044f \u043c\u0430\u043b\u0435\u043d\u044c\u043a\u043e\u0433\u043e \u0440\u0430\u0437\u043c\u0435\u0440\u0430 \u0441\u0442\u043e\u043f\u044b.","robots":{"index":"index","follow":"follow","max-snippet":"max-snippet:-1","max-image-preview":"max-image-preview:large","max-video-preview":"max-video-preview:-1"},"canonical":"https:\/\/www.waterskis.lv\/ru\/product\/connelly-womens-shadow-rear\/","og_locale":"ru_RU","og_type":"article","og_title":"CONNELLY WOMENS SHADOW REAR - WATERSKIS.LV","og_description":"CONNELLY WOMENS SHADOW REAR \u0416\u0435\u043d\u0441\u043a\u0438\u0435 \u0411\u043e\u0442\u0438\u043d\u043a\u0438 \u041f\u043b\u0430\u0432\u0430\u044e\u0449\u0438\u0439 \u043d\u043e\u0441\u043e\u043a \u043f\u043e\u0434\u043e\u0439\u0434\u0435\u0442 \u043a\u0430\u043a \u0434\u043b\u044f \u0431\u043e\u043b\u044c\u0448\u043e\u0433\u043e, \u0442\u0430\u043a \u0438 \u0434\u043b\u044f \u043c\u0430\u043b\u0435\u043d\u044c\u043a\u043e\u0433\u043e \u0440\u0430\u0437\u043c\u0435\u0440\u0430 \u0441\u0442\u043e\u043f\u044b.","og_url":"https:\/\/www.waterskis.lv\/ru\/product\/connelly-womens-shadow-rear\/","og_site_name":"WATERSKIS.LV","article_publisher":"https:\/\/www.facebook.com\/jurmalawaterskiwakeboardpark\/","article_modified_time":"2026-01-29T05:33:10+00:00","og_image":[{"width":1600,"height":1600,"url":"https:\/\/www.waterskis.lv\/wp-content\/uploads\/2022\/01\/shadow_women_s_rear_-_right.jpg","type":"image\/jpeg"}],"twitter_card":"summary_large_image","twitter_misc":{"\u041f\u0440\u0438\u043c\u0435\u0440\u043d\u043e\u0435 \u0432\u0440\u0435\u043c\u044f \u0434\u043b\u044f \u0447\u0442\u0435\u043d\u0438\u044f":"1 \u043c\u0438\u043d\u0443\u0442\u0430"},"schema":{"@context":"https:\/\/schema.org","@graph":[{"@type":"WebPage","@id":"https:\/\/www.waterskis.lv\/ru\/product\/connelly-womens-shadow-rear\/","url":"https:\/\/www.waterskis.lv\/ru\/product\/connelly-womens-shadow-rear\/","name":"CONNELLY WOMENS SHADOW REAR - WATERSKIS.LV","isPartOf":{"@id":"https:\/\/www.waterskis.lv\/ru\/#website"},"primaryImageOfPage":{"@id":"https:\/\/www.waterskis.lv\/ru\/product\/connelly-womens-shadow-rear\/#primaryimage"},"image":{"@id":"https:\/\/www.waterskis.lv\/ru\/product\/connelly-womens-shadow-rear\/#primaryimage"},"thumbnailUrl":"https:\/\/www.waterskis.lv\/wp-content\/uploads\/2022\/01\/shadow_women_s_rear_-_right.jpg","datePublished":"2022-01-26T07:57:29+00:00","dateModified":"2026-01-29T05:33:10+00:00","description":"CONNELLY WOMENS SHADOW REAR \u0416\u0435\u043d\u0441\u043a\u0438\u0435 \u0411\u043e\u0442\u0438\u043d\u043a\u0438 \u041f\u043b\u0430\u0432\u0430\u044e\u0449\u0438\u0439 \u043d\u043e\u0441\u043e\u043a \u043f\u043e\u0434\u043e\u0439\u0434\u0435\u0442 \u043a\u0430\u043a \u0434\u043b\u044f \u0431\u043e\u043b\u044c\u0448\u043e\u0433\u043e, \u0442\u0430\u043a \u0438 \u0434\u043b\u044f \u043c\u0430\u043b\u0435\u043d\u044c\u043a\u043e\u0433\u043e \u0440\u0430\u0437\u043c\u0435\u0440\u0430 \u0441\u0442\u043e\u043f\u044b.","breadcrumb":{"@id":"https:\/\/www.waterskis.lv\/ru\/product\/connelly-womens-shadow-rear\/#breadcrumb"},"inLanguage":"ru-RU","potentialAction":[{"@type":"ReadAction","target":["https:\/\/www.waterskis.lv\/ru\/product\/connelly-womens-shadow-rear\/"]}]},{"@type":"ImageObject","inLanguage":"ru-RU","@id":"https:\/\/www.waterskis.lv\/ru\/product\/connelly-womens-shadow-rear\/#primaryimage","url":"https:\/\/www.waterskis.lv\/wp-content\/uploads\/2022\/01\/shadow_women_s_rear_-_right.jpg","contentUrl":"https:\/\/www.waterskis.lv\/wp-content\/uploads\/2022\/01\/shadow_women_s_rear_-_right.jpg","width":1600,"height":1600,"caption":"Aizmugur\u0113jais z\u0101baks CONNELLY WOMEN\u2019S SHADOW REAR"},{"@type":"BreadcrumbList","@id":"https:\/\/www.waterskis.lv\/ru\/product\/connelly-womens-shadow-rear\/#breadcrumb","itemListElement":[{"@type":"ListItem","position":1,"name":"Home","item":"https:\/\/www.waterskis.lv\/ru\/"},{"@type":"ListItem","position":2,"name":"\u041c\u0430\u0433\u0430\u0437\u0438\u043d","item":"https:\/\/www.waterskis.lv\/ru\/%d0%bc%d0%b0%d0%b3%d0%b0%d0%b7%d0%b8%d0%bd\/"},{"@type":"ListItem","position":3,"name":"CONNELLY WOMENS SHADOW REAR"}]},{"@type":"WebSite","@id":"https:\/\/www.waterskis.lv\/ru\/#website","url":"https:\/\/www.waterskis.lv\/ru\/","name":"WATERSKIS.LV","description":"SUP d\u0113\u013ci, kajaki, kanoe, airu laivas, \u016bdenssl\u0113po\u0161ana, veikbords, SUP d\u0113\u013cu noma, kajaku nomaakt\u012bv\u0101s atp\u016btas centrs, laivu noma, sup noma, kajaku noma","publisher":{"@id":"https:\/\/www.waterskis.lv\/ru\/#organization"},"potentialAction":[{"@type":"SearchAction","target":{"@type":"EntryPoint","urlTemplate":"https:\/\/www.waterskis.lv\/ru\/?s={search_term_string}"},"query-input":{"@type":"PropertyValueSpecification","valueRequired":true,"valueName":"search_term_string"}}],"inLanguage":"ru-RU"},{"@type":"Organization","@id":"https:\/\/www.waterskis.lv\/ru\/#organization","name":"WATERSKIS.LV","url":"https:\/\/www.waterskis.lv\/ru\/","logo":{"@type":"ImageObject","inLanguage":"ru-RU","@id":"https:\/\/www.waterskis.lv\/ru\/#\/schema\/logo\/image\/","url":"https:\/\/www.waterskis.lv\/wp-content\/uploads\/2025\/01\/JUVP-logo.png","contentUrl":"https:\/\/www.waterskis.lv\/wp-content\/uploads\/2025\/01\/JUVP-logo.png","width":421,"height":202,"caption":"WATERSKIS.LV"},"image":{"@id":"https:\/\/www.waterskis.lv\/ru\/#\/schema\/logo\/image\/"},"sameAs":["https:\/\/www.facebook.com\/jurmalawaterskiwakeboardpark\/"]}]}},"_links":{"self":[{"href":"https:\/\/www.waterskis.lv\/ru\/wp-json\/wp\/v2\/product\/41932","targetHints":{"allow":["GET"]}}],"collection":[{"href":"https:\/\/www.waterskis.lv\/ru\/wp-json\/wp\/v2\/product"}],"about":[{"href":"https:\/\/www.waterskis.lv\/ru\/wp-json\/wp\/v2\/types\/product"}],"replies":[{"embeddable":true,"href":"https:\/\/www.waterskis.lv\/ru\/wp-json\/wp\/v2\/comments?post=41932"}],"wp:featuredmedia":[{"embeddable":true,"href":"https:\/\/www.waterskis.lv\/ru\/wp-json\/wp\/v2\/media\/35391"}],"wp:attachment":[{"href":"https:\/\/www.waterskis.lv\/ru\/wp-json\/wp\/v2\/media?parent=41932"}],"wp:term":[{"taxonomy":"product_brand","embeddable":true,"href":"https:\/\/www.waterskis.lv\/ru\/wp-json\/wp\/v2\/product_brand?post=41932"},{"taxonomy":"product_cat","embeddable":true,"href":"https:\/\/www.waterskis.lv\/ru\/wp-json\/wp\/v2\/product_cat?post=41932"},{"taxonomy":"product_tag","embeddable":true,"href":"https:\/\/www.waterskis.lv\/ru\/wp-json\/wp\/v2\/product_tag?post=41932"}],"curies":[{"name":"wp","href":"https:\/\/api.w.org\/{rel}","templated":true}]}}