{"id":41963,"date":"2022-02-02T10:27:49","date_gmt":"2022-02-02T07:27:49","guid":{"rendered":"https:\/\/www.waterskis.lv\/?post_type=product&#038;p=41963"},"modified":"2026-01-29T12:09:14","modified_gmt":"2026-01-29T10:09:14","slug":"%d1%84%d0%b0%d0%bb-%d1%81-%d1%80%d1%83%d0%ba%d0%be%d1%8f%d1%82%d0%ba%d0%be%d0%b9-proline-recreational-15-w-5-sections-wake-knee-ski-package","status":"publish","type":"product","link":"https:\/\/www.waterskis.lv\/ru\/product\/%d1%84%d0%b0%d0%bb-%d1%81-%d1%80%d1%83%d0%ba%d0%be%d1%8f%d1%82%d0%ba%d0%be%d0%b9-proline-recreational-15-w-5-sections-wake-knee-ski-package\/","title":{"rendered":"\u0424\u0430\u043b \u0441 \u0440\u0443\u043a\u043e\u044f\u0442\u043a\u043e\u0439 PROLINE RECREATIONAL 15&#8243; W\/5-SECTIONS WAKE\/KNEE\/SKI PACKAGE"},"content":{"rendered":"<h1>\u0424\u0430\u043b \u0441 \u0440\u0443\u043a\u043e\u044f\u0442\u043a\u043e\u0439 PROLINE RECREATIONAL 15&#8243; W\/5-SECTIONS WAKE\/KNEE\/SKI PACKAGE<\/h1>\n<p>\u0424\u0430\u043b \u0441 \u0440\u0443\u043a\u043e\u044f\u0442\u043a\u043e\u0439 PROLINE RECREATIONAL 15&#8243; W\/5-SECTIONS WAKE\/KNEE\/SKI PACKAGE<\/p>\n<p>75-\u0424\u0423\u0422\u041e\u0412\u0410\u042f \u0420\u0423\u041a\u041e\u042f\u0422\u041a\u0410 EVA \u0441 5-\u0421\u0415\u041a\u0426\u0418\u041e\u041d\u041d\u041e\u0419 \u041e\u0421\u041d\u041e\u0412\u041d\u041e\u0419 \u041b\u0418\u041d\u0418\u0415\u0419<\/p>\n<p>15-\u0434\u044e\u0439\u043c\u043e\u0432\u0430\u044f \u0448\u0435\u0441\u0442\u0438\u0433\u0440\u0430\u043d\u043d\u0430\u044f \u0440\u0443\u043a\u043e\u044f\u0442\u043a\u0430 \u0438\u0437 \u043c\u044f\u0433\u043a\u043e\u0433\u043e \u043c\u0430\u0442\u0435\u0440\u0438\u0430\u043b\u0430 EVA \u0434\u043b\u044f \u043c\u0430\u043a\u0441\u0438\u043c\u0430\u043b\u044c\u043d\u043e\u0433\u043e \u043a\u043e\u043c\u0444\u043e\u0440\u0442\u0430<br \/>\n\u041d\u043e\u0432\u0430\u044f \u0438\u0437\u043e\u0433\u043d\u0443\u0442\u0430\u044f \u0442\u043e\u0440\u0446\u0435\u0432\u0430\u044f \u043a\u0440\u044b\u0448\u043a\u0430 \u0438 \u0448\u0435\u0441\u0442\u0438\u0433\u0440\u0430\u043d\u043d\u0430\u044f \u0437\u0430\u0433\u043b\u0443\u0448\u043a\u0430 \u0443\u043c\u0435\u043d\u044c\u0448\u0430\u044e\u0442 \u0432\u0440\u0430\u0449\u0435\u043d\u0438\u0435 \u0440\u0443\u043a\u043e\u044f\u0442\u043a\u0438<br \/>\n\u041f\u0440\u043e\u0447\u043d\u044b\u0439 \u043f\u043e\u043b\u0438\u043f\u0440\u043e\u043f\u0438\u043b\u0435\u043d\u043e\u0432\u044b\u0439 \u043a\u0430\u043d\u0430\u0442 \u0434\u0438\u0430\u043c\u0435\u0442\u0440\u043e\u043c 3\/8 \u0434\u044e\u0439\u043c\u0430 \u0441 5 \u0441\u0435\u043a\u0446\u0438\u044f\u043c\u0438<br \/>\n\u041f\u043b\u0430\u0432\u0430\u044e\u0449\u0430\u044f \u0440\u0443\u0447\u043a\u0430 \u0438 \u043c\u0430\u0433\u0438\u0441\u0442\u0440\u0430\u043b\u044c \u0434\u043b\u044f \u043f\u043e\u0432\u044b\u0448\u0435\u043d\u0438\u044f \u0431\u0435\u0437\u043e\u043f\u0430\u0441\u043d\u043e\u0441\u0442\u0438 \u0438 \u0432\u0438\u0434\u0438\u043c\u043e\u0441\u0442\u0438<\/p>\n<p>PROLINE RECREATIONAL 15&#8243; W\/5-SECTIONS WAKE\/KNEE\/SKI PACKAGE<\/p>\n<p><em>75&#8242; EVA HANDLE w\/5 SECTION MAINLINE<\/em><\/p>\n<ul>\n<li>15\u201d Soft EVA hexagon grip for deluxe comfort<\/li>\n<li>New curved endcap and hexagon plug reduces handle roll<\/li>\n<li>Durable 3\/8\u201d Poly-Propylene rope w\/5 sections<\/li>\n<li>Floating handle and mainline for improved safety and visibility<\/li>\n<\/ul>\n","protected":false},"excerpt":{"rendered":"<p>\u0424\u0430\u043b \u0441 \u0440\u0443\u043a\u043e\u044f\u0442\u043a\u043e\u0439 PROLINE RECREATIONAL 15&#8243; W\/5-SECTIONS WAKE\/KNEE\/SKI PACKAGE \u0424\u0430\u043b \u0441 \u0440\u0443\u043a\u043e\u044f\u0442\u043a\u043e\u0439 PROLINE RECREATIONAL 15&#8243; W\/5-SECTIONS WAKE\/KNEE\/SKI PACKAGE 75-\u0424\u0423\u0422\u041e\u0412\u0410\u042f \u0420\u0423\u041a\u041e\u042f\u0422\u041a\u0410 EVA \u0441 5-\u0421\u0415\u041a\u0426\u0418\u041e\u041d\u041d\u041e\u0419 \u041e\u0421\u041d\u041e\u0412\u041d\u041e\u0419 \u041b\u0418\u041d\u0418\u0415\u0419 15-\u0434\u044e\u0439\u043c\u043e\u0432\u0430\u044f \u0448\u0435\u0441\u0442\u0438\u0433\u0440\u0430\u043d\u043d\u0430\u044f \u0440\u0443\u043a\u043e\u044f\u0442\u043a\u0430 \u0438\u0437 \u043c\u044f\u0433\u043a\u043e\u0433\u043e \u043c\u0430\u0442\u0435\u0440\u0438\u0430\u043b\u0430 EVA \u0434\u043b\u044f \u043c\u0430\u043a\u0441\u0438\u043c\u0430\u043b\u044c\u043d\u043e\u0433\u043e \u043a\u043e\u043c\u0444\u043e\u0440\u0442\u0430 \u041d\u043e\u0432\u0430\u044f \u0438\u0437\u043e\u0433\u043d\u0443\u0442\u0430\u044f \u0442\u043e\u0440\u0446\u0435\u0432\u0430\u044f \u043a\u0440\u044b\u0448\u043a\u0430 \u0438 \u0448\u0435\u0441\u0442\u0438\u0433\u0440\u0430\u043d\u043d\u0430\u044f \u0437\u0430\u0433\u043b\u0443\u0448\u043a\u0430 \u0443\u043c\u0435\u043d\u044c\u0448\u0430\u044e\u0442 \u0432\u0440\u0430\u0449\u0435\u043d\u0438\u0435 \u0440\u0443\u043a\u043e\u044f\u0442\u043a\u0438 \u041f\u0440\u043e\u0447\u043d\u044b\u0439 \u043f\u043e\u043b\u0438\u043f\u0440\u043e\u043f\u0438\u043b\u0435\u043d\u043e\u0432\u044b\u0439 \u043a\u0430\u043d\u0430\u0442 \u0434\u0438\u0430\u043c\u0435\u0442\u0440\u043e\u043c 3\/8 \u0434\u044e\u0439\u043c\u0430 \u0441 5 \u0441\u0435\u043a\u0446\u0438\u044f\u043c\u0438 \u041f\u043b\u0430\u0432\u0430\u044e\u0449\u0430\u044f [&#8230;]<\/p>\n<p><a class=\"btn btn-secondary understrap-read-more-link\" href=\"https:\/\/www.waterskis.lv\/ru\/product\/%d1%84%d0%b0%d0%bb-%d1%81-%d1%80%d1%83%d0%ba%d0%be%d1%8f%d1%82%d0%ba%d0%be%d0%b9-proline-recreational-15-w-5-sections-wake-knee-ski-package\/\">\u0427\u0438\u0442\u0430\u0442\u044c \u0434\u0430\u043b\u044c\u0448\u0435\u2026<\/a><\/p>\n","protected":false},"featured_media":36201,"comment_status":"closed","ping_status":"closed","template":"","meta":{"_acf_changed":false,"inline_featured_image":false},"product_brand":[2631],"product_cat":[556,560,1013,1018],"product_tag":[3021,3044],"class_list":{"0":"post-41963","1":"product","2":"type-product","3":"status-publish","4":"has-post-thumbnail","6":"product_brand-proline","7":"product_cat-b-","8":"product_cat-560","9":"product_cat-1013","10":"product_cat-1018","11":"product_tag-3021","12":"product_tag-3044","14":"first","15":"instock","16":"shipping-taxable","17":"purchasable","18":"product-type-simple"},"acf":[],"yoast_head":"<!-- This site is optimized with the Yoast SEO plugin v27.5 - https:\/\/yoast.com\/product\/yoast-seo-wordpress\/ -->\n<title>\u0424\u0430\u043b \u0441 \u0440\u0443\u043a\u043e\u044f\u0442\u043a\u043e\u0439 PROLINE RECREATIONAL 15&quot; W\/5-SECTIONS WAKE\/KNEE\/SKI PACKAGE - WATERSKIS.LV<\/title>\n<meta name=\"description\" content=\"\u0424\u0430\u043b \u0441 \u0440\u0443\u043a\u043e\u044f\u0442\u043a\u043e\u0439 PROLINE RECREATIONAL 15&quot; W\/5-SECTIONS WAKE\/KNEE\/SKI PACKAGE. \u041f\u043b\u0430\u0432\u0430\u044e\u0449\u0430\u044f \u0440\u0443\u0447\u043a\u0430 \u0438 \u043c\u0430\u0433\u0438\u0441\u0442\u0440\u0430\u043b\u044c \u0434\u043b\u044f \u043f\u043e\u0432\u044b\u0448\u0435\u043d\u0438\u044f \u0431\u0435\u0437\u043e\u043f\u0430\u0441\u043d\u043e\u0441\u0442\u0438 \u0438 \u0432\u0438\u0434\u0438\u043c\u043e\u0441\u0442\u0438\" \/>\n<meta name=\"robots\" content=\"index, follow, max-snippet:-1, max-image-preview:large, max-video-preview:-1\" \/>\n<link rel=\"canonical\" href=\"https:\/\/www.waterskis.lv\/ru\/product\/%d1%84%d0%b0%d0%bb-%d1%81-%d1%80%d1%83%d0%ba%d0%be%d1%8f%d1%82%d0%ba%d0%be%d0%b9-proline-recreational-15-w-5-sections-wake-knee-ski-package\/\" \/>\n<meta property=\"og:locale\" content=\"ru_RU\" \/>\n<meta property=\"og:type\" content=\"article\" \/>\n<meta property=\"og:title\" content=\"\u0424\u0430\u043b \u0441 \u0440\u0443\u043a\u043e\u044f\u0442\u043a\u043e\u0439 PROLINE RECREATIONAL 15&quot; W\/5-SECTIONS WAKE\/KNEE\/SKI PACKAGE - WATERSKIS.LV\" \/>\n<meta property=\"og:description\" content=\"\u0424\u0430\u043b \u0441 \u0440\u0443\u043a\u043e\u044f\u0442\u043a\u043e\u0439 PROLINE RECREATIONAL 15&quot; W\/5-SECTIONS WAKE\/KNEE\/SKI PACKAGE. \u041f\u043b\u0430\u0432\u0430\u044e\u0449\u0430\u044f \u0440\u0443\u0447\u043a\u0430 \u0438 \u043c\u0430\u0433\u0438\u0441\u0442\u0440\u0430\u043b\u044c \u0434\u043b\u044f \u043f\u043e\u0432\u044b\u0448\u0435\u043d\u0438\u044f \u0431\u0435\u0437\u043e\u043f\u0430\u0441\u043d\u043e\u0441\u0442\u0438 \u0438 \u0432\u0438\u0434\u0438\u043c\u043e\u0441\u0442\u0438\" \/>\n<meta property=\"og:url\" content=\"https:\/\/www.waterskis.lv\/ru\/product\/%d1%84%d0%b0%d0%bb-%d1%81-%d1%80%d1%83%d0%ba%d0%be%d1%8f%d1%82%d0%ba%d0%be%d0%b9-proline-recreational-15-w-5-sections-wake-knee-ski-package\/\" \/>\n<meta property=\"og:site_name\" content=\"WATERSKIS.LV\" \/>\n<meta property=\"article:publisher\" content=\"https:\/\/www.facebook.com\/jurmalawaterskiwakeboardpark\/\" \/>\n<meta property=\"article:modified_time\" content=\"2026-01-29T10:09:14+00:00\" \/>\n<meta property=\"og:image\" content=\"https:\/\/www.waterskis.lv\/wp-content\/uploads\/2022\/02\/WakeKneeAndSkiCombo_1800x1800.jpg\" \/>\n\t<meta property=\"og:image:width\" content=\"640\" \/>\n\t<meta property=\"og:image:height\" content=\"640\" \/>\n\t<meta property=\"og:image:type\" content=\"image\/jpeg\" \/>\n<meta name=\"twitter:card\" content=\"summary_large_image\" \/>\n<meta name=\"twitter:label1\" content=\"\u041f\u0440\u0438\u043c\u0435\u0440\u043d\u043e\u0435 \u0432\u0440\u0435\u043c\u044f \u0434\u043b\u044f \u0447\u0442\u0435\u043d\u0438\u044f\" \/>\n\t<meta name=\"twitter:data1\" content=\"1 \u043c\u0438\u043d\u0443\u0442\u0430\" \/>\n<script type=\"application\/ld+json\" class=\"yoast-schema-graph\">{\"@context\":\"https:\\\/\\\/schema.org\",\"@graph\":[{\"@type\":\"WebPage\",\"@id\":\"https:\\\/\\\/www.waterskis.lv\\\/ru\\\/product\\\/%d1%84%d0%b0%d0%bb-%d1%81-%d1%80%d1%83%d0%ba%d0%be%d1%8f%d1%82%d0%ba%d0%be%d0%b9-proline-recreational-15-w-5-sections-wake-knee-ski-package\\\/\",\"url\":\"https:\\\/\\\/www.waterskis.lv\\\/ru\\\/product\\\/%d1%84%d0%b0%d0%bb-%d1%81-%d1%80%d1%83%d0%ba%d0%be%d1%8f%d1%82%d0%ba%d0%be%d0%b9-proline-recreational-15-w-5-sections-wake-knee-ski-package\\\/\",\"name\":\"\u0424\u0430\u043b \u0441 \u0440\u0443\u043a\u043e\u044f\u0442\u043a\u043e\u0439 PROLINE RECREATIONAL 15\\\" W\\\/5-SECTIONS WAKE\\\/KNEE\\\/SKI PACKAGE - WATERSKIS.LV\",\"isPartOf\":{\"@id\":\"https:\\\/\\\/www.waterskis.lv\\\/ru\\\/#website\"},\"primaryImageOfPage\":{\"@id\":\"https:\\\/\\\/www.waterskis.lv\\\/ru\\\/product\\\/%d1%84%d0%b0%d0%bb-%d1%81-%d1%80%d1%83%d0%ba%d0%be%d1%8f%d1%82%d0%ba%d0%be%d0%b9-proline-recreational-15-w-5-sections-wake-knee-ski-package\\\/#primaryimage\"},\"image\":{\"@id\":\"https:\\\/\\\/www.waterskis.lv\\\/ru\\\/product\\\/%d1%84%d0%b0%d0%bb-%d1%81-%d1%80%d1%83%d0%ba%d0%be%d1%8f%d1%82%d0%ba%d0%be%d0%b9-proline-recreational-15-w-5-sections-wake-knee-ski-package\\\/#primaryimage\"},\"thumbnailUrl\":\"https:\\\/\\\/www.waterskis.lv\\\/wp-content\\\/uploads\\\/2022\\\/02\\\/WakeKneeAndSkiCombo_1800x1800.jpg\",\"datePublished\":\"2022-02-02T07:27:49+00:00\",\"dateModified\":\"2026-01-29T10:09:14+00:00\",\"description\":\"\u0424\u0430\u043b \u0441 \u0440\u0443\u043a\u043e\u044f\u0442\u043a\u043e\u0439 PROLINE RECREATIONAL 15\\\" W\\\/5-SECTIONS WAKE\\\/KNEE\\\/SKI PACKAGE. \u041f\u043b\u0430\u0432\u0430\u044e\u0449\u0430\u044f \u0440\u0443\u0447\u043a\u0430 \u0438 \u043c\u0430\u0433\u0438\u0441\u0442\u0440\u0430\u043b\u044c \u0434\u043b\u044f \u043f\u043e\u0432\u044b\u0448\u0435\u043d\u0438\u044f \u0431\u0435\u0437\u043e\u043f\u0430\u0441\u043d\u043e\u0441\u0442\u0438 \u0438 \u0432\u0438\u0434\u0438\u043c\u043e\u0441\u0442\u0438\",\"breadcrumb\":{\"@id\":\"https:\\\/\\\/www.waterskis.lv\\\/ru\\\/product\\\/%d1%84%d0%b0%d0%bb-%d1%81-%d1%80%d1%83%d0%ba%d0%be%d1%8f%d1%82%d0%ba%d0%be%d0%b9-proline-recreational-15-w-5-sections-wake-knee-ski-package\\\/#breadcrumb\"},\"inLanguage\":\"ru-RU\",\"potentialAction\":[{\"@type\":\"ReadAction\",\"target\":[\"https:\\\/\\\/www.waterskis.lv\\\/ru\\\/product\\\/%d1%84%d0%b0%d0%bb-%d1%81-%d1%80%d1%83%d0%ba%d0%be%d1%8f%d1%82%d0%ba%d0%be%d0%b9-proline-recreational-15-w-5-sections-wake-knee-ski-package\\\/\"]}]},{\"@type\":\"ImageObject\",\"inLanguage\":\"ru-RU\",\"@id\":\"https:\\\/\\\/www.waterskis.lv\\\/ru\\\/product\\\/%d1%84%d0%b0%d0%bb-%d1%81-%d1%80%d1%83%d0%ba%d0%be%d1%8f%d1%82%d0%ba%d0%be%d0%b9-proline-recreational-15-w-5-sections-wake-knee-ski-package\\\/#primaryimage\",\"url\":\"https:\\\/\\\/www.waterskis.lv\\\/wp-content\\\/uploads\\\/2022\\\/02\\\/WakeKneeAndSkiCombo_1800x1800.jpg\",\"contentUrl\":\"https:\\\/\\\/www.waterskis.lv\\\/wp-content\\\/uploads\\\/2022\\\/02\\\/WakeKneeAndSkiCombo_1800x1800.jpg\",\"width\":640,\"height\":640,\"caption\":\"PROLINE RECREATIONAL 15\\\" W\\\/5-SECTIONS WAKE\\\/KNEE\\\/SKI PACKAGE\"},{\"@type\":\"BreadcrumbList\",\"@id\":\"https:\\\/\\\/www.waterskis.lv\\\/ru\\\/product\\\/%d1%84%d0%b0%d0%bb-%d1%81-%d1%80%d1%83%d0%ba%d0%be%d1%8f%d1%82%d0%ba%d0%be%d0%b9-proline-recreational-15-w-5-sections-wake-knee-ski-package\\\/#breadcrumb\",\"itemListElement\":[{\"@type\":\"ListItem\",\"position\":1,\"name\":\"Home\",\"item\":\"https:\\\/\\\/www.waterskis.lv\\\/ru\\\/\"},{\"@type\":\"ListItem\",\"position\":2,\"name\":\"\u041c\u0430\u0433\u0430\u0437\u0438\u043d\",\"item\":\"https:\\\/\\\/www.waterskis.lv\\\/ru\\\/%d0%bc%d0%b0%d0%b3%d0%b0%d0%b7%d0%b8%d0%bd\\\/\"},{\"@type\":\"ListItem\",\"position\":3,\"name\":\"\u0424\u0430\u043b \u0441 \u0440\u0443\u043a\u043e\u044f\u0442\u043a\u043e\u0439 PROLINE RECREATIONAL 15&#8243; W\\\/5-SECTIONS WAKE\\\/KNEE\\\/SKI PACKAGE\"}]},{\"@type\":\"WebSite\",\"@id\":\"https:\\\/\\\/www.waterskis.lv\\\/ru\\\/#website\",\"url\":\"https:\\\/\\\/www.waterskis.lv\\\/ru\\\/\",\"name\":\"WATERSKIS.LV\",\"description\":\"SUP d\u0113\u013ci, kajaki, kanoe, airu laivas, \u016bdenssl\u0113po\u0161ana, veikbords, SUP d\u0113\u013cu noma, kajaku nomaakt\u012bv\u0101s atp\u016btas centrs, laivu noma, sup noma, kajaku noma\",\"publisher\":{\"@id\":\"https:\\\/\\\/www.waterskis.lv\\\/ru\\\/#organization\"},\"potentialAction\":[{\"@type\":\"SearchAction\",\"target\":{\"@type\":\"EntryPoint\",\"urlTemplate\":\"https:\\\/\\\/www.waterskis.lv\\\/ru\\\/?s={search_term_string}\"},\"query-input\":{\"@type\":\"PropertyValueSpecification\",\"valueRequired\":true,\"valueName\":\"search_term_string\"}}],\"inLanguage\":\"ru-RU\"},{\"@type\":\"Organization\",\"@id\":\"https:\\\/\\\/www.waterskis.lv\\\/ru\\\/#organization\",\"name\":\"WATERSKIS.LV\",\"url\":\"https:\\\/\\\/www.waterskis.lv\\\/ru\\\/\",\"logo\":{\"@type\":\"ImageObject\",\"inLanguage\":\"ru-RU\",\"@id\":\"https:\\\/\\\/www.waterskis.lv\\\/ru\\\/#\\\/schema\\\/logo\\\/image\\\/\",\"url\":\"https:\\\/\\\/www.waterskis.lv\\\/wp-content\\\/uploads\\\/2025\\\/01\\\/JUVP-logo.png\",\"contentUrl\":\"https:\\\/\\\/www.waterskis.lv\\\/wp-content\\\/uploads\\\/2025\\\/01\\\/JUVP-logo.png\",\"width\":421,\"height\":202,\"caption\":\"WATERSKIS.LV\"},\"image\":{\"@id\":\"https:\\\/\\\/www.waterskis.lv\\\/ru\\\/#\\\/schema\\\/logo\\\/image\\\/\"},\"sameAs\":[\"https:\\\/\\\/www.facebook.com\\\/jurmalawaterskiwakeboardpark\\\/\"]}]}<\/script>\n<!-- \/ Yoast SEO plugin. -->","yoast_head_json":{"title":"\u0424\u0430\u043b \u0441 \u0440\u0443\u043a\u043e\u044f\u0442\u043a\u043e\u0439 PROLINE RECREATIONAL 15\" W\/5-SECTIONS WAKE\/KNEE\/SKI PACKAGE - WATERSKIS.LV","description":"\u0424\u0430\u043b \u0441 \u0440\u0443\u043a\u043e\u044f\u0442\u043a\u043e\u0439 PROLINE RECREATIONAL 15\" W\/5-SECTIONS WAKE\/KNEE\/SKI PACKAGE. \u041f\u043b\u0430\u0432\u0430\u044e\u0449\u0430\u044f \u0440\u0443\u0447\u043a\u0430 \u0438 \u043c\u0430\u0433\u0438\u0441\u0442\u0440\u0430\u043b\u044c \u0434\u043b\u044f \u043f\u043e\u0432\u044b\u0448\u0435\u043d\u0438\u044f \u0431\u0435\u0437\u043e\u043f\u0430\u0441\u043d\u043e\u0441\u0442\u0438 \u0438 \u0432\u0438\u0434\u0438\u043c\u043e\u0441\u0442\u0438","robots":{"index":"index","follow":"follow","max-snippet":"max-snippet:-1","max-image-preview":"max-image-preview:large","max-video-preview":"max-video-preview:-1"},"canonical":"https:\/\/www.waterskis.lv\/ru\/product\/%d1%84%d0%b0%d0%bb-%d1%81-%d1%80%d1%83%d0%ba%d0%be%d1%8f%d1%82%d0%ba%d0%be%d0%b9-proline-recreational-15-w-5-sections-wake-knee-ski-package\/","og_locale":"ru_RU","og_type":"article","og_title":"\u0424\u0430\u043b \u0441 \u0440\u0443\u043a\u043e\u044f\u0442\u043a\u043e\u0439 PROLINE RECREATIONAL 15\" W\/5-SECTIONS WAKE\/KNEE\/SKI PACKAGE - WATERSKIS.LV","og_description":"\u0424\u0430\u043b \u0441 \u0440\u0443\u043a\u043e\u044f\u0442\u043a\u043e\u0439 PROLINE RECREATIONAL 15\" W\/5-SECTIONS WAKE\/KNEE\/SKI PACKAGE. \u041f\u043b\u0430\u0432\u0430\u044e\u0449\u0430\u044f \u0440\u0443\u0447\u043a\u0430 \u0438 \u043c\u0430\u0433\u0438\u0441\u0442\u0440\u0430\u043b\u044c \u0434\u043b\u044f \u043f\u043e\u0432\u044b\u0448\u0435\u043d\u0438\u044f \u0431\u0435\u0437\u043e\u043f\u0430\u0441\u043d\u043e\u0441\u0442\u0438 \u0438 \u0432\u0438\u0434\u0438\u043c\u043e\u0441\u0442\u0438","og_url":"https:\/\/www.waterskis.lv\/ru\/product\/%d1%84%d0%b0%d0%bb-%d1%81-%d1%80%d1%83%d0%ba%d0%be%d1%8f%d1%82%d0%ba%d0%be%d0%b9-proline-recreational-15-w-5-sections-wake-knee-ski-package\/","og_site_name":"WATERSKIS.LV","article_publisher":"https:\/\/www.facebook.com\/jurmalawaterskiwakeboardpark\/","article_modified_time":"2026-01-29T10:09:14+00:00","og_image":[{"width":640,"height":640,"url":"https:\/\/www.waterskis.lv\/wp-content\/uploads\/2022\/02\/WakeKneeAndSkiCombo_1800x1800.jpg","type":"image\/jpeg"}],"twitter_card":"summary_large_image","twitter_misc":{"\u041f\u0440\u0438\u043c\u0435\u0440\u043d\u043e\u0435 \u0432\u0440\u0435\u043c\u044f \u0434\u043b\u044f \u0447\u0442\u0435\u043d\u0438\u044f":"1 \u043c\u0438\u043d\u0443\u0442\u0430"},"schema":{"@context":"https:\/\/schema.org","@graph":[{"@type":"WebPage","@id":"https:\/\/www.waterskis.lv\/ru\/product\/%d1%84%d0%b0%d0%bb-%d1%81-%d1%80%d1%83%d0%ba%d0%be%d1%8f%d1%82%d0%ba%d0%be%d0%b9-proline-recreational-15-w-5-sections-wake-knee-ski-package\/","url":"https:\/\/www.waterskis.lv\/ru\/product\/%d1%84%d0%b0%d0%bb-%d1%81-%d1%80%d1%83%d0%ba%d0%be%d1%8f%d1%82%d0%ba%d0%be%d0%b9-proline-recreational-15-w-5-sections-wake-knee-ski-package\/","name":"\u0424\u0430\u043b \u0441 \u0440\u0443\u043a\u043e\u044f\u0442\u043a\u043e\u0439 PROLINE RECREATIONAL 15\" W\/5-SECTIONS WAKE\/KNEE\/SKI PACKAGE - WATERSKIS.LV","isPartOf":{"@id":"https:\/\/www.waterskis.lv\/ru\/#website"},"primaryImageOfPage":{"@id":"https:\/\/www.waterskis.lv\/ru\/product\/%d1%84%d0%b0%d0%bb-%d1%81-%d1%80%d1%83%d0%ba%d0%be%d1%8f%d1%82%d0%ba%d0%be%d0%b9-proline-recreational-15-w-5-sections-wake-knee-ski-package\/#primaryimage"},"image":{"@id":"https:\/\/www.waterskis.lv\/ru\/product\/%d1%84%d0%b0%d0%bb-%d1%81-%d1%80%d1%83%d0%ba%d0%be%d1%8f%d1%82%d0%ba%d0%be%d0%b9-proline-recreational-15-w-5-sections-wake-knee-ski-package\/#primaryimage"},"thumbnailUrl":"https:\/\/www.waterskis.lv\/wp-content\/uploads\/2022\/02\/WakeKneeAndSkiCombo_1800x1800.jpg","datePublished":"2022-02-02T07:27:49+00:00","dateModified":"2026-01-29T10:09:14+00:00","description":"\u0424\u0430\u043b \u0441 \u0440\u0443\u043a\u043e\u044f\u0442\u043a\u043e\u0439 PROLINE RECREATIONAL 15\" W\/5-SECTIONS WAKE\/KNEE\/SKI PACKAGE. \u041f\u043b\u0430\u0432\u0430\u044e\u0449\u0430\u044f \u0440\u0443\u0447\u043a\u0430 \u0438 \u043c\u0430\u0433\u0438\u0441\u0442\u0440\u0430\u043b\u044c \u0434\u043b\u044f \u043f\u043e\u0432\u044b\u0448\u0435\u043d\u0438\u044f \u0431\u0435\u0437\u043e\u043f\u0430\u0441\u043d\u043e\u0441\u0442\u0438 \u0438 \u0432\u0438\u0434\u0438\u043c\u043e\u0441\u0442\u0438","breadcrumb":{"@id":"https:\/\/www.waterskis.lv\/ru\/product\/%d1%84%d0%b0%d0%bb-%d1%81-%d1%80%d1%83%d0%ba%d0%be%d1%8f%d1%82%d0%ba%d0%be%d0%b9-proline-recreational-15-w-5-sections-wake-knee-ski-package\/#breadcrumb"},"inLanguage":"ru-RU","potentialAction":[{"@type":"ReadAction","target":["https:\/\/www.waterskis.lv\/ru\/product\/%d1%84%d0%b0%d0%bb-%d1%81-%d1%80%d1%83%d0%ba%d0%be%d1%8f%d1%82%d0%ba%d0%be%d0%b9-proline-recreational-15-w-5-sections-wake-knee-ski-package\/"]}]},{"@type":"ImageObject","inLanguage":"ru-RU","@id":"https:\/\/www.waterskis.lv\/ru\/product\/%d1%84%d0%b0%d0%bb-%d1%81-%d1%80%d1%83%d0%ba%d0%be%d1%8f%d1%82%d0%ba%d0%be%d0%b9-proline-recreational-15-w-5-sections-wake-knee-ski-package\/#primaryimage","url":"https:\/\/www.waterskis.lv\/wp-content\/uploads\/2022\/02\/WakeKneeAndSkiCombo_1800x1800.jpg","contentUrl":"https:\/\/www.waterskis.lv\/wp-content\/uploads\/2022\/02\/WakeKneeAndSkiCombo_1800x1800.jpg","width":640,"height":640,"caption":"PROLINE RECREATIONAL 15\" W\/5-SECTIONS WAKE\/KNEE\/SKI PACKAGE"},{"@type":"BreadcrumbList","@id":"https:\/\/www.waterskis.lv\/ru\/product\/%d1%84%d0%b0%d0%bb-%d1%81-%d1%80%d1%83%d0%ba%d0%be%d1%8f%d1%82%d0%ba%d0%be%d0%b9-proline-recreational-15-w-5-sections-wake-knee-ski-package\/#breadcrumb","itemListElement":[{"@type":"ListItem","position":1,"name":"Home","item":"https:\/\/www.waterskis.lv\/ru\/"},{"@type":"ListItem","position":2,"name":"\u041c\u0430\u0433\u0430\u0437\u0438\u043d","item":"https:\/\/www.waterskis.lv\/ru\/%d0%bc%d0%b0%d0%b3%d0%b0%d0%b7%d0%b8%d0%bd\/"},{"@type":"ListItem","position":3,"name":"\u0424\u0430\u043b \u0441 \u0440\u0443\u043a\u043e\u044f\u0442\u043a\u043e\u0439 PROLINE RECREATIONAL 15&#8243; W\/5-SECTIONS WAKE\/KNEE\/SKI PACKAGE"}]},{"@type":"WebSite","@id":"https:\/\/www.waterskis.lv\/ru\/#website","url":"https:\/\/www.waterskis.lv\/ru\/","name":"WATERSKIS.LV","description":"SUP d\u0113\u013ci, kajaki, kanoe, airu laivas, \u016bdenssl\u0113po\u0161ana, veikbords, SUP d\u0113\u013cu noma, kajaku nomaakt\u012bv\u0101s atp\u016btas centrs, laivu noma, sup noma, kajaku noma","publisher":{"@id":"https:\/\/www.waterskis.lv\/ru\/#organization"},"potentialAction":[{"@type":"SearchAction","target":{"@type":"EntryPoint","urlTemplate":"https:\/\/www.waterskis.lv\/ru\/?s={search_term_string}"},"query-input":{"@type":"PropertyValueSpecification","valueRequired":true,"valueName":"search_term_string"}}],"inLanguage":"ru-RU"},{"@type":"Organization","@id":"https:\/\/www.waterskis.lv\/ru\/#organization","name":"WATERSKIS.LV","url":"https:\/\/www.waterskis.lv\/ru\/","logo":{"@type":"ImageObject","inLanguage":"ru-RU","@id":"https:\/\/www.waterskis.lv\/ru\/#\/schema\/logo\/image\/","url":"https:\/\/www.waterskis.lv\/wp-content\/uploads\/2025\/01\/JUVP-logo.png","contentUrl":"https:\/\/www.waterskis.lv\/wp-content\/uploads\/2025\/01\/JUVP-logo.png","width":421,"height":202,"caption":"WATERSKIS.LV"},"image":{"@id":"https:\/\/www.waterskis.lv\/ru\/#\/schema\/logo\/image\/"},"sameAs":["https:\/\/www.facebook.com\/jurmalawaterskiwakeboardpark\/"]}]}},"_links":{"self":[{"href":"https:\/\/www.waterskis.lv\/ru\/wp-json\/wp\/v2\/product\/41963","targetHints":{"allow":["GET"]}}],"collection":[{"href":"https:\/\/www.waterskis.lv\/ru\/wp-json\/wp\/v2\/product"}],"about":[{"href":"https:\/\/www.waterskis.lv\/ru\/wp-json\/wp\/v2\/types\/product"}],"replies":[{"embeddable":true,"href":"https:\/\/www.waterskis.lv\/ru\/wp-json\/wp\/v2\/comments?post=41963"}],"wp:featuredmedia":[{"embeddable":true,"href":"https:\/\/www.waterskis.lv\/ru\/wp-json\/wp\/v2\/media\/36201"}],"wp:attachment":[{"href":"https:\/\/www.waterskis.lv\/ru\/wp-json\/wp\/v2\/media?parent=41963"}],"wp:term":[{"taxonomy":"product_brand","embeddable":true,"href":"https:\/\/www.waterskis.lv\/ru\/wp-json\/wp\/v2\/product_brand?post=41963"},{"taxonomy":"product_cat","embeddable":true,"href":"https:\/\/www.waterskis.lv\/ru\/wp-json\/wp\/v2\/product_cat?post=41963"},{"taxonomy":"product_tag","embeddable":true,"href":"https:\/\/www.waterskis.lv\/ru\/wp-json\/wp\/v2\/product_tag?post=41963"}],"curies":[{"name":"wp","href":"https:\/\/api.w.org\/{rel}","templated":true}]}}