{"id":42298,"date":"2022-05-30T21:46:17","date_gmt":"2022-05-30T18:46:17","guid":{"rendered":"https:\/\/www.waterskis.lv\/?post_type=product&#038;p=42298"},"modified":"2022-07-13T15:53:14","modified_gmt":"2022-07-13T12:53:14","slug":"%d0%b1%d1%83%d0%ba%d1%81%d0%b8%d1%80%d0%bd%d1%8b%d0%b9-%d1%82%d1%80%d0%be%d1%81-base-sports-5-8-tube-rope-6-rider","status":"publish","type":"product","link":"https:\/\/www.waterskis.lv\/ru\/product\/%d0%b1%d1%83%d0%ba%d1%81%d0%b8%d1%80%d0%bd%d1%8b%d0%b9-%d1%82%d1%80%d0%be%d1%81-base-sports-5-8-tube-rope-6-rider\/","title":{"rendered":"\u0411\u0443\u043a\u0441\u0438\u0440\u043d\u044b\u0439 \u0442\u0440\u043e\u0441 BASE SPORTS 5\/8&#8243; TUBE ROPE 6 RIDER"},"content":{"rendered":"<p>\u0411\u0443\u043a\u0441\u0438\u0440\u043d\u044b\u0439 \u0442\u0440\u043e\u0441 BASE SPORTS 5\/8&#8243; TUBE ROPE 6 RIDER<\/p>\n<p>6 \u0432\u0441\u0430\u0434\u043d\u0438\u043a\u043e\u0432<\/p>\n","protected":false},"excerpt":{"rendered":"<p>\u0411\u0443\u043a\u0441\u0438\u0440\u043d\u044b\u0439 \u0442\u0440\u043e\u0441 BASE SPORTS 5\/8&#8243; TUBE ROPE 6 RIDER 6 \u0432\u0441\u0430\u0434\u043d\u0438\u043a\u043e\u0432 [&#8230;]<\/p>\n<p><a class=\"btn btn-secondary understrap-read-more-link\" href=\"https:\/\/www.waterskis.lv\/ru\/product\/%d0%b1%d1%83%d0%ba%d1%81%d0%b8%d1%80%d0%bd%d1%8b%d0%b9-%d1%82%d1%80%d0%be%d1%81-base-sports-5-8-tube-rope-6-rider\/\">\u0427\u0438\u0442\u0430\u0442\u044c \u0434\u0430\u043b\u044c\u0448\u0435\u2026<\/a><\/p>\n","protected":false},"featured_media":40463,"comment_status":"closed","ping_status":"closed","template":"","meta":{"_acf_changed":false,"inline_featured_image":false},"product_brand":[],"product_cat":[375,1026],"product_tag":[2676,3086,3087],"class_list":{"0":"post-42298","1":"product","2":"type-product","3":"status-publish","4":"has-post-thumbnail","6":"product_cat-375","7":"product_cat-1026","8":"product_tag-base-piepusamo-puslu-vilksanas-virve","9":"product_tag-towable-rope","10":"product_tag-3087","12":"first","13":"instock","14":"shipping-taxable","15":"purchasable","16":"product-type-simple"},"acf":[],"yoast_head":"<!-- This site is optimized with the Yoast SEO plugin v27.4 - https:\/\/yoast.com\/product\/yoast-seo-wordpress\/ -->\n<title>\u0411\u0443\u043a\u0441\u0438\u0440\u043d\u044b\u0439 \u0442\u0440\u043e\u0441 BASE SPORTS 5\/8&quot; TUBE ROPE 6 RIDER - WATERSKIS.LV<\/title>\n<meta name=\"description\" content=\"\u0411\u0443\u043a\u0441\u0438\u0440\u043d\u044b\u0439 \u0442\u0440\u043e\u0441 BASE SPORTS 5\/8&quot; TUBE ROPE 6 RIDER. Waterskis.lv - SUP \u0434\u043e\u0441\u043a\u0438, \u0421\u0410\u041f \u0431\u043e\u0440\u0434\u044b, \u0431\u0430\u0439\u0434\u0430\u0440\u043a\u0438, \u043b\u043e\u0434\u043a\u0438, \u0430\u043a\u0441\u0435\u0441\u0441\u0443\u0430\u0440\u044b. \u041f\u043e\u043a\u0443\u043f\u0430\u0439\u0442\u0435, \u0430\u0440\u0435\u043d\u0434\u0443\u0439\u0442\u0435\" \/>\n<meta name=\"robots\" content=\"index, follow, max-snippet:-1, max-image-preview:large, max-video-preview:-1\" \/>\n<link rel=\"canonical\" href=\"https:\/\/www.waterskis.lv\/ru\/product\/%d0%b1%d1%83%d0%ba%d1%81%d0%b8%d1%80%d0%bd%d1%8b%d0%b9-%d1%82%d1%80%d0%be%d1%81-base-sports-5-8-tube-rope-6-rider\/\" \/>\n<meta property=\"og:locale\" content=\"ru_RU\" \/>\n<meta property=\"og:type\" content=\"article\" \/>\n<meta property=\"og:title\" content=\"\u0411\u0443\u043a\u0441\u0438\u0440\u043d\u044b\u0439 \u0442\u0440\u043e\u0441 BASE SPORTS 5\/8&quot; TUBE ROPE 6 RIDER - WATERSKIS.LV\" \/>\n<meta property=\"og:description\" content=\"\u0411\u0443\u043a\u0441\u0438\u0440\u043d\u044b\u0439 \u0442\u0440\u043e\u0441 BASE SPORTS 5\/8&quot; TUBE ROPE 6 RIDER. Waterskis.lv - SUP \u0434\u043e\u0441\u043a\u0438, \u0421\u0410\u041f \u0431\u043e\u0440\u0434\u044b, \u0431\u0430\u0439\u0434\u0430\u0440\u043a\u0438, \u043b\u043e\u0434\u043a\u0438, \u0430\u043a\u0441\u0435\u0441\u0441\u0443\u0430\u0440\u044b. \u041f\u043e\u043a\u0443\u043f\u0430\u0439\u0442\u0435, \u0430\u0440\u0435\u043d\u0434\u0443\u0439\u0442\u0435\" \/>\n<meta property=\"og:url\" content=\"https:\/\/www.waterskis.lv\/ru\/product\/%d0%b1%d1%83%d0%ba%d1%81%d0%b8%d1%80%d0%bd%d1%8b%d0%b9-%d1%82%d1%80%d0%be%d1%81-base-sports-5-8-tube-rope-6-rider\/\" \/>\n<meta property=\"og:site_name\" content=\"WATERSKIS.LV\" \/>\n<meta property=\"article:publisher\" content=\"https:\/\/www.facebook.com\/jurmalawaterskiwakeboardpark\/\" \/>\n<meta property=\"article:modified_time\" content=\"2022-07-13T12:53:14+00:00\" \/>\n<meta property=\"og:image\" content=\"https:\/\/www.waterskis.lv\/wp-content\/uploads\/2022\/05\/Base-6-tuberope.jpg\" \/>\n\t<meta property=\"og:image:width\" content=\"800\" \/>\n\t<meta property=\"og:image:height\" content=\"800\" \/>\n\t<meta property=\"og:image:type\" content=\"image\/jpeg\" \/>\n<meta name=\"twitter:card\" content=\"summary_large_image\" \/>\n<script type=\"application\/ld+json\" class=\"yoast-schema-graph\">{\"@context\":\"https:\\\/\\\/schema.org\",\"@graph\":[{\"@type\":\"WebPage\",\"@id\":\"https:\\\/\\\/www.waterskis.lv\\\/ru\\\/product\\\/%d0%b1%d1%83%d0%ba%d1%81%d0%b8%d1%80%d0%bd%d1%8b%d0%b9-%d1%82%d1%80%d0%be%d1%81-base-sports-5-8-tube-rope-6-rider\\\/\",\"url\":\"https:\\\/\\\/www.waterskis.lv\\\/ru\\\/product\\\/%d0%b1%d1%83%d0%ba%d1%81%d0%b8%d1%80%d0%bd%d1%8b%d0%b9-%d1%82%d1%80%d0%be%d1%81-base-sports-5-8-tube-rope-6-rider\\\/\",\"name\":\"\u0411\u0443\u043a\u0441\u0438\u0440\u043d\u044b\u0439 \u0442\u0440\u043e\u0441 BASE SPORTS 5\\\/8\\\" TUBE ROPE 6 RIDER - WATERSKIS.LV\",\"isPartOf\":{\"@id\":\"https:\\\/\\\/www.waterskis.lv\\\/ru\\\/#website\"},\"primaryImageOfPage\":{\"@id\":\"https:\\\/\\\/www.waterskis.lv\\\/ru\\\/product\\\/%d0%b1%d1%83%d0%ba%d1%81%d0%b8%d1%80%d0%bd%d1%8b%d0%b9-%d1%82%d1%80%d0%be%d1%81-base-sports-5-8-tube-rope-6-rider\\\/#primaryimage\"},\"image\":{\"@id\":\"https:\\\/\\\/www.waterskis.lv\\\/ru\\\/product\\\/%d0%b1%d1%83%d0%ba%d1%81%d0%b8%d1%80%d0%bd%d1%8b%d0%b9-%d1%82%d1%80%d0%be%d1%81-base-sports-5-8-tube-rope-6-rider\\\/#primaryimage\"},\"thumbnailUrl\":\"https:\\\/\\\/www.waterskis.lv\\\/wp-content\\\/uploads\\\/2022\\\/05\\\/Base-6-tuberope.jpg\",\"datePublished\":\"2022-05-30T18:46:17+00:00\",\"dateModified\":\"2022-07-13T12:53:14+00:00\",\"description\":\"\u0411\u0443\u043a\u0441\u0438\u0440\u043d\u044b\u0439 \u0442\u0440\u043e\u0441 BASE SPORTS 5\\\/8\\\" TUBE ROPE 6 RIDER. Waterskis.lv - SUP \u0434\u043e\u0441\u043a\u0438, \u0421\u0410\u041f \u0431\u043e\u0440\u0434\u044b, \u0431\u0430\u0439\u0434\u0430\u0440\u043a\u0438, \u043b\u043e\u0434\u043a\u0438, \u0430\u043a\u0441\u0435\u0441\u0441\u0443\u0430\u0440\u044b. \u041f\u043e\u043a\u0443\u043f\u0430\u0439\u0442\u0435, \u0430\u0440\u0435\u043d\u0434\u0443\u0439\u0442\u0435\",\"breadcrumb\":{\"@id\":\"https:\\\/\\\/www.waterskis.lv\\\/ru\\\/product\\\/%d0%b1%d1%83%d0%ba%d1%81%d0%b8%d1%80%d0%bd%d1%8b%d0%b9-%d1%82%d1%80%d0%be%d1%81-base-sports-5-8-tube-rope-6-rider\\\/#breadcrumb\"},\"inLanguage\":\"ru-RU\",\"potentialAction\":[{\"@type\":\"ReadAction\",\"target\":[\"https:\\\/\\\/www.waterskis.lv\\\/ru\\\/product\\\/%d0%b1%d1%83%d0%ba%d1%81%d0%b8%d1%80%d0%bd%d1%8b%d0%b9-%d1%82%d1%80%d0%be%d1%81-base-sports-5-8-tube-rope-6-rider\\\/\"]}]},{\"@type\":\"ImageObject\",\"inLanguage\":\"ru-RU\",\"@id\":\"https:\\\/\\\/www.waterskis.lv\\\/ru\\\/product\\\/%d0%b1%d1%83%d0%ba%d1%81%d0%b8%d1%80%d0%bd%d1%8b%d0%b9-%d1%82%d1%80%d0%be%d1%81-base-sports-5-8-tube-rope-6-rider\\\/#primaryimage\",\"url\":\"https:\\\/\\\/www.waterskis.lv\\\/wp-content\\\/uploads\\\/2022\\\/05\\\/Base-6-tuberope.jpg\",\"contentUrl\":\"https:\\\/\\\/www.waterskis.lv\\\/wp-content\\\/uploads\\\/2022\\\/05\\\/Base-6-tuberope.jpg\",\"width\":800,\"height\":800,\"caption\":\"Vilk\u0161anas virve BASE SPORTS 5\\\/8\\\" TUBE ROPE 6 RIDER\"},{\"@type\":\"BreadcrumbList\",\"@id\":\"https:\\\/\\\/www.waterskis.lv\\\/ru\\\/product\\\/%d0%b1%d1%83%d0%ba%d1%81%d0%b8%d1%80%d0%bd%d1%8b%d0%b9-%d1%82%d1%80%d0%be%d1%81-base-sports-5-8-tube-rope-6-rider\\\/#breadcrumb\",\"itemListElement\":[{\"@type\":\"ListItem\",\"position\":1,\"name\":\"Home\",\"item\":\"https:\\\/\\\/www.waterskis.lv\\\/ru\\\/\"},{\"@type\":\"ListItem\",\"position\":2,\"name\":\"\u041c\u0430\u0433\u0430\u0437\u0438\u043d\",\"item\":\"https:\\\/\\\/www.waterskis.lv\\\/ru\\\/%d0%bc%d0%b0%d0%b3%d0%b0%d0%b7%d0%b8%d0%bd\\\/\"},{\"@type\":\"ListItem\",\"position\":3,\"name\":\"\u0411\u0443\u043a\u0441\u0438\u0440\u043d\u044b\u0439 \u0442\u0440\u043e\u0441 BASE SPORTS 5\\\/8&#8243; TUBE ROPE 6 RIDER\"}]},{\"@type\":\"WebSite\",\"@id\":\"https:\\\/\\\/www.waterskis.lv\\\/ru\\\/#website\",\"url\":\"https:\\\/\\\/www.waterskis.lv\\\/ru\\\/\",\"name\":\"WATERSKIS.LV\",\"description\":\"SUP d\u0113\u013ci, kajaki, kanoe, airu laivas, \u016bdenssl\u0113po\u0161ana, veikbords, SUP d\u0113\u013cu noma, kajaku nomaakt\u012bv\u0101s atp\u016btas centrs, laivu noma, sup noma, kajaku noma\",\"publisher\":{\"@id\":\"https:\\\/\\\/www.waterskis.lv\\\/ru\\\/#organization\"},\"potentialAction\":[{\"@type\":\"SearchAction\",\"target\":{\"@type\":\"EntryPoint\",\"urlTemplate\":\"https:\\\/\\\/www.waterskis.lv\\\/ru\\\/?s={search_term_string}\"},\"query-input\":{\"@type\":\"PropertyValueSpecification\",\"valueRequired\":true,\"valueName\":\"search_term_string\"}}],\"inLanguage\":\"ru-RU\"},{\"@type\":\"Organization\",\"@id\":\"https:\\\/\\\/www.waterskis.lv\\\/ru\\\/#organization\",\"name\":\"WATERSKIS.LV\",\"url\":\"https:\\\/\\\/www.waterskis.lv\\\/ru\\\/\",\"logo\":{\"@type\":\"ImageObject\",\"inLanguage\":\"ru-RU\",\"@id\":\"https:\\\/\\\/www.waterskis.lv\\\/ru\\\/#\\\/schema\\\/logo\\\/image\\\/\",\"url\":\"https:\\\/\\\/www.waterskis.lv\\\/wp-content\\\/uploads\\\/2025\\\/01\\\/JUVP-logo.png\",\"contentUrl\":\"https:\\\/\\\/www.waterskis.lv\\\/wp-content\\\/uploads\\\/2025\\\/01\\\/JUVP-logo.png\",\"width\":421,\"height\":202,\"caption\":\"WATERSKIS.LV\"},\"image\":{\"@id\":\"https:\\\/\\\/www.waterskis.lv\\\/ru\\\/#\\\/schema\\\/logo\\\/image\\\/\"},\"sameAs\":[\"https:\\\/\\\/www.facebook.com\\\/jurmalawaterskiwakeboardpark\\\/\"]}]}<\/script>\n<!-- \/ Yoast SEO plugin. -->","yoast_head_json":{"title":"\u0411\u0443\u043a\u0441\u0438\u0440\u043d\u044b\u0439 \u0442\u0440\u043e\u0441 BASE SPORTS 5\/8\" TUBE ROPE 6 RIDER - WATERSKIS.LV","description":"\u0411\u0443\u043a\u0441\u0438\u0440\u043d\u044b\u0439 \u0442\u0440\u043e\u0441 BASE SPORTS 5\/8\" TUBE ROPE 6 RIDER. Waterskis.lv - SUP \u0434\u043e\u0441\u043a\u0438, \u0421\u0410\u041f \u0431\u043e\u0440\u0434\u044b, \u0431\u0430\u0439\u0434\u0430\u0440\u043a\u0438, \u043b\u043e\u0434\u043a\u0438, \u0430\u043a\u0441\u0435\u0441\u0441\u0443\u0430\u0440\u044b. \u041f\u043e\u043a\u0443\u043f\u0430\u0439\u0442\u0435, \u0430\u0440\u0435\u043d\u0434\u0443\u0439\u0442\u0435","robots":{"index":"index","follow":"follow","max-snippet":"max-snippet:-1","max-image-preview":"max-image-preview:large","max-video-preview":"max-video-preview:-1"},"canonical":"https:\/\/www.waterskis.lv\/ru\/product\/%d0%b1%d1%83%d0%ba%d1%81%d0%b8%d1%80%d0%bd%d1%8b%d0%b9-%d1%82%d1%80%d0%be%d1%81-base-sports-5-8-tube-rope-6-rider\/","og_locale":"ru_RU","og_type":"article","og_title":"\u0411\u0443\u043a\u0441\u0438\u0440\u043d\u044b\u0439 \u0442\u0440\u043e\u0441 BASE SPORTS 5\/8\" TUBE ROPE 6 RIDER - WATERSKIS.LV","og_description":"\u0411\u0443\u043a\u0441\u0438\u0440\u043d\u044b\u0439 \u0442\u0440\u043e\u0441 BASE SPORTS 5\/8\" TUBE ROPE 6 RIDER. Waterskis.lv - SUP \u0434\u043e\u0441\u043a\u0438, \u0421\u0410\u041f \u0431\u043e\u0440\u0434\u044b, \u0431\u0430\u0439\u0434\u0430\u0440\u043a\u0438, \u043b\u043e\u0434\u043a\u0438, \u0430\u043a\u0441\u0435\u0441\u0441\u0443\u0430\u0440\u044b. \u041f\u043e\u043a\u0443\u043f\u0430\u0439\u0442\u0435, \u0430\u0440\u0435\u043d\u0434\u0443\u0439\u0442\u0435","og_url":"https:\/\/www.waterskis.lv\/ru\/product\/%d0%b1%d1%83%d0%ba%d1%81%d0%b8%d1%80%d0%bd%d1%8b%d0%b9-%d1%82%d1%80%d0%be%d1%81-base-sports-5-8-tube-rope-6-rider\/","og_site_name":"WATERSKIS.LV","article_publisher":"https:\/\/www.facebook.com\/jurmalawaterskiwakeboardpark\/","article_modified_time":"2022-07-13T12:53:14+00:00","og_image":[{"width":800,"height":800,"url":"https:\/\/www.waterskis.lv\/wp-content\/uploads\/2022\/05\/Base-6-tuberope.jpg","type":"image\/jpeg"}],"twitter_card":"summary_large_image","schema":{"@context":"https:\/\/schema.org","@graph":[{"@type":"WebPage","@id":"https:\/\/www.waterskis.lv\/ru\/product\/%d0%b1%d1%83%d0%ba%d1%81%d0%b8%d1%80%d0%bd%d1%8b%d0%b9-%d1%82%d1%80%d0%be%d1%81-base-sports-5-8-tube-rope-6-rider\/","url":"https:\/\/www.waterskis.lv\/ru\/product\/%d0%b1%d1%83%d0%ba%d1%81%d0%b8%d1%80%d0%bd%d1%8b%d0%b9-%d1%82%d1%80%d0%be%d1%81-base-sports-5-8-tube-rope-6-rider\/","name":"\u0411\u0443\u043a\u0441\u0438\u0440\u043d\u044b\u0439 \u0442\u0440\u043e\u0441 BASE SPORTS 5\/8\" TUBE ROPE 6 RIDER - WATERSKIS.LV","isPartOf":{"@id":"https:\/\/www.waterskis.lv\/ru\/#website"},"primaryImageOfPage":{"@id":"https:\/\/www.waterskis.lv\/ru\/product\/%d0%b1%d1%83%d0%ba%d1%81%d0%b8%d1%80%d0%bd%d1%8b%d0%b9-%d1%82%d1%80%d0%be%d1%81-base-sports-5-8-tube-rope-6-rider\/#primaryimage"},"image":{"@id":"https:\/\/www.waterskis.lv\/ru\/product\/%d0%b1%d1%83%d0%ba%d1%81%d0%b8%d1%80%d0%bd%d1%8b%d0%b9-%d1%82%d1%80%d0%be%d1%81-base-sports-5-8-tube-rope-6-rider\/#primaryimage"},"thumbnailUrl":"https:\/\/www.waterskis.lv\/wp-content\/uploads\/2022\/05\/Base-6-tuberope.jpg","datePublished":"2022-05-30T18:46:17+00:00","dateModified":"2022-07-13T12:53:14+00:00","description":"\u0411\u0443\u043a\u0441\u0438\u0440\u043d\u044b\u0439 \u0442\u0440\u043e\u0441 BASE SPORTS 5\/8\" TUBE ROPE 6 RIDER. Waterskis.lv - SUP \u0434\u043e\u0441\u043a\u0438, \u0421\u0410\u041f \u0431\u043e\u0440\u0434\u044b, \u0431\u0430\u0439\u0434\u0430\u0440\u043a\u0438, \u043b\u043e\u0434\u043a\u0438, \u0430\u043a\u0441\u0435\u0441\u0441\u0443\u0430\u0440\u044b. \u041f\u043e\u043a\u0443\u043f\u0430\u0439\u0442\u0435, \u0430\u0440\u0435\u043d\u0434\u0443\u0439\u0442\u0435","breadcrumb":{"@id":"https:\/\/www.waterskis.lv\/ru\/product\/%d0%b1%d1%83%d0%ba%d1%81%d0%b8%d1%80%d0%bd%d1%8b%d0%b9-%d1%82%d1%80%d0%be%d1%81-base-sports-5-8-tube-rope-6-rider\/#breadcrumb"},"inLanguage":"ru-RU","potentialAction":[{"@type":"ReadAction","target":["https:\/\/www.waterskis.lv\/ru\/product\/%d0%b1%d1%83%d0%ba%d1%81%d0%b8%d1%80%d0%bd%d1%8b%d0%b9-%d1%82%d1%80%d0%be%d1%81-base-sports-5-8-tube-rope-6-rider\/"]}]},{"@type":"ImageObject","inLanguage":"ru-RU","@id":"https:\/\/www.waterskis.lv\/ru\/product\/%d0%b1%d1%83%d0%ba%d1%81%d0%b8%d1%80%d0%bd%d1%8b%d0%b9-%d1%82%d1%80%d0%be%d1%81-base-sports-5-8-tube-rope-6-rider\/#primaryimage","url":"https:\/\/www.waterskis.lv\/wp-content\/uploads\/2022\/05\/Base-6-tuberope.jpg","contentUrl":"https:\/\/www.waterskis.lv\/wp-content\/uploads\/2022\/05\/Base-6-tuberope.jpg","width":800,"height":800,"caption":"Vilk\u0161anas virve BASE SPORTS 5\/8\" TUBE ROPE 6 RIDER"},{"@type":"BreadcrumbList","@id":"https:\/\/www.waterskis.lv\/ru\/product\/%d0%b1%d1%83%d0%ba%d1%81%d0%b8%d1%80%d0%bd%d1%8b%d0%b9-%d1%82%d1%80%d0%be%d1%81-base-sports-5-8-tube-rope-6-rider\/#breadcrumb","itemListElement":[{"@type":"ListItem","position":1,"name":"Home","item":"https:\/\/www.waterskis.lv\/ru\/"},{"@type":"ListItem","position":2,"name":"\u041c\u0430\u0433\u0430\u0437\u0438\u043d","item":"https:\/\/www.waterskis.lv\/ru\/%d0%bc%d0%b0%d0%b3%d0%b0%d0%b7%d0%b8%d0%bd\/"},{"@type":"ListItem","position":3,"name":"\u0411\u0443\u043a\u0441\u0438\u0440\u043d\u044b\u0439 \u0442\u0440\u043e\u0441 BASE SPORTS 5\/8&#8243; TUBE ROPE 6 RIDER"}]},{"@type":"WebSite","@id":"https:\/\/www.waterskis.lv\/ru\/#website","url":"https:\/\/www.waterskis.lv\/ru\/","name":"WATERSKIS.LV","description":"SUP d\u0113\u013ci, kajaki, kanoe, airu laivas, \u016bdenssl\u0113po\u0161ana, veikbords, SUP d\u0113\u013cu noma, kajaku nomaakt\u012bv\u0101s atp\u016btas centrs, laivu noma, sup noma, kajaku noma","publisher":{"@id":"https:\/\/www.waterskis.lv\/ru\/#organization"},"potentialAction":[{"@type":"SearchAction","target":{"@type":"EntryPoint","urlTemplate":"https:\/\/www.waterskis.lv\/ru\/?s={search_term_string}"},"query-input":{"@type":"PropertyValueSpecification","valueRequired":true,"valueName":"search_term_string"}}],"inLanguage":"ru-RU"},{"@type":"Organization","@id":"https:\/\/www.waterskis.lv\/ru\/#organization","name":"WATERSKIS.LV","url":"https:\/\/www.waterskis.lv\/ru\/","logo":{"@type":"ImageObject","inLanguage":"ru-RU","@id":"https:\/\/www.waterskis.lv\/ru\/#\/schema\/logo\/image\/","url":"https:\/\/www.waterskis.lv\/wp-content\/uploads\/2025\/01\/JUVP-logo.png","contentUrl":"https:\/\/www.waterskis.lv\/wp-content\/uploads\/2025\/01\/JUVP-logo.png","width":421,"height":202,"caption":"WATERSKIS.LV"},"image":{"@id":"https:\/\/www.waterskis.lv\/ru\/#\/schema\/logo\/image\/"},"sameAs":["https:\/\/www.facebook.com\/jurmalawaterskiwakeboardpark\/"]}]}},"_links":{"self":[{"href":"https:\/\/www.waterskis.lv\/ru\/wp-json\/wp\/v2\/product\/42298","targetHints":{"allow":["GET"]}}],"collection":[{"href":"https:\/\/www.waterskis.lv\/ru\/wp-json\/wp\/v2\/product"}],"about":[{"href":"https:\/\/www.waterskis.lv\/ru\/wp-json\/wp\/v2\/types\/product"}],"replies":[{"embeddable":true,"href":"https:\/\/www.waterskis.lv\/ru\/wp-json\/wp\/v2\/comments?post=42298"}],"wp:featuredmedia":[{"embeddable":true,"href":"https:\/\/www.waterskis.lv\/ru\/wp-json\/wp\/v2\/media\/40463"}],"wp:attachment":[{"href":"https:\/\/www.waterskis.lv\/ru\/wp-json\/wp\/v2\/media?parent=42298"}],"wp:term":[{"taxonomy":"product_brand","embeddable":true,"href":"https:\/\/www.waterskis.lv\/ru\/wp-json\/wp\/v2\/product_brand?post=42298"},{"taxonomy":"product_cat","embeddable":true,"href":"https:\/\/www.waterskis.lv\/ru\/wp-json\/wp\/v2\/product_cat?post=42298"},{"taxonomy":"product_tag","embeddable":true,"href":"https:\/\/www.waterskis.lv\/ru\/wp-json\/wp\/v2\/product_tag?post=42298"}],"curies":[{"name":"wp","href":"https:\/\/api.w.org\/{rel}","templated":true}]}}