{"id":45358,"date":"2022-08-25T12:09:11","date_gmt":"2022-08-25T09:09:11","guid":{"rendered":"https:\/\/www.waterskis.lv\/products\/sup-delis-wildsup-king-lion-11-5-2\/"},"modified":"2025-09-23T15:20:18","modified_gmt":"2025-09-23T13:20:18","slug":"%d0%b1-%d1%83-sup-%d0%b4%d0%be%d1%81%d0%ba%d0%b0-wildsup-king-lion-11-5","status":"publish","type":"product","link":"https:\/\/www.waterskis.lv\/ru\/product\/%d0%b1-%d1%83-sup-%d0%b4%d0%be%d1%81%d0%ba%d0%b0-wildsup-king-lion-11-5\/","title":{"rendered":"\u0411\/\u0443 SUP-\u0434\u043e\u0441\u043a\u0430 WILDSUP KING LION 11.5"},"content":{"rendered":"<h1>\u0411\/\u0443 SUP-\u0434\u043e\u0441\u043a\u0430 WILDSUP KING LION 11.5<\/h1>\n<p>\u0411\/\u0443 SUP-\u0434\u043e\u0441\u043a\u0430 WILDSUP KING LION 11.5<\/p>\n<p>\u0412\u0435\u0441: 13 \u043a\u0433<\/p>\n<p>\u0420\u0430\u0437\u043c\u0435\u0440: 350 x 90 x 15 \u0441\u043c<\/p>\n<p>\u041a\u043e\u043b\u0438\u0447\u0435\u0441\u0442\u0432\u043e \u043c\u0435\u0441\u0442: 1-2<\/p>\n<p>\u0413\u0440\u0443\u0437\u043e\u043f\u043e\u0434\u044a\u0435\u043c\u043d\u043e\u0441\u0442\u044c: \u0434\u043e 130 \u043a\u0433<\/p>\n<p>\u041a\u043e\u043c\u043f\u043b\u0435\u043a\u0442\u0430\u0446\u0438\u044f: SUP-\u0434\u043e\u0441\u043a\u0430, \u0432\u0435\u0441\u043b\u043e, \u043b\u0438\u0448<\/p>\n<p>\u0426\u0435\u043d\u0430 \u0431\u0435\u0437 \u041d\u0414\u0421<\/p>\n","protected":false},"excerpt":{"rendered":"<p>\u0411\/\u0443 SUP-\u0434\u043e\u0441\u043a\u0430 WILDSUP KING LION 11.5 \u0411\/\u0443 SUP-\u0434\u043e\u0441\u043a\u0430 WILDSUP KING LION 11.5 \u0412\u0435\u0441: 13 \u043a\u0433 \u0420\u0430\u0437\u043c\u0435\u0440: 350 x 90 x 15 \u0441\u043c \u041a\u043e\u043b\u0438\u0447\u0435\u0441\u0442\u0432\u043e \u043c\u0435\u0441\u0442: 1-2 \u0413\u0440\u0443\u0437\u043e\u043f\u043e\u0434\u044a\u0435\u043c\u043d\u043e\u0441\u0442\u044c: \u0434\u043e 130 \u043a\u0433 \u041a\u043e\u043c\u043f\u043b\u0435\u043a\u0442\u0430\u0446\u0438\u044f: SUP-\u0434\u043e\u0441\u043a\u0430, \u0432\u0435\u0441\u043b\u043e, \u043b\u0438\u0448 \u0426\u0435\u043d\u0430 \u0431\u0435\u0437 \u041d\u0414\u0421 [&#8230;]<\/p>\n<p><a class=\"btn btn-secondary understrap-read-more-link\" href=\"https:\/\/www.waterskis.lv\/ru\/product\/%d0%b1-%d1%83-sup-%d0%b4%d0%be%d1%81%d0%ba%d0%b0-wildsup-king-lion-11-5\/\">\u0427\u0438\u0442\u0430\u0442\u044c \u0434\u0430\u043b\u044c\u0448\u0435\u2026<\/a><\/p>\n","protected":false},"featured_media":45356,"comment_status":"closed","ping_status":"closed","template":"","meta":{"_acf_changed":false,"inline_featured_image":false},"product_brand":[],"product_cat":[362,499,368,869],"product_tag":[3177,3178,3179,1309,1391,3180,3181],"class_list":{"0":"post-45358","1":"product","2":"type-product","3":"status-publish","4":"has-post-thumbnail","6":"product_cat-c","7":"product_cat-sup-","8":"product_cat-368","9":"product_cat--sup-","10":"product_tag-aufblasbares-sup","11":"product_tag-stand-up-paddleboard","12":"product_tag-stand-up-paddling","13":"product_tag-sup","14":"product_tag-sup-delis","15":"product_tag-sup-surfer","16":"product_tag-supkayak","17":"product_shipping_class-latvija-kurjers","19":"first","20":"instock","21":"sale","22":"shipping-taxable","23":"purchasable","24":"product-type-simple"},"acf":[],"yoast_head":"<!-- This site is optimized with the Yoast SEO plugin v27.4 - https:\/\/yoast.com\/product\/yoast-seo-wordpress\/ -->\n<title>\u0411\/\u0443 SUP-\u0434\u043e\u0441\u043a\u0430 WILDSUP KING LION 11.5 - WATERSKIS.LV<\/title>\n<meta name=\"description\" content=\"\u0411\/\u0443 SUP-\u0434\u043e\u0441\u043a\u0430 WILDSUP KING LION 11.5. \u0412\u0435\u0441: 13 \u043a\u0433 \u0420\u0430\u0437\u043c\u0435\u0440: 350 x 90 x 15 \u0441\u043c \u041a\u043e\u043b\u0438\u0447\u0435\u0441\u0442\u0432\u043e \u043c\u0435\u0441\u0442: 1-2 \u0421\u0436\u0430\u0442\u0438\u0435: \u0440\u0435\u043a\u043e\u043c\u0435\u043d\u0434\u0443\u0435\u043c\u043e\u0435 22 \u0444\u0443\u043d\u0442\u0430\u0413\u0440\u0443\u0437\u043e\u043f\u043e\u0434\u044a\u0435\u043c\u043d\u043e\u0441\u0442\u044c: \u0434\u043e 130 \u043a\u0433\" \/>\n<meta name=\"robots\" content=\"index, follow, max-snippet:-1, max-image-preview:large, max-video-preview:-1\" \/>\n<link rel=\"canonical\" href=\"https:\/\/www.waterskis.lv\/ru\/product\/%d0%b1-%d1%83-sup-%d0%b4%d0%be%d1%81%d0%ba%d0%b0-wildsup-king-lion-11-5\/\" \/>\n<meta property=\"og:locale\" content=\"ru_RU\" \/>\n<meta property=\"og:type\" content=\"article\" \/>\n<meta property=\"og:title\" content=\"\u0411\/\u0443 SUP-\u0434\u043e\u0441\u043a\u0430 WILDSUP KING LION 11.5 - WATERSKIS.LV\" \/>\n<meta property=\"og:description\" content=\"\u0411\/\u0443 SUP-\u0434\u043e\u0441\u043a\u0430 WILDSUP KING LION 11.5. \u0412\u0435\u0441: 13 \u043a\u0433 \u0420\u0430\u0437\u043c\u0435\u0440: 350 x 90 x 15 \u0441\u043c \u041a\u043e\u043b\u0438\u0447\u0435\u0441\u0442\u0432\u043e \u043c\u0435\u0441\u0442: 1-2 \u0421\u0436\u0430\u0442\u0438\u0435: \u0440\u0435\u043a\u043e\u043c\u0435\u043d\u0434\u0443\u0435\u043c\u043e\u0435 22 \u0444\u0443\u043d\u0442\u0430\u0413\u0440\u0443\u0437\u043e\u043f\u043e\u0434\u044a\u0435\u043c\u043d\u043e\u0441\u0442\u044c: \u0434\u043e 130 \u043a\u0433\" \/>\n<meta property=\"og:url\" content=\"https:\/\/www.waterskis.lv\/ru\/product\/%d0%b1-%d1%83-sup-%d0%b4%d0%be%d1%81%d0%ba%d0%b0-wildsup-king-lion-11-5\/\" \/>\n<meta property=\"og:site_name\" content=\"WATERSKIS.LV\" \/>\n<meta property=\"article:publisher\" content=\"https:\/\/www.facebook.com\/jurmalawaterskiwakeboardpark\/\" \/>\n<meta property=\"article:modified_time\" content=\"2025-09-23T13:20:18+00:00\" \/>\n<meta property=\"og:image\" content=\"https:\/\/www.waterskis.lv\/wp-content\/uploads\/2022\/08\/King.jpg\" \/>\n\t<meta property=\"og:image:width\" content=\"2048\" \/>\n\t<meta property=\"og:image:height\" content=\"1152\" \/>\n\t<meta property=\"og:image:type\" content=\"image\/jpeg\" \/>\n<meta name=\"twitter:card\" content=\"summary_large_image\" \/>\n<meta name=\"twitter:label1\" content=\"\u041f\u0440\u0438\u043c\u0435\u0440\u043d\u043e\u0435 \u0432\u0440\u0435\u043c\u044f \u0434\u043b\u044f \u0447\u0442\u0435\u043d\u0438\u044f\" \/>\n\t<meta name=\"twitter:data1\" content=\"1 \u043c\u0438\u043d\u0443\u0442\u0430\" \/>\n<script type=\"application\/ld+json\" class=\"yoast-schema-graph\">{\"@context\":\"https:\\\/\\\/schema.org\",\"@graph\":[{\"@type\":\"WebPage\",\"@id\":\"https:\\\/\\\/www.waterskis.lv\\\/ru\\\/product\\\/%d0%b1-%d1%83-sup-%d0%b4%d0%be%d1%81%d0%ba%d0%b0-wildsup-king-lion-11-5\\\/\",\"url\":\"https:\\\/\\\/www.waterskis.lv\\\/ru\\\/product\\\/%d0%b1-%d1%83-sup-%d0%b4%d0%be%d1%81%d0%ba%d0%b0-wildsup-king-lion-11-5\\\/\",\"name\":\"\u0411\\\/\u0443 SUP-\u0434\u043e\u0441\u043a\u0430 WILDSUP KING LION 11.5 - WATERSKIS.LV\",\"isPartOf\":{\"@id\":\"https:\\\/\\\/www.waterskis.lv\\\/ru\\\/#website\"},\"primaryImageOfPage\":{\"@id\":\"https:\\\/\\\/www.waterskis.lv\\\/ru\\\/product\\\/%d0%b1-%d1%83-sup-%d0%b4%d0%be%d1%81%d0%ba%d0%b0-wildsup-king-lion-11-5\\\/#primaryimage\"},\"image\":{\"@id\":\"https:\\\/\\\/www.waterskis.lv\\\/ru\\\/product\\\/%d0%b1-%d1%83-sup-%d0%b4%d0%be%d1%81%d0%ba%d0%b0-wildsup-king-lion-11-5\\\/#primaryimage\"},\"thumbnailUrl\":\"https:\\\/\\\/www.waterskis.lv\\\/wp-content\\\/uploads\\\/2022\\\/08\\\/King.jpg\",\"datePublished\":\"2022-08-25T09:09:11+00:00\",\"dateModified\":\"2025-09-23T13:20:18+00:00\",\"description\":\"\u0411\\\/\u0443 SUP-\u0434\u043e\u0441\u043a\u0430 WILDSUP KING LION 11.5. \u0412\u0435\u0441: 13 \u043a\u0433 \u0420\u0430\u0437\u043c\u0435\u0440: 350 x 90 x 15 \u0441\u043c \u041a\u043e\u043b\u0438\u0447\u0435\u0441\u0442\u0432\u043e \u043c\u0435\u0441\u0442: 1-2 \u0421\u0436\u0430\u0442\u0438\u0435: \u0440\u0435\u043a\u043e\u043c\u0435\u043d\u0434\u0443\u0435\u043c\u043e\u0435 22 \u0444\u0443\u043d\u0442\u0430\u0413\u0440\u0443\u0437\u043e\u043f\u043e\u0434\u044a\u0435\u043c\u043d\u043e\u0441\u0442\u044c: \u0434\u043e 130 \u043a\u0433\",\"breadcrumb\":{\"@id\":\"https:\\\/\\\/www.waterskis.lv\\\/ru\\\/product\\\/%d0%b1-%d1%83-sup-%d0%b4%d0%be%d1%81%d0%ba%d0%b0-wildsup-king-lion-11-5\\\/#breadcrumb\"},\"inLanguage\":\"ru-RU\",\"potentialAction\":[{\"@type\":\"ReadAction\",\"target\":[\"https:\\\/\\\/www.waterskis.lv\\\/ru\\\/product\\\/%d0%b1-%d1%83-sup-%d0%b4%d0%be%d1%81%d0%ba%d0%b0-wildsup-king-lion-11-5\\\/\"]}]},{\"@type\":\"ImageObject\",\"inLanguage\":\"ru-RU\",\"@id\":\"https:\\\/\\\/www.waterskis.lv\\\/ru\\\/product\\\/%d0%b1-%d1%83-sup-%d0%b4%d0%be%d1%81%d0%ba%d0%b0-wildsup-king-lion-11-5\\\/#primaryimage\",\"url\":\"https:\\\/\\\/www.waterskis.lv\\\/wp-content\\\/uploads\\\/2022\\\/08\\\/King.jpg\",\"contentUrl\":\"https:\\\/\\\/www.waterskis.lv\\\/wp-content\\\/uploads\\\/2022\\\/08\\\/King.jpg\",\"width\":2048,\"height\":1152,\"caption\":\"Lietots SUP d\u0113lis WILDSUP KING LION 11.5\"},{\"@type\":\"BreadcrumbList\",\"@id\":\"https:\\\/\\\/www.waterskis.lv\\\/ru\\\/product\\\/%d0%b1-%d1%83-sup-%d0%b4%d0%be%d1%81%d0%ba%d0%b0-wildsup-king-lion-11-5\\\/#breadcrumb\",\"itemListElement\":[{\"@type\":\"ListItem\",\"position\":1,\"name\":\"Home\",\"item\":\"https:\\\/\\\/www.waterskis.lv\\\/ru\\\/\"},{\"@type\":\"ListItem\",\"position\":2,\"name\":\"\u041c\u0430\u0433\u0430\u0437\u0438\u043d\",\"item\":\"https:\\\/\\\/www.waterskis.lv\\\/ru\\\/%d0%bc%d0%b0%d0%b3%d0%b0%d0%b7%d0%b8%d0%bd\\\/\"},{\"@type\":\"ListItem\",\"position\":3,\"name\":\"\u0411\\\/\u0443 SUP-\u0434\u043e\u0441\u043a\u0430 WILDSUP KING LION 11.5\"}]},{\"@type\":\"WebSite\",\"@id\":\"https:\\\/\\\/www.waterskis.lv\\\/ru\\\/#website\",\"url\":\"https:\\\/\\\/www.waterskis.lv\\\/ru\\\/\",\"name\":\"WATERSKIS.LV\",\"description\":\"SUP d\u0113\u013ci, kajaki, kanoe, airu laivas, \u016bdenssl\u0113po\u0161ana, veikbords, SUP d\u0113\u013cu noma, kajaku nomaakt\u012bv\u0101s atp\u016btas centrs, laivu noma, sup noma, kajaku noma\",\"publisher\":{\"@id\":\"https:\\\/\\\/www.waterskis.lv\\\/ru\\\/#organization\"},\"potentialAction\":[{\"@type\":\"SearchAction\",\"target\":{\"@type\":\"EntryPoint\",\"urlTemplate\":\"https:\\\/\\\/www.waterskis.lv\\\/ru\\\/?s={search_term_string}\"},\"query-input\":{\"@type\":\"PropertyValueSpecification\",\"valueRequired\":true,\"valueName\":\"search_term_string\"}}],\"inLanguage\":\"ru-RU\"},{\"@type\":\"Organization\",\"@id\":\"https:\\\/\\\/www.waterskis.lv\\\/ru\\\/#organization\",\"name\":\"WATERSKIS.LV\",\"url\":\"https:\\\/\\\/www.waterskis.lv\\\/ru\\\/\",\"logo\":{\"@type\":\"ImageObject\",\"inLanguage\":\"ru-RU\",\"@id\":\"https:\\\/\\\/www.waterskis.lv\\\/ru\\\/#\\\/schema\\\/logo\\\/image\\\/\",\"url\":\"https:\\\/\\\/www.waterskis.lv\\\/wp-content\\\/uploads\\\/2025\\\/01\\\/JUVP-logo.png\",\"contentUrl\":\"https:\\\/\\\/www.waterskis.lv\\\/wp-content\\\/uploads\\\/2025\\\/01\\\/JUVP-logo.png\",\"width\":421,\"height\":202,\"caption\":\"WATERSKIS.LV\"},\"image\":{\"@id\":\"https:\\\/\\\/www.waterskis.lv\\\/ru\\\/#\\\/schema\\\/logo\\\/image\\\/\"},\"sameAs\":[\"https:\\\/\\\/www.facebook.com\\\/jurmalawaterskiwakeboardpark\\\/\"]}]}<\/script>\n<!-- \/ Yoast SEO plugin. -->","yoast_head_json":{"title":"\u0411\/\u0443 SUP-\u0434\u043e\u0441\u043a\u0430 WILDSUP KING LION 11.5 - WATERSKIS.LV","description":"\u0411\/\u0443 SUP-\u0434\u043e\u0441\u043a\u0430 WILDSUP KING LION 11.5. \u0412\u0435\u0441: 13 \u043a\u0433 \u0420\u0430\u0437\u043c\u0435\u0440: 350 x 90 x 15 \u0441\u043c \u041a\u043e\u043b\u0438\u0447\u0435\u0441\u0442\u0432\u043e \u043c\u0435\u0441\u0442: 1-2 \u0421\u0436\u0430\u0442\u0438\u0435: \u0440\u0435\u043a\u043e\u043c\u0435\u043d\u0434\u0443\u0435\u043c\u043e\u0435 22 \u0444\u0443\u043d\u0442\u0430\u0413\u0440\u0443\u0437\u043e\u043f\u043e\u0434\u044a\u0435\u043c\u043d\u043e\u0441\u0442\u044c: \u0434\u043e 130 \u043a\u0433","robots":{"index":"index","follow":"follow","max-snippet":"max-snippet:-1","max-image-preview":"max-image-preview:large","max-video-preview":"max-video-preview:-1"},"canonical":"https:\/\/www.waterskis.lv\/ru\/product\/%d0%b1-%d1%83-sup-%d0%b4%d0%be%d1%81%d0%ba%d0%b0-wildsup-king-lion-11-5\/","og_locale":"ru_RU","og_type":"article","og_title":"\u0411\/\u0443 SUP-\u0434\u043e\u0441\u043a\u0430 WILDSUP KING LION 11.5 - WATERSKIS.LV","og_description":"\u0411\/\u0443 SUP-\u0434\u043e\u0441\u043a\u0430 WILDSUP KING LION 11.5. \u0412\u0435\u0441: 13 \u043a\u0433 \u0420\u0430\u0437\u043c\u0435\u0440: 350 x 90 x 15 \u0441\u043c \u041a\u043e\u043b\u0438\u0447\u0435\u0441\u0442\u0432\u043e \u043c\u0435\u0441\u0442: 1-2 \u0421\u0436\u0430\u0442\u0438\u0435: \u0440\u0435\u043a\u043e\u043c\u0435\u043d\u0434\u0443\u0435\u043c\u043e\u0435 22 \u0444\u0443\u043d\u0442\u0430\u0413\u0440\u0443\u0437\u043e\u043f\u043e\u0434\u044a\u0435\u043c\u043d\u043e\u0441\u0442\u044c: \u0434\u043e 130 \u043a\u0433","og_url":"https:\/\/www.waterskis.lv\/ru\/product\/%d0%b1-%d1%83-sup-%d0%b4%d0%be%d1%81%d0%ba%d0%b0-wildsup-king-lion-11-5\/","og_site_name":"WATERSKIS.LV","article_publisher":"https:\/\/www.facebook.com\/jurmalawaterskiwakeboardpark\/","article_modified_time":"2025-09-23T13:20:18+00:00","og_image":[{"width":2048,"height":1152,"url":"https:\/\/www.waterskis.lv\/wp-content\/uploads\/2022\/08\/King.jpg","type":"image\/jpeg"}],"twitter_card":"summary_large_image","twitter_misc":{"\u041f\u0440\u0438\u043c\u0435\u0440\u043d\u043e\u0435 \u0432\u0440\u0435\u043c\u044f \u0434\u043b\u044f \u0447\u0442\u0435\u043d\u0438\u044f":"1 \u043c\u0438\u043d\u0443\u0442\u0430"},"schema":{"@context":"https:\/\/schema.org","@graph":[{"@type":"WebPage","@id":"https:\/\/www.waterskis.lv\/ru\/product\/%d0%b1-%d1%83-sup-%d0%b4%d0%be%d1%81%d0%ba%d0%b0-wildsup-king-lion-11-5\/","url":"https:\/\/www.waterskis.lv\/ru\/product\/%d0%b1-%d1%83-sup-%d0%b4%d0%be%d1%81%d0%ba%d0%b0-wildsup-king-lion-11-5\/","name":"\u0411\/\u0443 SUP-\u0434\u043e\u0441\u043a\u0430 WILDSUP KING LION 11.5 - WATERSKIS.LV","isPartOf":{"@id":"https:\/\/www.waterskis.lv\/ru\/#website"},"primaryImageOfPage":{"@id":"https:\/\/www.waterskis.lv\/ru\/product\/%d0%b1-%d1%83-sup-%d0%b4%d0%be%d1%81%d0%ba%d0%b0-wildsup-king-lion-11-5\/#primaryimage"},"image":{"@id":"https:\/\/www.waterskis.lv\/ru\/product\/%d0%b1-%d1%83-sup-%d0%b4%d0%be%d1%81%d0%ba%d0%b0-wildsup-king-lion-11-5\/#primaryimage"},"thumbnailUrl":"https:\/\/www.waterskis.lv\/wp-content\/uploads\/2022\/08\/King.jpg","datePublished":"2022-08-25T09:09:11+00:00","dateModified":"2025-09-23T13:20:18+00:00","description":"\u0411\/\u0443 SUP-\u0434\u043e\u0441\u043a\u0430 WILDSUP KING LION 11.5. \u0412\u0435\u0441: 13 \u043a\u0433 \u0420\u0430\u0437\u043c\u0435\u0440: 350 x 90 x 15 \u0441\u043c \u041a\u043e\u043b\u0438\u0447\u0435\u0441\u0442\u0432\u043e \u043c\u0435\u0441\u0442: 1-2 \u0421\u0436\u0430\u0442\u0438\u0435: \u0440\u0435\u043a\u043e\u043c\u0435\u043d\u0434\u0443\u0435\u043c\u043e\u0435 22 \u0444\u0443\u043d\u0442\u0430\u0413\u0440\u0443\u0437\u043e\u043f\u043e\u0434\u044a\u0435\u043c\u043d\u043e\u0441\u0442\u044c: \u0434\u043e 130 \u043a\u0433","breadcrumb":{"@id":"https:\/\/www.waterskis.lv\/ru\/product\/%d0%b1-%d1%83-sup-%d0%b4%d0%be%d1%81%d0%ba%d0%b0-wildsup-king-lion-11-5\/#breadcrumb"},"inLanguage":"ru-RU","potentialAction":[{"@type":"ReadAction","target":["https:\/\/www.waterskis.lv\/ru\/product\/%d0%b1-%d1%83-sup-%d0%b4%d0%be%d1%81%d0%ba%d0%b0-wildsup-king-lion-11-5\/"]}]},{"@type":"ImageObject","inLanguage":"ru-RU","@id":"https:\/\/www.waterskis.lv\/ru\/product\/%d0%b1-%d1%83-sup-%d0%b4%d0%be%d1%81%d0%ba%d0%b0-wildsup-king-lion-11-5\/#primaryimage","url":"https:\/\/www.waterskis.lv\/wp-content\/uploads\/2022\/08\/King.jpg","contentUrl":"https:\/\/www.waterskis.lv\/wp-content\/uploads\/2022\/08\/King.jpg","width":2048,"height":1152,"caption":"Lietots SUP d\u0113lis WILDSUP KING LION 11.5"},{"@type":"BreadcrumbList","@id":"https:\/\/www.waterskis.lv\/ru\/product\/%d0%b1-%d1%83-sup-%d0%b4%d0%be%d1%81%d0%ba%d0%b0-wildsup-king-lion-11-5\/#breadcrumb","itemListElement":[{"@type":"ListItem","position":1,"name":"Home","item":"https:\/\/www.waterskis.lv\/ru\/"},{"@type":"ListItem","position":2,"name":"\u041c\u0430\u0433\u0430\u0437\u0438\u043d","item":"https:\/\/www.waterskis.lv\/ru\/%d0%bc%d0%b0%d0%b3%d0%b0%d0%b7%d0%b8%d0%bd\/"},{"@type":"ListItem","position":3,"name":"\u0411\/\u0443 SUP-\u0434\u043e\u0441\u043a\u0430 WILDSUP KING LION 11.5"}]},{"@type":"WebSite","@id":"https:\/\/www.waterskis.lv\/ru\/#website","url":"https:\/\/www.waterskis.lv\/ru\/","name":"WATERSKIS.LV","description":"SUP d\u0113\u013ci, kajaki, kanoe, airu laivas, \u016bdenssl\u0113po\u0161ana, veikbords, SUP d\u0113\u013cu noma, kajaku nomaakt\u012bv\u0101s atp\u016btas centrs, laivu noma, sup noma, kajaku noma","publisher":{"@id":"https:\/\/www.waterskis.lv\/ru\/#organization"},"potentialAction":[{"@type":"SearchAction","target":{"@type":"EntryPoint","urlTemplate":"https:\/\/www.waterskis.lv\/ru\/?s={search_term_string}"},"query-input":{"@type":"PropertyValueSpecification","valueRequired":true,"valueName":"search_term_string"}}],"inLanguage":"ru-RU"},{"@type":"Organization","@id":"https:\/\/www.waterskis.lv\/ru\/#organization","name":"WATERSKIS.LV","url":"https:\/\/www.waterskis.lv\/ru\/","logo":{"@type":"ImageObject","inLanguage":"ru-RU","@id":"https:\/\/www.waterskis.lv\/ru\/#\/schema\/logo\/image\/","url":"https:\/\/www.waterskis.lv\/wp-content\/uploads\/2025\/01\/JUVP-logo.png","contentUrl":"https:\/\/www.waterskis.lv\/wp-content\/uploads\/2025\/01\/JUVP-logo.png","width":421,"height":202,"caption":"WATERSKIS.LV"},"image":{"@id":"https:\/\/www.waterskis.lv\/ru\/#\/schema\/logo\/image\/"},"sameAs":["https:\/\/www.facebook.com\/jurmalawaterskiwakeboardpark\/"]}]}},"_links":{"self":[{"href":"https:\/\/www.waterskis.lv\/ru\/wp-json\/wp\/v2\/product\/45358","targetHints":{"allow":["GET"]}}],"collection":[{"href":"https:\/\/www.waterskis.lv\/ru\/wp-json\/wp\/v2\/product"}],"about":[{"href":"https:\/\/www.waterskis.lv\/ru\/wp-json\/wp\/v2\/types\/product"}],"replies":[{"embeddable":true,"href":"https:\/\/www.waterskis.lv\/ru\/wp-json\/wp\/v2\/comments?post=45358"}],"wp:featuredmedia":[{"embeddable":true,"href":"https:\/\/www.waterskis.lv\/ru\/wp-json\/wp\/v2\/media\/45356"}],"wp:attachment":[{"href":"https:\/\/www.waterskis.lv\/ru\/wp-json\/wp\/v2\/media?parent=45358"}],"wp:term":[{"taxonomy":"product_brand","embeddable":true,"href":"https:\/\/www.waterskis.lv\/ru\/wp-json\/wp\/v2\/product_brand?post=45358"},{"taxonomy":"product_cat","embeddable":true,"href":"https:\/\/www.waterskis.lv\/ru\/wp-json\/wp\/v2\/product_cat?post=45358"},{"taxonomy":"product_tag","embeddable":true,"href":"https:\/\/www.waterskis.lv\/ru\/wp-json\/wp\/v2\/product_tag?post=45358"}],"curies":[{"name":"wp","href":"https:\/\/api.w.org\/{rel}","templated":true}]}}