{"id":46094,"date":"2022-09-27T16:18:27","date_gmt":"2022-09-27T13:18:27","guid":{"rendered":"https:\/\/www.waterskis.lv\/products\/bernu-udensslepes-ho-sports-kids-hot-shot\/"},"modified":"2026-01-28T13:57:10","modified_gmt":"2026-01-28T11:57:10","slug":"%d0%b4%d0%b5%d1%82%d1%81%d0%ba%d0%b8%d0%b5-%d0%b2%d0%be%d0%b4%d0%bd%d1%8b%d0%b5-%d0%bb%d1%8b%d0%b6%d0%b8-ho-sports-kids-hot-shot","status":"publish","type":"product","link":"https:\/\/www.waterskis.lv\/ru\/product\/%d0%b4%d0%b5%d1%82%d1%81%d0%ba%d0%b8%d0%b5-%d0%b2%d0%be%d0%b4%d0%bd%d1%8b%d0%b5-%d0%bb%d1%8b%d0%b6%d0%b8-ho-sports-kids-hot-shot\/","title":{"rendered":"\u0414\u0435\u0442\u0441\u043a\u0438\u0435 \u0432\u043e\u0434\u043d\u044b\u0435 \u043b\u044b\u0436\u0438 HO SPORTS KIDS HOT SHOT"},"content":{"rendered":"<h1>\u0414\u0435\u0442\u0441\u043a\u0438\u0435 \u0432\u043e\u0434\u043d\u044b\u0435 \u043b\u044b\u0436\u0438 HO SPORTS KIDS HOT SHOT<\/h1>\n<p>\u0414\u0435\u0442\u0441\u043a\u0438\u0435 \u0432\u043e\u0434\u043d\u044b\u0435 \u043b\u044b\u0436\u0438 HO SPORTS KIDS HOT SHOT<\/p>\n<p>The Hot Shot Trainers are THE perfect skis for our aspiring waterski pro! With a package that includes a trainer bar and tail connection, your junior skier will have the most stable platform for learning to ski. In addition, the Hot Shot Trainers include a parent hand held rope system allowing the parent in the boat to control their little skier\u2019s ride. Adjustable horseshoe bindings fit a wide range of kid\u2019s feet sizes and bright graphics keep little skiers visible in the water. The perfect toy to teach the future generation of water sport enthusiasts.<\/p>\n<h4><strong>#HO Sports Kids Hot Shot Combo Waterski Package Construction Features<\/strong><\/h4>\n<ul>\n<li>Includes Trainer Bar and Tail Connection<\/li>\n<li>Includes Parent Handheld Rope System<\/li>\n<li>Complete with Horseshoe Boots<\/li>\n<li>Bright Fun Graphics<\/li>\n<li>Free LEARN2WATERSKI Instructional Link<\/li>\n<\/ul>\n<h4><strong>#HO Sports Kids Hot Shot Combo Waterski Package Weight Indication<\/strong><\/h4>\n<ul>\n<li>Up to 27kg<\/li>\n<\/ul>\n<p><strong>Includes Trainer Bar and Tail Connection<\/strong><\/p>\n<p>Keeps the skis together at the correct distance<\/p>\n<p><strong>Includes Parent Handheld Rope System<\/strong><\/p>\n<p>Dual handles allow for parent powered pulling on shore and shallow water. When pulled behind boat, parent holds 2nd handle to control for smooth safe falls. Connects to trainer bar to keep the pull going to the skis, not the child. Modify for child height by adjusting rope loops.<\/p>\n<p><strong>Complete with Horseshoe Boots<\/strong><\/p>\n<p>To fit a wide range kid feet<\/p>\n","protected":false},"excerpt":{"rendered":"<p>\u0414\u0435\u0442\u0441\u043a\u0438\u0435 \u0432\u043e\u0434\u043d\u044b\u0435 \u043b\u044b\u0436\u0438 HO SPORTS KIDS HOT SHOT \u0414\u0435\u0442\u0441\u043a\u0438\u0435 \u0432\u043e\u0434\u043d\u044b\u0435 \u043b\u044b\u0436\u0438 HO SPORTS KIDS HOT SHOT The Hot Shot Trainers are THE perfect skis for our aspiring waterski pro! With a package that includes a trainer bar and tail connection, your junior skier will have the most stable platform for learning to ski. In addition, [&#8230;]<\/p>\n<p><a class=\"btn btn-secondary understrap-read-more-link\" href=\"https:\/\/www.waterskis.lv\/ru\/product\/%d0%b4%d0%b5%d1%82%d1%81%d0%ba%d0%b8%d0%b5-%d0%b2%d0%be%d0%b4%d0%bd%d1%8b%d0%b5-%d0%bb%d1%8b%d0%b6%d0%b8-ho-sports-kids-hot-shot\/\">\u0427\u0438\u0442\u0430\u0442\u044c \u0434\u0430\u043b\u044c\u0448\u0435\u2026<\/a><\/p>\n","protected":false},"featured_media":46092,"comment_status":"closed","ping_status":"closed","template":"","meta":{"_acf_changed":false,"inline_featured_image":false},"product_brand":[2368],"product_cat":[556,362,557],"product_tag":[2375,2972],"class_list":{"0":"post-46094","1":"product","2":"type-product","3":"status-publish","4":"has-post-thumbnail","6":"product_brand-ho-sports","7":"product_cat-b-","8":"product_cat-c","9":"product_cat-557","10":"product_tag-bernu-udensslepes","11":"product_tag-2972","13":"first","14":"instock","15":"sale","16":"shipping-taxable","17":"purchasable","18":"product-type-simple"},"acf":[],"yoast_head":"<!-- This site is optimized with the Yoast SEO plugin v27.5 - https:\/\/yoast.com\/product\/yoast-seo-wordpress\/ -->\n<title>\u0414\u0435\u0442\u0441\u043a\u0438\u0435 \u0432\u043e\u0434\u043d\u044b\u0435 \u043b\u044b\u0436\u0438 HO SPORTS KIDS HOT SHOT - WATERSKIS.LV<\/title>\n<meta name=\"description\" content=\"\u0414\u0435\u0442\u0441\u043a\u0438\u0435 \u0432\u043e\u0434\u043d\u044b\u0435 \u043b\u044b\u0436\u0438 HO SPORTS KIDS HOT SHOT \u0414\u043e 27 \u043a\u0433. \u0412\u043a\u043b\u044e\u0447\u0430\u0435\u0442 \u0432 \u0441\u0435\u0431\u044f \u0442\u0440\u0435\u043d\u0438\u0440\u043e\u0432\u043e\u0447\u043d\u0443\u044e \u043f\u043b\u0430\u043d\u043a\u0443 \u0438 \u0445\u0432\u043e\u0441\u0442\u043e\u0432\u043e\u0435 \u0441\u043e\u0435\u0434\u0438\u043d\u0435\u043d\u0438. \u0423\u0434\u0435\u0440\u0436\u0438\u0432\u0430\u0435\u0442 \u043b\u044b\u0436\u0438 \u0432\u043c\u0435\u0441\u0442\u0435\" \/>\n<meta name=\"robots\" content=\"index, follow, max-snippet:-1, max-image-preview:large, max-video-preview:-1\" \/>\n<link rel=\"canonical\" href=\"https:\/\/www.waterskis.lv\/ru\/product\/%d0%b4%d0%b5%d1%82%d1%81%d0%ba%d0%b8%d0%b5-%d0%b2%d0%be%d0%b4%d0%bd%d1%8b%d0%b5-%d0%bb%d1%8b%d0%b6%d0%b8-ho-sports-kids-hot-shot\/\" \/>\n<meta property=\"og:locale\" content=\"ru_RU\" \/>\n<meta property=\"og:type\" content=\"article\" \/>\n<meta property=\"og:title\" content=\"\u0414\u0435\u0442\u0441\u043a\u0438\u0435 \u0432\u043e\u0434\u043d\u044b\u0435 \u043b\u044b\u0436\u0438 HO SPORTS KIDS HOT SHOT\" \/>\n<meta property=\"og:description\" content=\"\u0414\u0435\u0442\u0441\u043a\u0438\u0435 \u0432\u043e\u0434\u043d\u044b\u0435 \u043b\u044b\u0436\u0438 HO SPORTS KIDS HOT SHOT\" \/>\n<meta property=\"og:url\" content=\"https:\/\/www.waterskis.lv\/ru\/product\/%d0%b4%d0%b5%d1%82%d1%81%d0%ba%d0%b8%d0%b5-%d0%b2%d0%be%d0%b4%d0%bd%d1%8b%d0%b5-%d0%bb%d1%8b%d0%b6%d0%b8-ho-sports-kids-hot-shot\/\" \/>\n<meta property=\"og:site_name\" content=\"WATERSKIS.LV\" \/>\n<meta property=\"article:publisher\" content=\"https:\/\/www.facebook.com\/jurmalawaterskiwakeboardpark\/\" \/>\n<meta property=\"article:modified_time\" content=\"2026-01-28T11:57:10+00:00\" \/>\n<meta property=\"og:image\" content=\"https:\/\/www.waterskis.lv\/wp-content\/uploads\/2022\/09\/2016_hosports_hotshot.jpg\" \/>\n\t<meta property=\"og:image:width\" content=\"2400\" \/>\n\t<meta property=\"og:image:height\" content=\"2400\" \/>\n\t<meta property=\"og:image:type\" content=\"image\/jpeg\" \/>\n<meta name=\"twitter:card\" content=\"summary_large_image\" \/>\n<meta name=\"twitter:label1\" content=\"\u041f\u0440\u0438\u043c\u0435\u0440\u043d\u043e\u0435 \u0432\u0440\u0435\u043c\u044f \u0434\u043b\u044f \u0447\u0442\u0435\u043d\u0438\u044f\" \/>\n\t<meta name=\"twitter:data1\" content=\"2 \u043c\u0438\u043d\u0443\u0442\u044b\" \/>\n<script type=\"application\/ld+json\" class=\"yoast-schema-graph\">{\"@context\":\"https:\\\/\\\/schema.org\",\"@graph\":[{\"@type\":\"WebPage\",\"@id\":\"https:\\\/\\\/www.waterskis.lv\\\/ru\\\/product\\\/%d0%b4%d0%b5%d1%82%d1%81%d0%ba%d0%b8%d0%b5-%d0%b2%d0%be%d0%b4%d0%bd%d1%8b%d0%b5-%d0%bb%d1%8b%d0%b6%d0%b8-ho-sports-kids-hot-shot\\\/\",\"url\":\"https:\\\/\\\/www.waterskis.lv\\\/ru\\\/product\\\/%d0%b4%d0%b5%d1%82%d1%81%d0%ba%d0%b8%d0%b5-%d0%b2%d0%be%d0%b4%d0%bd%d1%8b%d0%b5-%d0%bb%d1%8b%d0%b6%d0%b8-ho-sports-kids-hot-shot\\\/\",\"name\":\"\u0414\u0435\u0442\u0441\u043a\u0438\u0435 \u0432\u043e\u0434\u043d\u044b\u0435 \u043b\u044b\u0436\u0438 HO SPORTS KIDS HOT SHOT - WATERSKIS.LV\",\"isPartOf\":{\"@id\":\"https:\\\/\\\/www.waterskis.lv\\\/ru\\\/#website\"},\"primaryImageOfPage\":{\"@id\":\"https:\\\/\\\/www.waterskis.lv\\\/ru\\\/product\\\/%d0%b4%d0%b5%d1%82%d1%81%d0%ba%d0%b8%d0%b5-%d0%b2%d0%be%d0%b4%d0%bd%d1%8b%d0%b5-%d0%bb%d1%8b%d0%b6%d0%b8-ho-sports-kids-hot-shot\\\/#primaryimage\"},\"image\":{\"@id\":\"https:\\\/\\\/www.waterskis.lv\\\/ru\\\/product\\\/%d0%b4%d0%b5%d1%82%d1%81%d0%ba%d0%b8%d0%b5-%d0%b2%d0%be%d0%b4%d0%bd%d1%8b%d0%b5-%d0%bb%d1%8b%d0%b6%d0%b8-ho-sports-kids-hot-shot\\\/#primaryimage\"},\"thumbnailUrl\":\"https:\\\/\\\/www.waterskis.lv\\\/wp-content\\\/uploads\\\/2022\\\/09\\\/2016_hosports_hotshot.jpg\",\"datePublished\":\"2022-09-27T13:18:27+00:00\",\"dateModified\":\"2026-01-28T11:57:10+00:00\",\"description\":\"\u0414\u0435\u0442\u0441\u043a\u0438\u0435 \u0432\u043e\u0434\u043d\u044b\u0435 \u043b\u044b\u0436\u0438 HO SPORTS KIDS HOT SHOT \u0414\u043e 27 \u043a\u0433. \u0412\u043a\u043b\u044e\u0447\u0430\u0435\u0442 \u0432 \u0441\u0435\u0431\u044f \u0442\u0440\u0435\u043d\u0438\u0440\u043e\u0432\u043e\u0447\u043d\u0443\u044e \u043f\u043b\u0430\u043d\u043a\u0443 \u0438 \u0445\u0432\u043e\u0441\u0442\u043e\u0432\u043e\u0435 \u0441\u043e\u0435\u0434\u0438\u043d\u0435\u043d\u0438. \u0423\u0434\u0435\u0440\u0436\u0438\u0432\u0430\u0435\u0442 \u043b\u044b\u0436\u0438 \u0432\u043c\u0435\u0441\u0442\u0435\",\"breadcrumb\":{\"@id\":\"https:\\\/\\\/www.waterskis.lv\\\/ru\\\/product\\\/%d0%b4%d0%b5%d1%82%d1%81%d0%ba%d0%b8%d0%b5-%d0%b2%d0%be%d0%b4%d0%bd%d1%8b%d0%b5-%d0%bb%d1%8b%d0%b6%d0%b8-ho-sports-kids-hot-shot\\\/#breadcrumb\"},\"inLanguage\":\"ru-RU\",\"potentialAction\":[{\"@type\":\"ReadAction\",\"target\":[\"https:\\\/\\\/www.waterskis.lv\\\/ru\\\/product\\\/%d0%b4%d0%b5%d1%82%d1%81%d0%ba%d0%b8%d0%b5-%d0%b2%d0%be%d0%b4%d0%bd%d1%8b%d0%b5-%d0%bb%d1%8b%d0%b6%d0%b8-ho-sports-kids-hot-shot\\\/\"]}]},{\"@type\":\"ImageObject\",\"inLanguage\":\"ru-RU\",\"@id\":\"https:\\\/\\\/www.waterskis.lv\\\/ru\\\/product\\\/%d0%b4%d0%b5%d1%82%d1%81%d0%ba%d0%b8%d0%b5-%d0%b2%d0%be%d0%b4%d0%bd%d1%8b%d0%b5-%d0%bb%d1%8b%d0%b6%d0%b8-ho-sports-kids-hot-shot\\\/#primaryimage\",\"url\":\"https:\\\/\\\/www.waterskis.lv\\\/wp-content\\\/uploads\\\/2022\\\/09\\\/2016_hosports_hotshot.jpg\",\"contentUrl\":\"https:\\\/\\\/www.waterskis.lv\\\/wp-content\\\/uploads\\\/2022\\\/09\\\/2016_hosports_hotshot.jpg\",\"width\":2400,\"height\":2400,\"caption\":\"B\u0113rnu \u016bdenssl\u0113pes HO SPORTS KIDS HOT SHOT\"},{\"@type\":\"BreadcrumbList\",\"@id\":\"https:\\\/\\\/www.waterskis.lv\\\/ru\\\/product\\\/%d0%b4%d0%b5%d1%82%d1%81%d0%ba%d0%b8%d0%b5-%d0%b2%d0%be%d0%b4%d0%bd%d1%8b%d0%b5-%d0%bb%d1%8b%d0%b6%d0%b8-ho-sports-kids-hot-shot\\\/#breadcrumb\",\"itemListElement\":[{\"@type\":\"ListItem\",\"position\":1,\"name\":\"Home\",\"item\":\"https:\\\/\\\/www.waterskis.lv\\\/ru\\\/\"},{\"@type\":\"ListItem\",\"position\":2,\"name\":\"\u041c\u0430\u0433\u0430\u0437\u0438\u043d\",\"item\":\"https:\\\/\\\/www.waterskis.lv\\\/ru\\\/%d0%bc%d0%b0%d0%b3%d0%b0%d0%b7%d0%b8%d0%bd\\\/\"},{\"@type\":\"ListItem\",\"position\":3,\"name\":\"\u0414\u0435\u0442\u0441\u043a\u0438\u0435 \u0432\u043e\u0434\u043d\u044b\u0435 \u043b\u044b\u0436\u0438 HO SPORTS KIDS HOT SHOT\"}]},{\"@type\":\"WebSite\",\"@id\":\"https:\\\/\\\/www.waterskis.lv\\\/ru\\\/#website\",\"url\":\"https:\\\/\\\/www.waterskis.lv\\\/ru\\\/\",\"name\":\"WATERSKIS.LV\",\"description\":\"SUP d\u0113\u013ci, kajaki, kanoe, airu laivas, \u016bdenssl\u0113po\u0161ana, veikbords, SUP d\u0113\u013cu noma, kajaku nomaakt\u012bv\u0101s atp\u016btas centrs, laivu noma, sup noma, kajaku noma\",\"publisher\":{\"@id\":\"https:\\\/\\\/www.waterskis.lv\\\/ru\\\/#organization\"},\"potentialAction\":[{\"@type\":\"SearchAction\",\"target\":{\"@type\":\"EntryPoint\",\"urlTemplate\":\"https:\\\/\\\/www.waterskis.lv\\\/ru\\\/?s={search_term_string}\"},\"query-input\":{\"@type\":\"PropertyValueSpecification\",\"valueRequired\":true,\"valueName\":\"search_term_string\"}}],\"inLanguage\":\"ru-RU\"},{\"@type\":\"Organization\",\"@id\":\"https:\\\/\\\/www.waterskis.lv\\\/ru\\\/#organization\",\"name\":\"WATERSKIS.LV\",\"url\":\"https:\\\/\\\/www.waterskis.lv\\\/ru\\\/\",\"logo\":{\"@type\":\"ImageObject\",\"inLanguage\":\"ru-RU\",\"@id\":\"https:\\\/\\\/www.waterskis.lv\\\/ru\\\/#\\\/schema\\\/logo\\\/image\\\/\",\"url\":\"https:\\\/\\\/www.waterskis.lv\\\/wp-content\\\/uploads\\\/2025\\\/01\\\/JUVP-logo.png\",\"contentUrl\":\"https:\\\/\\\/www.waterskis.lv\\\/wp-content\\\/uploads\\\/2025\\\/01\\\/JUVP-logo.png\",\"width\":421,\"height\":202,\"caption\":\"WATERSKIS.LV\"},\"image\":{\"@id\":\"https:\\\/\\\/www.waterskis.lv\\\/ru\\\/#\\\/schema\\\/logo\\\/image\\\/\"},\"sameAs\":[\"https:\\\/\\\/www.facebook.com\\\/jurmalawaterskiwakeboardpark\\\/\"]}]}<\/script>\n<!-- \/ Yoast SEO plugin. -->","yoast_head_json":{"title":"\u0414\u0435\u0442\u0441\u043a\u0438\u0435 \u0432\u043e\u0434\u043d\u044b\u0435 \u043b\u044b\u0436\u0438 HO SPORTS KIDS HOT SHOT - WATERSKIS.LV","description":"\u0414\u0435\u0442\u0441\u043a\u0438\u0435 \u0432\u043e\u0434\u043d\u044b\u0435 \u043b\u044b\u0436\u0438 HO SPORTS KIDS HOT SHOT \u0414\u043e 27 \u043a\u0433. \u0412\u043a\u043b\u044e\u0447\u0430\u0435\u0442 \u0432 \u0441\u0435\u0431\u044f \u0442\u0440\u0435\u043d\u0438\u0440\u043e\u0432\u043e\u0447\u043d\u0443\u044e \u043f\u043b\u0430\u043d\u043a\u0443 \u0438 \u0445\u0432\u043e\u0441\u0442\u043e\u0432\u043e\u0435 \u0441\u043e\u0435\u0434\u0438\u043d\u0435\u043d\u0438. \u0423\u0434\u0435\u0440\u0436\u0438\u0432\u0430\u0435\u0442 \u043b\u044b\u0436\u0438 \u0432\u043c\u0435\u0441\u0442\u0435","robots":{"index":"index","follow":"follow","max-snippet":"max-snippet:-1","max-image-preview":"max-image-preview:large","max-video-preview":"max-video-preview:-1"},"canonical":"https:\/\/www.waterskis.lv\/ru\/product\/%d0%b4%d0%b5%d1%82%d1%81%d0%ba%d0%b8%d0%b5-%d0%b2%d0%be%d0%b4%d0%bd%d1%8b%d0%b5-%d0%bb%d1%8b%d0%b6%d0%b8-ho-sports-kids-hot-shot\/","og_locale":"ru_RU","og_type":"article","og_title":"\u0414\u0435\u0442\u0441\u043a\u0438\u0435 \u0432\u043e\u0434\u043d\u044b\u0435 \u043b\u044b\u0436\u0438 HO SPORTS KIDS HOT SHOT","og_description":"\u0414\u0435\u0442\u0441\u043a\u0438\u0435 \u0432\u043e\u0434\u043d\u044b\u0435 \u043b\u044b\u0436\u0438 HO SPORTS KIDS HOT SHOT","og_url":"https:\/\/www.waterskis.lv\/ru\/product\/%d0%b4%d0%b5%d1%82%d1%81%d0%ba%d0%b8%d0%b5-%d0%b2%d0%be%d0%b4%d0%bd%d1%8b%d0%b5-%d0%bb%d1%8b%d0%b6%d0%b8-ho-sports-kids-hot-shot\/","og_site_name":"WATERSKIS.LV","article_publisher":"https:\/\/www.facebook.com\/jurmalawaterskiwakeboardpark\/","article_modified_time":"2026-01-28T11:57:10+00:00","og_image":[{"width":2400,"height":2400,"url":"https:\/\/www.waterskis.lv\/wp-content\/uploads\/2022\/09\/2016_hosports_hotshot.jpg","type":"image\/jpeg"}],"twitter_card":"summary_large_image","twitter_misc":{"\u041f\u0440\u0438\u043c\u0435\u0440\u043d\u043e\u0435 \u0432\u0440\u0435\u043c\u044f \u0434\u043b\u044f \u0447\u0442\u0435\u043d\u0438\u044f":"2 \u043c\u0438\u043d\u0443\u0442\u044b"},"schema":{"@context":"https:\/\/schema.org","@graph":[{"@type":"WebPage","@id":"https:\/\/www.waterskis.lv\/ru\/product\/%d0%b4%d0%b5%d1%82%d1%81%d0%ba%d0%b8%d0%b5-%d0%b2%d0%be%d0%b4%d0%bd%d1%8b%d0%b5-%d0%bb%d1%8b%d0%b6%d0%b8-ho-sports-kids-hot-shot\/","url":"https:\/\/www.waterskis.lv\/ru\/product\/%d0%b4%d0%b5%d1%82%d1%81%d0%ba%d0%b8%d0%b5-%d0%b2%d0%be%d0%b4%d0%bd%d1%8b%d0%b5-%d0%bb%d1%8b%d0%b6%d0%b8-ho-sports-kids-hot-shot\/","name":"\u0414\u0435\u0442\u0441\u043a\u0438\u0435 \u0432\u043e\u0434\u043d\u044b\u0435 \u043b\u044b\u0436\u0438 HO SPORTS KIDS HOT SHOT - WATERSKIS.LV","isPartOf":{"@id":"https:\/\/www.waterskis.lv\/ru\/#website"},"primaryImageOfPage":{"@id":"https:\/\/www.waterskis.lv\/ru\/product\/%d0%b4%d0%b5%d1%82%d1%81%d0%ba%d0%b8%d0%b5-%d0%b2%d0%be%d0%b4%d0%bd%d1%8b%d0%b5-%d0%bb%d1%8b%d0%b6%d0%b8-ho-sports-kids-hot-shot\/#primaryimage"},"image":{"@id":"https:\/\/www.waterskis.lv\/ru\/product\/%d0%b4%d0%b5%d1%82%d1%81%d0%ba%d0%b8%d0%b5-%d0%b2%d0%be%d0%b4%d0%bd%d1%8b%d0%b5-%d0%bb%d1%8b%d0%b6%d0%b8-ho-sports-kids-hot-shot\/#primaryimage"},"thumbnailUrl":"https:\/\/www.waterskis.lv\/wp-content\/uploads\/2022\/09\/2016_hosports_hotshot.jpg","datePublished":"2022-09-27T13:18:27+00:00","dateModified":"2026-01-28T11:57:10+00:00","description":"\u0414\u0435\u0442\u0441\u043a\u0438\u0435 \u0432\u043e\u0434\u043d\u044b\u0435 \u043b\u044b\u0436\u0438 HO SPORTS KIDS HOT SHOT \u0414\u043e 27 \u043a\u0433. \u0412\u043a\u043b\u044e\u0447\u0430\u0435\u0442 \u0432 \u0441\u0435\u0431\u044f \u0442\u0440\u0435\u043d\u0438\u0440\u043e\u0432\u043e\u0447\u043d\u0443\u044e \u043f\u043b\u0430\u043d\u043a\u0443 \u0438 \u0445\u0432\u043e\u0441\u0442\u043e\u0432\u043e\u0435 \u0441\u043e\u0435\u0434\u0438\u043d\u0435\u043d\u0438. \u0423\u0434\u0435\u0440\u0436\u0438\u0432\u0430\u0435\u0442 \u043b\u044b\u0436\u0438 \u0432\u043c\u0435\u0441\u0442\u0435","breadcrumb":{"@id":"https:\/\/www.waterskis.lv\/ru\/product\/%d0%b4%d0%b5%d1%82%d1%81%d0%ba%d0%b8%d0%b5-%d0%b2%d0%be%d0%b4%d0%bd%d1%8b%d0%b5-%d0%bb%d1%8b%d0%b6%d0%b8-ho-sports-kids-hot-shot\/#breadcrumb"},"inLanguage":"ru-RU","potentialAction":[{"@type":"ReadAction","target":["https:\/\/www.waterskis.lv\/ru\/product\/%d0%b4%d0%b5%d1%82%d1%81%d0%ba%d0%b8%d0%b5-%d0%b2%d0%be%d0%b4%d0%bd%d1%8b%d0%b5-%d0%bb%d1%8b%d0%b6%d0%b8-ho-sports-kids-hot-shot\/"]}]},{"@type":"ImageObject","inLanguage":"ru-RU","@id":"https:\/\/www.waterskis.lv\/ru\/product\/%d0%b4%d0%b5%d1%82%d1%81%d0%ba%d0%b8%d0%b5-%d0%b2%d0%be%d0%b4%d0%bd%d1%8b%d0%b5-%d0%bb%d1%8b%d0%b6%d0%b8-ho-sports-kids-hot-shot\/#primaryimage","url":"https:\/\/www.waterskis.lv\/wp-content\/uploads\/2022\/09\/2016_hosports_hotshot.jpg","contentUrl":"https:\/\/www.waterskis.lv\/wp-content\/uploads\/2022\/09\/2016_hosports_hotshot.jpg","width":2400,"height":2400,"caption":"B\u0113rnu \u016bdenssl\u0113pes HO SPORTS KIDS HOT SHOT"},{"@type":"BreadcrumbList","@id":"https:\/\/www.waterskis.lv\/ru\/product\/%d0%b4%d0%b5%d1%82%d1%81%d0%ba%d0%b8%d0%b5-%d0%b2%d0%be%d0%b4%d0%bd%d1%8b%d0%b5-%d0%bb%d1%8b%d0%b6%d0%b8-ho-sports-kids-hot-shot\/#breadcrumb","itemListElement":[{"@type":"ListItem","position":1,"name":"Home","item":"https:\/\/www.waterskis.lv\/ru\/"},{"@type":"ListItem","position":2,"name":"\u041c\u0430\u0433\u0430\u0437\u0438\u043d","item":"https:\/\/www.waterskis.lv\/ru\/%d0%bc%d0%b0%d0%b3%d0%b0%d0%b7%d0%b8%d0%bd\/"},{"@type":"ListItem","position":3,"name":"\u0414\u0435\u0442\u0441\u043a\u0438\u0435 \u0432\u043e\u0434\u043d\u044b\u0435 \u043b\u044b\u0436\u0438 HO SPORTS KIDS HOT SHOT"}]},{"@type":"WebSite","@id":"https:\/\/www.waterskis.lv\/ru\/#website","url":"https:\/\/www.waterskis.lv\/ru\/","name":"WATERSKIS.LV","description":"SUP d\u0113\u013ci, kajaki, kanoe, airu laivas, \u016bdenssl\u0113po\u0161ana, veikbords, SUP d\u0113\u013cu noma, kajaku nomaakt\u012bv\u0101s atp\u016btas centrs, laivu noma, sup noma, kajaku noma","publisher":{"@id":"https:\/\/www.waterskis.lv\/ru\/#organization"},"potentialAction":[{"@type":"SearchAction","target":{"@type":"EntryPoint","urlTemplate":"https:\/\/www.waterskis.lv\/ru\/?s={search_term_string}"},"query-input":{"@type":"PropertyValueSpecification","valueRequired":true,"valueName":"search_term_string"}}],"inLanguage":"ru-RU"},{"@type":"Organization","@id":"https:\/\/www.waterskis.lv\/ru\/#organization","name":"WATERSKIS.LV","url":"https:\/\/www.waterskis.lv\/ru\/","logo":{"@type":"ImageObject","inLanguage":"ru-RU","@id":"https:\/\/www.waterskis.lv\/ru\/#\/schema\/logo\/image\/","url":"https:\/\/www.waterskis.lv\/wp-content\/uploads\/2025\/01\/JUVP-logo.png","contentUrl":"https:\/\/www.waterskis.lv\/wp-content\/uploads\/2025\/01\/JUVP-logo.png","width":421,"height":202,"caption":"WATERSKIS.LV"},"image":{"@id":"https:\/\/www.waterskis.lv\/ru\/#\/schema\/logo\/image\/"},"sameAs":["https:\/\/www.facebook.com\/jurmalawaterskiwakeboardpark\/"]}]}},"_links":{"self":[{"href":"https:\/\/www.waterskis.lv\/ru\/wp-json\/wp\/v2\/product\/46094","targetHints":{"allow":["GET"]}}],"collection":[{"href":"https:\/\/www.waterskis.lv\/ru\/wp-json\/wp\/v2\/product"}],"about":[{"href":"https:\/\/www.waterskis.lv\/ru\/wp-json\/wp\/v2\/types\/product"}],"replies":[{"embeddable":true,"href":"https:\/\/www.waterskis.lv\/ru\/wp-json\/wp\/v2\/comments?post=46094"}],"wp:featuredmedia":[{"embeddable":true,"href":"https:\/\/www.waterskis.lv\/ru\/wp-json\/wp\/v2\/media\/46092"}],"wp:attachment":[{"href":"https:\/\/www.waterskis.lv\/ru\/wp-json\/wp\/v2\/media?parent=46094"}],"wp:term":[{"taxonomy":"product_brand","embeddable":true,"href":"https:\/\/www.waterskis.lv\/ru\/wp-json\/wp\/v2\/product_brand?post=46094"},{"taxonomy":"product_cat","embeddable":true,"href":"https:\/\/www.waterskis.lv\/ru\/wp-json\/wp\/v2\/product_cat?post=46094"},{"taxonomy":"product_tag","embeddable":true,"href":"https:\/\/www.waterskis.lv\/ru\/wp-json\/wp\/v2\/product_tag?post=46094"}],"curies":[{"name":"wp","href":"https:\/\/api.w.org\/{rel}","templated":true}]}}