{"id":46100,"date":"2022-09-27T16:30:05","date_gmt":"2022-09-27T13:30:05","guid":{"rendered":"https:\/\/www.waterskis.lv\/products\/kivere-brunotti-rental-men\/"},"modified":"2026-02-07T17:24:06","modified_gmt":"2026-02-07T15:24:06","slug":"kivere-brunotti-defence-helmet-blue-l-xl-57-60cm","status":"publish","type":"product","link":"https:\/\/www.waterskis.lv\/ru\/product\/kivere-brunotti-defence-helmet-blue-l-xl-57-60cm\/","title":{"rendered":"\u0136ivere BRUNOTTI DEFENCE HELMET BLUE \u2013 L\/XL (57-60CM)"},"content":{"rendered":"<h1 class=\"product_title entry-title\">\u0136ivere BRUNOTTI DEFENCE HELMET BLUE \u2013 L\/XL (57-60CM)<\/h1>\n<p class=\"product_title entry-title\">\u0136ivere BRUNOTTI DEFENCE HELMET BLUE \u2013 L\/XL (57-60CM)<\/p>\n<p>Ieg\u0101d\u0101jieties savu Brunotti Defense veikborda \u0137iveri t\u016bl\u012bt j\u016bsu tie\u0161saistes profesion\u0101\u013cu veikborda veikals.<\/p>\n<p>M\u016bsu Brunotti Defense veikborda \u0137iveres ir izstr\u0101d\u0101tas, lai aizsarg\u0101tu j\u016bsu galvu p\u0113c iesp\u0113jas stil\u012bg\u0101k\u0101 veid\u0101. M\u0113s izveidoj\u0101m \u013coti sp\u0113c\u012bgu apvalku no viena gabala. Tas nodro\u0161ina gan dro\u0161\u012bbu, gan iztur\u012bbu. Lai pabeigtu \u0137iveri, m\u0113s izstr\u0101d\u0101j\u0101m \u012bpa\u0161i \u0113rtu iek\u0161\u0113jo sl\u0101ni, kas notur j\u016bsu \u0137iveri pareizaj\u0101 st\u0101vokl\u012b. \u012apa\u0161i \u0101tri \u017e\u016bsto\u0161ais polster\u0113jums nodro\u0161in\u0101s v\u0113l liel\u0101ku komfortu, \u0101tri \u017e\u016bsto\u0161\u0101 tehnolo\u0123ija nodro\u0161in\u0101s, ka \u0137ivere paliek jauka un svaiga.<\/p>\n<p>#202# Brunotti Defense veikborda \u0137iveres konstrukcijas iez\u012bmes<br \/>\nIztur\u012bgs ABS cietais apvalks<br \/>\nEVA laineris<br \/>\nGaisa siets<br \/>\nMicro Fit sist\u0113ma<br \/>\nNeo austi\u0146as<br \/>\n\u0100tri no\u0146emama zoda siksna<br \/>\nNomas logotips aizmugur\u0113<br \/>\n#202# Brunotti Defense veikborda \u0137iveres konstrukcijas izm\u0113ri<br \/>\nL\/XL\u00a0\u00a0 \u00a0 (60\u201361\u00a0cm)<br \/>\nIzskaidrotas Brunotti veikborda \u0137iveres funkcijas<\/p>\n<p>AIRMESH<\/p>\n<p>\u012apa\u0161s izgatavots siets, lai maksim\u0101li palielin\u0101tu gaisa pl\u016bsmu caur \u0137iveri. Integr\u0113t\u0101 strukt\u016bra \u013cauj izpl\u016bst karstam gaisam, vienlaikus ielai\u017eot un v\u0113su gaisu.<\/p>\n<p>HARDSHELL<\/p>\n<p>\u0160\u012b veidn\u0113 ieb\u016bv\u0113t\u0101 tehnolo\u0123ija padara \u0137iveri \u013coti iztur\u012bgu pret punktveida triecieniem, tie\u0161i savienot\u0101 EPS un iek\u0161\u0113j\u0101s l\u012bnijas pal\u0113nina un izplata triecienu.<\/p>\n<h4><strong>Buy Your Brunotti Defence Wakeboard Helmet now @ waterskis, Your Online Pro Wakeboard Store.<\/strong><\/h4>\n<p>Our Brunotti Defence Wakeboard Helmets are developed to protect your head in the coolest way possible. We created a super strong shell out of one piece. This secures both safety and durability. To complete the helmet we developed a super comfortable inner layer that keeps your helmet in the right position. The extra quick-dry padding will provide even more comfort, the quick-dry technology will ensure your helmet stays nice and fresh.<\/p>\n<h4><strong>#202# Brunotti Defence Wakeboard Helmet Construction Features<\/strong><\/h4>\n<ul>\n<li>Durable ABS Hardshell<\/li>\n<li>EVA Liner<\/li>\n<li>Air Mesh<\/li>\n<li>Micro Fit System<\/li>\n<li>Neo Earpads<\/li>\n<li>Quick Release Chin Strap<\/li>\n<li>Rental Logo On The Back<\/li>\n<\/ul>\n<h4><strong>#202# Brunotti Defence Wakeboard Helmet Construction Sizing<\/strong><\/h4>\n<ul>\n<li>L\/XL\u00a0\u00a0 \u00a0(60-61cm)<\/li>\n<\/ul>\n<h4><strong>Brunotti Wakeboard Helmet Features Explained<\/strong><\/h4>\n<p>AIRMESH<\/p>\n<p>Special fabricated mesh to maximize the airflow through the helmet. The integrated structure lets hot air out, while letting and cool air in.<\/p>\n<p>HARDSHELL<\/p>\n<p>This in-mould technology makes the helmet highly resistant to point impacts, direct connected EPS and inner lines slows and spreads the impact.<\/p>\n","protected":false},"excerpt":{"rendered":"<p>\u0136ivere BRUNOTTI DEFENCE HELMET BLUE \u2013 L\/XL (57-60CM) \u0136ivere BRUNOTTI DEFENCE HELMET BLUE \u2013 L\/XL (57-60CM) Ieg\u0101d\u0101jieties savu Brunotti Defense veikborda \u0137iveri t\u016bl\u012bt j\u016bsu tie\u0161saistes profesion\u0101\u013cu veikborda veikals. M\u016bsu Brunotti Defense veikborda \u0137iveres ir izstr\u0101d\u0101tas, lai aizsarg\u0101tu j\u016bsu galvu p\u0113c iesp\u0113jas stil\u012bg\u0101k\u0101 veid\u0101. M\u0113s izveidoj\u0101m \u013coti sp\u0113c\u012bgu apvalku no viena gabala. Tas nodro\u0161ina gan dro\u0161\u012bbu, [&#8230;]<\/p>\n<p><a class=\"btn btn-secondary understrap-read-more-link\" href=\"https:\/\/www.waterskis.lv\/ru\/product\/kivere-brunotti-defence-helmet-blue-l-xl-57-60cm\/\">\u0427\u0438\u0442\u0430\u0442\u044c \u0434\u0430\u043b\u044c\u0448\u0435\u2026<\/a><\/p>\n","protected":false},"featured_media":46098,"comment_status":"closed","ping_status":"closed","template":"","meta":{"_acf_changed":false,"inline_featured_image":false},"product_brand":[2909],"product_cat":[362,838,841],"product_tag":[3753,2923,3754,3755,3756,3757,3758,3759,2924,2925,3760,3761,3762,3107,3763,3764,3765,3766,3767],"class_list":{"0":"post-46100","1":"product","2":"type-product","3":"status-publish","4":"has-post-thumbnail","6":"product_brand-brunotti","7":"product_cat-c","8":"product_cat-838","9":"product_cat-841","10":"product_tag-airesanas-kivere","11":"product_tag-brunotti-kivere","12":"product_tag-helmet","13":"product_tag-kivere","14":"product_tag-paddling-helmet","15":"product_tag-sup-board-helmet","16":"product_tag-sup-dela-kivere","17":"product_tag-udenssleposanas-kivere","18":"product_tag-udenssporta-kivere","19":"product_tag-veikborda-kivere","20":"product_tag-wakeboard-helmet","21":"product_tag-water-skiing-helmet","22":"product_tag-water-sports-helmet","23":"product_tag-3107","24":"product_tag---sup-","25":"product_tag-3764","26":"product_tag-3765","27":"product_tag-3766","28":"product_tag-3767","30":"first","31":"instock","32":"sale","33":"shipping-taxable","34":"purchasable","35":"product-type-simple"},"acf":[],"yoast_head":"<!-- This site is optimized with the Yoast SEO plugin v27.3 - https:\/\/yoast.com\/product\/yoast-seo-wordpress\/ -->\n<title>\u0136ivere BRUNOTTI DEFENCE HELMET BLUE \u2013 L\/XL (57-60CM) - WATERSKIS.LV<\/title>\n<meta name=\"description\" content=\"\u0136ivere BRUNOTTI DEFENCE HELMET BLUE \u2013 L\/XL (57-60CM) veikborda \u0137iveres ir izstr\u0101d\u0101tas, lai aizsarg\u0101tu j\u016bsu galvu p\u0113c iesp\u0113jas stil\u012bg\u0101k\u0101 veid\u0101.\" \/>\n<meta name=\"robots\" content=\"index, follow, max-snippet:-1, max-image-preview:large, max-video-preview:-1\" \/>\n<link rel=\"canonical\" href=\"https:\/\/www.waterskis.lv\/ru\/product\/kivere-brunotti-defence-helmet-blue-l-xl-57-60cm\/\" \/>\n<meta property=\"og:locale\" content=\"ru_RU\" \/>\n<meta property=\"og:type\" content=\"article\" \/>\n<meta property=\"og:title\" content=\"\u0136ivere BRUNOTTI DEFENCE HELMET BLUE \u2013 L\/XL (57-60CM) - WATERSKIS.LV\" \/>\n<meta property=\"og:description\" content=\"\u0136ivere BRUNOTTI DEFENCE HELMET BLUE \u2013 L\/XL (57-60CM) veikborda \u0137iveres ir izstr\u0101d\u0101tas, lai aizsarg\u0101tu j\u016bsu galvu p\u0113c iesp\u0113jas stil\u012bg\u0101k\u0101 veid\u0101.\" \/>\n<meta property=\"og:url\" content=\"https:\/\/www.waterskis.lv\/ru\/product\/kivere-brunotti-defence-helmet-blue-l-xl-57-60cm\/\" \/>\n<meta property=\"og:site_name\" content=\"WATERSKIS.LV\" \/>\n<meta property=\"article:publisher\" content=\"https:\/\/www.facebook.com\/jurmalawaterskiwakeboardpark\/\" \/>\n<meta property=\"article:modified_time\" content=\"2026-02-07T15:24:06+00:00\" \/>\n<meta property=\"og:image\" content=\"https:\/\/www.waterskis.lv\/wp-content\/uploads\/2022\/09\/2016_brunotti_rental_blue.jpg\" \/>\n\t<meta property=\"og:image:width\" content=\"768\" \/>\n\t<meta property=\"og:image:height\" content=\"768\" \/>\n\t<meta property=\"og:image:type\" content=\"image\/jpeg\" \/>\n<meta name=\"twitter:card\" content=\"summary_large_image\" \/>\n<meta name=\"twitter:label1\" content=\"\u041f\u0440\u0438\u043c\u0435\u0440\u043d\u043e\u0435 \u0432\u0440\u0435\u043c\u044f \u0434\u043b\u044f \u0447\u0442\u0435\u043d\u0438\u044f\" \/>\n\t<meta name=\"twitter:data1\" content=\"3 \u043c\u0438\u043d\u0443\u0442\u044b\" \/>\n<script type=\"application\/ld+json\" class=\"yoast-schema-graph\">{\"@context\":\"https:\\\/\\\/schema.org\",\"@graph\":[{\"@type\":\"WebPage\",\"@id\":\"https:\\\/\\\/www.waterskis.lv\\\/ru\\\/product\\\/kivere-brunotti-defence-helmet-blue-l-xl-57-60cm\\\/\",\"url\":\"https:\\\/\\\/www.waterskis.lv\\\/ru\\\/product\\\/kivere-brunotti-defence-helmet-blue-l-xl-57-60cm\\\/\",\"name\":\"\u0136ivere BRUNOTTI DEFENCE HELMET BLUE \u2013 L\\\/XL (57-60CM) - WATERSKIS.LV\",\"isPartOf\":{\"@id\":\"https:\\\/\\\/www.waterskis.lv\\\/ru\\\/#website\"},\"primaryImageOfPage\":{\"@id\":\"https:\\\/\\\/www.waterskis.lv\\\/ru\\\/product\\\/kivere-brunotti-defence-helmet-blue-l-xl-57-60cm\\\/#primaryimage\"},\"image\":{\"@id\":\"https:\\\/\\\/www.waterskis.lv\\\/ru\\\/product\\\/kivere-brunotti-defence-helmet-blue-l-xl-57-60cm\\\/#primaryimage\"},\"thumbnailUrl\":\"https:\\\/\\\/www.waterskis.lv\\\/wp-content\\\/uploads\\\/2022\\\/09\\\/2016_brunotti_rental_blue.jpg\",\"datePublished\":\"2022-09-27T13:30:05+00:00\",\"dateModified\":\"2026-02-07T15:24:06+00:00\",\"description\":\"\u0136ivere BRUNOTTI DEFENCE HELMET BLUE \u2013 L\\\/XL (57-60CM) veikborda \u0137iveres ir izstr\u0101d\u0101tas, lai aizsarg\u0101tu j\u016bsu galvu p\u0113c iesp\u0113jas stil\u012bg\u0101k\u0101 veid\u0101.\",\"breadcrumb\":{\"@id\":\"https:\\\/\\\/www.waterskis.lv\\\/ru\\\/product\\\/kivere-brunotti-defence-helmet-blue-l-xl-57-60cm\\\/#breadcrumb\"},\"inLanguage\":\"ru-RU\",\"potentialAction\":[{\"@type\":\"ReadAction\",\"target\":[\"https:\\\/\\\/www.waterskis.lv\\\/ru\\\/product\\\/kivere-brunotti-defence-helmet-blue-l-xl-57-60cm\\\/\"]}]},{\"@type\":\"ImageObject\",\"inLanguage\":\"ru-RU\",\"@id\":\"https:\\\/\\\/www.waterskis.lv\\\/ru\\\/product\\\/kivere-brunotti-defence-helmet-blue-l-xl-57-60cm\\\/#primaryimage\",\"url\":\"https:\\\/\\\/www.waterskis.lv\\\/wp-content\\\/uploads\\\/2022\\\/09\\\/2016_brunotti_rental_blue.jpg\",\"contentUrl\":\"https:\\\/\\\/www.waterskis.lv\\\/wp-content\\\/uploads\\\/2022\\\/09\\\/2016_brunotti_rental_blue.jpg\",\"width\":768,\"height\":768,\"caption\":\"\u0136ivere BRUNOTTI RENTAL MEN\"},{\"@type\":\"BreadcrumbList\",\"@id\":\"https:\\\/\\\/www.waterskis.lv\\\/ru\\\/product\\\/kivere-brunotti-defence-helmet-blue-l-xl-57-60cm\\\/#breadcrumb\",\"itemListElement\":[{\"@type\":\"ListItem\",\"position\":1,\"name\":\"Home\",\"item\":\"https:\\\/\\\/www.waterskis.lv\\\/ru\\\/\"},{\"@type\":\"ListItem\",\"position\":2,\"name\":\"\u041c\u0430\u0433\u0430\u0437\u0438\u043d\",\"item\":\"https:\\\/\\\/www.waterskis.lv\\\/ru\\\/%d0%bc%d0%b0%d0%b3%d0%b0%d0%b7%d0%b8%d0%bd\\\/\"},{\"@type\":\"ListItem\",\"position\":3,\"name\":\"\u0136ivere BRUNOTTI DEFENCE HELMET BLUE \u2013 L\\\/XL (57-60CM)\"}]},{\"@type\":\"WebSite\",\"@id\":\"https:\\\/\\\/www.waterskis.lv\\\/ru\\\/#website\",\"url\":\"https:\\\/\\\/www.waterskis.lv\\\/ru\\\/\",\"name\":\"WATERSKIS.LV\",\"description\":\"SUP d\u0113\u013ci, kajaki, kanoe, airu laivas, \u016bdenssl\u0113po\u0161ana, veikbords, SUP d\u0113\u013cu noma, kajaku nomaakt\u012bv\u0101s atp\u016btas centrs, laivu noma, sup noma, kajaku noma\",\"publisher\":{\"@id\":\"https:\\\/\\\/www.waterskis.lv\\\/ru\\\/#organization\"},\"potentialAction\":[{\"@type\":\"SearchAction\",\"target\":{\"@type\":\"EntryPoint\",\"urlTemplate\":\"https:\\\/\\\/www.waterskis.lv\\\/ru\\\/?s={search_term_string}\"},\"query-input\":{\"@type\":\"PropertyValueSpecification\",\"valueRequired\":true,\"valueName\":\"search_term_string\"}}],\"inLanguage\":\"ru-RU\"},{\"@type\":\"Organization\",\"@id\":\"https:\\\/\\\/www.waterskis.lv\\\/ru\\\/#organization\",\"name\":\"WATERSKIS.LV\",\"url\":\"https:\\\/\\\/www.waterskis.lv\\\/ru\\\/\",\"logo\":{\"@type\":\"ImageObject\",\"inLanguage\":\"ru-RU\",\"@id\":\"https:\\\/\\\/www.waterskis.lv\\\/ru\\\/#\\\/schema\\\/logo\\\/image\\\/\",\"url\":\"https:\\\/\\\/www.waterskis.lv\\\/wp-content\\\/uploads\\\/2025\\\/01\\\/JUVP-logo.png\",\"contentUrl\":\"https:\\\/\\\/www.waterskis.lv\\\/wp-content\\\/uploads\\\/2025\\\/01\\\/JUVP-logo.png\",\"width\":421,\"height\":202,\"caption\":\"WATERSKIS.LV\"},\"image\":{\"@id\":\"https:\\\/\\\/www.waterskis.lv\\\/ru\\\/#\\\/schema\\\/logo\\\/image\\\/\"},\"sameAs\":[\"https:\\\/\\\/www.facebook.com\\\/jurmalawaterskiwakeboardpark\\\/\"]}]}<\/script>\n<!-- \/ Yoast SEO plugin. -->","yoast_head_json":{"title":"\u0136ivere BRUNOTTI DEFENCE HELMET BLUE \u2013 L\/XL (57-60CM) - WATERSKIS.LV","description":"\u0136ivere BRUNOTTI DEFENCE HELMET BLUE \u2013 L\/XL (57-60CM) veikborda \u0137iveres ir izstr\u0101d\u0101tas, lai aizsarg\u0101tu j\u016bsu galvu p\u0113c iesp\u0113jas stil\u012bg\u0101k\u0101 veid\u0101.","robots":{"index":"index","follow":"follow","max-snippet":"max-snippet:-1","max-image-preview":"max-image-preview:large","max-video-preview":"max-video-preview:-1"},"canonical":"https:\/\/www.waterskis.lv\/ru\/product\/kivere-brunotti-defence-helmet-blue-l-xl-57-60cm\/","og_locale":"ru_RU","og_type":"article","og_title":"\u0136ivere BRUNOTTI DEFENCE HELMET BLUE \u2013 L\/XL (57-60CM) - WATERSKIS.LV","og_description":"\u0136ivere BRUNOTTI DEFENCE HELMET BLUE \u2013 L\/XL (57-60CM) veikborda \u0137iveres ir izstr\u0101d\u0101tas, lai aizsarg\u0101tu j\u016bsu galvu p\u0113c iesp\u0113jas stil\u012bg\u0101k\u0101 veid\u0101.","og_url":"https:\/\/www.waterskis.lv\/ru\/product\/kivere-brunotti-defence-helmet-blue-l-xl-57-60cm\/","og_site_name":"WATERSKIS.LV","article_publisher":"https:\/\/www.facebook.com\/jurmalawaterskiwakeboardpark\/","article_modified_time":"2026-02-07T15:24:06+00:00","og_image":[{"width":768,"height":768,"url":"https:\/\/www.waterskis.lv\/wp-content\/uploads\/2022\/09\/2016_brunotti_rental_blue.jpg","type":"image\/jpeg"}],"twitter_card":"summary_large_image","twitter_misc":{"\u041f\u0440\u0438\u043c\u0435\u0440\u043d\u043e\u0435 \u0432\u0440\u0435\u043c\u044f \u0434\u043b\u044f \u0447\u0442\u0435\u043d\u0438\u044f":"3 \u043c\u0438\u043d\u0443\u0442\u044b"},"schema":{"@context":"https:\/\/schema.org","@graph":[{"@type":"WebPage","@id":"https:\/\/www.waterskis.lv\/ru\/product\/kivere-brunotti-defence-helmet-blue-l-xl-57-60cm\/","url":"https:\/\/www.waterskis.lv\/ru\/product\/kivere-brunotti-defence-helmet-blue-l-xl-57-60cm\/","name":"\u0136ivere BRUNOTTI DEFENCE HELMET BLUE \u2013 L\/XL (57-60CM) - WATERSKIS.LV","isPartOf":{"@id":"https:\/\/www.waterskis.lv\/ru\/#website"},"primaryImageOfPage":{"@id":"https:\/\/www.waterskis.lv\/ru\/product\/kivere-brunotti-defence-helmet-blue-l-xl-57-60cm\/#primaryimage"},"image":{"@id":"https:\/\/www.waterskis.lv\/ru\/product\/kivere-brunotti-defence-helmet-blue-l-xl-57-60cm\/#primaryimage"},"thumbnailUrl":"https:\/\/www.waterskis.lv\/wp-content\/uploads\/2022\/09\/2016_brunotti_rental_blue.jpg","datePublished":"2022-09-27T13:30:05+00:00","dateModified":"2026-02-07T15:24:06+00:00","description":"\u0136ivere BRUNOTTI DEFENCE HELMET BLUE \u2013 L\/XL (57-60CM) veikborda \u0137iveres ir izstr\u0101d\u0101tas, lai aizsarg\u0101tu j\u016bsu galvu p\u0113c iesp\u0113jas stil\u012bg\u0101k\u0101 veid\u0101.","breadcrumb":{"@id":"https:\/\/www.waterskis.lv\/ru\/product\/kivere-brunotti-defence-helmet-blue-l-xl-57-60cm\/#breadcrumb"},"inLanguage":"ru-RU","potentialAction":[{"@type":"ReadAction","target":["https:\/\/www.waterskis.lv\/ru\/product\/kivere-brunotti-defence-helmet-blue-l-xl-57-60cm\/"]}]},{"@type":"ImageObject","inLanguage":"ru-RU","@id":"https:\/\/www.waterskis.lv\/ru\/product\/kivere-brunotti-defence-helmet-blue-l-xl-57-60cm\/#primaryimage","url":"https:\/\/www.waterskis.lv\/wp-content\/uploads\/2022\/09\/2016_brunotti_rental_blue.jpg","contentUrl":"https:\/\/www.waterskis.lv\/wp-content\/uploads\/2022\/09\/2016_brunotti_rental_blue.jpg","width":768,"height":768,"caption":"\u0136ivere BRUNOTTI RENTAL MEN"},{"@type":"BreadcrumbList","@id":"https:\/\/www.waterskis.lv\/ru\/product\/kivere-brunotti-defence-helmet-blue-l-xl-57-60cm\/#breadcrumb","itemListElement":[{"@type":"ListItem","position":1,"name":"Home","item":"https:\/\/www.waterskis.lv\/ru\/"},{"@type":"ListItem","position":2,"name":"\u041c\u0430\u0433\u0430\u0437\u0438\u043d","item":"https:\/\/www.waterskis.lv\/ru\/%d0%bc%d0%b0%d0%b3%d0%b0%d0%b7%d0%b8%d0%bd\/"},{"@type":"ListItem","position":3,"name":"\u0136ivere BRUNOTTI DEFENCE HELMET BLUE \u2013 L\/XL (57-60CM)"}]},{"@type":"WebSite","@id":"https:\/\/www.waterskis.lv\/ru\/#website","url":"https:\/\/www.waterskis.lv\/ru\/","name":"WATERSKIS.LV","description":"SUP d\u0113\u013ci, kajaki, kanoe, airu laivas, \u016bdenssl\u0113po\u0161ana, veikbords, SUP d\u0113\u013cu noma, kajaku nomaakt\u012bv\u0101s atp\u016btas centrs, laivu noma, sup noma, kajaku noma","publisher":{"@id":"https:\/\/www.waterskis.lv\/ru\/#organization"},"potentialAction":[{"@type":"SearchAction","target":{"@type":"EntryPoint","urlTemplate":"https:\/\/www.waterskis.lv\/ru\/?s={search_term_string}"},"query-input":{"@type":"PropertyValueSpecification","valueRequired":true,"valueName":"search_term_string"}}],"inLanguage":"ru-RU"},{"@type":"Organization","@id":"https:\/\/www.waterskis.lv\/ru\/#organization","name":"WATERSKIS.LV","url":"https:\/\/www.waterskis.lv\/ru\/","logo":{"@type":"ImageObject","inLanguage":"ru-RU","@id":"https:\/\/www.waterskis.lv\/ru\/#\/schema\/logo\/image\/","url":"https:\/\/www.waterskis.lv\/wp-content\/uploads\/2025\/01\/JUVP-logo.png","contentUrl":"https:\/\/www.waterskis.lv\/wp-content\/uploads\/2025\/01\/JUVP-logo.png","width":421,"height":202,"caption":"WATERSKIS.LV"},"image":{"@id":"https:\/\/www.waterskis.lv\/ru\/#\/schema\/logo\/image\/"},"sameAs":["https:\/\/www.facebook.com\/jurmalawaterskiwakeboardpark\/"]}]}},"_links":{"self":[{"href":"https:\/\/www.waterskis.lv\/ru\/wp-json\/wp\/v2\/product\/46100","targetHints":{"allow":["GET"]}}],"collection":[{"href":"https:\/\/www.waterskis.lv\/ru\/wp-json\/wp\/v2\/product"}],"about":[{"href":"https:\/\/www.waterskis.lv\/ru\/wp-json\/wp\/v2\/types\/product"}],"replies":[{"embeddable":true,"href":"https:\/\/www.waterskis.lv\/ru\/wp-json\/wp\/v2\/comments?post=46100"}],"wp:featuredmedia":[{"embeddable":true,"href":"https:\/\/www.waterskis.lv\/ru\/wp-json\/wp\/v2\/media\/46098"}],"wp:attachment":[{"href":"https:\/\/www.waterskis.lv\/ru\/wp-json\/wp\/v2\/media?parent=46100"}],"wp:term":[{"taxonomy":"product_brand","embeddable":true,"href":"https:\/\/www.waterskis.lv\/ru\/wp-json\/wp\/v2\/product_brand?post=46100"},{"taxonomy":"product_cat","embeddable":true,"href":"https:\/\/www.waterskis.lv\/ru\/wp-json\/wp\/v2\/product_cat?post=46100"},{"taxonomy":"product_tag","embeddable":true,"href":"https:\/\/www.waterskis.lv\/ru\/wp-json\/wp\/v2\/product_tag?post=46100"}],"curies":[{"name":"wp","href":"https:\/\/api.w.org\/{rel}","templated":true}]}}