{"id":47165,"date":"2022-10-27T08:09:46","date_gmt":"2022-10-27T05:09:46","guid":{"rendered":"https:\/\/www.waterskis.lv\/products\/sup-fin-quick-lock\/"},"modified":"2026-02-01T18:49:52","modified_gmt":"2026-02-01T16:49:52","slug":"sup-dela-spura-quick-lock","status":"publish","type":"product","link":"https:\/\/www.waterskis.lv\/ru\/product\/sup-dela-spura-quick-lock\/","title":{"rendered":"SUP d\u0113\u013ca spura QUICK LOCK"},"content":{"rendered":"<h1>SUP d\u0113\u013ca spura QUICK LOCK<\/h1>\n<p>SUP d\u0113\u013ca spura QUICK LOCK<\/p>\n<p><span class=\"jCAhz ChMk0b\"><span class=\"ryNqvb\">SUP spura QUICK LOCK (LIEL\u0100 vid\u0113j\u0101 spura) <\/span><\/span><span class=\"jCAhz ChMk0b\"><span class=\"ryNqvb\">Plastmasas SUP spura\u00a0QUICK LOCK.<\/span><\/span> <span class=\"jCAhz ChMk0b\"><span class=\"ryNqvb\">Piem\u0113rots RED QUEEN 10.8 lite un RED QUEEN 10.8 PRO SUP d\u0113\u013ciem. <\/span><\/span><span class=\"jCAhz\"><span class=\"ryNqvb\">DATU LAPA <\/span><\/span><span class=\"jCAhz ChMk0b\"><span class=\"ryNqvb\">Tipa SUP da\u013cas <\/span><\/span><span class=\"jCAhz\"><span class=\"ryNqvb\">Materi\u0101ls PE <\/span><\/span><span class=\"jCAhz\"><span class=\"ryNqvb\">Kr\u0101sa Melna <\/span><\/span><span class=\"jCAhz ChMk0b\"><span class=\"ryNqvb\">Izcelsmes valsts \u0136\u012bna <\/span><\/span><span class=\"jCAhz ChMk0b\"><span class=\"ryNqvb\">LIEL\u0100 centra spura 25 EUR <\/span><\/span><span class=\"jCAhz ChMk0b\"><span class=\"ryNqvb\">MAZ\u0100 s\u0101nu spura 14 EUR <\/span><\/span><span class=\"jCAhz ChMk0b\"><span class=\"ryNqvb\">FIN KOMPLEKTS (centr\u0101l\u0101s un 2x s\u0101nu spuras) EUR 49 <\/span><\/span><span class=\"jCAhz ChMk0b\"><span class=\"ryNqvb\">PILNS KOMPLEKTS ( Centrs, 2x s\u0101nu spuras, fiksatoru komplekts) EUR 59<\/span><\/span><\/p>\n<p>&nbsp;<\/p>\n<p>SUP fin QUICK-LOCK ( BIG center fin )<\/p>\n<div class=\"block_content1 rte active\">\n<p>Plastic SUP fin\u00a0QUICK LOCK. Suitable for RED QUEEN 10.8 lite and RED QUEEN 10.8 PRO SUP boards.<\/p>\n<\/div>\n<h3 id=\"table-data\" class=\"page-product-heading\">DATA SHEET<\/h3>\n<table class=\"block_content2 table-data-sheet\">\n<tbody>\n<tr class=\"odd\">\n<td>Type<\/td>\n<td>SUP parts<\/td>\n<\/tr>\n<tr class=\"even\">\n<td>Material<\/td>\n<td>PE<\/td>\n<\/tr>\n<tr class=\"odd\">\n<td>Color<\/td>\n<td>Black<\/td>\n<\/tr>\n<tr class=\"even\">\n<td>Country of origin<\/td>\n<td>China<\/td>\n<\/tr>\n<\/tbody>\n<\/table>\n<p>&nbsp;<\/p>\n<p>BIG center fin 25 EUR<\/p>\n<p>SMALL side fin 14 EUR<\/p>\n<p>FIN SET ( center and 2x side fins ) EUR 49<\/p>\n<p>FULL KIT ( Center, 2x side fins, fixator set) EUR 59<\/p>\n","protected":false},"excerpt":{"rendered":"<p>SUP d\u0113\u013ca spura QUICK LOCK SUP d\u0113\u013ca spura QUICK LOCK SUP spura QUICK LOCK (LIEL\u0100 vid\u0113j\u0101 spura) Plastmasas SUP spura\u00a0QUICK LOCK. Piem\u0113rots RED QUEEN 10.8 lite un RED QUEEN 10.8 PRO SUP d\u0113\u013ciem. DATU LAPA Tipa SUP da\u013cas Materi\u0101ls PE Kr\u0101sa Melna Izcelsmes valsts \u0136\u012bna LIEL\u0100 centra spura 25 EUR MAZ\u0100 s\u0101nu spura 14 EUR [&#8230;]<\/p>\n<p><a class=\"btn btn-secondary understrap-read-more-link\" href=\"https:\/\/www.waterskis.lv\/ru\/product\/sup-dela-spura-quick-lock\/\">\u0427\u0438\u0442\u0430\u0442\u044c \u0434\u0430\u043b\u044c\u0448\u0435\u2026<\/a><\/p>\n","protected":false},"featured_media":47157,"comment_status":"closed","ping_status":"closed","template":"","meta":{"_acf_changed":false,"inline_featured_image":false},"product_brand":[],"product_cat":[499,390],"product_tag":[2483,3196,3197],"class_list":{"0":"post-47165","1":"product","2":"type-product","3":"status-publish","4":"has-post-thumbnail","6":"product_cat-sup-","7":"product_cat---sup-","8":"product_tag-sup-dela-spura","9":"product_tag-sup-fin","10":"product_tag---sup-","12":"first","13":"instock","14":"shipping-taxable","15":"purchasable","16":"product-type-simple"},"acf":[],"yoast_head":"<!-- This site is optimized with the Yoast SEO plugin v27.3 - https:\/\/yoast.com\/product\/yoast-seo-wordpress\/ -->\n<title>SUP d\u0113\u013ca spura QUICK LOCK - WATERSKIS.LV<\/title>\n<meta name=\"description\" content=\"SUP d\u0113\u013ca spura QUICK LOCK (LIEL\u0100 vid\u0113j\u0101 spura) Plastmasas SUP spura\u00a0QUICK LOCK. Piem\u0113rots RED QUEEN 10.8 lite un RED QUEEN 10.8 PRO SUP d\u0113\u013ciem. DATU LAPA\" \/>\n<meta name=\"robots\" content=\"index, follow, max-snippet:-1, max-image-preview:large, max-video-preview:-1\" \/>\n<link rel=\"canonical\" href=\"https:\/\/www.waterskis.lv\/ru\/product\/sup-dela-spura-quick-lock\/\" \/>\n<meta property=\"og:locale\" content=\"ru_RU\" \/>\n<meta property=\"og:type\" content=\"article\" \/>\n<meta property=\"og:title\" content=\"SUP d\u0113\u013ca spura QUICK LOCK - WATERSKIS.LV\" \/>\n<meta property=\"og:description\" content=\"SUP d\u0113\u013ca spura QUICK LOCK (LIEL\u0100 vid\u0113j\u0101 spura) Plastmasas SUP spura\u00a0QUICK LOCK. Piem\u0113rots RED QUEEN 10.8 lite un RED QUEEN 10.8 PRO SUP d\u0113\u013ciem. DATU LAPA\" \/>\n<meta property=\"og:url\" content=\"https:\/\/www.waterskis.lv\/ru\/product\/sup-dela-spura-quick-lock\/\" \/>\n<meta property=\"og:site_name\" content=\"WATERSKIS.LV\" \/>\n<meta property=\"article:publisher\" content=\"https:\/\/www.facebook.com\/jurmalawaterskiwakeboardpark\/\" \/>\n<meta property=\"article:modified_time\" content=\"2026-02-01T16:49:52+00:00\" \/>\n<meta property=\"og:image\" content=\"https:\/\/www.waterskis.lv\/wp-content\/uploads\/2022\/10\/sup-fin-quick-lock.jpg\" \/>\n\t<meta property=\"og:image:width\" content=\"1000\" \/>\n\t<meta property=\"og:image:height\" content=\"1000\" \/>\n\t<meta property=\"og:image:type\" content=\"image\/jpeg\" \/>\n<meta name=\"twitter:card\" content=\"summary_large_image\" \/>\n<meta name=\"twitter:label1\" content=\"\u041f\u0440\u0438\u043c\u0435\u0440\u043d\u043e\u0435 \u0432\u0440\u0435\u043c\u044f \u0434\u043b\u044f \u0447\u0442\u0435\u043d\u0438\u044f\" \/>\n\t<meta name=\"twitter:data1\" content=\"1 \u043c\u0438\u043d\u0443\u0442\u0430\" \/>\n<script type=\"application\/ld+json\" class=\"yoast-schema-graph\">{\"@context\":\"https:\\\/\\\/schema.org\",\"@graph\":[{\"@type\":\"WebPage\",\"@id\":\"https:\\\/\\\/www.waterskis.lv\\\/ru\\\/product\\\/sup-dela-spura-quick-lock\\\/\",\"url\":\"https:\\\/\\\/www.waterskis.lv\\\/ru\\\/product\\\/sup-dela-spura-quick-lock\\\/\",\"name\":\"SUP d\u0113\u013ca spura QUICK LOCK - WATERSKIS.LV\",\"isPartOf\":{\"@id\":\"https:\\\/\\\/www.waterskis.lv\\\/ru\\\/#website\"},\"primaryImageOfPage\":{\"@id\":\"https:\\\/\\\/www.waterskis.lv\\\/ru\\\/product\\\/sup-dela-spura-quick-lock\\\/#primaryimage\"},\"image\":{\"@id\":\"https:\\\/\\\/www.waterskis.lv\\\/ru\\\/product\\\/sup-dela-spura-quick-lock\\\/#primaryimage\"},\"thumbnailUrl\":\"https:\\\/\\\/www.waterskis.lv\\\/wp-content\\\/uploads\\\/2022\\\/10\\\/sup-fin-quick-lock.jpg\",\"datePublished\":\"2022-10-27T05:09:46+00:00\",\"dateModified\":\"2026-02-01T16:49:52+00:00\",\"description\":\"SUP d\u0113\u013ca spura QUICK LOCK (LIEL\u0100 vid\u0113j\u0101 spura) Plastmasas SUP spura\u00a0QUICK LOCK. Piem\u0113rots RED QUEEN 10.8 lite un RED QUEEN 10.8 PRO SUP d\u0113\u013ciem. DATU LAPA\",\"breadcrumb\":{\"@id\":\"https:\\\/\\\/www.waterskis.lv\\\/ru\\\/product\\\/sup-dela-spura-quick-lock\\\/#breadcrumb\"},\"inLanguage\":\"ru-RU\",\"potentialAction\":[{\"@type\":\"ReadAction\",\"target\":[\"https:\\\/\\\/www.waterskis.lv\\\/ru\\\/product\\\/sup-dela-spura-quick-lock\\\/\"]}]},{\"@type\":\"ImageObject\",\"inLanguage\":\"ru-RU\",\"@id\":\"https:\\\/\\\/www.waterskis.lv\\\/ru\\\/product\\\/sup-dela-spura-quick-lock\\\/#primaryimage\",\"url\":\"https:\\\/\\\/www.waterskis.lv\\\/wp-content\\\/uploads\\\/2022\\\/10\\\/sup-fin-quick-lock.jpg\",\"contentUrl\":\"https:\\\/\\\/www.waterskis.lv\\\/wp-content\\\/uploads\\\/2022\\\/10\\\/sup-fin-quick-lock.jpg\",\"width\":1000,\"height\":1000,\"caption\":\"SUP fin QUICK LOCK\"},{\"@type\":\"BreadcrumbList\",\"@id\":\"https:\\\/\\\/www.waterskis.lv\\\/ru\\\/product\\\/sup-dela-spura-quick-lock\\\/#breadcrumb\",\"itemListElement\":[{\"@type\":\"ListItem\",\"position\":1,\"name\":\"Home\",\"item\":\"https:\\\/\\\/www.waterskis.lv\\\/ru\\\/\"},{\"@type\":\"ListItem\",\"position\":2,\"name\":\"\u041c\u0430\u0433\u0430\u0437\u0438\u043d\",\"item\":\"https:\\\/\\\/www.waterskis.lv\\\/ru\\\/%d0%bc%d0%b0%d0%b3%d0%b0%d0%b7%d0%b8%d0%bd\\\/\"},{\"@type\":\"ListItem\",\"position\":3,\"name\":\"SUP d\u0113\u013ca spura QUICK LOCK\"}]},{\"@type\":\"WebSite\",\"@id\":\"https:\\\/\\\/www.waterskis.lv\\\/ru\\\/#website\",\"url\":\"https:\\\/\\\/www.waterskis.lv\\\/ru\\\/\",\"name\":\"WATERSKIS.LV\",\"description\":\"SUP d\u0113\u013ci, kajaki, kanoe, airu laivas, \u016bdenssl\u0113po\u0161ana, veikbords, SUP d\u0113\u013cu noma, kajaku nomaakt\u012bv\u0101s atp\u016btas centrs, laivu noma, sup noma, kajaku noma\",\"publisher\":{\"@id\":\"https:\\\/\\\/www.waterskis.lv\\\/ru\\\/#organization\"},\"potentialAction\":[{\"@type\":\"SearchAction\",\"target\":{\"@type\":\"EntryPoint\",\"urlTemplate\":\"https:\\\/\\\/www.waterskis.lv\\\/ru\\\/?s={search_term_string}\"},\"query-input\":{\"@type\":\"PropertyValueSpecification\",\"valueRequired\":true,\"valueName\":\"search_term_string\"}}],\"inLanguage\":\"ru-RU\"},{\"@type\":\"Organization\",\"@id\":\"https:\\\/\\\/www.waterskis.lv\\\/ru\\\/#organization\",\"name\":\"WATERSKIS.LV\",\"url\":\"https:\\\/\\\/www.waterskis.lv\\\/ru\\\/\",\"logo\":{\"@type\":\"ImageObject\",\"inLanguage\":\"ru-RU\",\"@id\":\"https:\\\/\\\/www.waterskis.lv\\\/ru\\\/#\\\/schema\\\/logo\\\/image\\\/\",\"url\":\"https:\\\/\\\/www.waterskis.lv\\\/wp-content\\\/uploads\\\/2025\\\/01\\\/JUVP-logo.png\",\"contentUrl\":\"https:\\\/\\\/www.waterskis.lv\\\/wp-content\\\/uploads\\\/2025\\\/01\\\/JUVP-logo.png\",\"width\":421,\"height\":202,\"caption\":\"WATERSKIS.LV\"},\"image\":{\"@id\":\"https:\\\/\\\/www.waterskis.lv\\\/ru\\\/#\\\/schema\\\/logo\\\/image\\\/\"},\"sameAs\":[\"https:\\\/\\\/www.facebook.com\\\/jurmalawaterskiwakeboardpark\\\/\"]}]}<\/script>\n<!-- \/ Yoast SEO plugin. -->","yoast_head_json":{"title":"SUP d\u0113\u013ca spura QUICK LOCK - WATERSKIS.LV","description":"SUP d\u0113\u013ca spura QUICK LOCK (LIEL\u0100 vid\u0113j\u0101 spura) Plastmasas SUP spura\u00a0QUICK LOCK. Piem\u0113rots RED QUEEN 10.8 lite un RED QUEEN 10.8 PRO SUP d\u0113\u013ciem. DATU LAPA","robots":{"index":"index","follow":"follow","max-snippet":"max-snippet:-1","max-image-preview":"max-image-preview:large","max-video-preview":"max-video-preview:-1"},"canonical":"https:\/\/www.waterskis.lv\/ru\/product\/sup-dela-spura-quick-lock\/","og_locale":"ru_RU","og_type":"article","og_title":"SUP d\u0113\u013ca spura QUICK LOCK - WATERSKIS.LV","og_description":"SUP d\u0113\u013ca spura QUICK LOCK (LIEL\u0100 vid\u0113j\u0101 spura) Plastmasas SUP spura\u00a0QUICK LOCK. Piem\u0113rots RED QUEEN 10.8 lite un RED QUEEN 10.8 PRO SUP d\u0113\u013ciem. DATU LAPA","og_url":"https:\/\/www.waterskis.lv\/ru\/product\/sup-dela-spura-quick-lock\/","og_site_name":"WATERSKIS.LV","article_publisher":"https:\/\/www.facebook.com\/jurmalawaterskiwakeboardpark\/","article_modified_time":"2026-02-01T16:49:52+00:00","og_image":[{"width":1000,"height":1000,"url":"https:\/\/www.waterskis.lv\/wp-content\/uploads\/2022\/10\/sup-fin-quick-lock.jpg","type":"image\/jpeg"}],"twitter_card":"summary_large_image","twitter_misc":{"\u041f\u0440\u0438\u043c\u0435\u0440\u043d\u043e\u0435 \u0432\u0440\u0435\u043c\u044f \u0434\u043b\u044f \u0447\u0442\u0435\u043d\u0438\u044f":"1 \u043c\u0438\u043d\u0443\u0442\u0430"},"schema":{"@context":"https:\/\/schema.org","@graph":[{"@type":"WebPage","@id":"https:\/\/www.waterskis.lv\/ru\/product\/sup-dela-spura-quick-lock\/","url":"https:\/\/www.waterskis.lv\/ru\/product\/sup-dela-spura-quick-lock\/","name":"SUP d\u0113\u013ca spura QUICK LOCK - WATERSKIS.LV","isPartOf":{"@id":"https:\/\/www.waterskis.lv\/ru\/#website"},"primaryImageOfPage":{"@id":"https:\/\/www.waterskis.lv\/ru\/product\/sup-dela-spura-quick-lock\/#primaryimage"},"image":{"@id":"https:\/\/www.waterskis.lv\/ru\/product\/sup-dela-spura-quick-lock\/#primaryimage"},"thumbnailUrl":"https:\/\/www.waterskis.lv\/wp-content\/uploads\/2022\/10\/sup-fin-quick-lock.jpg","datePublished":"2022-10-27T05:09:46+00:00","dateModified":"2026-02-01T16:49:52+00:00","description":"SUP d\u0113\u013ca spura QUICK LOCK (LIEL\u0100 vid\u0113j\u0101 spura) Plastmasas SUP spura\u00a0QUICK LOCK. Piem\u0113rots RED QUEEN 10.8 lite un RED QUEEN 10.8 PRO SUP d\u0113\u013ciem. DATU LAPA","breadcrumb":{"@id":"https:\/\/www.waterskis.lv\/ru\/product\/sup-dela-spura-quick-lock\/#breadcrumb"},"inLanguage":"ru-RU","potentialAction":[{"@type":"ReadAction","target":["https:\/\/www.waterskis.lv\/ru\/product\/sup-dela-spura-quick-lock\/"]}]},{"@type":"ImageObject","inLanguage":"ru-RU","@id":"https:\/\/www.waterskis.lv\/ru\/product\/sup-dela-spura-quick-lock\/#primaryimage","url":"https:\/\/www.waterskis.lv\/wp-content\/uploads\/2022\/10\/sup-fin-quick-lock.jpg","contentUrl":"https:\/\/www.waterskis.lv\/wp-content\/uploads\/2022\/10\/sup-fin-quick-lock.jpg","width":1000,"height":1000,"caption":"SUP fin QUICK LOCK"},{"@type":"BreadcrumbList","@id":"https:\/\/www.waterskis.lv\/ru\/product\/sup-dela-spura-quick-lock\/#breadcrumb","itemListElement":[{"@type":"ListItem","position":1,"name":"Home","item":"https:\/\/www.waterskis.lv\/ru\/"},{"@type":"ListItem","position":2,"name":"\u041c\u0430\u0433\u0430\u0437\u0438\u043d","item":"https:\/\/www.waterskis.lv\/ru\/%d0%bc%d0%b0%d0%b3%d0%b0%d0%b7%d0%b8%d0%bd\/"},{"@type":"ListItem","position":3,"name":"SUP d\u0113\u013ca spura QUICK LOCK"}]},{"@type":"WebSite","@id":"https:\/\/www.waterskis.lv\/ru\/#website","url":"https:\/\/www.waterskis.lv\/ru\/","name":"WATERSKIS.LV","description":"SUP d\u0113\u013ci, kajaki, kanoe, airu laivas, \u016bdenssl\u0113po\u0161ana, veikbords, SUP d\u0113\u013cu noma, kajaku nomaakt\u012bv\u0101s atp\u016btas centrs, laivu noma, sup noma, kajaku noma","publisher":{"@id":"https:\/\/www.waterskis.lv\/ru\/#organization"},"potentialAction":[{"@type":"SearchAction","target":{"@type":"EntryPoint","urlTemplate":"https:\/\/www.waterskis.lv\/ru\/?s={search_term_string}"},"query-input":{"@type":"PropertyValueSpecification","valueRequired":true,"valueName":"search_term_string"}}],"inLanguage":"ru-RU"},{"@type":"Organization","@id":"https:\/\/www.waterskis.lv\/ru\/#organization","name":"WATERSKIS.LV","url":"https:\/\/www.waterskis.lv\/ru\/","logo":{"@type":"ImageObject","inLanguage":"ru-RU","@id":"https:\/\/www.waterskis.lv\/ru\/#\/schema\/logo\/image\/","url":"https:\/\/www.waterskis.lv\/wp-content\/uploads\/2025\/01\/JUVP-logo.png","contentUrl":"https:\/\/www.waterskis.lv\/wp-content\/uploads\/2025\/01\/JUVP-logo.png","width":421,"height":202,"caption":"WATERSKIS.LV"},"image":{"@id":"https:\/\/www.waterskis.lv\/ru\/#\/schema\/logo\/image\/"},"sameAs":["https:\/\/www.facebook.com\/jurmalawaterskiwakeboardpark\/"]}]}},"_links":{"self":[{"href":"https:\/\/www.waterskis.lv\/ru\/wp-json\/wp\/v2\/product\/47165","targetHints":{"allow":["GET"]}}],"collection":[{"href":"https:\/\/www.waterskis.lv\/ru\/wp-json\/wp\/v2\/product"}],"about":[{"href":"https:\/\/www.waterskis.lv\/ru\/wp-json\/wp\/v2\/types\/product"}],"replies":[{"embeddable":true,"href":"https:\/\/www.waterskis.lv\/ru\/wp-json\/wp\/v2\/comments?post=47165"}],"wp:featuredmedia":[{"embeddable":true,"href":"https:\/\/www.waterskis.lv\/ru\/wp-json\/wp\/v2\/media\/47157"}],"wp:attachment":[{"href":"https:\/\/www.waterskis.lv\/ru\/wp-json\/wp\/v2\/media?parent=47165"}],"wp:term":[{"taxonomy":"product_brand","embeddable":true,"href":"https:\/\/www.waterskis.lv\/ru\/wp-json\/wp\/v2\/product_brand?post=47165"},{"taxonomy":"product_cat","embeddable":true,"href":"https:\/\/www.waterskis.lv\/ru\/wp-json\/wp\/v2\/product_cat?post=47165"},{"taxonomy":"product_tag","embeddable":true,"href":"https:\/\/www.waterskis.lv\/ru\/wp-json\/wp\/v2\/product_tag?post=47165"}],"curies":[{"name":"wp","href":"https:\/\/api.w.org\/{rel}","templated":true}]}}