{"id":47453,"date":"2022-10-29T13:03:43","date_gmt":"2022-10-29T10:03:43","guid":{"rendered":"https:\/\/www.waterskis.lv\/products\/hdpe-motorboat-roto-450s-family-extra\/"},"modified":"2023-09-04T09:28:47","modified_gmt":"2023-09-04T06:28:47","slug":"hdpe-motorboat-roto-450s-family-with-trailer","status":"publish","type":"product","link":"https:\/\/www.waterskis.lv\/ru\/product\/hdpe-motorboat-roto-450s-family-with-trailer\/","title":{"rendered":"HDPE motorboat ROTO 450S FAMILY with trailer"},"content":{"rendered":"<h1>HDPE motorboat ROTO 450S FAMILY with trailer<\/h1>\n<p>HDPE motorboat ROTO 450S FAMILY with trailer<\/p>\n<p>NEW. Never used. Demonstration model.<\/p>\n<h3 id=\"more-info\" class=\"page-product-heading active\">MORE INFO<\/h3>\n<div class=\"block_content1 rte active\">\n<p>ROTO 450s FAMILY is a family version of the ROTO 450s model with a sporty soul. It is suitable for anyone looking for a safe and reliable boat for daily trips and escapes from everyday life. It is also suitable as an accompanying vessel.<\/p>\n<p>ROTO 450s FAMILY version includes rear lockable bench for fuel tank and storage, another front bench with storage box, console with windshield and steering wheel, \u00a0stainless steel handrails, stainless steel plate in the engine mounting compartment and a waterproof plywood board in the engine mounting compartment.<\/p>\n<p>A wide range of accessories such as sun canopy, boat trailer, upholstery and a stainless steel A-bow with navigation light and backrest with cushion are also available.<\/p>\n<p>Additionally equipped with:<\/p>\n<ul>\n<li>stainless steel ladder<\/li>\n<li>folding canopy<\/li>\n<li>navigation light<\/li>\n<li>nylon boat cover<\/li>\n<\/ul>\n<\/div>\n<h3 id=\"table-data\" class=\"page-product-heading\">DATA SHEET<\/h3>\n<table class=\"block_content2 table-data-sheet\">\n<tbody>\n<tr class=\"odd\">\n<td>Type<\/td>\n<td>Motorboat<\/td>\n<\/tr>\n<tr class=\"even\">\n<td>Length<\/td>\n<td>450 cm<\/td>\n<\/tr>\n<tr class=\"odd\">\n<td>Width<\/td>\n<td>180 cm<\/td>\n<\/tr>\n<tr class=\"even\">\n<td>Height<\/td>\n<td>82 cm<\/td>\n<\/tr>\n<tr class=\"odd\">\n<td>Weight<\/td>\n<td>230 kg (without engine)<\/td>\n<\/tr>\n<tr class=\"even\">\n<td>Material<\/td>\n<td>3 layer HDPE &#8212; sandwich technology<\/td>\n<\/tr>\n<tr class=\"odd\">\n<td>Number of persons<\/td>\n<td>4-5<\/td>\n<\/tr>\n<tr class=\"even\">\n<td>Max capacity<\/td>\n<td>677 kg<\/td>\n<\/tr>\n<tr class=\"odd\">\n<td>Max engine power<\/td>\n<td>40 HP<\/td>\n<\/tr>\n<tr class=\"even\">\n<td>Certificate<\/td>\n<td>CE<\/td>\n<\/tr>\n<tr class=\"odd\">\n<td>Category<\/td>\n<td>C\/D<\/td>\n<\/tr>\n<tr class=\"even\">\n<td>Country of origin<\/td>\n<td>Slovenia<\/td>\n<\/tr>\n<\/tbody>\n<\/table>\n","protected":false},"excerpt":{"rendered":"<p>ROTO 450s FAMILY is a family version of the ROTO 450s model with a sporty soul.<br \/>\nUnused demo.<\/p>\n<p>https:\/\/www.youtube.com\/watch?v=Lux9mwwRyio [&#8230;]<\/p>\n<p><a class=\"btn btn-secondary understrap-read-more-link\" href=\"https:\/\/www.waterskis.lv\/ru\/product\/hdpe-motorboat-roto-450s-family-with-trailer\/\">\u0427\u0438\u0442\u0430\u0442\u044c \u0434\u0430\u043b\u044c\u0448\u0435\u2026<\/a><\/p>\n","protected":false},"featured_media":47426,"comment_status":"closed","ping_status":"closed","template":"","meta":{"_acf_changed":false,"inline_featured_image":false},"product_brand":[],"product_cat":[362],"product_tag":[],"class_list":{"0":"post-47453","1":"product","2":"type-product","3":"status-publish","4":"has-post-thumbnail","6":"product_cat-c","8":"first","9":"instock","10":"sale","11":"shipping-taxable","12":"purchasable","13":"product-type-simple"},"acf":[],"yoast_head":"<!-- This site is optimized with the Yoast SEO plugin v27.5 - https:\/\/yoast.com\/product\/yoast-seo-wordpress\/ -->\n<title>HDPE motorboat ROTO 450S FAMILY with trailer - WATERSKIS.LV<\/title>\n<meta name=\"description\" content=\"HDPE motorboat ROTO 450S FAMILY + extra. A wide range of accessories such as sun canopy, boat trailer, upholstery and a stainless steel A-bow etc.\" \/>\n<meta name=\"robots\" content=\"index, follow, max-snippet:-1, max-image-preview:large, max-video-preview:-1\" \/>\n<link rel=\"canonical\" href=\"https:\/\/www.waterskis.lv\/ru\/product\/hdpe-motorboat-roto-450s-family-with-trailer\/\" \/>\n<meta property=\"og:locale\" content=\"ru_RU\" \/>\n<meta property=\"og:type\" content=\"article\" \/>\n<meta property=\"og:title\" content=\"HDPE motorboat ROTO 450S FAMILY with trailer - WATERSKIS.LV\" \/>\n<meta property=\"og:description\" content=\"HDPE motorboat ROTO 450S FAMILY + extra. A wide range of accessories such as sun canopy, boat trailer, upholstery and a stainless steel A-bow etc.\" \/>\n<meta property=\"og:url\" content=\"https:\/\/www.waterskis.lv\/ru\/product\/hdpe-motorboat-roto-450s-family-with-trailer\/\" \/>\n<meta property=\"og:site_name\" content=\"WATERSKIS.LV\" \/>\n<meta property=\"article:publisher\" content=\"https:\/\/www.facebook.com\/jurmalawaterskiwakeboardpark\/\" \/>\n<meta property=\"article:modified_time\" content=\"2023-09-04T06:28:47+00:00\" \/>\n<meta property=\"og:image\" content=\"https:\/\/www.waterskis.lv\/wp-content\/uploads\/2022\/10\/hdpe-motorboat-roto-450s-family-7.jpg\" \/>\n\t<meta property=\"og:image:width\" content=\"1000\" \/>\n\t<meta property=\"og:image:height\" content=\"1000\" \/>\n\t<meta property=\"og:image:type\" content=\"image\/jpeg\" \/>\n<meta name=\"twitter:card\" content=\"summary_large_image\" \/>\n<meta name=\"twitter:label1\" content=\"\u041f\u0440\u0438\u043c\u0435\u0440\u043d\u043e\u0435 \u0432\u0440\u0435\u043c\u044f \u0434\u043b\u044f \u0447\u0442\u0435\u043d\u0438\u044f\" \/>\n\t<meta name=\"twitter:data1\" content=\"1 \u043c\u0438\u043d\u0443\u0442\u0430\" \/>\n<script type=\"application\/ld+json\" class=\"yoast-schema-graph\">{\"@context\":\"https:\\\/\\\/schema.org\",\"@graph\":[{\"@type\":\"WebPage\",\"@id\":\"https:\\\/\\\/www.waterskis.lv\\\/ru\\\/product\\\/hdpe-motorboat-roto-450s-family-with-trailer\\\/\",\"url\":\"https:\\\/\\\/www.waterskis.lv\\\/ru\\\/product\\\/hdpe-motorboat-roto-450s-family-with-trailer\\\/\",\"name\":\"HDPE motorboat ROTO 450S FAMILY with trailer - WATERSKIS.LV\",\"isPartOf\":{\"@id\":\"https:\\\/\\\/www.waterskis.lv\\\/ru\\\/#website\"},\"primaryImageOfPage\":{\"@id\":\"https:\\\/\\\/www.waterskis.lv\\\/ru\\\/product\\\/hdpe-motorboat-roto-450s-family-with-trailer\\\/#primaryimage\"},\"image\":{\"@id\":\"https:\\\/\\\/www.waterskis.lv\\\/ru\\\/product\\\/hdpe-motorboat-roto-450s-family-with-trailer\\\/#primaryimage\"},\"thumbnailUrl\":\"https:\\\/\\\/www.waterskis.lv\\\/wp-content\\\/uploads\\\/2022\\\/10\\\/hdpe-motorboat-roto-450s-family-7.jpg\",\"datePublished\":\"2022-10-29T10:03:43+00:00\",\"dateModified\":\"2023-09-04T06:28:47+00:00\",\"description\":\"HDPE motorboat ROTO 450S FAMILY + extra. A wide range of accessories such as sun canopy, boat trailer, upholstery and a stainless steel A-bow etc.\",\"breadcrumb\":{\"@id\":\"https:\\\/\\\/www.waterskis.lv\\\/ru\\\/product\\\/hdpe-motorboat-roto-450s-family-with-trailer\\\/#breadcrumb\"},\"inLanguage\":\"ru-RU\",\"potentialAction\":[{\"@type\":\"ReadAction\",\"target\":[\"https:\\\/\\\/www.waterskis.lv\\\/ru\\\/product\\\/hdpe-motorboat-roto-450s-family-with-trailer\\\/\"]}]},{\"@type\":\"ImageObject\",\"inLanguage\":\"ru-RU\",\"@id\":\"https:\\\/\\\/www.waterskis.lv\\\/ru\\\/product\\\/hdpe-motorboat-roto-450s-family-with-trailer\\\/#primaryimage\",\"url\":\"https:\\\/\\\/www.waterskis.lv\\\/wp-content\\\/uploads\\\/2022\\\/10\\\/hdpe-motorboat-roto-450s-family-7.jpg\",\"contentUrl\":\"https:\\\/\\\/www.waterskis.lv\\\/wp-content\\\/uploads\\\/2022\\\/10\\\/hdpe-motorboat-roto-450s-family-7.jpg\",\"width\":1000,\"height\":1000,\"caption\":\"HDPE motorboat ROTO 450S FAMILY + extra\"},{\"@type\":\"BreadcrumbList\",\"@id\":\"https:\\\/\\\/www.waterskis.lv\\\/ru\\\/product\\\/hdpe-motorboat-roto-450s-family-with-trailer\\\/#breadcrumb\",\"itemListElement\":[{\"@type\":\"ListItem\",\"position\":1,\"name\":\"Home\",\"item\":\"https:\\\/\\\/www.waterskis.lv\\\/ru\\\/\"},{\"@type\":\"ListItem\",\"position\":2,\"name\":\"\u041c\u0430\u0433\u0430\u0437\u0438\u043d\",\"item\":\"https:\\\/\\\/www.waterskis.lv\\\/ru\\\/%d0%bc%d0%b0%d0%b3%d0%b0%d0%b7%d0%b8%d0%bd\\\/\"},{\"@type\":\"ListItem\",\"position\":3,\"name\":\"HDPE motorboat ROTO 450S FAMILY with trailer\"}]},{\"@type\":\"WebSite\",\"@id\":\"https:\\\/\\\/www.waterskis.lv\\\/ru\\\/#website\",\"url\":\"https:\\\/\\\/www.waterskis.lv\\\/ru\\\/\",\"name\":\"WATERSKIS.LV\",\"description\":\"SUP d\u0113\u013ci, kajaki, kanoe, airu laivas, \u016bdenssl\u0113po\u0161ana, veikbords, SUP d\u0113\u013cu noma, kajaku nomaakt\u012bv\u0101s atp\u016btas centrs, laivu noma, sup noma, kajaku noma\",\"publisher\":{\"@id\":\"https:\\\/\\\/www.waterskis.lv\\\/ru\\\/#organization\"},\"potentialAction\":[{\"@type\":\"SearchAction\",\"target\":{\"@type\":\"EntryPoint\",\"urlTemplate\":\"https:\\\/\\\/www.waterskis.lv\\\/ru\\\/?s={search_term_string}\"},\"query-input\":{\"@type\":\"PropertyValueSpecification\",\"valueRequired\":true,\"valueName\":\"search_term_string\"}}],\"inLanguage\":\"ru-RU\"},{\"@type\":\"Organization\",\"@id\":\"https:\\\/\\\/www.waterskis.lv\\\/ru\\\/#organization\",\"name\":\"WATERSKIS.LV\",\"url\":\"https:\\\/\\\/www.waterskis.lv\\\/ru\\\/\",\"logo\":{\"@type\":\"ImageObject\",\"inLanguage\":\"ru-RU\",\"@id\":\"https:\\\/\\\/www.waterskis.lv\\\/ru\\\/#\\\/schema\\\/logo\\\/image\\\/\",\"url\":\"https:\\\/\\\/www.waterskis.lv\\\/wp-content\\\/uploads\\\/2025\\\/01\\\/JUVP-logo.png\",\"contentUrl\":\"https:\\\/\\\/www.waterskis.lv\\\/wp-content\\\/uploads\\\/2025\\\/01\\\/JUVP-logo.png\",\"width\":421,\"height\":202,\"caption\":\"WATERSKIS.LV\"},\"image\":{\"@id\":\"https:\\\/\\\/www.waterskis.lv\\\/ru\\\/#\\\/schema\\\/logo\\\/image\\\/\"},\"sameAs\":[\"https:\\\/\\\/www.facebook.com\\\/jurmalawaterskiwakeboardpark\\\/\"]}]}<\/script>\n<!-- \/ Yoast SEO plugin. -->","yoast_head_json":{"title":"HDPE motorboat ROTO 450S FAMILY with trailer - WATERSKIS.LV","description":"HDPE motorboat ROTO 450S FAMILY + extra. A wide range of accessories such as sun canopy, boat trailer, upholstery and a stainless steel A-bow etc.","robots":{"index":"index","follow":"follow","max-snippet":"max-snippet:-1","max-image-preview":"max-image-preview:large","max-video-preview":"max-video-preview:-1"},"canonical":"https:\/\/www.waterskis.lv\/ru\/product\/hdpe-motorboat-roto-450s-family-with-trailer\/","og_locale":"ru_RU","og_type":"article","og_title":"HDPE motorboat ROTO 450S FAMILY with trailer - WATERSKIS.LV","og_description":"HDPE motorboat ROTO 450S FAMILY + extra. A wide range of accessories such as sun canopy, boat trailer, upholstery and a stainless steel A-bow etc.","og_url":"https:\/\/www.waterskis.lv\/ru\/product\/hdpe-motorboat-roto-450s-family-with-trailer\/","og_site_name":"WATERSKIS.LV","article_publisher":"https:\/\/www.facebook.com\/jurmalawaterskiwakeboardpark\/","article_modified_time":"2023-09-04T06:28:47+00:00","og_image":[{"width":1000,"height":1000,"url":"https:\/\/www.waterskis.lv\/wp-content\/uploads\/2022\/10\/hdpe-motorboat-roto-450s-family-7.jpg","type":"image\/jpeg"}],"twitter_card":"summary_large_image","twitter_misc":{"\u041f\u0440\u0438\u043c\u0435\u0440\u043d\u043e\u0435 \u0432\u0440\u0435\u043c\u044f \u0434\u043b\u044f \u0447\u0442\u0435\u043d\u0438\u044f":"1 \u043c\u0438\u043d\u0443\u0442\u0430"},"schema":{"@context":"https:\/\/schema.org","@graph":[{"@type":"WebPage","@id":"https:\/\/www.waterskis.lv\/ru\/product\/hdpe-motorboat-roto-450s-family-with-trailer\/","url":"https:\/\/www.waterskis.lv\/ru\/product\/hdpe-motorboat-roto-450s-family-with-trailer\/","name":"HDPE motorboat ROTO 450S FAMILY with trailer - WATERSKIS.LV","isPartOf":{"@id":"https:\/\/www.waterskis.lv\/ru\/#website"},"primaryImageOfPage":{"@id":"https:\/\/www.waterskis.lv\/ru\/product\/hdpe-motorboat-roto-450s-family-with-trailer\/#primaryimage"},"image":{"@id":"https:\/\/www.waterskis.lv\/ru\/product\/hdpe-motorboat-roto-450s-family-with-trailer\/#primaryimage"},"thumbnailUrl":"https:\/\/www.waterskis.lv\/wp-content\/uploads\/2022\/10\/hdpe-motorboat-roto-450s-family-7.jpg","datePublished":"2022-10-29T10:03:43+00:00","dateModified":"2023-09-04T06:28:47+00:00","description":"HDPE motorboat ROTO 450S FAMILY + extra. A wide range of accessories such as sun canopy, boat trailer, upholstery and a stainless steel A-bow etc.","breadcrumb":{"@id":"https:\/\/www.waterskis.lv\/ru\/product\/hdpe-motorboat-roto-450s-family-with-trailer\/#breadcrumb"},"inLanguage":"ru-RU","potentialAction":[{"@type":"ReadAction","target":["https:\/\/www.waterskis.lv\/ru\/product\/hdpe-motorboat-roto-450s-family-with-trailer\/"]}]},{"@type":"ImageObject","inLanguage":"ru-RU","@id":"https:\/\/www.waterskis.lv\/ru\/product\/hdpe-motorboat-roto-450s-family-with-trailer\/#primaryimage","url":"https:\/\/www.waterskis.lv\/wp-content\/uploads\/2022\/10\/hdpe-motorboat-roto-450s-family-7.jpg","contentUrl":"https:\/\/www.waterskis.lv\/wp-content\/uploads\/2022\/10\/hdpe-motorboat-roto-450s-family-7.jpg","width":1000,"height":1000,"caption":"HDPE motorboat ROTO 450S FAMILY + extra"},{"@type":"BreadcrumbList","@id":"https:\/\/www.waterskis.lv\/ru\/product\/hdpe-motorboat-roto-450s-family-with-trailer\/#breadcrumb","itemListElement":[{"@type":"ListItem","position":1,"name":"Home","item":"https:\/\/www.waterskis.lv\/ru\/"},{"@type":"ListItem","position":2,"name":"\u041c\u0430\u0433\u0430\u0437\u0438\u043d","item":"https:\/\/www.waterskis.lv\/ru\/%d0%bc%d0%b0%d0%b3%d0%b0%d0%b7%d0%b8%d0%bd\/"},{"@type":"ListItem","position":3,"name":"HDPE motorboat ROTO 450S FAMILY with trailer"}]},{"@type":"WebSite","@id":"https:\/\/www.waterskis.lv\/ru\/#website","url":"https:\/\/www.waterskis.lv\/ru\/","name":"WATERSKIS.LV","description":"SUP d\u0113\u013ci, kajaki, kanoe, airu laivas, \u016bdenssl\u0113po\u0161ana, veikbords, SUP d\u0113\u013cu noma, kajaku nomaakt\u012bv\u0101s atp\u016btas centrs, laivu noma, sup noma, kajaku noma","publisher":{"@id":"https:\/\/www.waterskis.lv\/ru\/#organization"},"potentialAction":[{"@type":"SearchAction","target":{"@type":"EntryPoint","urlTemplate":"https:\/\/www.waterskis.lv\/ru\/?s={search_term_string}"},"query-input":{"@type":"PropertyValueSpecification","valueRequired":true,"valueName":"search_term_string"}}],"inLanguage":"ru-RU"},{"@type":"Organization","@id":"https:\/\/www.waterskis.lv\/ru\/#organization","name":"WATERSKIS.LV","url":"https:\/\/www.waterskis.lv\/ru\/","logo":{"@type":"ImageObject","inLanguage":"ru-RU","@id":"https:\/\/www.waterskis.lv\/ru\/#\/schema\/logo\/image\/","url":"https:\/\/www.waterskis.lv\/wp-content\/uploads\/2025\/01\/JUVP-logo.png","contentUrl":"https:\/\/www.waterskis.lv\/wp-content\/uploads\/2025\/01\/JUVP-logo.png","width":421,"height":202,"caption":"WATERSKIS.LV"},"image":{"@id":"https:\/\/www.waterskis.lv\/ru\/#\/schema\/logo\/image\/"},"sameAs":["https:\/\/www.facebook.com\/jurmalawaterskiwakeboardpark\/"]}]}},"_links":{"self":[{"href":"https:\/\/www.waterskis.lv\/ru\/wp-json\/wp\/v2\/product\/47453","targetHints":{"allow":["GET"]}}],"collection":[{"href":"https:\/\/www.waterskis.lv\/ru\/wp-json\/wp\/v2\/product"}],"about":[{"href":"https:\/\/www.waterskis.lv\/ru\/wp-json\/wp\/v2\/types\/product"}],"replies":[{"embeddable":true,"href":"https:\/\/www.waterskis.lv\/ru\/wp-json\/wp\/v2\/comments?post=47453"}],"wp:featuredmedia":[{"embeddable":true,"href":"https:\/\/www.waterskis.lv\/ru\/wp-json\/wp\/v2\/media\/47426"}],"wp:attachment":[{"href":"https:\/\/www.waterskis.lv\/ru\/wp-json\/wp\/v2\/media?parent=47453"}],"wp:term":[{"taxonomy":"product_brand","embeddable":true,"href":"https:\/\/www.waterskis.lv\/ru\/wp-json\/wp\/v2\/product_brand?post=47453"},{"taxonomy":"product_cat","embeddable":true,"href":"https:\/\/www.waterskis.lv\/ru\/wp-json\/wp\/v2\/product_cat?post=47453"},{"taxonomy":"product_tag","embeddable":true,"href":"https:\/\/www.waterskis.lv\/ru\/wp-json\/wp\/v2\/product_tag?post=47453"}],"curies":[{"name":"wp","href":"https:\/\/api.w.org\/{rel}","templated":true}]}}