{"id":47502,"date":"2022-10-29T16:52:21","date_gmt":"2022-10-29T13:52:21","guid":{"rendered":"https:\/\/www.waterskis.lv\/products\/laiva-amber-430e\/"},"modified":"2026-02-03T16:25:25","modified_gmt":"2026-02-03T14:25:25","slug":"laiva-amber-430e","status":"publish","type":"product","link":"https:\/\/www.waterskis.lv\/ru\/product\/laiva-amber-430e\/","title":{"rendered":"Laiva AMBER 430E"},"content":{"rendered":"<h1>Laiva AMBER 430E<\/h1>\n<p>Laiva AMBER 430E<\/p>\n<p style=\"font-weight: 400;\"><b><strong>Ilgi gaid\u012bt\u0101 izcil\u0101s trimar\u0101na tipa laivas AMBER 430 dubultkorpusa versija- AMBER 430E, kas ir ar\u012b pirm\u0101 transform\u0113jam\u0101 AMBER laiva, p\u0101rtopot no atp\u016btas laivas par mak\u0161\u0137ernieku sapni- ar platformu, \u0113rtu rot\u0113jo\u0161u kr\u0113slu un neskait\u0101m\u0101m invent\u0101ra novietn\u0113m.<\/strong><\/b><\/p>\n<p style=\"font-weight: 400;\"><b><strong>\u0112rta, pla\u0161a un ar\u012b zvejniec\u012bbas nozar\u0113 izmantojama laiva<\/strong><\/b><\/p>\n<p style=\"font-weight: 400;\">T\u0101pat k\u0101 visas Amberlat laivas, ar\u012b AMBER 430E ir vienk\u0101r\u0161a ekspluat\u0101cij\u0101 un, at\u0161\u0137ir\u012bb\u0101 no cit\u0101m m\u016bsu uz\u0146\u0113mum\u0101 ra\u017eot\u0101m laiv\u0101m, ir izmantojama ar\u012b zvejniec\u012bbas nozar\u0113. Laivai ir plati, augsti, \u0113rti izvietoti s\u0113dek\u013ci, borti un priek\u0161gals. Dubultkorpusa versij\u0101, laivas borti ir augst\u0101ki.<\/p>\n<p style=\"font-weight: 400;\"><b><strong>Trimar\u0101ntipa, glis\u0113jo\u0161a laiva<\/strong><\/b><\/p>\n<p style=\"font-weight: 400;\">Tr\u012bs \u0137\u012b\u013ci, kas izvietoti zem laivas gr\u012bdas, dod iesp\u0113ju t\u0101s izmantot\u0101jam braucot notur\u0113t stabilu gaitas virzienu. Ar 30 z\/s jaudas motoru, laivai uzs\u0101kot kust\u012bbu, priek\u0161gals nedaudz pace\u013cas un t\u0101 uzs\u0101k glis\u0113\u0161anu. Laivai glis\u0113jot, zem t\u0101s no vidus\u0137\u012b\u013ca l\u012bdz mal\u0113jiem \u0137\u012b\u013ciem izveidojas gaisa spilvens, kas \u013cauj tai strauji uz\u0146emt \u0101trumu un m\u012bkstina gaitu.<\/p>\n<p style=\"font-weight: 400;\"><b><strong>Dro\u0161a un stabila laiva<\/strong><\/b><\/p>\n<p style=\"font-weight: 400;\">Pildot m\u016bsu uz\u0146\u0113muma pamatnost\u0101ju \u2013 dro\u0161\u012bba un stabilit\u0101te \u2013 laivas priek\u0161\u0113j\u0101, vid\u0113j\u0101 un aizmugur\u0113j\u0101 s\u0113dekl\u012b, k\u0101 ar\u012b starpkorpusu telp\u0101 ir izvietotas gaisa tvertnes, \u0137\u012b\u013ci ir pild\u012bti ar putuplastu, kas padara laivu stabilu un nenogremd\u0113jamu. M\u016bsu uz\u0146\u0113muma pas\u016bt\u012bto dro\u0161\u012bbas p\u0101rbau\u017eu laik\u0101 laiva tiek piepild\u012bta ar \u016bdeni un, vad\u012bt\u0101jam atrodoties taj\u0101, laiva negrimst. Laiva ir vienl\u012bdz dro\u0161a, traucoties pret vi\u013c\u0146iem vai, k\u0101j\u0101s st\u0101vot, p\u0101rvietojoties pa laivu.<\/p>\n<p style=\"font-weight: 400;\"><b><strong>Laiva \u2013 trasformeris<\/strong><\/b><\/p>\n<p style=\"font-weight: 400;\">Laivas dizains ir veidots t\u0101, ka laivas iek\u0161\u0113j\u0101 korpus\u0101 var ievietot un iz\u0146emt \u0101r\u0101 platformas da\u013cu un s\u0113dek\u013ca da\u013cu, t\u0101d\u0113j\u0101di laiva var p\u0101rtapt atp\u016btas laivas ar klasisko vid\u0113jo kr\u0113slu vai, saliekot iek\u0161\u0101 transform\u0113jam\u0101s deta\u013cas- laiva p\u0101rv\u0113r\u0161as mak\u0161\u0137er\u0113\u0161anas versij\u0101 ar platformu, rot\u0113jo\u0161o kr\u0113slu un daudz invent\u0101ra novietn\u0113m.<\/p>\n<p style=\"font-weight: 400;\"><b><strong>Tehniskie parametri:<\/strong><\/b><\/p>\n<ul style=\"font-weight: 400;\">\n<li>Garums: 430 cm<\/li>\n<li>Platums: 155 cm<\/li>\n<li>Augstums: 0,62 m (priek\u0161gal\u0101 0,72m)<\/li>\n<li>Svars: 150 kg<\/li>\n<li>Celtsp\u0113ja: 450 kg<\/li>\n<li>Vietu skaits: 4<\/li>\n<li>Dzin\u0113js: l\u012bdz 30 z\/s<\/li>\n<\/ul>\n<p style=\"font-weight: 400;\"><b><strong>Pamata mode\u013ca komplekt\u0101cija<\/strong><\/b><\/p>\n<ul style=\"font-weight: 400;\">\n<li>\u010cetras bag\u0101\u017eas un apr\u012bkojuma kastes, viena no t\u0101m iz\u0146emama p\u0113c vajadz\u012bbas,<\/li>\n<li>\u016adens notece kl\u0101jam,<\/li>\n<li>Starpsiena laivas aizmugur\u0113,<\/li>\n<li>Degvielas izvads,<\/li>\n<li>Ner\u016bs\u0113jo\u0161\u0101 t\u0113rauda st\u012bpas zem \u0137\u012b\u013ciem,<\/li>\n<li>Divas starpkorpusa rev\u012bz\u012bjas l\u016bkas,<\/li>\n<li>\u010cetras ner\u016bs\u0113jo\u0161\u0101 t\u0113rauda dugas uz bortiem,<\/li>\n<li>Navig\u0101cijas gaismas,<\/li>\n<li>Vertik\u0101lais mak\u0161\u0137eres tur\u0113t\u0101js,<\/li>\n<li>Divi ner\u016bs\u0113jo\u0161\u0101 t\u0113rauda knehti,<\/li>\n<li>Stiprin\u0101ts laivas trancis,<\/li>\n<li>Divi atsie\u0161anas \u0101\u0137i priek\u0161\u0101 un aizmugur\u0113,<\/li>\n<li>Airu komplekts ar du\u013c\u013ciem<\/li>\n<\/ul>\n","protected":false},"excerpt":{"rendered":"<p>Laiva AMBER 430E Laiva AMBER 430E Ilgi gaid\u012bt\u0101 izcil\u0101s trimar\u0101na tipa laivas AMBER 430 dubultkorpusa versija- AMBER 430E, kas ir ar\u012b pirm\u0101 transform\u0113jam\u0101 AMBER laiva, p\u0101rtopot no atp\u016btas laivas par mak\u0161\u0137ernieku sapni- ar platformu, \u0113rtu rot\u0113jo\u0161u kr\u0113slu un neskait\u0101m\u0101m invent\u0101ra novietn\u0113m. \u0112rta, pla\u0161a un ar\u012b zvejniec\u012bbas nozar\u0113 izmantojama laiva T\u0101pat k\u0101 visas Amberlat laivas, ar\u012b [&#8230;]<\/p>\n<p><a class=\"btn btn-secondary understrap-read-more-link\" href=\"https:\/\/www.waterskis.lv\/ru\/product\/laiva-amber-430e\/\">\u0427\u0438\u0442\u0430\u0442\u044c \u0434\u0430\u043b\u044c\u0448\u0435\u2026<\/a><\/p>\n","protected":false},"featured_media":47473,"comment_status":"closed","ping_status":"closed","template":"","meta":{"_acf_changed":false,"inline_featured_image":false},"product_brand":[2766],"product_cat":[572,993],"product_tag":[2774,2775,3348,3361,2776,2777,3350,3351,2778,3352,3353,3354,3355,3356,3357,3358],"class_list":{"0":"post-47502","1":"product","2":"type-product","3":"status-publish","4":"has-post-thumbnail","6":"product_brand-amberlat","7":"product_cat-572","8":"product_cat-993","9":"product_tag-airu-laiva","10":"product_tag-airu-laiva-makskeresanai","11":"product_tag-airu-laivas","12":"product_tag-amber-430e","13":"product_tag-amber-laivas","14":"product_tag-amberlat","15":"product_tag-boats","16":"product_tag-fiberglass-boats","17":"product_tag-laivas","18":"product_tag-paddle-boats","19":"product_tag-rowing-boats","20":"product_tag-stiklaskiedras-laivas","21":"product_tag-3355","22":"product_tag-3356","23":"product_tag-3357","24":"product_tag-3358","26":"first","27":"instock","28":"shipping-taxable","29":"purchasable","30":"product-type-simple"},"acf":[],"yoast_head":"<!-- This site is optimized with the Yoast SEO plugin v27.4 - https:\/\/yoast.com\/product\/yoast-seo-wordpress\/ -->\n<title>Laiva AMBER 430E - WATERSKIS.LV<\/title>\n<meta name=\"description\" content=\"Laiva AMBER 430E. Dubultkorpuss. Transform\u0113jama no atp\u016btas laivas par mak\u0161\u0137ernieku sapni- ar platformu, \u0113rtu rot\u0113jo\u0161u kr\u0113slu un invent\u0101ra novietn\u0113m\" \/>\n<meta name=\"robots\" content=\"index, follow, max-snippet:-1, max-image-preview:large, max-video-preview:-1\" \/>\n<link rel=\"canonical\" href=\"https:\/\/www.waterskis.lv\/ru\/product\/laiva-amber-430e\/\" \/>\n<meta property=\"og:locale\" content=\"ru_RU\" \/>\n<meta property=\"og:type\" content=\"article\" \/>\n<meta property=\"og:title\" content=\"Laiva AMBER 430E\" \/>\n<meta property=\"og:description\" content=\"Laiva \u2013 trasformerisLaivas dizains ir veidots t\u0101, ka laivas iek\u0161\u0113j\u0101 korpus\u0101 var ievietot un iz\u0146emt \u0101r\u0101 platformas da\u013cu un s\u0113dek\u013ca da\u013cu, t\u0101d\u0113j\u0101di laiva var p\u0101rtapt atp\u016btas laivas ar klasisko vid\u0113jo kr\u0113slu vai, saliekot iek\u0161\u0101 transform\u0113jam\u0101s deta\u013cas- laiva p\u0101rv\u0113r\u0161as mak\u0161\u0137er\u0113\u0161anas versij\u0101 ar platformu, rot\u0113jo\u0161o kr\u0113slu un daudz invent\u0101ra novietn\u0113m.Tehniskie parametri:Garums: 430 cmPlatums: 155 cmAugstums: 0,62 m (priek\u0161gal\u0101 0,72m)Svars: 150 kgCeltsp\u0113ja: 450 kgVietu skaits: 4Dzin\u0113js: l\u012bdz 30 z\/s\" \/>\n<meta property=\"og:url\" content=\"https:\/\/www.waterskis.lv\/ru\/product\/laiva-amber-430e\/\" \/>\n<meta property=\"og:site_name\" content=\"WATERSKIS.LV\" \/>\n<meta property=\"article:publisher\" content=\"https:\/\/www.facebook.com\/jurmalawaterskiwakeboardpark\/\" \/>\n<meta property=\"article:modified_time\" content=\"2026-02-03T14:25:25+00:00\" \/>\n<meta property=\"og:image\" content=\"https:\/\/www.waterskis.lv\/wp-content\/uploads\/2022\/10\/430E8-232x300.jpg\" \/>\n<meta name=\"twitter:card\" content=\"summary_large_image\" \/>\n<meta name=\"twitter:label1\" content=\"\u041f\u0440\u0438\u043c\u0435\u0440\u043d\u043e\u0435 \u0432\u0440\u0435\u043c\u044f \u0434\u043b\u044f \u0447\u0442\u0435\u043d\u0438\u044f\" \/>\n\t<meta name=\"twitter:data1\" content=\"2 \u043c\u0438\u043d\u0443\u0442\u044b\" \/>\n<script type=\"application\/ld+json\" class=\"yoast-schema-graph\">{\"@context\":\"https:\\\/\\\/schema.org\",\"@graph\":[{\"@type\":\"WebPage\",\"@id\":\"https:\\\/\\\/www.waterskis.lv\\\/ru\\\/product\\\/laiva-amber-430e\\\/\",\"url\":\"https:\\\/\\\/www.waterskis.lv\\\/ru\\\/product\\\/laiva-amber-430e\\\/\",\"name\":\"Laiva AMBER 430E - WATERSKIS.LV\",\"isPartOf\":{\"@id\":\"https:\\\/\\\/www.waterskis.lv\\\/ru\\\/#website\"},\"primaryImageOfPage\":{\"@id\":\"https:\\\/\\\/www.waterskis.lv\\\/ru\\\/product\\\/laiva-amber-430e\\\/#primaryimage\"},\"image\":{\"@id\":\"https:\\\/\\\/www.waterskis.lv\\\/ru\\\/product\\\/laiva-amber-430e\\\/#primaryimage\"},\"thumbnailUrl\":\"https:\\\/\\\/www.waterskis.lv\\\/wp-content\\\/uploads\\\/2022\\\/10\\\/430E.jpg\",\"datePublished\":\"2022-10-29T13:52:21+00:00\",\"dateModified\":\"2026-02-03T14:25:25+00:00\",\"description\":\"Laiva AMBER 430E. Dubultkorpuss. Transform\u0113jama no atp\u016btas laivas par mak\u0161\u0137ernieku sapni- ar platformu, \u0113rtu rot\u0113jo\u0161u kr\u0113slu un invent\u0101ra novietn\u0113m\",\"breadcrumb\":{\"@id\":\"https:\\\/\\\/www.waterskis.lv\\\/ru\\\/product\\\/laiva-amber-430e\\\/#breadcrumb\"},\"inLanguage\":\"ru-RU\",\"potentialAction\":[{\"@type\":\"ReadAction\",\"target\":[\"https:\\\/\\\/www.waterskis.lv\\\/ru\\\/product\\\/laiva-amber-430e\\\/\"]}]},{\"@type\":\"ImageObject\",\"inLanguage\":\"ru-RU\",\"@id\":\"https:\\\/\\\/www.waterskis.lv\\\/ru\\\/product\\\/laiva-amber-430e\\\/#primaryimage\",\"url\":\"https:\\\/\\\/www.waterskis.lv\\\/wp-content\\\/uploads\\\/2022\\\/10\\\/430E.jpg\",\"contentUrl\":\"https:\\\/\\\/www.waterskis.lv\\\/wp-content\\\/uploads\\\/2022\\\/10\\\/430E.jpg\",\"width\":1200,\"height\":817,\"caption\":\"Laiva AMBER 430E\"},{\"@type\":\"BreadcrumbList\",\"@id\":\"https:\\\/\\\/www.waterskis.lv\\\/ru\\\/product\\\/laiva-amber-430e\\\/#breadcrumb\",\"itemListElement\":[{\"@type\":\"ListItem\",\"position\":1,\"name\":\"Home\",\"item\":\"https:\\\/\\\/www.waterskis.lv\\\/ru\\\/\"},{\"@type\":\"ListItem\",\"position\":2,\"name\":\"\u041c\u0430\u0433\u0430\u0437\u0438\u043d\",\"item\":\"https:\\\/\\\/www.waterskis.lv\\\/ru\\\/%d0%bc%d0%b0%d0%b3%d0%b0%d0%b7%d0%b8%d0%bd\\\/\"},{\"@type\":\"ListItem\",\"position\":3,\"name\":\"Laiva AMBER 430E\"}]},{\"@type\":\"WebSite\",\"@id\":\"https:\\\/\\\/www.waterskis.lv\\\/ru\\\/#website\",\"url\":\"https:\\\/\\\/www.waterskis.lv\\\/ru\\\/\",\"name\":\"WATERSKIS.LV\",\"description\":\"SUP d\u0113\u013ci, kajaki, kanoe, airu laivas, \u016bdenssl\u0113po\u0161ana, veikbords, SUP d\u0113\u013cu noma, kajaku nomaakt\u012bv\u0101s atp\u016btas centrs, laivu noma, sup noma, kajaku noma\",\"publisher\":{\"@id\":\"https:\\\/\\\/www.waterskis.lv\\\/ru\\\/#organization\"},\"potentialAction\":[{\"@type\":\"SearchAction\",\"target\":{\"@type\":\"EntryPoint\",\"urlTemplate\":\"https:\\\/\\\/www.waterskis.lv\\\/ru\\\/?s={search_term_string}\"},\"query-input\":{\"@type\":\"PropertyValueSpecification\",\"valueRequired\":true,\"valueName\":\"search_term_string\"}}],\"inLanguage\":\"ru-RU\"},{\"@type\":\"Organization\",\"@id\":\"https:\\\/\\\/www.waterskis.lv\\\/ru\\\/#organization\",\"name\":\"WATERSKIS.LV\",\"url\":\"https:\\\/\\\/www.waterskis.lv\\\/ru\\\/\",\"logo\":{\"@type\":\"ImageObject\",\"inLanguage\":\"ru-RU\",\"@id\":\"https:\\\/\\\/www.waterskis.lv\\\/ru\\\/#\\\/schema\\\/logo\\\/image\\\/\",\"url\":\"https:\\\/\\\/www.waterskis.lv\\\/wp-content\\\/uploads\\\/2025\\\/01\\\/JUVP-logo.png\",\"contentUrl\":\"https:\\\/\\\/www.waterskis.lv\\\/wp-content\\\/uploads\\\/2025\\\/01\\\/JUVP-logo.png\",\"width\":421,\"height\":202,\"caption\":\"WATERSKIS.LV\"},\"image\":{\"@id\":\"https:\\\/\\\/www.waterskis.lv\\\/ru\\\/#\\\/schema\\\/logo\\\/image\\\/\"},\"sameAs\":[\"https:\\\/\\\/www.facebook.com\\\/jurmalawaterskiwakeboardpark\\\/\"]}]}<\/script>\n<!-- \/ Yoast SEO plugin. -->","yoast_head_json":{"title":"Laiva AMBER 430E - WATERSKIS.LV","description":"Laiva AMBER 430E. Dubultkorpuss. Transform\u0113jama no atp\u016btas laivas par mak\u0161\u0137ernieku sapni- ar platformu, \u0113rtu rot\u0113jo\u0161u kr\u0113slu un invent\u0101ra novietn\u0113m","robots":{"index":"index","follow":"follow","max-snippet":"max-snippet:-1","max-image-preview":"max-image-preview:large","max-video-preview":"max-video-preview:-1"},"canonical":"https:\/\/www.waterskis.lv\/ru\/product\/laiva-amber-430e\/","og_locale":"ru_RU","og_type":"article","og_title":"Laiva AMBER 430E","og_description":"Laiva \u2013 trasformerisLaivas dizains ir veidots t\u0101, ka laivas iek\u0161\u0113j\u0101 korpus\u0101 var ievietot un iz\u0146emt \u0101r\u0101 platformas da\u013cu un s\u0113dek\u013ca da\u013cu, t\u0101d\u0113j\u0101di laiva var p\u0101rtapt atp\u016btas laivas ar klasisko vid\u0113jo kr\u0113slu vai, saliekot iek\u0161\u0101 transform\u0113jam\u0101s deta\u013cas- laiva p\u0101rv\u0113r\u0161as mak\u0161\u0137er\u0113\u0161anas versij\u0101 ar platformu, rot\u0113jo\u0161o kr\u0113slu un daudz invent\u0101ra novietn\u0113m.Tehniskie parametri:Garums: 430 cmPlatums: 155 cmAugstums: 0,62 m (priek\u0161gal\u0101 0,72m)Svars: 150 kgCeltsp\u0113ja: 450 kgVietu skaits: 4Dzin\u0113js: l\u012bdz 30 z\/s","og_url":"https:\/\/www.waterskis.lv\/ru\/product\/laiva-amber-430e\/","og_site_name":"WATERSKIS.LV","article_publisher":"https:\/\/www.facebook.com\/jurmalawaterskiwakeboardpark\/","article_modified_time":"2026-02-03T14:25:25+00:00","og_image":[{"url":"https:\/\/www.waterskis.lv\/wp-content\/uploads\/2022\/10\/430E8-232x300.jpg","type":"","width":"","height":""}],"twitter_card":"summary_large_image","twitter_misc":{"\u041f\u0440\u0438\u043c\u0435\u0440\u043d\u043e\u0435 \u0432\u0440\u0435\u043c\u044f \u0434\u043b\u044f \u0447\u0442\u0435\u043d\u0438\u044f":"2 \u043c\u0438\u043d\u0443\u0442\u044b"},"schema":{"@context":"https:\/\/schema.org","@graph":[{"@type":"WebPage","@id":"https:\/\/www.waterskis.lv\/ru\/product\/laiva-amber-430e\/","url":"https:\/\/www.waterskis.lv\/ru\/product\/laiva-amber-430e\/","name":"Laiva AMBER 430E - WATERSKIS.LV","isPartOf":{"@id":"https:\/\/www.waterskis.lv\/ru\/#website"},"primaryImageOfPage":{"@id":"https:\/\/www.waterskis.lv\/ru\/product\/laiva-amber-430e\/#primaryimage"},"image":{"@id":"https:\/\/www.waterskis.lv\/ru\/product\/laiva-amber-430e\/#primaryimage"},"thumbnailUrl":"https:\/\/www.waterskis.lv\/wp-content\/uploads\/2022\/10\/430E.jpg","datePublished":"2022-10-29T13:52:21+00:00","dateModified":"2026-02-03T14:25:25+00:00","description":"Laiva AMBER 430E. Dubultkorpuss. Transform\u0113jama no atp\u016btas laivas par mak\u0161\u0137ernieku sapni- ar platformu, \u0113rtu rot\u0113jo\u0161u kr\u0113slu un invent\u0101ra novietn\u0113m","breadcrumb":{"@id":"https:\/\/www.waterskis.lv\/ru\/product\/laiva-amber-430e\/#breadcrumb"},"inLanguage":"ru-RU","potentialAction":[{"@type":"ReadAction","target":["https:\/\/www.waterskis.lv\/ru\/product\/laiva-amber-430e\/"]}]},{"@type":"ImageObject","inLanguage":"ru-RU","@id":"https:\/\/www.waterskis.lv\/ru\/product\/laiva-amber-430e\/#primaryimage","url":"https:\/\/www.waterskis.lv\/wp-content\/uploads\/2022\/10\/430E.jpg","contentUrl":"https:\/\/www.waterskis.lv\/wp-content\/uploads\/2022\/10\/430E.jpg","width":1200,"height":817,"caption":"Laiva AMBER 430E"},{"@type":"BreadcrumbList","@id":"https:\/\/www.waterskis.lv\/ru\/product\/laiva-amber-430e\/#breadcrumb","itemListElement":[{"@type":"ListItem","position":1,"name":"Home","item":"https:\/\/www.waterskis.lv\/ru\/"},{"@type":"ListItem","position":2,"name":"\u041c\u0430\u0433\u0430\u0437\u0438\u043d","item":"https:\/\/www.waterskis.lv\/ru\/%d0%bc%d0%b0%d0%b3%d0%b0%d0%b7%d0%b8%d0%bd\/"},{"@type":"ListItem","position":3,"name":"Laiva AMBER 430E"}]},{"@type":"WebSite","@id":"https:\/\/www.waterskis.lv\/ru\/#website","url":"https:\/\/www.waterskis.lv\/ru\/","name":"WATERSKIS.LV","description":"SUP d\u0113\u013ci, kajaki, kanoe, airu laivas, \u016bdenssl\u0113po\u0161ana, veikbords, SUP d\u0113\u013cu noma, kajaku nomaakt\u012bv\u0101s atp\u016btas centrs, laivu noma, sup noma, kajaku noma","publisher":{"@id":"https:\/\/www.waterskis.lv\/ru\/#organization"},"potentialAction":[{"@type":"SearchAction","target":{"@type":"EntryPoint","urlTemplate":"https:\/\/www.waterskis.lv\/ru\/?s={search_term_string}"},"query-input":{"@type":"PropertyValueSpecification","valueRequired":true,"valueName":"search_term_string"}}],"inLanguage":"ru-RU"},{"@type":"Organization","@id":"https:\/\/www.waterskis.lv\/ru\/#organization","name":"WATERSKIS.LV","url":"https:\/\/www.waterskis.lv\/ru\/","logo":{"@type":"ImageObject","inLanguage":"ru-RU","@id":"https:\/\/www.waterskis.lv\/ru\/#\/schema\/logo\/image\/","url":"https:\/\/www.waterskis.lv\/wp-content\/uploads\/2025\/01\/JUVP-logo.png","contentUrl":"https:\/\/www.waterskis.lv\/wp-content\/uploads\/2025\/01\/JUVP-logo.png","width":421,"height":202,"caption":"WATERSKIS.LV"},"image":{"@id":"https:\/\/www.waterskis.lv\/ru\/#\/schema\/logo\/image\/"},"sameAs":["https:\/\/www.facebook.com\/jurmalawaterskiwakeboardpark\/"]}]}},"_links":{"self":[{"href":"https:\/\/www.waterskis.lv\/ru\/wp-json\/wp\/v2\/product\/47502","targetHints":{"allow":["GET"]}}],"collection":[{"href":"https:\/\/www.waterskis.lv\/ru\/wp-json\/wp\/v2\/product"}],"about":[{"href":"https:\/\/www.waterskis.lv\/ru\/wp-json\/wp\/v2\/types\/product"}],"replies":[{"embeddable":true,"href":"https:\/\/www.waterskis.lv\/ru\/wp-json\/wp\/v2\/comments?post=47502"}],"wp:featuredmedia":[{"embeddable":true,"href":"https:\/\/www.waterskis.lv\/ru\/wp-json\/wp\/v2\/media\/47473"}],"wp:attachment":[{"href":"https:\/\/www.waterskis.lv\/ru\/wp-json\/wp\/v2\/media?parent=47502"}],"wp:term":[{"taxonomy":"product_brand","embeddable":true,"href":"https:\/\/www.waterskis.lv\/ru\/wp-json\/wp\/v2\/product_brand?post=47502"},{"taxonomy":"product_cat","embeddable":true,"href":"https:\/\/www.waterskis.lv\/ru\/wp-json\/wp\/v2\/product_cat?post=47502"},{"taxonomy":"product_tag","embeddable":true,"href":"https:\/\/www.waterskis.lv\/ru\/wp-json\/wp\/v2\/product_tag?post=47502"}],"curies":[{"name":"wp","href":"https:\/\/api.w.org\/{rel}","templated":true}]}}