{"id":47618,"date":"2022-10-31T17:42:12","date_gmt":"2022-10-31T14:42:12","guid":{"rendered":"https:\/\/www.waterskis.lv\/products\/buru-katamarans-hobie-cat-16-club\/"},"modified":"2022-10-31T20:09:07","modified_gmt":"2022-10-31T17:09:07","slug":"%d0%bf%d0%b0%d1%80%d1%83%d1%81%d0%bd%d1%8b%d0%b9-%d0%ba%d0%b0%d1%82%d0%b0%d0%bc%d0%b0%d1%80%d0%b0%d0%bd-hobie-cat-16-club","status":"publish","type":"product","link":"https:\/\/www.waterskis.lv\/ru\/product\/%d0%bf%d0%b0%d1%80%d1%83%d1%81%d0%bd%d1%8b%d0%b9-%d0%ba%d0%b0%d1%82%d0%b0%d0%bc%d0%b0%d1%80%d0%b0%d0%bd-hobie-cat-16-club\/","title":{"rendered":"\u041f\u0430\u0440\u0443\u0441\u043d\u044b\u0439 \u043a\u0430\u0442\u0430\u043c\u0430\u0440\u0430\u043d HOBIE CAT 16 club"},"content":{"rendered":"<p>\u041f\u0430\u0440\u0443\u0441\u043d\u044b\u0439 \u043a\u0430\u0442\u0430\u043c\u0430\u0440\u0430\u043d HOBIE CAT 16 club<\/p>\n<p>Hobie 16 \u043f\u0440\u043e\u0438\u0437\u0432\u0435\u043b \u0440\u0435\u0432\u043e\u043b\u044e\u0446\u0438\u044e \u0432 \u043c\u043d\u043e\u0433\u043e\u043a\u043e\u0440\u043f\u0443\u0441\u043d\u043e\u043c \u043f\u0430\u0440\u0443\u0441\u043d\u043e\u043c \u0441\u043f\u043e\u0440\u0442\u0435. Hobie 16 \u043f\u043e\u044f\u0432\u0438\u043b\u0441\u044f \u043d\u0430 \u043f\u043b\u044f\u0436\u0430\u0445 \u042e\u0436\u043d\u043e\u0439 \u041a\u0430\u043b\u0438\u0444\u043e\u0440\u043d\u0438\u0438 \u0432 1970 \u0433\u043e\u0434\u0443, \u0438 \u043f\u0430\u0440\u0443\u0441\u043d\u044b\u0439 \u0441\u043f\u043e\u0440\u0442 \u043c\u0433\u043d\u043e\u0432\u0435\u043d\u043d\u043e \u0438\u0437\u043c\u0435\u043d\u0438\u043b\u0441\u044f.<\/p>\n<p>\u0417\u0430\u043f\u0443\u0449\u0435\u043d\u043d\u044b\u0439 \u043d\u0430 \u043f\u043b\u044f\u0436 Hobie 16 \u043f\u0440\u0438\u043d\u0435\u0441 \u0441\u043f\u043e\u0440\u0442 \u043b\u0435\u0433\u0438\u043e\u043d\u0430\u043c \u043b\u044e\u0431\u044f\u0449\u0438\u0445 \u0441\u043a\u043e\u0440\u043e\u0441\u0442\u044c. \u041b\u0435\u0433\u043a\u0438\u0439, \u0430\u0441\u0438\u043c\u043c\u0435\u0442\u0440\u0438\u0447\u043d\u044b\u0439 \u043a\u043e\u0440\u043f\u0443\u0441 \u043a\u0430\u0442\u0430\u043c\u0430\u0440\u0430\u043d\u0430 \u0438\u0437 \u0441\u0442\u0435\u043a\u043b\u043e\u0432\u043e\u043b\u043e\u043a\u043d\u0430 \u043e\u0431\u0435\u0441\u043f\u0435\u0447\u0438\u0432\u0430\u0435\u0442 \u043f\u043e\u0434\u044a\u0435\u043c\u043d\u0443\u044e \u0441\u0438\u043b\u0443, \u0430 \u0435\u0433\u043e \u0434\u0432\u043e\u0439\u043d\u0430\u044f \u0442\u0440\u0430\u043f\u0435\u0446\u0438\u044f \u043f\u043e\u0437\u0432\u043e\u043b\u044f\u0435\u0442 \u0432\u0430\u043c \u0438 \u0447\u043b\u0435\u043d\u0443 \u0432\u0430\u0448\u0435\u0439 \u043a\u043e\u043c\u0430\u043d\u0434\u044b \u0438\u0441\u043f\u043e\u043b\u044c\u0437\u043e\u0432\u0430\u0442\u044c \u0435\u0433\u043e \u043c\u043e\u0449\u044c. 45 \u043b\u0435\u0442 \u0438 \u0431\u043e\u043b\u0435\u0435 100 000 \u043b\u043e\u0434\u043e\u043a, Hobie 16 \u0437\u0430\u043d\u0438\u043c\u0430\u0435\u0442 \u0436\u0435\u043b\u0430\u043d\u043d\u043e\u0435 \u043c\u0435\u0441\u0442\u043e \u0432 \u0417\u0430\u043b\u0435 \u0441\u043b\u0430\u0432\u044b \u043f\u0430\u0440\u0443\u0441\u043d\u0438\u043a\u043e\u0432 \u0438 \u043d\u0435\u0438\u0437\u043c\u0435\u043d\u043d\u043e \u043e\u0431\u0435\u0441\u043f\u0435\u0447\u0438\u0432\u0430\u0435\u0442 \u0432\u0435\u043b\u0438\u043a\u043e\u043b\u0435\u043f\u043d\u044b\u0439 \u043f\u0430\u0440\u0443\u0441\u043d\u044b\u0439 \u0441\u043f\u043e\u0440\u0442 \u0438 \u0433\u043e\u043d\u043a\u0438 \u043c\u0438\u0440\u043e\u0432\u043e\u0433\u043e \u043a\u043b\u0430\u0441\u0441\u0430. \u041b\u0435\u0442\u0430\u0439\u0442\u0435 \u043d\u0430 HOBIE, \u0438 \u0432\u044b \u043f\u043e\u0439\u043c\u0435\u0442\u0435 \u043c\u0438\u0440\u043e\u0432\u0443\u044e \u043e\u0434\u0435\u0440\u0436\u0438\u043c\u043e\u0441\u0442\u044c!<\/p>\n<p>Manuals, instructions and other documentation:\u00a0<a href=\"https:\/\/www.hobie.com\/support\/hobie-16\/\">link here<\/a><\/p>\n<h3 id=\"table-data\" class=\"page-product-heading\">DATA SHEET<\/h3>\n<table class=\"block_content2 table-data-sheet\">\n<tbody>\n<tr class=\"odd\">\n<td>Type<\/td>\n<td>Sailing catamaran<\/td>\n<\/tr>\n<tr class=\"even\">\n<td>Length<\/td>\n<td>511 cm<\/td>\n<\/tr>\n<tr class=\"odd\">\n<td>Width<\/td>\n<td>241 cm<\/td>\n<\/tr>\n<tr class=\"even\">\n<td>Weight<\/td>\n<td>145 kg<\/td>\n<\/tr>\n<tr class=\"odd\">\n<td>Material<\/td>\n<td>Sandwich polyester (Glassfiber)<\/td>\n<\/tr>\n<tr class=\"even\">\n<td>Number of persons<\/td>\n<td>2-3<\/td>\n<\/tr>\n<tr class=\"odd\">\n<td>Max capacity<\/td>\n<td>240 kg<\/td>\n<\/tr>\n<tr class=\"even\">\n<td>Mast length<\/td>\n<td>792 cm<\/td>\n<\/tr>\n<tr class=\"odd\">\n<td>Sail area<\/td>\n<td>13,77 m2<\/td>\n<\/tr>\n<tr class=\"even\">\n<td>Jib sail area<\/td>\n<td>5,12 m2<\/td>\n<\/tr>\n<tr class=\"odd\">\n<td>Spinnaker sail area (optional)<\/td>\n<td>17,5 m2<\/td>\n<\/tr>\n<tr class=\"even\">\n<td>Certificate<\/td>\n<td>CE<\/td>\n<\/tr>\n<tr class=\"odd\">\n<td>Category<\/td>\n<td>C<\/td>\n<\/tr>\n<tr class=\"even\">\n<td>Country of origin<\/td>\n<td>USA<\/td>\n<\/tr>\n<\/tbody>\n<\/table>\n<p>Color: Tortola, Cayman<\/p>\n","protected":false},"excerpt":{"rendered":"<p>Hobie 16 \u043f\u0440\u043e\u0438\u0437\u0432\u0435\u043b \u0440\u0435\u0432\u043e\u043b\u044e\u0446\u0438\u044e \u0432 \u043c\u043d\u043e\u0433\u043e\u043a\u043e\u0440\u043f\u0443\u0441\u043d\u043e\u043c \u043f\u0430\u0440\u0443\u0441\u043d\u043e\u043c \u0441\u043f\u043e\u0440\u0442\u0435. Hobie 16 \u043f\u043e\u044f\u0432\u0438\u043b\u0441\u044f \u043d\u0430 \u043f\u043b\u044f\u0436\u0430\u0445 \u042e\u0436\u043d\u043e\u0439 \u041a\u0430\u043b\u0438\u0444\u043e\u0440\u043d\u0438\u0438 \u0432 1970 \u0433\u043e\u0434\u0443, \u0438 \u043f\u0430\u0440\u0443\u0441\u043d\u044b\u0439 \u0441\u043f\u043e\u0440\u0442 \u043c\u0433\u043d\u043e\u0432\u0435\u043d\u043d\u043e \u0438\u0437\u043c\u0435\u043d\u0438\u043b\u0441\u044f. [&#8230;]<\/p>\n<p><a class=\"btn btn-secondary understrap-read-more-link\" href=\"https:\/\/www.waterskis.lv\/ru\/product\/%d0%bf%d0%b0%d1%80%d1%83%d1%81%d0%bd%d1%8b%d0%b9-%d0%ba%d0%b0%d1%82%d0%b0%d0%bc%d0%b0%d1%80%d0%b0%d0%bd-hobie-cat-16-club\/\">\u0427\u0438\u0442\u0430\u0442\u044c \u0434\u0430\u043b\u044c\u0448\u0435\u2026<\/a><\/p>\n","protected":false},"featured_media":47579,"comment_status":"closed","ping_status":"closed","template":"","meta":{"_acf_changed":false,"inline_featured_image":false},"product_brand":[],"product_cat":[1052],"product_tag":[],"class_list":{"0":"post-47618","1":"product","2":"type-product","3":"status-publish","4":"has-post-thumbnail","6":"product_cat-1052","8":"first","9":"instock","10":"shipping-taxable","11":"purchasable","12":"product-type-simple"},"acf":[],"yoast_head":"<!-- This site is optimized with the Yoast SEO plugin v27.2 - https:\/\/yoast.com\/product\/yoast-seo-wordpress\/ -->\n<title>\u041f\u0430\u0440\u0443\u0441\u043d\u044b\u0439 \u043a\u0430\u0442\u0430\u043c\u0430\u0440\u0430\u043d HOBIE CAT 16 club - WATERSKIS.LV<\/title>\n<meta name=\"description\" content=\"\u041f\u0430\u0440\u0443\u0441\u043d\u044b\u0439 \u043a\u0430\u0442\u0430\u043c\u0430\u0440\u0430\u043d HOBIE CAT 16 club. Hobie 16 \u043f\u0440\u043e\u0438\u0437\u0432\u0435\u043b \u0440\u0435\u0432\u043e\u043b\u044e\u0446\u0438\u044e \u0432 \u043c\u043d\u043e\u0433\u043e\u043a\u043e\u0440\u043f\u0443\u0441\u043d\u043e\u043c \u043f\u0430\u0440\u0443\u0441\u043d\u043e\u043c \u0441\u043f\u043e\u0440\u0442\u0435. \u0421\u0442\u0440\u0430\u043d\u0430 \u043f\u0440\u043e\u0438\u0441\u0445\u043e\u0436\u0434\u0435\u043d\u0438\u044f \u0421\u0428\u0410\" \/>\n<meta name=\"robots\" content=\"index, follow, max-snippet:-1, max-image-preview:large, max-video-preview:-1\" \/>\n<link rel=\"canonical\" href=\"https:\/\/www.waterskis.lv\/ru\/product\/%d0%bf%d0%b0%d1%80%d1%83%d1%81%d0%bd%d1%8b%d0%b9-%d0%ba%d0%b0%d1%82%d0%b0%d0%bc%d0%b0%d1%80%d0%b0%d0%bd-hobie-cat-16-club\/\" \/>\n<meta property=\"og:locale\" content=\"ru_RU\" \/>\n<meta property=\"og:type\" content=\"article\" \/>\n<meta property=\"og:title\" content=\"\u041f\u0430\u0440\u0443\u0441\u043d\u044b\u0439 \u043a\u0430\u0442\u0430\u043c\u0430\u0440\u0430\u043d HOBIE CAT 16 club - WATERSKIS.LV\" \/>\n<meta property=\"og:description\" content=\"\u041f\u0430\u0440\u0443\u0441\u043d\u044b\u0439 \u043a\u0430\u0442\u0430\u043c\u0430\u0440\u0430\u043d HOBIE CAT 16 club. Hobie 16 \u043f\u0440\u043e\u0438\u0437\u0432\u0435\u043b \u0440\u0435\u0432\u043e\u043b\u044e\u0446\u0438\u044e \u0432 \u043c\u043d\u043e\u0433\u043e\u043a\u043e\u0440\u043f\u0443\u0441\u043d\u043e\u043c \u043f\u0430\u0440\u0443\u0441\u043d\u043e\u043c \u0441\u043f\u043e\u0440\u0442\u0435. \u0421\u0442\u0440\u0430\u043d\u0430 \u043f\u0440\u043e\u0438\u0441\u0445\u043e\u0436\u0434\u0435\u043d\u0438\u044f \u0421\u0428\u0410\" \/>\n<meta property=\"og:url\" content=\"https:\/\/www.waterskis.lv\/ru\/product\/%d0%bf%d0%b0%d1%80%d1%83%d1%81%d0%bd%d1%8b%d0%b9-%d0%ba%d0%b0%d1%82%d0%b0%d0%bc%d0%b0%d1%80%d0%b0%d0%bd-hobie-cat-16-club\/\" \/>\n<meta property=\"og:site_name\" content=\"WATERSKIS.LV\" \/>\n<meta property=\"article:publisher\" content=\"https:\/\/www.facebook.com\/jurmalawaterskiwakeboardpark\/\" \/>\n<meta property=\"article:modified_time\" content=\"2022-10-31T17:09:07+00:00\" \/>\n<meta property=\"og:image\" content=\"https:\/\/www.waterskis.lv\/wp-content\/uploads\/2022\/10\/sailing-catamaran-hobie-cat-16-club.jpg\" \/>\n\t<meta property=\"og:image:width\" content=\"1000\" \/>\n\t<meta property=\"og:image:height\" content=\"1000\" \/>\n\t<meta property=\"og:image:type\" content=\"image\/jpeg\" \/>\n<meta name=\"twitter:card\" content=\"summary_large_image\" \/>\n<meta name=\"twitter:label1\" content=\"\u041f\u0440\u0438\u043c\u0435\u0440\u043d\u043e\u0435 \u0432\u0440\u0435\u043c\u044f \u0434\u043b\u044f \u0447\u0442\u0435\u043d\u0438\u044f\" \/>\n\t<meta name=\"twitter:data1\" content=\"1 \u043c\u0438\u043d\u0443\u0442\u0430\" \/>\n<script type=\"application\/ld+json\" class=\"yoast-schema-graph\">{\"@context\":\"https:\/\/schema.org\",\"@graph\":[{\"@type\":\"WebPage\",\"@id\":\"https:\/\/www.waterskis.lv\/ru\/product\/%d0%bf%d0%b0%d1%80%d1%83%d1%81%d0%bd%d1%8b%d0%b9-%d0%ba%d0%b0%d1%82%d0%b0%d0%bc%d0%b0%d1%80%d0%b0%d0%bd-hobie-cat-16-club\/\",\"url\":\"https:\/\/www.waterskis.lv\/ru\/product\/%d0%bf%d0%b0%d1%80%d1%83%d1%81%d0%bd%d1%8b%d0%b9-%d0%ba%d0%b0%d1%82%d0%b0%d0%bc%d0%b0%d1%80%d0%b0%d0%bd-hobie-cat-16-club\/\",\"name\":\"\u041f\u0430\u0440\u0443\u0441\u043d\u044b\u0439 \u043a\u0430\u0442\u0430\u043c\u0430\u0440\u0430\u043d HOBIE CAT 16 club - WATERSKIS.LV\",\"isPartOf\":{\"@id\":\"https:\/\/www.waterskis.lv\/ru\/#website\"},\"primaryImageOfPage\":{\"@id\":\"https:\/\/www.waterskis.lv\/ru\/product\/%d0%bf%d0%b0%d1%80%d1%83%d1%81%d0%bd%d1%8b%d0%b9-%d0%ba%d0%b0%d1%82%d0%b0%d0%bc%d0%b0%d1%80%d0%b0%d0%bd-hobie-cat-16-club\/#primaryimage\"},\"image\":{\"@id\":\"https:\/\/www.waterskis.lv\/ru\/product\/%d0%bf%d0%b0%d1%80%d1%83%d1%81%d0%bd%d1%8b%d0%b9-%d0%ba%d0%b0%d1%82%d0%b0%d0%bc%d0%b0%d1%80%d0%b0%d0%bd-hobie-cat-16-club\/#primaryimage\"},\"thumbnailUrl\":\"https:\/\/www.waterskis.lv\/wp-content\/uploads\/2022\/10\/sailing-catamaran-hobie-cat-16-club.jpg\",\"datePublished\":\"2022-10-31T14:42:12+00:00\",\"dateModified\":\"2022-10-31T17:09:07+00:00\",\"description\":\"\u041f\u0430\u0440\u0443\u0441\u043d\u044b\u0439 \u043a\u0430\u0442\u0430\u043c\u0430\u0440\u0430\u043d HOBIE CAT 16 club. Hobie 16 \u043f\u0440\u043e\u0438\u0437\u0432\u0435\u043b \u0440\u0435\u0432\u043e\u043b\u044e\u0446\u0438\u044e \u0432 \u043c\u043d\u043e\u0433\u043e\u043a\u043e\u0440\u043f\u0443\u0441\u043d\u043e\u043c \u043f\u0430\u0440\u0443\u0441\u043d\u043e\u043c \u0441\u043f\u043e\u0440\u0442\u0435. \u0421\u0442\u0440\u0430\u043d\u0430 \u043f\u0440\u043e\u0438\u0441\u0445\u043e\u0436\u0434\u0435\u043d\u0438\u044f \u0421\u0428\u0410\",\"breadcrumb\":{\"@id\":\"https:\/\/www.waterskis.lv\/ru\/product\/%d0%bf%d0%b0%d1%80%d1%83%d1%81%d0%bd%d1%8b%d0%b9-%d0%ba%d0%b0%d1%82%d0%b0%d0%bc%d0%b0%d1%80%d0%b0%d0%bd-hobie-cat-16-club\/#breadcrumb\"},\"inLanguage\":\"ru-RU\",\"potentialAction\":[{\"@type\":\"ReadAction\",\"target\":[\"https:\/\/www.waterskis.lv\/ru\/product\/%d0%bf%d0%b0%d1%80%d1%83%d1%81%d0%bd%d1%8b%d0%b9-%d0%ba%d0%b0%d1%82%d0%b0%d0%bc%d0%b0%d1%80%d0%b0%d0%bd-hobie-cat-16-club\/\"]}]},{\"@type\":\"ImageObject\",\"inLanguage\":\"ru-RU\",\"@id\":\"https:\/\/www.waterskis.lv\/ru\/product\/%d0%bf%d0%b0%d1%80%d1%83%d1%81%d0%bd%d1%8b%d0%b9-%d0%ba%d0%b0%d1%82%d0%b0%d0%bc%d0%b0%d1%80%d0%b0%d0%bd-hobie-cat-16-club\/#primaryimage\",\"url\":\"https:\/\/www.waterskis.lv\/wp-content\/uploads\/2022\/10\/sailing-catamaran-hobie-cat-16-club.jpg\",\"contentUrl\":\"https:\/\/www.waterskis.lv\/wp-content\/uploads\/2022\/10\/sailing-catamaran-hobie-cat-16-club.jpg\",\"width\":1000,\"height\":1000,\"caption\":\"Buru katamar\u0101ns HOBIE CAT 16 club\"},{\"@type\":\"BreadcrumbList\",\"@id\":\"https:\/\/www.waterskis.lv\/ru\/product\/%d0%bf%d0%b0%d1%80%d1%83%d1%81%d0%bd%d1%8b%d0%b9-%d0%ba%d0%b0%d1%82%d0%b0%d0%bc%d0%b0%d1%80%d0%b0%d0%bd-hobie-cat-16-club\/#breadcrumb\",\"itemListElement\":[{\"@type\":\"ListItem\",\"position\":1,\"name\":\"Home\",\"item\":\"https:\/\/www.waterskis.lv\/ru\/\"},{\"@type\":\"ListItem\",\"position\":2,\"name\":\"\u041c\u0430\u0433\u0430\u0437\u0438\u043d\",\"item\":\"https:\/\/www.waterskis.lv\/ru\/%d0%bc%d0%b0%d0%b3%d0%b0%d0%b7%d0%b8%d0%bd\/\"},{\"@type\":\"ListItem\",\"position\":3,\"name\":\"\u041f\u0430\u0440\u0443\u0441\u043d\u044b\u0439 \u043a\u0430\u0442\u0430\u043c\u0430\u0440\u0430\u043d HOBIE CAT 16 club\"}]},{\"@type\":\"WebSite\",\"@id\":\"https:\/\/www.waterskis.lv\/ru\/#website\",\"url\":\"https:\/\/www.waterskis.lv\/ru\/\",\"name\":\"WATERSKIS.LV\",\"description\":\"SUP d\u0113\u013ci, kajaki, kanoe, airu laivas, \u016bdenssl\u0113po\u0161ana, veikbords, SUP d\u0113\u013cu noma, kajaku nomaakt\u012bv\u0101s atp\u016btas centrs, laivu noma, sup noma, kajaku noma\",\"publisher\":{\"@id\":\"https:\/\/www.waterskis.lv\/ru\/#organization\"},\"potentialAction\":[{\"@type\":\"SearchAction\",\"target\":{\"@type\":\"EntryPoint\",\"urlTemplate\":\"https:\/\/www.waterskis.lv\/ru\/?s={search_term_string}\"},\"query-input\":{\"@type\":\"PropertyValueSpecification\",\"valueRequired\":true,\"valueName\":\"search_term_string\"}}],\"inLanguage\":\"ru-RU\"},{\"@type\":\"Organization\",\"@id\":\"https:\/\/www.waterskis.lv\/ru\/#organization\",\"name\":\"WATERSKIS.LV\",\"url\":\"https:\/\/www.waterskis.lv\/ru\/\",\"logo\":{\"@type\":\"ImageObject\",\"inLanguage\":\"ru-RU\",\"@id\":\"https:\/\/www.waterskis.lv\/ru\/#\/schema\/logo\/image\/\",\"url\":\"https:\/\/www.waterskis.lv\/wp-content\/uploads\/2025\/01\/JUVP-logo.png\",\"contentUrl\":\"https:\/\/www.waterskis.lv\/wp-content\/uploads\/2025\/01\/JUVP-logo.png\",\"width\":421,\"height\":202,\"caption\":\"WATERSKIS.LV\"},\"image\":{\"@id\":\"https:\/\/www.waterskis.lv\/ru\/#\/schema\/logo\/image\/\"},\"sameAs\":[\"https:\/\/www.facebook.com\/jurmalawaterskiwakeboardpark\/\"]}]}<\/script>\n<!-- \/ Yoast SEO plugin. -->","yoast_head_json":{"title":"\u041f\u0430\u0440\u0443\u0441\u043d\u044b\u0439 \u043a\u0430\u0442\u0430\u043c\u0430\u0440\u0430\u043d HOBIE CAT 16 club - WATERSKIS.LV","description":"\u041f\u0430\u0440\u0443\u0441\u043d\u044b\u0439 \u043a\u0430\u0442\u0430\u043c\u0430\u0440\u0430\u043d HOBIE CAT 16 club. Hobie 16 \u043f\u0440\u043e\u0438\u0437\u0432\u0435\u043b \u0440\u0435\u0432\u043e\u043b\u044e\u0446\u0438\u044e \u0432 \u043c\u043d\u043e\u0433\u043e\u043a\u043e\u0440\u043f\u0443\u0441\u043d\u043e\u043c \u043f\u0430\u0440\u0443\u0441\u043d\u043e\u043c \u0441\u043f\u043e\u0440\u0442\u0435. \u0421\u0442\u0440\u0430\u043d\u0430 \u043f\u0440\u043e\u0438\u0441\u0445\u043e\u0436\u0434\u0435\u043d\u0438\u044f \u0421\u0428\u0410","robots":{"index":"index","follow":"follow","max-snippet":"max-snippet:-1","max-image-preview":"max-image-preview:large","max-video-preview":"max-video-preview:-1"},"canonical":"https:\/\/www.waterskis.lv\/ru\/product\/%d0%bf%d0%b0%d1%80%d1%83%d1%81%d0%bd%d1%8b%d0%b9-%d0%ba%d0%b0%d1%82%d0%b0%d0%bc%d0%b0%d1%80%d0%b0%d0%bd-hobie-cat-16-club\/","og_locale":"ru_RU","og_type":"article","og_title":"\u041f\u0430\u0440\u0443\u0441\u043d\u044b\u0439 \u043a\u0430\u0442\u0430\u043c\u0430\u0440\u0430\u043d HOBIE CAT 16 club - WATERSKIS.LV","og_description":"\u041f\u0430\u0440\u0443\u0441\u043d\u044b\u0439 \u043a\u0430\u0442\u0430\u043c\u0430\u0440\u0430\u043d HOBIE CAT 16 club. Hobie 16 \u043f\u0440\u043e\u0438\u0437\u0432\u0435\u043b \u0440\u0435\u0432\u043e\u043b\u044e\u0446\u0438\u044e \u0432 \u043c\u043d\u043e\u0433\u043e\u043a\u043e\u0440\u043f\u0443\u0441\u043d\u043e\u043c \u043f\u0430\u0440\u0443\u0441\u043d\u043e\u043c \u0441\u043f\u043e\u0440\u0442\u0435. \u0421\u0442\u0440\u0430\u043d\u0430 \u043f\u0440\u043e\u0438\u0441\u0445\u043e\u0436\u0434\u0435\u043d\u0438\u044f \u0421\u0428\u0410","og_url":"https:\/\/www.waterskis.lv\/ru\/product\/%d0%bf%d0%b0%d1%80%d1%83%d1%81%d0%bd%d1%8b%d0%b9-%d0%ba%d0%b0%d1%82%d0%b0%d0%bc%d0%b0%d1%80%d0%b0%d0%bd-hobie-cat-16-club\/","og_site_name":"WATERSKIS.LV","article_publisher":"https:\/\/www.facebook.com\/jurmalawaterskiwakeboardpark\/","article_modified_time":"2022-10-31T17:09:07+00:00","og_image":[{"width":1000,"height":1000,"url":"https:\/\/www.waterskis.lv\/wp-content\/uploads\/2022\/10\/sailing-catamaran-hobie-cat-16-club.jpg","type":"image\/jpeg"}],"twitter_card":"summary_large_image","twitter_misc":{"\u041f\u0440\u0438\u043c\u0435\u0440\u043d\u043e\u0435 \u0432\u0440\u0435\u043c\u044f \u0434\u043b\u044f \u0447\u0442\u0435\u043d\u0438\u044f":"1 \u043c\u0438\u043d\u0443\u0442\u0430"},"schema":{"@context":"https:\/\/schema.org","@graph":[{"@type":"WebPage","@id":"https:\/\/www.waterskis.lv\/ru\/product\/%d0%bf%d0%b0%d1%80%d1%83%d1%81%d0%bd%d1%8b%d0%b9-%d0%ba%d0%b0%d1%82%d0%b0%d0%bc%d0%b0%d1%80%d0%b0%d0%bd-hobie-cat-16-club\/","url":"https:\/\/www.waterskis.lv\/ru\/product\/%d0%bf%d0%b0%d1%80%d1%83%d1%81%d0%bd%d1%8b%d0%b9-%d0%ba%d0%b0%d1%82%d0%b0%d0%bc%d0%b0%d1%80%d0%b0%d0%bd-hobie-cat-16-club\/","name":"\u041f\u0430\u0440\u0443\u0441\u043d\u044b\u0439 \u043a\u0430\u0442\u0430\u043c\u0430\u0440\u0430\u043d HOBIE CAT 16 club - WATERSKIS.LV","isPartOf":{"@id":"https:\/\/www.waterskis.lv\/ru\/#website"},"primaryImageOfPage":{"@id":"https:\/\/www.waterskis.lv\/ru\/product\/%d0%bf%d0%b0%d1%80%d1%83%d1%81%d0%bd%d1%8b%d0%b9-%d0%ba%d0%b0%d1%82%d0%b0%d0%bc%d0%b0%d1%80%d0%b0%d0%bd-hobie-cat-16-club\/#primaryimage"},"image":{"@id":"https:\/\/www.waterskis.lv\/ru\/product\/%d0%bf%d0%b0%d1%80%d1%83%d1%81%d0%bd%d1%8b%d0%b9-%d0%ba%d0%b0%d1%82%d0%b0%d0%bc%d0%b0%d1%80%d0%b0%d0%bd-hobie-cat-16-club\/#primaryimage"},"thumbnailUrl":"https:\/\/www.waterskis.lv\/wp-content\/uploads\/2022\/10\/sailing-catamaran-hobie-cat-16-club.jpg","datePublished":"2022-10-31T14:42:12+00:00","dateModified":"2022-10-31T17:09:07+00:00","description":"\u041f\u0430\u0440\u0443\u0441\u043d\u044b\u0439 \u043a\u0430\u0442\u0430\u043c\u0430\u0440\u0430\u043d HOBIE CAT 16 club. Hobie 16 \u043f\u0440\u043e\u0438\u0437\u0432\u0435\u043b \u0440\u0435\u0432\u043e\u043b\u044e\u0446\u0438\u044e \u0432 \u043c\u043d\u043e\u0433\u043e\u043a\u043e\u0440\u043f\u0443\u0441\u043d\u043e\u043c \u043f\u0430\u0440\u0443\u0441\u043d\u043e\u043c \u0441\u043f\u043e\u0440\u0442\u0435. \u0421\u0442\u0440\u0430\u043d\u0430 \u043f\u0440\u043e\u0438\u0441\u0445\u043e\u0436\u0434\u0435\u043d\u0438\u044f \u0421\u0428\u0410","breadcrumb":{"@id":"https:\/\/www.waterskis.lv\/ru\/product\/%d0%bf%d0%b0%d1%80%d1%83%d1%81%d0%bd%d1%8b%d0%b9-%d0%ba%d0%b0%d1%82%d0%b0%d0%bc%d0%b0%d1%80%d0%b0%d0%bd-hobie-cat-16-club\/#breadcrumb"},"inLanguage":"ru-RU","potentialAction":[{"@type":"ReadAction","target":["https:\/\/www.waterskis.lv\/ru\/product\/%d0%bf%d0%b0%d1%80%d1%83%d1%81%d0%bd%d1%8b%d0%b9-%d0%ba%d0%b0%d1%82%d0%b0%d0%bc%d0%b0%d1%80%d0%b0%d0%bd-hobie-cat-16-club\/"]}]},{"@type":"ImageObject","inLanguage":"ru-RU","@id":"https:\/\/www.waterskis.lv\/ru\/product\/%d0%bf%d0%b0%d1%80%d1%83%d1%81%d0%bd%d1%8b%d0%b9-%d0%ba%d0%b0%d1%82%d0%b0%d0%bc%d0%b0%d1%80%d0%b0%d0%bd-hobie-cat-16-club\/#primaryimage","url":"https:\/\/www.waterskis.lv\/wp-content\/uploads\/2022\/10\/sailing-catamaran-hobie-cat-16-club.jpg","contentUrl":"https:\/\/www.waterskis.lv\/wp-content\/uploads\/2022\/10\/sailing-catamaran-hobie-cat-16-club.jpg","width":1000,"height":1000,"caption":"Buru katamar\u0101ns HOBIE CAT 16 club"},{"@type":"BreadcrumbList","@id":"https:\/\/www.waterskis.lv\/ru\/product\/%d0%bf%d0%b0%d1%80%d1%83%d1%81%d0%bd%d1%8b%d0%b9-%d0%ba%d0%b0%d1%82%d0%b0%d0%bc%d0%b0%d1%80%d0%b0%d0%bd-hobie-cat-16-club\/#breadcrumb","itemListElement":[{"@type":"ListItem","position":1,"name":"Home","item":"https:\/\/www.waterskis.lv\/ru\/"},{"@type":"ListItem","position":2,"name":"\u041c\u0430\u0433\u0430\u0437\u0438\u043d","item":"https:\/\/www.waterskis.lv\/ru\/%d0%bc%d0%b0%d0%b3%d0%b0%d0%b7%d0%b8%d0%bd\/"},{"@type":"ListItem","position":3,"name":"\u041f\u0430\u0440\u0443\u0441\u043d\u044b\u0439 \u043a\u0430\u0442\u0430\u043c\u0430\u0440\u0430\u043d HOBIE CAT 16 club"}]},{"@type":"WebSite","@id":"https:\/\/www.waterskis.lv\/ru\/#website","url":"https:\/\/www.waterskis.lv\/ru\/","name":"WATERSKIS.LV","description":"SUP d\u0113\u013ci, kajaki, kanoe, airu laivas, \u016bdenssl\u0113po\u0161ana, veikbords, SUP d\u0113\u013cu noma, kajaku nomaakt\u012bv\u0101s atp\u016btas centrs, laivu noma, sup noma, kajaku noma","publisher":{"@id":"https:\/\/www.waterskis.lv\/ru\/#organization"},"potentialAction":[{"@type":"SearchAction","target":{"@type":"EntryPoint","urlTemplate":"https:\/\/www.waterskis.lv\/ru\/?s={search_term_string}"},"query-input":{"@type":"PropertyValueSpecification","valueRequired":true,"valueName":"search_term_string"}}],"inLanguage":"ru-RU"},{"@type":"Organization","@id":"https:\/\/www.waterskis.lv\/ru\/#organization","name":"WATERSKIS.LV","url":"https:\/\/www.waterskis.lv\/ru\/","logo":{"@type":"ImageObject","inLanguage":"ru-RU","@id":"https:\/\/www.waterskis.lv\/ru\/#\/schema\/logo\/image\/","url":"https:\/\/www.waterskis.lv\/wp-content\/uploads\/2025\/01\/JUVP-logo.png","contentUrl":"https:\/\/www.waterskis.lv\/wp-content\/uploads\/2025\/01\/JUVP-logo.png","width":421,"height":202,"caption":"WATERSKIS.LV"},"image":{"@id":"https:\/\/www.waterskis.lv\/ru\/#\/schema\/logo\/image\/"},"sameAs":["https:\/\/www.facebook.com\/jurmalawaterskiwakeboardpark\/"]}]}},"_links":{"self":[{"href":"https:\/\/www.waterskis.lv\/ru\/wp-json\/wp\/v2\/product\/47618","targetHints":{"allow":["GET"]}}],"collection":[{"href":"https:\/\/www.waterskis.lv\/ru\/wp-json\/wp\/v2\/product"}],"about":[{"href":"https:\/\/www.waterskis.lv\/ru\/wp-json\/wp\/v2\/types\/product"}],"replies":[{"embeddable":true,"href":"https:\/\/www.waterskis.lv\/ru\/wp-json\/wp\/v2\/comments?post=47618"}],"wp:featuredmedia":[{"embeddable":true,"href":"https:\/\/www.waterskis.lv\/ru\/wp-json\/wp\/v2\/media\/47579"}],"wp:attachment":[{"href":"https:\/\/www.waterskis.lv\/ru\/wp-json\/wp\/v2\/media?parent=47618"}],"wp:term":[{"taxonomy":"product_brand","embeddable":true,"href":"https:\/\/www.waterskis.lv\/ru\/wp-json\/wp\/v2\/product_brand?post=47618"},{"taxonomy":"product_cat","embeddable":true,"href":"https:\/\/www.waterskis.lv\/ru\/wp-json\/wp\/v2\/product_cat?post=47618"},{"taxonomy":"product_tag","embeddable":true,"href":"https:\/\/www.waterskis.lv\/ru\/wp-json\/wp\/v2\/product_tag?post=47618"}],"curies":[{"name":"wp","href":"https:\/\/api.w.org\/{rel}","templated":true}]}}